{"id":691,"date":"2022-06-30T04:58:15","date_gmt":"2022-06-30T02:58:15","guid":{"rendered":"https:\/\/elpatronvintage.com\/?post_type=product&#038;p=691"},"modified":"2025-12-23T16:00:33","modified_gmt":"2025-12-23T14:00:33","slug":"mix-levis","status":"publish","type":"product","link":"https:\/\/elpatronvintage.com\/it\/prodotto\/mix-levis\/","title":{"rendered":"Levi's MIX"},"content":{"rendered":"","protected":false},"excerpt":{"rendered":"<p><strong>Pantaloni Levi's<\/strong><\/p>\n<p>Un sacco di<strong> Pantaloni Levi's<\/strong>un capo senza tempo <strong>di fama mondiale<\/strong>. In questi lotti di <strong>Modelli MIX<\/strong> troviamo un'ampia variet\u00e0 di tagli e stili, <strong>dai classici<\/strong> a <strong>modelli pi\u00f9 contemporanei<\/strong>sempre con la garanzia della <strong>Qualit\u00e0 Levis<\/strong>. Con il suo\u00a0<strong>design iconico<\/strong>\u00a0e materiali di\u00a0<strong>alta qualit\u00e0<\/strong>I pantaloni Levi's non passano mai di moda e sono adatti a tutti gli stili.<\/p>\n<p>Pezzi classificati uno per uno per offrire la<strong> massima qualit\u00e0 nei nostri lotti<\/strong>.<\/p>\n<p><strong>Marche<\/strong>: Levi's<\/p>\n<p><strong>Marche:<\/strong> Levi's (vari modelli).<\/p>\n<p><strong>Taglie:<\/strong> w26 - w44 (Vari)<\/p>\n<p><strong>Rivendita: 20\u20ac-50\u20ac per unit\u00e0.<\/strong><\/p>\n<p><strong>QUALIT\u00c0 A<\/strong><\/p>\n<p><strong>ORDINE MINIMO - 25 PEZZI<\/strong><\/p>\n<p><strong>SPEDIZIONE GRATUITA 24\/48H IN TUTTA LA SPAGNA<\/strong><\/p>\n<p><strong>SPEDIZIONI IN 48\/72 ORE IN TUTTA EUROPA<\/strong><\/p>","protected":false},"featured_media":4107,"comment_status":"open","ping_status":"closed","template":"","meta":[],"product_brand":[],"product_cat":[241,27,221,16],"product_tag":[],"class_list":{"0":"post-691","1":"product","2":"type-product","3":"status-publish","4":"has-post-thumbnail","6":"product_cat-lvs","7":"product_cat-jeans","8":"product_cat-marcas","9":"product_cat-allproducts","11":"first","12":"instock","13":"taxable","14":"shipping-taxable","15":"purchasable","16":"product-type-simple"},"yoast_head":"<!-- This site is optimized with the Yoast SEO plugin v26.8 - https:\/\/yoast.com\/product\/yoast-seo-wordpress\/ -->\n<title>Levi&#039;s MIX - elpatronvintage.com<\/title>\n<meta name=\"robots\" content=\"index, follow, max-snippet:-1, max-image-preview:large, max-video-preview:-1\" \/>\n<link rel=\"canonical\" href=\"https:\/\/elpatronvintage.com\/it\/prodotto\/mix-levis\/\" \/>\n<meta property=\"og:locale\" content=\"it_IT\" \/>\n<meta property=\"og:type\" content=\"article\" \/>\n<meta property=\"og:title\" content=\"Levi&#039;s MIX - elpatronvintage.com\" \/>\n<meta property=\"og:description\" content=\"Pantalones Levi&#039;s  Lotes de Pantalones Levi&#039;s, una prenda atemporal reconocida mundialmente. En estos lotes de modelos MIX encontramos una amplia variedad de cortes y estilos, desde los cl\u00e1sicos hasta modelos m\u00e1s contempor\u00e1neos, siempre con la garant\u00eda de la calidad Levis. Con su\u00a0dise\u00f1o ic\u00f3nico\u00a0y materiales de\u00a0alta calidad, los pantalones Levi&#039;s nunca pasan de moda y se adaptan a todos los estilos.  Piezas clasificadas una a una para ofrecer la m\u00e1xima calidad en nuestros lotes.  Marcas: Levi&#039;s  Marcas: Levi&#039;s (modelos variados).  Tallas: w26 - w44 (Variadas)  Reventa: 20\u20ac-50\u20ac por unidad.  CALIDAD A  PEDIDO M\u00cdNIMO - 25 PIEZAS  ENV\u00cdOS GRATIS 24\/48H EN TODA ESPA\u00d1A  ENV\u00cdOS 48\/72H EN TODA EUROPA\" \/>\n<meta property=\"og:url\" content=\"https:\/\/elpatronvintage.com\/it\/prodotto\/mix-levis\/\" \/>\n<meta property=\"og:site_name\" content=\"elpatronvintage.com\" \/>\n<meta property=\"article:modified_time\" content=\"2025-12-23T14:00:33+00:00\" \/>\n<meta property=\"og:image\" content=\"https:\/\/elpatronvintage.com\/wp-content\/uploads\/2022\/06\/10-2.webp\" \/>\n\t<meta property=\"og:image:width\" content=\"870\" \/>\n\t<meta property=\"og:image:height\" content=\"1122\" \/>\n\t<meta property=\"og:image:type\" content=\"image\/webp\" \/>\n<meta name=\"twitter:card\" content=\"summary_large_image\" \/>\n<meta name=\"twitter:label1\" content=\"Tempo di lettura stimato\" \/>\n\t<meta name=\"twitter:data1\" content=\"1 minuto\" \/>\n<script type=\"application\/ld+json\" class=\"yoast-schema-graph\">{\"@context\":\"https:\/\/schema.org\",\"@graph\":[{\"@type\":\"WebPage\",\"@id\":\"https:\/\/elpatronvintage.com\/product\/levis-mix\/\",\"url\":\"https:\/\/elpatronvintage.com\/product\/levis-mix\/\",\"name\":\"Levi's MIX - elpatronvintage.com\",\"isPartOf\":{\"@id\":\"https:\/\/elpatronvintage.com\/#website\"},\"primaryImageOfPage\":{\"@id\":\"https:\/\/elpatronvintage.com\/product\/levis-mix\/#primaryimage\"},\"image\":{\"@id\":\"https:\/\/elpatronvintage.com\/product\/levis-mix\/#primaryimage\"},\"thumbnailUrl\":\"https:\/\/elpatronvintage.com\/wp-content\/uploads\/2022\/06\/10-2.webp\",\"datePublished\":\"2022-06-30T02:58:15+00:00\",\"dateModified\":\"2025-12-23T14:00:33+00:00\",\"breadcrumb\":{\"@id\":\"https:\/\/elpatronvintage.com\/product\/levis-mix\/#breadcrumb\"},\"inLanguage\":\"it-IT\",\"potentialAction\":[{\"@type\":\"ReadAction\",\"target\":[\"https:\/\/elpatronvintage.com\/product\/levis-mix\/\"]}]},{\"@type\":\"ImageObject\",\"inLanguage\":\"it-IT\",\"@id\":\"https:\/\/elpatronvintage.com\/product\/levis-mix\/#primaryimage\",\"url\":\"https:\/\/elpatronvintage.com\/wp-content\/uploads\/2022\/06\/10-2.webp\",\"contentUrl\":\"https:\/\/elpatronvintage.com\/wp-content\/uploads\/2022\/06\/10-2.webp\",\"width\":870,\"height\":1122},{\"@type\":\"BreadcrumbList\",\"@id\":\"https:\/\/elpatronvintage.com\/product\/levis-mix\/#breadcrumb\",\"itemListElement\":[{\"@type\":\"ListItem\",\"position\":1,\"name\":\"Portada\",\"item\":\"https:\/\/elpatronvintage.com\/it\/\"},{\"@type\":\"ListItem\",\"position\":2,\"name\":\"Lote de Ropa Vintage\",\"item\":\"http:\/\/elpatronvintage.com\/shop\/\"},{\"@type\":\"ListItem\",\"position\":3,\"name\":\"Levi&#8217;s MIX\"}]},{\"@type\":\"WebSite\",\"@id\":\"https:\/\/elpatronvintage.com\/#website\",\"url\":\"https:\/\/elpatronvintage.com\/\",\"name\":\"EL PATR\u00d3N VINTAGE WHOLESALE | Proveedores de ropa vintage\",\"description\":\"El Patr\u00f3n Vintage CLOTHING WHOLESALE\",\"publisher\":{\"@id\":\"https:\/\/elpatronvintage.com\/#organization\"},\"alternateName\":\"Ropa Vintage al Por Mayor\",\"potentialAction\":[{\"@type\":\"SearchAction\",\"target\":{\"@type\":\"EntryPoint\",\"urlTemplate\":\"https:\/\/elpatronvintage.com\/?s={search_term_string}\"},\"query-input\":{\"@type\":\"PropertyValueSpecification\",\"valueRequired\":true,\"valueName\":\"search_term_string\"}}],\"inLanguage\":\"it-IT\"},{\"@type\":\"Organization\",\"@id\":\"https:\/\/elpatronvintage.com\/#organization\",\"name\":\"EL PATR\u00d3N VINTAGE WHOLESALE | Proveedores de ropa vintage\",\"url\":\"https:\/\/elpatronvintage.com\/\",\"logo\":{\"@type\":\"ImageObject\",\"inLanguage\":\"it-IT\",\"@id\":\"https:\/\/elpatronvintage.com\/#\/schema\/logo\/image\/\",\"url\":\"https:\/\/elpatronvintage.com\/wp-content\/uploads\/2023\/01\/logo-web.webp\",\"contentUrl\":\"https:\/\/elpatronvintage.com\/wp-content\/uploads\/2023\/01\/logo-web.webp\",\"width\":961,\"height\":598,\"caption\":\"EL PATR\u00d3N VINTAGE WHOLESALE | Proveedores de ropa vintage\"},\"image\":{\"@id\":\"https:\/\/elpatronvintage.com\/#\/schema\/logo\/image\/\"}}]}<\/script>\n<!-- \/ Yoast SEO plugin. -->","yoast_head_json":{"title":"Levi's MIX - elpatronvintage.com","robots":{"index":"index","follow":"follow","max-snippet":"max-snippet:-1","max-image-preview":"max-image-preview:large","max-video-preview":"max-video-preview:-1"},"canonical":"https:\/\/elpatronvintage.com\/it\/prodotto\/mix-levis\/","og_locale":"it_IT","og_type":"article","og_title":"Levi's MIX - elpatronvintage.com","og_description":"Pantalones Levi's  Lotes de Pantalones Levi's, una prenda atemporal reconocida mundialmente. En estos lotes de modelos MIX encontramos una amplia variedad de cortes y estilos, desde los cl\u00e1sicos hasta modelos m\u00e1s contempor\u00e1neos, siempre con la garant\u00eda de la calidad Levis. Con su\u00a0dise\u00f1o ic\u00f3nico\u00a0y materiales de\u00a0alta calidad, los pantalones Levi's nunca pasan de moda y se adaptan a todos los estilos.  Piezas clasificadas una a una para ofrecer la m\u00e1xima calidad en nuestros lotes.  Marcas: Levi's  Marcas: Levi's (modelos variados).  Tallas: w26 - w44 (Variadas)  Reventa: 20\u20ac-50\u20ac por unidad.  CALIDAD A  PEDIDO M\u00cdNIMO - 25 PIEZAS  ENV\u00cdOS GRATIS 24\/48H EN TODA ESPA\u00d1A  ENV\u00cdOS 48\/72H EN TODA EUROPA","og_url":"https:\/\/elpatronvintage.com\/it\/prodotto\/mix-levis\/","og_site_name":"elpatronvintage.com","article_modified_time":"2025-12-23T14:00:33+00:00","og_image":[{"width":870,"height":1122,"url":"https:\/\/elpatronvintage.com\/wp-content\/uploads\/2022\/06\/10-2.webp","type":"image\/webp"}],"twitter_card":"summary_large_image","twitter_misc":{"Tempo di lettura stimato":"1 minuto"},"schema":{"@context":"https:\/\/schema.org","@graph":[{"@type":"WebPage","@id":"https:\/\/elpatronvintage.com\/product\/levis-mix\/","url":"https:\/\/elpatronvintage.com\/product\/levis-mix\/","name":"Levi's MIX - elpatronvintage.com","isPartOf":{"@id":"https:\/\/elpatronvintage.com\/#website"},"primaryImageOfPage":{"@id":"https:\/\/elpatronvintage.com\/product\/levis-mix\/#primaryimage"},"image":{"@id":"https:\/\/elpatronvintage.com\/product\/levis-mix\/#primaryimage"},"thumbnailUrl":"https:\/\/elpatronvintage.com\/wp-content\/uploads\/2022\/06\/10-2.webp","datePublished":"2022-06-30T02:58:15+00:00","dateModified":"2025-12-23T14:00:33+00:00","breadcrumb":{"@id":"https:\/\/elpatronvintage.com\/product\/levis-mix\/#breadcrumb"},"inLanguage":"it-IT","potentialAction":[{"@type":"ReadAction","target":["https:\/\/elpatronvintage.com\/product\/levis-mix\/"]}]},{"@type":"ImageObject","inLanguage":"it-IT","@id":"https:\/\/elpatronvintage.com\/product\/levis-mix\/#primaryimage","url":"https:\/\/elpatronvintage.com\/wp-content\/uploads\/2022\/06\/10-2.webp","contentUrl":"https:\/\/elpatronvintage.com\/wp-content\/uploads\/2022\/06\/10-2.webp","width":870,"height":1122},{"@type":"BreadcrumbList","@id":"https:\/\/elpatronvintage.com\/product\/levis-mix\/#breadcrumb","itemListElement":[{"@type":"ListItem","position":1,"name":"Portada","item":"https:\/\/elpatronvintage.com\/it\/"},{"@type":"ListItem","position":2,"name":"Lote de Ropa Vintage","item":"http:\/\/elpatronvintage.com\/shop\/"},{"@type":"ListItem","position":3,"name":"Levi&#8217;s MIX"}]},{"@type":"WebSite","@id":"https:\/\/elpatronvintage.com\/#website","url":"https:\/\/elpatronvintage.com\/","name":"IL PATTERN WHOLESALE VINTAGE | Fornitori di abbigliamento vintage","description":"Il modello vintage di CLOTHING WHOLESALE","publisher":{"@id":"https:\/\/elpatronvintage.com\/#organization"},"alternateName":"Ropa Vintage al Por Mayor","potentialAction":[{"@type":"SearchAction","target":{"@type":"EntryPoint","urlTemplate":"https:\/\/elpatronvintage.com\/?s={search_term_string}"},"query-input":{"@type":"PropertyValueSpecification","valueRequired":true,"valueName":"search_term_string"}}],"inLanguage":"it-IT"},{"@type":"Organization","@id":"https:\/\/elpatronvintage.com\/#organization","name":"IL PATTERN WHOLESALE VINTAGE | Fornitori di abbigliamento vintage","url":"https:\/\/elpatronvintage.com\/","logo":{"@type":"ImageObject","inLanguage":"it-IT","@id":"https:\/\/elpatronvintage.com\/#\/schema\/logo\/image\/","url":"https:\/\/elpatronvintage.com\/wp-content\/uploads\/2023\/01\/logo-web.webp","contentUrl":"https:\/\/elpatronvintage.com\/wp-content\/uploads\/2023\/01\/logo-web.webp","width":961,"height":598,"caption":"EL PATR\u00d3N VINTAGE WHOLESALE | Proveedores de ropa vintage"},"image":{"@id":"https:\/\/elpatronvintage.com\/#\/schema\/logo\/image\/"}}]}},"_links":{"self":[{"href":"https:\/\/elpatronvintage.com\/it\/wp-json\/wp\/v2\/product\/691","targetHints":{"allow":["GET"]}}],"collection":[{"href":"https:\/\/elpatronvintage.com\/it\/wp-json\/wp\/v2\/product"}],"about":[{"href":"https:\/\/elpatronvintage.com\/it\/wp-json\/wp\/v2\/types\/product"}],"replies":[{"embeddable":true,"href":"https:\/\/elpatronvintage.com\/it\/wp-json\/wp\/v2\/comments?post=691"}],"version-history":[{"count":7,"href":"https:\/\/elpatronvintage.com\/it\/wp-json\/wp\/v2\/product\/691\/revisions"}],"predecessor-version":[{"id":13562,"href":"https:\/\/elpatronvintage.com\/it\/wp-json\/wp\/v2\/product\/691\/revisions\/13562"}],"wp:featuredmedia":[{"embeddable":true,"href":"https:\/\/elpatronvintage.com\/it\/wp-json\/wp\/v2\/media\/4107"}],"wp:attachment":[{"href":"https:\/\/elpatronvintage.com\/it\/wp-json\/wp\/v2\/media?parent=691"}],"wp:term":[{"taxonomy":"product_brand","embeddable":true,"href":"https:\/\/elpatronvintage.com\/it\/wp-json\/wp\/v2\/product_brand?post=691"},{"taxonomy":"product_cat","embeddable":true,"href":"https:\/\/elpatronvintage.com\/it\/wp-json\/wp\/v2\/product_cat?post=691"},{"taxonomy":"product_tag","embeddable":true,"href":"https:\/\/elpatronvintage.com\/it\/wp-json\/wp\/v2\/product_tag?post=691"}],"curies":[{"name":"wp","href":"https:\/\/api.w.org\/{rel}","templated":true}]}}