{"id":5264,"date":"2023-12-11T21:10:16","date_gmt":"2023-12-11T19:10:16","guid":{"rendered":"https:\/\/elpatronvintage.com\/?post_type=product&#038;p=5264"},"modified":"2025-09-24T18:09:26","modified_gmt":"2025-09-24T16:09:26","slug":"levis-mix-2","status":"publish","type":"product","link":"https:\/\/elpatronvintage.com\/it\/prodotto\/levis-mix-2\/","title":{"rendered":"Levi's MIX (grado B)"},"content":{"rendered":"","protected":false},"excerpt":{"rendered":"<p>Pantaloni Levi's di grado B. Possibilit\u00e0 di macchie, strappi o lacerazioni. La maggior parte dei jeans \u00e8 solo macchiata. Una scelta perfetta per pulire e confezionare i pantaloni e poi venderli a un ottimo prezzo. Perfetto per utilizzare il tessuto per realizzare borse, camicie, pantaloni e mille altre cose.<\/p>\n<p>Marche: Levi's Variados.<\/p>\n<p>Taglie: 26-44 (assortite)<\/p>\n<p><strong>QUALIT\u00c0 B<\/strong><\/p>\n<p><strong>ORDINE MINIMO - 50 PEZZI<\/strong><\/p>\n<p><strong>SPEDIZIONI 24\/48H IN TUTTA LA PENISOLA.\u00a0<\/strong><\/p>","protected":false},"featured_media":5265,"comment_status":"open","ping_status":"closed","template":"","meta":[],"product_brand":[],"product_cat":[241,27,221,16],"product_tag":[],"class_list":{"0":"post-5264","1":"product","2":"type-product","3":"status-publish","4":"has-post-thumbnail","6":"product_cat-lvs","7":"product_cat-jeans","8":"product_cat-marcas","9":"product_cat-allproducts","10":"product_shipping_class-lvsmix","12":"first","13":"outofstock","14":"sale","15":"taxable","16":"shipping-taxable","17":"purchasable","18":"product-type-simple"},"yoast_head":"<!-- This site is optimized with the Yoast SEO plugin v26.8 - https:\/\/yoast.com\/product\/yoast-seo-wordpress\/ -->\n<title>Levi&#039;s MIX (grado B) - elpatronvintage.com<\/title>\n<meta name=\"robots\" content=\"index, follow, max-snippet:-1, max-image-preview:large, max-video-preview:-1\" \/>\n<link rel=\"canonical\" href=\"https:\/\/elpatronvintage.com\/it\/prodotto\/levis-mix-2\/\" \/>\n<meta property=\"og:locale\" content=\"it_IT\" \/>\n<meta property=\"og:type\" content=\"article\" \/>\n<meta property=\"og:title\" content=\"Levi&#039;s MIX (grado B) - elpatronvintage.com\" \/>\n<meta property=\"og:description\" content=\"Pantalones Levi&#039;s grado B. Posibilidad de manchas, descosidos o rotos. El mayor porcentaje de los jeans solamente est\u00e1n manchados. Una elecci\u00f3n perfecta para realizar un proceso de limpieza y confecci\u00f3n de los pantalones para posteriormente venderlos a muy buen precio. Perfectos para usar la tela para realizar bolsos, camisas, pantalones y mil cosas m\u00e1s.  Marcas: Levi&#039;s Variados.  Tallas: 26-44 (Variadas)  CALIDAD B  PEDIDO MINIMO - 50 PIEZAS  ENV\u00cdOS 24\/48H EN TODA LA PEN\u00cdNSULA.\u00a0\" \/>\n<meta property=\"og:url\" content=\"https:\/\/elpatronvintage.com\/it\/prodotto\/levis-mix-2\/\" \/>\n<meta property=\"og:site_name\" content=\"elpatronvintage.com\" \/>\n<meta property=\"article:modified_time\" content=\"2025-09-24T16:09:26+00:00\" \/>\n<meta property=\"og:image\" content=\"https:\/\/elpatronvintage.com\/wp-content\/uploads\/2023\/12\/levis-grado-b-1.webp\" \/>\n\t<meta property=\"og:image:width\" content=\"977\" \/>\n\t<meta property=\"og:image:height\" content=\"1260\" \/>\n\t<meta property=\"og:image:type\" content=\"image\/webp\" \/>\n<meta name=\"twitter:card\" content=\"summary_large_image\" \/>\n<meta name=\"twitter:label1\" content=\"Tempo di lettura stimato\" \/>\n\t<meta name=\"twitter:data1\" content=\"1 minuto\" \/>\n<script type=\"application\/ld+json\" class=\"yoast-schema-graph\">{\"@context\":\"https:\/\/schema.org\",\"@graph\":[{\"@type\":\"WebPage\",\"@id\":\"https:\/\/elpatronvintage.com\/it\/prodotto\/levis-mix-2\/\",\"url\":\"https:\/\/elpatronvintage.com\/it\/prodotto\/levis-mix-2\/\",\"name\":\"Levi's MIX (grado B) - elpatronvintage.com\",\"isPartOf\":{\"@id\":\"http:\/\/elpatronvintage.com\/#website\"},\"primaryImageOfPage\":{\"@id\":\"https:\/\/elpatronvintage.com\/it\/prodotto\/levis-mix-2\/#primaryimage\"},\"image\":{\"@id\":\"https:\/\/elpatronvintage.com\/it\/prodotto\/levis-mix-2\/#primaryimage\"},\"thumbnailUrl\":\"https:\/\/elpatronvintage.com\/wp-content\/uploads\/2023\/12\/levis-grado-b-1.webp\",\"datePublished\":\"2023-12-11T19:10:16+00:00\",\"dateModified\":\"2025-09-24T16:09:26+00:00\",\"breadcrumb\":{\"@id\":\"https:\/\/elpatronvintage.com\/it\/prodotto\/levis-mix-2\/#breadcrumb\"},\"inLanguage\":\"it-IT\",\"potentialAction\":[{\"@type\":\"ReadAction\",\"target\":[\"https:\/\/elpatronvintage.com\/it\/prodotto\/levis-mix-2\/\"]}]},{\"@type\":\"ImageObject\",\"inLanguage\":\"it-IT\",\"@id\":\"https:\/\/elpatronvintage.com\/it\/prodotto\/levis-mix-2\/#primaryimage\",\"url\":\"https:\/\/elpatronvintage.com\/wp-content\/uploads\/2023\/12\/levis-grado-b-1.webp\",\"contentUrl\":\"https:\/\/elpatronvintage.com\/wp-content\/uploads\/2023\/12\/levis-grado-b-1.webp\",\"width\":977,\"height\":1260},{\"@type\":\"BreadcrumbList\",\"@id\":\"https:\/\/elpatronvintage.com\/it\/prodotto\/levis-mix-2\/#breadcrumb\",\"itemListElement\":[{\"@type\":\"ListItem\",\"position\":1,\"name\":\"Portada\",\"item\":\"http:\/\/elpatronvintage.com\/\"},{\"@type\":\"ListItem\",\"position\":2,\"name\":\"Lote de Ropa Vintage\",\"item\":\"http:\/\/elpatronvintage.com\/shop\/\"},{\"@type\":\"ListItem\",\"position\":3,\"name\":\"Levi&#8217;s MIX (grado B)\"}]},{\"@type\":\"WebSite\",\"@id\":\"http:\/\/elpatronvintage.com\/#website\",\"url\":\"http:\/\/elpatronvintage.com\/\",\"name\":\"EL PATR\u00d3N VINTAGE WHOLESALE | Proveedores de ropa vintage\",\"description\":\"El Patr\u00f3n Vintage CLOTHING WHOLESALE\",\"publisher\":{\"@id\":\"http:\/\/elpatronvintage.com\/#organization\"},\"alternateName\":\"Ropa Vintage al Por Mayor\",\"potentialAction\":[{\"@type\":\"SearchAction\",\"target\":{\"@type\":\"EntryPoint\",\"urlTemplate\":\"http:\/\/elpatronvintage.com\/?s={search_term_string}\"},\"query-input\":{\"@type\":\"PropertyValueSpecification\",\"valueRequired\":true,\"valueName\":\"search_term_string\"}}],\"inLanguage\":\"it-IT\"},{\"@type\":\"Organization\",\"@id\":\"http:\/\/elpatronvintage.com\/#organization\",\"name\":\"EL PATR\u00d3N VINTAGE WHOLESALE | Proveedores de ropa vintage\",\"url\":\"http:\/\/elpatronvintage.com\/\",\"logo\":{\"@type\":\"ImageObject\",\"inLanguage\":\"it-IT\",\"@id\":\"http:\/\/elpatronvintage.com\/#\/schema\/logo\/image\/\",\"url\":\"https:\/\/elpatronvintage.com\/wp-content\/uploads\/2023\/01\/logo-web.webp\",\"contentUrl\":\"https:\/\/elpatronvintage.com\/wp-content\/uploads\/2023\/01\/logo-web.webp\",\"width\":961,\"height\":598,\"caption\":\"EL PATR\u00d3N VINTAGE WHOLESALE | Proveedores de ropa vintage\"},\"image\":{\"@id\":\"http:\/\/elpatronvintage.com\/#\/schema\/logo\/image\/\"}}]}<\/script>\n<!-- \/ Yoast SEO plugin. -->","yoast_head_json":{"title":"Levi's MIX (grado B) - elpatronvintage.com","robots":{"index":"index","follow":"follow","max-snippet":"max-snippet:-1","max-image-preview":"max-image-preview:large","max-video-preview":"max-video-preview:-1"},"canonical":"https:\/\/elpatronvintage.com\/it\/prodotto\/levis-mix-2\/","og_locale":"it_IT","og_type":"article","og_title":"Levi's MIX (grado B) - elpatronvintage.com","og_description":"Pantalones Levi's grado B. Posibilidad de manchas, descosidos o rotos. El mayor porcentaje de los jeans solamente est\u00e1n manchados. Una elecci\u00f3n perfecta para realizar un proceso de limpieza y confecci\u00f3n de los pantalones para posteriormente venderlos a muy buen precio. Perfectos para usar la tela para realizar bolsos, camisas, pantalones y mil cosas m\u00e1s.  Marcas: Levi's Variados.  Tallas: 26-44 (Variadas)  CALIDAD B  PEDIDO MINIMO - 50 PIEZAS  ENV\u00cdOS 24\/48H EN TODA LA PEN\u00cdNSULA.\u00a0","og_url":"https:\/\/elpatronvintage.com\/it\/prodotto\/levis-mix-2\/","og_site_name":"elpatronvintage.com","article_modified_time":"2025-09-24T16:09:26+00:00","og_image":[{"width":977,"height":1260,"url":"https:\/\/elpatronvintage.com\/wp-content\/uploads\/2023\/12\/levis-grado-b-1.webp","type":"image\/webp"}],"twitter_card":"summary_large_image","twitter_misc":{"Tempo di lettura stimato":"1 minuto"},"schema":{"@context":"https:\/\/schema.org","@graph":[{"@type":"WebPage","@id":"https:\/\/elpatronvintage.com\/it\/prodotto\/levis-mix-2\/","url":"https:\/\/elpatronvintage.com\/it\/prodotto\/levis-mix-2\/","name":"Levi's MIX (grado B) - elpatronvintage.com","isPartOf":{"@id":"http:\/\/elpatronvintage.com\/#website"},"primaryImageOfPage":{"@id":"https:\/\/elpatronvintage.com\/it\/prodotto\/levis-mix-2\/#primaryimage"},"image":{"@id":"https:\/\/elpatronvintage.com\/it\/prodotto\/levis-mix-2\/#primaryimage"},"thumbnailUrl":"https:\/\/elpatronvintage.com\/wp-content\/uploads\/2023\/12\/levis-grado-b-1.webp","datePublished":"2023-12-11T19:10:16+00:00","dateModified":"2025-09-24T16:09:26+00:00","breadcrumb":{"@id":"https:\/\/elpatronvintage.com\/it\/prodotto\/levis-mix-2\/#breadcrumb"},"inLanguage":"it-IT","potentialAction":[{"@type":"ReadAction","target":["https:\/\/elpatronvintage.com\/it\/prodotto\/levis-mix-2\/"]}]},{"@type":"ImageObject","inLanguage":"it-IT","@id":"https:\/\/elpatronvintage.com\/it\/prodotto\/levis-mix-2\/#primaryimage","url":"https:\/\/elpatronvintage.com\/wp-content\/uploads\/2023\/12\/levis-grado-b-1.webp","contentUrl":"https:\/\/elpatronvintage.com\/wp-content\/uploads\/2023\/12\/levis-grado-b-1.webp","width":977,"height":1260},{"@type":"BreadcrumbList","@id":"https:\/\/elpatronvintage.com\/it\/prodotto\/levis-mix-2\/#breadcrumb","itemListElement":[{"@type":"ListItem","position":1,"name":"Portada","item":"http:\/\/elpatronvintage.com\/"},{"@type":"ListItem","position":2,"name":"Lote de Ropa Vintage","item":"http:\/\/elpatronvintage.com\/shop\/"},{"@type":"ListItem","position":3,"name":"Levi&#8217;s MIX (grado B)"}]},{"@type":"WebSite","@id":"http:\/\/elpatronvintage.com\/#website","url":"http:\/\/elpatronvintage.com\/","name":"IL PATTERN WHOLESALE VINTAGE | Fornitori di abbigliamento vintage","description":"Il modello vintage di CLOTHING WHOLESALE","publisher":{"@id":"http:\/\/elpatronvintage.com\/#organization"},"alternateName":"Ropa Vintage al Por Mayor","potentialAction":[{"@type":"SearchAction","target":{"@type":"EntryPoint","urlTemplate":"http:\/\/elpatronvintage.com\/?s={search_term_string}"},"query-input":{"@type":"PropertyValueSpecification","valueRequired":true,"valueName":"search_term_string"}}],"inLanguage":"it-IT"},{"@type":"Organization","@id":"http:\/\/elpatronvintage.com\/#organization","name":"IL PATTERN WHOLESALE VINTAGE | Fornitori di abbigliamento vintage","url":"http:\/\/elpatronvintage.com\/","logo":{"@type":"ImageObject","inLanguage":"it-IT","@id":"http:\/\/elpatronvintage.com\/#\/schema\/logo\/image\/","url":"https:\/\/elpatronvintage.com\/wp-content\/uploads\/2023\/01\/logo-web.webp","contentUrl":"https:\/\/elpatronvintage.com\/wp-content\/uploads\/2023\/01\/logo-web.webp","width":961,"height":598,"caption":"EL PATR\u00d3N VINTAGE WHOLESALE | Proveedores de ropa vintage"},"image":{"@id":"http:\/\/elpatronvintage.com\/#\/schema\/logo\/image\/"}}]}},"_links":{"self":[{"href":"https:\/\/elpatronvintage.com\/it\/wp-json\/wp\/v2\/product\/5264","targetHints":{"allow":["GET"]}}],"collection":[{"href":"https:\/\/elpatronvintage.com\/it\/wp-json\/wp\/v2\/product"}],"about":[{"href":"https:\/\/elpatronvintage.com\/it\/wp-json\/wp\/v2\/types\/product"}],"replies":[{"embeddable":true,"href":"https:\/\/elpatronvintage.com\/it\/wp-json\/wp\/v2\/comments?post=5264"}],"version-history":[{"count":3,"href":"https:\/\/elpatronvintage.com\/it\/wp-json\/wp\/v2\/product\/5264\/revisions"}],"predecessor-version":[{"id":13435,"href":"https:\/\/elpatronvintage.com\/it\/wp-json\/wp\/v2\/product\/5264\/revisions\/13435"}],"wp:featuredmedia":[{"embeddable":true,"href":"https:\/\/elpatronvintage.com\/it\/wp-json\/wp\/v2\/media\/5265"}],"wp:attachment":[{"href":"https:\/\/elpatronvintage.com\/it\/wp-json\/wp\/v2\/media?parent=5264"}],"wp:term":[{"taxonomy":"product_brand","embeddable":true,"href":"https:\/\/elpatronvintage.com\/it\/wp-json\/wp\/v2\/product_brand?post=5264"},{"taxonomy":"product_cat","embeddable":true,"href":"https:\/\/elpatronvintage.com\/it\/wp-json\/wp\/v2\/product_cat?post=5264"},{"taxonomy":"product_tag","embeddable":true,"href":"https:\/\/elpatronvintage.com\/it\/wp-json\/wp\/v2\/product_tag?post=5264"}],"curies":[{"name":"wp","href":"https:\/\/api.w.org\/{rel}","templated":true}]}}