{"id":4846,"date":"2023-10-08T00:24:02","date_gmt":"2023-10-07T22:24:02","guid":{"rendered":"https:\/\/elpatronvintage.com\/?post_type=product&#038;p=4846"},"modified":"2025-08-12T17:38:38","modified_gmt":"2025-08-12T15:38:38","slug":"marca-di-pantaloni-della-tuta-2","status":"publish","type":"product","link":"https:\/\/elpatronvintage.com\/it\/prodotto\/marca-di-pantaloni-della-tuta-2\/","title":{"rendered":"Sciarpe da calcio"},"content":{"rendered":"","protected":false},"excerpt":{"rendered":"<p>In questa categoria troviamo un'ampia variet\u00e0 di sciarpe di squadre di calcio dagli anni '90 a oggi. Variet\u00e0 di collaborazioni con marchi come Nike, Adidas... con squadre di calcio ufficiali. Capi vintage e moderni.<\/p>\n<p>Marchi: Nike, Adidas... Insieme a diverse squadre di calcio.<\/p>\n<p><strong>Rivendita: 5\u20ac-30\u20ac per unit\u00e0.<\/strong><\/p>\n<p><strong>QUALIT\u00c0 A<\/strong><\/p>\n<p><strong>ORDINE MINIMO - 10 PEZZI<\/strong><\/p>\n<p><strong>SPEDIZIONE GRATUITA 48\/72H IN TUTTA LA SPAGNA.\u00a0<\/strong><\/p>","protected":false},"featured_media":4850,"comment_status":"open","ping_status":"closed","template":"","meta":[],"product_brand":[],"product_cat":[219,16],"product_tag":[],"class_list":{"0":"post-4846","1":"product","2":"type-product","3":"status-publish","4":"has-post-thumbnail","6":"product_cat-offer","7":"product_cat-allproducts","9":"first","10":"outofstock","11":"sale","12":"taxable","13":"shipping-taxable","14":"purchasable","15":"product-type-simple"},"yoast_head":"<!-- This site is optimized with the Yoast SEO plugin v26.8 - https:\/\/yoast.com\/product\/yoast-seo-wordpress\/ -->\n<title>Bufandas de F\u00fatbol - elpatronvintage.com<\/title>\n<meta name=\"robots\" content=\"index, follow, max-snippet:-1, max-image-preview:large, max-video-preview:-1\" \/>\n<link rel=\"canonical\" href=\"https:\/\/elpatronvintage.com\/it\/prodotto\/marca-di-pantaloni-della-tuta-2\/\" \/>\n<meta property=\"og:locale\" content=\"it_IT\" \/>\n<meta property=\"og:type\" content=\"article\" \/>\n<meta property=\"og:title\" content=\"Bufandas de F\u00fatbol - elpatronvintage.com\" \/>\n<meta property=\"og:description\" content=\"En esta categor\u00eda encontramos mucha variedad de bufandas de equipos de f\u00fatbol desde los a\u00f1os 90 hasta la actualidad. Variedad de colaboraciones con marcas tipo Nike, Adidas\u2026 con equipos de f\u00fatbol oficiales. Prendas vintage y modernas.  Marcas: Nike, Adidas\u2026Junto diferentes equipos de F\u00fatbol.  Reventa: 5\u20ac-30\u20ac por unidad.  CALIDAD A  PEDIDO MINIMO - 10 PIEZAS  ENV\u00cdOS GRATIS 48\/72H EN TODA ESPA\u00d1A.\u00a0\" \/>\n<meta property=\"og:url\" content=\"https:\/\/elpatronvintage.com\/it\/prodotto\/marca-di-pantaloni-della-tuta-2\/\" \/>\n<meta property=\"og:site_name\" content=\"elpatronvintage.com\" \/>\n<meta property=\"article:modified_time\" content=\"2025-08-12T15:38:38+00:00\" \/>\n<meta property=\"og:image\" content=\"https:\/\/elpatronvintage.com\/wp-content\/uploads\/2023\/10\/1.webp\" \/>\n\t<meta property=\"og:image:width\" content=\"977\" \/>\n\t<meta property=\"og:image:height\" content=\"1260\" \/>\n\t<meta property=\"og:image:type\" content=\"image\/webp\" \/>\n<meta name=\"twitter:card\" content=\"summary_large_image\" \/>\n<meta name=\"twitter:label1\" content=\"Tempo di lettura stimato\" \/>\n\t<meta name=\"twitter:data1\" content=\"1 minuto\" \/>\n<script type=\"application\/ld+json\" class=\"yoast-schema-graph\">{\"@context\":\"https:\/\/schema.org\",\"@graph\":[{\"@type\":\"WebPage\",\"@id\":\"https:\/\/elpatronvintage.com\/en\/product\/sweatpants-brand-2\/\",\"url\":\"https:\/\/elpatronvintage.com\/en\/product\/sweatpants-brand-2\/\",\"name\":\"Bufandas de F\u00fatbol - elpatronvintage.com\",\"isPartOf\":{\"@id\":\"http:\/\/elpatronvintage.com\/#website\"},\"primaryImageOfPage\":{\"@id\":\"https:\/\/elpatronvintage.com\/en\/product\/sweatpants-brand-2\/#primaryimage\"},\"image\":{\"@id\":\"https:\/\/elpatronvintage.com\/en\/product\/sweatpants-brand-2\/#primaryimage\"},\"thumbnailUrl\":\"https:\/\/elpatronvintage.com\/wp-content\/uploads\/2023\/10\/1.webp\",\"datePublished\":\"2023-10-07T22:24:02+00:00\",\"dateModified\":\"2025-08-12T15:38:38+00:00\",\"breadcrumb\":{\"@id\":\"https:\/\/elpatronvintage.com\/en\/product\/sweatpants-brand-2\/#breadcrumb\"},\"inLanguage\":\"it-IT\",\"potentialAction\":[{\"@type\":\"ReadAction\",\"target\":[\"https:\/\/elpatronvintage.com\/en\/product\/sweatpants-brand-2\/\"]}]},{\"@type\":\"ImageObject\",\"inLanguage\":\"it-IT\",\"@id\":\"https:\/\/elpatronvintage.com\/en\/product\/sweatpants-brand-2\/#primaryimage\",\"url\":\"https:\/\/elpatronvintage.com\/wp-content\/uploads\/2023\/10\/1.webp\",\"contentUrl\":\"https:\/\/elpatronvintage.com\/wp-content\/uploads\/2023\/10\/1.webp\",\"width\":977,\"height\":1260},{\"@type\":\"BreadcrumbList\",\"@id\":\"https:\/\/elpatronvintage.com\/en\/product\/sweatpants-brand-2\/#breadcrumb\",\"itemListElement\":[{\"@type\":\"ListItem\",\"position\":1,\"name\":\"Portada\",\"item\":\"https:\/\/elpatronvintage.com\/\"},{\"@type\":\"ListItem\",\"position\":2,\"name\":\"Lote de Ropa Vintage\",\"item\":\"https:\/\/elpatronvintage.com\/shop\/\"},{\"@type\":\"ListItem\",\"position\":3,\"name\":\"Bufandas de F\u00fatbol\"}]},{\"@type\":\"WebSite\",\"@id\":\"http:\/\/elpatronvintage.com\/#website\",\"url\":\"http:\/\/elpatronvintage.com\/\",\"name\":\"EL PATR\u00d3N VINTAGE WHOLESALE | Proveedores de ropa vintage\",\"description\":\"El Patr\u00f3n Vintage CLOTHING WHOLESALE\",\"publisher\":{\"@id\":\"http:\/\/elpatronvintage.com\/#organization\"},\"alternateName\":\"Ropa Vintage al Por Mayor\",\"potentialAction\":[{\"@type\":\"SearchAction\",\"target\":{\"@type\":\"EntryPoint\",\"urlTemplate\":\"http:\/\/elpatronvintage.com\/?s={search_term_string}\"},\"query-input\":{\"@type\":\"PropertyValueSpecification\",\"valueRequired\":true,\"valueName\":\"search_term_string\"}}],\"inLanguage\":\"it-IT\"},{\"@type\":\"Organization\",\"@id\":\"http:\/\/elpatronvintage.com\/#organization\",\"name\":\"EL PATR\u00d3N VINTAGE WHOLESALE | Proveedores de ropa vintage\",\"url\":\"http:\/\/elpatronvintage.com\/\",\"logo\":{\"@type\":\"ImageObject\",\"inLanguage\":\"it-IT\",\"@id\":\"http:\/\/elpatronvintage.com\/#\/schema\/logo\/image\/\",\"url\":\"https:\/\/elpatronvintage.com\/wp-content\/uploads\/2023\/01\/logo-web.webp\",\"contentUrl\":\"https:\/\/elpatronvintage.com\/wp-content\/uploads\/2023\/01\/logo-web.webp\",\"width\":961,\"height\":598,\"caption\":\"EL PATR\u00d3N VINTAGE WHOLESALE | Proveedores de ropa vintage\"},\"image\":{\"@id\":\"http:\/\/elpatronvintage.com\/#\/schema\/logo\/image\/\"}}]}<\/script>\n<!-- \/ Yoast SEO plugin. -->","yoast_head_json":{"title":"Sciarpe da calcio - elpatronvintage.com","robots":{"index":"index","follow":"follow","max-snippet":"max-snippet:-1","max-image-preview":"max-image-preview:large","max-video-preview":"max-video-preview:-1"},"canonical":"https:\/\/elpatronvintage.com\/it\/prodotto\/marca-di-pantaloni-della-tuta-2\/","og_locale":"it_IT","og_type":"article","og_title":"Bufandas de F\u00fatbol - elpatronvintage.com","og_description":"En esta categor\u00eda encontramos mucha variedad de bufandas de equipos de f\u00fatbol desde los a\u00f1os 90 hasta la actualidad. Variedad de colaboraciones con marcas tipo Nike, Adidas\u2026 con equipos de f\u00fatbol oficiales. Prendas vintage y modernas.  Marcas: Nike, Adidas\u2026Junto diferentes equipos de F\u00fatbol.  Reventa: 5\u20ac-30\u20ac por unidad.  CALIDAD A  PEDIDO MINIMO - 10 PIEZAS  ENV\u00cdOS GRATIS 48\/72H EN TODA ESPA\u00d1A.\u00a0","og_url":"https:\/\/elpatronvintage.com\/it\/prodotto\/marca-di-pantaloni-della-tuta-2\/","og_site_name":"elpatronvintage.com","article_modified_time":"2025-08-12T15:38:38+00:00","og_image":[{"width":977,"height":1260,"url":"https:\/\/elpatronvintage.com\/wp-content\/uploads\/2023\/10\/1.webp","type":"image\/webp"}],"twitter_card":"summary_large_image","twitter_misc":{"Tempo di lettura stimato":"1 minuto"},"schema":{"@context":"https:\/\/schema.org","@graph":[{"@type":"WebPage","@id":"https:\/\/elpatronvintage.com\/en\/product\/sweatpants-brand-2\/","url":"https:\/\/elpatronvintage.com\/en\/product\/sweatpants-brand-2\/","name":"Sciarpe da calcio - elpatronvintage.com","isPartOf":{"@id":"http:\/\/elpatronvintage.com\/#website"},"primaryImageOfPage":{"@id":"https:\/\/elpatronvintage.com\/en\/product\/sweatpants-brand-2\/#primaryimage"},"image":{"@id":"https:\/\/elpatronvintage.com\/en\/product\/sweatpants-brand-2\/#primaryimage"},"thumbnailUrl":"https:\/\/elpatronvintage.com\/wp-content\/uploads\/2023\/10\/1.webp","datePublished":"2023-10-07T22:24:02+00:00","dateModified":"2025-08-12T15:38:38+00:00","breadcrumb":{"@id":"https:\/\/elpatronvintage.com\/en\/product\/sweatpants-brand-2\/#breadcrumb"},"inLanguage":"it-IT","potentialAction":[{"@type":"ReadAction","target":["https:\/\/elpatronvintage.com\/en\/product\/sweatpants-brand-2\/"]}]},{"@type":"ImageObject","inLanguage":"it-IT","@id":"https:\/\/elpatronvintage.com\/en\/product\/sweatpants-brand-2\/#primaryimage","url":"https:\/\/elpatronvintage.com\/wp-content\/uploads\/2023\/10\/1.webp","contentUrl":"https:\/\/elpatronvintage.com\/wp-content\/uploads\/2023\/10\/1.webp","width":977,"height":1260},{"@type":"BreadcrumbList","@id":"https:\/\/elpatronvintage.com\/en\/product\/sweatpants-brand-2\/#breadcrumb","itemListElement":[{"@type":"ListItem","position":1,"name":"Portada","item":"https:\/\/elpatronvintage.com\/"},{"@type":"ListItem","position":2,"name":"Lote de Ropa Vintage","item":"https:\/\/elpatronvintage.com\/shop\/"},{"@type":"ListItem","position":3,"name":"Bufandas de F\u00fatbol"}]},{"@type":"WebSite","@id":"http:\/\/elpatronvintage.com\/#website","url":"http:\/\/elpatronvintage.com\/","name":"IL PATTERN WHOLESALE VINTAGE | Fornitori di abbigliamento vintage","description":"Il modello vintage di CLOTHING WHOLESALE","publisher":{"@id":"http:\/\/elpatronvintage.com\/#organization"},"alternateName":"Ropa Vintage al Por Mayor","potentialAction":[{"@type":"SearchAction","target":{"@type":"EntryPoint","urlTemplate":"http:\/\/elpatronvintage.com\/?s={search_term_string}"},"query-input":{"@type":"PropertyValueSpecification","valueRequired":true,"valueName":"search_term_string"}}],"inLanguage":"it-IT"},{"@type":"Organization","@id":"http:\/\/elpatronvintage.com\/#organization","name":"IL PATTERN WHOLESALE VINTAGE | Fornitori di abbigliamento vintage","url":"http:\/\/elpatronvintage.com\/","logo":{"@type":"ImageObject","inLanguage":"it-IT","@id":"http:\/\/elpatronvintage.com\/#\/schema\/logo\/image\/","url":"https:\/\/elpatronvintage.com\/wp-content\/uploads\/2023\/01\/logo-web.webp","contentUrl":"https:\/\/elpatronvintage.com\/wp-content\/uploads\/2023\/01\/logo-web.webp","width":961,"height":598,"caption":"EL PATR\u00d3N VINTAGE WHOLESALE | Proveedores de ropa vintage"},"image":{"@id":"http:\/\/elpatronvintage.com\/#\/schema\/logo\/image\/"}}]}},"_links":{"self":[{"href":"https:\/\/elpatronvintage.com\/it\/wp-json\/wp\/v2\/product\/4846","targetHints":{"allow":["GET"]}}],"collection":[{"href":"https:\/\/elpatronvintage.com\/it\/wp-json\/wp\/v2\/product"}],"about":[{"href":"https:\/\/elpatronvintage.com\/it\/wp-json\/wp\/v2\/types\/product"}],"replies":[{"embeddable":true,"href":"https:\/\/elpatronvintage.com\/it\/wp-json\/wp\/v2\/comments?post=4846"}],"version-history":[{"count":1,"href":"https:\/\/elpatronvintage.com\/it\/wp-json\/wp\/v2\/product\/4846\/revisions"}],"predecessor-version":[{"id":7186,"href":"https:\/\/elpatronvintage.com\/it\/wp-json\/wp\/v2\/product\/4846\/revisions\/7186"}],"wp:featuredmedia":[{"embeddable":true,"href":"https:\/\/elpatronvintage.com\/it\/wp-json\/wp\/v2\/media\/4850"}],"wp:attachment":[{"href":"https:\/\/elpatronvintage.com\/it\/wp-json\/wp\/v2\/media?parent=4846"}],"wp:term":[{"taxonomy":"product_brand","embeddable":true,"href":"https:\/\/elpatronvintage.com\/it\/wp-json\/wp\/v2\/product_brand?post=4846"},{"taxonomy":"product_cat","embeddable":true,"href":"https:\/\/elpatronvintage.com\/it\/wp-json\/wp\/v2\/product_cat?post=4846"},{"taxonomy":"product_tag","embeddable":true,"href":"https:\/\/elpatronvintage.com\/it\/wp-json\/wp\/v2\/product_tag?post=4846"}],"curies":[{"name":"wp","href":"https:\/\/api.w.org\/{rel}","templated":true}]}}