{"id":4535,"date":"2023-07-13T19:32:35","date_gmt":"2023-07-13T17:32:35","guid":{"rendered":"https:\/\/elpatronvintage.com\/?post_type=product&#038;p=4535"},"modified":"2025-10-21T19:19:34","modified_gmt":"2025-10-21T17:19:34","slug":"giacche-burberry","status":"publish","type":"product","link":"https:\/\/elpatronvintage.com\/it\/prodotto\/giacche-burberry\/","title":{"rendered":"Giacche Burberry"},"content":{"rendered":"","protected":false},"excerpt":{"rendered":"<p>Questa \u00e8 la categoria pi\u00f9 importante <strong>PREMIUM<\/strong> di tutti.<\/p>\n<p>All'interno di questi lotti possiamo trovare i famosi trench, con la classica stampa Burberry, giacche harrington, giacche in pelle, giacche lunghe... perfetti per dare un tocco di lusso al vostro negozio vintage con questi prodotti Burberry.<\/p>\n<p><strong>Marche:<\/strong> Burberry, Thomas Burberry e London Burberry<\/p>\n<p><strong>Taglie:<\/strong>\u00a0Da XS a XL (assortiti)<\/p>\n<p><strong>Rivendita: 80\u20ac-400\u20ac per unit\u00e0.<\/strong><\/p>\n<p><strong>QUALIT\u00c0 A<\/strong><\/p>\n<p><strong>ORDINE MINIMO - 5 PEZZI<\/strong><\/p>\n<p><strong>SPEDIZIONE GRATUITA 24\/48H IN TUTTA LA SPAGNA.\u00a0<\/strong><\/p>\n<p><strong>SPEDIZIONI IN 48\/72 ORE IN TUTTA EUROPA<\/strong><\/p>","protected":false},"featured_media":4537,"comment_status":"open","ping_status":"closed","template":"","meta":[],"product_brand":[],"product_cat":[223,214,221,16],"product_tag":[],"class_list":{"0":"post-4535","1":"product","2":"type-product","3":"status-publish","4":"has-post-thumbnail","6":"product_cat-burberry","7":"product_cat-jackets","8":"product_cat-marcas","9":"product_cat-allproducts","11":"first","12":"instock","13":"sale","14":"taxable","15":"shipping-taxable","16":"purchasable","17":"product-type-simple"},"yoast_head":"<!-- This site is optimized with the Yoast SEO plugin v26.8 - https:\/\/yoast.com\/product\/yoast-seo-wordpress\/ -->\n<title>Chaquetas Burberry - elpatronvintage.com<\/title>\n<meta name=\"robots\" content=\"index, follow, max-snippet:-1, max-image-preview:large, max-video-preview:-1\" \/>\n<link rel=\"canonical\" href=\"https:\/\/elpatronvintage.com\/it\/prodotto\/giacche-burberry\/\" \/>\n<meta property=\"og:locale\" content=\"it_IT\" \/>\n<meta property=\"og:type\" content=\"article\" \/>\n<meta property=\"og:title\" content=\"Chaquetas Burberry - elpatronvintage.com\" \/>\n<meta property=\"og:description\" content=\"Nos encontramos con la categor\u00eda m\u00e1s PREMIUM de todas.  Dentro de estos lotes podremos encontrar las famosas gabardinas, con el estampado cl\u00e1sico de Burberry, chaquetas estilo harrington, chaquetas de piel, chaquetas largas... perfectas para darle ese toque lujoso a tu tienda vintage con estos productos Burberry.  Marcas: Burberry London, Burberry&#039;s, Thomas Burberry  Tallas:\u00a0XS a XL (Variadas)  Reventa: 80\u20ac-400\u20ac por unidad.  CALIDAD A  PEDIDO MINIMO - 5 PIEZAS  ENV\u00cdOS GRATIS 24\/48H EN TODA ESPA\u00d1A.\u00a0  ENV\u00cdOS 48\/72H EN TODA EUROPA\" \/>\n<meta property=\"og:url\" content=\"https:\/\/elpatronvintage.com\/it\/prodotto\/giacche-burberry\/\" \/>\n<meta property=\"og:site_name\" content=\"elpatronvintage.com\" \/>\n<meta property=\"article:modified_time\" content=\"2025-10-21T17:19:34+00:00\" \/>\n<meta property=\"og:image\" content=\"https:\/\/elpatronvintage.com\/wp-content\/uploads\/2023\/07\/2-4.webp\" \/>\n\t<meta property=\"og:image:width\" content=\"977\" \/>\n\t<meta property=\"og:image:height\" content=\"1260\" \/>\n\t<meta property=\"og:image:type\" content=\"image\/webp\" \/>\n<meta name=\"twitter:card\" content=\"summary_large_image\" \/>\n<meta name=\"twitter:label1\" content=\"Tempo di lettura stimato\" \/>\n\t<meta name=\"twitter:data1\" content=\"1 minuto\" \/>\n<script type=\"application\/ld+json\" class=\"yoast-schema-graph\">{\"@context\":\"https:\/\/schema.org\",\"@graph\":[{\"@type\":\"WebPage\",\"@id\":\"https:\/\/elpatronvintage.com\/en\/product\/burberry-jackets\/\",\"url\":\"https:\/\/elpatronvintage.com\/en\/product\/burberry-jackets\/\",\"name\":\"Chaquetas Burberry - elpatronvintage.com\",\"isPartOf\":{\"@id\":\"http:\/\/elpatronvintage.com\/en\/#website\"},\"primaryImageOfPage\":{\"@id\":\"https:\/\/elpatronvintage.com\/en\/product\/burberry-jackets\/#primaryimage\"},\"image\":{\"@id\":\"https:\/\/elpatronvintage.com\/en\/product\/burberry-jackets\/#primaryimage\"},\"thumbnailUrl\":\"https:\/\/elpatronvintage.com\/wp-content\/uploads\/2023\/07\/2-4.webp\",\"datePublished\":\"2023-07-13T17:32:35+00:00\",\"dateModified\":\"2025-10-21T17:19:34+00:00\",\"breadcrumb\":{\"@id\":\"https:\/\/elpatronvintage.com\/en\/product\/burberry-jackets\/#breadcrumb\"},\"inLanguage\":\"it-IT\",\"potentialAction\":[{\"@type\":\"ReadAction\",\"target\":[\"https:\/\/elpatronvintage.com\/en\/product\/burberry-jackets\/\"]}]},{\"@type\":\"ImageObject\",\"inLanguage\":\"it-IT\",\"@id\":\"https:\/\/elpatronvintage.com\/en\/product\/burberry-jackets\/#primaryimage\",\"url\":\"https:\/\/elpatronvintage.com\/wp-content\/uploads\/2023\/07\/2-4.webp\",\"contentUrl\":\"https:\/\/elpatronvintage.com\/wp-content\/uploads\/2023\/07\/2-4.webp\",\"width\":977,\"height\":1260},{\"@type\":\"BreadcrumbList\",\"@id\":\"https:\/\/elpatronvintage.com\/en\/product\/burberry-jackets\/#breadcrumb\",\"itemListElement\":[{\"@type\":\"ListItem\",\"position\":1,\"name\":\"Portada\",\"item\":\"http:\/\/elpatronvintage.com\/en\/\"},{\"@type\":\"ListItem\",\"position\":2,\"name\":\"Lote de Ropa Vintage\",\"item\":\"http:\/\/elpatronvintage.com\/en\/shop\/\"},{\"@type\":\"ListItem\",\"position\":3,\"name\":\"Chaquetas Burberry\"}]},{\"@type\":\"WebSite\",\"@id\":\"http:\/\/elpatronvintage.com\/en\/#website\",\"url\":\"http:\/\/elpatronvintage.com\/en\/\",\"name\":\"EL PATR\u00d3N VINTAGE WHOLESALE | Proveedores de ropa vintage\",\"description\":\"El Patr\u00f3n Vintage CLOTHING WHOLESALE\",\"publisher\":{\"@id\":\"http:\/\/elpatronvintage.com\/en\/#organization\"},\"alternateName\":\"Ropa Vintage al Por Mayor\",\"potentialAction\":[{\"@type\":\"SearchAction\",\"target\":{\"@type\":\"EntryPoint\",\"urlTemplate\":\"http:\/\/elpatronvintage.com\/en\/?s={search_term_string}\"},\"query-input\":{\"@type\":\"PropertyValueSpecification\",\"valueRequired\":true,\"valueName\":\"search_term_string\"}}],\"inLanguage\":\"it-IT\"},{\"@type\":\"Organization\",\"@id\":\"http:\/\/elpatronvintage.com\/en\/#organization\",\"name\":\"EL PATR\u00d3N VINTAGE WHOLESALE | Proveedores de ropa vintage\",\"url\":\"http:\/\/elpatronvintage.com\/en\/\",\"logo\":{\"@type\":\"ImageObject\",\"inLanguage\":\"it-IT\",\"@id\":\"http:\/\/elpatronvintage.com\/en\/#\/schema\/logo\/image\/\",\"url\":\"https:\/\/elpatronvintage.com\/wp-content\/uploads\/2023\/01\/logo-web.webp\",\"contentUrl\":\"https:\/\/elpatronvintage.com\/wp-content\/uploads\/2023\/01\/logo-web.webp\",\"width\":961,\"height\":598,\"caption\":\"EL PATR\u00d3N VINTAGE WHOLESALE | Proveedores de ropa vintage\"},\"image\":{\"@id\":\"http:\/\/elpatronvintage.com\/en\/#\/schema\/logo\/image\/\"}}]}<\/script>\n<!-- \/ Yoast SEO plugin. -->","yoast_head_json":{"title":"Giacche Burberry - elpatronvintage.com","robots":{"index":"index","follow":"follow","max-snippet":"max-snippet:-1","max-image-preview":"max-image-preview:large","max-video-preview":"max-video-preview:-1"},"canonical":"https:\/\/elpatronvintage.com\/it\/prodotto\/giacche-burberry\/","og_locale":"it_IT","og_type":"article","og_title":"Chaquetas Burberry - elpatronvintage.com","og_description":"Nos encontramos con la categor\u00eda m\u00e1s PREMIUM de todas.  Dentro de estos lotes podremos encontrar las famosas gabardinas, con el estampado cl\u00e1sico de Burberry, chaquetas estilo harrington, chaquetas de piel, chaquetas largas... perfectas para darle ese toque lujoso a tu tienda vintage con estos productos Burberry.  Marcas: Burberry London, Burberry's, Thomas Burberry  Tallas:\u00a0XS a XL (Variadas)  Reventa: 80\u20ac-400\u20ac por unidad.  CALIDAD A  PEDIDO MINIMO - 5 PIEZAS  ENV\u00cdOS GRATIS 24\/48H EN TODA ESPA\u00d1A.\u00a0  ENV\u00cdOS 48\/72H EN TODA EUROPA","og_url":"https:\/\/elpatronvintage.com\/it\/prodotto\/giacche-burberry\/","og_site_name":"elpatronvintage.com","article_modified_time":"2025-10-21T17:19:34+00:00","og_image":[{"width":977,"height":1260,"url":"https:\/\/elpatronvintage.com\/wp-content\/uploads\/2023\/07\/2-4.webp","type":"image\/webp"}],"twitter_card":"summary_large_image","twitter_misc":{"Tempo di lettura stimato":"1 minuto"},"schema":{"@context":"https:\/\/schema.org","@graph":[{"@type":"WebPage","@id":"https:\/\/elpatronvintage.com\/en\/product\/burberry-jackets\/","url":"https:\/\/elpatronvintage.com\/en\/product\/burberry-jackets\/","name":"Giacche Burberry - elpatronvintage.com","isPartOf":{"@id":"http:\/\/elpatronvintage.com\/en\/#website"},"primaryImageOfPage":{"@id":"https:\/\/elpatronvintage.com\/en\/product\/burberry-jackets\/#primaryimage"},"image":{"@id":"https:\/\/elpatronvintage.com\/en\/product\/burberry-jackets\/#primaryimage"},"thumbnailUrl":"https:\/\/elpatronvintage.com\/wp-content\/uploads\/2023\/07\/2-4.webp","datePublished":"2023-07-13T17:32:35+00:00","dateModified":"2025-10-21T17:19:34+00:00","breadcrumb":{"@id":"https:\/\/elpatronvintage.com\/en\/product\/burberry-jackets\/#breadcrumb"},"inLanguage":"it-IT","potentialAction":[{"@type":"ReadAction","target":["https:\/\/elpatronvintage.com\/en\/product\/burberry-jackets\/"]}]},{"@type":"ImageObject","inLanguage":"it-IT","@id":"https:\/\/elpatronvintage.com\/en\/product\/burberry-jackets\/#primaryimage","url":"https:\/\/elpatronvintage.com\/wp-content\/uploads\/2023\/07\/2-4.webp","contentUrl":"https:\/\/elpatronvintage.com\/wp-content\/uploads\/2023\/07\/2-4.webp","width":977,"height":1260},{"@type":"BreadcrumbList","@id":"https:\/\/elpatronvintage.com\/en\/product\/burberry-jackets\/#breadcrumb","itemListElement":[{"@type":"ListItem","position":1,"name":"Portada","item":"http:\/\/elpatronvintage.com\/en\/"},{"@type":"ListItem","position":2,"name":"Lote de Ropa Vintage","item":"http:\/\/elpatronvintage.com\/en\/shop\/"},{"@type":"ListItem","position":3,"name":"Chaquetas Burberry"}]},{"@type":"WebSite","@id":"http:\/\/elpatronvintage.com\/en\/#website","url":"http:\/\/elpatronvintage.com\/en\/","name":"IL PATTERN WHOLESALE VINTAGE | Fornitori di abbigliamento vintage","description":"Il modello vintage di CLOTHING WHOLESALE","publisher":{"@id":"http:\/\/elpatronvintage.com\/en\/#organization"},"alternateName":"Ropa Vintage al Por Mayor","potentialAction":[{"@type":"SearchAction","target":{"@type":"EntryPoint","urlTemplate":"http:\/\/elpatronvintage.com\/en\/?s={search_term_string}"},"query-input":{"@type":"PropertyValueSpecification","valueRequired":true,"valueName":"search_term_string"}}],"inLanguage":"it-IT"},{"@type":"Organization","@id":"http:\/\/elpatronvintage.com\/en\/#organization","name":"IL PATTERN WHOLESALE VINTAGE | Fornitori di abbigliamento vintage","url":"http:\/\/elpatronvintage.com\/en\/","logo":{"@type":"ImageObject","inLanguage":"it-IT","@id":"http:\/\/elpatronvintage.com\/en\/#\/schema\/logo\/image\/","url":"https:\/\/elpatronvintage.com\/wp-content\/uploads\/2023\/01\/logo-web.webp","contentUrl":"https:\/\/elpatronvintage.com\/wp-content\/uploads\/2023\/01\/logo-web.webp","width":961,"height":598,"caption":"EL PATR\u00d3N VINTAGE WHOLESALE | Proveedores de ropa vintage"},"image":{"@id":"http:\/\/elpatronvintage.com\/en\/#\/schema\/logo\/image\/"}}]}},"_links":{"self":[{"href":"https:\/\/elpatronvintage.com\/it\/wp-json\/wp\/v2\/product\/4535","targetHints":{"allow":["GET"]}}],"collection":[{"href":"https:\/\/elpatronvintage.com\/it\/wp-json\/wp\/v2\/product"}],"about":[{"href":"https:\/\/elpatronvintage.com\/it\/wp-json\/wp\/v2\/types\/product"}],"replies":[{"embeddable":true,"href":"https:\/\/elpatronvintage.com\/it\/wp-json\/wp\/v2\/comments?post=4535"}],"version-history":[{"count":4,"href":"https:\/\/elpatronvintage.com\/it\/wp-json\/wp\/v2\/product\/4535\/revisions"}],"predecessor-version":[{"id":13533,"href":"https:\/\/elpatronvintage.com\/it\/wp-json\/wp\/v2\/product\/4535\/revisions\/13533"}],"wp:featuredmedia":[{"embeddable":true,"href":"https:\/\/elpatronvintage.com\/it\/wp-json\/wp\/v2\/media\/4537"}],"wp:attachment":[{"href":"https:\/\/elpatronvintage.com\/it\/wp-json\/wp\/v2\/media?parent=4535"}],"wp:term":[{"taxonomy":"product_brand","embeddable":true,"href":"https:\/\/elpatronvintage.com\/it\/wp-json\/wp\/v2\/product_brand?post=4535"},{"taxonomy":"product_cat","embeddable":true,"href":"https:\/\/elpatronvintage.com\/it\/wp-json\/wp\/v2\/product_cat?post=4535"},{"taxonomy":"product_tag","embeddable":true,"href":"https:\/\/elpatronvintage.com\/it\/wp-json\/wp\/v2\/product_tag?post=4535"}],"curies":[{"name":"wp","href":"https:\/\/api.w.org\/{rel}","templated":true}]}}