{"id":4353,"date":"2023-06-30T15:06:11","date_gmt":"2023-06-30T13:06:11","guid":{"rendered":"https:\/\/elpatronvintage.com\/?post_type=product&#038;p=4353"},"modified":"2025-09-09T23:09:38","modified_gmt":"2025-09-09T21:09:38","slug":"pantaloncini-levis","status":"publish","type":"product","link":"https:\/\/elpatronvintage.com\/it\/prodotto\/pantaloncini-levis\/","title":{"rendered":"Pantaloncini Levi's MIX"},"content":{"rendered":"","protected":false},"excerpt":{"rendered":"<p>I pantaloni Levi's sono jeans iconici, resistenti ed eleganti che si adattano a una variet\u00e0 di silhouette. Offrono una vestibilit\u00e0 comoda, una costruzione di qualit\u00e0 e un'ampia variet\u00e0 di modelli moderni. Sono una scelta perfetta per la rivendita.<\/p>\n<p>Marche: Levi's Variados.<\/p>\n<p>Taglie: 26-44 (assortite)<\/p>\n<p><strong>Rivendita: 25-35 euro per unit\u00e0.<\/strong><\/p>\n<p><strong>QUALIT\u00c0 A.<\/strong><\/p>\n<p><strong>ORDINE MINIMO - 10 PEZZI<\/strong><\/p>\n<p><strong>SPEDIZIONE GRATUITA 48\/72H IN TUTTA LA SPAGNA.\u00a0<\/strong><\/p>","protected":false},"featured_media":4354,"comment_status":"open","ping_status":"closed","template":"","meta":[],"product_brand":[],"product_cat":[244,241,219,240,27,221,186,16],"product_tag":[],"class_list":{"0":"post-4353","1":"product","2":"type-product","3":"status-publish","4":"has-post-thumbnail","6":"product_cat-endofseason-sales","7":"product_cat-lvs","8":"product_cat-offer","9":"product_cat-ofertas-verano","10":"product_cat-jeans","11":"product_cat-marcas","12":"product_cat-shorts-men","13":"product_cat-allproducts","15":"first","16":"instock","17":"sale","18":"taxable","19":"shipping-taxable","20":"purchasable","21":"product-type-simple"},"yoast_head":"<!-- This site is optimized with the Yoast SEO plugin v26.8 - https:\/\/yoast.com\/product\/yoast-seo-wordpress\/ -->\n<title>Levi&#039;s MIX Shorts - elpatronvintage.com<\/title>\n<meta name=\"robots\" content=\"index, follow, max-snippet:-1, max-image-preview:large, max-video-preview:-1\" \/>\n<link rel=\"canonical\" href=\"http:\/\/elpatronvintage.com\/it\/prodotto\/pantaloncini-levis\/\" \/>\n<meta property=\"og:locale\" content=\"it_IT\" \/>\n<meta property=\"og:type\" content=\"article\" \/>\n<meta property=\"og:title\" content=\"Levi&#039;s MIX Shorts - elpatronvintage.com\" \/>\n<meta property=\"og:description\" content=\"Los pantalones Levi&#039;s son jeans ic\u00f3nicos y duraderos con estilo que se adaptan a diferentes siluetas. Ofrecen ajuste favorecedor, calidad en la confecci\u00f3n y una amplia variedad de dise\u00f1os modernos. Son una elecci\u00f3n perfecta para re-vender.  Marcas: Levi&#039;s Variados.  Tallas: 26-44 (Variadas)  Reventa: 25\u20ac-35\u20ac por unidad.  CALIDAD A.  PEDIDO MINIMO - 10 PIEZAS  ENV\u00cdOS GRATIS 48\/72H EN TODA ESPA\u00d1A.\u00a0\" \/>\n<meta property=\"og:url\" content=\"http:\/\/elpatronvintage.com\/it\/prodotto\/pantaloncini-levis\/\" \/>\n<meta property=\"og:site_name\" content=\"elpatronvintage.com\" \/>\n<meta property=\"article:modified_time\" content=\"2025-09-09T21:09:38+00:00\" \/>\n<meta property=\"og:image\" content=\"http:\/\/elpatronvintage.com\/wp-content\/uploads\/2023\/06\/1-26.webp\" \/>\n\t<meta property=\"og:image:width\" content=\"977\" \/>\n\t<meta property=\"og:image:height\" content=\"1260\" \/>\n\t<meta property=\"og:image:type\" content=\"image\/webp\" \/>\n<meta name=\"twitter:card\" content=\"summary_large_image\" \/>\n<meta name=\"twitter:label1\" content=\"Tempo di lettura stimato\" \/>\n\t<meta name=\"twitter:data1\" content=\"1 minuto\" \/>\n<script type=\"application\/ld+json\" class=\"yoast-schema-graph\">{\"@context\":\"https:\/\/schema.org\",\"@graph\":[{\"@type\":\"WebPage\",\"@id\":\"http:\/\/elpatronvintage.com\/en\/product\/levis-shorts\/\",\"url\":\"http:\/\/elpatronvintage.com\/en\/product\/levis-shorts\/\",\"name\":\"Levi's MIX Shorts - elpatronvintage.com\",\"isPartOf\":{\"@id\":\"https:\/\/elpatronvintage.com\/#website\"},\"primaryImageOfPage\":{\"@id\":\"http:\/\/elpatronvintage.com\/en\/product\/levis-shorts\/#primaryimage\"},\"image\":{\"@id\":\"http:\/\/elpatronvintage.com\/en\/product\/levis-shorts\/#primaryimage\"},\"thumbnailUrl\":\"https:\/\/elpatronvintage.com\/wp-content\/uploads\/2023\/06\/1-26.webp\",\"datePublished\":\"2023-06-30T13:06:11+00:00\",\"dateModified\":\"2025-09-09T21:09:38+00:00\",\"breadcrumb\":{\"@id\":\"http:\/\/elpatronvintage.com\/en\/product\/levis-shorts\/#breadcrumb\"},\"inLanguage\":\"it-IT\",\"potentialAction\":[{\"@type\":\"ReadAction\",\"target\":[\"http:\/\/elpatronvintage.com\/en\/product\/levis-shorts\/\"]}]},{\"@type\":\"ImageObject\",\"inLanguage\":\"it-IT\",\"@id\":\"http:\/\/elpatronvintage.com\/en\/product\/levis-shorts\/#primaryimage\",\"url\":\"https:\/\/elpatronvintage.com\/wp-content\/uploads\/2023\/06\/1-26.webp\",\"contentUrl\":\"https:\/\/elpatronvintage.com\/wp-content\/uploads\/2023\/06\/1-26.webp\",\"width\":977,\"height\":1260},{\"@type\":\"BreadcrumbList\",\"@id\":\"http:\/\/elpatronvintage.com\/en\/product\/levis-shorts\/#breadcrumb\",\"itemListElement\":[{\"@type\":\"ListItem\",\"position\":1,\"name\":\"Portada\",\"item\":\"https:\/\/elpatronvintage.com\/it\/\"},{\"@type\":\"ListItem\",\"position\":2,\"name\":\"Lote de Ropa Vintage\",\"item\":\"http:\/\/elpatronvintage.com\/shop\/\"},{\"@type\":\"ListItem\",\"position\":3,\"name\":\"Levi&#8217;s MIX Shorts\"}]},{\"@type\":\"WebSite\",\"@id\":\"https:\/\/elpatronvintage.com\/#website\",\"url\":\"https:\/\/elpatronvintage.com\/\",\"name\":\"EL PATR\u00d3N VINTAGE WHOLESALE | Proveedores de ropa vintage\",\"description\":\"El Patr\u00f3n Vintage CLOTHING WHOLESALE\",\"publisher\":{\"@id\":\"https:\/\/elpatronvintage.com\/#organization\"},\"alternateName\":\"Ropa Vintage al Por Mayor\",\"potentialAction\":[{\"@type\":\"SearchAction\",\"target\":{\"@type\":\"EntryPoint\",\"urlTemplate\":\"https:\/\/elpatronvintage.com\/?s={search_term_string}\"},\"query-input\":{\"@type\":\"PropertyValueSpecification\",\"valueRequired\":true,\"valueName\":\"search_term_string\"}}],\"inLanguage\":\"it-IT\"},{\"@type\":\"Organization\",\"@id\":\"https:\/\/elpatronvintage.com\/#organization\",\"name\":\"EL PATR\u00d3N VINTAGE WHOLESALE | Proveedores de ropa vintage\",\"url\":\"https:\/\/elpatronvintage.com\/\",\"logo\":{\"@type\":\"ImageObject\",\"inLanguage\":\"it-IT\",\"@id\":\"https:\/\/elpatronvintage.com\/#\/schema\/logo\/image\/\",\"url\":\"https:\/\/elpatronvintage.com\/wp-content\/uploads\/2023\/01\/logo-web.webp\",\"contentUrl\":\"https:\/\/elpatronvintage.com\/wp-content\/uploads\/2023\/01\/logo-web.webp\",\"width\":961,\"height\":598,\"caption\":\"EL PATR\u00d3N VINTAGE WHOLESALE | Proveedores de ropa vintage\"},\"image\":{\"@id\":\"https:\/\/elpatronvintage.com\/#\/schema\/logo\/image\/\"}}]}<\/script>\n<!-- \/ Yoast SEO plugin. -->","yoast_head_json":{"title":"Pantaloncini Levi's MIX - elpatronvintage.com","robots":{"index":"index","follow":"follow","max-snippet":"max-snippet:-1","max-image-preview":"max-image-preview:large","max-video-preview":"max-video-preview:-1"},"canonical":"http:\/\/elpatronvintage.com\/it\/prodotto\/pantaloncini-levis\/","og_locale":"it_IT","og_type":"article","og_title":"Levi's MIX Shorts - elpatronvintage.com","og_description":"Los pantalones Levi's son jeans ic\u00f3nicos y duraderos con estilo que se adaptan a diferentes siluetas. Ofrecen ajuste favorecedor, calidad en la confecci\u00f3n y una amplia variedad de dise\u00f1os modernos. Son una elecci\u00f3n perfecta para re-vender.  Marcas: Levi's Variados.  Tallas: 26-44 (Variadas)  Reventa: 25\u20ac-35\u20ac por unidad.  CALIDAD A.  PEDIDO MINIMO - 10 PIEZAS  ENV\u00cdOS GRATIS 48\/72H EN TODA ESPA\u00d1A.\u00a0","og_url":"http:\/\/elpatronvintage.com\/it\/prodotto\/pantaloncini-levis\/","og_site_name":"elpatronvintage.com","article_modified_time":"2025-09-09T21:09:38+00:00","og_image":[{"width":977,"height":1260,"url":"http:\/\/elpatronvintage.com\/wp-content\/uploads\/2023\/06\/1-26.webp","type":"image\/webp"}],"twitter_card":"summary_large_image","twitter_misc":{"Tempo di lettura stimato":"1 minuto"},"schema":{"@context":"https:\/\/schema.org","@graph":[{"@type":"WebPage","@id":"http:\/\/elpatronvintage.com\/en\/product\/levis-shorts\/","url":"http:\/\/elpatronvintage.com\/en\/product\/levis-shorts\/","name":"Pantaloncini Levi's MIX - elpatronvintage.com","isPartOf":{"@id":"https:\/\/elpatronvintage.com\/#website"},"primaryImageOfPage":{"@id":"http:\/\/elpatronvintage.com\/en\/product\/levis-shorts\/#primaryimage"},"image":{"@id":"http:\/\/elpatronvintage.com\/en\/product\/levis-shorts\/#primaryimage"},"thumbnailUrl":"https:\/\/elpatronvintage.com\/wp-content\/uploads\/2023\/06\/1-26.webp","datePublished":"2023-06-30T13:06:11+00:00","dateModified":"2025-09-09T21:09:38+00:00","breadcrumb":{"@id":"http:\/\/elpatronvintage.com\/en\/product\/levis-shorts\/#breadcrumb"},"inLanguage":"it-IT","potentialAction":[{"@type":"ReadAction","target":["http:\/\/elpatronvintage.com\/en\/product\/levis-shorts\/"]}]},{"@type":"ImageObject","inLanguage":"it-IT","@id":"http:\/\/elpatronvintage.com\/en\/product\/levis-shorts\/#primaryimage","url":"https:\/\/elpatronvintage.com\/wp-content\/uploads\/2023\/06\/1-26.webp","contentUrl":"https:\/\/elpatronvintage.com\/wp-content\/uploads\/2023\/06\/1-26.webp","width":977,"height":1260},{"@type":"BreadcrumbList","@id":"http:\/\/elpatronvintage.com\/en\/product\/levis-shorts\/#breadcrumb","itemListElement":[{"@type":"ListItem","position":1,"name":"Portada","item":"https:\/\/elpatronvintage.com\/it\/"},{"@type":"ListItem","position":2,"name":"Lote de Ropa Vintage","item":"http:\/\/elpatronvintage.com\/shop\/"},{"@type":"ListItem","position":3,"name":"Levi&#8217;s MIX Shorts"}]},{"@type":"WebSite","@id":"https:\/\/elpatronvintage.com\/#website","url":"https:\/\/elpatronvintage.com\/","name":"IL PATTERN WHOLESALE VINTAGE | Fornitori di abbigliamento vintage","description":"Il modello vintage di CLOTHING WHOLESALE","publisher":{"@id":"https:\/\/elpatronvintage.com\/#organization"},"alternateName":"Ropa Vintage al Por Mayor","potentialAction":[{"@type":"SearchAction","target":{"@type":"EntryPoint","urlTemplate":"https:\/\/elpatronvintage.com\/?s={search_term_string}"},"query-input":{"@type":"PropertyValueSpecification","valueRequired":true,"valueName":"search_term_string"}}],"inLanguage":"it-IT"},{"@type":"Organization","@id":"https:\/\/elpatronvintage.com\/#organization","name":"IL PATTERN WHOLESALE VINTAGE | Fornitori di abbigliamento vintage","url":"https:\/\/elpatronvintage.com\/","logo":{"@type":"ImageObject","inLanguage":"it-IT","@id":"https:\/\/elpatronvintage.com\/#\/schema\/logo\/image\/","url":"https:\/\/elpatronvintage.com\/wp-content\/uploads\/2023\/01\/logo-web.webp","contentUrl":"https:\/\/elpatronvintage.com\/wp-content\/uploads\/2023\/01\/logo-web.webp","width":961,"height":598,"caption":"EL PATR\u00d3N VINTAGE WHOLESALE | Proveedores de ropa vintage"},"image":{"@id":"https:\/\/elpatronvintage.com\/#\/schema\/logo\/image\/"}}]}},"_links":{"self":[{"href":"https:\/\/elpatronvintage.com\/it\/wp-json\/wp\/v2\/product\/4353","targetHints":{"allow":["GET"]}}],"collection":[{"href":"https:\/\/elpatronvintage.com\/it\/wp-json\/wp\/v2\/product"}],"about":[{"href":"https:\/\/elpatronvintage.com\/it\/wp-json\/wp\/v2\/types\/product"}],"replies":[{"embeddable":true,"href":"https:\/\/elpatronvintage.com\/it\/wp-json\/wp\/v2\/comments?post=4353"}],"version-history":[{"count":2,"href":"https:\/\/elpatronvintage.com\/it\/wp-json\/wp\/v2\/product\/4353\/revisions"}],"predecessor-version":[{"id":13436,"href":"https:\/\/elpatronvintage.com\/it\/wp-json\/wp\/v2\/product\/4353\/revisions\/13436"}],"wp:featuredmedia":[{"embeddable":true,"href":"https:\/\/elpatronvintage.com\/it\/wp-json\/wp\/v2\/media\/4354"}],"wp:attachment":[{"href":"https:\/\/elpatronvintage.com\/it\/wp-json\/wp\/v2\/media?parent=4353"}],"wp:term":[{"taxonomy":"product_brand","embeddable":true,"href":"https:\/\/elpatronvintage.com\/it\/wp-json\/wp\/v2\/product_brand?post=4353"},{"taxonomy":"product_cat","embeddable":true,"href":"https:\/\/elpatronvintage.com\/it\/wp-json\/wp\/v2\/product_cat?post=4353"},{"taxonomy":"product_tag","embeddable":true,"href":"https:\/\/elpatronvintage.com\/it\/wp-json\/wp\/v2\/product_tag?post=4353"}],"curies":[{"name":"wp","href":"https:\/\/api.w.org\/{rel}","templated":true}]}}