{"id":4350,"date":"2023-06-30T13:04:09","date_gmt":"2023-06-30T11:04:09","guid":{"rendered":"https:\/\/elpatronvintage.com\/?post_type=product&#038;p=4350"},"modified":"2026-02-14T18:28:06","modified_gmt":"2026-02-14T16:28:06","slug":"maglione-del-nonno","status":"publish","type":"product","link":"https:\/\/elpatronvintage.com\/it\/prodotto\/maglione-del-nonno\/","title":{"rendered":"Maglioni stile Coogi"},"content":{"rendered":"","protected":false},"excerpt":{"rendered":"<p><strong>Maglioni in maglia e lana stile \"Coogi<\/strong><\/p>\n<p>Uno dei nostri\u00a0<strong>VENDITE TOP<\/strong>\u00a0in inverno: il\u00a0<strong>maglioni \"coogi<\/strong>autentici pezzi iconici degli anni '90. Questi maglioni si distinguono per la loro\u00a0<strong>qualit\u00e0 superiore<\/strong>\u00a0e i loro progetti\u00a0<strong>colorato<\/strong>\u00a0y\u00a0<strong>originali<\/strong>. Con\u00a0<strong>stampe classiche<\/strong>,\u00a0<strong>ricamo<\/strong>\u00a0e una variet\u00e0 di\u00a0<strong>Colori vivaci<\/strong>ogni pezzo \u00e8 unico e diverso.<\/p>\n<p><strong>Marche<\/strong>Vintage (assortiti)<\/p>\n<p><strong>Taglie:<\/strong> Da XS a XXL (assortiti)<\/p>\n<p><strong>Rivendita: 20-60\u20ac per unit\u00e0.<\/strong><\/p>\n<p><strong>QUALIT\u00c0 A<\/strong><\/p>\n<p><strong>ORDINE MINIMO - 10 PEZZI<\/strong><\/p>\n<p><strong>SPEDIZIONE GRATUITA 24\/48H IN TUTTA LA SPAGNA<\/strong><\/p>\n<p><strong>SPEDIZIONI IN 48\/72 ORE IN TUTTA EUROPA<\/strong><\/p>","protected":false},"featured_media":5062,"comment_status":"open","ping_status":"closed","template":"","meta":[],"product_brand":[],"product_cat":[218,219,222,16],"product_tag":[],"class_list":{"0":"post-4350","1":"product","2":"type-product","3":"status-publish","4":"has-post-thumbnail","6":"product_cat-sweaters","7":"product_cat-offer","8":"product_cat-retro","9":"product_cat-allproducts","11":"first","12":"instock","13":"sale","14":"taxable","15":"shipping-taxable","16":"purchasable","17":"product-type-simple"},"yoast_head":"<!-- This site is optimized with the Yoast SEO plugin v26.8 - https:\/\/yoast.com\/product\/yoast-seo-wordpress\/ -->\n<title>Jers\u00e9is Coogi Style - elpatronvintage.com<\/title>\n<meta name=\"robots\" content=\"index, follow, max-snippet:-1, max-image-preview:large, max-video-preview:-1\" \/>\n<link rel=\"canonical\" href=\"http:\/\/elpatronvintage.com\/it\/prodotto\/maglione-del-nonno\/\" \/>\n<meta property=\"og:locale\" content=\"it_IT\" \/>\n<meta property=\"og:type\" content=\"article\" \/>\n<meta property=\"og:title\" content=\"Jers\u00e9is Coogi Style - elpatronvintage.com\" \/>\n<meta property=\"og:description\" content=\"Jers\u00e9is de Punto y Lana Estilo &quot;Coogi&quot;  Uno de nuestros\u00a0TOP VENTAS\u00a0en invierno: los\u00a0jers\u00e9is &quot;coogi&quot;, aut\u00e9nticas piezas ic\u00f3nicas de los a\u00f1os 90. Estos jers\u00e9is destacan por su\u00a0calidad superior\u00a0y sus dise\u00f1os\u00a0coloridos\u00a0y\u00a0originales. Con\u00a0estampados cl\u00e1sicos,\u00a0bordados\u00a0y una variedad de\u00a0colores vibrantes, cada pieza es \u00fanica y diferente..  Marcas: Vintage (Variadas)  Tallas: XS a XXL (Variadas)  Reventa: 20-60\u20ac por unidad.  CALIDAD A  PEDIDO MINIMO - 10 PIEZAS  ENV\u00cdOS GRATIS 24\/48H EN TODA ESPA\u00d1A  ENV\u00cdOS 48\/72H EN TODA EUROPA\" \/>\n<meta property=\"og:url\" content=\"http:\/\/elpatronvintage.com\/it\/prodotto\/maglione-del-nonno\/\" \/>\n<meta property=\"og:site_name\" content=\"elpatronvintage.com\" \/>\n<meta property=\"article:modified_time\" content=\"2026-02-14T16:28:06+00:00\" \/>\n<meta property=\"og:image\" content=\"http:\/\/elpatronvintage.com\/wp-content\/uploads\/2023\/06\/1-35.webp\" \/>\n\t<meta property=\"og:image:width\" content=\"977\" \/>\n\t<meta property=\"og:image:height\" content=\"1260\" \/>\n\t<meta property=\"og:image:type\" content=\"image\/webp\" \/>\n<meta name=\"twitter:card\" content=\"summary_large_image\" \/>\n<meta name=\"twitter:label1\" content=\"Tempo di lettura stimato\" \/>\n\t<meta name=\"twitter:data1\" content=\"1 minuto\" \/>\n<script type=\"application\/ld+json\" class=\"yoast-schema-graph\">{\"@context\":\"https:\/\/schema.org\",\"@graph\":[{\"@type\":\"WebPage\",\"@id\":\"http:\/\/elpatronvintage.com\/fr\/produit\/pull-over-de-grand-pere\/\",\"url\":\"http:\/\/elpatronvintage.com\/fr\/produit\/pull-over-de-grand-pere\/\",\"name\":\"Jers\u00e9is Coogi Style - elpatronvintage.com\",\"isPartOf\":{\"@id\":\"https:\/\/elpatronvintage.com\/#website\"},\"primaryImageOfPage\":{\"@id\":\"http:\/\/elpatronvintage.com\/fr\/produit\/pull-over-de-grand-pere\/#primaryimage\"},\"image\":{\"@id\":\"http:\/\/elpatronvintage.com\/fr\/produit\/pull-over-de-grand-pere\/#primaryimage\"},\"thumbnailUrl\":\"https:\/\/elpatronvintage.com\/wp-content\/uploads\/2023\/06\/1-35.webp\",\"datePublished\":\"2023-06-30T11:04:09+00:00\",\"dateModified\":\"2026-02-14T16:28:06+00:00\",\"breadcrumb\":{\"@id\":\"http:\/\/elpatronvintage.com\/fr\/produit\/pull-over-de-grand-pere\/#breadcrumb\"},\"inLanguage\":\"it-IT\",\"potentialAction\":[{\"@type\":\"ReadAction\",\"target\":[\"http:\/\/elpatronvintage.com\/fr\/produit\/pull-over-de-grand-pere\/\"]}]},{\"@type\":\"ImageObject\",\"inLanguage\":\"it-IT\",\"@id\":\"http:\/\/elpatronvintage.com\/fr\/produit\/pull-over-de-grand-pere\/#primaryimage\",\"url\":\"https:\/\/elpatronvintage.com\/wp-content\/uploads\/2023\/06\/1-35.webp\",\"contentUrl\":\"https:\/\/elpatronvintage.com\/wp-content\/uploads\/2023\/06\/1-35.webp\",\"width\":977,\"height\":1260},{\"@type\":\"BreadcrumbList\",\"@id\":\"http:\/\/elpatronvintage.com\/fr\/produit\/pull-over-de-grand-pere\/#breadcrumb\",\"itemListElement\":[{\"@type\":\"ListItem\",\"position\":1,\"name\":\"Portada\",\"item\":\"https:\/\/elpatronvintage.com\/it\/\"},{\"@type\":\"ListItem\",\"position\":2,\"name\":\"Lote de Ropa Vintage\",\"item\":\"http:\/\/elpatronvintage.com\/shop\/\"},{\"@type\":\"ListItem\",\"position\":3,\"name\":\"Jers\u00e9is Coogi Style\"}]},{\"@type\":\"WebSite\",\"@id\":\"https:\/\/elpatronvintage.com\/#website\",\"url\":\"https:\/\/elpatronvintage.com\/\",\"name\":\"EL PATR\u00d3N VINTAGE WHOLESALE | Proveedores de ropa vintage\",\"description\":\"El Patr\u00f3n Vintage CLOTHING WHOLESALE\",\"publisher\":{\"@id\":\"https:\/\/elpatronvintage.com\/#organization\"},\"alternateName\":\"Ropa Vintage al Por Mayor\",\"potentialAction\":[{\"@type\":\"SearchAction\",\"target\":{\"@type\":\"EntryPoint\",\"urlTemplate\":\"https:\/\/elpatronvintage.com\/?s={search_term_string}\"},\"query-input\":{\"@type\":\"PropertyValueSpecification\",\"valueRequired\":true,\"valueName\":\"search_term_string\"}}],\"inLanguage\":\"it-IT\"},{\"@type\":\"Organization\",\"@id\":\"https:\/\/elpatronvintage.com\/#organization\",\"name\":\"EL PATR\u00d3N VINTAGE WHOLESALE | Proveedores de ropa vintage\",\"url\":\"https:\/\/elpatronvintage.com\/\",\"logo\":{\"@type\":\"ImageObject\",\"inLanguage\":\"it-IT\",\"@id\":\"https:\/\/elpatronvintage.com\/#\/schema\/logo\/image\/\",\"url\":\"https:\/\/elpatronvintage.com\/wp-content\/uploads\/2023\/01\/logo-web.webp\",\"contentUrl\":\"https:\/\/elpatronvintage.com\/wp-content\/uploads\/2023\/01\/logo-web.webp\",\"width\":961,\"height\":598,\"caption\":\"EL PATR\u00d3N VINTAGE WHOLESALE | Proveedores de ropa vintage\"},\"image\":{\"@id\":\"https:\/\/elpatronvintage.com\/#\/schema\/logo\/image\/\"}}]}<\/script>\n<!-- \/ Yoast SEO plugin. -->","yoast_head_json":{"title":"Maglioni stile Coogi - elpatronvintage.com","robots":{"index":"index","follow":"follow","max-snippet":"max-snippet:-1","max-image-preview":"max-image-preview:large","max-video-preview":"max-video-preview:-1"},"canonical":"http:\/\/elpatronvintage.com\/it\/prodotto\/maglione-del-nonno\/","og_locale":"it_IT","og_type":"article","og_title":"Jers\u00e9is Coogi Style - elpatronvintage.com","og_description":"Jers\u00e9is de Punto y Lana Estilo \"Coogi\"  Uno de nuestros\u00a0TOP VENTAS\u00a0en invierno: los\u00a0jers\u00e9is \"coogi\", aut\u00e9nticas piezas ic\u00f3nicas de los a\u00f1os 90. Estos jers\u00e9is destacan por su\u00a0calidad superior\u00a0y sus dise\u00f1os\u00a0coloridos\u00a0y\u00a0originales. Con\u00a0estampados cl\u00e1sicos,\u00a0bordados\u00a0y una variedad de\u00a0colores vibrantes, cada pieza es \u00fanica y diferente..  Marcas: Vintage (Variadas)  Tallas: XS a XXL (Variadas)  Reventa: 20-60\u20ac por unidad.  CALIDAD A  PEDIDO MINIMO - 10 PIEZAS  ENV\u00cdOS GRATIS 24\/48H EN TODA ESPA\u00d1A  ENV\u00cdOS 48\/72H EN TODA EUROPA","og_url":"http:\/\/elpatronvintage.com\/it\/prodotto\/maglione-del-nonno\/","og_site_name":"elpatronvintage.com","article_modified_time":"2026-02-14T16:28:06+00:00","og_image":[{"width":977,"height":1260,"url":"http:\/\/elpatronvintage.com\/wp-content\/uploads\/2023\/06\/1-35.webp","type":"image\/webp"}],"twitter_card":"summary_large_image","twitter_misc":{"Tempo di lettura stimato":"1 minuto"},"schema":{"@context":"https:\/\/schema.org","@graph":[{"@type":"WebPage","@id":"http:\/\/elpatronvintage.com\/fr\/produit\/pull-over-de-grand-pere\/","url":"http:\/\/elpatronvintage.com\/fr\/produit\/pull-over-de-grand-pere\/","name":"Maglioni stile Coogi - elpatronvintage.com","isPartOf":{"@id":"https:\/\/elpatronvintage.com\/#website"},"primaryImageOfPage":{"@id":"http:\/\/elpatronvintage.com\/fr\/produit\/pull-over-de-grand-pere\/#primaryimage"},"image":{"@id":"http:\/\/elpatronvintage.com\/fr\/produit\/pull-over-de-grand-pere\/#primaryimage"},"thumbnailUrl":"https:\/\/elpatronvintage.com\/wp-content\/uploads\/2023\/06\/1-35.webp","datePublished":"2023-06-30T11:04:09+00:00","dateModified":"2026-02-14T16:28:06+00:00","breadcrumb":{"@id":"http:\/\/elpatronvintage.com\/fr\/produit\/pull-over-de-grand-pere\/#breadcrumb"},"inLanguage":"it-IT","potentialAction":[{"@type":"ReadAction","target":["http:\/\/elpatronvintage.com\/fr\/produit\/pull-over-de-grand-pere\/"]}]},{"@type":"ImageObject","inLanguage":"it-IT","@id":"http:\/\/elpatronvintage.com\/fr\/produit\/pull-over-de-grand-pere\/#primaryimage","url":"https:\/\/elpatronvintage.com\/wp-content\/uploads\/2023\/06\/1-35.webp","contentUrl":"https:\/\/elpatronvintage.com\/wp-content\/uploads\/2023\/06\/1-35.webp","width":977,"height":1260},{"@type":"BreadcrumbList","@id":"http:\/\/elpatronvintage.com\/fr\/produit\/pull-over-de-grand-pere\/#breadcrumb","itemListElement":[{"@type":"ListItem","position":1,"name":"Portada","item":"https:\/\/elpatronvintage.com\/it\/"},{"@type":"ListItem","position":2,"name":"Lote de Ropa Vintage","item":"http:\/\/elpatronvintage.com\/shop\/"},{"@type":"ListItem","position":3,"name":"Jers\u00e9is Coogi Style"}]},{"@type":"WebSite","@id":"https:\/\/elpatronvintage.com\/#website","url":"https:\/\/elpatronvintage.com\/","name":"IL PATTERN WHOLESALE VINTAGE | Fornitori di abbigliamento vintage","description":"Il modello vintage di CLOTHING WHOLESALE","publisher":{"@id":"https:\/\/elpatronvintage.com\/#organization"},"alternateName":"Ropa Vintage al Por Mayor","potentialAction":[{"@type":"SearchAction","target":{"@type":"EntryPoint","urlTemplate":"https:\/\/elpatronvintage.com\/?s={search_term_string}"},"query-input":{"@type":"PropertyValueSpecification","valueRequired":true,"valueName":"search_term_string"}}],"inLanguage":"it-IT"},{"@type":"Organization","@id":"https:\/\/elpatronvintage.com\/#organization","name":"IL PATTERN WHOLESALE VINTAGE | Fornitori di abbigliamento vintage","url":"https:\/\/elpatronvintage.com\/","logo":{"@type":"ImageObject","inLanguage":"it-IT","@id":"https:\/\/elpatronvintage.com\/#\/schema\/logo\/image\/","url":"https:\/\/elpatronvintage.com\/wp-content\/uploads\/2023\/01\/logo-web.webp","contentUrl":"https:\/\/elpatronvintage.com\/wp-content\/uploads\/2023\/01\/logo-web.webp","width":961,"height":598,"caption":"EL PATR\u00d3N VINTAGE WHOLESALE | Proveedores de ropa vintage"},"image":{"@id":"https:\/\/elpatronvintage.com\/#\/schema\/logo\/image\/"}}]}},"_links":{"self":[{"href":"https:\/\/elpatronvintage.com\/it\/wp-json\/wp\/v2\/product\/4350","targetHints":{"allow":["GET"]}}],"collection":[{"href":"https:\/\/elpatronvintage.com\/it\/wp-json\/wp\/v2\/product"}],"about":[{"href":"https:\/\/elpatronvintage.com\/it\/wp-json\/wp\/v2\/types\/product"}],"replies":[{"embeddable":true,"href":"https:\/\/elpatronvintage.com\/it\/wp-json\/wp\/v2\/comments?post=4350"}],"version-history":[{"count":7,"href":"https:\/\/elpatronvintage.com\/it\/wp-json\/wp\/v2\/product\/4350\/revisions"}],"predecessor-version":[{"id":4650,"href":"https:\/\/elpatronvintage.com\/it\/wp-json\/wp\/v2\/product\/4350\/revisions\/4650"}],"wp:featuredmedia":[{"embeddable":true,"href":"https:\/\/elpatronvintage.com\/it\/wp-json\/wp\/v2\/media\/5062"}],"wp:attachment":[{"href":"https:\/\/elpatronvintage.com\/it\/wp-json\/wp\/v2\/media?parent=4350"}],"wp:term":[{"taxonomy":"product_brand","embeddable":true,"href":"https:\/\/elpatronvintage.com\/it\/wp-json\/wp\/v2\/product_brand?post=4350"},{"taxonomy":"product_cat","embeddable":true,"href":"https:\/\/elpatronvintage.com\/it\/wp-json\/wp\/v2\/product_cat?post=4350"},{"taxonomy":"product_tag","embeddable":true,"href":"https:\/\/elpatronvintage.com\/it\/wp-json\/wp\/v2\/product_tag?post=4350"}],"curies":[{"name":"wp","href":"https:\/\/api.w.org\/{rel}","templated":true}]}}