{"id":4348,"date":"2023-06-30T13:02:56","date_gmt":"2023-06-30T11:02:56","guid":{"rendered":"https:\/\/elpatronvintage.com\/?post_type=product&#038;p=4348"},"modified":"2026-05-11T16:14:17","modified_gmt":"2026-05-11T14:14:17","slug":"camicie-da-calcio","status":"publish","type":"product","link":"https:\/\/elpatronvintage.com\/it\/prodotto\/camicie-da-calcio\/","title":{"rendered":"Camicie da calcio"},"content":{"rendered":"","protected":false},"excerpt":{"rendered":"<p><strong>Maglie da calcio vintage<\/strong><\/p>\n<p>In questa categoria si trova un\u00a0<strong>ampia gamma di magliette da calcio<\/strong>che coprono il periodo dagli anni\u00a0<strong>90<\/strong>\u00a0ai giorni nostri. Con un\u00a0<strong>selezione unica<\/strong>\u00a0di magliette sia\u00a0<strong>vintage<\/strong>\u00a0come\u00a0<strong>moderno<\/strong>Ogni pezzo cattura lo spirito e la storia delle squadre pi\u00f9 iconiche del calcio. Godetevi\u00a0<strong>partnership esclusive<\/strong>\u00a0con marchi leader come\u00a0<strong>Nike<\/strong>,\u00a0<strong>Adidas<\/strong>,\u00a0<strong>Puma<\/strong>,\u00a0<strong>Kappa<\/strong> e sempre accompagnati da squadre di calcio ufficiali.<\/p>\n<p>Queste magliette non sono solo perfette per il <strong>tifosi di calcio<\/strong>ma anche per chi \u00e8 alla ricerca di una rivendita nella categoria sport.<\/p>\n<p><strong>Marche<\/strong>Nike, Adidas, Puma, Kappa, Asics, Umbro, Kelme e molti altri.<\/p>\n<p><strong>Taglie:<\/strong> Da XS a XXL (assortiti)<\/p>\n<p><strong>Rivendita: 20\u20ac-150\u20ac per unit\u00e0.<\/strong><\/p>\n<p><strong>QUALIT\u00c0 A. (categoria sport)<\/strong><\/p>\n<p><strong>ORDINE MINIMO - 10 PEZZI<\/strong><\/p>\n<p><strong>SPEDIZIONE GRATUITA 24\/48h GIORNI IN TUTTA LA SPAGNA<\/strong><\/p>\n<p><strong>SPEDIZIONI IN 48\/72 ORE IN TUTTA EUROPA<\/strong><\/p>","protected":false},"featured_media":4349,"comment_status":"open","ping_status":"closed","template":"","meta":[],"product_brand":[],"product_cat":[193,16],"product_tag":[],"class_list":{"0":"post-4348","1":"product","2":"type-product","3":"status-publish","4":"has-post-thumbnail","6":"product_cat-t-shirts","7":"product_cat-allproducts","9":"first","10":"outofstock","11":"taxable","12":"shipping-taxable","13":"purchasable","14":"product-type-simple"},"yoast_head":"<!-- This site is optimized with the Yoast SEO plugin v26.8 - https:\/\/yoast.com\/product\/yoast-seo-wordpress\/ -->\n<title>Camisetas de F\u00fatbol - elpatronvintage.com<\/title>\n<meta name=\"robots\" content=\"index, follow, max-snippet:-1, max-image-preview:large, max-video-preview:-1\" \/>\n<link rel=\"canonical\" href=\"https:\/\/elpatronvintage.com\/it\/prodotto\/camicie-da-calcio\/\" \/>\n<meta property=\"og:locale\" content=\"it_IT\" \/>\n<meta property=\"og:type\" content=\"article\" \/>\n<meta property=\"og:title\" content=\"Camisetas de F\u00fatbol - elpatronvintage.com\" \/>\n<meta property=\"og:description\" content=\"Camisetas de F\u00fatbol Vintage  En esta categor\u00eda encontrar\u00e1s una\u00a0gran variedad de camisetas de f\u00fatbol, que abarcan desde los a\u00f1os\u00a090\u00a0hasta la actualidad. Con una\u00a0selecci\u00f3n \u00fanica\u00a0de camisetas tanto\u00a0vintage\u00a0como\u00a0modernas, cada pieza captura el esp\u00edritu y la historia de los equipos m\u00e1s ic\u00f3nicos del f\u00fatbol. Disfruta de\u00a0colaboraciones exclusivas\u00a0con marcas l\u00edderes como\u00a0Nike,\u00a0Adidas,\u00a0Puma,\u00a0Kappa y siempre acompa\u00f1adas de equipos oficiales de f\u00fatbol.  Estas camisetas no solo son perfectas para los fan\u00e1ticos del f\u00fatbol, sino tambi\u00e9n para quienes buscan una reventa en categor\u00eda de deporte.  Marcas: Nike, Adidas, Puma, Kappa, Asics, Umbro, Kelme, y muchos m\u00e1s.  Tallas: XS a XXL (Variadas)  Reventa: 20\u20ac-150\u20ac por unidad.  CALIDAD A. (categor\u00eda deporte)  PEDIDO MINIMO - 10 PIEZAS  ENV\u00cdOS GRATIS DE 24\/48h D\u00cdAS EN TODA ESPA\u00d1A  ENV\u00cdOS 48\/72H EN TODA EUROPA\" \/>\n<meta property=\"og:url\" content=\"https:\/\/elpatronvintage.com\/it\/prodotto\/camicie-da-calcio\/\" \/>\n<meta property=\"og:site_name\" content=\"elpatronvintage.com\" \/>\n<meta property=\"article:modified_time\" content=\"2026-05-11T14:14:17+00:00\" \/>\n<meta property=\"og:image\" content=\"https:\/\/elpatronvintage.com\/wp-content\/uploads\/2023\/06\/1-24.webp\" \/>\n\t<meta property=\"og:image:width\" content=\"977\" \/>\n\t<meta property=\"og:image:height\" content=\"1260\" \/>\n\t<meta property=\"og:image:type\" content=\"image\/webp\" \/>\n<meta name=\"twitter:card\" content=\"summary_large_image\" \/>\n<meta name=\"twitter:label1\" content=\"Tempo di lettura stimato\" \/>\n\t<meta name=\"twitter:data1\" content=\"1 minuto\" \/>\n<script type=\"application\/ld+json\" class=\"yoast-schema-graph\">{\"@context\":\"https:\/\/schema.org\",\"@graph\":[{\"@type\":\"WebPage\",\"@id\":\"https:\/\/elpatronvintage.com\/product\/camisetas-futbol\/\",\"url\":\"https:\/\/elpatronvintage.com\/product\/camisetas-futbol\/\",\"name\":\"Camisetas de F\u00fatbol - elpatronvintage.com\",\"isPartOf\":{\"@id\":\"http:\/\/elpatronvintage.com\/#website\"},\"primaryImageOfPage\":{\"@id\":\"https:\/\/elpatronvintage.com\/product\/camisetas-futbol\/#primaryimage\"},\"image\":{\"@id\":\"https:\/\/elpatronvintage.com\/product\/camisetas-futbol\/#primaryimage\"},\"thumbnailUrl\":\"https:\/\/elpatronvintage.com\/wp-content\/uploads\/2023\/06\/1-24.webp\",\"datePublished\":\"2023-06-30T11:02:56+00:00\",\"dateModified\":\"2026-05-11T14:14:17+00:00\",\"breadcrumb\":{\"@id\":\"https:\/\/elpatronvintage.com\/product\/camisetas-futbol\/#breadcrumb\"},\"inLanguage\":\"it-IT\",\"potentialAction\":[{\"@type\":\"ReadAction\",\"target\":[\"https:\/\/elpatronvintage.com\/product\/camisetas-futbol\/\"]}]},{\"@type\":\"ImageObject\",\"inLanguage\":\"it-IT\",\"@id\":\"https:\/\/elpatronvintage.com\/product\/camisetas-futbol\/#primaryimage\",\"url\":\"https:\/\/elpatronvintage.com\/wp-content\/uploads\/2023\/06\/1-24.webp\",\"contentUrl\":\"https:\/\/elpatronvintage.com\/wp-content\/uploads\/2023\/06\/1-24.webp\",\"width\":977,\"height\":1260},{\"@type\":\"BreadcrumbList\",\"@id\":\"https:\/\/elpatronvintage.com\/product\/camisetas-futbol\/#breadcrumb\",\"itemListElement\":[{\"@type\":\"ListItem\",\"position\":1,\"name\":\"Portada\",\"item\":\"https:\/\/elpatronvintage.com\/\"},{\"@type\":\"ListItem\",\"position\":2,\"name\":\"Lote de Ropa Vintage\",\"item\":\"https:\/\/elpatronvintage.com\/shop\/\"},{\"@type\":\"ListItem\",\"position\":3,\"name\":\"Camisetas de F\u00fatbol\"}]},{\"@type\":\"WebSite\",\"@id\":\"http:\/\/elpatronvintage.com\/#website\",\"url\":\"http:\/\/elpatronvintage.com\/\",\"name\":\"EL PATR\u00d3N VINTAGE WHOLESALE | Proveedores de ropa vintage\",\"description\":\"El Patr\u00f3n Vintage CLOTHING WHOLESALE\",\"publisher\":{\"@id\":\"http:\/\/elpatronvintage.com\/#organization\"},\"alternateName\":\"Ropa Vintage al Por Mayor\",\"potentialAction\":[{\"@type\":\"SearchAction\",\"target\":{\"@type\":\"EntryPoint\",\"urlTemplate\":\"http:\/\/elpatronvintage.com\/?s={search_term_string}\"},\"query-input\":{\"@type\":\"PropertyValueSpecification\",\"valueRequired\":true,\"valueName\":\"search_term_string\"}}],\"inLanguage\":\"it-IT\"},{\"@type\":\"Organization\",\"@id\":\"http:\/\/elpatronvintage.com\/#organization\",\"name\":\"EL PATR\u00d3N VINTAGE WHOLESALE | Proveedores de ropa vintage\",\"url\":\"http:\/\/elpatronvintage.com\/\",\"logo\":{\"@type\":\"ImageObject\",\"inLanguage\":\"it-IT\",\"@id\":\"http:\/\/elpatronvintage.com\/#\/schema\/logo\/image\/\",\"url\":\"https:\/\/elpatronvintage.com\/wp-content\/uploads\/2023\/01\/logo-web.webp\",\"contentUrl\":\"https:\/\/elpatronvintage.com\/wp-content\/uploads\/2023\/01\/logo-web.webp\",\"width\":961,\"height\":598,\"caption\":\"EL PATR\u00d3N VINTAGE WHOLESALE | Proveedores de ropa vintage\"},\"image\":{\"@id\":\"http:\/\/elpatronvintage.com\/#\/schema\/logo\/image\/\"}}]}<\/script>\n<!-- \/ Yoast SEO plugin. -->","yoast_head_json":{"title":"Maglie da calcio - elpatronvintage.com","robots":{"index":"index","follow":"follow","max-snippet":"max-snippet:-1","max-image-preview":"max-image-preview:large","max-video-preview":"max-video-preview:-1"},"canonical":"https:\/\/elpatronvintage.com\/it\/prodotto\/camicie-da-calcio\/","og_locale":"it_IT","og_type":"article","og_title":"Camisetas de F\u00fatbol - elpatronvintage.com","og_description":"Camisetas de F\u00fatbol Vintage  En esta categor\u00eda encontrar\u00e1s una\u00a0gran variedad de camisetas de f\u00fatbol, que abarcan desde los a\u00f1os\u00a090\u00a0hasta la actualidad. Con una\u00a0selecci\u00f3n \u00fanica\u00a0de camisetas tanto\u00a0vintage\u00a0como\u00a0modernas, cada pieza captura el esp\u00edritu y la historia de los equipos m\u00e1s ic\u00f3nicos del f\u00fatbol. Disfruta de\u00a0colaboraciones exclusivas\u00a0con marcas l\u00edderes como\u00a0Nike,\u00a0Adidas,\u00a0Puma,\u00a0Kappa y siempre acompa\u00f1adas de equipos oficiales de f\u00fatbol.  Estas camisetas no solo son perfectas para los fan\u00e1ticos del f\u00fatbol, sino tambi\u00e9n para quienes buscan una reventa en categor\u00eda de deporte.  Marcas: Nike, Adidas, Puma, Kappa, Asics, Umbro, Kelme, y muchos m\u00e1s.  Tallas: XS a XXL (Variadas)  Reventa: 20\u20ac-150\u20ac por unidad.  CALIDAD A. (categor\u00eda deporte)  PEDIDO MINIMO - 10 PIEZAS  ENV\u00cdOS GRATIS DE 24\/48h D\u00cdAS EN TODA ESPA\u00d1A  ENV\u00cdOS 48\/72H EN TODA EUROPA","og_url":"https:\/\/elpatronvintage.com\/it\/prodotto\/camicie-da-calcio\/","og_site_name":"elpatronvintage.com","article_modified_time":"2026-05-11T14:14:17+00:00","og_image":[{"width":977,"height":1260,"url":"https:\/\/elpatronvintage.com\/wp-content\/uploads\/2023\/06\/1-24.webp","type":"image\/webp"}],"twitter_card":"summary_large_image","twitter_misc":{"Tempo di lettura stimato":"1 minuto"},"schema":{"@context":"https:\/\/schema.org","@graph":[{"@type":"WebPage","@id":"https:\/\/elpatronvintage.com\/product\/camisetas-futbol\/","url":"https:\/\/elpatronvintage.com\/product\/camisetas-futbol\/","name":"Maglie da calcio - elpatronvintage.com","isPartOf":{"@id":"http:\/\/elpatronvintage.com\/#website"},"primaryImageOfPage":{"@id":"https:\/\/elpatronvintage.com\/product\/camisetas-futbol\/#primaryimage"},"image":{"@id":"https:\/\/elpatronvintage.com\/product\/camisetas-futbol\/#primaryimage"},"thumbnailUrl":"https:\/\/elpatronvintage.com\/wp-content\/uploads\/2023\/06\/1-24.webp","datePublished":"2023-06-30T11:02:56+00:00","dateModified":"2026-05-11T14:14:17+00:00","breadcrumb":{"@id":"https:\/\/elpatronvintage.com\/product\/camisetas-futbol\/#breadcrumb"},"inLanguage":"it-IT","potentialAction":[{"@type":"ReadAction","target":["https:\/\/elpatronvintage.com\/product\/camisetas-futbol\/"]}]},{"@type":"ImageObject","inLanguage":"it-IT","@id":"https:\/\/elpatronvintage.com\/product\/camisetas-futbol\/#primaryimage","url":"https:\/\/elpatronvintage.com\/wp-content\/uploads\/2023\/06\/1-24.webp","contentUrl":"https:\/\/elpatronvintage.com\/wp-content\/uploads\/2023\/06\/1-24.webp","width":977,"height":1260},{"@type":"BreadcrumbList","@id":"https:\/\/elpatronvintage.com\/product\/camisetas-futbol\/#breadcrumb","itemListElement":[{"@type":"ListItem","position":1,"name":"Portada","item":"https:\/\/elpatronvintage.com\/"},{"@type":"ListItem","position":2,"name":"Lote de Ropa Vintage","item":"https:\/\/elpatronvintage.com\/shop\/"},{"@type":"ListItem","position":3,"name":"Camisetas de F\u00fatbol"}]},{"@type":"WebSite","@id":"http:\/\/elpatronvintage.com\/#website","url":"http:\/\/elpatronvintage.com\/","name":"IL PATTERN WHOLESALE VINTAGE | Fornitori di abbigliamento vintage","description":"Il modello vintage di CLOTHING WHOLESALE","publisher":{"@id":"http:\/\/elpatronvintage.com\/#organization"},"alternateName":"Ropa Vintage al Por Mayor","potentialAction":[{"@type":"SearchAction","target":{"@type":"EntryPoint","urlTemplate":"http:\/\/elpatronvintage.com\/?s={search_term_string}"},"query-input":{"@type":"PropertyValueSpecification","valueRequired":true,"valueName":"search_term_string"}}],"inLanguage":"it-IT"},{"@type":"Organization","@id":"http:\/\/elpatronvintage.com\/#organization","name":"IL PATTERN WHOLESALE VINTAGE | Fornitori di abbigliamento vintage","url":"http:\/\/elpatronvintage.com\/","logo":{"@type":"ImageObject","inLanguage":"it-IT","@id":"http:\/\/elpatronvintage.com\/#\/schema\/logo\/image\/","url":"https:\/\/elpatronvintage.com\/wp-content\/uploads\/2023\/01\/logo-web.webp","contentUrl":"https:\/\/elpatronvintage.com\/wp-content\/uploads\/2023\/01\/logo-web.webp","width":961,"height":598,"caption":"EL PATR\u00d3N VINTAGE WHOLESALE | Proveedores de ropa vintage"},"image":{"@id":"http:\/\/elpatronvintage.com\/#\/schema\/logo\/image\/"}}]}},"_links":{"self":[{"href":"https:\/\/elpatronvintage.com\/it\/wp-json\/wp\/v2\/product\/4348","targetHints":{"allow":["GET"]}}],"collection":[{"href":"https:\/\/elpatronvintage.com\/it\/wp-json\/wp\/v2\/product"}],"about":[{"href":"https:\/\/elpatronvintage.com\/it\/wp-json\/wp\/v2\/types\/product"}],"replies":[{"embeddable":true,"href":"https:\/\/elpatronvintage.com\/it\/wp-json\/wp\/v2\/comments?post=4348"}],"version-history":[{"count":8,"href":"https:\/\/elpatronvintage.com\/it\/wp-json\/wp\/v2\/product\/4348\/revisions"}],"predecessor-version":[{"id":13539,"href":"https:\/\/elpatronvintage.com\/it\/wp-json\/wp\/v2\/product\/4348\/revisions\/13539"}],"wp:featuredmedia":[{"embeddable":true,"href":"https:\/\/elpatronvintage.com\/it\/wp-json\/wp\/v2\/media\/4349"}],"wp:attachment":[{"href":"https:\/\/elpatronvintage.com\/it\/wp-json\/wp\/v2\/media?parent=4348"}],"wp:term":[{"taxonomy":"product_brand","embeddable":true,"href":"https:\/\/elpatronvintage.com\/it\/wp-json\/wp\/v2\/product_brand?post=4348"},{"taxonomy":"product_cat","embeddable":true,"href":"https:\/\/elpatronvintage.com\/it\/wp-json\/wp\/v2\/product_cat?post=4348"},{"taxonomy":"product_tag","embeddable":true,"href":"https:\/\/elpatronvintage.com\/it\/wp-json\/wp\/v2\/product_tag?post=4348"}],"curies":[{"name":"wp","href":"https:\/\/api.w.org\/{rel}","templated":true}]}}