{"id":4189,"date":"2023-06-28T12:57:20","date_gmt":"2023-06-28T10:57:20","guid":{"rendered":"https:\/\/elpatronvintage.com\/?post_type=product&#038;p=4189"},"modified":"2025-09-08T22:39:49","modified_gmt":"2025-09-08T20:39:49","slug":"pantaloni-vintage","status":"publish","type":"product","link":"https:\/\/elpatronvintage.com\/it\/prodotto\/pantaloni-vintage\/","title":{"rendered":"Pantaloni vintage a vita alta"},"content":{"rendered":"","protected":false},"excerpt":{"rendered":"<p><strong>Pantaloni vintage a vita alta<\/strong><\/p>\n<p>Scoprite i nostri lotti di <strong>pantaloni vintage a vita alta<\/strong>. Da\u00a0<strong>jeans<\/strong>\u00a0a\u00a0<strong>Cinese<\/strong>,\u00a0<strong>dritto<\/strong>\u00a0y\u00a0<strong>cowboy<\/strong>Offriamo un'ampia variet\u00e0 di modelli che catturano l'essenza degli stili pi\u00f9 iconici degli ultimi decenni. Con una tavolozza di colori che comprende principalmente tonalit\u00e0 di\u00a0<strong>blu<\/strong>\u00a0y\u00a0<strong>nero<\/strong>. Disponibile nei modelli per\u00a0<strong>uomo<\/strong>\u00a0y\u00a0<strong>donna.<\/strong><\/p>\n<p><strong>Marche<\/strong>Vintage (assortiti)<\/p>\n<p><strong>Taglie:<\/strong> W26 - W44 (Vari)<\/p>\n<p><strong>Rivendita: 15\u20ac-35\u20ac per unit\u00e0.<\/strong><\/p>\n<p><strong>QUALIT\u00c0 A<\/strong><\/p>\n<p><strong>ORDINE MINIMO - 10 PEZZI<\/strong><\/p>\n<p><strong>SPEDIZIONE GRATUITA 24\/48H IN TUTTA LA SPAGNA<\/strong><\/p>\n<p><strong>SPEDIZIONI IN 48\/72 ORE IN TUTTA EUROPA<\/strong><\/p>","protected":false},"featured_media":4296,"comment_status":"open","ping_status":"closed","template":"","meta":[],"product_brand":[],"product_cat":[27,222,16],"product_tag":[],"class_list":{"0":"post-4189","1":"product","2":"type-product","3":"status-publish","4":"has-post-thumbnail","6":"product_cat-jeans","7":"product_cat-retro","8":"product_cat-allproducts","10":"first","11":"instock","12":"sale","13":"taxable","14":"shipping-taxable","15":"purchasable","16":"product-type-simple"},"yoast_head":"<!-- This site is optimized with the Yoast SEO plugin v26.8 - https:\/\/yoast.com\/product\/yoast-seo-wordpress\/ -->\n<title>Pantalones Vintage Tiro Alto - elpatronvintage.com<\/title>\n<meta name=\"robots\" content=\"index, follow, max-snippet:-1, max-image-preview:large, max-video-preview:-1\" \/>\n<link rel=\"canonical\" href=\"https:\/\/elpatronvintage.com\/it\/prodotto\/pantaloni-vintage\/\" \/>\n<meta property=\"og:locale\" content=\"it_IT\" \/>\n<meta property=\"og:type\" content=\"article\" \/>\n<meta property=\"og:title\" content=\"Pantalones Vintage Tiro Alto - elpatronvintage.com\" \/>\n<meta property=\"og:description\" content=\"Pantalones Vintage Tiro Alto  Descubre nuestros lotes de pantalones vintage de tiro alto. Desde\u00a0tejanos\u00a0hasta\u00a0chinos,\u00a0rectos\u00a0y\u00a0cowboy, ofrecemos una amplia variedad de modelos que capturan la esencia de los estilos m\u00e1s ic\u00f3nicos de las \u00faltimas d\u00e9cadas. Con una paleta de colores que incluye principalmente tonos de\u00a0azul\u00a0y\u00a0negro. Disponibles en modelos para\u00a0hombre\u00a0y\u00a0mujer.  Marcas: Vintage (Variadas)  Tallas: W26 - W44 (Variadas)  Reventa: 15\u20ac-35\u20ac por unidad.  CALIDAD A  PEDIDO MINIMO - 10 PIEZAS  ENV\u00cdOS GRATIS 24\/48H EN TODA ESPA\u00d1A  ENV\u00cdOS 48\/72H EN TODA EUROPA\" \/>\n<meta property=\"og:url\" content=\"https:\/\/elpatronvintage.com\/it\/prodotto\/pantaloni-vintage\/\" \/>\n<meta property=\"og:site_name\" content=\"elpatronvintage.com\" \/>\n<meta property=\"article:modified_time\" content=\"2025-09-08T20:39:49+00:00\" \/>\n<meta property=\"og:image\" content=\"https:\/\/elpatronvintage.com\/wp-content\/uploads\/2023\/06\/1-12.webp\" \/>\n\t<meta property=\"og:image:width\" content=\"977\" \/>\n\t<meta property=\"og:image:height\" content=\"1260\" \/>\n\t<meta property=\"og:image:type\" content=\"image\/webp\" \/>\n<meta name=\"twitter:card\" content=\"summary_large_image\" \/>\n<meta name=\"twitter:label1\" content=\"Tempo di lettura stimato\" \/>\n\t<meta name=\"twitter:data1\" content=\"1 minuto\" \/>\n<script type=\"application\/ld+json\" class=\"yoast-schema-graph\">{\"@context\":\"https:\/\/schema.org\",\"@graph\":[{\"@type\":\"WebPage\",\"@id\":\"https:\/\/elpatronvintage.com\/it\/prodotto\/pantaloni-vintage\/\",\"url\":\"https:\/\/elpatronvintage.com\/it\/prodotto\/pantaloni-vintage\/\",\"name\":\"Pantalones Vintage Tiro Alto - elpatronvintage.com\",\"isPartOf\":{\"@id\":\"http:\/\/elpatronvintage.com\/#website\"},\"primaryImageOfPage\":{\"@id\":\"https:\/\/elpatronvintage.com\/it\/prodotto\/pantaloni-vintage\/#primaryimage\"},\"image\":{\"@id\":\"https:\/\/elpatronvintage.com\/it\/prodotto\/pantaloni-vintage\/#primaryimage\"},\"thumbnailUrl\":\"https:\/\/elpatronvintage.com\/wp-content\/uploads\/2023\/06\/1-12.webp\",\"datePublished\":\"2023-06-28T10:57:20+00:00\",\"dateModified\":\"2025-09-08T20:39:49+00:00\",\"breadcrumb\":{\"@id\":\"https:\/\/elpatronvintage.com\/it\/prodotto\/pantaloni-vintage\/#breadcrumb\"},\"inLanguage\":\"it-IT\",\"potentialAction\":[{\"@type\":\"ReadAction\",\"target\":[\"https:\/\/elpatronvintage.com\/it\/prodotto\/pantaloni-vintage\/\"]}]},{\"@type\":\"ImageObject\",\"inLanguage\":\"it-IT\",\"@id\":\"https:\/\/elpatronvintage.com\/it\/prodotto\/pantaloni-vintage\/#primaryimage\",\"url\":\"https:\/\/elpatronvintage.com\/wp-content\/uploads\/2023\/06\/1-12.webp\",\"contentUrl\":\"https:\/\/elpatronvintage.com\/wp-content\/uploads\/2023\/06\/1-12.webp\",\"width\":977,\"height\":1260},{\"@type\":\"BreadcrumbList\",\"@id\":\"https:\/\/elpatronvintage.com\/it\/prodotto\/pantaloni-vintage\/#breadcrumb\",\"itemListElement\":[{\"@type\":\"ListItem\",\"position\":1,\"name\":\"Portada\",\"item\":\"http:\/\/elpatronvintage.com\/\"},{\"@type\":\"ListItem\",\"position\":2,\"name\":\"Lote de Ropa Vintage\",\"item\":\"http:\/\/elpatronvintage.com\/shop\/\"},{\"@type\":\"ListItem\",\"position\":3,\"name\":\"Pantalones Vintage Tiro Alto\"}]},{\"@type\":\"WebSite\",\"@id\":\"http:\/\/elpatronvintage.com\/#website\",\"url\":\"http:\/\/elpatronvintage.com\/\",\"name\":\"EL PATR\u00d3N VINTAGE WHOLESALE | Proveedores de ropa vintage\",\"description\":\"El Patr\u00f3n Vintage CLOTHING WHOLESALE\",\"publisher\":{\"@id\":\"http:\/\/elpatronvintage.com\/#organization\"},\"alternateName\":\"Ropa Vintage al Por Mayor\",\"potentialAction\":[{\"@type\":\"SearchAction\",\"target\":{\"@type\":\"EntryPoint\",\"urlTemplate\":\"http:\/\/elpatronvintage.com\/?s={search_term_string}\"},\"query-input\":{\"@type\":\"PropertyValueSpecification\",\"valueRequired\":true,\"valueName\":\"search_term_string\"}}],\"inLanguage\":\"it-IT\"},{\"@type\":\"Organization\",\"@id\":\"http:\/\/elpatronvintage.com\/#organization\",\"name\":\"EL PATR\u00d3N VINTAGE WHOLESALE | Proveedores de ropa vintage\",\"url\":\"http:\/\/elpatronvintage.com\/\",\"logo\":{\"@type\":\"ImageObject\",\"inLanguage\":\"it-IT\",\"@id\":\"http:\/\/elpatronvintage.com\/#\/schema\/logo\/image\/\",\"url\":\"https:\/\/elpatronvintage.com\/wp-content\/uploads\/2023\/01\/logo-web.webp\",\"contentUrl\":\"https:\/\/elpatronvintage.com\/wp-content\/uploads\/2023\/01\/logo-web.webp\",\"width\":961,\"height\":598,\"caption\":\"EL PATR\u00d3N VINTAGE WHOLESALE | Proveedores de ropa vintage\"},\"image\":{\"@id\":\"http:\/\/elpatronvintage.com\/#\/schema\/logo\/image\/\"}}]}<\/script>\n<!-- \/ Yoast SEO plugin. -->","yoast_head_json":{"title":"Pantaloni vintage a vita alta - elpatronvintage.com","robots":{"index":"index","follow":"follow","max-snippet":"max-snippet:-1","max-image-preview":"max-image-preview:large","max-video-preview":"max-video-preview:-1"},"canonical":"https:\/\/elpatronvintage.com\/it\/prodotto\/pantaloni-vintage\/","og_locale":"it_IT","og_type":"article","og_title":"Pantalones Vintage Tiro Alto - elpatronvintage.com","og_description":"Pantalones Vintage Tiro Alto  Descubre nuestros lotes de pantalones vintage de tiro alto. Desde\u00a0tejanos\u00a0hasta\u00a0chinos,\u00a0rectos\u00a0y\u00a0cowboy, ofrecemos una amplia variedad de modelos que capturan la esencia de los estilos m\u00e1s ic\u00f3nicos de las \u00faltimas d\u00e9cadas. Con una paleta de colores que incluye principalmente tonos de\u00a0azul\u00a0y\u00a0negro. Disponibles en modelos para\u00a0hombre\u00a0y\u00a0mujer.  Marcas: Vintage (Variadas)  Tallas: W26 - W44 (Variadas)  Reventa: 15\u20ac-35\u20ac por unidad.  CALIDAD A  PEDIDO MINIMO - 10 PIEZAS  ENV\u00cdOS GRATIS 24\/48H EN TODA ESPA\u00d1A  ENV\u00cdOS 48\/72H EN TODA EUROPA","og_url":"https:\/\/elpatronvintage.com\/it\/prodotto\/pantaloni-vintage\/","og_site_name":"elpatronvintage.com","article_modified_time":"2025-09-08T20:39:49+00:00","og_image":[{"width":977,"height":1260,"url":"https:\/\/elpatronvintage.com\/wp-content\/uploads\/2023\/06\/1-12.webp","type":"image\/webp"}],"twitter_card":"summary_large_image","twitter_misc":{"Tempo di lettura stimato":"1 minuto"},"schema":{"@context":"https:\/\/schema.org","@graph":[{"@type":"WebPage","@id":"https:\/\/elpatronvintage.com\/it\/prodotto\/pantaloni-vintage\/","url":"https:\/\/elpatronvintage.com\/it\/prodotto\/pantaloni-vintage\/","name":"Pantaloni vintage a vita alta - elpatronvintage.com","isPartOf":{"@id":"http:\/\/elpatronvintage.com\/#website"},"primaryImageOfPage":{"@id":"https:\/\/elpatronvintage.com\/it\/prodotto\/pantaloni-vintage\/#primaryimage"},"image":{"@id":"https:\/\/elpatronvintage.com\/it\/prodotto\/pantaloni-vintage\/#primaryimage"},"thumbnailUrl":"https:\/\/elpatronvintage.com\/wp-content\/uploads\/2023\/06\/1-12.webp","datePublished":"2023-06-28T10:57:20+00:00","dateModified":"2025-09-08T20:39:49+00:00","breadcrumb":{"@id":"https:\/\/elpatronvintage.com\/it\/prodotto\/pantaloni-vintage\/#breadcrumb"},"inLanguage":"it-IT","potentialAction":[{"@type":"ReadAction","target":["https:\/\/elpatronvintage.com\/it\/prodotto\/pantaloni-vintage\/"]}]},{"@type":"ImageObject","inLanguage":"it-IT","@id":"https:\/\/elpatronvintage.com\/it\/prodotto\/pantaloni-vintage\/#primaryimage","url":"https:\/\/elpatronvintage.com\/wp-content\/uploads\/2023\/06\/1-12.webp","contentUrl":"https:\/\/elpatronvintage.com\/wp-content\/uploads\/2023\/06\/1-12.webp","width":977,"height":1260},{"@type":"BreadcrumbList","@id":"https:\/\/elpatronvintage.com\/it\/prodotto\/pantaloni-vintage\/#breadcrumb","itemListElement":[{"@type":"ListItem","position":1,"name":"Portada","item":"http:\/\/elpatronvintage.com\/"},{"@type":"ListItem","position":2,"name":"Lote de Ropa Vintage","item":"http:\/\/elpatronvintage.com\/shop\/"},{"@type":"ListItem","position":3,"name":"Pantalones Vintage Tiro Alto"}]},{"@type":"WebSite","@id":"http:\/\/elpatronvintage.com\/#website","url":"http:\/\/elpatronvintage.com\/","name":"IL PATTERN WHOLESALE VINTAGE | Fornitori di abbigliamento vintage","description":"Il modello vintage di CLOTHING WHOLESALE","publisher":{"@id":"http:\/\/elpatronvintage.com\/#organization"},"alternateName":"Ropa Vintage al Por Mayor","potentialAction":[{"@type":"SearchAction","target":{"@type":"EntryPoint","urlTemplate":"http:\/\/elpatronvintage.com\/?s={search_term_string}"},"query-input":{"@type":"PropertyValueSpecification","valueRequired":true,"valueName":"search_term_string"}}],"inLanguage":"it-IT"},{"@type":"Organization","@id":"http:\/\/elpatronvintage.com\/#organization","name":"IL PATTERN WHOLESALE VINTAGE | Fornitori di abbigliamento vintage","url":"http:\/\/elpatronvintage.com\/","logo":{"@type":"ImageObject","inLanguage":"it-IT","@id":"http:\/\/elpatronvintage.com\/#\/schema\/logo\/image\/","url":"https:\/\/elpatronvintage.com\/wp-content\/uploads\/2023\/01\/logo-web.webp","contentUrl":"https:\/\/elpatronvintage.com\/wp-content\/uploads\/2023\/01\/logo-web.webp","width":961,"height":598,"caption":"EL PATR\u00d3N VINTAGE WHOLESALE | Proveedores de ropa vintage"},"image":{"@id":"http:\/\/elpatronvintage.com\/#\/schema\/logo\/image\/"}}]}},"_links":{"self":[{"href":"https:\/\/elpatronvintage.com\/it\/wp-json\/wp\/v2\/product\/4189","targetHints":{"allow":["GET"]}}],"collection":[{"href":"https:\/\/elpatronvintage.com\/it\/wp-json\/wp\/v2\/product"}],"about":[{"href":"https:\/\/elpatronvintage.com\/it\/wp-json\/wp\/v2\/types\/product"}],"replies":[{"embeddable":true,"href":"https:\/\/elpatronvintage.com\/it\/wp-json\/wp\/v2\/comments?post=4189"}],"version-history":[{"count":4,"href":"https:\/\/elpatronvintage.com\/it\/wp-json\/wp\/v2\/product\/4189\/revisions"}],"predecessor-version":[{"id":13548,"href":"https:\/\/elpatronvintage.com\/it\/wp-json\/wp\/v2\/product\/4189\/revisions\/13548"}],"wp:featuredmedia":[{"embeddable":true,"href":"https:\/\/elpatronvintage.com\/it\/wp-json\/wp\/v2\/media\/4296"}],"wp:attachment":[{"href":"https:\/\/elpatronvintage.com\/it\/wp-json\/wp\/v2\/media?parent=4189"}],"wp:term":[{"taxonomy":"product_brand","embeddable":true,"href":"https:\/\/elpatronvintage.com\/it\/wp-json\/wp\/v2\/product_brand?post=4189"},{"taxonomy":"product_cat","embeddable":true,"href":"https:\/\/elpatronvintage.com\/it\/wp-json\/wp\/v2\/product_cat?post=4189"},{"taxonomy":"product_tag","embeddable":true,"href":"https:\/\/elpatronvintage.com\/it\/wp-json\/wp\/v2\/product_tag?post=4189"}],"curies":[{"name":"wp","href":"https:\/\/api.w.org\/{rel}","templated":true}]}}