{"id":13460,"date":"2025-08-14T18:44:23","date_gmt":"2025-08-14T16:44:23","guid":{"rendered":"https:\/\/elpatronvintage.com\/?post_type=product&#038;p=13460"},"modified":"2025-09-09T23:14:26","modified_gmt":"2025-09-09T21:14:26","slug":"giacche-nascar-rielaborate","status":"publish","type":"product","link":"https:\/\/elpatronvintage.com\/it\/prodotto\/giacche-nascar-rielaborate\/","title":{"rendered":"Giacche da corsa Nascar Rework"},"content":{"rendered":"","protected":false},"excerpt":{"rendered":"<p><strong>Pre-ordine delle giacche da corsa Nascar Rework<\/strong><\/p>\n<p>Il<strong> Giacche da corsa Nascar <\/strong>sono capi di origine autentica e reinterpretata: sono capi originali americani degli anni '70, '80 e '90, lavorati a mano per recuperare la loro energia racing con un'aria rinnovata.<\/p>\n<p>Una miscela unica di nostalgia e attualit\u00e0, realizzata per risaltare nelle vetrine, nei negozi vintage o sulle piattaforme online. Perfetto per chi cerca variet\u00e0, autenticit\u00e0 e una forte carica visiva nei propri prodotti.<\/p>\n<p data-start=\"78\" data-end=\"120\"><strong data-start=\"78\" data-end=\"118\">Acquisto in pre-ordine: come funziona?<\/strong><\/p>\n<p data-start=\"122\" data-end=\"378\">Questo prodotto \u00e8 disponibile in <strong data-start=\"155\" data-end=\"168\">pre-ordine<\/strong>sono realizzati su ordinazione.<\/p>\n<p data-start=\"122\" data-end=\"378\"><strong data-start=\"383\" data-end=\"404\">Tempi di consegna:<\/strong> A causa di questo processo, i tempi di spedizione saranno pi\u00f9 lunghi del solito. Il tempo di consegna stimato \u00e8 di 14-28 giorni.<\/p>\n<p data-start=\"540\" data-end=\"581\"><strong data-start=\"542\" data-end=\"579\">Vantaggi del preordine:<\/strong><\/p>\n<ul data-start=\"582\" data-end=\"762\">\n<li data-start=\"582\" data-end=\"626\">Assicuratevi il vostro pezzo prima che si esaurisca.<\/li>\n<li data-start=\"627\" data-end=\"684\">Avete accesso ad articoli esclusivi o in edizione limitata.<\/li>\n<li data-start=\"685\" data-end=\"762\">Ci aiutate a ridurre i rifiuti e a incoraggiare un consumo pi\u00f9 sostenibile.<\/li>\n<\/ul>\n<p><strong>Marchio:\u00a0<\/strong>Nascar<\/p>\n<p><strong>Taglie:<\/strong> Da S a L<\/p>\n<p><strong>Rivendita: 50\u20ac-110\u20ac per unit\u00e0.<\/strong><\/p>\n<p><strong>QUALIT\u00c0 A<\/strong><\/p>\n<p><strong>ORDINE MINIMO - 10 PEZZI<\/strong><\/p>\n<p><strong>SPEDIZIONE GRATUITA 14-28 GIORNI IN TUTTA LA SPAGNA.\u00a0<\/strong><\/p>","protected":false},"featured_media":13461,"comment_status":"open","ping_status":"closed","template":"","meta":[],"product_brand":[],"product_cat":[214,219,243,221,16],"product_tag":[],"class_list":{"0":"post-13460","1":"product","2":"type-product","3":"status-publish","4":"has-post-thumbnail","6":"product_cat-jackets","7":"product_cat-offer","8":"product_cat-rework","9":"product_cat-marcas","10":"product_cat-allproducts","12":"first","13":"instock","14":"taxable","15":"shipping-taxable","16":"purchasable","17":"product-type-simple"},"yoast_head":"<!-- This site is optimized with the Yoast SEO plugin v26.8 - https:\/\/yoast.com\/product\/yoast-seo-wordpress\/ -->\n<title>Chaquetas Racing Nascar Rework - elpatronvintage.com<\/title>\n<meta name=\"robots\" content=\"index, follow, max-snippet:-1, max-image-preview:large, max-video-preview:-1\" \/>\n<link rel=\"canonical\" href=\"https:\/\/elpatronvintage.com\/it\/prodotto\/giacche-nascar-rielaborate\/\" \/>\n<meta property=\"og:locale\" content=\"it_IT\" \/>\n<meta property=\"og:type\" content=\"article\" \/>\n<meta property=\"og:title\" content=\"Chaquetas Racing Nascar Rework - elpatronvintage.com\" \/>\n<meta property=\"og:description\" content=\"Pre-Order Chaquetas Racing Nascar Rework  Las Chaquetas Racing Nascar son prendas de origen aut\u00e9ntico y reinterpretado: Se trata de prendas originales americanas de las d\u00e9cadas 70, 80, 90 transformadas artesanalmente para recuperar su energ\u00eda racing con un aire renovado.  Una mezcla \u00fanica de nostalgia y relevancia actual, elaboradas para destacar en escaparates, tiendas vintage o plataformas online. Perfectas para quienes buscan variedad, autenticidad y una fuerte carga visual en sus productos. Compra en Pre-Order: \u00bfC\u00f3mo Funciona? Este producto est\u00e1 disponible en pre-order, se fabrican bajo pedido. Plazo de entrega: Debido a este proceso, el tiempo de env\u00edo ser\u00e1 mayor al habitual. La estimaci\u00f3n de entrega es de 14 a 28 d\u00edas. Ventajas de comprar en pre-order:    Aseguras tu pieza antes de que se agote.  Accedes a art\u00edculos exclusivos o de edici\u00f3n limitada.  Nos ayudas a reducir el desperdicio y fomentar un consumo m\u00e1s sostenible.  Marca:\u00a0Nascar  Tallas: S a L  Reventa: 50\u20ac-110\u20ac por unidad.  CALIDAD A  PEDIDO MINIMO - 10 PIEZAS  ENV\u00cdOS GRATIS 14-28 D\u00cdAS EN TODA ESPA\u00d1A.\u00a0\" \/>\n<meta property=\"og:url\" content=\"https:\/\/elpatronvintage.com\/it\/prodotto\/giacche-nascar-rielaborate\/\" \/>\n<meta property=\"og:site_name\" content=\"elpatronvintage.com\" \/>\n<meta property=\"article:modified_time\" content=\"2025-09-09T21:14:26+00:00\" \/>\n<meta property=\"og:image\" content=\"https:\/\/elpatronvintage.com\/wp-content\/uploads\/2025\/08\/1-1.webp\" \/>\n\t<meta property=\"og:image:width\" content=\"977\" \/>\n\t<meta property=\"og:image:height\" content=\"1260\" \/>\n\t<meta property=\"og:image:type\" content=\"image\/webp\" \/>\n<meta name=\"twitter:card\" content=\"summary_large_image\" \/>\n<meta name=\"twitter:label1\" content=\"Tempo di lettura stimato\" \/>\n\t<meta name=\"twitter:data1\" content=\"1 minuto\" \/>\n<script type=\"application\/ld+json\" class=\"yoast-schema-graph\">{\"@context\":\"https:\/\/schema.org\",\"@graph\":[{\"@type\":\"WebPage\",\"@id\":\"https:\/\/elpatronvintage.com\/fr\/produit\/vestes-nascar-retravaillees\/\",\"url\":\"https:\/\/elpatronvintage.com\/fr\/produit\/vestes-nascar-retravaillees\/\",\"name\":\"Chaquetas Racing Nascar Rework - elpatronvintage.com\",\"isPartOf\":{\"@id\":\"https:\/\/elpatronvintage.com\/fr\/#website\"},\"primaryImageOfPage\":{\"@id\":\"https:\/\/elpatronvintage.com\/fr\/produit\/vestes-nascar-retravaillees\/#primaryimage\"},\"image\":{\"@id\":\"https:\/\/elpatronvintage.com\/fr\/produit\/vestes-nascar-retravaillees\/#primaryimage\"},\"thumbnailUrl\":\"https:\/\/elpatronvintage.com\/wp-content\/uploads\/2025\/08\/1-1.webp\",\"datePublished\":\"2025-08-14T16:44:23+00:00\",\"dateModified\":\"2025-09-09T21:14:26+00:00\",\"breadcrumb\":{\"@id\":\"https:\/\/elpatronvintage.com\/fr\/produit\/vestes-nascar-retravaillees\/#breadcrumb\"},\"inLanguage\":\"it-IT\",\"potentialAction\":[{\"@type\":\"ReadAction\",\"target\":[\"https:\/\/elpatronvintage.com\/fr\/produit\/vestes-nascar-retravaillees\/\"]}]},{\"@type\":\"ImageObject\",\"inLanguage\":\"it-IT\",\"@id\":\"https:\/\/elpatronvintage.com\/fr\/produit\/vestes-nascar-retravaillees\/#primaryimage\",\"url\":\"https:\/\/elpatronvintage.com\/wp-content\/uploads\/2025\/08\/1-1.webp\",\"contentUrl\":\"https:\/\/elpatronvintage.com\/wp-content\/uploads\/2025\/08\/1-1.webp\",\"width\":977,\"height\":1260},{\"@type\":\"BreadcrumbList\",\"@id\":\"https:\/\/elpatronvintage.com\/fr\/produit\/vestes-nascar-retravaillees\/#breadcrumb\",\"itemListElement\":[{\"@type\":\"ListItem\",\"position\":1,\"name\":\"Portada\",\"item\":\"https:\/\/elpatronvintage.com\/fr\/\"},{\"@type\":\"ListItem\",\"position\":2,\"name\":\"Lote de Ropa Vintage\",\"item\":\"https:\/\/elpatronvintage.com\/fr\/boutique\/\"},{\"@type\":\"ListItem\",\"position\":3,\"name\":\"Chaquetas Racing Nascar Rework\"}]},{\"@type\":\"WebSite\",\"@id\":\"https:\/\/elpatronvintage.com\/fr\/#website\",\"url\":\"https:\/\/elpatronvintage.com\/fr\/\",\"name\":\"EL PATR\u00d3N VINTAGE WHOLESALE | Proveedores de ropa vintage\",\"description\":\"El Patr\u00f3n Vintage CLOTHING WHOLESALE\",\"publisher\":{\"@id\":\"https:\/\/elpatronvintage.com\/fr\/#organization\"},\"alternateName\":\"Ropa Vintage al Por Mayor\",\"potentialAction\":[{\"@type\":\"SearchAction\",\"target\":{\"@type\":\"EntryPoint\",\"urlTemplate\":\"https:\/\/elpatronvintage.com\/fr\/?s={search_term_string}\"},\"query-input\":{\"@type\":\"PropertyValueSpecification\",\"valueRequired\":true,\"valueName\":\"search_term_string\"}}],\"inLanguage\":\"it-IT\"},{\"@type\":\"Organization\",\"@id\":\"https:\/\/elpatronvintage.com\/fr\/#organization\",\"name\":\"EL PATR\u00d3N VINTAGE WHOLESALE | Proveedores de ropa vintage\",\"url\":\"https:\/\/elpatronvintage.com\/fr\/\",\"logo\":{\"@type\":\"ImageObject\",\"inLanguage\":\"it-IT\",\"@id\":\"https:\/\/elpatronvintage.com\/fr\/#\/schema\/logo\/image\/\",\"url\":\"https:\/\/elpatronvintage.com\/wp-content\/uploads\/2023\/01\/logo-web.webp\",\"contentUrl\":\"https:\/\/elpatronvintage.com\/wp-content\/uploads\/2023\/01\/logo-web.webp\",\"width\":961,\"height\":598,\"caption\":\"EL PATR\u00d3N VINTAGE WHOLESALE | Proveedores de ropa vintage\"},\"image\":{\"@id\":\"https:\/\/elpatronvintage.com\/fr\/#\/schema\/logo\/image\/\"}}]}<\/script>\n<!-- \/ Yoast SEO plugin. -->","yoast_head_json":{"title":"Giacche da corsa Nascar Rework - elpatronvintage.com","robots":{"index":"index","follow":"follow","max-snippet":"max-snippet:-1","max-image-preview":"max-image-preview:large","max-video-preview":"max-video-preview:-1"},"canonical":"https:\/\/elpatronvintage.com\/it\/prodotto\/giacche-nascar-rielaborate\/","og_locale":"it_IT","og_type":"article","og_title":"Chaquetas Racing Nascar Rework - elpatronvintage.com","og_description":"Pre-Order Chaquetas Racing Nascar Rework  Las Chaquetas Racing Nascar son prendas de origen aut\u00e9ntico y reinterpretado: Se trata de prendas originales americanas de las d\u00e9cadas 70, 80, 90 transformadas artesanalmente para recuperar su energ\u00eda racing con un aire renovado.  Una mezcla \u00fanica de nostalgia y relevancia actual, elaboradas para destacar en escaparates, tiendas vintage o plataformas online. Perfectas para quienes buscan variedad, autenticidad y una fuerte carga visual en sus productos. Compra en Pre-Order: \u00bfC\u00f3mo Funciona? Este producto est\u00e1 disponible en pre-order, se fabrican bajo pedido. Plazo de entrega: Debido a este proceso, el tiempo de env\u00edo ser\u00e1 mayor al habitual. La estimaci\u00f3n de entrega es de 14 a 28 d\u00edas. Ventajas de comprar en pre-order:    Aseguras tu pieza antes de que se agote.  Accedes a art\u00edculos exclusivos o de edici\u00f3n limitada.  Nos ayudas a reducir el desperdicio y fomentar un consumo m\u00e1s sostenible.  Marca:\u00a0Nascar  Tallas: S a L  Reventa: 50\u20ac-110\u20ac por unidad.  CALIDAD A  PEDIDO MINIMO - 10 PIEZAS  ENV\u00cdOS GRATIS 14-28 D\u00cdAS EN TODA ESPA\u00d1A.\u00a0","og_url":"https:\/\/elpatronvintage.com\/it\/prodotto\/giacche-nascar-rielaborate\/","og_site_name":"elpatronvintage.com","article_modified_time":"2025-09-09T21:14:26+00:00","og_image":[{"width":977,"height":1260,"url":"https:\/\/elpatronvintage.com\/wp-content\/uploads\/2025\/08\/1-1.webp","type":"image\/webp"}],"twitter_card":"summary_large_image","twitter_misc":{"Tempo di lettura stimato":"1 minuto"},"schema":{"@context":"https:\/\/schema.org","@graph":[{"@type":"WebPage","@id":"https:\/\/elpatronvintage.com\/fr\/produit\/vestes-nascar-retravaillees\/","url":"https:\/\/elpatronvintage.com\/fr\/produit\/vestes-nascar-retravaillees\/","name":"Giacche da corsa Nascar Rework - elpatronvintage.com","isPartOf":{"@id":"https:\/\/elpatronvintage.com\/fr\/#website"},"primaryImageOfPage":{"@id":"https:\/\/elpatronvintage.com\/fr\/produit\/vestes-nascar-retravaillees\/#primaryimage"},"image":{"@id":"https:\/\/elpatronvintage.com\/fr\/produit\/vestes-nascar-retravaillees\/#primaryimage"},"thumbnailUrl":"https:\/\/elpatronvintage.com\/wp-content\/uploads\/2025\/08\/1-1.webp","datePublished":"2025-08-14T16:44:23+00:00","dateModified":"2025-09-09T21:14:26+00:00","breadcrumb":{"@id":"https:\/\/elpatronvintage.com\/fr\/produit\/vestes-nascar-retravaillees\/#breadcrumb"},"inLanguage":"it-IT","potentialAction":[{"@type":"ReadAction","target":["https:\/\/elpatronvintage.com\/fr\/produit\/vestes-nascar-retravaillees\/"]}]},{"@type":"ImageObject","inLanguage":"it-IT","@id":"https:\/\/elpatronvintage.com\/fr\/produit\/vestes-nascar-retravaillees\/#primaryimage","url":"https:\/\/elpatronvintage.com\/wp-content\/uploads\/2025\/08\/1-1.webp","contentUrl":"https:\/\/elpatronvintage.com\/wp-content\/uploads\/2025\/08\/1-1.webp","width":977,"height":1260},{"@type":"BreadcrumbList","@id":"https:\/\/elpatronvintage.com\/fr\/produit\/vestes-nascar-retravaillees\/#breadcrumb","itemListElement":[{"@type":"ListItem","position":1,"name":"Portada","item":"https:\/\/elpatronvintage.com\/fr\/"},{"@type":"ListItem","position":2,"name":"Lote de Ropa Vintage","item":"https:\/\/elpatronvintage.com\/fr\/boutique\/"},{"@type":"ListItem","position":3,"name":"Chaquetas Racing Nascar Rework"}]},{"@type":"WebSite","@id":"https:\/\/elpatronvintage.com\/fr\/#website","url":"https:\/\/elpatronvintage.com\/fr\/","name":"IL PATTERN WHOLESALE VINTAGE | Fornitori di abbigliamento vintage","description":"Il modello vintage di CLOTHING WHOLESALE","publisher":{"@id":"https:\/\/elpatronvintage.com\/fr\/#organization"},"alternateName":"Ropa Vintage al Por Mayor","potentialAction":[{"@type":"SearchAction","target":{"@type":"EntryPoint","urlTemplate":"https:\/\/elpatronvintage.com\/fr\/?s={search_term_string}"},"query-input":{"@type":"PropertyValueSpecification","valueRequired":true,"valueName":"search_term_string"}}],"inLanguage":"it-IT"},{"@type":"Organization","@id":"https:\/\/elpatronvintage.com\/fr\/#organization","name":"IL PATTERN WHOLESALE VINTAGE | Fornitori di abbigliamento vintage","url":"https:\/\/elpatronvintage.com\/fr\/","logo":{"@type":"ImageObject","inLanguage":"it-IT","@id":"https:\/\/elpatronvintage.com\/fr\/#\/schema\/logo\/image\/","url":"https:\/\/elpatronvintage.com\/wp-content\/uploads\/2023\/01\/logo-web.webp","contentUrl":"https:\/\/elpatronvintage.com\/wp-content\/uploads\/2023\/01\/logo-web.webp","width":961,"height":598,"caption":"EL PATR\u00d3N VINTAGE WHOLESALE | Proveedores de ropa vintage"},"image":{"@id":"https:\/\/elpatronvintage.com\/fr\/#\/schema\/logo\/image\/"}}]}},"_links":{"self":[{"href":"https:\/\/elpatronvintage.com\/it\/wp-json\/wp\/v2\/product\/13460","targetHints":{"allow":["GET"]}}],"collection":[{"href":"https:\/\/elpatronvintage.com\/it\/wp-json\/wp\/v2\/product"}],"about":[{"href":"https:\/\/elpatronvintage.com\/it\/wp-json\/wp\/v2\/types\/product"}],"replies":[{"embeddable":true,"href":"https:\/\/elpatronvintage.com\/it\/wp-json\/wp\/v2\/comments?post=13460"}],"version-history":[{"count":2,"href":"https:\/\/elpatronvintage.com\/it\/wp-json\/wp\/v2\/product\/13460\/revisions"}],"predecessor-version":[{"id":13524,"href":"https:\/\/elpatronvintage.com\/it\/wp-json\/wp\/v2\/product\/13460\/revisions\/13524"}],"wp:featuredmedia":[{"embeddable":true,"href":"https:\/\/elpatronvintage.com\/it\/wp-json\/wp\/v2\/media\/13461"}],"wp:attachment":[{"href":"https:\/\/elpatronvintage.com\/it\/wp-json\/wp\/v2\/media?parent=13460"}],"wp:term":[{"taxonomy":"product_brand","embeddable":true,"href":"https:\/\/elpatronvintage.com\/it\/wp-json\/wp\/v2\/product_brand?post=13460"},{"taxonomy":"product_cat","embeddable":true,"href":"https:\/\/elpatronvintage.com\/it\/wp-json\/wp\/v2\/product_cat?post=13460"},{"taxonomy":"product_tag","embeddable":true,"href":"https:\/\/elpatronvintage.com\/it\/wp-json\/wp\/v2\/product_tag?post=13460"}],"curies":[{"name":"wp","href":"https:\/\/api.w.org\/{rel}","templated":true}]}}