{"id":5922,"date":"2024-02-11T22:32:40","date_gmt":"2024-02-11T20:32:40","guid":{"rendered":"https:\/\/elpatronvintage.com\/?page_id=5922"},"modified":"2024-02-11T22:33:30","modified_gmt":"2024-02-11T20:33:30","slug":"domande-frequenti","status":"publish","type":"page","link":"https:\/\/elpatronvintage.com\/it\/domande-frequenti\/","title":{"rendered":"Domande frequenti"},"content":{"rendered":"<div data-elementor-type=\"wp-page\" data-elementor-id=\"5922\" class=\"elementor elementor-5922\" data-elementor-post-type=\"page\">\n\t\t\t\t\t\t<section class=\"elementor-section elementor-top-section elementor-element elementor-element-98aed0d elementor-section-boxed elementor-section-height-default elementor-section-height-default\" data-id=\"98aed0d\" data-element_type=\"section\" data-e-type=\"section\">\n\t\t\t\t\t\t<div class=\"elementor-container elementor-column-gap-default\">\n\t\t\t\t\t<div class=\"elementor-column elementor-col-100 elementor-top-column elementor-element elementor-element-24fa7fb\" data-id=\"24fa7fb\" data-element_type=\"column\" data-e-type=\"column\">\n\t\t\t<div class=\"elementor-widget-wrap elementor-element-populated\">\n\t\t\t\t\t\t<div class=\"elementor-element elementor-element-e658ec8 elementor-widget elementor-widget-text-editor\" data-id=\"e658ec8\" data-element_type=\"widget\" data-e-type=\"widget\" data-widget_type=\"text-editor.default\">\n\t\t\t\t<div class=\"elementor-widget-container\">\n\t\t\t\t\t\t\t\t\t<h1>Domande frequenti<\/h1><p class=\"p1\"><b>QUANTO TEMPO CI VUOLE PER L'ARRIVO DI UN ORDINE E QUANTO COSTA?<\/b><\/p><p class=\"p1\">L'elaborazione degli ordini richiede da 1 a 3 giorni lavorativi.<\/p><p class=\"p1\">Le spese di spedizione verranno calcolate automaticamente in base al peso della merce.<br \/>pacchetto e destinazione.<\/p><p class=\"p1\">I tempi di spedizione dipendono dalla societ\u00e0 di trasporto e sono i seguenti<br \/>approssimativo. In Spagna (penisola) il tempo di consegna previsto \u00e8 di 2-4 giorni.<br \/>giorni lavorativi e per le altre destinazioni da 4 a 10 giorni lavorativi.<\/p><p class=\"p1\"><b>DOVE POSSO SEGUIRE IL MIO ORDINE?<\/b><\/p><p class=\"p1\">Potete controllare lo stato del vostro ordine in qualsiasi momento nella scheda TRACCIA IL TUO ORDINE.<br \/>ORDINE che potete trovare nel menu in alto del nostro sito web.<\/p><p class=\"p1\"><b>SONO CONSENTITI I RESI?<\/b><\/p><p class=\"p1\">Per gli acquisti all'ingrosso, i resi saranno accettati solo in caso di errore.<br \/>evidente errore da parte del Vintage Pattern. Non si accettano resi per motivi<br \/>soggettivo, cio\u00e8 ragioni come \"non mi piace un capo di abbigliamento\" non sono motivo per<br \/>ritorno.<\/p><p class=\"p1\">Se \u00e8 stato commesso un errore da parte del modello d'epoca, deve essere<br \/>contattare il numero WhatsApp: +34 649768063 entro un massimo di 48 ore dal momento in cui<br \/>ricevere l'ordine, indicando il numero d'ordine e allegando le foto e le prove di stampa<br \/>dell'errore eventualmente commesso.<\/p><p class=\"p1\">Nel caso in cui la restituzione venga accettata, l'acquirente dovr\u00e0 sostenere le spese di restituzione.<br \/>spedizione di ritorno, se non diversamente concordato. Quando abbiamo<br \/>ricevuto il pacco e verificato che sia nelle stesse condizioni in cui \u00e8 stato consegnato.<br \/>inviato, verr\u00e0 emesso un rimborso sotto forma di un buono da spendere sul sito web,<br \/>meno le spese di spedizione.<\/p><p class=\"p1\">Poich\u00e9 si tratta di abiti di seconda mano, non possiamo sapere se il prodotto \u00e8 stato<br \/>utilizzati dagli acquirenti, per questo motivo in nessun caso ci sar\u00e0 una<br \/>rimborso monetario dell'importo, il rimborso verr\u00e0 sempre effettuato sotto forma di un<br \/>buono da spendere sul sito web.<\/p><p class=\"p1\"><b>I CAPI SONO TUTTI DI SECONDA MANO? SONO IN BUONE CONDIZIONI?<\/b><br \/><b>STATO?<\/b><\/p><p class=\"p1\">Tutti i capi che vendiamo sono di seconda mano e sono stati usati.<br \/>in precedenza. Tutti i capi che vendiamo su The Vintage Pattern sono 90% Grado A e 10% Grado B.<\/p><p class=\"p1\"><b>CHE COSA SIGNIFICA GRADO A e GRADO B?<\/b><\/p><p class=\"p1\">Grado A: capi usati in precedenza e in ottime condizioni.<br \/>che sono perfetti per essere rivenduti.<\/p><p class=\"p1\">Grado B: Capi usati in precedenza che presentano imperfezioni che possono essere<br \/>correggere o passare inosservati. Queste imperfezioni possono essere segni<br \/>usura generale, aree con palline o pelucchi, macchie o strappi.<\/p><p class=\"p1\"><b>POSSO ACQUISTARE ALL'INGROSSO SE NON HO UN NEGOZIO O SE NON SONO UN<\/b><br \/><b>AUTONOMO?<\/b><\/p><p class=\"p1\">S\u00ec. Uno dei nostri obiettivi \u00e8 quello di aiutare coloro che vogliono entrare nel mondo del lavoro.<br \/>mondo della vendita di abiti di seconda mano in quanto ci risulta che non<br \/>tutti possono aprire un negozio fin dall'inizio.<\/p><p class=\"p1\">Pertanto, chi vuole entrare nel mondo delle vendite di abbigliamento vintage \u00e8<br \/>Benvenuti a The Vintage Pattern.<\/p><p class=\"p1\"><b>A QUALE PREZZO POSSO RIVENDERE I CAPI ACQUISTATI AL DETTAGLIO?<\/b><br \/><b>MAGGIORE?<\/b><\/p><p class=\"p1\">I prezzi dei lotti sono accuratamente regolati per generare i pi\u00f9 alti<br \/>possibile profitto. In genere, i capi d'abbigliamento inclusi saranno disponibili per la rivendita.<br \/>per un importo compreso tra 50% e 150% superiore al prezzo originale. Questo importo pu\u00f2 variare<br \/>a seconda delle dimensioni o dell'esperienza dei negozi.<\/p><p class=\"p1\"><b>DOVETE PAGARE LE TASSE E LA DOGANA?<\/b><\/p><p class=\"p1\">Se acquistate dall'Unione Europea, le tasse saranno gi\u00e0 incluse nel prezzo.<br \/>prezzo di ogni articolo e non dovrete effettuare alcun pagamento aggiuntivo quando il<br \/>il pacco arriva a destinazione.<br \/>Se acquistate da un paese non appartenente all'Unione Europea, quando il pacco arriva nel paese di consegna, riceverete una<br \/>destinazione sar\u00e0 responsabile del pagamento delle tasse e delle spese di spedizione.<br \/>dazi doganali e tasse. Non siamo responsabili di questi<br \/>possibili costi.<\/p><p class=\"p1\"><b>AVETE ALTRE DOMANDE?<\/b><\/p><p class=\"p1\">Scriveteci su WhatsApp: +34 649768063 e saremo felici di aiutarvi.<\/p>\t\t\t\t\t\t\t\t<\/div>\n\t\t\t\t<\/div>\n\t\t\t\t\t<\/div>\n\t\t<\/div>\n\t\t\t\t\t<\/div>\n\t\t<\/section>\n\t\t\t\t<\/div>","protected":false},"excerpt":{"rendered":"<p>Preguntas frecuentes \u00bfCU\u00c1NTO TARDA EN LLEGAR UN PEDIDO Y CU\u00c1NTO CUESTA? Los pedidos tardan en gestionarse de 1 a 3 d\u00edas h\u00e1biles. Los gastos de env\u00edo se calcular\u00e1n autom\u00e1ticamente dependiendo del peso delpaquete y del destino. Los tiempos de env\u00edo depender\u00e1n de la empresa de transporte y sonaproximados.\u00a0En Espa\u00f1a (pen\u00ednsula) el tiempo de entrega estimado [&hellip;]<\/p>\n","protected":false},"author":1,"featured_media":0,"parent":0,"menu_order":0,"comment_status":"closed","ping_status":"closed","template":"","meta":{"footnotes":""},"class_list":["post-5922","page","type-page","status-publish","hentry"],"yoast_head":"<!-- This site is optimized with the Yoast SEO plugin v26.8 - https:\/\/yoast.com\/product\/yoast-seo-wordpress\/ -->\n<title>Preguntas frecuentes - elpatronvintage.com<\/title>\n<meta name=\"robots\" content=\"index, follow, max-snippet:-1, max-image-preview:large, max-video-preview:-1\" \/>\n<link rel=\"canonical\" href=\"https:\/\/elpatronvintage.com\/it\/domande-frequenti\/\" \/>\n<meta property=\"og:locale\" content=\"it_IT\" \/>\n<meta property=\"og:type\" content=\"article\" \/>\n<meta property=\"og:title\" content=\"Preguntas frecuentes - elpatronvintage.com\" \/>\n<meta property=\"og:description\" content=\"Preguntas frecuentes \u00bfCU\u00c1NTO TARDA EN LLEGAR UN PEDIDO Y CU\u00c1NTO CUESTA? Los pedidos tardan en gestionarse de 1 a 3 d\u00edas h\u00e1biles. Los gastos de env\u00edo se calcular\u00e1n autom\u00e1ticamente dependiendo del peso delpaquete y del destino. Los tiempos de env\u00edo depender\u00e1n de la empresa de transporte y sonaproximados.\u00a0En Espa\u00f1a (pen\u00ednsula) el tiempo de entrega estimado [&hellip;]\" \/>\n<meta property=\"og:url\" content=\"https:\/\/elpatronvintage.com\/it\/domande-frequenti\/\" \/>\n<meta property=\"og:site_name\" content=\"elpatronvintage.com\" \/>\n<meta property=\"article:modified_time\" content=\"2024-02-11T20:33:30+00:00\" \/>\n<meta name=\"twitter:card\" content=\"summary_large_image\" \/>\n<meta name=\"twitter:label1\" content=\"Tempo di lettura stimato\" \/>\n\t<meta name=\"twitter:data1\" content=\"3 minuti\" \/>\n<script type=\"application\/ld+json\" class=\"yoast-schema-graph\">{\"@context\":\"https:\/\/schema.org\",\"@graph\":[{\"@type\":\"WebPage\",\"@id\":\"https:\/\/elpatronvintage.com\/fr\/questions-frequemment-posees\/\",\"url\":\"https:\/\/elpatronvintage.com\/fr\/questions-frequemment-posees\/\",\"name\":\"Preguntas frecuentes - elpatronvintage.com\",\"isPartOf\":{\"@id\":\"https:\/\/elpatronvintage.com\/#website\"},\"datePublished\":\"2024-02-11T20:32:40+00:00\",\"dateModified\":\"2024-02-11T20:33:30+00:00\",\"breadcrumb\":{\"@id\":\"https:\/\/elpatronvintage.com\/fr\/questions-frequemment-posees\/#breadcrumb\"},\"inLanguage\":\"it-IT\",\"potentialAction\":[{\"@type\":\"ReadAction\",\"target\":[\"https:\/\/elpatronvintage.com\/fr\/questions-frequemment-posees\/\"]}]},{\"@type\":\"BreadcrumbList\",\"@id\":\"https:\/\/elpatronvintage.com\/fr\/questions-frequemment-posees\/#breadcrumb\",\"itemListElement\":[{\"@type\":\"ListItem\",\"position\":1,\"name\":\"Portada\",\"item\":\"https:\/\/elpatronvintage.com\/it\/\"},{\"@type\":\"ListItem\",\"position\":2,\"name\":\"Preguntas frecuentes\"}]},{\"@type\":\"WebSite\",\"@id\":\"https:\/\/elpatronvintage.com\/#website\",\"url\":\"https:\/\/elpatronvintage.com\/\",\"name\":\"EL PATR\u00d3N VINTAGE WHOLESALE | Proveedores de ropa vintage\",\"description\":\"El Patr\u00f3n Vintage CLOTHING WHOLESALE\",\"publisher\":{\"@id\":\"https:\/\/elpatronvintage.com\/#organization\"},\"alternateName\":\"Ropa Vintage al Por Mayor\",\"potentialAction\":[{\"@type\":\"SearchAction\",\"target\":{\"@type\":\"EntryPoint\",\"urlTemplate\":\"https:\/\/elpatronvintage.com\/?s={search_term_string}\"},\"query-input\":{\"@type\":\"PropertyValueSpecification\",\"valueRequired\":true,\"valueName\":\"search_term_string\"}}],\"inLanguage\":\"it-IT\"},{\"@type\":\"Organization\",\"@id\":\"https:\/\/elpatronvintage.com\/#organization\",\"name\":\"EL PATR\u00d3N VINTAGE WHOLESALE | Proveedores de ropa vintage\",\"url\":\"https:\/\/elpatronvintage.com\/\",\"logo\":{\"@type\":\"ImageObject\",\"inLanguage\":\"it-IT\",\"@id\":\"https:\/\/elpatronvintage.com\/#\/schema\/logo\/image\/\",\"url\":\"https:\/\/elpatronvintage.com\/wp-content\/uploads\/2023\/01\/logo-web.webp\",\"contentUrl\":\"https:\/\/elpatronvintage.com\/wp-content\/uploads\/2023\/01\/logo-web.webp\",\"width\":961,\"height\":598,\"caption\":\"EL PATR\u00d3N VINTAGE WHOLESALE | Proveedores de ropa vintage\"},\"image\":{\"@id\":\"https:\/\/elpatronvintage.com\/#\/schema\/logo\/image\/\"}}]}<\/script>\n<!-- \/ Yoast SEO plugin. -->","yoast_head_json":{"title":"Domande frequenti - elpatronvintage.com","robots":{"index":"index","follow":"follow","max-snippet":"max-snippet:-1","max-image-preview":"max-image-preview:large","max-video-preview":"max-video-preview:-1"},"canonical":"https:\/\/elpatronvintage.com\/it\/domande-frequenti\/","og_locale":"it_IT","og_type":"article","og_title":"Preguntas frecuentes - elpatronvintage.com","og_description":"Preguntas frecuentes \u00bfCU\u00c1NTO TARDA EN LLEGAR UN PEDIDO Y CU\u00c1NTO CUESTA? Los pedidos tardan en gestionarse de 1 a 3 d\u00edas h\u00e1biles. Los gastos de env\u00edo se calcular\u00e1n autom\u00e1ticamente dependiendo del peso delpaquete y del destino. Los tiempos de env\u00edo depender\u00e1n de la empresa de transporte y sonaproximados.\u00a0En Espa\u00f1a (pen\u00ednsula) el tiempo de entrega estimado [&hellip;]","og_url":"https:\/\/elpatronvintage.com\/it\/domande-frequenti\/","og_site_name":"elpatronvintage.com","article_modified_time":"2024-02-11T20:33:30+00:00","twitter_card":"summary_large_image","twitter_misc":{"Tempo di lettura stimato":"3 minuti"},"schema":{"@context":"https:\/\/schema.org","@graph":[{"@type":"WebPage","@id":"https:\/\/elpatronvintage.com\/fr\/questions-frequemment-posees\/","url":"https:\/\/elpatronvintage.com\/fr\/questions-frequemment-posees\/","name":"Domande frequenti - elpatronvintage.com","isPartOf":{"@id":"https:\/\/elpatronvintage.com\/#website"},"datePublished":"2024-02-11T20:32:40+00:00","dateModified":"2024-02-11T20:33:30+00:00","breadcrumb":{"@id":"https:\/\/elpatronvintage.com\/fr\/questions-frequemment-posees\/#breadcrumb"},"inLanguage":"it-IT","potentialAction":[{"@type":"ReadAction","target":["https:\/\/elpatronvintage.com\/fr\/questions-frequemment-posees\/"]}]},{"@type":"BreadcrumbList","@id":"https:\/\/elpatronvintage.com\/fr\/questions-frequemment-posees\/#breadcrumb","itemListElement":[{"@type":"ListItem","position":1,"name":"Portada","item":"https:\/\/elpatronvintage.com\/it\/"},{"@type":"ListItem","position":2,"name":"Preguntas frecuentes"}]},{"@type":"WebSite","@id":"https:\/\/elpatronvintage.com\/#website","url":"https:\/\/elpatronvintage.com\/","name":"IL PATTERN WHOLESALE VINTAGE | Fornitori di abbigliamento vintage","description":"Il modello vintage di CLOTHING WHOLESALE","publisher":{"@id":"https:\/\/elpatronvintage.com\/#organization"},"alternateName":"Ropa Vintage al Por Mayor","potentialAction":[{"@type":"SearchAction","target":{"@type":"EntryPoint","urlTemplate":"https:\/\/elpatronvintage.com\/?s={search_term_string}"},"query-input":{"@type":"PropertyValueSpecification","valueRequired":true,"valueName":"search_term_string"}}],"inLanguage":"it-IT"},{"@type":"Organization","@id":"https:\/\/elpatronvintage.com\/#organization","name":"IL PATTERN WHOLESALE VINTAGE | Fornitori di abbigliamento vintage","url":"https:\/\/elpatronvintage.com\/","logo":{"@type":"ImageObject","inLanguage":"it-IT","@id":"https:\/\/elpatronvintage.com\/#\/schema\/logo\/image\/","url":"https:\/\/elpatronvintage.com\/wp-content\/uploads\/2023\/01\/logo-web.webp","contentUrl":"https:\/\/elpatronvintage.com\/wp-content\/uploads\/2023\/01\/logo-web.webp","width":961,"height":598,"caption":"EL PATR\u00d3N VINTAGE WHOLESALE | Proveedores de ropa vintage"},"image":{"@id":"https:\/\/elpatronvintage.com\/#\/schema\/logo\/image\/"}}]}},"_links":{"self":[{"href":"https:\/\/elpatronvintage.com\/it\/wp-json\/wp\/v2\/pages\/5922","targetHints":{"allow":["GET"]}}],"collection":[{"href":"https:\/\/elpatronvintage.com\/it\/wp-json\/wp\/v2\/pages"}],"about":[{"href":"https:\/\/elpatronvintage.com\/it\/wp-json\/wp\/v2\/types\/page"}],"author":[{"embeddable":true,"href":"https:\/\/elpatronvintage.com\/it\/wp-json\/wp\/v2\/users\/1"}],"replies":[{"embeddable":true,"href":"https:\/\/elpatronvintage.com\/it\/wp-json\/wp\/v2\/comments?post=5922"}],"version-history":[{"count":4,"href":"https:\/\/elpatronvintage.com\/it\/wp-json\/wp\/v2\/pages\/5922\/revisions"}],"predecessor-version":[{"id":5926,"href":"https:\/\/elpatronvintage.com\/it\/wp-json\/wp\/v2\/pages\/5922\/revisions\/5926"}],"wp:attachment":[{"href":"https:\/\/elpatronvintage.com\/it\/wp-json\/wp\/v2\/media?parent=5922"}],"curies":[{"name":"wp","href":"https:\/\/api.w.org\/{rel}","templated":true}]}}