{"id":4047,"date":"2023-06-23T07:12:36","date_gmt":"2023-06-23T07:12:36","guid":{"rendered":"https:\/\/elpatronvintage.com\/?page_id=4047"},"modified":"2025-05-08T21:55:38","modified_gmt":"2025-05-08T19:55:38","slug":"politiche-di-restituzione","status":"publish","type":"page","link":"https:\/\/elpatronvintage.com\/it\/politiche-di-restituzione\/","title":{"rendered":"Ritorno"},"content":{"rendered":"<div data-elementor-type=\"wp-page\" data-elementor-id=\"4047\" class=\"elementor elementor-4047\" data-elementor-post-type=\"page\">\n\t\t\t\t\t\t<section class=\"elementor-section elementor-top-section elementor-element elementor-element-108363fd elementor-section-boxed elementor-section-height-default elementor-section-height-default\" data-id=\"108363fd\" data-element_type=\"section\" data-e-type=\"section\">\n\t\t\t\t\t\t<div class=\"elementor-container elementor-column-gap-default\">\n\t\t\t\t\t<div class=\"elementor-column elementor-col-100 elementor-top-column elementor-element elementor-element-2ef85730\" data-id=\"2ef85730\" data-element_type=\"column\" data-e-type=\"column\">\n\t\t\t<div class=\"elementor-widget-wrap elementor-element-populated\">\n\t\t\t\t\t\t<div class=\"elementor-element elementor-element-1a2c7967 elementor-widget elementor-widget-text-editor\" data-id=\"1a2c7967\" data-element_type=\"widget\" data-e-type=\"widget\" data-widget_type=\"text-editor.default\">\n\t\t\t\t<div class=\"elementor-widget-container\">\n\t\t\t\t\t\t\t\t\t<p>-PAGINA DELLA POLITICA DEI RESI:<\/p>\n<h3 class=\"\" data-start=\"167\" data-end=\"215\">Politica di restituzione\u00a0<\/h3>\n<p>\u00a0<\/p>\n<h4 class=\"\" data-start=\"402\" data-end=\"447\">1. Condizioni generali di restituzione<\/h4>\n<p class=\"\" data-start=\"448\" data-end=\"798\">Si tratta di vendite all'ingrosso di molti abiti vintage e di seconda mano, <strong data-start=\"527\" data-end=\"634\">I rimborsi saranno accettati solo se El Patr\u00f3n Vintage ha commesso un errore evidente.<\/strong>.<br data-start=\"635\" data-end=\"638\" \/>Non si accettano resi per motivi soggettivi o personali, come ad esempio: \"un capo non mi piace\" o \"non corrisponde alle mie aspettative\".<\/p>\n<h4 class=\"\" data-start=\"800\" data-end=\"853\">2. Procedura per la richiesta di rimborso<\/h4>\n<p class=\"\" data-start=\"854\" data-end=\"1134\">Se si ritiene che ci sia stato un errore nell'ordine, \u00e8 necessario:<br data-start=\"913\" data-end=\"916\" \/>- Contattateci via WhatsApp <strong data-start=\"952\" data-end=\"973\">(+34 649 768 063)<\/strong> entro un periodo massimo di <strong data-start=\"996\" data-end=\"1008\">48 ore<\/strong> dal ricevimento dell'ordine.<br data-start=\"1039\" data-end=\"1042\" \/>- Indicare il numero d'ordine.<br data-start=\"1072\" data-end=\"1075\" \/>- Allegare fotografie chiare e prove dell'errore commesso.<\/p>\n<h4 class=\"\" data-start=\"1136\" data-end=\"1193\">3. Condizioni per l'accettazione del reso<\/h4>\n<p class=\"\" data-start=\"1194\" data-end=\"1580\">- Spese di spedizione per la restituzione <strong data-start=\"1233\" data-end=\"1276\">sono interamente a carico del cliente.<\/strong>.<br data-start=\"1277\" data-end=\"1280\" \/>- Il reso deve essere programmato e spedito entro un periodo massimo di <strong data-start=\"1348\" data-end=\"1369\">14 giorni di calendario<\/strong> dal ricevimento dell'ordine o dall'accettazione del reso.<br data-start=\"1439\" data-end=\"1442\" \/>- Finch\u00e9 il pacco restituito non viene ricevuto e controllato dal nostro magazzino, la responsabilit\u00e0 per il contenuto rimane del cliente.<\/p>\n<h4 class=\"\" data-start=\"1582\" data-end=\"1632\">4. Revisione dei pacchetti ed emissione dei tagliandi<\/h4>\n<p class=\"\" data-start=\"1633\" data-end=\"2330\">- Una volta ricevuto il reso, effettueremo un controllo accurato per verificare che il contenuto corrisponda esattamente all'ordine originale.<br data-start=\"1785\" data-end=\"1788\" \/>- Eventuali discrepanze (di peso, di quantit\u00e0, di stile o di qualit\u00e0) dovranno essere notificate entro un massimo di <strong data-start=\"1886\" data-end=\"1898\">24 ore<\/strong> dopo la ricezione iniziale dell'ordine per essere presi in considerazione.<br data-start=\"1963\" data-end=\"1966\" \/>- Se il reso viene accettato, un <strong data-start=\"2012\" data-end=\"2031\">coupon di acquisto<\/strong> equivalente all'importo della merce restituita (escluse le spese di spedizione).<br data-start=\"2115\" data-end=\"2118\" \/>- <strong data-start=\"2120\" data-end=\"2160\">Non sono previsti rimborsi monetari<\/strong> in qualsiasi circostanza.<br data-start=\"2188\" data-end=\"2191\" \/>- Il processo di revisione e di emissione del coupon pu\u00f2 richiedere fino a <strong data-start=\"2255\" data-end=\"2274\">14 giorni lavorativi<\/strong> dal ricevimento della merce restituita nel nostro magazzino.<\/p>\n<h4 class=\"\" data-start=\"2332\" data-end=\"2367\">5. Prodotti di seconda mano<\/h4>\n<p class=\"\" data-start=\"2368\" data-end=\"2664\">Poich\u00e9 vendiamo abbigliamento vintage e di seconda mano, non possiamo certificare se i capi siano stati usati o modificati dopo l'acquisto. Per questo motivo, <strong data-start=\"2525\" data-end=\"2618\">le restituzioni saranno processate solo con l'utilizzo di coupon per acquisti futuri sul nostro sito web.<\/strong>e non saranno concessi rimborsi in contanti.<\/p>\n<p data-start=\"2368\" data-end=\"2664\"><strong data-start=\"217\" data-end=\"238\">Il modello vintage<\/strong>con CIF\/NIF: 47936812M, rappresentato da <strong data-start=\"281\" data-end=\"306\">Julen Garc\u00eda Mart\u00ednez<\/strong>\u00e8 responsabile della gestione dei resi.<\/p>\n<p><!-- \/wp:paragraph --><\/p>\t\t\t\t\t\t\t\t<\/div>\n\t\t\t\t<\/div>\n\t\t\t\t\t<\/div>\n\t\t<\/div>\n\t\t\t\t\t<\/div>\n\t\t<\/section>\n\t\t\t\t<\/div>","protected":false},"excerpt":{"rendered":"<p>-P\u00c1GINA DE POL\u00cdTICA DE DEVOLUCIONES: Pol\u00edtica de Devoluciones\u00a0 \u00a0 1. Condiciones generales de devoluci\u00f3n Al tratarse de ventas al por mayor de lotes de ropa vintage y de segunda mano, solo se aceptar\u00e1n devoluciones cuando se haya cometido un error evidente por parte de El Patr\u00f3n Vintage.No se aceptar\u00e1n devoluciones por motivos subjetivos o de [&hellip;]<\/p>\n","protected":false},"author":1,"featured_media":0,"parent":0,"menu_order":0,"comment_status":"closed","ping_status":"open","template":"","meta":{"footnotes":""},"class_list":["post-4047","page","type-page","status-publish","hentry"],"yoast_head":"<!-- This site is optimized with the Yoast SEO plugin v26.8 - https:\/\/yoast.com\/product\/yoast-seo-wordpress\/ -->\n<title>Devoluci\u00f3n - elpatronvintage.com<\/title>\n<meta name=\"robots\" content=\"index, follow, max-snippet:-1, max-image-preview:large, max-video-preview:-1\" \/>\n<link rel=\"canonical\" href=\"https:\/\/elpatronvintage.com\/it\/politiche-di-restituzione\/\" \/>\n<meta property=\"og:locale\" content=\"it_IT\" \/>\n<meta property=\"og:type\" content=\"article\" \/>\n<meta property=\"og:title\" content=\"Devoluci\u00f3n - elpatronvintage.com\" \/>\n<meta property=\"og:description\" content=\"-P\u00c1GINA DE POL\u00cdTICA DE DEVOLUCIONES: Pol\u00edtica de Devoluciones\u00a0 \u00a0 1. Condiciones generales de devoluci\u00f3n Al tratarse de ventas al por mayor de lotes de ropa vintage y de segunda mano, solo se aceptar\u00e1n devoluciones cuando se haya cometido un error evidente por parte de El Patr\u00f3n Vintage.No se aceptar\u00e1n devoluciones por motivos subjetivos o de [&hellip;]\" \/>\n<meta property=\"og:url\" content=\"https:\/\/elpatronvintage.com\/it\/politiche-di-restituzione\/\" \/>\n<meta property=\"og:site_name\" content=\"elpatronvintage.com\" \/>\n<meta property=\"article:modified_time\" content=\"2025-05-08T19:55:38+00:00\" \/>\n<meta name=\"twitter:card\" content=\"summary_large_image\" \/>\n<meta name=\"twitter:label1\" content=\"Tempo di lettura stimato\" \/>\n\t<meta name=\"twitter:data1\" content=\"2 minuti\" \/>\n<script type=\"application\/ld+json\" class=\"yoast-schema-graph\">{\"@context\":\"https:\/\/schema.org\",\"@graph\":[{\"@type\":\"WebPage\",\"@id\":\"https:\/\/elpatronvintage.com\/en\/return-policies\/\",\"url\":\"https:\/\/elpatronvintage.com\/en\/return-policies\/\",\"name\":\"Devoluci\u00f3n - elpatronvintage.com\",\"isPartOf\":{\"@id\":\"https:\/\/elpatronvintage.com\/#website\"},\"datePublished\":\"2023-06-23T07:12:36+00:00\",\"dateModified\":\"2025-05-08T19:55:38+00:00\",\"breadcrumb\":{\"@id\":\"https:\/\/elpatronvintage.com\/en\/return-policies\/#breadcrumb\"},\"inLanguage\":\"it-IT\",\"potentialAction\":[{\"@type\":\"ReadAction\",\"target\":[\"https:\/\/elpatronvintage.com\/en\/return-policies\/\"]}]},{\"@type\":\"BreadcrumbList\",\"@id\":\"https:\/\/elpatronvintage.com\/en\/return-policies\/#breadcrumb\",\"itemListElement\":[{\"@type\":\"ListItem\",\"position\":1,\"name\":\"Portada\",\"item\":\"http:\/\/elpatronvintage.com\/en\/\"},{\"@type\":\"ListItem\",\"position\":2,\"name\":\"Devoluci\u00f3n\"}]},{\"@type\":\"WebSite\",\"@id\":\"https:\/\/elpatronvintage.com\/#website\",\"url\":\"https:\/\/elpatronvintage.com\/\",\"name\":\"EL PATR\u00d3N VINTAGE WHOLESALE | Proveedores de ropa vintage\",\"description\":\"El Patr\u00f3n Vintage CLOTHING WHOLESALE\",\"publisher\":{\"@id\":\"https:\/\/elpatronvintage.com\/#organization\"},\"alternateName\":\"Ropa Vintage al Por Mayor\",\"potentialAction\":[{\"@type\":\"SearchAction\",\"target\":{\"@type\":\"EntryPoint\",\"urlTemplate\":\"https:\/\/elpatronvintage.com\/?s={search_term_string}\"},\"query-input\":{\"@type\":\"PropertyValueSpecification\",\"valueRequired\":true,\"valueName\":\"search_term_string\"}}],\"inLanguage\":\"it-IT\"},{\"@type\":\"Organization\",\"@id\":\"https:\/\/elpatronvintage.com\/#organization\",\"name\":\"EL PATR\u00d3N VINTAGE WHOLESALE | Proveedores de ropa vintage\",\"url\":\"https:\/\/elpatronvintage.com\/\",\"logo\":{\"@type\":\"ImageObject\",\"inLanguage\":\"it-IT\",\"@id\":\"https:\/\/elpatronvintage.com\/#\/schema\/logo\/image\/\",\"url\":\"https:\/\/elpatronvintage.com\/wp-content\/uploads\/2023\/01\/logo-web.webp\",\"contentUrl\":\"https:\/\/elpatronvintage.com\/wp-content\/uploads\/2023\/01\/logo-web.webp\",\"width\":961,\"height\":598,\"caption\":\"EL PATR\u00d3N VINTAGE WHOLESALE | Proveedores de ropa vintage\"},\"image\":{\"@id\":\"https:\/\/elpatronvintage.com\/#\/schema\/logo\/image\/\"}}]}<\/script>\n<!-- \/ Yoast SEO plugin. -->","yoast_head_json":{"title":"Restituzioni - elpatronvintage.com","robots":{"index":"index","follow":"follow","max-snippet":"max-snippet:-1","max-image-preview":"max-image-preview:large","max-video-preview":"max-video-preview:-1"},"canonical":"https:\/\/elpatronvintage.com\/it\/politiche-di-restituzione\/","og_locale":"it_IT","og_type":"article","og_title":"Devoluci\u00f3n - elpatronvintage.com","og_description":"-P\u00c1GINA DE POL\u00cdTICA DE DEVOLUCIONES: Pol\u00edtica de Devoluciones\u00a0 \u00a0 1. Condiciones generales de devoluci\u00f3n Al tratarse de ventas al por mayor de lotes de ropa vintage y de segunda mano, solo se aceptar\u00e1n devoluciones cuando se haya cometido un error evidente por parte de El Patr\u00f3n Vintage.No se aceptar\u00e1n devoluciones por motivos subjetivos o de [&hellip;]","og_url":"https:\/\/elpatronvintage.com\/it\/politiche-di-restituzione\/","og_site_name":"elpatronvintage.com","article_modified_time":"2025-05-08T19:55:38+00:00","twitter_card":"summary_large_image","twitter_misc":{"Tempo di lettura stimato":"2 minuti"},"schema":{"@context":"https:\/\/schema.org","@graph":[{"@type":"WebPage","@id":"https:\/\/elpatronvintage.com\/en\/return-policies\/","url":"https:\/\/elpatronvintage.com\/en\/return-policies\/","name":"Restituzioni - elpatronvintage.com","isPartOf":{"@id":"https:\/\/elpatronvintage.com\/#website"},"datePublished":"2023-06-23T07:12:36+00:00","dateModified":"2025-05-08T19:55:38+00:00","breadcrumb":{"@id":"https:\/\/elpatronvintage.com\/en\/return-policies\/#breadcrumb"},"inLanguage":"it-IT","potentialAction":[{"@type":"ReadAction","target":["https:\/\/elpatronvintage.com\/en\/return-policies\/"]}]},{"@type":"BreadcrumbList","@id":"https:\/\/elpatronvintage.com\/en\/return-policies\/#breadcrumb","itemListElement":[{"@type":"ListItem","position":1,"name":"Portada","item":"http:\/\/elpatronvintage.com\/en\/"},{"@type":"ListItem","position":2,"name":"Devoluci\u00f3n"}]},{"@type":"WebSite","@id":"https:\/\/elpatronvintage.com\/#website","url":"https:\/\/elpatronvintage.com\/","name":"IL PATTERN WHOLESALE VINTAGE | Fornitori di abbigliamento vintage","description":"Il modello vintage di CLOTHING WHOLESALE","publisher":{"@id":"https:\/\/elpatronvintage.com\/#organization"},"alternateName":"Ropa Vintage al Por Mayor","potentialAction":[{"@type":"SearchAction","target":{"@type":"EntryPoint","urlTemplate":"https:\/\/elpatronvintage.com\/?s={search_term_string}"},"query-input":{"@type":"PropertyValueSpecification","valueRequired":true,"valueName":"search_term_string"}}],"inLanguage":"it-IT"},{"@type":"Organization","@id":"https:\/\/elpatronvintage.com\/#organization","name":"IL PATTERN WHOLESALE VINTAGE | Fornitori di abbigliamento vintage","url":"https:\/\/elpatronvintage.com\/","logo":{"@type":"ImageObject","inLanguage":"it-IT","@id":"https:\/\/elpatronvintage.com\/#\/schema\/logo\/image\/","url":"https:\/\/elpatronvintage.com\/wp-content\/uploads\/2023\/01\/logo-web.webp","contentUrl":"https:\/\/elpatronvintage.com\/wp-content\/uploads\/2023\/01\/logo-web.webp","width":961,"height":598,"caption":"EL PATR\u00d3N VINTAGE WHOLESALE | Proveedores de ropa vintage"},"image":{"@id":"https:\/\/elpatronvintage.com\/#\/schema\/logo\/image\/"}}]}},"_links":{"self":[{"href":"https:\/\/elpatronvintage.com\/it\/wp-json\/wp\/v2\/pages\/4047","targetHints":{"allow":["GET"]}}],"collection":[{"href":"https:\/\/elpatronvintage.com\/it\/wp-json\/wp\/v2\/pages"}],"about":[{"href":"https:\/\/elpatronvintage.com\/it\/wp-json\/wp\/v2\/types\/page"}],"author":[{"embeddable":true,"href":"https:\/\/elpatronvintage.com\/it\/wp-json\/wp\/v2\/users\/1"}],"replies":[{"embeddable":true,"href":"https:\/\/elpatronvintage.com\/it\/wp-json\/wp\/v2\/comments?post=4047"}],"version-history":[{"count":8,"href":"https:\/\/elpatronvintage.com\/it\/wp-json\/wp\/v2\/pages\/4047\/revisions"}],"predecessor-version":[{"id":12986,"href":"https:\/\/elpatronvintage.com\/it\/wp-json\/wp\/v2\/pages\/4047\/revisions\/12986"}],"wp:attachment":[{"href":"https:\/\/elpatronvintage.com\/it\/wp-json\/wp\/v2\/media?parent=4047"}],"curies":[{"name":"wp","href":"https:\/\/api.w.org\/{rel}","templated":true}]}}