{"id":4042,"date":"2023-06-23T07:09:23","date_gmt":"2023-06-23T07:09:23","guid":{"rendered":"https:\/\/elpatronvintage.com\/?page_id=4042"},"modified":"2025-06-04T19:49:24","modified_gmt":"2025-06-04T17:49:24","slug":"avviso-legale","status":"publish","type":"page","link":"https:\/\/elpatronvintage.com\/it\/avviso-legale\/","title":{"rendered":"Avviso legale"},"content":{"rendered":"<div data-elementor-type=\"wp-page\" data-elementor-id=\"4042\" class=\"elementor elementor-4042\" data-elementor-post-type=\"page\">\n\t\t\t\t\t\t<section class=\"elementor-section elementor-top-section elementor-element elementor-element-108363fd elementor-section-boxed elementor-section-height-default elementor-section-height-default\" data-id=\"108363fd\" data-element_type=\"section\" data-e-type=\"section\">\n\t\t\t\t\t\t<div class=\"elementor-container elementor-column-gap-default\">\n\t\t\t\t\t<div class=\"elementor-column elementor-col-100 elementor-top-column elementor-element elementor-element-2ef85730\" data-id=\"2ef85730\" data-element_type=\"column\" data-e-type=\"column\">\n\t\t\t<div class=\"elementor-widget-wrap elementor-element-populated\">\n\t\t\t\t\t\t<div class=\"elementor-element elementor-element-1a2c7967 elementor-widget elementor-widget-text-editor\" data-id=\"1a2c7967\" data-element_type=\"widget\" data-e-type=\"widget\" data-widget_type=\"text-editor.default\">\n\t\t\t\t<div class=\"elementor-widget-container\">\n\t\t\t\t\t\t\t\t\t\n<p>AVVISO LEGALE<br \/><br \/>El Patr\u00f3n vintage ha adattato questo sito web alle esigenze dei clienti:<\/p>\n<p>Il GDPR (Regolamento (UE) 2016\/679 del Parlamento europeo e del Consiglio del 27 giugno 2016 relativo alla protezione dei dati personali delle persone fisiche con riguardo al trattamento dei dati personali).<br \/>dell'aprile 2016 sulla protezione delle persone fisiche), che rappresenta il nuovo<br \/>legislazione dell'unione europea che unifica la regolamentazione del trattamento dei dati personali<br \/>dati personali in diversi paesi dell'UE.<br \/>La LOPD (Legge organica 15\/1999, del 13 dicembre, sulla protezione dei dati personali di persone, aziende e istituzioni).<br \/>carattere personale e del regio decreto 1720\/2007, del 21 dicembre, noto come il<br \/>regolamento per lo sviluppo della LOPD), che regola il trattamento dei dati personali.<br \/>e gli obblighi che devono essere assunti dai responsabili di un sito web o di una<br \/>un blog quando si tratta di gestire queste informazioni.<br \/>La LSSI o LSSICE (Legge 34\/2002, dell'11 luglio, sui Servizi della Societ\u00e0 dell'Informazione), che \u00e8<br \/>informazioni e commercio elettronico), regolamentando le transazioni economiche<br \/>per via elettronica, come nel caso di questo sito web.<br \/>Condizioni generali di utilizzo, le presenti condizioni generali regolano l'utilizzo<br \/>(compreso il semplice accesso al sito web) delle pagine che compongono Il Patrono<br \/>vintage, compresi i contenuti e i servizi offerti.<br \/>Accedendo al sito web si acquisisce lo status di utente e si accetta di essere vincolati dai termini e dalle condizioni del sito.<br \/>condizioni generali di volta in volta in vigore.<br \/>Dati personali che raccolgo e come li raccolgo: potete leggere l'informativa dettagliata<br \/>in merito a questa sezione dell'informativa sulla privacy.<br \/>Impegni e obblighi degli utenti: l'utente \u00e8 informato e accetta che la<br \/>l'accesso a questo sito web non implica in alcun modo l'inizio di un rapporto commerciale.<br \/>con The Vintage Pattern e accettate di utilizzare questo sito web, i suoi servizi e<br \/>contenuti senza violare la legislazione vigente, la buona fede e l'ordine pubblico.<br \/>Misure di sicurezza per i dati personali che comunicate a El Patr\u00f3n<br \/>come cliente di El Patr\u00f3n vintage pu\u00f2 essere memorizzato in un database.<br \/>dati, automatizzati o meno, la cui propriet\u00e0 corrisponde esclusivamente a El Patr\u00f3n<br \/>vintage, assumendo tutte le misure tecniche, organizzative e di sicurezza.<br \/>che garantiscono la riservatezza, l'integrit\u00e0 e la qualit\u00e0 delle informazioni contenute.<br \/>in conformit\u00e0 alle disposizioni della normativa vigente in materia di tutela dell'ambiente.<br \/>di dati.<br \/>La comunicazione tra l'utente e El Patr\u00f3n vintage si avvale di un canale sicuro e la<br \/>i dati trasmessi sono criptati con il protocollo https. Pertanto, garantisco<br \/>le migliori condizioni di sicurezza per la riservatezza degli utenti.<br \/>Nell'annata di El Patr\u00f3n vengono messi in atto tutti i mezzi necessari e tutte le<br \/>misure di sicurezza adeguate per individuare e prevenire l'esistenza di virus e<br \/>qualsiasi altro tipo di attacco. Tuttavia, \u00e8 necessario sapere che il<br \/>Le misure di sicurezza per i sistemi informatici su Internet non sono completamente<br \/>affidabile. Per questo motivo, anche l'annata di El Patr\u00f3n non pu\u00f2 essere completamente garantita.<br \/>l'assenza di virus o di altri elementi che possano causare alterazioni nella<\/p>\n<p>sistemi informatici (software e hardware) degli utenti o nei loro documenti<br \/>e nei file che contengono.<br \/>Piattaforma di risoluzione delle controversie Fornisco a voi, in qualit\u00e0 di utenti, il<br \/>piattaforma di risoluzione delle controversie messa a disposizione dalla Commissione europea, alla quale si \u00e8<br \/>\u00e8 possibile accedere a questo link:<br \/>https:\/\/ec.europa.eu\/consumers\/odr\/main\/index.cfm?event=main.home2.show&amp;amp;lng<br \/>=it<br \/>Esclusione di garanzie e responsabilit\u00e0 L'annata El Patr\u00f3n non concede alcuna garanzia.<br \/>garanzia, n\u00e9 sar\u00e0 responsabile, in ogni caso, per danni di qualsiasi natura.<br \/>di qualsiasi natura che possano derivare da:<br \/>La mancanza di disponibilit\u00e0, manutenzione e funzionamento efficace del sito web, o di<br \/>i suoi servizi e contenuti.<br \/>L'esistenza di virus, malware, programmi dannosi o nocivi sul sito<br \/>contenuti.<br \/>Uso illegale, negligente, fraudolento o contrario alla presente nota legale.<br \/>La mancanza di legalit\u00e0, qualit\u00e0, affidabilit\u00e0, utilit\u00e0 e disponibilit\u00e0 dei servizi.<br \/>forniti da terzi e messi a disposizione degli utenti sul sito web.<br \/>I danni che possono derivare dall'uso illegale o improprio di questo sito web.<\/p>\n<p>Indirizzo: Violant d'hongria reina arag\u00f3 71 2o 08028, Barcelona<br \/>Email: elpatronvintage@gmail.com<\/p>\n<p>El Patr\u00f3n Vintage, con CIF\/NIF: 47936812M, rappresentato da Julen Garc\u00eda Mart\u00ednez<\/p>\n\t\t\t\t\t\t\t\t<\/div>\n\t\t\t\t<\/div>\n\t\t\t\t\t<\/div>\n\t\t<\/div>\n\t\t\t\t\t<\/div>\n\t\t<\/section>\n\t\t\t\t<\/div>","protected":false},"excerpt":{"rendered":"<p>AVISO LEGAL El Patr\u00f3n vintage\u00a0ha adecuado esta web a las exigencias de: El RGPD (reglamento (UE) 2016\/679 del parlamento europeo y del consejo de 27de abril de 2016 relativo a la protecci\u00f3n de las personas f\u00edsicas), que es la nuevanormativa de la uni\u00f3n europea que unifica la regulaci\u00f3n del tratamiento de losdatos personales en los [&hellip;]<\/p>\n","protected":false},"author":1,"featured_media":0,"parent":0,"menu_order":0,"comment_status":"closed","ping_status":"open","template":"","meta":{"footnotes":""},"class_list":["post-4042","page","type-page","status-publish","hentry"],"yoast_head":"<!-- This site is optimized with the Yoast SEO plugin v26.8 - https:\/\/yoast.com\/product\/yoast-seo-wordpress\/ -->\n<title>Aviso Legal - elpatronvintage.com<\/title>\n<meta name=\"robots\" content=\"index, follow, max-snippet:-1, max-image-preview:large, max-video-preview:-1\" \/>\n<link rel=\"canonical\" href=\"https:\/\/elpatronvintage.com\/it\/avviso-legale\/\" \/>\n<meta property=\"og:locale\" content=\"it_IT\" \/>\n<meta property=\"og:type\" content=\"article\" \/>\n<meta property=\"og:title\" content=\"Aviso Legal - elpatronvintage.com\" \/>\n<meta property=\"og:description\" content=\"AVISO LEGAL El Patr\u00f3n vintage\u00a0ha adecuado esta web a las exigencias de: El RGPD (reglamento (UE) 2016\/679 del parlamento europeo y del consejo de 27de abril de 2016 relativo a la protecci\u00f3n de las personas f\u00edsicas), que es la nuevanormativa de la uni\u00f3n europea que unifica la regulaci\u00f3n del tratamiento de losdatos personales en los [&hellip;]\" \/>\n<meta property=\"og:url\" content=\"https:\/\/elpatronvintage.com\/it\/avviso-legale\/\" \/>\n<meta property=\"og:site_name\" content=\"elpatronvintage.com\" \/>\n<meta property=\"article:modified_time\" content=\"2025-06-04T17:49:24+00:00\" \/>\n<meta name=\"twitter:card\" content=\"summary_large_image\" \/>\n<meta name=\"twitter:label1\" content=\"Tempo di lettura stimato\" \/>\n\t<meta name=\"twitter:data1\" content=\"4 minuti\" \/>\n<script type=\"application\/ld+json\" class=\"yoast-schema-graph\">{\"@context\":\"https:\/\/schema.org\",\"@graph\":[{\"@type\":\"WebPage\",\"@id\":\"https:\/\/elpatronvintage.com\/fr\/avis-juridique\/\",\"url\":\"https:\/\/elpatronvintage.com\/fr\/avis-juridique\/\",\"name\":\"Aviso Legal - elpatronvintage.com\",\"isPartOf\":{\"@id\":\"http:\/\/elpatronvintage.com\/#website\"},\"datePublished\":\"2023-06-23T07:09:23+00:00\",\"dateModified\":\"2025-06-04T17:49:24+00:00\",\"breadcrumb\":{\"@id\":\"https:\/\/elpatronvintage.com\/fr\/avis-juridique\/#breadcrumb\"},\"inLanguage\":\"it-IT\",\"potentialAction\":[{\"@type\":\"ReadAction\",\"target\":[\"https:\/\/elpatronvintage.com\/fr\/avis-juridique\/\"]}]},{\"@type\":\"BreadcrumbList\",\"@id\":\"https:\/\/elpatronvintage.com\/fr\/avis-juridique\/#breadcrumb\",\"itemListElement\":[{\"@type\":\"ListItem\",\"position\":1,\"name\":\"Portada\",\"item\":\"http:\/\/elpatronvintage.com\/\"},{\"@type\":\"ListItem\",\"position\":2,\"name\":\"Aviso Legal\"}]},{\"@type\":\"WebSite\",\"@id\":\"http:\/\/elpatronvintage.com\/#website\",\"url\":\"http:\/\/elpatronvintage.com\/\",\"name\":\"EL PATR\u00d3N VINTAGE WHOLESALE | Proveedores de ropa vintage\",\"description\":\"El Patr\u00f3n Vintage CLOTHING WHOLESALE\",\"publisher\":{\"@id\":\"http:\/\/elpatronvintage.com\/#organization\"},\"alternateName\":\"Ropa Vintage al Por Mayor\",\"potentialAction\":[{\"@type\":\"SearchAction\",\"target\":{\"@type\":\"EntryPoint\",\"urlTemplate\":\"http:\/\/elpatronvintage.com\/?s={search_term_string}\"},\"query-input\":{\"@type\":\"PropertyValueSpecification\",\"valueRequired\":true,\"valueName\":\"search_term_string\"}}],\"inLanguage\":\"it-IT\"},{\"@type\":\"Organization\",\"@id\":\"http:\/\/elpatronvintage.com\/#organization\",\"name\":\"EL PATR\u00d3N VINTAGE WHOLESALE | Proveedores de ropa vintage\",\"url\":\"http:\/\/elpatronvintage.com\/\",\"logo\":{\"@type\":\"ImageObject\",\"inLanguage\":\"it-IT\",\"@id\":\"http:\/\/elpatronvintage.com\/#\/schema\/logo\/image\/\",\"url\":\"https:\/\/elpatronvintage.com\/wp-content\/uploads\/2023\/01\/logo-web.webp\",\"contentUrl\":\"https:\/\/elpatronvintage.com\/wp-content\/uploads\/2023\/01\/logo-web.webp\",\"width\":961,\"height\":598,\"caption\":\"EL PATR\u00d3N VINTAGE WHOLESALE | Proveedores de ropa vintage\"},\"image\":{\"@id\":\"http:\/\/elpatronvintage.com\/#\/schema\/logo\/image\/\"}}]}<\/script>\n<!-- \/ Yoast SEO plugin. -->","yoast_head_json":{"title":"Avviso legale - elpatronvintage.com","robots":{"index":"index","follow":"follow","max-snippet":"max-snippet:-1","max-image-preview":"max-image-preview:large","max-video-preview":"max-video-preview:-1"},"canonical":"https:\/\/elpatronvintage.com\/it\/avviso-legale\/","og_locale":"it_IT","og_type":"article","og_title":"Aviso Legal - elpatronvintage.com","og_description":"AVISO LEGAL El Patr\u00f3n vintage\u00a0ha adecuado esta web a las exigencias de: El RGPD (reglamento (UE) 2016\/679 del parlamento europeo y del consejo de 27de abril de 2016 relativo a la protecci\u00f3n de las personas f\u00edsicas), que es la nuevanormativa de la uni\u00f3n europea que unifica la regulaci\u00f3n del tratamiento de losdatos personales en los [&hellip;]","og_url":"https:\/\/elpatronvintage.com\/it\/avviso-legale\/","og_site_name":"elpatronvintage.com","article_modified_time":"2025-06-04T17:49:24+00:00","twitter_card":"summary_large_image","twitter_misc":{"Tempo di lettura stimato":"4 minuti"},"schema":{"@context":"https:\/\/schema.org","@graph":[{"@type":"WebPage","@id":"https:\/\/elpatronvintage.com\/fr\/avis-juridique\/","url":"https:\/\/elpatronvintage.com\/fr\/avis-juridique\/","name":"Avviso legale - elpatronvintage.com","isPartOf":{"@id":"http:\/\/elpatronvintage.com\/#website"},"datePublished":"2023-06-23T07:09:23+00:00","dateModified":"2025-06-04T17:49:24+00:00","breadcrumb":{"@id":"https:\/\/elpatronvintage.com\/fr\/avis-juridique\/#breadcrumb"},"inLanguage":"it-IT","potentialAction":[{"@type":"ReadAction","target":["https:\/\/elpatronvintage.com\/fr\/avis-juridique\/"]}]},{"@type":"BreadcrumbList","@id":"https:\/\/elpatronvintage.com\/fr\/avis-juridique\/#breadcrumb","itemListElement":[{"@type":"ListItem","position":1,"name":"Portada","item":"http:\/\/elpatronvintage.com\/"},{"@type":"ListItem","position":2,"name":"Aviso Legal"}]},{"@type":"WebSite","@id":"http:\/\/elpatronvintage.com\/#website","url":"http:\/\/elpatronvintage.com\/","name":"IL PATTERN WHOLESALE VINTAGE | Fornitori di abbigliamento vintage","description":"Il modello vintage di CLOTHING WHOLESALE","publisher":{"@id":"http:\/\/elpatronvintage.com\/#organization"},"alternateName":"Ropa Vintage al Por Mayor","potentialAction":[{"@type":"SearchAction","target":{"@type":"EntryPoint","urlTemplate":"http:\/\/elpatronvintage.com\/?s={search_term_string}"},"query-input":{"@type":"PropertyValueSpecification","valueRequired":true,"valueName":"search_term_string"}}],"inLanguage":"it-IT"},{"@type":"Organization","@id":"http:\/\/elpatronvintage.com\/#organization","name":"IL PATTERN WHOLESALE VINTAGE | Fornitori di abbigliamento vintage","url":"http:\/\/elpatronvintage.com\/","logo":{"@type":"ImageObject","inLanguage":"it-IT","@id":"http:\/\/elpatronvintage.com\/#\/schema\/logo\/image\/","url":"https:\/\/elpatronvintage.com\/wp-content\/uploads\/2023\/01\/logo-web.webp","contentUrl":"https:\/\/elpatronvintage.com\/wp-content\/uploads\/2023\/01\/logo-web.webp","width":961,"height":598,"caption":"EL PATR\u00d3N VINTAGE WHOLESALE | Proveedores de ropa vintage"},"image":{"@id":"http:\/\/elpatronvintage.com\/#\/schema\/logo\/image\/"}}]}},"_links":{"self":[{"href":"https:\/\/elpatronvintage.com\/it\/wp-json\/wp\/v2\/pages\/4042","targetHints":{"allow":["GET"]}}],"collection":[{"href":"https:\/\/elpatronvintage.com\/it\/wp-json\/wp\/v2\/pages"}],"about":[{"href":"https:\/\/elpatronvintage.com\/it\/wp-json\/wp\/v2\/types\/page"}],"author":[{"embeddable":true,"href":"https:\/\/elpatronvintage.com\/it\/wp-json\/wp\/v2\/users\/1"}],"replies":[{"embeddable":true,"href":"https:\/\/elpatronvintage.com\/it\/wp-json\/wp\/v2\/comments?post=4042"}],"version-history":[{"count":7,"href":"https:\/\/elpatronvintage.com\/it\/wp-json\/wp\/v2\/pages\/4042\/revisions"}],"predecessor-version":[{"id":13152,"href":"https:\/\/elpatronvintage.com\/it\/wp-json\/wp\/v2\/pages\/4042\/revisions\/13152"}],"wp:attachment":[{"href":"https:\/\/elpatronvintage.com\/it\/wp-json\/wp\/v2\/media?parent=4042"}],"curies":[{"name":"wp","href":"https:\/\/api.w.org\/{rel}","templated":true}]}}