{"id":4037,"date":"2023-06-23T07:07:32","date_gmt":"2023-06-23T07:07:32","guid":{"rendered":"https:\/\/elpatronvintage.com\/?page_id=4037"},"modified":"2023-06-23T07:08:51","modified_gmt":"2023-06-23T07:08:51","slug":"biscotti","status":"publish","type":"page","link":"https:\/\/elpatronvintage.com\/it\/biscotti\/","title":{"rendered":"Biscotti"},"content":{"rendered":"<div data-elementor-type=\"wp-page\" data-elementor-id=\"4037\" class=\"elementor elementor-4037\" data-elementor-post-type=\"page\">\n\t\t\t\t\t\t<section class=\"elementor-section elementor-top-section elementor-element elementor-element-108363fd elementor-section-boxed elementor-section-height-default elementor-section-height-default\" data-id=\"108363fd\" data-element_type=\"section\" data-e-type=\"section\">\n\t\t\t\t\t\t<div class=\"elementor-container elementor-column-gap-default\">\n\t\t\t\t\t<div class=\"elementor-column elementor-col-100 elementor-top-column elementor-element elementor-element-2ef85730\" data-id=\"2ef85730\" data-element_type=\"column\" data-e-type=\"column\">\n\t\t\t<div class=\"elementor-widget-wrap elementor-element-populated\">\n\t\t\t\t\t\t<div class=\"elementor-element elementor-element-1a2c7967 elementor-widget elementor-widget-text-editor\" data-id=\"1a2c7967\" data-element_type=\"widget\" data-e-type=\"widget\" data-widget_type=\"text-editor.default\">\n\t\t\t\t<div class=\"elementor-widget-container\">\n\t\t\t\t\t\t\t\t\t\n<p>INFORMATIVA SUI COOKIE<br \/>Raccolgo e utilizzo le informazioni contenute in questo sito web in conformit\u00e0 con la mia politica sulla privacy.<br \/>privacy. Uno dei modi in cui raccolgo i dati \u00e8 attraverso l'uso del sito internet<br \/>tecnologia chiamata \"cookie\".<br \/>Elpatr\u00f3nvintage.com utilizza cookie propri e di terze parti per raggiungere i seguenti obiettivi<br \/>per avere una migliore esperienza d'uso, per ottenere statistiche e abitudini<br \/>navigazione e per abilitare le funzioni di social network (condivisione di contenuti, ecc.).<br \/>affrontare questi, ecc.), tra le altre cose.<br \/>In qualit\u00e0 di utente, \u00e8 possibile rifiutare il trattamento dei dati o delle informazioni<br \/>bloccando questi cookie tramite le impostazioni del browser. In questo modo<br \/>non verranno scaricati e memorizzati sul disco rigido. \u00c8 bene sapere che se si<br \/>questo sito web non funzioner\u00e0 correttamente.<br \/>Ecco come configurare i browser pi\u00f9 diffusi per<br \/>per avvisare l'utente della ricezione di cookie sul disco rigido o per disattivare i cookie.<br \/>(link a come gestire e memorizzare i cookie su questo sito).<br \/>disabilitare questi cookie).<\/p>\n<p>Secondo l'articolo 22.2 della legge 34\/2002 sui servizi della societ\u00e0 dell'informazione<br \/>informazioni e commercio elettronico, continuando a navigare sul sito si fornisce<br \/>il vostro consenso all'utilizzo di questi cookie. \u00c8 quindi importante che<br \/>di aver letto la presente informativa sui cookie e di aver compreso che, continuando a navigare sul sito, non sar\u00e0 possibile utilizzare i cookie.<br \/>Considerer\u00f2 che accettiate il loro utilizzo.<br \/>Un cookie \u00e8 un file di testo che viene scaricato sul vostro computer.<br \/>computer quando si accede a determinate pagine web.<br \/>La sua utilit\u00e0 consiste nel fatto che il browser sar\u00e0 in grado di ricordare la visita dell'utente quando ritorner\u00e0 a<br \/>navigare su quel sito web.<br \/>I cookie consentono al sito, tra le altre cose, di memorizzare e recuperare<br \/>informazioni sulle abitudini di navigazione dell'utente o sulla sua attrezzatura e, a seconda della<br \/>informazioni che contengono e il modo in cui si utilizza l'apparecchiatura, possono<br \/>abituati a riconoscerla.<br \/>Lo scopo del cookie \u00e8 quello di adattare il contenuto del sito web al profilo e alle esigenze dell'utente.<br \/>per offrirvi una migliore esperienza di navigazione. Senza i cookie i servizi<br \/>offerte da qualsiasi sito verrebbero significativamente ridotte.<br \/>Un cookie non \u00e8 un virus, un cavallo di Troia, un worm, uno spam, uno spyware o un programma spia.<br \/>apre finestre a comparsa.<br \/>Informazioni che un cookie memorizza I cookie memorizzano dati di natura personale.<br \/>preferenze personali, personalizzazione dei contenuti, personalizzazione dei contenuti, statistiche di<br \/>l'utilizzo, i link ai social network, l'accesso agli account utente, ecc.<br \/>Di solito non memorizzano informazioni sensibili sull'utente, come i dati della carta di credito o altri dati.<br \/>dati bancari, fotografie o informazioni personali, ecc.<br \/>Il server web non associa l'utente come persona, ma il suo browser. Infatti, se si<br \/>di solito si naviga con google chrome e si cerca di navigare nello stesso sito web<br \/>con mozilla firefox, internet explorer o apple safari vedrete che il web non \u00e8 dato<br \/>siete la stessa persona perch\u00e9 state di fatto associando la<br \/>informazioni al browser e non alla persona.<br \/>Cookie propri e di terze parti<br \/>\u25cf Cookie di prima parte: cookie generati dal sito web che state visitando.<br \/>(in questo caso, Elpatr\u00f3nvintage.com).<br \/>\u25cf Cookie di terze parti: si tratta di cookie generati da servizi o fornitori.<br \/>come mailerlite, google analytics, facebook, ecc.<br \/>Biscotti in base alla loro durata di conservazione<br \/>\u25cf Cookie di sessione: memorizzano le informazioni di navigazione per tutto il tempo in cui l'utente \u00e8 connesso.<br \/>rimangono sulla pagina e vengono cancellati quando si chiude il browser.<br \/>Quando si torna al sito web che ha creato il cookie, quest'ultimo non vi riconosce e<br \/>sar\u00e0 necessario effettuare il login o selezionare nuovamente le preferenze.<\/p>\n<p>\u25cf Cookie persistenti: vengono memorizzati in una sottocartella del vostro computer.<br \/>browser finch\u00e9 non vengono eliminati manualmente o finch\u00e9 non vengono eliminati dal browser stesso.<br \/>dopo un certo tempo nel file cookie.<\/p>\n<p>Tipi di cookie in base alla loro finalit\u00e0<br \/>\u25cf Cookie tecnici: si tratta dei cookie pi\u00f9 elementari, quelli che permettono di<br \/>navigare nel sito web e utilizzare le sue diverse opzioni o servizi.<br \/>Permettono, tra l'altro, di sapere quando un essere umano sta navigando.<br \/>o un'applicazione automatizzata, e quando un utente anonimo sta navigando e<br \/>uno dei compiti di base registrati per il funzionamento di qualsiasi sito web.<br \/>dinamico.<br \/>\u25cf Cookie di personalizzazione: questi cookie consentono di accedere a un servizio con<br \/>determinate caratteristiche gi\u00e0 preconfigurate in base ad una serie di<br \/>criteri come il tipo di browser utilizzato, la lingua definita nel file<br \/>est, l'area di accesso, ecc.<br \/>Cookie analitici: raccolgono informazioni sul tipo di navigazione.<br \/>le sezioni che usate di pi\u00f9, i prodotti che usate di pi\u00f9, i prodotti che usate di pi\u00f9, i prodotti che usate di pi\u00f9, i prodotti che usate di pi\u00f9, i prodotti che usate di pi\u00f9.<br \/>query, fascia oraria di utilizzo, lingua, ecc. Essi consentono di misurare la<br \/>attivit\u00e0 del sito web e apportare miglioramenti al sito web in base alla<br \/>monitoraggio e analisi del vostro comportamento.<br \/>\u25cf Cookie pubblicitari: consentono di gestire nel modo pi\u00f9 efficace possibile la<br \/>la pubblicit\u00e0 inclusa in un sito web, mostrando all'utente annunci con la<br \/>contenuto e frequenza appropriati. Visualizzano pubblicit\u00e0 in base a<br \/>della navigazione, del paese d'origine, della lingua, ecc.<br \/>\u25cf Cookie pubblicitari comportamentali: memorizzano informazioni sull'utente.<br \/>comportamento in base alle abitudini di navigazione e sviluppare un<br \/>profilo specifico per mostrarvi annunci pubblicitari basati su tale profilo.<\/p>\n<p>Come vengono utilizzati i cookie su Elpatr\u00f3nvintage.com<br \/>Questo sito web richiede sempre il consenso dell'utente per l'utilizzo dei cookie.<br \/>I cookie di questo sito web ci aiutano a:<br \/>\u25cf Che il sito web funzioni correttamente.<br \/>Ricordare le impostazioni e le preferenze dell'utente durante e tra le visite.<br \/>Migliorare la velocit\u00e0 e la sicurezza del sito web.<br \/>\u00c8 possibile condividere i contenuti sui social network.<br \/>\u25cf Che si possono lasciare commenti.<br \/>Che si possono guardare i video.<br \/>Migliorare il sito web grazie all'analisi che faccio.<br \/>Rendere pi\u00f9 efficienti le campagne di marketing.<br \/>Non utilizzer\u00f2 mai i cookie per:<br \/>Raccolta di informazioni di identificazione personale (senza il consenso dell'utente)<br \/>espresso).<br \/>Raccolta di informazioni sensibili quali: indirizzo, password, informazioni personali.<br \/>carte di credito, ecc. (in ogni caso).<br \/>Condivisione o trasferimento di dati di identificazione personale a terzi (senza il consenso dell'utente) \u25cf Condivisione o trasferimento di dati di identificazione personale con terzi (senza il consenso dell'utente)<br \/>conoscenza e autorizzazione espressa).<\/p>\n<p>Cookie propri che utilizziamo in Elpatr\u00f3nvintage.com<br \/>Questo sito web utilizza i propri cookie per i seguenti scopi:<br \/>Determinare se si \u00e8 effettuato l'accesso al web.<br \/>Ricordare le impostazioni di ricerca.<br \/>\u25cf Ricordare all'utente se ha accettato i termini e le condizioni legali (avvertimento)<br \/>legale, informativa sulla privacy e informativa sui cookie).<br \/>Mostra le pagine visitate di recente.<br \/>Aggiungere commenti al sito web.<br \/>Combattere lo spam, assicurando che l'utente sia un essere umano e non una persona<br \/>applicazione automatizzata.<br \/>\u25cf Per evitare rischi per la sicurezza, in particolare per individuare quando<br \/>qualcuno sta cercando di hackerare Elpatr\u00f3nvintage.com<\/p>\n\t\t\t\t\t\t\t\t<\/div>\n\t\t\t\t<\/div>\n\t\t\t\t\t<\/div>\n\t\t<\/div>\n\t\t\t\t\t<\/div>\n\t\t<\/section>\n\t\t\t\t<\/div>","protected":false},"excerpt":{"rendered":"<p>POL\u00cdTICA DE COOKIESEn esta web recopilo y utilizo la informaci\u00f3n seg\u00fan indico en mi pol\u00edtica deprivacidad. Una de las formas en las que recojo datos es a trav\u00e9s del uso de latecnolog\u00eda llamada \u201ccookies\u201d.En&nbsp;Elpatr\u00f3nvintage.com&nbsp;utilizamos cookies propias y de terceros para conseguirque tengas una mejor experiencia de usuario, para obtener estad\u00edsticas y h\u00e1bitosde navegaci\u00f3n y para [&hellip;]<\/p>\n","protected":false},"author":1,"featured_media":0,"parent":0,"menu_order":0,"comment_status":"closed","ping_status":"open","template":"","meta":{"footnotes":""},"class_list":["post-4037","page","type-page","status-publish","hentry"],"yoast_head":"<!-- This site is optimized with the Yoast SEO plugin v26.8 - https:\/\/yoast.com\/product\/yoast-seo-wordpress\/ -->\n<title>Cookies - elpatronvintage.com<\/title>\n<meta name=\"robots\" content=\"index, follow, max-snippet:-1, max-image-preview:large, max-video-preview:-1\" \/>\n<link rel=\"canonical\" href=\"https:\/\/elpatronvintage.com\/it\/biscotti\/\" \/>\n<meta property=\"og:locale\" content=\"it_IT\" \/>\n<meta property=\"og:type\" content=\"article\" \/>\n<meta property=\"og:title\" content=\"Cookies - elpatronvintage.com\" \/>\n<meta property=\"og:description\" content=\"POL\u00cdTICA DE COOKIESEn esta web recopilo y utilizo la informaci\u00f3n seg\u00fan indico en mi pol\u00edtica deprivacidad. Una de las formas en las que recojo datos es a trav\u00e9s del uso de latecnolog\u00eda llamada \u201ccookies\u201d.En&nbsp;Elpatr\u00f3nvintage.com&nbsp;utilizamos cookies propias y de terceros para conseguirque tengas una mejor experiencia de usuario, para obtener estad\u00edsticas y h\u00e1bitosde navegaci\u00f3n y para [&hellip;]\" \/>\n<meta property=\"og:url\" content=\"https:\/\/elpatronvintage.com\/it\/biscotti\/\" \/>\n<meta property=\"og:site_name\" content=\"elpatronvintage.com\" \/>\n<meta property=\"article:modified_time\" content=\"2023-06-23T07:08:51+00:00\" \/>\n<meta name=\"twitter:card\" content=\"summary_large_image\" \/>\n<meta name=\"twitter:label1\" content=\"Tempo di lettura stimato\" \/>\n\t<meta name=\"twitter:data1\" content=\"5 minuti\" \/>\n<script type=\"application\/ld+json\" class=\"yoast-schema-graph\">{\"@context\":\"https:\/\/schema.org\",\"@graph\":[{\"@type\":\"WebPage\",\"@id\":\"https:\/\/elpatronvintage.com\/cookies\/\",\"url\":\"https:\/\/elpatronvintage.com\/cookies\/\",\"name\":\"Cookies - elpatronvintage.com\",\"isPartOf\":{\"@id\":\"http:\/\/elpatronvintage.com\/#website\"},\"datePublished\":\"2023-06-23T07:07:32+00:00\",\"dateModified\":\"2023-06-23T07:08:51+00:00\",\"breadcrumb\":{\"@id\":\"https:\/\/elpatronvintage.com\/cookies\/#breadcrumb\"},\"inLanguage\":\"it-IT\",\"potentialAction\":[{\"@type\":\"ReadAction\",\"target\":[\"https:\/\/elpatronvintage.com\/cookies\/\"]}]},{\"@type\":\"BreadcrumbList\",\"@id\":\"https:\/\/elpatronvintage.com\/cookies\/#breadcrumb\",\"itemListElement\":[{\"@type\":\"ListItem\",\"position\":1,\"name\":\"Portada\",\"item\":\"http:\/\/elpatronvintage.com\/\"},{\"@type\":\"ListItem\",\"position\":2,\"name\":\"Cookies\"}]},{\"@type\":\"WebSite\",\"@id\":\"http:\/\/elpatronvintage.com\/#website\",\"url\":\"http:\/\/elpatronvintage.com\/\",\"name\":\"EL PATR\u00d3N VINTAGE WHOLESALE | Proveedores de ropa vintage\",\"description\":\"El Patr\u00f3n Vintage CLOTHING WHOLESALE\",\"publisher\":{\"@id\":\"http:\/\/elpatronvintage.com\/#organization\"},\"alternateName\":\"Ropa Vintage al Por Mayor\",\"potentialAction\":[{\"@type\":\"SearchAction\",\"target\":{\"@type\":\"EntryPoint\",\"urlTemplate\":\"http:\/\/elpatronvintage.com\/?s={search_term_string}\"},\"query-input\":{\"@type\":\"PropertyValueSpecification\",\"valueRequired\":true,\"valueName\":\"search_term_string\"}}],\"inLanguage\":\"it-IT\"},{\"@type\":\"Organization\",\"@id\":\"http:\/\/elpatronvintage.com\/#organization\",\"name\":\"EL PATR\u00d3N VINTAGE WHOLESALE | Proveedores de ropa vintage\",\"url\":\"http:\/\/elpatronvintage.com\/\",\"logo\":{\"@type\":\"ImageObject\",\"inLanguage\":\"it-IT\",\"@id\":\"http:\/\/elpatronvintage.com\/#\/schema\/logo\/image\/\",\"url\":\"https:\/\/elpatronvintage.com\/wp-content\/uploads\/2023\/01\/logo-web.webp\",\"contentUrl\":\"https:\/\/elpatronvintage.com\/wp-content\/uploads\/2023\/01\/logo-web.webp\",\"width\":961,\"height\":598,\"caption\":\"EL PATR\u00d3N VINTAGE WHOLESALE | Proveedores de ropa vintage\"},\"image\":{\"@id\":\"http:\/\/elpatronvintage.com\/#\/schema\/logo\/image\/\"}}]}<\/script>\n<!-- \/ Yoast SEO plugin. -->","yoast_head_json":{"title":"Cookie - elpatronvintage.com","robots":{"index":"index","follow":"follow","max-snippet":"max-snippet:-1","max-image-preview":"max-image-preview:large","max-video-preview":"max-video-preview:-1"},"canonical":"https:\/\/elpatronvintage.com\/it\/biscotti\/","og_locale":"it_IT","og_type":"article","og_title":"Cookies - elpatronvintage.com","og_description":"POL\u00cdTICA DE COOKIESEn esta web recopilo y utilizo la informaci\u00f3n seg\u00fan indico en mi pol\u00edtica deprivacidad. Una de las formas en las que recojo datos es a trav\u00e9s del uso de latecnolog\u00eda llamada \u201ccookies\u201d.En&nbsp;Elpatr\u00f3nvintage.com&nbsp;utilizamos cookies propias y de terceros para conseguirque tengas una mejor experiencia de usuario, para obtener estad\u00edsticas y h\u00e1bitosde navegaci\u00f3n y para [&hellip;]","og_url":"https:\/\/elpatronvintage.com\/it\/biscotti\/","og_site_name":"elpatronvintage.com","article_modified_time":"2023-06-23T07:08:51+00:00","twitter_card":"summary_large_image","twitter_misc":{"Tempo di lettura stimato":"5 minuti"},"schema":{"@context":"https:\/\/schema.org","@graph":[{"@type":"WebPage","@id":"https:\/\/elpatronvintage.com\/cookies\/","url":"https:\/\/elpatronvintage.com\/cookies\/","name":"Cookie - elpatronvintage.com","isPartOf":{"@id":"http:\/\/elpatronvintage.com\/#website"},"datePublished":"2023-06-23T07:07:32+00:00","dateModified":"2023-06-23T07:08:51+00:00","breadcrumb":{"@id":"https:\/\/elpatronvintage.com\/cookies\/#breadcrumb"},"inLanguage":"it-IT","potentialAction":[{"@type":"ReadAction","target":["https:\/\/elpatronvintage.com\/cookies\/"]}]},{"@type":"BreadcrumbList","@id":"https:\/\/elpatronvintage.com\/cookies\/#breadcrumb","itemListElement":[{"@type":"ListItem","position":1,"name":"Portada","item":"http:\/\/elpatronvintage.com\/"},{"@type":"ListItem","position":2,"name":"Cookies"}]},{"@type":"WebSite","@id":"http:\/\/elpatronvintage.com\/#website","url":"http:\/\/elpatronvintage.com\/","name":"IL PATTERN WHOLESALE VINTAGE | Fornitori di abbigliamento vintage","description":"Il modello vintage di CLOTHING WHOLESALE","publisher":{"@id":"http:\/\/elpatronvintage.com\/#organization"},"alternateName":"Ropa Vintage al Por Mayor","potentialAction":[{"@type":"SearchAction","target":{"@type":"EntryPoint","urlTemplate":"http:\/\/elpatronvintage.com\/?s={search_term_string}"},"query-input":{"@type":"PropertyValueSpecification","valueRequired":true,"valueName":"search_term_string"}}],"inLanguage":"it-IT"},{"@type":"Organization","@id":"http:\/\/elpatronvintage.com\/#organization","name":"IL PATTERN WHOLESALE VINTAGE | Fornitori di abbigliamento vintage","url":"http:\/\/elpatronvintage.com\/","logo":{"@type":"ImageObject","inLanguage":"it-IT","@id":"http:\/\/elpatronvintage.com\/#\/schema\/logo\/image\/","url":"https:\/\/elpatronvintage.com\/wp-content\/uploads\/2023\/01\/logo-web.webp","contentUrl":"https:\/\/elpatronvintage.com\/wp-content\/uploads\/2023\/01\/logo-web.webp","width":961,"height":598,"caption":"EL PATR\u00d3N VINTAGE WHOLESALE | Proveedores de ropa vintage"},"image":{"@id":"http:\/\/elpatronvintage.com\/#\/schema\/logo\/image\/"}}]}},"_links":{"self":[{"href":"https:\/\/elpatronvintage.com\/it\/wp-json\/wp\/v2\/pages\/4037","targetHints":{"allow":["GET"]}}],"collection":[{"href":"https:\/\/elpatronvintage.com\/it\/wp-json\/wp\/v2\/pages"}],"about":[{"href":"https:\/\/elpatronvintage.com\/it\/wp-json\/wp\/v2\/types\/page"}],"author":[{"embeddable":true,"href":"https:\/\/elpatronvintage.com\/it\/wp-json\/wp\/v2\/users\/1"}],"replies":[{"embeddable":true,"href":"https:\/\/elpatronvintage.com\/it\/wp-json\/wp\/v2\/comments?post=4037"}],"version-history":[{"count":4,"href":"https:\/\/elpatronvintage.com\/it\/wp-json\/wp\/v2\/pages\/4037\/revisions"}],"predecessor-version":[{"id":4041,"href":"https:\/\/elpatronvintage.com\/it\/wp-json\/wp\/v2\/pages\/4037\/revisions\/4041"}],"wp:attachment":[{"href":"https:\/\/elpatronvintage.com\/it\/wp-json\/wp\/v2\/media?parent=4037"}],"curies":[{"name":"wp","href":"https:\/\/api.w.org\/{rel}","templated":true}]}}