{"id":3,"date":"2022-06-20T09:56:55","date_gmt":"2022-06-20T09:56:55","guid":{"rendered":"http:\/\/elpatronvintage.com\/?page_id=3"},"modified":"2023-06-23T07:05:17","modified_gmt":"2023-06-23T07:05:17","slug":"informativa-sulla-privacy","status":"publish","type":"page","link":"https:\/\/elpatronvintage.com\/it\/informativa-sulla-privacy\/","title":{"rendered":"Informativa sulla privacy"},"content":{"rendered":"<div data-elementor-type=\"wp-page\" data-elementor-id=\"3\" class=\"elementor elementor-3\" data-elementor-post-type=\"page\">\n\t\t\t\t\t\t<section class=\"elementor-section elementor-top-section elementor-element elementor-element-108363fd elementor-section-boxed elementor-section-height-default elementor-section-height-default\" data-id=\"108363fd\" data-element_type=\"section\" data-e-type=\"section\">\n\t\t\t\t\t\t<div class=\"elementor-container elementor-column-gap-default\">\n\t\t\t\t\t<div class=\"elementor-column elementor-col-100 elementor-top-column elementor-element elementor-element-2ef85730\" data-id=\"2ef85730\" data-element_type=\"column\" data-e-type=\"column\">\n\t\t\t<div class=\"elementor-widget-wrap elementor-element-populated\">\n\t\t\t\t\t\t<div class=\"elementor-element elementor-element-1a2c7967 elementor-widget elementor-widget-text-editor\" data-id=\"1a2c7967\" data-element_type=\"widget\" data-e-type=\"widget\" data-widget_type=\"text-editor.default\">\n\t\t\t\t<div class=\"elementor-widget-container\">\n\t\t\t\t\t\t\t\t\t\n<p>INFORMATIVA SULLA PRIVACY<\/p>\n\n\n\n<p>Se siete qui, \u00e8 perch\u00e9 siete preoccupati per la nostra conformit\u00e0 con la politica sulla privacy e per il rispetto della privacy.<br>protezione dei dati sul nostro sito web e nella nostra attivit\u00e0.<\/p>\n\n\n\n<p><br>Regolamenti legali a cui questa politica sulla privacy \u00e8 conforme<br>Il modello vintage ha adattato questo sito web alle esigenze di:<\/p>\n\n\n\n<p><br>Il GDPR (Regolamento (UE) 2016\/679 del Parlamento europeo e del Consiglio del 27 giugno 2016 relativo alla protezione dei dati personali delle persone fisiche con riguardo al trattamento dei dati personali).<br>dell'aprile 2016 sulla protezione delle persone fisiche), che rappresenta il nuovo<br>legislazione dell'unione europea che unifica la regolamentazione del trattamento dei dati personali<br>dati personali in diversi paesi dell'UE.<\/p>\n\n\n\n<p><br>La LOPD (Legge organica 15\/1999, del 13 dicembre, sulla protezione dei dati personali di persone, aziende e istituzioni).<br>carattere personale e il regio decreto 1720\/2007, del 21 dicembre, noto come il<br>regolamento per lo sviluppo della LOPD), che regola il trattamento dei dati personali.<br>e gli obblighi che devono essere assunti dai responsabili di un sito web o di una<br>un blog quando si tratta di gestire queste informazioni.<\/p>\n\n\n\n<p>La LSSI o LSSICE (Legge 34\/2002, dell'11 luglio, sui Servizi della Societ\u00e0 dell'Informazione), che \u00e8<br>informazioni e commercio elettronico), regolamentando le transazioni economiche<br>per via elettronica, come nel caso di questo sito web.<\/p>\n\n\n\n<p><br>Invio e registrazione di dati personali ai fini della legge<br>Legge organica 15\/1999, del 13 dicembre, sulla protezione dei dati personali.<br>l'utente viene informato di essere il proprietario di un file di dati personali.<br>registrati presso il r.g.p.d. (registro generale della protezione dei dati), nei seguenti casi<br>che i vostri dati siano conservati ed elaborati allo scopo di fornirvi i servizi da voi richiesti.<br>servizi richiesti e per inviarvi informazioni sui servizi e sui prodotti che noi<br>potrebbe essere di vostro interesse.<\/p>\n\n\n\n<p><br>Allo stesso modo, il mancato conferimento dei dati personali richiesti o la mancata accettazione della<br>Questa politica di protezione dei dati implica l'impossibilit\u00e0 di trattare i dati contenuti nel presente documento.<br>richieste effettuate su questo sito web.<\/p>\n\n\n\n<p><br>I dati personali che questo sito web raccoglie e memorizza sono descritti in dettaglio nel documento<br>avviso legale.<\/p>\n\n\n\n<p><br>Informazioni personali raccolte da questo sito web quando un utente effettua un acquisto<br>su questo sito web, l'utente fornisce informazioni personali di cui \u00e8 proprietario.<br>responsabile del modello vintage.<\/p>\n\n\n\n<p><br>Tali informazioni possono includere il vostro nome, indirizzo fisico, indirizzo postale, indirizzo e-mail<br>indirizzo e-mail, numero di telefono, dati di pagamento e altre informazioni<br>demografia. <\/p>\n\n\n\n<p>Fornendo queste informazioni, l'utente acconsente a quanto segue<br>le vostre informazioni sono raccolte, utilizzate, gestite e conservate dal Datore di Lavoro<br>vintage, solo come descritto nell'avviso legale e nella presente informativa sulla privacy.<br>privacy.<\/p>\n\n\n\n<p><br><strong>Servizi di terze parti che utilizzo su questo sito web<\/strong><\/p>\n\n\n\n<p><br>Analisi di Google.<\/p>\n\n\n\n<p><br>In conformit\u00e0 con le disposizioni della Legge Organica 15\/1999, del 13 dicembre, di<br>protezione dei dati personali, i dati personali che l'utente<br>inviati tramite questo sito web saranno inseriti in un archivio degli utenti del sito.<br>propriet\u00e0 dell'annata El patr\u00f3n. <\/p>\n\n\n\n<p>Questi file hanno implementato tutte le<br>misure di sicurezza tecniche e organizzative stabilite dal regio decreto<br>1720\/2007, sullo sviluppo della lopd.<\/p>\n\n\n\n<p><br>Il modello vintage non vende, noleggia o affitta alcun dato personale che potrebbe essere utilizzato dalla<br>identificare l'utente, n\u00e9 lo far\u00e0 in futuro, a terzi senza previo consenso.<\/p>\n\n\n\n<p><br>L'utente \u00e8 l'unico responsabile dell'accuratezza e della veridicit\u00e0 dei dati.<br>la veridicit\u00e0 e la correttezza dei dati da voi inviati<br>a elpatronvintagewholesale.com che esonera il prestatore da qualsiasi responsabilit\u00e0 di<br>responsabilit\u00e0 in questo senso. <\/p>\n\n\n\n<p>L'utente garantisce ed \u00e8 responsabile, in ogni caso, dell'esattezza, della validit\u00e0 e dell'autenticit\u00e0 dei dati personali forniti e si impegna a mantenerli debitamente aggiornati. L'utente si impegna a fornire informazioni complete e corrette nel modulo di acquisto.<\/p>\n\n\n\n<p><br>L'esercizio dei diritti di accesso, rettifica, cancellazione o opposizione degli utenti sono i seguenti:<\/p>\n\n\n\n<p><br>Il diritto di chiedere quali dati personali memorizziamo sull'utente a<br>in qualsiasi momento.<\/p>\n\n\n\n<p><br>Diritto di chiederci di aggiornare o correggere i dati gratuitamente<br>informazioni errate o non aggiornate che memorizziamo sull'utente.<\/p>\n\n\n\n<p><br>Il diritto di annullare l'iscrizione a tali dati.<\/p>\n\n\n\n<p><br>Gli utenti possono indirizzare le loro comunicazioni ed esercitare i loro diritti di accesso,<br>rettifica, cancellazione e opposizione via e-mail:<\/p>\n\n\n\n<p><br>elpatronvintage@gmail.com unitamente a prove legalmente valide, come ad esempio una fotocopia<br>di carta d'identit\u00e0 o equivalente, indicando nell'oggetto \"protezione dei dati\".<\/p>\n\n\n\n<p><br>Accettazione e consenso l'utente dichiara di essere stato informato del<br>condizioni sulla protezione dei dati personali, accettando e acconsentendo alle seguenti condizioni<br>acconsentendo al trattamento degli stessi da parte di The Vintage Pattern nella<br>forma e per le finalit\u00e0 indicate nella nota legale.<\/p>\n\n\n\n<p><br>Modifiche alla presente informativa sulla privacy: Vintage Pattern si riserva il diritto di modificare la presente informativa sulla privacy in qualsiasi momento.<br>diritto di modificare la presente politica per adeguarla a nuove normative o a cambiamenti di legge.<br>e la prassi del settore. In questi casi, il<br>Il fornitore annuncer\u00e0 su questa pagina eventuali modifiche introdotte con un ragionevole preavviso.<br>prima della sua attuazione.<\/p>\n\n\n\n<p><br>In conformit\u00e0 con la legge, elpatronvintagewholesale.com non si riserva il diritto di inviare messaggi di posta elettronica a terzi.<br>non si impegna in pratiche di spamming e pertanto non invia messaggi commerciali via<br>comunicazioni elettroniche che non siano state precedentemente richieste o autorizzate dall'utente.<br>Di conseguenza, in ognuno dei moduli disponibili sul sito web, il<br>l'utente ha la possibilit\u00e0 di dare il proprio consenso esplicito a ricevere le<br>newsletter, indipendentemente dalle informazioni commerciali richieste di volta in volta.<\/p>\n\t\t\t\t\t\t\t\t<\/div>\n\t\t\t\t<\/div>\n\t\t\t\t\t<\/div>\n\t\t<\/div>\n\t\t\t\t\t<\/div>\n\t\t<\/section>\n\t\t\t\t<\/div>","protected":false},"excerpt":{"rendered":"<p>POL\u00cdTICA DE PRIVACIDAD Si est\u00e1s aqu\u00ed es porque te preocupa que cumplamos con la pol\u00edtica de privacidad yde protecci\u00f3n de datos en nuestra web y nuestro negocio. Regulaciones legales que cumple esta pol\u00edtica de privacidadEl patr\u00f3n vintage\u00a0ha adecuado esta web a las exigencias de: El RGPD (reglamento (UE) 2016\/679 del parlamento europeo y del consejo [&hellip;]<\/p>\n","protected":false},"author":1,"featured_media":0,"parent":0,"menu_order":0,"comment_status":"closed","ping_status":"open","template":"","meta":{"footnotes":""},"class_list":["post-3","page","type-page","status-publish","hentry"],"yoast_head":"<!-- This site is optimized with the Yoast SEO plugin v26.8 - https:\/\/yoast.com\/product\/yoast-seo-wordpress\/ -->\n<title>Privacy Policy - elpatronvintage.com<\/title>\n<meta name=\"robots\" content=\"index, follow, max-snippet:-1, max-image-preview:large, max-video-preview:-1\" \/>\n<link rel=\"canonical\" href=\"https:\/\/elpatronvintage.com\/it\/informativa-sulla-privacy\/\" \/>\n<meta property=\"og:locale\" content=\"it_IT\" \/>\n<meta property=\"og:type\" content=\"article\" \/>\n<meta property=\"og:title\" content=\"Privacy Policy - elpatronvintage.com\" \/>\n<meta property=\"og:description\" content=\"POL\u00cdTICA DE PRIVACIDAD Si est\u00e1s aqu\u00ed es porque te preocupa que cumplamos con la pol\u00edtica de privacidad yde protecci\u00f3n de datos en nuestra web y nuestro negocio. Regulaciones legales que cumple esta pol\u00edtica de privacidadEl patr\u00f3n vintage\u00a0ha adecuado esta web a las exigencias de: El RGPD (reglamento (UE) 2016\/679 del parlamento europeo y del consejo [&hellip;]\" \/>\n<meta property=\"og:url\" content=\"https:\/\/elpatronvintage.com\/it\/informativa-sulla-privacy\/\" \/>\n<meta property=\"og:site_name\" content=\"elpatronvintage.com\" \/>\n<meta property=\"article:modified_time\" content=\"2023-06-23T07:05:17+00:00\" \/>\n<meta name=\"twitter:card\" content=\"summary_large_image\" \/>\n<meta name=\"twitter:label1\" content=\"Tempo di lettura stimato\" \/>\n\t<meta name=\"twitter:data1\" content=\"5 minuti\" \/>\n<script type=\"application\/ld+json\" class=\"yoast-schema-graph\">{\"@context\":\"https:\/\/schema.org\",\"@graph\":[{\"@type\":\"WebPage\",\"@id\":\"https:\/\/elpatronvintage.com\/it\/informativa-sulla-privacy\/\",\"url\":\"https:\/\/elpatronvintage.com\/it\/informativa-sulla-privacy\/\",\"name\":\"Privacy Policy - elpatronvintage.com\",\"isPartOf\":{\"@id\":\"http:\/\/elpatronvintage.com\/#website\"},\"datePublished\":\"2022-06-20T09:56:55+00:00\",\"dateModified\":\"2023-06-23T07:05:17+00:00\",\"breadcrumb\":{\"@id\":\"https:\/\/elpatronvintage.com\/it\/informativa-sulla-privacy\/#breadcrumb\"},\"inLanguage\":\"it-IT\",\"potentialAction\":[{\"@type\":\"ReadAction\",\"target\":[\"https:\/\/elpatronvintage.com\/it\/informativa-sulla-privacy\/\"]}]},{\"@type\":\"BreadcrumbList\",\"@id\":\"https:\/\/elpatronvintage.com\/it\/informativa-sulla-privacy\/#breadcrumb\",\"itemListElement\":[{\"@type\":\"ListItem\",\"position\":1,\"name\":\"Portada\",\"item\":\"http:\/\/elpatronvintage.com\/\"},{\"@type\":\"ListItem\",\"position\":2,\"name\":\"Privacy Policy\"}]},{\"@type\":\"WebSite\",\"@id\":\"http:\/\/elpatronvintage.com\/#website\",\"url\":\"http:\/\/elpatronvintage.com\/\",\"name\":\"EL PATR\u00d3N VINTAGE WHOLESALE | Proveedores de ropa vintage\",\"description\":\"El Patr\u00f3n Vintage CLOTHING WHOLESALE\",\"publisher\":{\"@id\":\"http:\/\/elpatronvintage.com\/#organization\"},\"alternateName\":\"Ropa Vintage al Por Mayor\",\"potentialAction\":[{\"@type\":\"SearchAction\",\"target\":{\"@type\":\"EntryPoint\",\"urlTemplate\":\"http:\/\/elpatronvintage.com\/?s={search_term_string}\"},\"query-input\":{\"@type\":\"PropertyValueSpecification\",\"valueRequired\":true,\"valueName\":\"search_term_string\"}}],\"inLanguage\":\"it-IT\"},{\"@type\":\"Organization\",\"@id\":\"http:\/\/elpatronvintage.com\/#organization\",\"name\":\"EL PATR\u00d3N VINTAGE WHOLESALE | Proveedores de ropa vintage\",\"url\":\"http:\/\/elpatronvintage.com\/\",\"logo\":{\"@type\":\"ImageObject\",\"inLanguage\":\"it-IT\",\"@id\":\"http:\/\/elpatronvintage.com\/#\/schema\/logo\/image\/\",\"url\":\"https:\/\/elpatronvintage.com\/wp-content\/uploads\/2023\/01\/logo-web.webp\",\"contentUrl\":\"https:\/\/elpatronvintage.com\/wp-content\/uploads\/2023\/01\/logo-web.webp\",\"width\":961,\"height\":598,\"caption\":\"EL PATR\u00d3N VINTAGE WHOLESALE | Proveedores de ropa vintage\"},\"image\":{\"@id\":\"http:\/\/elpatronvintage.com\/#\/schema\/logo\/image\/\"}}]}<\/script>\n<!-- \/ Yoast SEO plugin. -->","yoast_head_json":{"title":"Informativa sulla privacy - elpatronvintage.com","robots":{"index":"index","follow":"follow","max-snippet":"max-snippet:-1","max-image-preview":"max-image-preview:large","max-video-preview":"max-video-preview:-1"},"canonical":"https:\/\/elpatronvintage.com\/it\/informativa-sulla-privacy\/","og_locale":"it_IT","og_type":"article","og_title":"Privacy Policy - elpatronvintage.com","og_description":"POL\u00cdTICA DE PRIVACIDAD Si est\u00e1s aqu\u00ed es porque te preocupa que cumplamos con la pol\u00edtica de privacidad yde protecci\u00f3n de datos en nuestra web y nuestro negocio. Regulaciones legales que cumple esta pol\u00edtica de privacidadEl patr\u00f3n vintage\u00a0ha adecuado esta web a las exigencias de: El RGPD (reglamento (UE) 2016\/679 del parlamento europeo y del consejo [&hellip;]","og_url":"https:\/\/elpatronvintage.com\/it\/informativa-sulla-privacy\/","og_site_name":"elpatronvintage.com","article_modified_time":"2023-06-23T07:05:17+00:00","twitter_card":"summary_large_image","twitter_misc":{"Tempo di lettura stimato":"5 minuti"},"schema":{"@context":"https:\/\/schema.org","@graph":[{"@type":"WebPage","@id":"https:\/\/elpatronvintage.com\/it\/informativa-sulla-privacy\/","url":"https:\/\/elpatronvintage.com\/it\/informativa-sulla-privacy\/","name":"Informativa sulla privacy - elpatronvintage.com","isPartOf":{"@id":"http:\/\/elpatronvintage.com\/#website"},"datePublished":"2022-06-20T09:56:55+00:00","dateModified":"2023-06-23T07:05:17+00:00","breadcrumb":{"@id":"https:\/\/elpatronvintage.com\/it\/informativa-sulla-privacy\/#breadcrumb"},"inLanguage":"it-IT","potentialAction":[{"@type":"ReadAction","target":["https:\/\/elpatronvintage.com\/it\/informativa-sulla-privacy\/"]}]},{"@type":"BreadcrumbList","@id":"https:\/\/elpatronvintage.com\/it\/informativa-sulla-privacy\/#breadcrumb","itemListElement":[{"@type":"ListItem","position":1,"name":"Portada","item":"http:\/\/elpatronvintage.com\/"},{"@type":"ListItem","position":2,"name":"Privacy Policy"}]},{"@type":"WebSite","@id":"http:\/\/elpatronvintage.com\/#website","url":"http:\/\/elpatronvintage.com\/","name":"IL PATTERN WHOLESALE VINTAGE | Fornitori di abbigliamento vintage","description":"Il modello vintage di CLOTHING WHOLESALE","publisher":{"@id":"http:\/\/elpatronvintage.com\/#organization"},"alternateName":"Ropa Vintage al Por Mayor","potentialAction":[{"@type":"SearchAction","target":{"@type":"EntryPoint","urlTemplate":"http:\/\/elpatronvintage.com\/?s={search_term_string}"},"query-input":{"@type":"PropertyValueSpecification","valueRequired":true,"valueName":"search_term_string"}}],"inLanguage":"it-IT"},{"@type":"Organization","@id":"http:\/\/elpatronvintage.com\/#organization","name":"IL PATTERN WHOLESALE VINTAGE | Fornitori di abbigliamento vintage","url":"http:\/\/elpatronvintage.com\/","logo":{"@type":"ImageObject","inLanguage":"it-IT","@id":"http:\/\/elpatronvintage.com\/#\/schema\/logo\/image\/","url":"https:\/\/elpatronvintage.com\/wp-content\/uploads\/2023\/01\/logo-web.webp","contentUrl":"https:\/\/elpatronvintage.com\/wp-content\/uploads\/2023\/01\/logo-web.webp","width":961,"height":598,"caption":"EL PATR\u00d3N VINTAGE WHOLESALE | Proveedores de ropa vintage"},"image":{"@id":"http:\/\/elpatronvintage.com\/#\/schema\/logo\/image\/"}}]}},"_links":{"self":[{"href":"https:\/\/elpatronvintage.com\/it\/wp-json\/wp\/v2\/pages\/3","targetHints":{"allow":["GET"]}}],"collection":[{"href":"https:\/\/elpatronvintage.com\/it\/wp-json\/wp\/v2\/pages"}],"about":[{"href":"https:\/\/elpatronvintage.com\/it\/wp-json\/wp\/v2\/types\/page"}],"author":[{"embeddable":true,"href":"https:\/\/elpatronvintage.com\/it\/wp-json\/wp\/v2\/users\/1"}],"replies":[{"embeddable":true,"href":"https:\/\/elpatronvintage.com\/it\/wp-json\/wp\/v2\/comments?post=3"}],"version-history":[{"count":5,"href":"https:\/\/elpatronvintage.com\/it\/wp-json\/wp\/v2\/pages\/3\/revisions"}],"predecessor-version":[{"id":4036,"href":"https:\/\/elpatronvintage.com\/it\/wp-json\/wp\/v2\/pages\/3\/revisions\/4036"}],"wp:attachment":[{"href":"https:\/\/elpatronvintage.com\/it\/wp-json\/wp\/v2\/media?parent=3"}],"curies":[{"name":"wp","href":"https:\/\/api.w.org\/{rel}","templated":true}]}}