{"id":8737,"date":"2024-04-28T23:35:04","date_gmt":"2024-04-28T21:35:04","guid":{"rendered":"https:\/\/elpatronvintage.com\/?post_type=product&#038;p=8737"},"modified":"2026-04-27T13:01:14","modified_gmt":"2026-04-27T11:01:14","slug":"pantalon-de-survetement-marque-3","status":"publish","type":"product","link":"https:\/\/elpatronvintage.com\/fr\/produit\/pantalon-de-survetement-marque-3\/","title":{"rendered":"Pantalon court"},"content":{"rendered":"","protected":false},"excerpt":{"rendered":"<p>Cette cat\u00e9gorie comprend une grande vari\u00e9t\u00e9 de <strong>short de sport de marque<\/strong> avec une grande vari\u00e9t\u00e9 de tissus, d'imprim\u00e9s et de motifs. Les styles tels que les \"trackpants\" sont les plus courants dans ces lots, o\u00f9 l'on trouve des pantalons dans des couleurs modernes \"folles\" jusqu'aux ann\u00e9es 80.<\/p>\n<p><strong>Marques :<\/strong> Nike, Reebok, Adidas, Kappa, Champion, Puma, Ellesse, Fila...<\/p>\n<p><strong>Tailles :<\/strong>\u00a0XS \u00e0 XL (Assortis)<\/p>\n<p><strong>Revente : 15\u20ac-40\u20ac par unit\u00e9.<\/strong><\/p>\n<p><strong>QUALIT\u00c9 A<\/strong><\/p>\n<p><strong>COMMANDE MINIMALE - 10 PI\u00c8CES<\/strong><\/p>\n<p><strong>LIVRAISON GRATUITE 24\/48H DANS TOUTE L'ESPAGNE<\/strong><\/p>\n<p><strong>EXP\u00c9DITION EN 48\/72H DANS TOUTE L'EUROPE<\/strong><\/p>","protected":false},"featured_media":8738,"comment_status":"open","ping_status":"closed","template":"","meta":[],"product_brand":[],"product_cat":[244,240,27,221,16],"product_tag":[],"class_list":{"0":"post-8737","1":"product","2":"type-product","3":"status-publish","4":"has-post-thumbnail","6":"product_cat-endofseason-sales","7":"product_cat-ofertas-verano","8":"product_cat-jeans","9":"product_cat-marcas","10":"product_cat-allproducts","12":"first","13":"instock","14":"sale","15":"taxable","16":"shipping-taxable","17":"purchasable","18":"product-type-simple"},"yoast_head":"<!-- This site is optimized with the Yoast SEO plugin v26.8 - https:\/\/yoast.com\/product\/yoast-seo-wordpress\/ -->\n<title>Trackpants Cortos - elpatronvintage.com<\/title>\n<meta name=\"robots\" content=\"index, follow, max-snippet:-1, max-image-preview:large, max-video-preview:-1\" \/>\n<link rel=\"canonical\" href=\"https:\/\/elpatronvintage.com\/fr\/produit\/pantalon-de-survetement-marque-3\/\" \/>\n<meta property=\"og:locale\" content=\"fr_FR\" \/>\n<meta property=\"og:type\" content=\"article\" \/>\n<meta property=\"og:title\" content=\"Trackpants Cortos - elpatronvintage.com\" \/>\n<meta property=\"og:description\" content=\"Esta categor\u00eda consiste en una gran variedad de pantalones deportivos de marca cortos con variedad de tejidos, estampados y dise\u00f1os. Estilos como &quot;trackpants&quot; son los m\u00e1s comunes dentro de estos lotes, donde podr\u00e1s encontrar pantalones de colores\u00a0 &quot;crazy&quot; modernos hasta los a\u00f1os 80.  Marcas: Nike, Reebok, Adidas, Kappa, Champion, Puma, Ellesse, Fila...  Tallas:\u00a0XS a XL (Variadas)  Reventa: 15\u20ac-40\u20ac por unidad.  CALIDAD A  PEDIDO MINIMO - 10 PIEZAS  ENV\u00cdOS GRATIS 24\/48H EN TODA ESPA\u00d1A  ENV\u00cdOS 48\/72H EN TODA EUROPA\" \/>\n<meta property=\"og:url\" content=\"https:\/\/elpatronvintage.com\/fr\/produit\/pantalon-de-survetement-marque-3\/\" \/>\n<meta property=\"og:site_name\" content=\"elpatronvintage.com\" \/>\n<meta property=\"article:modified_time\" content=\"2026-04-27T11:01:14+00:00\" \/>\n<meta property=\"og:image\" content=\"https:\/\/elpatronvintage.com\/wp-content\/uploads\/2024\/05\/1.webp\" \/>\n\t<meta property=\"og:image:width\" content=\"977\" \/>\n\t<meta property=\"og:image:height\" content=\"1260\" \/>\n\t<meta property=\"og:image:type\" content=\"image\/webp\" \/>\n<meta name=\"twitter:card\" content=\"summary_large_image\" \/>\n<meta name=\"twitter:label1\" content=\"Dur\u00e9e de lecture estim\u00e9e\" \/>\n\t<meta name=\"twitter:data1\" content=\"1 minute\" \/>\n<script type=\"application\/ld+json\" class=\"yoast-schema-graph\">{\"@context\":\"https:\/\/schema.org\",\"@graph\":[{\"@type\":\"WebPage\",\"@id\":\"https:\/\/elpatronvintage.com\/fr\/produit\/pantalon-de-survetement-marque-3\/\",\"url\":\"https:\/\/elpatronvintage.com\/fr\/produit\/pantalon-de-survetement-marque-3\/\",\"name\":\"Trackpants Cortos - elpatronvintage.com\",\"isPartOf\":{\"@id\":\"https:\/\/elpatronvintage.com\/fr\/#website\"},\"primaryImageOfPage\":{\"@id\":\"https:\/\/elpatronvintage.com\/fr\/produit\/pantalon-de-survetement-marque-3\/#primaryimage\"},\"image\":{\"@id\":\"https:\/\/elpatronvintage.com\/fr\/produit\/pantalon-de-survetement-marque-3\/#primaryimage\"},\"thumbnailUrl\":\"https:\/\/elpatronvintage.com\/wp-content\/uploads\/2024\/05\/1.webp\",\"datePublished\":\"2024-04-28T21:35:04+00:00\",\"dateModified\":\"2026-04-27T11:01:14+00:00\",\"breadcrumb\":{\"@id\":\"https:\/\/elpatronvintage.com\/fr\/produit\/pantalon-de-survetement-marque-3\/#breadcrumb\"},\"inLanguage\":\"fr-FR\",\"potentialAction\":[{\"@type\":\"ReadAction\",\"target\":[\"https:\/\/elpatronvintage.com\/fr\/produit\/pantalon-de-survetement-marque-3\/\"]}]},{\"@type\":\"ImageObject\",\"inLanguage\":\"fr-FR\",\"@id\":\"https:\/\/elpatronvintage.com\/fr\/produit\/pantalon-de-survetement-marque-3\/#primaryimage\",\"url\":\"https:\/\/elpatronvintage.com\/wp-content\/uploads\/2024\/05\/1.webp\",\"contentUrl\":\"https:\/\/elpatronvintage.com\/wp-content\/uploads\/2024\/05\/1.webp\",\"width\":977,\"height\":1260},{\"@type\":\"BreadcrumbList\",\"@id\":\"https:\/\/elpatronvintage.com\/fr\/produit\/pantalon-de-survetement-marque-3\/#breadcrumb\",\"itemListElement\":[{\"@type\":\"ListItem\",\"position\":1,\"name\":\"Portada\",\"item\":\"https:\/\/elpatronvintage.com\/fr\/\"},{\"@type\":\"ListItem\",\"position\":2,\"name\":\"Lote de Ropa Vintage\",\"item\":\"https:\/\/elpatronvintage.com\/fr\/boutique\/\"},{\"@type\":\"ListItem\",\"position\":3,\"name\":\"Trackpants Cortos\"}]},{\"@type\":\"WebSite\",\"@id\":\"https:\/\/elpatronvintage.com\/fr\/#website\",\"url\":\"https:\/\/elpatronvintage.com\/fr\/\",\"name\":\"EL PATR\u00d3N VINTAGE WHOLESALE | Proveedores de ropa vintage\",\"description\":\"El Patr\u00f3n Vintage CLOTHING WHOLESALE\",\"publisher\":{\"@id\":\"https:\/\/elpatronvintage.com\/fr\/#organization\"},\"alternateName\":\"Ropa Vintage al Por Mayor\",\"potentialAction\":[{\"@type\":\"SearchAction\",\"target\":{\"@type\":\"EntryPoint\",\"urlTemplate\":\"https:\/\/elpatronvintage.com\/fr\/?s={search_term_string}\"},\"query-input\":{\"@type\":\"PropertyValueSpecification\",\"valueRequired\":true,\"valueName\":\"search_term_string\"}}],\"inLanguage\":\"fr-FR\"},{\"@type\":\"Organization\",\"@id\":\"https:\/\/elpatronvintage.com\/fr\/#organization\",\"name\":\"EL PATR\u00d3N VINTAGE WHOLESALE | Proveedores de ropa vintage\",\"url\":\"https:\/\/elpatronvintage.com\/fr\/\",\"logo\":{\"@type\":\"ImageObject\",\"inLanguage\":\"fr-FR\",\"@id\":\"https:\/\/elpatronvintage.com\/fr\/#\/schema\/logo\/image\/\",\"url\":\"https:\/\/elpatronvintage.com\/wp-content\/uploads\/2023\/01\/logo-web.webp\",\"contentUrl\":\"https:\/\/elpatronvintage.com\/wp-content\/uploads\/2023\/01\/logo-web.webp\",\"width\":961,\"height\":598,\"caption\":\"EL PATR\u00d3N VINTAGE WHOLESALE | Proveedores de ropa vintage\"},\"image\":{\"@id\":\"https:\/\/elpatronvintage.com\/fr\/#\/schema\/logo\/image\/\"}}]}<\/script>\n<!-- \/ Yoast SEO plugin. -->","yoast_head_json":{"title":"Pantalon Cortos - elpatronvintage.com","robots":{"index":"index","follow":"follow","max-snippet":"max-snippet:-1","max-image-preview":"max-image-preview:large","max-video-preview":"max-video-preview:-1"},"canonical":"https:\/\/elpatronvintage.com\/fr\/produit\/pantalon-de-survetement-marque-3\/","og_locale":"fr_FR","og_type":"article","og_title":"Trackpants Cortos - elpatronvintage.com","og_description":"Esta categor\u00eda consiste en una gran variedad de pantalones deportivos de marca cortos con variedad de tejidos, estampados y dise\u00f1os. Estilos como \"trackpants\" son los m\u00e1s comunes dentro de estos lotes, donde podr\u00e1s encontrar pantalones de colores\u00a0 \"crazy\" modernos hasta los a\u00f1os 80.  Marcas: Nike, Reebok, Adidas, Kappa, Champion, Puma, Ellesse, Fila...  Tallas:\u00a0XS a XL (Variadas)  Reventa: 15\u20ac-40\u20ac por unidad.  CALIDAD A  PEDIDO MINIMO - 10 PIEZAS  ENV\u00cdOS GRATIS 24\/48H EN TODA ESPA\u00d1A  ENV\u00cdOS 48\/72H EN TODA EUROPA","og_url":"https:\/\/elpatronvintage.com\/fr\/produit\/pantalon-de-survetement-marque-3\/","og_site_name":"elpatronvintage.com","article_modified_time":"2026-04-27T11:01:14+00:00","og_image":[{"width":977,"height":1260,"url":"https:\/\/elpatronvintage.com\/wp-content\/uploads\/2024\/05\/1.webp","type":"image\/webp"}],"twitter_card":"summary_large_image","twitter_misc":{"Dur\u00e9e de lecture estim\u00e9e":"1 minute"},"schema":{"@context":"https:\/\/schema.org","@graph":[{"@type":"WebPage","@id":"https:\/\/elpatronvintage.com\/fr\/produit\/pantalon-de-survetement-marque-3\/","url":"https:\/\/elpatronvintage.com\/fr\/produit\/pantalon-de-survetement-marque-3\/","name":"Pantalon Cortos - elpatronvintage.com","isPartOf":{"@id":"https:\/\/elpatronvintage.com\/fr\/#website"},"primaryImageOfPage":{"@id":"https:\/\/elpatronvintage.com\/fr\/produit\/pantalon-de-survetement-marque-3\/#primaryimage"},"image":{"@id":"https:\/\/elpatronvintage.com\/fr\/produit\/pantalon-de-survetement-marque-3\/#primaryimage"},"thumbnailUrl":"https:\/\/elpatronvintage.com\/wp-content\/uploads\/2024\/05\/1.webp","datePublished":"2024-04-28T21:35:04+00:00","dateModified":"2026-04-27T11:01:14+00:00","breadcrumb":{"@id":"https:\/\/elpatronvintage.com\/fr\/produit\/pantalon-de-survetement-marque-3\/#breadcrumb"},"inLanguage":"fr-FR","potentialAction":[{"@type":"ReadAction","target":["https:\/\/elpatronvintage.com\/fr\/produit\/pantalon-de-survetement-marque-3\/"]}]},{"@type":"ImageObject","inLanguage":"fr-FR","@id":"https:\/\/elpatronvintage.com\/fr\/produit\/pantalon-de-survetement-marque-3\/#primaryimage","url":"https:\/\/elpatronvintage.com\/wp-content\/uploads\/2024\/05\/1.webp","contentUrl":"https:\/\/elpatronvintage.com\/wp-content\/uploads\/2024\/05\/1.webp","width":977,"height":1260},{"@type":"BreadcrumbList","@id":"https:\/\/elpatronvintage.com\/fr\/produit\/pantalon-de-survetement-marque-3\/#breadcrumb","itemListElement":[{"@type":"ListItem","position":1,"name":"Portada","item":"https:\/\/elpatronvintage.com\/fr\/"},{"@type":"ListItem","position":2,"name":"Lote de Ropa Vintage","item":"https:\/\/elpatronvintage.com\/fr\/boutique\/"},{"@type":"ListItem","position":3,"name":"Trackpants Cortos"}]},{"@type":"WebSite","@id":"https:\/\/elpatronvintage.com\/fr\/#website","url":"https:\/\/elpatronvintage.com\/fr\/","name":"THE WHOLESALE VINTAGE PATTERN | Fournisseurs de v\u00eatements vintage","description":"Le patron vintage de CLOTHING WHOLESALE","publisher":{"@id":"https:\/\/elpatronvintage.com\/fr\/#organization"},"alternateName":"Ropa Vintage al Por Mayor","potentialAction":[{"@type":"SearchAction","target":{"@type":"EntryPoint","urlTemplate":"https:\/\/elpatronvintage.com\/fr\/?s={search_term_string}"},"query-input":{"@type":"PropertyValueSpecification","valueRequired":true,"valueName":"search_term_string"}}],"inLanguage":"fr-FR"},{"@type":"Organization","@id":"https:\/\/elpatronvintage.com\/fr\/#organization","name":"THE WHOLESALE VINTAGE PATTERN | Fournisseurs de v\u00eatements vintage","url":"https:\/\/elpatronvintage.com\/fr\/","logo":{"@type":"ImageObject","inLanguage":"fr-FR","@id":"https:\/\/elpatronvintage.com\/fr\/#\/schema\/logo\/image\/","url":"https:\/\/elpatronvintage.com\/wp-content\/uploads\/2023\/01\/logo-web.webp","contentUrl":"https:\/\/elpatronvintage.com\/wp-content\/uploads\/2023\/01\/logo-web.webp","width":961,"height":598,"caption":"EL PATR\u00d3N VINTAGE WHOLESALE | Proveedores de ropa vintage"},"image":{"@id":"https:\/\/elpatronvintage.com\/fr\/#\/schema\/logo\/image\/"}}]}},"_links":{"self":[{"href":"https:\/\/elpatronvintage.com\/fr\/wp-json\/wp\/v2\/product\/8737","targetHints":{"allow":["GET"]}}],"collection":[{"href":"https:\/\/elpatronvintage.com\/fr\/wp-json\/wp\/v2\/product"}],"about":[{"href":"https:\/\/elpatronvintage.com\/fr\/wp-json\/wp\/v2\/types\/product"}],"replies":[{"embeddable":true,"href":"https:\/\/elpatronvintage.com\/fr\/wp-json\/wp\/v2\/comments?post=8737"}],"version-history":[{"count":4,"href":"https:\/\/elpatronvintage.com\/fr\/wp-json\/wp\/v2\/product\/8737\/revisions"}],"predecessor-version":[{"id":13531,"href":"https:\/\/elpatronvintage.com\/fr\/wp-json\/wp\/v2\/product\/8737\/revisions\/13531"}],"wp:featuredmedia":[{"embeddable":true,"href":"https:\/\/elpatronvintage.com\/fr\/wp-json\/wp\/v2\/media\/8738"}],"wp:attachment":[{"href":"https:\/\/elpatronvintage.com\/fr\/wp-json\/wp\/v2\/media?parent=8737"}],"wp:term":[{"taxonomy":"product_brand","embeddable":true,"href":"https:\/\/elpatronvintage.com\/fr\/wp-json\/wp\/v2\/product_brand?post=8737"},{"taxonomy":"product_cat","embeddable":true,"href":"https:\/\/elpatronvintage.com\/fr\/wp-json\/wp\/v2\/product_cat?post=8737"},{"taxonomy":"product_tag","embeddable":true,"href":"https:\/\/elpatronvintage.com\/fr\/wp-json\/wp\/v2\/product_tag?post=8737"}],"curies":[{"name":"wp","href":"https:\/\/api.w.org\/{rel}","templated":true}]}}