{"id":5823,"date":"2024-02-09T01:46:44","date_gmt":"2024-02-08T23:46:44","guid":{"rendered":"https:\/\/elpatronvintage.com\/?post_type=product&#038;p=5823"},"modified":"2025-12-28T18:52:08","modified_gmt":"2025-12-28T16:52:08","slug":"lote-premium-vinted-sale-6","status":"publish","type":"product","link":"https:\/\/elpatronvintage.com\/fr\/produit\/lote-premium-vinted-sale-6\/","title":{"rendered":"Vintage Vinted revente"},"content":{"rendered":"","protected":false},"excerpt":{"rendered":"<h3><strong>LOT EXCLUSIF VINIFI\u00c9<\/strong><\/h3>\n<p>LOTS DE 100\u20ac de V\u00caTEMENTS VINTAGE \u00e0 revendre. Contient <strong>11 UNIT\u00c9S DE V\u00caTEMENTS ANCIENS<\/strong> dans ces cat\u00e9gories : pulls, vestes \u00e9paisses, sweatshirts, surv\u00eatements, pantalons de sport, T-shirts, etc.<\/p>\n<p>Valeur de la vente : minimum 200\u20ac (x2 profit)<\/p>\n<p><strong>IL Y AURA TR\u00c8S PEU DE STOCKS DE CES LOTS<\/strong> <strong>DE 100\u00a0<\/strong><\/p>\n<h4>Comment cela fonctionne-t-il ?<\/h4>\n<p>Le lot de 100\u20ac contiendra 11 pi\u00e8ces de <strong>GRADE A<\/strong> choisis par nous, experts en v\u00eatements vintage et en revente sur des plateformes web depuis 5 ans, nous vous garantissons de choisir les meilleurs v\u00eatements de votre lot qui vous permettront au MINIMUM de g\u00e9n\u00e9rer des revenus de X2,5, voire X5 :<\/p>\n<p><strong>Il contiendra des pi\u00e8ces de 20 \u00e0 90 \u20ac de revente par unit\u00e9.<\/strong><\/p>\n<p>M\u00e9lange de tailles : XS \u00e0 XXL (vari\u00e9)<\/p>\n<p>(les vid\u00e9os ne sont que des exemples du type de v\u00eatements qui peuvent \u00eatre contenus dans le lot).<\/p>\n<p><strong>QUALIT\u00c9 A<\/strong><\/p>\n<p><strong>LIVRAISON GRATUITE 48\/72H DANS TOUTE L'ESPAGNE.\u00a0<\/strong><\/p>","protected":false},"featured_media":5826,"comment_status":"open","ping_status":"closed","template":"","meta":[],"product_brand":[],"product_cat":[220,219,222,16],"product_tag":[],"class_list":{"0":"post-5823","1":"product","2":"type-product","3":"status-publish","4":"has-post-thumbnail","6":"product_cat-lote-mix","7":"product_cat-offer","8":"product_cat-retro","9":"product_cat-allproducts","11":"first","12":"instock","13":"sale","14":"taxable","15":"shipping-taxable","16":"purchasable","17":"product-type-simple"},"yoast_head":"<!-- This site is optimized with the Yoast SEO plugin v26.8 - https:\/\/yoast.com\/product\/yoast-seo-wordpress\/ -->\n<title>Vintage Vinted reventa - elpatronvintage.com<\/title>\n<meta name=\"robots\" content=\"index, follow, max-snippet:-1, max-image-preview:large, max-video-preview:-1\" \/>\n<link rel=\"canonical\" href=\"http:\/\/elpatronvintage.com\/fr\/produit\/lote-premium-vinted-sale-6\/\" \/>\n<meta property=\"og:locale\" content=\"fr_FR\" \/>\n<meta property=\"og:type\" content=\"article\" \/>\n<meta property=\"og:title\" content=\"Vintage Vinted reventa - elpatronvintage.com\" \/>\n<meta property=\"og:description\" content=\"LOTE EXCLUSIVO VINTED LOTES DE 100\u20ac de ROPA VINTAGE para Reventa. Contienen 11 UNIDADES\u00a0 DE PRENDAS VINTAGE dentro de estas categor\u00edas: jerseys, chaquetas gruesas, sudaderas, trackjackets, trackpants, camisetas etc.  Valor de REVENTA: m\u00ednimo 200\u20ac (x2 de beneficio)  HABR\u00c1 MUY POCO STOCK DE ESTOS LOTES DE 100\u20ac\u00a0 \u00bfC\u00f3mo funciona? El lote de 100\u20ac contendr\u00e1 11 piezas de GRADO A escogidas por nosotros, que somos expertos en ropa vintage y reventa por plataformas web desde hace 5 a\u00f1os, garantizamos escogerte las mejores\u00a0 prendas dentro de tu lote que como M\u00cdNIMO consigas generar un X2,5 de ingresos, hasta incluso un X5. es decir:  Contendr\u00e1 piezas de entre 20\u20ac hasta 90\u20ac de reventa por unidad.  Mix de tallas: de XS a XXL. (Variado)  (los videos son solo ejemplos del tipo de ropa que puede contener el lote)  CALIDAD A  ENV\u00cdOS GRATIS 48\/72H EN TODA ESPA\u00d1A.\u00a0\" \/>\n<meta property=\"og:url\" content=\"http:\/\/elpatronvintage.com\/fr\/produit\/lote-premium-vinted-sale-6\/\" \/>\n<meta property=\"og:site_name\" content=\"elpatronvintage.com\" \/>\n<meta property=\"article:modified_time\" content=\"2025-12-28T16:52:08+00:00\" \/>\n<meta property=\"og:image\" content=\"http:\/\/elpatronvintage.com\/wp-content\/uploads\/2024\/02\/1-2.webp\" \/>\n\t<meta property=\"og:image:width\" content=\"977\" \/>\n\t<meta property=\"og:image:height\" content=\"1260\" \/>\n\t<meta property=\"og:image:type\" content=\"image\/webp\" \/>\n<meta name=\"twitter:card\" content=\"summary_large_image\" \/>\n<meta name=\"twitter:label1\" content=\"Dur\u00e9e de lecture estim\u00e9e\" \/>\n\t<meta name=\"twitter:data1\" content=\"1 minute\" \/>\n<script type=\"application\/ld+json\" class=\"yoast-schema-graph\">{\"@context\":\"https:\/\/schema.org\",\"@graph\":[{\"@type\":\"WebPage\",\"@id\":\"http:\/\/elpatronvintage.com\/fr\/produit\/lote-premium-vinted-sale-6\/\",\"url\":\"http:\/\/elpatronvintage.com\/fr\/produit\/lote-premium-vinted-sale-6\/\",\"name\":\"Vintage Vinted reventa - elpatronvintage.com\",\"isPartOf\":{\"@id\":\"https:\/\/elpatronvintage.com\/#website\"},\"primaryImageOfPage\":{\"@id\":\"http:\/\/elpatronvintage.com\/fr\/produit\/lote-premium-vinted-sale-6\/#primaryimage\"},\"image\":{\"@id\":\"http:\/\/elpatronvintage.com\/fr\/produit\/lote-premium-vinted-sale-6\/#primaryimage\"},\"thumbnailUrl\":\"https:\/\/elpatronvintage.com\/wp-content\/uploads\/2024\/02\/1-2.webp\",\"datePublished\":\"2024-02-08T23:46:44+00:00\",\"dateModified\":\"2025-12-28T16:52:08+00:00\",\"breadcrumb\":{\"@id\":\"http:\/\/elpatronvintage.com\/fr\/produit\/lote-premium-vinted-sale-6\/#breadcrumb\"},\"inLanguage\":\"fr-FR\",\"potentialAction\":[{\"@type\":\"ReadAction\",\"target\":[\"http:\/\/elpatronvintage.com\/fr\/produit\/lote-premium-vinted-sale-6\/\"]}]},{\"@type\":\"ImageObject\",\"inLanguage\":\"fr-FR\",\"@id\":\"http:\/\/elpatronvintage.com\/fr\/produit\/lote-premium-vinted-sale-6\/#primaryimage\",\"url\":\"https:\/\/elpatronvintage.com\/wp-content\/uploads\/2024\/02\/1-2.webp\",\"contentUrl\":\"https:\/\/elpatronvintage.com\/wp-content\/uploads\/2024\/02\/1-2.webp\",\"width\":977,\"height\":1260},{\"@type\":\"BreadcrumbList\",\"@id\":\"http:\/\/elpatronvintage.com\/fr\/produit\/lote-premium-vinted-sale-6\/#breadcrumb\",\"itemListElement\":[{\"@type\":\"ListItem\",\"position\":1,\"name\":\"Portada\",\"item\":\"https:\/\/elpatronvintage.com\/it\/\"},{\"@type\":\"ListItem\",\"position\":2,\"name\":\"Lote de Ropa Vintage\",\"item\":\"http:\/\/elpatronvintage.com\/shop\/\"},{\"@type\":\"ListItem\",\"position\":3,\"name\":\"Vintage Vinted reventa\"}]},{\"@type\":\"WebSite\",\"@id\":\"https:\/\/elpatronvintage.com\/#website\",\"url\":\"https:\/\/elpatronvintage.com\/\",\"name\":\"EL PATR\u00d3N VINTAGE WHOLESALE | Proveedores de ropa vintage\",\"description\":\"El Patr\u00f3n Vintage CLOTHING WHOLESALE\",\"publisher\":{\"@id\":\"https:\/\/elpatronvintage.com\/#organization\"},\"alternateName\":\"Ropa Vintage al Por Mayor\",\"potentialAction\":[{\"@type\":\"SearchAction\",\"target\":{\"@type\":\"EntryPoint\",\"urlTemplate\":\"https:\/\/elpatronvintage.com\/?s={search_term_string}\"},\"query-input\":{\"@type\":\"PropertyValueSpecification\",\"valueRequired\":true,\"valueName\":\"search_term_string\"}}],\"inLanguage\":\"fr-FR\"},{\"@type\":\"Organization\",\"@id\":\"https:\/\/elpatronvintage.com\/#organization\",\"name\":\"EL PATR\u00d3N VINTAGE WHOLESALE | Proveedores de ropa vintage\",\"url\":\"https:\/\/elpatronvintage.com\/\",\"logo\":{\"@type\":\"ImageObject\",\"inLanguage\":\"fr-FR\",\"@id\":\"https:\/\/elpatronvintage.com\/#\/schema\/logo\/image\/\",\"url\":\"https:\/\/elpatronvintage.com\/wp-content\/uploads\/2023\/01\/logo-web.webp\",\"contentUrl\":\"https:\/\/elpatronvintage.com\/wp-content\/uploads\/2023\/01\/logo-web.webp\",\"width\":961,\"height\":598,\"caption\":\"EL PATR\u00d3N VINTAGE WHOLESALE | Proveedores de ropa vintage\"},\"image\":{\"@id\":\"https:\/\/elpatronvintage.com\/#\/schema\/logo\/image\/\"}}]}<\/script>\n<!-- \/ Yoast SEO plugin. -->","yoast_head_json":{"title":"Vintage Vinted revente - elpatronvintage.com","robots":{"index":"index","follow":"follow","max-snippet":"max-snippet:-1","max-image-preview":"max-image-preview:large","max-video-preview":"max-video-preview:-1"},"canonical":"http:\/\/elpatronvintage.com\/fr\/produit\/lote-premium-vinted-sale-6\/","og_locale":"fr_FR","og_type":"article","og_title":"Vintage Vinted reventa - elpatronvintage.com","og_description":"LOTE EXCLUSIVO VINTED LOTES DE 100\u20ac de ROPA VINTAGE para Reventa. Contienen 11 UNIDADES\u00a0 DE PRENDAS VINTAGE dentro de estas categor\u00edas: jerseys, chaquetas gruesas, sudaderas, trackjackets, trackpants, camisetas etc.  Valor de REVENTA: m\u00ednimo 200\u20ac (x2 de beneficio)  HABR\u00c1 MUY POCO STOCK DE ESTOS LOTES DE 100\u20ac\u00a0 \u00bfC\u00f3mo funciona? El lote de 100\u20ac contendr\u00e1 11 piezas de GRADO A escogidas por nosotros, que somos expertos en ropa vintage y reventa por plataformas web desde hace 5 a\u00f1os, garantizamos escogerte las mejores\u00a0 prendas dentro de tu lote que como M\u00cdNIMO consigas generar un X2,5 de ingresos, hasta incluso un X5. es decir:  Contendr\u00e1 piezas de entre 20\u20ac hasta 90\u20ac de reventa por unidad.  Mix de tallas: de XS a XXL. (Variado)  (los videos son solo ejemplos del tipo de ropa que puede contener el lote)  CALIDAD A  ENV\u00cdOS GRATIS 48\/72H EN TODA ESPA\u00d1A.\u00a0","og_url":"http:\/\/elpatronvintage.com\/fr\/produit\/lote-premium-vinted-sale-6\/","og_site_name":"elpatronvintage.com","article_modified_time":"2025-12-28T16:52:08+00:00","og_image":[{"width":977,"height":1260,"url":"http:\/\/elpatronvintage.com\/wp-content\/uploads\/2024\/02\/1-2.webp","type":"image\/webp"}],"twitter_card":"summary_large_image","twitter_misc":{"Dur\u00e9e de lecture estim\u00e9e":"1 minute"},"schema":{"@context":"https:\/\/schema.org","@graph":[{"@type":"WebPage","@id":"http:\/\/elpatronvintage.com\/fr\/produit\/lote-premium-vinted-sale-6\/","url":"http:\/\/elpatronvintage.com\/fr\/produit\/lote-premium-vinted-sale-6\/","name":"Vintage Vinted revente - elpatronvintage.com","isPartOf":{"@id":"https:\/\/elpatronvintage.com\/#website"},"primaryImageOfPage":{"@id":"http:\/\/elpatronvintage.com\/fr\/produit\/lote-premium-vinted-sale-6\/#primaryimage"},"image":{"@id":"http:\/\/elpatronvintage.com\/fr\/produit\/lote-premium-vinted-sale-6\/#primaryimage"},"thumbnailUrl":"https:\/\/elpatronvintage.com\/wp-content\/uploads\/2024\/02\/1-2.webp","datePublished":"2024-02-08T23:46:44+00:00","dateModified":"2025-12-28T16:52:08+00:00","breadcrumb":{"@id":"http:\/\/elpatronvintage.com\/fr\/produit\/lote-premium-vinted-sale-6\/#breadcrumb"},"inLanguage":"fr-FR","potentialAction":[{"@type":"ReadAction","target":["http:\/\/elpatronvintage.com\/fr\/produit\/lote-premium-vinted-sale-6\/"]}]},{"@type":"ImageObject","inLanguage":"fr-FR","@id":"http:\/\/elpatronvintage.com\/fr\/produit\/lote-premium-vinted-sale-6\/#primaryimage","url":"https:\/\/elpatronvintage.com\/wp-content\/uploads\/2024\/02\/1-2.webp","contentUrl":"https:\/\/elpatronvintage.com\/wp-content\/uploads\/2024\/02\/1-2.webp","width":977,"height":1260},{"@type":"BreadcrumbList","@id":"http:\/\/elpatronvintage.com\/fr\/produit\/lote-premium-vinted-sale-6\/#breadcrumb","itemListElement":[{"@type":"ListItem","position":1,"name":"Portada","item":"https:\/\/elpatronvintage.com\/it\/"},{"@type":"ListItem","position":2,"name":"Lote de Ropa Vintage","item":"http:\/\/elpatronvintage.com\/shop\/"},{"@type":"ListItem","position":3,"name":"Vintage Vinted reventa"}]},{"@type":"WebSite","@id":"https:\/\/elpatronvintage.com\/#website","url":"https:\/\/elpatronvintage.com\/","name":"THE WHOLESALE VINTAGE PATTERN | Fournisseurs de v\u00eatements vintage","description":"Le patron vintage de CLOTHING WHOLESALE","publisher":{"@id":"https:\/\/elpatronvintage.com\/#organization"},"alternateName":"Ropa Vintage al Por Mayor","potentialAction":[{"@type":"SearchAction","target":{"@type":"EntryPoint","urlTemplate":"https:\/\/elpatronvintage.com\/?s={search_term_string}"},"query-input":{"@type":"PropertyValueSpecification","valueRequired":true,"valueName":"search_term_string"}}],"inLanguage":"fr-FR"},{"@type":"Organization","@id":"https:\/\/elpatronvintage.com\/#organization","name":"THE WHOLESALE VINTAGE PATTERN | Fournisseurs de v\u00eatements vintage","url":"https:\/\/elpatronvintage.com\/","logo":{"@type":"ImageObject","inLanguage":"fr-FR","@id":"https:\/\/elpatronvintage.com\/#\/schema\/logo\/image\/","url":"https:\/\/elpatronvintage.com\/wp-content\/uploads\/2023\/01\/logo-web.webp","contentUrl":"https:\/\/elpatronvintage.com\/wp-content\/uploads\/2023\/01\/logo-web.webp","width":961,"height":598,"caption":"EL PATR\u00d3N VINTAGE WHOLESALE | Proveedores de ropa vintage"},"image":{"@id":"https:\/\/elpatronvintage.com\/#\/schema\/logo\/image\/"}}]}},"_links":{"self":[{"href":"https:\/\/elpatronvintage.com\/fr\/wp-json\/wp\/v2\/product\/5823","targetHints":{"allow":["GET"]}}],"collection":[{"href":"https:\/\/elpatronvintage.com\/fr\/wp-json\/wp\/v2\/product"}],"about":[{"href":"https:\/\/elpatronvintage.com\/fr\/wp-json\/wp\/v2\/types\/product"}],"replies":[{"embeddable":true,"href":"https:\/\/elpatronvintage.com\/fr\/wp-json\/wp\/v2\/comments?post=5823"}],"version-history":[{"count":3,"href":"https:\/\/elpatronvintage.com\/fr\/wp-json\/wp\/v2\/product\/5823\/revisions"}],"predecessor-version":[{"id":11643,"href":"https:\/\/elpatronvintage.com\/fr\/wp-json\/wp\/v2\/product\/5823\/revisions\/11643"}],"wp:featuredmedia":[{"embeddable":true,"href":"https:\/\/elpatronvintage.com\/fr\/wp-json\/wp\/v2\/media\/5826"}],"wp:attachment":[{"href":"https:\/\/elpatronvintage.com\/fr\/wp-json\/wp\/v2\/media?parent=5823"}],"wp:term":[{"taxonomy":"product_brand","embeddable":true,"href":"https:\/\/elpatronvintage.com\/fr\/wp-json\/wp\/v2\/product_brand?post=5823"},{"taxonomy":"product_cat","embeddable":true,"href":"https:\/\/elpatronvintage.com\/fr\/wp-json\/wp\/v2\/product_cat?post=5823"},{"taxonomy":"product_tag","embeddable":true,"href":"https:\/\/elpatronvintage.com\/fr\/wp-json\/wp\/v2\/product_tag?post=5823"}],"curies":[{"name":"wp","href":"https:\/\/api.w.org\/{rel}","templated":true}]}}