{"id":5763,"date":"2024-02-06T20:02:00","date_gmt":"2024-02-06T18:02:00","guid":{"rendered":"https:\/\/elpatronvintage.com\/?post_type=product&#038;p=5763"},"modified":"2026-01-19T12:11:28","modified_gmt":"2026-01-19T10:11:28","slug":"lot-mix-sale-2","status":"publish","type":"product","link":"https:\/\/elpatronvintage.com\/fr\/produit\/lot-mix-sale-2\/","title":{"rendered":"M\u00e9lange Burberry"},"content":{"rendered":"","protected":false},"excerpt":{"rendered":"<p>Comment cela fonctionne-t-il ?<\/p>\n<p>Lot de marque <strong>Burberry<\/strong> d'unit\u00e9s fixes.<\/p>\n<p>Experts en v\u00eatements vintage et en revente sur des plateformes web depuis 5 ans, nous vous garantissons de choisir pour vous des v\u00eatements de marque <strong>Burberry, Thomas Burberry et London Burberry's<\/strong> \u00e0 l'int\u00e9rieur de votre lot que vous parveniez au MINIMUM \u00e0 g\u00e9n\u00e9rer des revenus de X1,5, jusqu'\u00e0 X4, c'est-\u00e0-dire<\/p>\n<p><strong>Il contiendra des pi\u00e8ces de 20 \u00e0 150 \u20ac de revente par unit\u00e9.<\/strong><\/p>\n<p>Dans le lot, vous pouvez trouver des pi\u00e8ces de marque comme des vestes, des pantalons, des pulls, des polos, des chemises... Nous avons opt\u00e9 pour un m\u00e9lange de diff\u00e9rentes cat\u00e9gories afin que vous puissiez tester davantage leur revente.<\/p>\n<p>M\u00e9lange de tailles : de XS \u00e0 XL (Assorties)<\/p>\n<p><strong>QUALIT\u00c9 A<\/strong><\/p>\n<p><strong>COMMANDE MINIMALE - 15 PI\u00c8CES<\/strong><\/p>\n<p><strong>LIVRAISON GRATUITE 24\/48H DANS TOUTE L'ESPAGNE<\/strong><\/p>\n<p><strong>EXP\u00c9DITION EN 48\/72H DANS TOUTE L'EUROPE<\/strong><\/p>","protected":false},"featured_media":5764,"comment_status":"open","ping_status":"closed","template":"","meta":[],"product_brand":[],"product_cat":[223,220,221,16],"product_tag":[],"class_list":{"0":"post-5763","1":"product","2":"type-product","3":"status-publish","4":"has-post-thumbnail","6":"product_cat-burberry","7":"product_cat-lote-mix","8":"product_cat-marcas","9":"product_cat-allproducts","11":"first","12":"outofstock","13":"taxable","14":"shipping-taxable","15":"purchasable","16":"product-type-simple"},"yoast_head":"<!-- This site is optimized with the Yoast SEO plugin v26.8 - https:\/\/yoast.com\/product\/yoast-seo-wordpress\/ -->\n<title>Burberry Mix - elpatronvintage.com<\/title>\n<meta name=\"description\" content=\"Lote de ropa vintage de la marca Burberry, Thomas Burberry y Bruberry&#039;s de unidades fijas.\" \/>\n<meta name=\"robots\" content=\"index, follow, max-snippet:-1, max-image-preview:large, max-video-preview:-1\" \/>\n<link rel=\"canonical\" href=\"http:\/\/elpatronvintage.com\/fr\/produit\/lot-mix-sale-2\/\" \/>\n<meta property=\"og:locale\" content=\"fr_FR\" \/>\n<meta property=\"og:type\" content=\"article\" \/>\n<meta property=\"og:title\" content=\"Burberry Mix - elpatronvintage.com\" \/>\n<meta property=\"og:description\" content=\"Lote de ropa vintage de la marca Burberry, Thomas Burberry y Bruberry&#039;s de unidades fijas.\" \/>\n<meta property=\"og:url\" content=\"http:\/\/elpatronvintage.com\/fr\/produit\/lot-mix-sale-2\/\" \/>\n<meta property=\"og:site_name\" content=\"elpatronvintage.com\" \/>\n<meta property=\"article:modified_time\" content=\"2026-01-19T10:11:28+00:00\" \/>\n<meta property=\"og:image\" content=\"http:\/\/elpatronvintage.com\/wp-content\/uploads\/2024\/02\/1-1.webp\" \/>\n\t<meta property=\"og:image:width\" content=\"977\" \/>\n\t<meta property=\"og:image:height\" content=\"1260\" \/>\n\t<meta property=\"og:image:type\" content=\"image\/webp\" \/>\n<meta name=\"twitter:card\" content=\"summary_large_image\" \/>\n<meta name=\"twitter:label1\" content=\"Dur\u00e9e de lecture estim\u00e9e\" \/>\n\t<meta name=\"twitter:data1\" content=\"1 minute\" \/>\n<script type=\"application\/ld+json\" class=\"yoast-schema-graph\">{\"@context\":\"https:\/\/schema.org\",\"@graph\":[{\"@type\":\"WebPage\",\"@id\":\"http:\/\/elpatronvintage.com\/fr\/produit\/lot-mix-sale-2\/\",\"url\":\"http:\/\/elpatronvintage.com\/fr\/produit\/lot-mix-sale-2\/\",\"name\":\"Burberry Mix - elpatronvintage.com\",\"isPartOf\":{\"@id\":\"https:\/\/elpatronvintage.com\/#website\"},\"primaryImageOfPage\":{\"@id\":\"http:\/\/elpatronvintage.com\/fr\/produit\/lot-mix-sale-2\/#primaryimage\"},\"image\":{\"@id\":\"http:\/\/elpatronvintage.com\/fr\/produit\/lot-mix-sale-2\/#primaryimage\"},\"thumbnailUrl\":\"https:\/\/elpatronvintage.com\/wp-content\/uploads\/2024\/02\/1-1.webp\",\"datePublished\":\"2024-02-06T18:02:00+00:00\",\"dateModified\":\"2026-01-19T10:11:28+00:00\",\"description\":\"Lote de ropa vintage de la marca Burberry, Thomas Burberry y Bruberry's de unidades fijas.\",\"breadcrumb\":{\"@id\":\"http:\/\/elpatronvintage.com\/fr\/produit\/lot-mix-sale-2\/#breadcrumb\"},\"inLanguage\":\"fr-FR\",\"potentialAction\":[{\"@type\":\"ReadAction\",\"target\":[\"http:\/\/elpatronvintage.com\/fr\/produit\/lot-mix-sale-2\/\"]}]},{\"@type\":\"ImageObject\",\"inLanguage\":\"fr-FR\",\"@id\":\"http:\/\/elpatronvintage.com\/fr\/produit\/lot-mix-sale-2\/#primaryimage\",\"url\":\"https:\/\/elpatronvintage.com\/wp-content\/uploads\/2024\/02\/1-1.webp\",\"contentUrl\":\"https:\/\/elpatronvintage.com\/wp-content\/uploads\/2024\/02\/1-1.webp\",\"width\":977,\"height\":1260,\"caption\":\"Burberry vintage\"},{\"@type\":\"BreadcrumbList\",\"@id\":\"http:\/\/elpatronvintage.com\/fr\/produit\/lot-mix-sale-2\/#breadcrumb\",\"itemListElement\":[{\"@type\":\"ListItem\",\"position\":1,\"name\":\"Portada\",\"item\":\"http:\/\/elpatronvintage.com\/en\/\"},{\"@type\":\"ListItem\",\"position\":2,\"name\":\"Lote de Ropa Vintage\",\"item\":\"https:\/\/elpatronvintage.com\/en\/shop\/\"},{\"@type\":\"ListItem\",\"position\":3,\"name\":\"Burberry Mix\"}]},{\"@type\":\"WebSite\",\"@id\":\"https:\/\/elpatronvintage.com\/#website\",\"url\":\"https:\/\/elpatronvintage.com\/\",\"name\":\"EL PATR\u00d3N VINTAGE WHOLESALE | Proveedores de ropa vintage\",\"description\":\"El Patr\u00f3n Vintage CLOTHING WHOLESALE\",\"publisher\":{\"@id\":\"https:\/\/elpatronvintage.com\/#organization\"},\"alternateName\":\"Ropa Vintage al Por Mayor\",\"potentialAction\":[{\"@type\":\"SearchAction\",\"target\":{\"@type\":\"EntryPoint\",\"urlTemplate\":\"https:\/\/elpatronvintage.com\/?s={search_term_string}\"},\"query-input\":{\"@type\":\"PropertyValueSpecification\",\"valueRequired\":true,\"valueName\":\"search_term_string\"}}],\"inLanguage\":\"fr-FR\"},{\"@type\":\"Organization\",\"@id\":\"https:\/\/elpatronvintage.com\/#organization\",\"name\":\"EL PATR\u00d3N VINTAGE WHOLESALE | Proveedores de ropa vintage\",\"url\":\"https:\/\/elpatronvintage.com\/\",\"logo\":{\"@type\":\"ImageObject\",\"inLanguage\":\"fr-FR\",\"@id\":\"https:\/\/elpatronvintage.com\/#\/schema\/logo\/image\/\",\"url\":\"https:\/\/elpatronvintage.com\/wp-content\/uploads\/2023\/01\/logo-web.webp\",\"contentUrl\":\"https:\/\/elpatronvintage.com\/wp-content\/uploads\/2023\/01\/logo-web.webp\",\"width\":961,\"height\":598,\"caption\":\"EL PATR\u00d3N VINTAGE WHOLESALE | Proveedores de ropa vintage\"},\"image\":{\"@id\":\"https:\/\/elpatronvintage.com\/#\/schema\/logo\/image\/\"}}]}<\/script>\n<!-- \/ Yoast SEO plugin. -->","yoast_head_json":{"title":"Burberry Mix - elpatronvintage.com","description":"Ensemble de v\u00eatements vintage Burberry, Thomas Burberry et Bruberry's provenant d'unit\u00e9s fixes Burberry, Thomas Burberry et Bruberry's.","robots":{"index":"index","follow":"follow","max-snippet":"max-snippet:-1","max-image-preview":"max-image-preview:large","max-video-preview":"max-video-preview:-1"},"canonical":"http:\/\/elpatronvintage.com\/fr\/produit\/lot-mix-sale-2\/","og_locale":"fr_FR","og_type":"article","og_title":"Burberry Mix - elpatronvintage.com","og_description":"Lote de ropa vintage de la marca Burberry, Thomas Burberry y Bruberry's de unidades fijas.","og_url":"http:\/\/elpatronvintage.com\/fr\/produit\/lot-mix-sale-2\/","og_site_name":"elpatronvintage.com","article_modified_time":"2026-01-19T10:11:28+00:00","og_image":[{"width":977,"height":1260,"url":"http:\/\/elpatronvintage.com\/wp-content\/uploads\/2024\/02\/1-1.webp","type":"image\/webp"}],"twitter_card":"summary_large_image","twitter_misc":{"Dur\u00e9e de lecture estim\u00e9e":"1 minute"},"schema":{"@context":"https:\/\/schema.org","@graph":[{"@type":"WebPage","@id":"http:\/\/elpatronvintage.com\/fr\/produit\/lot-mix-sale-2\/","url":"http:\/\/elpatronvintage.com\/fr\/produit\/lot-mix-sale-2\/","name":"Burberry Mix - elpatronvintage.com","isPartOf":{"@id":"https:\/\/elpatronvintage.com\/#website"},"primaryImageOfPage":{"@id":"http:\/\/elpatronvintage.com\/fr\/produit\/lot-mix-sale-2\/#primaryimage"},"image":{"@id":"http:\/\/elpatronvintage.com\/fr\/produit\/lot-mix-sale-2\/#primaryimage"},"thumbnailUrl":"https:\/\/elpatronvintage.com\/wp-content\/uploads\/2024\/02\/1-1.webp","datePublished":"2024-02-06T18:02:00+00:00","dateModified":"2026-01-19T10:11:28+00:00","description":"Ensemble de v\u00eatements vintage Burberry, Thomas Burberry et Bruberry's provenant d'unit\u00e9s fixes Burberry, Thomas Burberry et Bruberry's.","breadcrumb":{"@id":"http:\/\/elpatronvintage.com\/fr\/produit\/lot-mix-sale-2\/#breadcrumb"},"inLanguage":"fr-FR","potentialAction":[{"@type":"ReadAction","target":["http:\/\/elpatronvintage.com\/fr\/produit\/lot-mix-sale-2\/"]}]},{"@type":"ImageObject","inLanguage":"fr-FR","@id":"http:\/\/elpatronvintage.com\/fr\/produit\/lot-mix-sale-2\/#primaryimage","url":"https:\/\/elpatronvintage.com\/wp-content\/uploads\/2024\/02\/1-1.webp","contentUrl":"https:\/\/elpatronvintage.com\/wp-content\/uploads\/2024\/02\/1-1.webp","width":977,"height":1260,"caption":"Burberry vintage"},{"@type":"BreadcrumbList","@id":"http:\/\/elpatronvintage.com\/fr\/produit\/lot-mix-sale-2\/#breadcrumb","itemListElement":[{"@type":"ListItem","position":1,"name":"Portada","item":"http:\/\/elpatronvintage.com\/en\/"},{"@type":"ListItem","position":2,"name":"Lote de Ropa Vintage","item":"https:\/\/elpatronvintage.com\/en\/shop\/"},{"@type":"ListItem","position":3,"name":"Burberry Mix"}]},{"@type":"WebSite","@id":"https:\/\/elpatronvintage.com\/#website","url":"https:\/\/elpatronvintage.com\/","name":"THE WHOLESALE VINTAGE PATTERN | Fournisseurs de v\u00eatements vintage","description":"Le patron vintage de CLOTHING WHOLESALE","publisher":{"@id":"https:\/\/elpatronvintage.com\/#organization"},"alternateName":"Ropa Vintage al Por Mayor","potentialAction":[{"@type":"SearchAction","target":{"@type":"EntryPoint","urlTemplate":"https:\/\/elpatronvintage.com\/?s={search_term_string}"},"query-input":{"@type":"PropertyValueSpecification","valueRequired":true,"valueName":"search_term_string"}}],"inLanguage":"fr-FR"},{"@type":"Organization","@id":"https:\/\/elpatronvintage.com\/#organization","name":"THE WHOLESALE VINTAGE PATTERN | Fournisseurs de v\u00eatements vintage","url":"https:\/\/elpatronvintage.com\/","logo":{"@type":"ImageObject","inLanguage":"fr-FR","@id":"https:\/\/elpatronvintage.com\/#\/schema\/logo\/image\/","url":"https:\/\/elpatronvintage.com\/wp-content\/uploads\/2023\/01\/logo-web.webp","contentUrl":"https:\/\/elpatronvintage.com\/wp-content\/uploads\/2023\/01\/logo-web.webp","width":961,"height":598,"caption":"EL PATR\u00d3N VINTAGE WHOLESALE | Proveedores de ropa vintage"},"image":{"@id":"https:\/\/elpatronvintage.com\/#\/schema\/logo\/image\/"}}]}},"_links":{"self":[{"href":"https:\/\/elpatronvintage.com\/fr\/wp-json\/wp\/v2\/product\/5763","targetHints":{"allow":["GET"]}}],"collection":[{"href":"https:\/\/elpatronvintage.com\/fr\/wp-json\/wp\/v2\/product"}],"about":[{"href":"https:\/\/elpatronvintage.com\/fr\/wp-json\/wp\/v2\/types\/product"}],"replies":[{"embeddable":true,"href":"https:\/\/elpatronvintage.com\/fr\/wp-json\/wp\/v2\/comments?post=5763"}],"version-history":[{"count":4,"href":"https:\/\/elpatronvintage.com\/fr\/wp-json\/wp\/v2\/product\/5763\/revisions"}],"predecessor-version":[{"id":13532,"href":"https:\/\/elpatronvintage.com\/fr\/wp-json\/wp\/v2\/product\/5763\/revisions\/13532"}],"wp:featuredmedia":[{"embeddable":true,"href":"https:\/\/elpatronvintage.com\/fr\/wp-json\/wp\/v2\/media\/5764"}],"wp:attachment":[{"href":"https:\/\/elpatronvintage.com\/fr\/wp-json\/wp\/v2\/media?parent=5763"}],"wp:term":[{"taxonomy":"product_brand","embeddable":true,"href":"https:\/\/elpatronvintage.com\/fr\/wp-json\/wp\/v2\/product_brand?post=5763"},{"taxonomy":"product_cat","embeddable":true,"href":"https:\/\/elpatronvintage.com\/fr\/wp-json\/wp\/v2\/product_cat?post=5763"},{"taxonomy":"product_tag","embeddable":true,"href":"https:\/\/elpatronvintage.com\/fr\/wp-json\/wp\/v2\/product_tag?post=5763"}],"curies":[{"name":"wp","href":"https:\/\/api.w.org\/{rel}","templated":true}]}}