{"id":4541,"date":"2023-07-13T19:35:20","date_gmt":"2023-07-13T17:35:20","guid":{"rendered":"https:\/\/elpatronvintage.com\/?post_type=product&#038;p=4541"},"modified":"2026-04-03T19:35:50","modified_gmt":"2026-04-03T17:35:50","slug":"boite-a-mysteres","status":"publish","type":"product","link":"https:\/\/elpatronvintage.com\/fr\/produit\/boite-a-mysteres\/","title":{"rendered":"Bo\u00eete \u00e0 myst\u00e8res"},"content":{"rendered":"","protected":false},"excerpt":{"rendered":"<p><strong>Bo\u00eete myst\u00e8re de 3 unit\u00e9s de marque Premium :<\/strong><\/p>\n<p>Ce coffret exclusif comprend <strong>3 v\u00eatements de marque haut de gamme<\/strong>sp\u00e9cialement s\u00e9lectionn\u00e9s pour vous offrir une excellente opportunit\u00e9 de revente. Gr\u00e2ce \u00e0 notre exp\u00e9rience de plus de\u00a0<strong>5 ans<\/strong>\u00a0de v\u00eatements vintage et de revente via des plateformes web, nous vous garantissons qu'au minimum, vous pourrez g\u00e9n\u00e9rer des revenus de plus en plus importants.\u00a0<strong>X1,5 du revenu<\/strong>\u00a0avec chaque lot, et m\u00eame un\u00a0<strong>X4<\/strong>\u00a0pour la revente ! Cela signifie que chaque v\u00eatement peut g\u00e9n\u00e9rer entre\u00a0<strong>15\u20ac y 100\u20ac<\/strong>\u00a0le prix de revente par unit\u00e9.<\/p>\n<p>\u00c0 l'int\u00e9rieur de votre\u00a0<strong>Bo\u00eete \u00e0 myst\u00e8res<\/strong>\u00a0vous pourrez trouver un\u00a0<strong>une s\u00e9lection vari\u00e9e<\/strong> de v\u00eatements de marque tels que <strong>vestes<\/strong>,\u00a0<strong>sweatshirts<\/strong>,\u00a0<strong>polaire<\/strong>,\u00a0<strong>maillots<\/strong>et bien d'autres choses encore. Nous avons opt\u00e9 pour un\u00a0<strong>m\u00e9lange de cat\u00e9gories<\/strong>\u00a0afin de tester diff\u00e9rents types de produits et de maximiser vos chances de gagner.<\/p>\n<p><strong>Exemple de marques<\/strong>Ralph Lauren, Lacoste, Burberry, North Face, Tommy Hilfiger, Nike, Adidas, Kappa, Reebok, Champion, YSL, Marlboro, Carhartt, NFL, Dickies, entre autres.<\/p>\n<p><strong>M\u00e9lange de tailles<\/strong>: A partir de\u00a0<strong>XS \u00e0 XXL<\/strong>La gamme de produits est garantie pour r\u00e9pondre \u00e0 une vari\u00e9t\u00e9 de go\u00fbts et de besoins.<\/p>\n<p><strong>QUALIT\u00c9 A<\/strong><\/p>\n<p><strong>COMMANDE MINIMUM - 1 BRUME<\/strong><\/p>\n<p><strong>LIVRAISON GRATUITE 24\/48H DANS TOUTE L'ESPAGNE.\u00a0<\/strong><\/p>\n<p><strong>EXP\u00c9DITION EN 48\/72H DANS TOUTE L'EUROPE<\/strong><\/p>","protected":false},"featured_media":4542,"comment_status":"open","ping_status":"closed","template":"","meta":[],"product_brand":[],"product_cat":[220,221,16],"product_tag":[],"class_list":{"0":"post-4541","1":"product","2":"type-product","3":"status-publish","4":"has-post-thumbnail","6":"product_cat-lote-mix","7":"product_cat-marcas","8":"product_cat-allproducts","10":"first","11":"instock","12":"sale","13":"taxable","14":"shipping-taxable","15":"purchasable","16":"product-type-simple"},"yoast_head":"<!-- This site is optimized with the Yoast SEO plugin v26.8 - https:\/\/yoast.com\/product\/yoast-seo-wordpress\/ -->\n<title>Mistery Box - elpatronvintage.com<\/title>\n<meta name=\"robots\" content=\"index, follow, max-snippet:-1, max-image-preview:large, max-video-preview:-1\" \/>\n<link rel=\"canonical\" href=\"https:\/\/elpatronvintage.com\/fr\/produit\/boite-a-mysteres\/\" \/>\n<meta property=\"og:locale\" content=\"fr_FR\" \/>\n<meta property=\"og:type\" content=\"article\" \/>\n<meta property=\"og:title\" content=\"Mistery Box - elpatronvintage.com\" \/>\n<meta property=\"og:description\" content=\"Mystery Box de 3 Unidades de Marca Premium:  Esta caja exclusiva incluye 3 prendas de marca premium, seleccionadas especialmente para ofrecerte una excelente oportunidad de reventa. Con nuestra experiencia de m\u00e1s de\u00a05 a\u00f1os\u00a0en ropa vintage y reventa por plataformas web, te garantizamos que, como m\u00ednimo, podr\u00e1s generar\u00a0X1.5 de ingresos\u00a0con cada lote, \u00a1y hasta un\u00a0X4\u00a0de reventa! Esto significa que cada prenda podr\u00eda generar entre\u00a015\u20ac y 100\u20ac\u00a0de reventa por unidad.  Dentro de tu\u00a0Mystery Box\u00a0podr\u00e1s encontrar una\u00a0selecci\u00f3n variada de prendas de marca como chaquetas,\u00a0sudaderas,\u00a0polares,\u00a0jerseys, y mucho m\u00e1s. Optamos por un\u00a0mix de categor\u00edas\u00a0para que puedas testear diferentes tipos de productos y maximizar tus oportunidades de ganar.  Ejemplo de marcas: Ralph Lauren, Lacoste, Burberry, North Face, Tommy Hilfiger, Nike, Adidas, Kappa, Reebok, Champion, YSL, Marlboro, Carhartt, NFL, Dickies, entre otras.  Mix de tallas: Desde\u00a0XS hasta XXL, garantizando variedad para adaptarse a diferentes gustos y necesidades.  CALIDAD A  PEDIDO MINIMO - 1 MISTERY  ENV\u00cdOS GRATIS 24\/48H EN TODA ESPA\u00d1A.\u00a0  ENV\u00cdOS 48\/72H EN TODA EUROPA\" \/>\n<meta property=\"og:url\" content=\"https:\/\/elpatronvintage.com\/fr\/produit\/boite-a-mysteres\/\" \/>\n<meta property=\"og:site_name\" content=\"elpatronvintage.com\" \/>\n<meta property=\"article:modified_time\" content=\"2026-04-03T17:35:50+00:00\" \/>\n<meta property=\"og:image\" content=\"https:\/\/elpatronvintage.com\/wp-content\/uploads\/2023\/07\/1-5.webp\" \/>\n\t<meta property=\"og:image:width\" content=\"977\" \/>\n\t<meta property=\"og:image:height\" content=\"1260\" \/>\n\t<meta property=\"og:image:type\" content=\"image\/webp\" \/>\n<meta name=\"twitter:card\" content=\"summary_large_image\" \/>\n<meta name=\"twitter:label1\" content=\"Dur\u00e9e de lecture estim\u00e9e\" \/>\n\t<meta name=\"twitter:data1\" content=\"1 minute\" \/>\n<script type=\"application\/ld+json\" class=\"yoast-schema-graph\">{\"@context\":\"https:\/\/schema.org\",\"@graph\":[{\"@type\":\"WebPage\",\"@id\":\"https:\/\/elpatronvintage.com\/fr\/produit\/boite-a-mysteres\/\",\"url\":\"https:\/\/elpatronvintage.com\/fr\/produit\/boite-a-mysteres\/\",\"name\":\"Mistery Box - elpatronvintage.com\",\"isPartOf\":{\"@id\":\"http:\/\/elpatronvintage.com\/#website\"},\"primaryImageOfPage\":{\"@id\":\"https:\/\/elpatronvintage.com\/fr\/produit\/boite-a-mysteres\/#primaryimage\"},\"image\":{\"@id\":\"https:\/\/elpatronvintage.com\/fr\/produit\/boite-a-mysteres\/#primaryimage\"},\"thumbnailUrl\":\"https:\/\/elpatronvintage.com\/wp-content\/uploads\/2023\/07\/1-5.webp\",\"datePublished\":\"2023-07-13T17:35:20+00:00\",\"dateModified\":\"2026-04-03T17:35:50+00:00\",\"breadcrumb\":{\"@id\":\"https:\/\/elpatronvintage.com\/fr\/produit\/boite-a-mysteres\/#breadcrumb\"},\"inLanguage\":\"fr-FR\",\"potentialAction\":[{\"@type\":\"ReadAction\",\"target\":[\"https:\/\/elpatronvintage.com\/fr\/produit\/boite-a-mysteres\/\"]}]},{\"@type\":\"ImageObject\",\"inLanguage\":\"fr-FR\",\"@id\":\"https:\/\/elpatronvintage.com\/fr\/produit\/boite-a-mysteres\/#primaryimage\",\"url\":\"https:\/\/elpatronvintage.com\/wp-content\/uploads\/2023\/07\/1-5.webp\",\"contentUrl\":\"https:\/\/elpatronvintage.com\/wp-content\/uploads\/2023\/07\/1-5.webp\",\"width\":977,\"height\":1260},{\"@type\":\"BreadcrumbList\",\"@id\":\"https:\/\/elpatronvintage.com\/fr\/produit\/boite-a-mysteres\/#breadcrumb\",\"itemListElement\":[{\"@type\":\"ListItem\",\"position\":1,\"name\":\"Portada\",\"item\":\"http:\/\/elpatronvintage.com\/\"},{\"@type\":\"ListItem\",\"position\":2,\"name\":\"Lote de Ropa Vintage\",\"item\":\"http:\/\/elpatronvintage.com\/shop\/\"},{\"@type\":\"ListItem\",\"position\":3,\"name\":\"Mistery Box\"}]},{\"@type\":\"WebSite\",\"@id\":\"http:\/\/elpatronvintage.com\/#website\",\"url\":\"http:\/\/elpatronvintage.com\/\",\"name\":\"EL PATR\u00d3N VINTAGE WHOLESALE | Proveedores de ropa vintage\",\"description\":\"El Patr\u00f3n Vintage CLOTHING WHOLESALE\",\"publisher\":{\"@id\":\"http:\/\/elpatronvintage.com\/#organization\"},\"alternateName\":\"Ropa Vintage al Por Mayor\",\"potentialAction\":[{\"@type\":\"SearchAction\",\"target\":{\"@type\":\"EntryPoint\",\"urlTemplate\":\"http:\/\/elpatronvintage.com\/?s={search_term_string}\"},\"query-input\":{\"@type\":\"PropertyValueSpecification\",\"valueRequired\":true,\"valueName\":\"search_term_string\"}}],\"inLanguage\":\"fr-FR\"},{\"@type\":\"Organization\",\"@id\":\"http:\/\/elpatronvintage.com\/#organization\",\"name\":\"EL PATR\u00d3N VINTAGE WHOLESALE | Proveedores de ropa vintage\",\"url\":\"http:\/\/elpatronvintage.com\/\",\"logo\":{\"@type\":\"ImageObject\",\"inLanguage\":\"fr-FR\",\"@id\":\"http:\/\/elpatronvintage.com\/#\/schema\/logo\/image\/\",\"url\":\"https:\/\/elpatronvintage.com\/wp-content\/uploads\/2023\/01\/logo-web.webp\",\"contentUrl\":\"https:\/\/elpatronvintage.com\/wp-content\/uploads\/2023\/01\/logo-web.webp\",\"width\":961,\"height\":598,\"caption\":\"EL PATR\u00d3N VINTAGE WHOLESALE | Proveedores de ropa vintage\"},\"image\":{\"@id\":\"http:\/\/elpatronvintage.com\/#\/schema\/logo\/image\/\"}}]}<\/script>\n<!-- \/ Yoast SEO plugin. -->","yoast_head_json":{"title":"Bo\u00eete \u00e0 myst\u00e8res - elpatronvintage.com","robots":{"index":"index","follow":"follow","max-snippet":"max-snippet:-1","max-image-preview":"max-image-preview:large","max-video-preview":"max-video-preview:-1"},"canonical":"https:\/\/elpatronvintage.com\/fr\/produit\/boite-a-mysteres\/","og_locale":"fr_FR","og_type":"article","og_title":"Mistery Box - elpatronvintage.com","og_description":"Mystery Box de 3 Unidades de Marca Premium:  Esta caja exclusiva incluye 3 prendas de marca premium, seleccionadas especialmente para ofrecerte una excelente oportunidad de reventa. Con nuestra experiencia de m\u00e1s de\u00a05 a\u00f1os\u00a0en ropa vintage y reventa por plataformas web, te garantizamos que, como m\u00ednimo, podr\u00e1s generar\u00a0X1.5 de ingresos\u00a0con cada lote, \u00a1y hasta un\u00a0X4\u00a0de reventa! Esto significa que cada prenda podr\u00eda generar entre\u00a015\u20ac y 100\u20ac\u00a0de reventa por unidad.  Dentro de tu\u00a0Mystery Box\u00a0podr\u00e1s encontrar una\u00a0selecci\u00f3n variada de prendas de marca como chaquetas,\u00a0sudaderas,\u00a0polares,\u00a0jerseys, y mucho m\u00e1s. Optamos por un\u00a0mix de categor\u00edas\u00a0para que puedas testear diferentes tipos de productos y maximizar tus oportunidades de ganar.  Ejemplo de marcas: Ralph Lauren, Lacoste, Burberry, North Face, Tommy Hilfiger, Nike, Adidas, Kappa, Reebok, Champion, YSL, Marlboro, Carhartt, NFL, Dickies, entre otras.  Mix de tallas: Desde\u00a0XS hasta XXL, garantizando variedad para adaptarse a diferentes gustos y necesidades.  CALIDAD A  PEDIDO MINIMO - 1 MISTERY  ENV\u00cdOS GRATIS 24\/48H EN TODA ESPA\u00d1A.\u00a0  ENV\u00cdOS 48\/72H EN TODA EUROPA","og_url":"https:\/\/elpatronvintage.com\/fr\/produit\/boite-a-mysteres\/","og_site_name":"elpatronvintage.com","article_modified_time":"2026-04-03T17:35:50+00:00","og_image":[{"width":977,"height":1260,"url":"https:\/\/elpatronvintage.com\/wp-content\/uploads\/2023\/07\/1-5.webp","type":"image\/webp"}],"twitter_card":"summary_large_image","twitter_misc":{"Dur\u00e9e de lecture estim\u00e9e":"1 minute"},"schema":{"@context":"https:\/\/schema.org","@graph":[{"@type":"WebPage","@id":"https:\/\/elpatronvintage.com\/fr\/produit\/boite-a-mysteres\/","url":"https:\/\/elpatronvintage.com\/fr\/produit\/boite-a-mysteres\/","name":"Bo\u00eete \u00e0 myst\u00e8res - elpatronvintage.com","isPartOf":{"@id":"http:\/\/elpatronvintage.com\/#website"},"primaryImageOfPage":{"@id":"https:\/\/elpatronvintage.com\/fr\/produit\/boite-a-mysteres\/#primaryimage"},"image":{"@id":"https:\/\/elpatronvintage.com\/fr\/produit\/boite-a-mysteres\/#primaryimage"},"thumbnailUrl":"https:\/\/elpatronvintage.com\/wp-content\/uploads\/2023\/07\/1-5.webp","datePublished":"2023-07-13T17:35:20+00:00","dateModified":"2026-04-03T17:35:50+00:00","breadcrumb":{"@id":"https:\/\/elpatronvintage.com\/fr\/produit\/boite-a-mysteres\/#breadcrumb"},"inLanguage":"fr-FR","potentialAction":[{"@type":"ReadAction","target":["https:\/\/elpatronvintage.com\/fr\/produit\/boite-a-mysteres\/"]}]},{"@type":"ImageObject","inLanguage":"fr-FR","@id":"https:\/\/elpatronvintage.com\/fr\/produit\/boite-a-mysteres\/#primaryimage","url":"https:\/\/elpatronvintage.com\/wp-content\/uploads\/2023\/07\/1-5.webp","contentUrl":"https:\/\/elpatronvintage.com\/wp-content\/uploads\/2023\/07\/1-5.webp","width":977,"height":1260},{"@type":"BreadcrumbList","@id":"https:\/\/elpatronvintage.com\/fr\/produit\/boite-a-mysteres\/#breadcrumb","itemListElement":[{"@type":"ListItem","position":1,"name":"Portada","item":"http:\/\/elpatronvintage.com\/"},{"@type":"ListItem","position":2,"name":"Lote de Ropa Vintage","item":"http:\/\/elpatronvintage.com\/shop\/"},{"@type":"ListItem","position":3,"name":"Mistery Box"}]},{"@type":"WebSite","@id":"http:\/\/elpatronvintage.com\/#website","url":"http:\/\/elpatronvintage.com\/","name":"THE WHOLESALE VINTAGE PATTERN | Fournisseurs de v\u00eatements vintage","description":"Le patron vintage de CLOTHING WHOLESALE","publisher":{"@id":"http:\/\/elpatronvintage.com\/#organization"},"alternateName":"Ropa Vintage al Por Mayor","potentialAction":[{"@type":"SearchAction","target":{"@type":"EntryPoint","urlTemplate":"http:\/\/elpatronvintage.com\/?s={search_term_string}"},"query-input":{"@type":"PropertyValueSpecification","valueRequired":true,"valueName":"search_term_string"}}],"inLanguage":"fr-FR"},{"@type":"Organization","@id":"http:\/\/elpatronvintage.com\/#organization","name":"THE WHOLESALE VINTAGE PATTERN | Fournisseurs de v\u00eatements vintage","url":"http:\/\/elpatronvintage.com\/","logo":{"@type":"ImageObject","inLanguage":"fr-FR","@id":"http:\/\/elpatronvintage.com\/#\/schema\/logo\/image\/","url":"https:\/\/elpatronvintage.com\/wp-content\/uploads\/2023\/01\/logo-web.webp","contentUrl":"https:\/\/elpatronvintage.com\/wp-content\/uploads\/2023\/01\/logo-web.webp","width":961,"height":598,"caption":"EL PATR\u00d3N VINTAGE WHOLESALE | Proveedores de ropa vintage"},"image":{"@id":"http:\/\/elpatronvintage.com\/#\/schema\/logo\/image\/"}}]}},"_links":{"self":[{"href":"https:\/\/elpatronvintage.com\/fr\/wp-json\/wp\/v2\/product\/4541","targetHints":{"allow":["GET"]}}],"collection":[{"href":"https:\/\/elpatronvintage.com\/fr\/wp-json\/wp\/v2\/product"}],"about":[{"href":"https:\/\/elpatronvintage.com\/fr\/wp-json\/wp\/v2\/types\/product"}],"replies":[{"embeddable":true,"href":"https:\/\/elpatronvintage.com\/fr\/wp-json\/wp\/v2\/comments?post=4541"}],"version-history":[{"count":6,"href":"https:\/\/elpatronvintage.com\/fr\/wp-json\/wp\/v2\/product\/4541\/revisions"}],"predecessor-version":[{"id":13673,"href":"https:\/\/elpatronvintage.com\/fr\/wp-json\/wp\/v2\/product\/4541\/revisions\/13673"}],"wp:featuredmedia":[{"embeddable":true,"href":"https:\/\/elpatronvintage.com\/fr\/wp-json\/wp\/v2\/media\/4542"}],"wp:attachment":[{"href":"https:\/\/elpatronvintage.com\/fr\/wp-json\/wp\/v2\/media?parent=4541"}],"wp:term":[{"taxonomy":"product_brand","embeddable":true,"href":"https:\/\/elpatronvintage.com\/fr\/wp-json\/wp\/v2\/product_brand?post=4541"},{"taxonomy":"product_cat","embeddable":true,"href":"https:\/\/elpatronvintage.com\/fr\/wp-json\/wp\/v2\/product_cat?post=4541"},{"taxonomy":"product_tag","embeddable":true,"href":"https:\/\/elpatronvintage.com\/fr\/wp-json\/wp\/v2\/product_tag?post=4541"}],"curies":[{"name":"wp","href":"https:\/\/api.w.org\/{rel}","templated":true}]}}