{"id":4367,"date":"2023-06-30T13:11:13","date_gmt":"2023-06-30T11:11:13","guid":{"rendered":"https:\/\/elpatronvintage.com\/?post_type=product&#038;p=4367"},"modified":"2026-01-24T16:22:47","modified_gmt":"2026-01-24T14:22:47","slug":"pots-et-pochettes-vintage","status":"publish","type":"product","link":"https:\/\/elpatronvintage.com\/fr\/produit\/pots-et-pochettes-vintage\/","title":{"rendered":"Polaires vintage"},"content":{"rendered":"","protected":false},"excerpt":{"rendered":"<p><strong>Polaires folles et vintage<\/strong><\/p>\n<p>Des m\u00e9langes de couleurs vives, des designs r\u00e9tro avec des panneaux classiques, des imprim\u00e9s g\u00e9om\u00e9triques et des silhouettes embl\u00e9matiques des ann\u00e9es 80 et 90.<br data-start=\"269\" data-end=\"272\" \/>Un choix parfait pour les boutiques sp\u00e9cialis\u00e9es dans la mode vintage authentique et accrocheuse, avec un chiffre d'affaires \u00e9lev\u00e9 \u00e0 la fois physiquement et en ligne.<\/p>\n<p><strong>Marques :<\/strong> Habillage vintage.<\/p>\n<p><strong>Tailles :<\/strong>\u00a0XS \u00e0 XL (Assortis)<\/p>\n<p><strong>Revente : 20-40\u20ac par unit\u00e9.<\/strong><\/p>\n<p><strong>QUALIT\u00c9 A.<\/strong><\/p>\n<p><strong>COMMANDE MINIMALE - 10 PI\u00c8CES<\/strong><\/p>\n<p><strong>LIVRAISON GRATUITE 24\/48H DANS TOUTE L'ESPAGNE.\u00a0<\/strong><\/p>\n<p><strong>EXP\u00c9DITION EN 48\/72H DANS TOUTE L'EUROPE<\/strong><\/p>","protected":false},"featured_media":5137,"comment_status":"open","ping_status":"closed","template":"","meta":[],"product_brand":[],"product_cat":[216,222,16],"product_tag":[],"class_list":{"0":"post-4367","1":"product","2":"type-product","3":"status-publish","4":"has-post-thumbnail","6":"product_cat-fleeces","7":"product_cat-retro","8":"product_cat-allproducts","10":"first","11":"instock","12":"taxable","13":"shipping-taxable","14":"purchasable","15":"product-type-simple"},"yoast_head":"<!-- This site is optimized with the Yoast SEO plugin v26.8 - https:\/\/yoast.com\/product\/yoast-seo-wordpress\/ -->\n<title>Polares Vintage - elpatronvintage.com<\/title>\n<meta name=\"robots\" content=\"index, follow, max-snippet:-1, max-image-preview:large, max-video-preview:-1\" \/>\n<link rel=\"canonical\" href=\"http:\/\/elpatronvintage.com\/fr\/produit\/pots-et-pochettes-vintage\/\" \/>\n<meta property=\"og:locale\" content=\"fr_FR\" \/>\n<meta property=\"og:type\" content=\"article\" \/>\n<meta property=\"og:title\" content=\"Polares Vintage - elpatronvintage.com\" \/>\n<meta property=\"og:description\" content=\"Polares Crazy Vintage  Prendas con mezclas de colores vibrantes, dise\u00f1os retro con panelados cl\u00e1sicos, estampados geom\u00e9tricos y siluetas ic\u00f3nicas de los 80s y 90s.Una opci\u00f3n perfecta para tiendas especializadas en moda vintage aut\u00e9ntica, llamativa y con gran rotaci\u00f3n tanto en f\u00edsico como en online.  Marcas: Vintage Dressing.  Tallas:\u00a0XS a XL (Variadas)  Reventa: 20-40\u20ac por unidad.  CALIDAD A.  PEDIDO MINIMO - 10 PIEZAS  ENV\u00cdOS GRATIS 24\/48H EN TODA ESPA\u00d1A.\u00a0  ENV\u00cdOS 48\/72H EN TODA EUROPA\" \/>\n<meta property=\"og:url\" content=\"http:\/\/elpatronvintage.com\/fr\/produit\/pots-et-pochettes-vintage\/\" \/>\n<meta property=\"og:site_name\" content=\"elpatronvintage.com\" \/>\n<meta property=\"article:modified_time\" content=\"2026-01-24T14:22:47+00:00\" \/>\n<meta property=\"og:image\" content=\"http:\/\/elpatronvintage.com\/wp-content\/uploads\/2023\/06\/1-36.webp\" \/>\n\t<meta property=\"og:image:width\" content=\"977\" \/>\n\t<meta property=\"og:image:height\" content=\"1260\" \/>\n\t<meta property=\"og:image:type\" content=\"image\/webp\" \/>\n<meta name=\"twitter:card\" content=\"summary_large_image\" \/>\n<meta name=\"twitter:label1\" content=\"Dur\u00e9e de lecture estim\u00e9e\" \/>\n\t<meta name=\"twitter:data1\" content=\"1 minute\" \/>\n<script type=\"application\/ld+json\" class=\"yoast-schema-graph\">{\"@context\":\"https:\/\/schema.org\",\"@graph\":[{\"@type\":\"WebPage\",\"@id\":\"http:\/\/elpatronvintage.com\/it\/prodotto\/vasi-e-sacchetti-vintage\/\",\"url\":\"http:\/\/elpatronvintage.com\/it\/prodotto\/vasi-e-sacchetti-vintage\/\",\"name\":\"Polares Vintage - elpatronvintage.com\",\"isPartOf\":{\"@id\":\"http:\/\/elpatronvintage.com\/en\/#website\"},\"primaryImageOfPage\":{\"@id\":\"http:\/\/elpatronvintage.com\/it\/prodotto\/vasi-e-sacchetti-vintage\/#primaryimage\"},\"image\":{\"@id\":\"http:\/\/elpatronvintage.com\/it\/prodotto\/vasi-e-sacchetti-vintage\/#primaryimage\"},\"thumbnailUrl\":\"https:\/\/elpatronvintage.com\/wp-content\/uploads\/2023\/06\/1-36.webp\",\"datePublished\":\"2023-06-30T11:11:13+00:00\",\"dateModified\":\"2026-01-24T14:22:47+00:00\",\"breadcrumb\":{\"@id\":\"http:\/\/elpatronvintage.com\/it\/prodotto\/vasi-e-sacchetti-vintage\/#breadcrumb\"},\"inLanguage\":\"fr-FR\",\"potentialAction\":[{\"@type\":\"ReadAction\",\"target\":[\"http:\/\/elpatronvintage.com\/it\/prodotto\/vasi-e-sacchetti-vintage\/\"]}]},{\"@type\":\"ImageObject\",\"inLanguage\":\"fr-FR\",\"@id\":\"http:\/\/elpatronvintage.com\/it\/prodotto\/vasi-e-sacchetti-vintage\/#primaryimage\",\"url\":\"https:\/\/elpatronvintage.com\/wp-content\/uploads\/2023\/06\/1-36.webp\",\"contentUrl\":\"https:\/\/elpatronvintage.com\/wp-content\/uploads\/2023\/06\/1-36.webp\",\"width\":977,\"height\":1260},{\"@type\":\"BreadcrumbList\",\"@id\":\"http:\/\/elpatronvintage.com\/it\/prodotto\/vasi-e-sacchetti-vintage\/#breadcrumb\",\"itemListElement\":[{\"@type\":\"ListItem\",\"position\":1,\"name\":\"Portada\",\"item\":\"http:\/\/elpatronvintage.com\/en\/\"},{\"@type\":\"ListItem\",\"position\":2,\"name\":\"Lote de Ropa Vintage\",\"item\":\"http:\/\/elpatronvintage.com\/en\/shop\/\"},{\"@type\":\"ListItem\",\"position\":3,\"name\":\"Polares Vintage\"}]},{\"@type\":\"WebSite\",\"@id\":\"http:\/\/elpatronvintage.com\/en\/#website\",\"url\":\"http:\/\/elpatronvintage.com\/en\/\",\"name\":\"EL PATR\u00d3N VINTAGE WHOLESALE | Proveedores de ropa vintage\",\"description\":\"El Patr\u00f3n Vintage CLOTHING WHOLESALE\",\"publisher\":{\"@id\":\"http:\/\/elpatronvintage.com\/en\/#organization\"},\"alternateName\":\"Ropa Vintage al Por Mayor\",\"potentialAction\":[{\"@type\":\"SearchAction\",\"target\":{\"@type\":\"EntryPoint\",\"urlTemplate\":\"http:\/\/elpatronvintage.com\/en\/?s={search_term_string}\"},\"query-input\":{\"@type\":\"PropertyValueSpecification\",\"valueRequired\":true,\"valueName\":\"search_term_string\"}}],\"inLanguage\":\"fr-FR\"},{\"@type\":\"Organization\",\"@id\":\"http:\/\/elpatronvintage.com\/en\/#organization\",\"name\":\"EL PATR\u00d3N VINTAGE WHOLESALE | Proveedores de ropa vintage\",\"url\":\"http:\/\/elpatronvintage.com\/en\/\",\"logo\":{\"@type\":\"ImageObject\",\"inLanguage\":\"fr-FR\",\"@id\":\"http:\/\/elpatronvintage.com\/en\/#\/schema\/logo\/image\/\",\"url\":\"https:\/\/elpatronvintage.com\/wp-content\/uploads\/2023\/01\/logo-web.webp\",\"contentUrl\":\"https:\/\/elpatronvintage.com\/wp-content\/uploads\/2023\/01\/logo-web.webp\",\"width\":961,\"height\":598,\"caption\":\"EL PATR\u00d3N VINTAGE WHOLESALE | Proveedores de ropa vintage\"},\"image\":{\"@id\":\"http:\/\/elpatronvintage.com\/en\/#\/schema\/logo\/image\/\"}}]}<\/script>\n<!-- \/ Yoast SEO plugin. -->","yoast_head_json":{"title":"Polaires vintage - elpatronvintage.com","robots":{"index":"index","follow":"follow","max-snippet":"max-snippet:-1","max-image-preview":"max-image-preview:large","max-video-preview":"max-video-preview:-1"},"canonical":"http:\/\/elpatronvintage.com\/fr\/produit\/pots-et-pochettes-vintage\/","og_locale":"fr_FR","og_type":"article","og_title":"Polares Vintage - elpatronvintage.com","og_description":"Polares Crazy Vintage  Prendas con mezclas de colores vibrantes, dise\u00f1os retro con panelados cl\u00e1sicos, estampados geom\u00e9tricos y siluetas ic\u00f3nicas de los 80s y 90s.Una opci\u00f3n perfecta para tiendas especializadas en moda vintage aut\u00e9ntica, llamativa y con gran rotaci\u00f3n tanto en f\u00edsico como en online.  Marcas: Vintage Dressing.  Tallas:\u00a0XS a XL (Variadas)  Reventa: 20-40\u20ac por unidad.  CALIDAD A.  PEDIDO MINIMO - 10 PIEZAS  ENV\u00cdOS GRATIS 24\/48H EN TODA ESPA\u00d1A.\u00a0  ENV\u00cdOS 48\/72H EN TODA EUROPA","og_url":"http:\/\/elpatronvintage.com\/fr\/produit\/pots-et-pochettes-vintage\/","og_site_name":"elpatronvintage.com","article_modified_time":"2026-01-24T14:22:47+00:00","og_image":[{"width":977,"height":1260,"url":"http:\/\/elpatronvintage.com\/wp-content\/uploads\/2023\/06\/1-36.webp","type":"image\/webp"}],"twitter_card":"summary_large_image","twitter_misc":{"Dur\u00e9e de lecture estim\u00e9e":"1 minute"},"schema":{"@context":"https:\/\/schema.org","@graph":[{"@type":"WebPage","@id":"http:\/\/elpatronvintage.com\/it\/prodotto\/vasi-e-sacchetti-vintage\/","url":"http:\/\/elpatronvintage.com\/it\/prodotto\/vasi-e-sacchetti-vintage\/","name":"Polaires vintage - elpatronvintage.com","isPartOf":{"@id":"http:\/\/elpatronvintage.com\/en\/#website"},"primaryImageOfPage":{"@id":"http:\/\/elpatronvintage.com\/it\/prodotto\/vasi-e-sacchetti-vintage\/#primaryimage"},"image":{"@id":"http:\/\/elpatronvintage.com\/it\/prodotto\/vasi-e-sacchetti-vintage\/#primaryimage"},"thumbnailUrl":"https:\/\/elpatronvintage.com\/wp-content\/uploads\/2023\/06\/1-36.webp","datePublished":"2023-06-30T11:11:13+00:00","dateModified":"2026-01-24T14:22:47+00:00","breadcrumb":{"@id":"http:\/\/elpatronvintage.com\/it\/prodotto\/vasi-e-sacchetti-vintage\/#breadcrumb"},"inLanguage":"fr-FR","potentialAction":[{"@type":"ReadAction","target":["http:\/\/elpatronvintage.com\/it\/prodotto\/vasi-e-sacchetti-vintage\/"]}]},{"@type":"ImageObject","inLanguage":"fr-FR","@id":"http:\/\/elpatronvintage.com\/it\/prodotto\/vasi-e-sacchetti-vintage\/#primaryimage","url":"https:\/\/elpatronvintage.com\/wp-content\/uploads\/2023\/06\/1-36.webp","contentUrl":"https:\/\/elpatronvintage.com\/wp-content\/uploads\/2023\/06\/1-36.webp","width":977,"height":1260},{"@type":"BreadcrumbList","@id":"http:\/\/elpatronvintage.com\/it\/prodotto\/vasi-e-sacchetti-vintage\/#breadcrumb","itemListElement":[{"@type":"ListItem","position":1,"name":"Portada","item":"http:\/\/elpatronvintage.com\/en\/"},{"@type":"ListItem","position":2,"name":"Lote de Ropa Vintage","item":"http:\/\/elpatronvintage.com\/en\/shop\/"},{"@type":"ListItem","position":3,"name":"Polares Vintage"}]},{"@type":"WebSite","@id":"http:\/\/elpatronvintage.com\/en\/#website","url":"http:\/\/elpatronvintage.com\/en\/","name":"THE WHOLESALE VINTAGE PATTERN | Fournisseurs de v\u00eatements vintage","description":"Le patron vintage de CLOTHING WHOLESALE","publisher":{"@id":"http:\/\/elpatronvintage.com\/en\/#organization"},"alternateName":"Ropa Vintage al Por Mayor","potentialAction":[{"@type":"SearchAction","target":{"@type":"EntryPoint","urlTemplate":"http:\/\/elpatronvintage.com\/en\/?s={search_term_string}"},"query-input":{"@type":"PropertyValueSpecification","valueRequired":true,"valueName":"search_term_string"}}],"inLanguage":"fr-FR"},{"@type":"Organization","@id":"http:\/\/elpatronvintage.com\/en\/#organization","name":"THE WHOLESALE VINTAGE PATTERN | Fournisseurs de v\u00eatements vintage","url":"http:\/\/elpatronvintage.com\/en\/","logo":{"@type":"ImageObject","inLanguage":"fr-FR","@id":"http:\/\/elpatronvintage.com\/en\/#\/schema\/logo\/image\/","url":"https:\/\/elpatronvintage.com\/wp-content\/uploads\/2023\/01\/logo-web.webp","contentUrl":"https:\/\/elpatronvintage.com\/wp-content\/uploads\/2023\/01\/logo-web.webp","width":961,"height":598,"caption":"EL PATR\u00d3N VINTAGE WHOLESALE | Proveedores de ropa vintage"},"image":{"@id":"http:\/\/elpatronvintage.com\/en\/#\/schema\/logo\/image\/"}}]}},"_links":{"self":[{"href":"https:\/\/elpatronvintage.com\/fr\/wp-json\/wp\/v2\/product\/4367","targetHints":{"allow":["GET"]}}],"collection":[{"href":"https:\/\/elpatronvintage.com\/fr\/wp-json\/wp\/v2\/product"}],"about":[{"href":"https:\/\/elpatronvintage.com\/fr\/wp-json\/wp\/v2\/types\/product"}],"replies":[{"embeddable":true,"href":"https:\/\/elpatronvintage.com\/fr\/wp-json\/wp\/v2\/comments?post=4367"}],"version-history":[{"count":5,"href":"https:\/\/elpatronvintage.com\/fr\/wp-json\/wp\/v2\/product\/4367\/revisions"}],"predecessor-version":[{"id":13536,"href":"https:\/\/elpatronvintage.com\/fr\/wp-json\/wp\/v2\/product\/4367\/revisions\/13536"}],"wp:featuredmedia":[{"embeddable":true,"href":"https:\/\/elpatronvintage.com\/fr\/wp-json\/wp\/v2\/media\/5137"}],"wp:attachment":[{"href":"https:\/\/elpatronvintage.com\/fr\/wp-json\/wp\/v2\/media?parent=4367"}],"wp:term":[{"taxonomy":"product_brand","embeddable":true,"href":"https:\/\/elpatronvintage.com\/fr\/wp-json\/wp\/v2\/product_brand?post=4367"},{"taxonomy":"product_cat","embeddable":true,"href":"https:\/\/elpatronvintage.com\/fr\/wp-json\/wp\/v2\/product_cat?post=4367"},{"taxonomy":"product_tag","embeddable":true,"href":"https:\/\/elpatronvintage.com\/fr\/wp-json\/wp\/v2\/product_tag?post=4367"}],"curies":[{"name":"wp","href":"https:\/\/api.w.org\/{rel}","templated":true}]}}