{"id":4357,"date":"2023-06-30T13:08:15","date_gmt":"2023-06-30T11:08:15","guid":{"rendered":"https:\/\/elpatronvintage.com\/?post_type=product&#038;p=4357"},"modified":"2026-02-28T15:16:33","modified_gmt":"2026-02-28T13:16:33","slug":"vestes-de-marque-2","status":"publish","type":"product","link":"https:\/\/elpatronvintage.com\/fr\/produit\/vestes-de-marque-2\/","title":{"rendered":"Vestes de marque"},"content":{"rendered":"","protected":false},"excerpt":{"rendered":"<p><strong>Vestes \u00e9paisses de marque pour l'hiver<\/strong><\/p>\n<p>Vestes d'hiver \u00e9paisses de <strong>marques haut de gamme<\/strong>soigneusement s\u00e9lectionn\u00e9s dans des styles allant de <strong>90<\/strong> \u00e0 la <strong>nouvelles<\/strong>.<br data-start=\"248\" data-end=\"251\" \/>V\u00eatements de haute qualit\u00e9, des mod\u00e8les sportifs aux mod\u00e8les de marques de haute couture, id\u00e9aux pour les magasins qui souhaitent offrir des produits rentables, exclusifs et \u00e0 l'image soign\u00e9e. Vestes Harrington, blazers, vestes matelass\u00e9es, gabardines, gilets, etc. Une\u00a0<strong>vari\u00e9t\u00e9 de styles<\/strong>\u00a0pour tous les go\u00fbts et tous les besoins.<\/p>\n<p><strong>Marques en vedette<\/strong>Nike, Ralph Lauren, Tommy Hilfiger, Reebok, Calvin Klein, La Coste, The North Face, Adidas, Kappa, Polo Ralph Lauren, Champion, Puma, Ellesse, et bien d'autres encore.<\/p>\n<p><strong>Tailles :<\/strong> XS \u00e0 XXL<\/p>\n<p><strong>Revente : 30-80\u20ac par unit\u00e9.<\/strong><\/p>\n<p><strong>QUALIT\u00c9 A.\u00a0<\/strong><\/p>\n<p><strong>COMMANDE MINIMALE - 10 PI\u00c8CES<\/strong><\/p>\n<p><strong>LIVRAISON GRATUITE 24\/48H DANS TOUTE L'ESPAGNE<\/strong><\/p>\n<p><strong>EXP\u00c9DITION EN 48\/72H DANS TOUTE L'EUROPE<\/strong><\/p>","protected":false},"featured_media":13729,"comment_status":"open","ping_status":"closed","template":"","meta":[],"product_brand":[],"product_cat":[214,221,16],"product_tag":[],"class_list":{"0":"post-4357","1":"product","2":"type-product","3":"status-publish","4":"has-post-thumbnail","6":"product_cat-jackets","7":"product_cat-marcas","8":"product_cat-allproducts","10":"first","11":"instock","12":"sale","13":"taxable","14":"shipping-taxable","15":"purchasable","16":"product-type-simple"},"yoast_head":"<!-- This site is optimized with the Yoast SEO plugin v26.8 - https:\/\/yoast.com\/product\/yoast-seo-wordpress\/ -->\n<title>Chaquetas de Marca - elpatronvintage.com<\/title>\n<meta name=\"robots\" content=\"index, follow, max-snippet:-1, max-image-preview:large, max-video-preview:-1\" \/>\n<link rel=\"canonical\" href=\"https:\/\/elpatronvintage.com\/fr\/produit\/vestes-de-marque-2\/\" \/>\n<meta property=\"og:locale\" content=\"fr_FR\" \/>\n<meta property=\"og:type\" content=\"article\" \/>\n<meta property=\"og:title\" content=\"Chaquetas de Marca - elpatronvintage.com\" \/>\n<meta property=\"og:description\" content=\"Chaquetas Gruesas Marca de Invierno  Chaquetas gruesas de invierno de marcas premium, seleccionadas cuidadosamente en estilos que van desde los a\u00f1os 90 hasta la actualidad.Prendas de alta calidad, desde modelos deportivos hasta modelos de marcas de alta costura, ideales para tiendas que buscan ofrecer productos rentables, exclusivos y con una imagen cuidada. Chaquetas harrington, blazers, acolchadas, gabardina, chalecos etc. Una\u00a0gran variedad de estilos\u00a0para adaptarse a todos los gustos y necesidades.  Marcas destacadas: Nike, Ralph Lauren, Tommy Hilfiger, Reebok, Calvin Klein, La Coste, The North Face, Adidas, Kappa, Polo Ralph Lauren, Champion, Puma, Ellesse, y muchas m\u00e1s.  Tallas: de XS a XXL  Reventa: 30-80\u20ac por unidad.  CALIDAD A.\u00a0  PEDIDO MINIMO - 10 PIEZAS  ENV\u00cdOS GRATIS 24\/48H EN TODA ESPA\u00d1A  ENV\u00cdOS 48\/72H EN TODA EUROPA\" \/>\n<meta property=\"og:url\" content=\"https:\/\/elpatronvintage.com\/fr\/produit\/vestes-de-marque-2\/\" \/>\n<meta property=\"og:site_name\" content=\"elpatronvintage.com\" \/>\n<meta property=\"article:modified_time\" content=\"2026-02-28T13:16:33+00:00\" \/>\n<meta property=\"og:image\" content=\"https:\/\/elpatronvintage.com\/wp-content\/uploads\/2023\/06\/1-38.webp\" \/>\n\t<meta property=\"og:image:width\" content=\"977\" \/>\n\t<meta property=\"og:image:height\" content=\"1260\" \/>\n\t<meta property=\"og:image:type\" content=\"image\/webp\" \/>\n<meta name=\"twitter:card\" content=\"summary_large_image\" \/>\n<meta name=\"twitter:label1\" content=\"Dur\u00e9e de lecture estim\u00e9e\" \/>\n\t<meta name=\"twitter:data1\" content=\"1 minute\" \/>\n<script type=\"application\/ld+json\" class=\"yoast-schema-graph\">{\"@context\":\"https:\/\/schema.org\",\"@graph\":[{\"@type\":\"WebPage\",\"@id\":\"https:\/\/elpatronvintage.com\/it\/prodotto\/giacche-di-marca-2\/\",\"url\":\"https:\/\/elpatronvintage.com\/it\/prodotto\/giacche-di-marca-2\/\",\"name\":\"Chaquetas de Marca - elpatronvintage.com\",\"isPartOf\":{\"@id\":\"http:\/\/elpatronvintage.com\/#website\"},\"primaryImageOfPage\":{\"@id\":\"https:\/\/elpatronvintage.com\/it\/prodotto\/giacche-di-marca-2\/#primaryimage\"},\"image\":{\"@id\":\"https:\/\/elpatronvintage.com\/it\/prodotto\/giacche-di-marca-2\/#primaryimage\"},\"thumbnailUrl\":\"https:\/\/elpatronvintage.com\/wp-content\/uploads\/2023\/06\/1-38.webp\",\"datePublished\":\"2023-06-30T11:08:15+00:00\",\"dateModified\":\"2026-02-28T13:16:33+00:00\",\"breadcrumb\":{\"@id\":\"https:\/\/elpatronvintage.com\/it\/prodotto\/giacche-di-marca-2\/#breadcrumb\"},\"inLanguage\":\"fr-FR\",\"potentialAction\":[{\"@type\":\"ReadAction\",\"target\":[\"https:\/\/elpatronvintage.com\/it\/prodotto\/giacche-di-marca-2\/\"]}]},{\"@type\":\"ImageObject\",\"inLanguage\":\"fr-FR\",\"@id\":\"https:\/\/elpatronvintage.com\/it\/prodotto\/giacche-di-marca-2\/#primaryimage\",\"url\":\"https:\/\/elpatronvintage.com\/wp-content\/uploads\/2023\/06\/1-38.webp\",\"contentUrl\":\"https:\/\/elpatronvintage.com\/wp-content\/uploads\/2023\/06\/1-38.webp\",\"width\":977,\"height\":1260},{\"@type\":\"BreadcrumbList\",\"@id\":\"https:\/\/elpatronvintage.com\/it\/prodotto\/giacche-di-marca-2\/#breadcrumb\",\"itemListElement\":[{\"@type\":\"ListItem\",\"position\":1,\"name\":\"Portada\",\"item\":\"http:\/\/elpatronvintage.com\/\"},{\"@type\":\"ListItem\",\"position\":2,\"name\":\"Lote de Ropa Vintage\",\"item\":\"http:\/\/elpatronvintage.com\/shop\/\"},{\"@type\":\"ListItem\",\"position\":3,\"name\":\"Chaquetas de Marca\"}]},{\"@type\":\"WebSite\",\"@id\":\"http:\/\/elpatronvintage.com\/#website\",\"url\":\"http:\/\/elpatronvintage.com\/\",\"name\":\"EL PATR\u00d3N VINTAGE WHOLESALE | Proveedores de ropa vintage\",\"description\":\"El Patr\u00f3n Vintage CLOTHING WHOLESALE\",\"publisher\":{\"@id\":\"http:\/\/elpatronvintage.com\/#organization\"},\"alternateName\":\"Ropa Vintage al Por Mayor\",\"potentialAction\":[{\"@type\":\"SearchAction\",\"target\":{\"@type\":\"EntryPoint\",\"urlTemplate\":\"http:\/\/elpatronvintage.com\/?s={search_term_string}\"},\"query-input\":{\"@type\":\"PropertyValueSpecification\",\"valueRequired\":true,\"valueName\":\"search_term_string\"}}],\"inLanguage\":\"fr-FR\"},{\"@type\":\"Organization\",\"@id\":\"http:\/\/elpatronvintage.com\/#organization\",\"name\":\"EL PATR\u00d3N VINTAGE WHOLESALE | Proveedores de ropa vintage\",\"url\":\"http:\/\/elpatronvintage.com\/\",\"logo\":{\"@type\":\"ImageObject\",\"inLanguage\":\"fr-FR\",\"@id\":\"http:\/\/elpatronvintage.com\/#\/schema\/logo\/image\/\",\"url\":\"https:\/\/elpatronvintage.com\/wp-content\/uploads\/2023\/01\/logo-web.webp\",\"contentUrl\":\"https:\/\/elpatronvintage.com\/wp-content\/uploads\/2023\/01\/logo-web.webp\",\"width\":961,\"height\":598,\"caption\":\"EL PATR\u00d3N VINTAGE WHOLESALE | Proveedores de ropa vintage\"},\"image\":{\"@id\":\"http:\/\/elpatronvintage.com\/#\/schema\/logo\/image\/\"}}]}<\/script>\n<!-- \/ Yoast SEO plugin. -->","yoast_head_json":{"title":"Vestes de marque - elpatronvintage.com","robots":{"index":"index","follow":"follow","max-snippet":"max-snippet:-1","max-image-preview":"max-image-preview:large","max-video-preview":"max-video-preview:-1"},"canonical":"https:\/\/elpatronvintage.com\/fr\/produit\/vestes-de-marque-2\/","og_locale":"fr_FR","og_type":"article","og_title":"Chaquetas de Marca - elpatronvintage.com","og_description":"Chaquetas Gruesas Marca de Invierno  Chaquetas gruesas de invierno de marcas premium, seleccionadas cuidadosamente en estilos que van desde los a\u00f1os 90 hasta la actualidad.Prendas de alta calidad, desde modelos deportivos hasta modelos de marcas de alta costura, ideales para tiendas que buscan ofrecer productos rentables, exclusivos y con una imagen cuidada. Chaquetas harrington, blazers, acolchadas, gabardina, chalecos etc. Una\u00a0gran variedad de estilos\u00a0para adaptarse a todos los gustos y necesidades.  Marcas destacadas: Nike, Ralph Lauren, Tommy Hilfiger, Reebok, Calvin Klein, La Coste, The North Face, Adidas, Kappa, Polo Ralph Lauren, Champion, Puma, Ellesse, y muchas m\u00e1s.  Tallas: de XS a XXL  Reventa: 30-80\u20ac por unidad.  CALIDAD A.\u00a0  PEDIDO MINIMO - 10 PIEZAS  ENV\u00cdOS GRATIS 24\/48H EN TODA ESPA\u00d1A  ENV\u00cdOS 48\/72H EN TODA EUROPA","og_url":"https:\/\/elpatronvintage.com\/fr\/produit\/vestes-de-marque-2\/","og_site_name":"elpatronvintage.com","article_modified_time":"2026-02-28T13:16:33+00:00","og_image":[{"width":977,"height":1260,"url":"https:\/\/elpatronvintage.com\/wp-content\/uploads\/2023\/06\/1-38.webp","type":"image\/webp"}],"twitter_card":"summary_large_image","twitter_misc":{"Dur\u00e9e de lecture estim\u00e9e":"1 minute"},"schema":{"@context":"https:\/\/schema.org","@graph":[{"@type":"WebPage","@id":"https:\/\/elpatronvintage.com\/it\/prodotto\/giacche-di-marca-2\/","url":"https:\/\/elpatronvintage.com\/it\/prodotto\/giacche-di-marca-2\/","name":"Vestes de marque - elpatronvintage.com","isPartOf":{"@id":"http:\/\/elpatronvintage.com\/#website"},"primaryImageOfPage":{"@id":"https:\/\/elpatronvintage.com\/it\/prodotto\/giacche-di-marca-2\/#primaryimage"},"image":{"@id":"https:\/\/elpatronvintage.com\/it\/prodotto\/giacche-di-marca-2\/#primaryimage"},"thumbnailUrl":"https:\/\/elpatronvintage.com\/wp-content\/uploads\/2023\/06\/1-38.webp","datePublished":"2023-06-30T11:08:15+00:00","dateModified":"2026-02-28T13:16:33+00:00","breadcrumb":{"@id":"https:\/\/elpatronvintage.com\/it\/prodotto\/giacche-di-marca-2\/#breadcrumb"},"inLanguage":"fr-FR","potentialAction":[{"@type":"ReadAction","target":["https:\/\/elpatronvintage.com\/it\/prodotto\/giacche-di-marca-2\/"]}]},{"@type":"ImageObject","inLanguage":"fr-FR","@id":"https:\/\/elpatronvintage.com\/it\/prodotto\/giacche-di-marca-2\/#primaryimage","url":"https:\/\/elpatronvintage.com\/wp-content\/uploads\/2023\/06\/1-38.webp","contentUrl":"https:\/\/elpatronvintage.com\/wp-content\/uploads\/2023\/06\/1-38.webp","width":977,"height":1260},{"@type":"BreadcrumbList","@id":"https:\/\/elpatronvintage.com\/it\/prodotto\/giacche-di-marca-2\/#breadcrumb","itemListElement":[{"@type":"ListItem","position":1,"name":"Portada","item":"http:\/\/elpatronvintage.com\/"},{"@type":"ListItem","position":2,"name":"Lote de Ropa Vintage","item":"http:\/\/elpatronvintage.com\/shop\/"},{"@type":"ListItem","position":3,"name":"Chaquetas de Marca"}]},{"@type":"WebSite","@id":"http:\/\/elpatronvintage.com\/#website","url":"http:\/\/elpatronvintage.com\/","name":"THE WHOLESALE VINTAGE PATTERN | Fournisseurs de v\u00eatements vintage","description":"Le patron vintage de CLOTHING WHOLESALE","publisher":{"@id":"http:\/\/elpatronvintage.com\/#organization"},"alternateName":"Ropa Vintage al Por Mayor","potentialAction":[{"@type":"SearchAction","target":{"@type":"EntryPoint","urlTemplate":"http:\/\/elpatronvintage.com\/?s={search_term_string}"},"query-input":{"@type":"PropertyValueSpecification","valueRequired":true,"valueName":"search_term_string"}}],"inLanguage":"fr-FR"},{"@type":"Organization","@id":"http:\/\/elpatronvintage.com\/#organization","name":"THE WHOLESALE VINTAGE PATTERN | Fournisseurs de v\u00eatements vintage","url":"http:\/\/elpatronvintage.com\/","logo":{"@type":"ImageObject","inLanguage":"fr-FR","@id":"http:\/\/elpatronvintage.com\/#\/schema\/logo\/image\/","url":"https:\/\/elpatronvintage.com\/wp-content\/uploads\/2023\/01\/logo-web.webp","contentUrl":"https:\/\/elpatronvintage.com\/wp-content\/uploads\/2023\/01\/logo-web.webp","width":961,"height":598,"caption":"EL PATR\u00d3N VINTAGE WHOLESALE | Proveedores de ropa vintage"},"image":{"@id":"http:\/\/elpatronvintage.com\/#\/schema\/logo\/image\/"}}]}},"_links":{"self":[{"href":"https:\/\/elpatronvintage.com\/fr\/wp-json\/wp\/v2\/product\/4357","targetHints":{"allow":["GET"]}}],"collection":[{"href":"https:\/\/elpatronvintage.com\/fr\/wp-json\/wp\/v2\/product"}],"about":[{"href":"https:\/\/elpatronvintage.com\/fr\/wp-json\/wp\/v2\/types\/product"}],"replies":[{"embeddable":true,"href":"https:\/\/elpatronvintage.com\/fr\/wp-json\/wp\/v2\/comments?post=4357"}],"version-history":[{"count":6,"href":"https:\/\/elpatronvintage.com\/fr\/wp-json\/wp\/v2\/product\/4357\/revisions"}],"predecessor-version":[{"id":13670,"href":"https:\/\/elpatronvintage.com\/fr\/wp-json\/wp\/v2\/product\/4357\/revisions\/13670"}],"wp:featuredmedia":[{"embeddable":true,"href":"https:\/\/elpatronvintage.com\/fr\/wp-json\/wp\/v2\/media\/13729"}],"wp:attachment":[{"href":"https:\/\/elpatronvintage.com\/fr\/wp-json\/wp\/v2\/media?parent=4357"}],"wp:term":[{"taxonomy":"product_brand","embeddable":true,"href":"https:\/\/elpatronvintage.com\/fr\/wp-json\/wp\/v2\/product_brand?post=4357"},{"taxonomy":"product_cat","embeddable":true,"href":"https:\/\/elpatronvintage.com\/fr\/wp-json\/wp\/v2\/product_cat?post=4357"},{"taxonomy":"product_tag","embeddable":true,"href":"https:\/\/elpatronvintage.com\/fr\/wp-json\/wp\/v2\/product_tag?post=4357"}],"curies":[{"name":"wp","href":"https:\/\/api.w.org\/{rel}","templated":true}]}}