{"id":4343,"date":"2023-06-30T12:59:37","date_gmt":"2023-06-30T10:59:37","guid":{"rendered":"https:\/\/elpatronvintage.com\/?post_type=product&#038;p=4343"},"modified":"2025-09-24T09:33:17","modified_gmt":"2025-09-24T07:33:17","slug":"vestes-matelassees-crazy","status":"publish","type":"product","link":"https:\/\/elpatronvintage.com\/fr\/produit\/vestes-matelassees-crazy\/","title":{"rendered":"Vestes folles et \u00e9paisses"},"content":{"rendered":"","protected":false},"excerpt":{"rendered":"<p><strong>Vestes \u00e9paisses de style \"Bellaire\" et \"Crazy<\/strong><\/p>\n<p>Dans cette cat\u00e9gorie, vous trouverez\u00a0<strong>vestes \u00e9paisses \"Crazy<\/strong>\u00a0style\u00a0<strong>\"Bellaire<\/strong>\u00a0des ann\u00e9es\u00a0<strong>80<\/strong>\u00a0y\u00a0<strong>90<\/strong>. Ces pi\u00e8ces uniques se distinguent par leur\u00a0<strong>Couleurs vives<\/strong>,\u00a0<strong>combinaisons de motifs<\/strong>\u00a0y\u00a0<strong>broderie attrayante<\/strong>tout en mat\u00e9riaux constitu\u00e9s de\u00a0<strong>haute qualit\u00e9<\/strong>. Des v\u00eatements parfaits pour les boutiques qui s'engagent \u00e0 proposer des v\u00eatements vintage authentiques, avec de la personnalit\u00e9 et un excellent point de vente en magasin et en ligne.<\/p>\n<p><strong>Marques<\/strong>: Vintage (Assorted)<\/p>\n<p><strong>Tailles :<\/strong> XS \u00e0 XXL (Assortis)<\/p>\n<p><strong>Revente : 25-100\u20ac par unit\u00e9.<\/strong><\/p>\n<p><strong>QUALIT\u00c9 A.<\/strong><\/p>\n<p><strong>COMMANDE MINIMALE - 10 PI\u00c8CES<\/strong><\/p>\n<p><strong>LIVRAISON GRATUITE 24\/48H DANS TOUTE L'ESPAGNE<\/strong><\/p>\n<p><strong>EXP\u00c9DITION EN 48\/72H DANS TOUTE L'EUROPE<\/strong><\/p>","protected":false},"featured_media":4345,"comment_status":"open","ping_status":"closed","template":"","meta":[],"product_brand":[],"product_cat":[214,222,16],"product_tag":[],"class_list":{"0":"post-4343","1":"product","2":"type-product","3":"status-publish","4":"has-post-thumbnail","6":"product_cat-jackets","7":"product_cat-retro","8":"product_cat-allproducts","10":"first","11":"instock","12":"sale","13":"taxable","14":"shipping-taxable","15":"purchasable","16":"product-type-simple"},"yoast_head":"<!-- This site is optimized with the Yoast SEO plugin v26.8 - https:\/\/yoast.com\/product\/yoast-seo-wordpress\/ -->\n<title>Chaquetas Crazy Gruesas - elpatronvintage.com<\/title>\n<meta name=\"robots\" content=\"index, follow, max-snippet:-1, max-image-preview:large, max-video-preview:-1\" \/>\n<link rel=\"canonical\" href=\"http:\/\/elpatronvintage.com\/fr\/produit\/vestes-matelassees-crazy\/\" \/>\n<meta property=\"og:locale\" content=\"fr_FR\" \/>\n<meta property=\"og:type\" content=\"article\" \/>\n<meta property=\"og:title\" content=\"Chaquetas Crazy Gruesas - elpatronvintage.com\" \/>\n<meta property=\"og:description\" content=\"Chaquetas &quot;Crazy&quot; Gruesas Estilo &quot;Bellaire&quot;  En esta categor\u00eda encontrar\u00e1s las\u00a0chaquetas &quot;Crazy&quot; gruesas\u00a0estilo\u00a0&quot;Bellaire&quot;\u00a0de los a\u00f1os\u00a080\u00a0y\u00a090. Estas piezas \u00fanicas destacan por sus\u00a0colores vibrantes,\u00a0combinaciones de patrones\u00a0y\u00a0bordados llamativos, todo ello en materiales de\u00a0alta calidad. Prendas perfectas para tiendas que apuestan por ropa vintage aut\u00e9ntica, con personalidad y gran salida en venta presencial y online.  Marcas: Vintage (Variadas)  Tallas: XS a XXL (Variadas)  Reventa: 25-100\u20ac por unidad.  CALIDAD A.  PEDIDO MINIMO - 10 PIEZAS  ENV\u00cdOS GRATIS 24\/48H EN TODA ESPA\u00d1A  ENV\u00cdOS 48\/72H EN TODA EUROPA\" \/>\n<meta property=\"og:url\" content=\"http:\/\/elpatronvintage.com\/fr\/produit\/vestes-matelassees-crazy\/\" \/>\n<meta property=\"og:site_name\" content=\"elpatronvintage.com\" \/>\n<meta property=\"article:modified_time\" content=\"2025-09-24T07:33:17+00:00\" \/>\n<meta property=\"og:image\" content=\"http:\/\/elpatronvintage.com\/wp-content\/uploads\/2023\/06\/1-23.webp\" \/>\n\t<meta property=\"og:image:width\" content=\"977\" \/>\n\t<meta property=\"og:image:height\" content=\"1260\" \/>\n\t<meta property=\"og:image:type\" content=\"image\/webp\" \/>\n<meta name=\"twitter:card\" content=\"summary_large_image\" \/>\n<meta name=\"twitter:label1\" content=\"Dur\u00e9e de lecture estim\u00e9e\" \/>\n\t<meta name=\"twitter:data1\" content=\"1 minute\" \/>\n<script type=\"application\/ld+json\" class=\"yoast-schema-graph\">{\"@context\":\"https:\/\/schema.org\",\"@graph\":[{\"@type\":\"WebPage\",\"@id\":\"http:\/\/elpatronvintage.com\/it\/prodotto\/giacche-trapuntate-pazze\/\",\"url\":\"http:\/\/elpatronvintage.com\/it\/prodotto\/giacche-trapuntate-pazze\/\",\"name\":\"Chaquetas Crazy Gruesas - elpatronvintage.com\",\"isPartOf\":{\"@id\":\"https:\/\/elpatronvintage.com\/#website\"},\"primaryImageOfPage\":{\"@id\":\"http:\/\/elpatronvintage.com\/it\/prodotto\/giacche-trapuntate-pazze\/#primaryimage\"},\"image\":{\"@id\":\"http:\/\/elpatronvintage.com\/it\/prodotto\/giacche-trapuntate-pazze\/#primaryimage\"},\"thumbnailUrl\":\"https:\/\/elpatronvintage.com\/wp-content\/uploads\/2023\/06\/1-23.webp\",\"datePublished\":\"2023-06-30T10:59:37+00:00\",\"dateModified\":\"2025-09-24T07:33:17+00:00\",\"breadcrumb\":{\"@id\":\"http:\/\/elpatronvintage.com\/it\/prodotto\/giacche-trapuntate-pazze\/#breadcrumb\"},\"inLanguage\":\"fr-FR\",\"potentialAction\":[{\"@type\":\"ReadAction\",\"target\":[\"http:\/\/elpatronvintage.com\/it\/prodotto\/giacche-trapuntate-pazze\/\"]}]},{\"@type\":\"ImageObject\",\"inLanguage\":\"fr-FR\",\"@id\":\"http:\/\/elpatronvintage.com\/it\/prodotto\/giacche-trapuntate-pazze\/#primaryimage\",\"url\":\"https:\/\/elpatronvintage.com\/wp-content\/uploads\/2023\/06\/1-23.webp\",\"contentUrl\":\"https:\/\/elpatronvintage.com\/wp-content\/uploads\/2023\/06\/1-23.webp\",\"width\":977,\"height\":1260},{\"@type\":\"BreadcrumbList\",\"@id\":\"http:\/\/elpatronvintage.com\/it\/prodotto\/giacche-trapuntate-pazze\/#breadcrumb\",\"itemListElement\":[{\"@type\":\"ListItem\",\"position\":1,\"name\":\"Portada\",\"item\":\"http:\/\/elpatronvintage.com\/en\/\"},{\"@type\":\"ListItem\",\"position\":2,\"name\":\"Lote de Ropa Vintage\",\"item\":\"https:\/\/elpatronvintage.com\/shop\/\"},{\"@type\":\"ListItem\",\"position\":3,\"name\":\"Chaquetas Crazy Gruesas\"}]},{\"@type\":\"WebSite\",\"@id\":\"https:\/\/elpatronvintage.com\/#website\",\"url\":\"https:\/\/elpatronvintage.com\/\",\"name\":\"EL PATR\u00d3N VINTAGE WHOLESALE | Proveedores de ropa vintage\",\"description\":\"El Patr\u00f3n Vintage CLOTHING WHOLESALE\",\"publisher\":{\"@id\":\"https:\/\/elpatronvintage.com\/#organization\"},\"alternateName\":\"Ropa Vintage al Por Mayor\",\"potentialAction\":[{\"@type\":\"SearchAction\",\"target\":{\"@type\":\"EntryPoint\",\"urlTemplate\":\"https:\/\/elpatronvintage.com\/?s={search_term_string}\"},\"query-input\":{\"@type\":\"PropertyValueSpecification\",\"valueRequired\":true,\"valueName\":\"search_term_string\"}}],\"inLanguage\":\"fr-FR\"},{\"@type\":\"Organization\",\"@id\":\"https:\/\/elpatronvintage.com\/#organization\",\"name\":\"EL PATR\u00d3N VINTAGE WHOLESALE | Proveedores de ropa vintage\",\"url\":\"https:\/\/elpatronvintage.com\/\",\"logo\":{\"@type\":\"ImageObject\",\"inLanguage\":\"fr-FR\",\"@id\":\"https:\/\/elpatronvintage.com\/#\/schema\/logo\/image\/\",\"url\":\"https:\/\/elpatronvintage.com\/wp-content\/uploads\/2023\/01\/logo-web.webp\",\"contentUrl\":\"https:\/\/elpatronvintage.com\/wp-content\/uploads\/2023\/01\/logo-web.webp\",\"width\":961,\"height\":598,\"caption\":\"EL PATR\u00d3N VINTAGE WHOLESALE | Proveedores de ropa vintage\"},\"image\":{\"@id\":\"https:\/\/elpatronvintage.com\/#\/schema\/logo\/image\/\"}}]}<\/script>\n<!-- \/ Yoast SEO plugin. -->","yoast_head_json":{"title":"Veste \u00e9paisse - elpatronvintage.com","robots":{"index":"index","follow":"follow","max-snippet":"max-snippet:-1","max-image-preview":"max-image-preview:large","max-video-preview":"max-video-preview:-1"},"canonical":"http:\/\/elpatronvintage.com\/fr\/produit\/vestes-matelassees-crazy\/","og_locale":"fr_FR","og_type":"article","og_title":"Chaquetas Crazy Gruesas - elpatronvintage.com","og_description":"Chaquetas \"Crazy\" Gruesas Estilo \"Bellaire\"  En esta categor\u00eda encontrar\u00e1s las\u00a0chaquetas \"Crazy\" gruesas\u00a0estilo\u00a0\"Bellaire\"\u00a0de los a\u00f1os\u00a080\u00a0y\u00a090. Estas piezas \u00fanicas destacan por sus\u00a0colores vibrantes,\u00a0combinaciones de patrones\u00a0y\u00a0bordados llamativos, todo ello en materiales de\u00a0alta calidad. Prendas perfectas para tiendas que apuestan por ropa vintage aut\u00e9ntica, con personalidad y gran salida en venta presencial y online.  Marcas: Vintage (Variadas)  Tallas: XS a XXL (Variadas)  Reventa: 25-100\u20ac por unidad.  CALIDAD A.  PEDIDO MINIMO - 10 PIEZAS  ENV\u00cdOS GRATIS 24\/48H EN TODA ESPA\u00d1A  ENV\u00cdOS 48\/72H EN TODA EUROPA","og_url":"http:\/\/elpatronvintage.com\/fr\/produit\/vestes-matelassees-crazy\/","og_site_name":"elpatronvintage.com","article_modified_time":"2025-09-24T07:33:17+00:00","og_image":[{"width":977,"height":1260,"url":"http:\/\/elpatronvintage.com\/wp-content\/uploads\/2023\/06\/1-23.webp","type":"image\/webp"}],"twitter_card":"summary_large_image","twitter_misc":{"Dur\u00e9e de lecture estim\u00e9e":"1 minute"},"schema":{"@context":"https:\/\/schema.org","@graph":[{"@type":"WebPage","@id":"http:\/\/elpatronvintage.com\/it\/prodotto\/giacche-trapuntate-pazze\/","url":"http:\/\/elpatronvintage.com\/it\/prodotto\/giacche-trapuntate-pazze\/","name":"Veste \u00e9paisse - elpatronvintage.com","isPartOf":{"@id":"https:\/\/elpatronvintage.com\/#website"},"primaryImageOfPage":{"@id":"http:\/\/elpatronvintage.com\/it\/prodotto\/giacche-trapuntate-pazze\/#primaryimage"},"image":{"@id":"http:\/\/elpatronvintage.com\/it\/prodotto\/giacche-trapuntate-pazze\/#primaryimage"},"thumbnailUrl":"https:\/\/elpatronvintage.com\/wp-content\/uploads\/2023\/06\/1-23.webp","datePublished":"2023-06-30T10:59:37+00:00","dateModified":"2025-09-24T07:33:17+00:00","breadcrumb":{"@id":"http:\/\/elpatronvintage.com\/it\/prodotto\/giacche-trapuntate-pazze\/#breadcrumb"},"inLanguage":"fr-FR","potentialAction":[{"@type":"ReadAction","target":["http:\/\/elpatronvintage.com\/it\/prodotto\/giacche-trapuntate-pazze\/"]}]},{"@type":"ImageObject","inLanguage":"fr-FR","@id":"http:\/\/elpatronvintage.com\/it\/prodotto\/giacche-trapuntate-pazze\/#primaryimage","url":"https:\/\/elpatronvintage.com\/wp-content\/uploads\/2023\/06\/1-23.webp","contentUrl":"https:\/\/elpatronvintage.com\/wp-content\/uploads\/2023\/06\/1-23.webp","width":977,"height":1260},{"@type":"BreadcrumbList","@id":"http:\/\/elpatronvintage.com\/it\/prodotto\/giacche-trapuntate-pazze\/#breadcrumb","itemListElement":[{"@type":"ListItem","position":1,"name":"Portada","item":"http:\/\/elpatronvintage.com\/en\/"},{"@type":"ListItem","position":2,"name":"Lote de Ropa Vintage","item":"https:\/\/elpatronvintage.com\/shop\/"},{"@type":"ListItem","position":3,"name":"Chaquetas Crazy Gruesas"}]},{"@type":"WebSite","@id":"https:\/\/elpatronvintage.com\/#website","url":"https:\/\/elpatronvintage.com\/","name":"THE WHOLESALE VINTAGE PATTERN | Fournisseurs de v\u00eatements vintage","description":"Le patron vintage de CLOTHING WHOLESALE","publisher":{"@id":"https:\/\/elpatronvintage.com\/#organization"},"alternateName":"Ropa Vintage al Por Mayor","potentialAction":[{"@type":"SearchAction","target":{"@type":"EntryPoint","urlTemplate":"https:\/\/elpatronvintage.com\/?s={search_term_string}"},"query-input":{"@type":"PropertyValueSpecification","valueRequired":true,"valueName":"search_term_string"}}],"inLanguage":"fr-FR"},{"@type":"Organization","@id":"https:\/\/elpatronvintage.com\/#organization","name":"THE WHOLESALE VINTAGE PATTERN | Fournisseurs de v\u00eatements vintage","url":"https:\/\/elpatronvintage.com\/","logo":{"@type":"ImageObject","inLanguage":"fr-FR","@id":"https:\/\/elpatronvintage.com\/#\/schema\/logo\/image\/","url":"https:\/\/elpatronvintage.com\/wp-content\/uploads\/2023\/01\/logo-web.webp","contentUrl":"https:\/\/elpatronvintage.com\/wp-content\/uploads\/2023\/01\/logo-web.webp","width":961,"height":598,"caption":"EL PATR\u00d3N VINTAGE WHOLESALE | Proveedores de ropa vintage"},"image":{"@id":"https:\/\/elpatronvintage.com\/#\/schema\/logo\/image\/"}}]}},"_links":{"self":[{"href":"https:\/\/elpatronvintage.com\/fr\/wp-json\/wp\/v2\/product\/4343","targetHints":{"allow":["GET"]}}],"collection":[{"href":"https:\/\/elpatronvintage.com\/fr\/wp-json\/wp\/v2\/product"}],"about":[{"href":"https:\/\/elpatronvintage.com\/fr\/wp-json\/wp\/v2\/types\/product"}],"replies":[{"embeddable":true,"href":"https:\/\/elpatronvintage.com\/fr\/wp-json\/wp\/v2\/comments?post=4343"}],"version-history":[{"count":6,"href":"https:\/\/elpatronvintage.com\/fr\/wp-json\/wp\/v2\/product\/4343\/revisions"}],"predecessor-version":[{"id":13540,"href":"https:\/\/elpatronvintage.com\/fr\/wp-json\/wp\/v2\/product\/4343\/revisions\/13540"}],"wp:featuredmedia":[{"embeddable":true,"href":"https:\/\/elpatronvintage.com\/fr\/wp-json\/wp\/v2\/media\/4345"}],"wp:attachment":[{"href":"https:\/\/elpatronvintage.com\/fr\/wp-json\/wp\/v2\/media?parent=4343"}],"wp:term":[{"taxonomy":"product_brand","embeddable":true,"href":"https:\/\/elpatronvintage.com\/fr\/wp-json\/wp\/v2\/product_brand?post=4343"},{"taxonomy":"product_cat","embeddable":true,"href":"https:\/\/elpatronvintage.com\/fr\/wp-json\/wp\/v2\/product_cat?post=4343"},{"taxonomy":"product_tag","embeddable":true,"href":"https:\/\/elpatronvintage.com\/fr\/wp-json\/wp\/v2\/product_tag?post=4343"}],"curies":[{"name":"wp","href":"https:\/\/api.w.org\/{rel}","templated":true}]}}