{"id":4202,"date":"2023-06-28T13:01:25","date_gmt":"2023-06-28T11:01:25","guid":{"rendered":"https:\/\/elpatronvintage.com\/?post_type=product&#038;p=4202"},"modified":"2026-03-24T15:12:23","modified_gmt":"2026-03-24T13:12:23","slug":"polos-de-marque","status":"publish","type":"product","link":"https:\/\/elpatronvintage.com\/fr\/produit\/polos-de-marque\/","title":{"rendered":"Polos de marque"},"content":{"rendered":"","protected":false},"excerpt":{"rendered":"<p><strong>Polos de marque de premi\u00e8re qualit\u00e9<\/strong><\/p>\n<p>D\u00e9couvrez notre s\u00e9lection de <strong>polos vintage de marques connues<\/strong>Un choix id\u00e9al pour ajouter une touche de luxe \u00e0 votre boutique ou pour la revente. Nous proposons une vari\u00e9t\u00e9 de mod\u00e8les, notamment <strong>grand logo<\/strong>,\u00a0<strong>style rugby<\/strong>,\u00a0<strong>empreintes<\/strong>\u00a0y\u00a0<strong>broderie<\/strong>disponibles dans une gamme de couleurs et de styles pour tous les go\u00fbts. Des v\u00eatements haut de gamme, pr\u00eats \u00e0 \u00eatre commercialis\u00e9s, parfaits pour les magasins qui cherchent \u00e0 se d\u00e9marquer avec des produits de qualit\u00e9 et un style raffin\u00e9.<\/p>\n<p><strong>Marques en vedette<\/strong>Ralph Lauren, Tommy Hilfiger, Hugo Boss, Lacoste, Burberry, entre autres.<\/p>\n<p><strong>Tailles :<\/strong> XS \u00e0 XXL (Assortis)<\/p>\n<p><strong>Revente : 15\u20ac-40\u20ac par unit\u00e9.<\/strong><\/p>\n<p><strong>QUALIT\u00c9 A.\u00a0<\/strong><\/p>\n<p><strong>COMMANDE MINIMALE - 10 PI\u00c8CES<\/strong><\/p>\n<p>*LES PHOTOS SONT UN EXEMPLE DU PRODUIT FINAL.<\/p>\n<p><strong>LIVRAISON GRATUITE 24\/48H DANS TOUTE L'ESPAGNE.<\/strong><\/p>\n<p><strong>EXP\u00c9DITION EN 48\/72H DANS TOUTE L'EUROPE<\/strong><\/p>","protected":false},"featured_media":4305,"comment_status":"open","ping_status":"closed","template":"","meta":[],"product_brand":[],"product_cat":[244,219,240,29,221,16],"product_tag":[],"class_list":{"0":"post-4202","1":"product","2":"type-product","3":"status-publish","4":"has-post-thumbnail","6":"product_cat-endofseason-sales","7":"product_cat-offer","8":"product_cat-ofertas-verano","9":"product_cat-polo","10":"product_cat-marcas","11":"product_cat-allproducts","13":"first","14":"instock","15":"sale","16":"taxable","17":"shipping-taxable","18":"purchasable","19":"product-type-simple"},"yoast_head":"<!-- This site is optimized with the Yoast SEO plugin v26.8 - https:\/\/yoast.com\/product\/yoast-seo-wordpress\/ -->\n<title>Polos de Marca - elpatronvintage.com<\/title>\n<meta name=\"robots\" content=\"index, follow, max-snippet:-1, max-image-preview:large, max-video-preview:-1\" \/>\n<link rel=\"canonical\" href=\"https:\/\/elpatronvintage.com\/fr\/produit\/polos-de-marque\/\" \/>\n<meta property=\"og:locale\" content=\"fr_FR\" \/>\n<meta property=\"og:type\" content=\"article\" \/>\n<meta property=\"og:title\" content=\"Polos de Marca - elpatronvintage.com\" \/>\n<meta property=\"og:description\" content=\"Polos de Marcas Premium  Descubre nuestra selecci\u00f3n de polos vintage de marcas reconocidas, una opci\u00f3n ideal para a\u00f1adir un toque de lujo a tu tienda o para revender. Ofrecemos una variedad de dise\u00f1os que incluyen big logo,\u00a0estilo rugby,\u00a0estampados\u00a0y\u00a0bordados, disponibles en diferentes colores y estilos que se adaptan a todos los gustos. Ropa de categor\u00eda superior, lista para comercializar, perfecta para tiendas que buscan destacar con productos de calidad y estilo refinado.  Marcas destacadas: Ralph Lauren, Tommy Hilfiger, Hugo Boss, Lacoste, Burberry, entre otras.  Tallas: XS a XXL (Variadas)  Reventa: 15\u20ac-40\u20ac por unidad.  CALIDAD A.\u00a0  PEDIDO MINIMO - 10 PIEZAS  *LAS FOTOS SON UN EJEMPLO DEL PRODUCTO FINAL*  ENV\u00cdOS GRATIS 24\/48H EN TODA ESPA\u00d1A.  ENV\u00cdOS 48\/72H EN TODA EUROPA\" \/>\n<meta property=\"og:url\" content=\"https:\/\/elpatronvintage.com\/fr\/produit\/polos-de-marque\/\" \/>\n<meta property=\"og:site_name\" content=\"elpatronvintage.com\" \/>\n<meta property=\"article:modified_time\" content=\"2026-03-24T13:12:23+00:00\" \/>\n<meta property=\"og:image\" content=\"https:\/\/elpatronvintage.com\/wp-content\/uploads\/2023\/06\/1-14.webp\" \/>\n\t<meta property=\"og:image:width\" content=\"977\" \/>\n\t<meta property=\"og:image:height\" content=\"1260\" \/>\n\t<meta property=\"og:image:type\" content=\"image\/webp\" \/>\n<meta name=\"twitter:card\" content=\"summary_large_image\" \/>\n<meta name=\"twitter:label1\" content=\"Dur\u00e9e de lecture estim\u00e9e\" \/>\n\t<meta name=\"twitter:data1\" content=\"1 minute\" \/>\n<script type=\"application\/ld+json\" class=\"yoast-schema-graph\">{\"@context\":\"https:\/\/schema.org\",\"@graph\":[{\"@type\":\"WebPage\",\"@id\":\"https:\/\/elpatronvintage.com\/it\/prodotto\/polo-di-marca\/\",\"url\":\"https:\/\/elpatronvintage.com\/it\/prodotto\/polo-di-marca\/\",\"name\":\"Polos de Marca - elpatronvintage.com\",\"isPartOf\":{\"@id\":\"http:\/\/elpatronvintage.com\/en\/#website\"},\"primaryImageOfPage\":{\"@id\":\"https:\/\/elpatronvintage.com\/it\/prodotto\/polo-di-marca\/#primaryimage\"},\"image\":{\"@id\":\"https:\/\/elpatronvintage.com\/it\/prodotto\/polo-di-marca\/#primaryimage\"},\"thumbnailUrl\":\"https:\/\/elpatronvintage.com\/wp-content\/uploads\/2023\/06\/1-14.webp\",\"datePublished\":\"2023-06-28T11:01:25+00:00\",\"dateModified\":\"2026-03-24T13:12:23+00:00\",\"breadcrumb\":{\"@id\":\"https:\/\/elpatronvintage.com\/it\/prodotto\/polo-di-marca\/#breadcrumb\"},\"inLanguage\":\"fr-FR\",\"potentialAction\":[{\"@type\":\"ReadAction\",\"target\":[\"https:\/\/elpatronvintage.com\/it\/prodotto\/polo-di-marca\/\"]}]},{\"@type\":\"ImageObject\",\"inLanguage\":\"fr-FR\",\"@id\":\"https:\/\/elpatronvintage.com\/it\/prodotto\/polo-di-marca\/#primaryimage\",\"url\":\"https:\/\/elpatronvintage.com\/wp-content\/uploads\/2023\/06\/1-14.webp\",\"contentUrl\":\"https:\/\/elpatronvintage.com\/wp-content\/uploads\/2023\/06\/1-14.webp\",\"width\":977,\"height\":1260},{\"@type\":\"BreadcrumbList\",\"@id\":\"https:\/\/elpatronvintage.com\/it\/prodotto\/polo-di-marca\/#breadcrumb\",\"itemListElement\":[{\"@type\":\"ListItem\",\"position\":1,\"name\":\"Portada\",\"item\":\"http:\/\/elpatronvintage.com\/en\/\"},{\"@type\":\"ListItem\",\"position\":2,\"name\":\"Lote de Ropa Vintage\",\"item\":\"http:\/\/elpatronvintage.com\/en\/shop\/\"},{\"@type\":\"ListItem\",\"position\":3,\"name\":\"Polos de Marca\"}]},{\"@type\":\"WebSite\",\"@id\":\"http:\/\/elpatronvintage.com\/en\/#website\",\"url\":\"http:\/\/elpatronvintage.com\/en\/\",\"name\":\"EL PATR\u00d3N VINTAGE WHOLESALE | Proveedores de ropa vintage\",\"description\":\"El Patr\u00f3n Vintage CLOTHING WHOLESALE\",\"publisher\":{\"@id\":\"http:\/\/elpatronvintage.com\/en\/#organization\"},\"alternateName\":\"Ropa Vintage al Por Mayor\",\"potentialAction\":[{\"@type\":\"SearchAction\",\"target\":{\"@type\":\"EntryPoint\",\"urlTemplate\":\"http:\/\/elpatronvintage.com\/en\/?s={search_term_string}\"},\"query-input\":{\"@type\":\"PropertyValueSpecification\",\"valueRequired\":true,\"valueName\":\"search_term_string\"}}],\"inLanguage\":\"fr-FR\"},{\"@type\":\"Organization\",\"@id\":\"http:\/\/elpatronvintage.com\/en\/#organization\",\"name\":\"EL PATR\u00d3N VINTAGE WHOLESALE | Proveedores de ropa vintage\",\"url\":\"http:\/\/elpatronvintage.com\/en\/\",\"logo\":{\"@type\":\"ImageObject\",\"inLanguage\":\"fr-FR\",\"@id\":\"http:\/\/elpatronvintage.com\/en\/#\/schema\/logo\/image\/\",\"url\":\"https:\/\/elpatronvintage.com\/wp-content\/uploads\/2023\/01\/logo-web.webp\",\"contentUrl\":\"https:\/\/elpatronvintage.com\/wp-content\/uploads\/2023\/01\/logo-web.webp\",\"width\":961,\"height\":598,\"caption\":\"EL PATR\u00d3N VINTAGE WHOLESALE | Proveedores de ropa vintage\"},\"image\":{\"@id\":\"http:\/\/elpatronvintage.com\/en\/#\/schema\/logo\/image\/\"}}]}<\/script>\n<!-- \/ Yoast SEO plugin. -->","yoast_head_json":{"title":"Polo de marque - elpatronvintage.com","robots":{"index":"index","follow":"follow","max-snippet":"max-snippet:-1","max-image-preview":"max-image-preview:large","max-video-preview":"max-video-preview:-1"},"canonical":"https:\/\/elpatronvintage.com\/fr\/produit\/polos-de-marque\/","og_locale":"fr_FR","og_type":"article","og_title":"Polos de Marca - elpatronvintage.com","og_description":"Polos de Marcas Premium  Descubre nuestra selecci\u00f3n de polos vintage de marcas reconocidas, una opci\u00f3n ideal para a\u00f1adir un toque de lujo a tu tienda o para revender. Ofrecemos una variedad de dise\u00f1os que incluyen big logo,\u00a0estilo rugby,\u00a0estampados\u00a0y\u00a0bordados, disponibles en diferentes colores y estilos que se adaptan a todos los gustos. Ropa de categor\u00eda superior, lista para comercializar, perfecta para tiendas que buscan destacar con productos de calidad y estilo refinado.  Marcas destacadas: Ralph Lauren, Tommy Hilfiger, Hugo Boss, Lacoste, Burberry, entre otras.  Tallas: XS a XXL (Variadas)  Reventa: 15\u20ac-40\u20ac por unidad.  CALIDAD A.\u00a0  PEDIDO MINIMO - 10 PIEZAS  *LAS FOTOS SON UN EJEMPLO DEL PRODUCTO FINAL*  ENV\u00cdOS GRATIS 24\/48H EN TODA ESPA\u00d1A.  ENV\u00cdOS 48\/72H EN TODA EUROPA","og_url":"https:\/\/elpatronvintage.com\/fr\/produit\/polos-de-marque\/","og_site_name":"elpatronvintage.com","article_modified_time":"2026-03-24T13:12:23+00:00","og_image":[{"width":977,"height":1260,"url":"https:\/\/elpatronvintage.com\/wp-content\/uploads\/2023\/06\/1-14.webp","type":"image\/webp"}],"twitter_card":"summary_large_image","twitter_misc":{"Dur\u00e9e de lecture estim\u00e9e":"1 minute"},"schema":{"@context":"https:\/\/schema.org","@graph":[{"@type":"WebPage","@id":"https:\/\/elpatronvintage.com\/it\/prodotto\/polo-di-marca\/","url":"https:\/\/elpatronvintage.com\/it\/prodotto\/polo-di-marca\/","name":"Polo de marque - elpatronvintage.com","isPartOf":{"@id":"http:\/\/elpatronvintage.com\/en\/#website"},"primaryImageOfPage":{"@id":"https:\/\/elpatronvintage.com\/it\/prodotto\/polo-di-marca\/#primaryimage"},"image":{"@id":"https:\/\/elpatronvintage.com\/it\/prodotto\/polo-di-marca\/#primaryimage"},"thumbnailUrl":"https:\/\/elpatronvintage.com\/wp-content\/uploads\/2023\/06\/1-14.webp","datePublished":"2023-06-28T11:01:25+00:00","dateModified":"2026-03-24T13:12:23+00:00","breadcrumb":{"@id":"https:\/\/elpatronvintage.com\/it\/prodotto\/polo-di-marca\/#breadcrumb"},"inLanguage":"fr-FR","potentialAction":[{"@type":"ReadAction","target":["https:\/\/elpatronvintage.com\/it\/prodotto\/polo-di-marca\/"]}]},{"@type":"ImageObject","inLanguage":"fr-FR","@id":"https:\/\/elpatronvintage.com\/it\/prodotto\/polo-di-marca\/#primaryimage","url":"https:\/\/elpatronvintage.com\/wp-content\/uploads\/2023\/06\/1-14.webp","contentUrl":"https:\/\/elpatronvintage.com\/wp-content\/uploads\/2023\/06\/1-14.webp","width":977,"height":1260},{"@type":"BreadcrumbList","@id":"https:\/\/elpatronvintage.com\/it\/prodotto\/polo-di-marca\/#breadcrumb","itemListElement":[{"@type":"ListItem","position":1,"name":"Portada","item":"http:\/\/elpatronvintage.com\/en\/"},{"@type":"ListItem","position":2,"name":"Lote de Ropa Vintage","item":"http:\/\/elpatronvintage.com\/en\/shop\/"},{"@type":"ListItem","position":3,"name":"Polos de Marca"}]},{"@type":"WebSite","@id":"http:\/\/elpatronvintage.com\/en\/#website","url":"http:\/\/elpatronvintage.com\/en\/","name":"THE WHOLESALE VINTAGE PATTERN | Fournisseurs de v\u00eatements vintage","description":"Le patron vintage de CLOTHING WHOLESALE","publisher":{"@id":"http:\/\/elpatronvintage.com\/en\/#organization"},"alternateName":"Ropa Vintage al Por Mayor","potentialAction":[{"@type":"SearchAction","target":{"@type":"EntryPoint","urlTemplate":"http:\/\/elpatronvintage.com\/en\/?s={search_term_string}"},"query-input":{"@type":"PropertyValueSpecification","valueRequired":true,"valueName":"search_term_string"}}],"inLanguage":"fr-FR"},{"@type":"Organization","@id":"http:\/\/elpatronvintage.com\/en\/#organization","name":"THE WHOLESALE VINTAGE PATTERN | Fournisseurs de v\u00eatements vintage","url":"http:\/\/elpatronvintage.com\/en\/","logo":{"@type":"ImageObject","inLanguage":"fr-FR","@id":"http:\/\/elpatronvintage.com\/en\/#\/schema\/logo\/image\/","url":"https:\/\/elpatronvintage.com\/wp-content\/uploads\/2023\/01\/logo-web.webp","contentUrl":"https:\/\/elpatronvintage.com\/wp-content\/uploads\/2023\/01\/logo-web.webp","width":961,"height":598,"caption":"EL PATR\u00d3N VINTAGE WHOLESALE | Proveedores de ropa vintage"},"image":{"@id":"http:\/\/elpatronvintage.com\/en\/#\/schema\/logo\/image\/"}}]}},"_links":{"self":[{"href":"https:\/\/elpatronvintage.com\/fr\/wp-json\/wp\/v2\/product\/4202","targetHints":{"allow":["GET"]}}],"collection":[{"href":"https:\/\/elpatronvintage.com\/fr\/wp-json\/wp\/v2\/product"}],"about":[{"href":"https:\/\/elpatronvintage.com\/fr\/wp-json\/wp\/v2\/types\/product"}],"replies":[{"embeddable":true,"href":"https:\/\/elpatronvintage.com\/fr\/wp-json\/wp\/v2\/comments?post=4202"}],"version-history":[{"count":8,"href":"https:\/\/elpatronvintage.com\/fr\/wp-json\/wp\/v2\/product\/4202\/revisions"}],"predecessor-version":[{"id":13530,"href":"https:\/\/elpatronvintage.com\/fr\/wp-json\/wp\/v2\/product\/4202\/revisions\/13530"}],"wp:featuredmedia":[{"embeddable":true,"href":"https:\/\/elpatronvintage.com\/fr\/wp-json\/wp\/v2\/media\/4305"}],"wp:attachment":[{"href":"https:\/\/elpatronvintage.com\/fr\/wp-json\/wp\/v2\/media?parent=4202"}],"wp:term":[{"taxonomy":"product_brand","embeddable":true,"href":"https:\/\/elpatronvintage.com\/fr\/wp-json\/wp\/v2\/product_brand?post=4202"},{"taxonomy":"product_cat","embeddable":true,"href":"https:\/\/elpatronvintage.com\/fr\/wp-json\/wp\/v2\/product_cat?post=4202"},{"taxonomy":"product_tag","embeddable":true,"href":"https:\/\/elpatronvintage.com\/fr\/wp-json\/wp\/v2\/product_tag?post=4202"}],"curies":[{"name":"wp","href":"https:\/\/api.w.org\/{rel}","templated":true}]}}