{"id":4196,"date":"2023-06-28T12:59:53","date_gmt":"2023-06-28T10:59:53","guid":{"rendered":"https:\/\/elpatronvintage.com\/?post_type=product&#038;p=4196"},"modified":"2025-11-09T22:32:50","modified_gmt":"2025-11-09T20:32:50","slug":"marque-polaire","status":"publish","type":"product","link":"https:\/\/elpatronvintage.com\/fr\/produit\/marque-polaire\/","title":{"rendered":"Polaires de marque"},"content":{"rendered":"","protected":false},"excerpt":{"rendered":"<p><strong>Polaires de marque<\/strong><\/p>\n<p>D\u00e9couvrez notre large gamme de\u00a0<strong>polaires de marque<\/strong>id\u00e9al pour les mois de\u00a0<strong>l'hiver<\/strong>. Des mod\u00e8les\u00a0<strong>\"teddy\"<\/strong>\u00a0\u00e0 ceux qui ont\u00a0<strong>capuchon<\/strong>,\u00a0<strong>fermeture \u00e0 glissi\u00e8re compl\u00e8te<\/strong>\u00a0o\u00a0<strong>Fermeture \u00e0 glissi\u00e8re 1\/4<\/strong>et dans les versions\u00a0<strong>lumi\u00e8re<\/strong>\u00a0o\u00a0<strong>\u00e9pais<\/strong>Ces polaires sont con\u00e7ues pour vous offrir\u00a0<strong>chaleur<\/strong>,\u00a0<strong>le confort<\/strong>\u00a0et un style unique. Parfaites avec n'importe quel look d\u00e9contract\u00e9 ou comme couche suppl\u00e9mentaire pour les activit\u00e9s de plein air, elles sont le v\u00eatement indispensable pour braver le froid avec style.<\/p>\n<p><strong>Marques<\/strong>The North Face, Columbia, Helly Hansen, Nike, Adidas, Reebok, Ralph Lauren, etc.<\/p>\n<p><strong>Tailles :<\/strong>\u00a0XS \u00e0 XL (Assortis)<\/p>\n<p><strong>Revente : 20\u20ac-60\u20ac par unit\u00e9.<\/strong><\/p>\n<p><strong>QUALIT\u00c9 A.\u00a0<\/strong><\/p>\n<p><strong>COMMANDE MINIMALE - 10 PI\u00c8CES<\/strong><\/p>\n<p><strong>LIVRAISON GRATUITE 24\/48H DANS TOUTE L'ESPAGNE.\u00a0<\/strong><\/p>\n<p><strong>EXP\u00c9DITION EN 48\/72H DANS TOUTE L'EUROPE<\/strong><\/p>","protected":false},"featured_media":4300,"comment_status":"open","ping_status":"closed","template":"","meta":[],"product_brand":[],"product_cat":[216,221,16],"product_tag":[],"class_list":{"0":"post-4196","1":"product","2":"type-product","3":"status-publish","4":"has-post-thumbnail","6":"product_cat-fleeces","7":"product_cat-marcas","8":"product_cat-allproducts","10":"first","11":"instock","12":"taxable","13":"shipping-taxable","14":"purchasable","15":"product-type-simple"},"yoast_head":"<!-- This site is optimized with the Yoast SEO plugin v26.8 - https:\/\/yoast.com\/product\/yoast-seo-wordpress\/ -->\n<title>Polares de Marca - elpatronvintage.com<\/title>\n<meta name=\"robots\" content=\"index, follow, max-snippet:-1, max-image-preview:large, max-video-preview:-1\" \/>\n<link rel=\"canonical\" href=\"https:\/\/elpatronvintage.com\/fr\/produit\/marque-polaire\/\" \/>\n<meta property=\"og:locale\" content=\"fr_FR\" \/>\n<meta property=\"og:type\" content=\"article\" \/>\n<meta property=\"og:title\" content=\"Polares de Marca - elpatronvintage.com\" \/>\n<meta property=\"og:description\" content=\"Forros Polares de Marca  Descubre nuestra amplia gama de\u00a0forros polares de marca, ideales para los meses de\u00a0invierno. Desde modelos\u00a0&quot;teddy&quot;\u00a0hasta aquellos con\u00a0capucha,\u00a0cremallera completa\u00a0o\u00a0cremallera 1\/4, y en versiones\u00a0ligeras\u00a0o\u00a0gruesas, estos polares est\u00e1n dise\u00f1ados para ofrecerte\u00a0calidez,\u00a0comodidad\u00a0y un estilo \u00fanico. Perfectos para combinar con cualquier look casual o como capa adicional para actividades al aire libre, son la prenda esencial para afrontar el fr\u00edo con estilo.  Marcas: The North Face, Columbia, Helly Hansen, Nike, Adidas, Reebok, Ralph Lauren, y m\u00e1s.  Tallas:\u00a0XS a XL (Variadas)  Reventa: 20\u20ac-60\u20ac por unidad.  CALIDAD A.\u00a0  PEDIDO MINIMO - 10 PIEZAS  ENV\u00cdOS GRATIS 24\/48H EN TODA ESPA\u00d1A.\u00a0  ENV\u00cdOS 48\/72H EN TODA EUROPA\" \/>\n<meta property=\"og:url\" content=\"https:\/\/elpatronvintage.com\/fr\/produit\/marque-polaire\/\" \/>\n<meta property=\"og:site_name\" content=\"elpatronvintage.com\" \/>\n<meta property=\"article:modified_time\" content=\"2025-11-09T20:32:50+00:00\" \/>\n<meta property=\"og:image\" content=\"https:\/\/elpatronvintage.com\/wp-content\/uploads\/2023\/06\/1-13.webp\" \/>\n\t<meta property=\"og:image:width\" content=\"977\" \/>\n\t<meta property=\"og:image:height\" content=\"1260\" \/>\n\t<meta property=\"og:image:type\" content=\"image\/webp\" \/>\n<meta name=\"twitter:card\" content=\"summary_large_image\" \/>\n<meta name=\"twitter:label1\" content=\"Dur\u00e9e de lecture estim\u00e9e\" \/>\n\t<meta name=\"twitter:data1\" content=\"1 minute\" \/>\n<script type=\"application\/ld+json\" class=\"yoast-schema-graph\">{\"@context\":\"https:\/\/schema.org\",\"@graph\":[{\"@type\":\"WebPage\",\"@id\":\"https:\/\/elpatronvintage.com\/en\/product\/polar-brand\/\",\"url\":\"https:\/\/elpatronvintage.com\/en\/product\/polar-brand\/\",\"name\":\"Polares de Marca - elpatronvintage.com\",\"isPartOf\":{\"@id\":\"http:\/\/elpatronvintage.com\/en\/#website\"},\"primaryImageOfPage\":{\"@id\":\"https:\/\/elpatronvintage.com\/en\/product\/polar-brand\/#primaryimage\"},\"image\":{\"@id\":\"https:\/\/elpatronvintage.com\/en\/product\/polar-brand\/#primaryimage\"},\"thumbnailUrl\":\"https:\/\/elpatronvintage.com\/wp-content\/uploads\/2023\/06\/1-13.webp\",\"datePublished\":\"2023-06-28T10:59:53+00:00\",\"dateModified\":\"2025-11-09T20:32:50+00:00\",\"breadcrumb\":{\"@id\":\"https:\/\/elpatronvintage.com\/en\/product\/polar-brand\/#breadcrumb\"},\"inLanguage\":\"fr-FR\",\"potentialAction\":[{\"@type\":\"ReadAction\",\"target\":[\"https:\/\/elpatronvintage.com\/en\/product\/polar-brand\/\"]}]},{\"@type\":\"ImageObject\",\"inLanguage\":\"fr-FR\",\"@id\":\"https:\/\/elpatronvintage.com\/en\/product\/polar-brand\/#primaryimage\",\"url\":\"https:\/\/elpatronvintage.com\/wp-content\/uploads\/2023\/06\/1-13.webp\",\"contentUrl\":\"https:\/\/elpatronvintage.com\/wp-content\/uploads\/2023\/06\/1-13.webp\",\"width\":977,\"height\":1260},{\"@type\":\"BreadcrumbList\",\"@id\":\"https:\/\/elpatronvintage.com\/en\/product\/polar-brand\/#breadcrumb\",\"itemListElement\":[{\"@type\":\"ListItem\",\"position\":1,\"name\":\"Portada\",\"item\":\"http:\/\/elpatronvintage.com\/en\/\"},{\"@type\":\"ListItem\",\"position\":2,\"name\":\"Lote de Ropa Vintage\",\"item\":\"http:\/\/elpatronvintage.com\/en\/shop\/\"},{\"@type\":\"ListItem\",\"position\":3,\"name\":\"Polares de Marca\"}]},{\"@type\":\"WebSite\",\"@id\":\"http:\/\/elpatronvintage.com\/en\/#website\",\"url\":\"http:\/\/elpatronvintage.com\/en\/\",\"name\":\"EL PATR\u00d3N VINTAGE WHOLESALE | Proveedores de ropa vintage\",\"description\":\"El Patr\u00f3n Vintage CLOTHING WHOLESALE\",\"publisher\":{\"@id\":\"http:\/\/elpatronvintage.com\/en\/#organization\"},\"alternateName\":\"Ropa Vintage al Por Mayor\",\"potentialAction\":[{\"@type\":\"SearchAction\",\"target\":{\"@type\":\"EntryPoint\",\"urlTemplate\":\"http:\/\/elpatronvintage.com\/en\/?s={search_term_string}\"},\"query-input\":{\"@type\":\"PropertyValueSpecification\",\"valueRequired\":true,\"valueName\":\"search_term_string\"}}],\"inLanguage\":\"fr-FR\"},{\"@type\":\"Organization\",\"@id\":\"http:\/\/elpatronvintage.com\/en\/#organization\",\"name\":\"EL PATR\u00d3N VINTAGE WHOLESALE | Proveedores de ropa vintage\",\"url\":\"http:\/\/elpatronvintage.com\/en\/\",\"logo\":{\"@type\":\"ImageObject\",\"inLanguage\":\"fr-FR\",\"@id\":\"http:\/\/elpatronvintage.com\/en\/#\/schema\/logo\/image\/\",\"url\":\"https:\/\/elpatronvintage.com\/wp-content\/uploads\/2023\/01\/logo-web.webp\",\"contentUrl\":\"https:\/\/elpatronvintage.com\/wp-content\/uploads\/2023\/01\/logo-web.webp\",\"width\":961,\"height\":598,\"caption\":\"EL PATR\u00d3N VINTAGE WHOLESALE | Proveedores de ropa vintage\"},\"image\":{\"@id\":\"http:\/\/elpatronvintage.com\/en\/#\/schema\/logo\/image\/\"}}]}<\/script>\n<!-- \/ Yoast SEO plugin. -->","yoast_head_json":{"title":"Polaires de marque - elpatronvintage.com","robots":{"index":"index","follow":"follow","max-snippet":"max-snippet:-1","max-image-preview":"max-image-preview:large","max-video-preview":"max-video-preview:-1"},"canonical":"https:\/\/elpatronvintage.com\/fr\/produit\/marque-polaire\/","og_locale":"fr_FR","og_type":"article","og_title":"Polares de Marca - elpatronvintage.com","og_description":"Forros Polares de Marca  Descubre nuestra amplia gama de\u00a0forros polares de marca, ideales para los meses de\u00a0invierno. Desde modelos\u00a0\"teddy\"\u00a0hasta aquellos con\u00a0capucha,\u00a0cremallera completa\u00a0o\u00a0cremallera 1\/4, y en versiones\u00a0ligeras\u00a0o\u00a0gruesas, estos polares est\u00e1n dise\u00f1ados para ofrecerte\u00a0calidez,\u00a0comodidad\u00a0y un estilo \u00fanico. Perfectos para combinar con cualquier look casual o como capa adicional para actividades al aire libre, son la prenda esencial para afrontar el fr\u00edo con estilo.  Marcas: The North Face, Columbia, Helly Hansen, Nike, Adidas, Reebok, Ralph Lauren, y m\u00e1s.  Tallas:\u00a0XS a XL (Variadas)  Reventa: 20\u20ac-60\u20ac por unidad.  CALIDAD A.\u00a0  PEDIDO MINIMO - 10 PIEZAS  ENV\u00cdOS GRATIS 24\/48H EN TODA ESPA\u00d1A.\u00a0  ENV\u00cdOS 48\/72H EN TODA EUROPA","og_url":"https:\/\/elpatronvintage.com\/fr\/produit\/marque-polaire\/","og_site_name":"elpatronvintage.com","article_modified_time":"2025-11-09T20:32:50+00:00","og_image":[{"width":977,"height":1260,"url":"https:\/\/elpatronvintage.com\/wp-content\/uploads\/2023\/06\/1-13.webp","type":"image\/webp"}],"twitter_card":"summary_large_image","twitter_misc":{"Dur\u00e9e de lecture estim\u00e9e":"1 minute"},"schema":{"@context":"https:\/\/schema.org","@graph":[{"@type":"WebPage","@id":"https:\/\/elpatronvintage.com\/en\/product\/polar-brand\/","url":"https:\/\/elpatronvintage.com\/en\/product\/polar-brand\/","name":"Polaires de marque - elpatronvintage.com","isPartOf":{"@id":"http:\/\/elpatronvintage.com\/en\/#website"},"primaryImageOfPage":{"@id":"https:\/\/elpatronvintage.com\/en\/product\/polar-brand\/#primaryimage"},"image":{"@id":"https:\/\/elpatronvintage.com\/en\/product\/polar-brand\/#primaryimage"},"thumbnailUrl":"https:\/\/elpatronvintage.com\/wp-content\/uploads\/2023\/06\/1-13.webp","datePublished":"2023-06-28T10:59:53+00:00","dateModified":"2025-11-09T20:32:50+00:00","breadcrumb":{"@id":"https:\/\/elpatronvintage.com\/en\/product\/polar-brand\/#breadcrumb"},"inLanguage":"fr-FR","potentialAction":[{"@type":"ReadAction","target":["https:\/\/elpatronvintage.com\/en\/product\/polar-brand\/"]}]},{"@type":"ImageObject","inLanguage":"fr-FR","@id":"https:\/\/elpatronvintage.com\/en\/product\/polar-brand\/#primaryimage","url":"https:\/\/elpatronvintage.com\/wp-content\/uploads\/2023\/06\/1-13.webp","contentUrl":"https:\/\/elpatronvintage.com\/wp-content\/uploads\/2023\/06\/1-13.webp","width":977,"height":1260},{"@type":"BreadcrumbList","@id":"https:\/\/elpatronvintage.com\/en\/product\/polar-brand\/#breadcrumb","itemListElement":[{"@type":"ListItem","position":1,"name":"Portada","item":"http:\/\/elpatronvintage.com\/en\/"},{"@type":"ListItem","position":2,"name":"Lote de Ropa Vintage","item":"http:\/\/elpatronvintage.com\/en\/shop\/"},{"@type":"ListItem","position":3,"name":"Polares de Marca"}]},{"@type":"WebSite","@id":"http:\/\/elpatronvintage.com\/en\/#website","url":"http:\/\/elpatronvintage.com\/en\/","name":"THE WHOLESALE VINTAGE PATTERN | Fournisseurs de v\u00eatements vintage","description":"Le patron vintage de CLOTHING WHOLESALE","publisher":{"@id":"http:\/\/elpatronvintage.com\/en\/#organization"},"alternateName":"Ropa Vintage al Por Mayor","potentialAction":[{"@type":"SearchAction","target":{"@type":"EntryPoint","urlTemplate":"http:\/\/elpatronvintage.com\/en\/?s={search_term_string}"},"query-input":{"@type":"PropertyValueSpecification","valueRequired":true,"valueName":"search_term_string"}}],"inLanguage":"fr-FR"},{"@type":"Organization","@id":"http:\/\/elpatronvintage.com\/en\/#organization","name":"THE WHOLESALE VINTAGE PATTERN | Fournisseurs de v\u00eatements vintage","url":"http:\/\/elpatronvintage.com\/en\/","logo":{"@type":"ImageObject","inLanguage":"fr-FR","@id":"http:\/\/elpatronvintage.com\/en\/#\/schema\/logo\/image\/","url":"https:\/\/elpatronvintage.com\/wp-content\/uploads\/2023\/01\/logo-web.webp","contentUrl":"https:\/\/elpatronvintage.com\/wp-content\/uploads\/2023\/01\/logo-web.webp","width":961,"height":598,"caption":"EL PATR\u00d3N VINTAGE WHOLESALE | Proveedores de ropa vintage"},"image":{"@id":"http:\/\/elpatronvintage.com\/en\/#\/schema\/logo\/image\/"}}]}},"_links":{"self":[{"href":"https:\/\/elpatronvintage.com\/fr\/wp-json\/wp\/v2\/product\/4196","targetHints":{"allow":["GET"]}}],"collection":[{"href":"https:\/\/elpatronvintage.com\/fr\/wp-json\/wp\/v2\/product"}],"about":[{"href":"https:\/\/elpatronvintage.com\/fr\/wp-json\/wp\/v2\/types\/product"}],"replies":[{"embeddable":true,"href":"https:\/\/elpatronvintage.com\/fr\/wp-json\/wp\/v2\/comments?post=4196"}],"version-history":[{"count":5,"href":"https:\/\/elpatronvintage.com\/fr\/wp-json\/wp\/v2\/product\/4196\/revisions"}],"predecessor-version":[{"id":13547,"href":"https:\/\/elpatronvintage.com\/fr\/wp-json\/wp\/v2\/product\/4196\/revisions\/13547"}],"wp:featuredmedia":[{"embeddable":true,"href":"https:\/\/elpatronvintage.com\/fr\/wp-json\/wp\/v2\/media\/4300"}],"wp:attachment":[{"href":"https:\/\/elpatronvintage.com\/fr\/wp-json\/wp\/v2\/media?parent=4196"}],"wp:term":[{"taxonomy":"product_brand","embeddable":true,"href":"https:\/\/elpatronvintage.com\/fr\/wp-json\/wp\/v2\/product_brand?post=4196"},{"taxonomy":"product_cat","embeddable":true,"href":"https:\/\/elpatronvintage.com\/fr\/wp-json\/wp\/v2\/product_cat?post=4196"},{"taxonomy":"product_tag","embeddable":true,"href":"https:\/\/elpatronvintage.com\/fr\/wp-json\/wp\/v2\/product_tag?post=4196"}],"curies":[{"name":"wp","href":"https:\/\/api.w.org\/{rel}","templated":true}]}}