{"id":4125,"date":"2023-06-28T12:08:51","date_gmt":"2023-06-28T10:08:51","guid":{"rendered":"https:\/\/elpatronvintage.com\/?post_type=product&#038;p=4125"},"modified":"2025-09-09T23:09:03","modified_gmt":"2025-09-09T21:09:03","slug":"chemise-hawaienne","status":"publish","type":"product","link":"https:\/\/elpatronvintage.com\/fr\/produit\/chemise-hawaienne\/","title":{"rendered":"Chemises hawa\u00efennes"},"content":{"rendered":"","protected":false},"excerpt":{"rendered":"<p><strong>Chemises hawa\u00efennes : L'\u00e9t\u00e9 et le style dans chaque imprim\u00e9<\/strong><\/p>\n<p>Lot de chemises \"hawa\u00efennes\" remplies de <strong>empreintes<\/strong> qui combinent <strong>des couleurs intenses<\/strong> y <strong>mod\u00e8les originaux<\/strong>. Des motifs tropicaux aux dessins g\u00e9om\u00e9triques.<\/p>\n<p><strong>Marques :<\/strong> Vintage (Assortis)<\/p>\n<p><strong>Tailles :<\/strong>\u00a0XS \u00e0 XL (Assortis)<\/p>\n<p><strong>Revente : 15\u20ac-40\u20ac par unit\u00e9.<\/strong><\/p>\n<p><strong>QUALIT\u00c9 A<\/strong><\/p>\n<p><strong>COMMANDE MINIMALE - 10 PI\u00c8CES<\/strong><\/p>\n<p><strong>LIVRAISON GRATUITE 24\/48H DANS TOUTE L'ESPAGNE<\/strong><\/p>\n<p><strong>EXP\u00c9DITION EN 48\/72H DANS TOUTE L'EUROPE<\/strong><\/p>","protected":false},"featured_media":4246,"comment_status":"open","ping_status":"closed","template":"","meta":[],"product_brand":[],"product_cat":[184,244,219,240,222,16],"product_tag":[],"class_list":{"0":"post-4125","1":"product","2":"type-product","3":"status-publish","4":"has-post-thumbnail","6":"product_cat-shirts-men","7":"product_cat-endofseason-sales","8":"product_cat-offer","9":"product_cat-ofertas-verano","10":"product_cat-retro","11":"product_cat-allproducts","13":"first","14":"instock","15":"sale","16":"taxable","17":"shipping-taxable","18":"purchasable","19":"product-type-simple"},"yoast_head":"<!-- This site is optimized with the Yoast SEO plugin v26.8 - https:\/\/yoast.com\/product\/yoast-seo-wordpress\/ -->\n<title>Camisas Hawaianas - elpatronvintage.com<\/title>\n<meta name=\"robots\" content=\"index, follow, max-snippet:-1, max-image-preview:large, max-video-preview:-1\" \/>\n<link rel=\"canonical\" href=\"https:\/\/elpatronvintage.com\/fr\/produit\/chemise-hawaienne\/\" \/>\n<meta property=\"og:locale\" content=\"fr_FR\" \/>\n<meta property=\"og:type\" content=\"article\" \/>\n<meta property=\"og:title\" content=\"Camisas Hawaianas - elpatronvintage.com\" \/>\n<meta property=\"og:description\" content=\"Camisas Hawaianas: Verano y estilo en cada estampado  Lote de camisas &quot;Hawaianas&quot; llenas de estampados que combinan colores intensos y patrones originales. Desde motivos tropicales hasta dise\u00f1os geom\u00e9tricos.  Marcas: Vintage (Variadas)  Tallas:\u00a0XS a XL (Variadas)  Reventa: 15\u20ac-40\u20ac por unidad.  CALIDAD A  PEDIDO MINIMO \u2013 10 PIEZAS  ENV\u00cdOS GRATIS 24\/48H EN TODA ESPA\u00d1A  ENV\u00cdOS 48\/72H EN TODA EUROPA\" \/>\n<meta property=\"og:url\" content=\"https:\/\/elpatronvintage.com\/fr\/produit\/chemise-hawaienne\/\" \/>\n<meta property=\"og:site_name\" content=\"elpatronvintage.com\" \/>\n<meta property=\"article:modified_time\" content=\"2025-09-09T21:09:03+00:00\" \/>\n<meta property=\"og:image\" content=\"https:\/\/elpatronvintage.com\/wp-content\/uploads\/2023\/06\/1-2.webp\" \/>\n\t<meta property=\"og:image:width\" content=\"977\" \/>\n\t<meta property=\"og:image:height\" content=\"1260\" \/>\n\t<meta property=\"og:image:type\" content=\"image\/webp\" \/>\n<meta name=\"twitter:card\" content=\"summary_large_image\" \/>\n<meta name=\"twitter:label1\" content=\"Dur\u00e9e de lecture estim\u00e9e\" \/>\n\t<meta name=\"twitter:data1\" content=\"1 minute\" \/>\n<script type=\"application\/ld+json\" class=\"yoast-schema-graph\">{\"@context\":\"https:\/\/schema.org\",\"@graph\":[{\"@type\":\"WebPage\",\"@id\":\"https:\/\/elpatronvintage.com\/product\/camisa-hawaiana\/\",\"url\":\"https:\/\/elpatronvintage.com\/product\/camisa-hawaiana\/\",\"name\":\"Camisas Hawaianas - elpatronvintage.com\",\"isPartOf\":{\"@id\":\"https:\/\/elpatronvintage.com\/#website\"},\"primaryImageOfPage\":{\"@id\":\"https:\/\/elpatronvintage.com\/product\/camisa-hawaiana\/#primaryimage\"},\"image\":{\"@id\":\"https:\/\/elpatronvintage.com\/product\/camisa-hawaiana\/#primaryimage\"},\"thumbnailUrl\":\"https:\/\/elpatronvintage.com\/wp-content\/uploads\/2023\/06\/1-2.webp\",\"datePublished\":\"2023-06-28T10:08:51+00:00\",\"dateModified\":\"2025-09-09T21:09:03+00:00\",\"breadcrumb\":{\"@id\":\"https:\/\/elpatronvintage.com\/product\/camisa-hawaiana\/#breadcrumb\"},\"inLanguage\":\"fr-FR\",\"potentialAction\":[{\"@type\":\"ReadAction\",\"target\":[\"https:\/\/elpatronvintage.com\/product\/camisa-hawaiana\/\"]}]},{\"@type\":\"ImageObject\",\"inLanguage\":\"fr-FR\",\"@id\":\"https:\/\/elpatronvintage.com\/product\/camisa-hawaiana\/#primaryimage\",\"url\":\"https:\/\/elpatronvintage.com\/wp-content\/uploads\/2023\/06\/1-2.webp\",\"contentUrl\":\"https:\/\/elpatronvintage.com\/wp-content\/uploads\/2023\/06\/1-2.webp\",\"width\":977,\"height\":1260},{\"@type\":\"BreadcrumbList\",\"@id\":\"https:\/\/elpatronvintage.com\/product\/camisa-hawaiana\/#breadcrumb\",\"itemListElement\":[{\"@type\":\"ListItem\",\"position\":1,\"name\":\"Portada\",\"item\":\"https:\/\/elpatronvintage.com\/\"},{\"@type\":\"ListItem\",\"position\":2,\"name\":\"Lote de Ropa Vintage\",\"item\":\"https:\/\/elpatronvintage.com\/en\/shop\/\"},{\"@type\":\"ListItem\",\"position\":3,\"name\":\"Camisas Hawaianas\"}]},{\"@type\":\"WebSite\",\"@id\":\"https:\/\/elpatronvintage.com\/#website\",\"url\":\"https:\/\/elpatronvintage.com\/\",\"name\":\"EL PATR\u00d3N VINTAGE WHOLESALE | Proveedores de ropa vintage\",\"description\":\"El Patr\u00f3n Vintage CLOTHING WHOLESALE\",\"publisher\":{\"@id\":\"https:\/\/elpatronvintage.com\/#organization\"},\"alternateName\":\"Ropa Vintage al Por Mayor\",\"potentialAction\":[{\"@type\":\"SearchAction\",\"target\":{\"@type\":\"EntryPoint\",\"urlTemplate\":\"https:\/\/elpatronvintage.com\/?s={search_term_string}\"},\"query-input\":{\"@type\":\"PropertyValueSpecification\",\"valueRequired\":true,\"valueName\":\"search_term_string\"}}],\"inLanguage\":\"fr-FR\"},{\"@type\":\"Organization\",\"@id\":\"https:\/\/elpatronvintage.com\/#organization\",\"name\":\"EL PATR\u00d3N VINTAGE WHOLESALE | Proveedores de ropa vintage\",\"url\":\"https:\/\/elpatronvintage.com\/\",\"logo\":{\"@type\":\"ImageObject\",\"inLanguage\":\"fr-FR\",\"@id\":\"https:\/\/elpatronvintage.com\/#\/schema\/logo\/image\/\",\"url\":\"https:\/\/elpatronvintage.com\/wp-content\/uploads\/2023\/01\/logo-web.webp\",\"contentUrl\":\"https:\/\/elpatronvintage.com\/wp-content\/uploads\/2023\/01\/logo-web.webp\",\"width\":961,\"height\":598,\"caption\":\"EL PATR\u00d3N VINTAGE WHOLESALE | Proveedores de ropa vintage\"},\"image\":{\"@id\":\"https:\/\/elpatronvintage.com\/#\/schema\/logo\/image\/\"}}]}<\/script>\n<!-- \/ Yoast SEO plugin. -->","yoast_head_json":{"title":"Chemises hawa\u00efennes - elpatronvintage.com","robots":{"index":"index","follow":"follow","max-snippet":"max-snippet:-1","max-image-preview":"max-image-preview:large","max-video-preview":"max-video-preview:-1"},"canonical":"https:\/\/elpatronvintage.com\/fr\/produit\/chemise-hawaienne\/","og_locale":"fr_FR","og_type":"article","og_title":"Camisas Hawaianas - elpatronvintage.com","og_description":"Camisas Hawaianas: Verano y estilo en cada estampado  Lote de camisas \"Hawaianas\" llenas de estampados que combinan colores intensos y patrones originales. Desde motivos tropicales hasta dise\u00f1os geom\u00e9tricos.  Marcas: Vintage (Variadas)  Tallas:\u00a0XS a XL (Variadas)  Reventa: 15\u20ac-40\u20ac por unidad.  CALIDAD A  PEDIDO MINIMO \u2013 10 PIEZAS  ENV\u00cdOS GRATIS 24\/48H EN TODA ESPA\u00d1A  ENV\u00cdOS 48\/72H EN TODA EUROPA","og_url":"https:\/\/elpatronvintage.com\/fr\/produit\/chemise-hawaienne\/","og_site_name":"elpatronvintage.com","article_modified_time":"2025-09-09T21:09:03+00:00","og_image":[{"width":977,"height":1260,"url":"https:\/\/elpatronvintage.com\/wp-content\/uploads\/2023\/06\/1-2.webp","type":"image\/webp"}],"twitter_card":"summary_large_image","twitter_misc":{"Dur\u00e9e de lecture estim\u00e9e":"1 minute"},"schema":{"@context":"https:\/\/schema.org","@graph":[{"@type":"WebPage","@id":"https:\/\/elpatronvintage.com\/product\/camisa-hawaiana\/","url":"https:\/\/elpatronvintage.com\/product\/camisa-hawaiana\/","name":"Chemises hawa\u00efennes - elpatronvintage.com","isPartOf":{"@id":"https:\/\/elpatronvintage.com\/#website"},"primaryImageOfPage":{"@id":"https:\/\/elpatronvintage.com\/product\/camisa-hawaiana\/#primaryimage"},"image":{"@id":"https:\/\/elpatronvintage.com\/product\/camisa-hawaiana\/#primaryimage"},"thumbnailUrl":"https:\/\/elpatronvintage.com\/wp-content\/uploads\/2023\/06\/1-2.webp","datePublished":"2023-06-28T10:08:51+00:00","dateModified":"2025-09-09T21:09:03+00:00","breadcrumb":{"@id":"https:\/\/elpatronvintage.com\/product\/camisa-hawaiana\/#breadcrumb"},"inLanguage":"fr-FR","potentialAction":[{"@type":"ReadAction","target":["https:\/\/elpatronvintage.com\/product\/camisa-hawaiana\/"]}]},{"@type":"ImageObject","inLanguage":"fr-FR","@id":"https:\/\/elpatronvintage.com\/product\/camisa-hawaiana\/#primaryimage","url":"https:\/\/elpatronvintage.com\/wp-content\/uploads\/2023\/06\/1-2.webp","contentUrl":"https:\/\/elpatronvintage.com\/wp-content\/uploads\/2023\/06\/1-2.webp","width":977,"height":1260},{"@type":"BreadcrumbList","@id":"https:\/\/elpatronvintage.com\/product\/camisa-hawaiana\/#breadcrumb","itemListElement":[{"@type":"ListItem","position":1,"name":"Portada","item":"https:\/\/elpatronvintage.com\/"},{"@type":"ListItem","position":2,"name":"Lote de Ropa Vintage","item":"https:\/\/elpatronvintage.com\/en\/shop\/"},{"@type":"ListItem","position":3,"name":"Camisas Hawaianas"}]},{"@type":"WebSite","@id":"https:\/\/elpatronvintage.com\/#website","url":"https:\/\/elpatronvintage.com\/","name":"THE WHOLESALE VINTAGE PATTERN | Fournisseurs de v\u00eatements vintage","description":"Le patron vintage de CLOTHING WHOLESALE","publisher":{"@id":"https:\/\/elpatronvintage.com\/#organization"},"alternateName":"Ropa Vintage al Por Mayor","potentialAction":[{"@type":"SearchAction","target":{"@type":"EntryPoint","urlTemplate":"https:\/\/elpatronvintage.com\/?s={search_term_string}"},"query-input":{"@type":"PropertyValueSpecification","valueRequired":true,"valueName":"search_term_string"}}],"inLanguage":"fr-FR"},{"@type":"Organization","@id":"https:\/\/elpatronvintage.com\/#organization","name":"THE WHOLESALE VINTAGE PATTERN | Fournisseurs de v\u00eatements vintage","url":"https:\/\/elpatronvintage.com\/","logo":{"@type":"ImageObject","inLanguage":"fr-FR","@id":"https:\/\/elpatronvintage.com\/#\/schema\/logo\/image\/","url":"https:\/\/elpatronvintage.com\/wp-content\/uploads\/2023\/01\/logo-web.webp","contentUrl":"https:\/\/elpatronvintage.com\/wp-content\/uploads\/2023\/01\/logo-web.webp","width":961,"height":598,"caption":"EL PATR\u00d3N VINTAGE WHOLESALE | Proveedores de ropa vintage"},"image":{"@id":"https:\/\/elpatronvintage.com\/#\/schema\/logo\/image\/"}}]}},"_links":{"self":[{"href":"https:\/\/elpatronvintage.com\/fr\/wp-json\/wp\/v2\/product\/4125","targetHints":{"allow":["GET"]}}],"collection":[{"href":"https:\/\/elpatronvintage.com\/fr\/wp-json\/wp\/v2\/product"}],"about":[{"href":"https:\/\/elpatronvintage.com\/fr\/wp-json\/wp\/v2\/types\/product"}],"replies":[{"embeddable":true,"href":"https:\/\/elpatronvintage.com\/fr\/wp-json\/wp\/v2\/comments?post=4125"}],"version-history":[{"count":6,"href":"https:\/\/elpatronvintage.com\/fr\/wp-json\/wp\/v2\/product\/4125\/revisions"}],"predecessor-version":[{"id":13560,"href":"https:\/\/elpatronvintage.com\/fr\/wp-json\/wp\/v2\/product\/4125\/revisions\/13560"}],"wp:featuredmedia":[{"embeddable":true,"href":"https:\/\/elpatronvintage.com\/fr\/wp-json\/wp\/v2\/media\/4246"}],"wp:attachment":[{"href":"https:\/\/elpatronvintage.com\/fr\/wp-json\/wp\/v2\/media?parent=4125"}],"wp:term":[{"taxonomy":"product_brand","embeddable":true,"href":"https:\/\/elpatronvintage.com\/fr\/wp-json\/wp\/v2\/product_brand?post=4125"},{"taxonomy":"product_cat","embeddable":true,"href":"https:\/\/elpatronvintage.com\/fr\/wp-json\/wp\/v2\/product_cat?post=4125"},{"taxonomy":"product_tag","embeddable":true,"href":"https:\/\/elpatronvintage.com\/fr\/wp-json\/wp\/v2\/product_tag?post=4125"}],"curies":[{"name":"wp","href":"https:\/\/api.w.org\/{rel}","templated":true}]}}