{"id":5922,"date":"2024-02-11T22:32:40","date_gmt":"2024-02-11T20:32:40","guid":{"rendered":"https:\/\/elpatronvintage.com\/?page_id=5922"},"modified":"2024-02-11T22:33:30","modified_gmt":"2024-02-11T20:33:30","slug":"questions-frequemment-posees","status":"publish","type":"page","link":"https:\/\/elpatronvintage.com\/fr\/questions-frequemment-posees\/","title":{"rendered":"Questions fr\u00e9quemment pos\u00e9es"},"content":{"rendered":"<div data-elementor-type=\"wp-page\" data-elementor-id=\"5922\" class=\"elementor elementor-5922\" data-elementor-post-type=\"page\">\n\t\t\t\t\t\t<section class=\"elementor-section elementor-top-section elementor-element elementor-element-98aed0d elementor-section-boxed elementor-section-height-default elementor-section-height-default\" data-id=\"98aed0d\" data-element_type=\"section\" data-e-type=\"section\">\n\t\t\t\t\t\t<div class=\"elementor-container elementor-column-gap-default\">\n\t\t\t\t\t<div class=\"elementor-column elementor-col-100 elementor-top-column elementor-element elementor-element-24fa7fb\" data-id=\"24fa7fb\" data-element_type=\"column\" data-e-type=\"column\">\n\t\t\t<div class=\"elementor-widget-wrap elementor-element-populated\">\n\t\t\t\t\t\t<div class=\"elementor-element elementor-element-e658ec8 elementor-widget elementor-widget-text-editor\" data-id=\"e658ec8\" data-element_type=\"widget\" data-e-type=\"widget\" data-widget_type=\"text-editor.default\">\n\t\t\t\t<div class=\"elementor-widget-container\">\n\t\t\t\t\t\t\t\t\t<h1>Questions fr\u00e9quemment pos\u00e9es<\/h1><p class=\"p1\"><b>QUEL EST LE D\u00c9LAI DE LIVRAISON D'UNE COMMANDE ET QUEL EST SON CO\u00dbT ?<\/b><\/p><p class=\"p1\">Le traitement des commandes prend de 1 \u00e0 3 jours ouvrables.<\/p><p class=\"p1\">Les frais de port seront calcul\u00e9s automatiquement en fonction du poids des marchandises.<br \/>le paquet et la destination.<\/p><p class=\"p1\">Les d\u00e9lais d'exp\u00e9dition d\u00e9pendent de la soci\u00e9t\u00e9 de transport et sont les suivants<br \/>approximatif. En Espagne (p\u00e9ninsule), le d\u00e9lai de livraison estim\u00e9 est de 2 \u00e0 4 jours.<br \/>jours ouvrables et pour le reste des destinations, le d\u00e9lai est de 4 \u00e0 10 jours ouvrables.<\/p><p class=\"p1\"><b>O\u00d9 PUIS-JE SUIVRE MA COMMANDE ?<\/b><\/p><p class=\"p1\">Vous pouvez v\u00e9rifier l'\u00e9tat de votre commande \u00e0 tout moment sur l'onglet SUIVI DE VOTRE COMMANDE.<br \/>ORDER que vous trouverez dans le menu sup\u00e9rieur de notre site web.<\/p><p class=\"p1\"><b>LES REMBOURSEMENTS SONT-ILS AUTORIS\u00c9S ?<\/b><\/p><p class=\"p1\">Pour les achats en gros, les retours ne seront accept\u00e9s qu'en cas d'erreur.<br \/>une erreur manifeste de la part de Vintage Pattern. Aucun retour ne sera accept\u00e9 pour des raisons<br \/>subjectif, c'est-\u00e0-dire que des raisons telles que \"je n'aime pas un v\u00eatement\" ne sont pas des motifs pour justifier un refus d'autorisation.<br \/>retour.<\/p><p class=\"p1\">Si une erreur a \u00e9t\u00e9 commise de la part du mod\u00e8le vintage, il convient de la signaler.<br \/>contacter WhatsApp : +34 649768063 dans un d\u00e9lai maximum de 48 heures apr\u00e8s l'envoi de la demande.<br \/>recevoir la commande en indiquant le num\u00e9ro de commande et en joignant les photos et les \u00e9preuves<br \/>de l'erreur qui a pu \u00eatre commise.<\/p><p class=\"p1\">Dans le cas o\u00f9 un retour est accept\u00e9, les frais de retour sont \u00e0 la charge de l'acheteur.<br \/>retour, sauf accord contraire. Lorsque nous avons<br \/>re\u00e7u le colis et v\u00e9rifi\u00e9 qu'il est dans le m\u00eame \u00e9tat que celui dans lequel il a \u00e9t\u00e9 livr\u00e9.<br \/>Dans ce cas, le remboursement sera effectu\u00e9 sous la forme d'un bon d'achat \u00e0 d\u00e9penser sur le site web,<br \/>moins les frais d'exp\u00e9dition.<\/p><p class=\"p1\">Comme il s'agit de v\u00eatements d'occasion, nous ne pouvons pas savoir si le produit a \u00e9t\u00e9<br \/>utilis\u00e9s par les acheteurs, c'est pourquoi il n'y aura en aucun cas de<br \/>remboursement mon\u00e9taire du montant, le remboursement sera toujours effectu\u00e9 sous la forme d'un ch\u00e8que.<br \/>\u00e0 d\u00e9penser sur le site.<\/p><p class=\"p1\"><b>TOUS LES V\u00caTEMENTS SONT-ILS D'OCCASION ? SONT-ILS EN BON \u00c9TAT ?<\/b><br \/><b>\u00c9TAT ?<\/b><\/p><p class=\"p1\">Tous les v\u00eatements que nous vendons sont d'occasion et ont \u00e9t\u00e9 utilis\u00e9s.<br \/>pr\u00e9c\u00e9demment. Tous les v\u00eatements que nous vendons \u00e0 The Vintage Pattern sont 90% Grade A et 10% Grade B.<\/p><p class=\"p1\"><b>QUE SIGNIFIE LE GRADE A et le GRADE B ?<\/b><\/p><p class=\"p1\">Cat\u00e9gorie A : V\u00eatements d'occasion en tr\u00e8s bon \u00e9tat et en tr\u00e8s bon \u00e9tat.<br \/>qui sont parfaits pour la revente.<\/p><p class=\"p1\">Cat\u00e9gorie B : V\u00eatements d'occasion pr\u00e9sentant des imperfections qui peuvent \u00eatre corrig\u00e9es.<br \/>ou passer inaper\u00e7ues. Ces imperfections peuvent \u00eatre des marques<br \/>l'usure g\u00e9n\u00e9rale, des zones avec des boules ou des peluches, une tache ou une d\u00e9chirure.<\/p><p class=\"p1\"><b>PUIS-JE ACHETER EN GROS SI JE N'AI PAS DE MAGASIN OU SI JE NE SUIS PAS UNE ENTREPRISE ?<\/b><br \/><b>AUTONOME ?<\/b><\/p><p class=\"p1\">Oui. L'un de nos objectifs est d'aider les personnes qui souhaitent entrer dans l'Union europ\u00e9enne.<br \/>de la vente de v\u00eatements de seconde main, car nous comprenons qu'il n'est pas<br \/>tout le monde peut ouvrir un magasin d\u00e8s le d\u00e9but.<\/p><p class=\"p1\">Par cons\u00e9quent, toute personne souhaitant se lancer dans la vente de v\u00eatements vintage doit<br \/>Bienvenue sur le site The vintage pattern.<\/p><p class=\"p1\"><b>\u00c0 QUEL PRIX PUIS-JE REVENDRE LES V\u00caTEMENTS ACHET\u00c9S AU D\u00c9TAIL ?<\/b><br \/><b>MAJOR ?<\/b><\/p><p class=\"p1\">Les prix des lots sont soigneusement ajust\u00e9s afin de g\u00e9n\u00e9rer les prix les plus \u00e9lev\u00e9s.<br \/>le profit possible. En g\u00e9n\u00e9ral, les v\u00eatements qui y sont inclus seront disponibles \u00e0 la revente.<br \/>pour un montant de 50% \u00e0 150% sup\u00e9rieur au prix d'origine. Ce montant peut varier<br \/>en fonction de la taille ou de l'exp\u00e9rience des magasins.<\/p><p class=\"p1\"><b>LES TAXES ET LES DROITS DE DOUANE DOIVENT-ILS \u00caTRE PAY\u00c9S ?<\/b><\/p><p class=\"p1\">Si vous achetez dans l'Union europ\u00e9enne, les taxes sont d\u00e9j\u00e0 incluses dans le prix.<br \/>de chaque article et vous n'aurez pas \u00e0 effectuer de paiements suppl\u00e9mentaires lorsque le prix de l'article sera atteint.<br \/>le colis arrive \u00e0 destination.<br \/>Si vous achetez en dehors de l'Union europ\u00e9enne, vous recevrez, \u00e0 l'arriv\u00e9e du colis dans le pays de livraison, un accus\u00e9 de r\u00e9ception.<br \/>destination, les taxes et les frais de livraison sont \u00e0 votre charge.<br \/>les droits de douane et les taxes. Nous ne sommes pas responsables de ces<br \/>les co\u00fbts \u00e9ventuels.<\/p><p class=\"p1\"><b>AVEZ-VOUS D'AUTRES QUESTIONS ?<\/b><\/p><p class=\"p1\">\u00c9crivez-nous sur WhatsApp : +34 649768063 et nous serons heureux de vous aider.<\/p>\t\t\t\t\t\t\t\t<\/div>\n\t\t\t\t<\/div>\n\t\t\t\t\t<\/div>\n\t\t<\/div>\n\t\t\t\t\t<\/div>\n\t\t<\/section>\n\t\t\t\t<\/div>","protected":false},"excerpt":{"rendered":"<p>Preguntas frecuentes \u00bfCU\u00c1NTO TARDA EN LLEGAR UN PEDIDO Y CU\u00c1NTO CUESTA? Los pedidos tardan en gestionarse de 1 a 3 d\u00edas h\u00e1biles. Los gastos de env\u00edo se calcular\u00e1n autom\u00e1ticamente dependiendo del peso delpaquete y del destino. Los tiempos de env\u00edo depender\u00e1n de la empresa de transporte y sonaproximados.\u00a0En Espa\u00f1a (pen\u00ednsula) el tiempo de entrega estimado [&hellip;]<\/p>\n","protected":false},"author":1,"featured_media":0,"parent":0,"menu_order":0,"comment_status":"closed","ping_status":"closed","template":"","meta":{"footnotes":""},"class_list":["post-5922","page","type-page","status-publish","hentry"],"yoast_head":"<!-- This site is optimized with the Yoast SEO plugin v26.8 - https:\/\/yoast.com\/product\/yoast-seo-wordpress\/ -->\n<title>Preguntas frecuentes - elpatronvintage.com<\/title>\n<meta name=\"robots\" content=\"index, follow, max-snippet:-1, max-image-preview:large, max-video-preview:-1\" \/>\n<link rel=\"canonical\" href=\"https:\/\/elpatronvintage.com\/fr\/questions-frequemment-posees\/\" \/>\n<meta property=\"og:locale\" content=\"fr_FR\" \/>\n<meta property=\"og:type\" content=\"article\" \/>\n<meta property=\"og:title\" content=\"Preguntas frecuentes - elpatronvintage.com\" \/>\n<meta property=\"og:description\" content=\"Preguntas frecuentes \u00bfCU\u00c1NTO TARDA EN LLEGAR UN PEDIDO Y CU\u00c1NTO CUESTA? Los pedidos tardan en gestionarse de 1 a 3 d\u00edas h\u00e1biles. Los gastos de env\u00edo se calcular\u00e1n autom\u00e1ticamente dependiendo del peso delpaquete y del destino. Los tiempos de env\u00edo depender\u00e1n de la empresa de transporte y sonaproximados.\u00a0En Espa\u00f1a (pen\u00ednsula) el tiempo de entrega estimado [&hellip;]\" \/>\n<meta property=\"og:url\" content=\"https:\/\/elpatronvintage.com\/fr\/questions-frequemment-posees\/\" \/>\n<meta property=\"og:site_name\" content=\"elpatronvintage.com\" \/>\n<meta property=\"article:modified_time\" content=\"2024-02-11T20:33:30+00:00\" \/>\n<meta name=\"twitter:card\" content=\"summary_large_image\" \/>\n<meta name=\"twitter:label1\" content=\"Dur\u00e9e de lecture estim\u00e9e\" \/>\n\t<meta name=\"twitter:data1\" content=\"3 minutes\" \/>\n<script type=\"application\/ld+json\" class=\"yoast-schema-graph\">{\"@context\":\"https:\/\/schema.org\",\"@graph\":[{\"@type\":\"WebPage\",\"@id\":\"https:\/\/elpatronvintage.com\/fr\/questions-frequemment-posees\/\",\"url\":\"https:\/\/elpatronvintage.com\/fr\/questions-frequemment-posees\/\",\"name\":\"Preguntas frecuentes - elpatronvintage.com\",\"isPartOf\":{\"@id\":\"http:\/\/elpatronvintage.com\/#website\"},\"datePublished\":\"2024-02-11T20:32:40+00:00\",\"dateModified\":\"2024-02-11T20:33:30+00:00\",\"breadcrumb\":{\"@id\":\"https:\/\/elpatronvintage.com\/fr\/questions-frequemment-posees\/#breadcrumb\"},\"inLanguage\":\"fr-FR\",\"potentialAction\":[{\"@type\":\"ReadAction\",\"target\":[\"https:\/\/elpatronvintage.com\/fr\/questions-frequemment-posees\/\"]}]},{\"@type\":\"BreadcrumbList\",\"@id\":\"https:\/\/elpatronvintage.com\/fr\/questions-frequemment-posees\/#breadcrumb\",\"itemListElement\":[{\"@type\":\"ListItem\",\"position\":1,\"name\":\"Portada\",\"item\":\"http:\/\/elpatronvintage.com\/\"},{\"@type\":\"ListItem\",\"position\":2,\"name\":\"Preguntas frecuentes\"}]},{\"@type\":\"WebSite\",\"@id\":\"http:\/\/elpatronvintage.com\/#website\",\"url\":\"http:\/\/elpatronvintage.com\/\",\"name\":\"EL PATR\u00d3N VINTAGE WHOLESALE | Proveedores de ropa vintage\",\"description\":\"El Patr\u00f3n Vintage CLOTHING WHOLESALE\",\"publisher\":{\"@id\":\"http:\/\/elpatronvintage.com\/#organization\"},\"alternateName\":\"Ropa Vintage al Por Mayor\",\"potentialAction\":[{\"@type\":\"SearchAction\",\"target\":{\"@type\":\"EntryPoint\",\"urlTemplate\":\"http:\/\/elpatronvintage.com\/?s={search_term_string}\"},\"query-input\":{\"@type\":\"PropertyValueSpecification\",\"valueRequired\":true,\"valueName\":\"search_term_string\"}}],\"inLanguage\":\"fr-FR\"},{\"@type\":\"Organization\",\"@id\":\"http:\/\/elpatronvintage.com\/#organization\",\"name\":\"EL PATR\u00d3N VINTAGE WHOLESALE | Proveedores de ropa vintage\",\"url\":\"http:\/\/elpatronvintage.com\/\",\"logo\":{\"@type\":\"ImageObject\",\"inLanguage\":\"fr-FR\",\"@id\":\"http:\/\/elpatronvintage.com\/#\/schema\/logo\/image\/\",\"url\":\"https:\/\/elpatronvintage.com\/wp-content\/uploads\/2023\/01\/logo-web.webp\",\"contentUrl\":\"https:\/\/elpatronvintage.com\/wp-content\/uploads\/2023\/01\/logo-web.webp\",\"width\":961,\"height\":598,\"caption\":\"EL PATR\u00d3N VINTAGE WHOLESALE | Proveedores de ropa vintage\"},\"image\":{\"@id\":\"http:\/\/elpatronvintage.com\/#\/schema\/logo\/image\/\"}}]}<\/script>\n<!-- \/ Yoast SEO plugin. -->","yoast_head_json":{"title":"Questions fr\u00e9quemment pos\u00e9es - elpatronvintage.com","robots":{"index":"index","follow":"follow","max-snippet":"max-snippet:-1","max-image-preview":"max-image-preview:large","max-video-preview":"max-video-preview:-1"},"canonical":"https:\/\/elpatronvintage.com\/fr\/questions-frequemment-posees\/","og_locale":"fr_FR","og_type":"article","og_title":"Preguntas frecuentes - elpatronvintage.com","og_description":"Preguntas frecuentes \u00bfCU\u00c1NTO TARDA EN LLEGAR UN PEDIDO Y CU\u00c1NTO CUESTA? Los pedidos tardan en gestionarse de 1 a 3 d\u00edas h\u00e1biles. Los gastos de env\u00edo se calcular\u00e1n autom\u00e1ticamente dependiendo del peso delpaquete y del destino. Los tiempos de env\u00edo depender\u00e1n de la empresa de transporte y sonaproximados.\u00a0En Espa\u00f1a (pen\u00ednsula) el tiempo de entrega estimado [&hellip;]","og_url":"https:\/\/elpatronvintage.com\/fr\/questions-frequemment-posees\/","og_site_name":"elpatronvintage.com","article_modified_time":"2024-02-11T20:33:30+00:00","twitter_card":"summary_large_image","twitter_misc":{"Dur\u00e9e de lecture estim\u00e9e":"3 minutes"},"schema":{"@context":"https:\/\/schema.org","@graph":[{"@type":"WebPage","@id":"https:\/\/elpatronvintage.com\/fr\/questions-frequemment-posees\/","url":"https:\/\/elpatronvintage.com\/fr\/questions-frequemment-posees\/","name":"Questions fr\u00e9quemment pos\u00e9es - elpatronvintage.com","isPartOf":{"@id":"http:\/\/elpatronvintage.com\/#website"},"datePublished":"2024-02-11T20:32:40+00:00","dateModified":"2024-02-11T20:33:30+00:00","breadcrumb":{"@id":"https:\/\/elpatronvintage.com\/fr\/questions-frequemment-posees\/#breadcrumb"},"inLanguage":"fr-FR","potentialAction":[{"@type":"ReadAction","target":["https:\/\/elpatronvintage.com\/fr\/questions-frequemment-posees\/"]}]},{"@type":"BreadcrumbList","@id":"https:\/\/elpatronvintage.com\/fr\/questions-frequemment-posees\/#breadcrumb","itemListElement":[{"@type":"ListItem","position":1,"name":"Portada","item":"http:\/\/elpatronvintage.com\/"},{"@type":"ListItem","position":2,"name":"Preguntas frecuentes"}]},{"@type":"WebSite","@id":"http:\/\/elpatronvintage.com\/#website","url":"http:\/\/elpatronvintage.com\/","name":"THE WHOLESALE VINTAGE PATTERN | Fournisseurs de v\u00eatements vintage","description":"Le patron vintage de CLOTHING WHOLESALE","publisher":{"@id":"http:\/\/elpatronvintage.com\/#organization"},"alternateName":"Ropa Vintage al Por Mayor","potentialAction":[{"@type":"SearchAction","target":{"@type":"EntryPoint","urlTemplate":"http:\/\/elpatronvintage.com\/?s={search_term_string}"},"query-input":{"@type":"PropertyValueSpecification","valueRequired":true,"valueName":"search_term_string"}}],"inLanguage":"fr-FR"},{"@type":"Organization","@id":"http:\/\/elpatronvintage.com\/#organization","name":"THE WHOLESALE VINTAGE PATTERN | Fournisseurs de v\u00eatements vintage","url":"http:\/\/elpatronvintage.com\/","logo":{"@type":"ImageObject","inLanguage":"fr-FR","@id":"http:\/\/elpatronvintage.com\/#\/schema\/logo\/image\/","url":"https:\/\/elpatronvintage.com\/wp-content\/uploads\/2023\/01\/logo-web.webp","contentUrl":"https:\/\/elpatronvintage.com\/wp-content\/uploads\/2023\/01\/logo-web.webp","width":961,"height":598,"caption":"EL PATR\u00d3N VINTAGE WHOLESALE | Proveedores de ropa vintage"},"image":{"@id":"http:\/\/elpatronvintage.com\/#\/schema\/logo\/image\/"}}]}},"_links":{"self":[{"href":"https:\/\/elpatronvintage.com\/fr\/wp-json\/wp\/v2\/pages\/5922","targetHints":{"allow":["GET"]}}],"collection":[{"href":"https:\/\/elpatronvintage.com\/fr\/wp-json\/wp\/v2\/pages"}],"about":[{"href":"https:\/\/elpatronvintage.com\/fr\/wp-json\/wp\/v2\/types\/page"}],"author":[{"embeddable":true,"href":"https:\/\/elpatronvintage.com\/fr\/wp-json\/wp\/v2\/users\/1"}],"replies":[{"embeddable":true,"href":"https:\/\/elpatronvintage.com\/fr\/wp-json\/wp\/v2\/comments?post=5922"}],"version-history":[{"count":4,"href":"https:\/\/elpatronvintage.com\/fr\/wp-json\/wp\/v2\/pages\/5922\/revisions"}],"predecessor-version":[{"id":5926,"href":"https:\/\/elpatronvintage.com\/fr\/wp-json\/wp\/v2\/pages\/5922\/revisions\/5926"}],"wp:attachment":[{"href":"https:\/\/elpatronvintage.com\/fr\/wp-json\/wp\/v2\/media?parent=5922"}],"curies":[{"name":"wp","href":"https:\/\/api.w.org\/{rel}","templated":true}]}}