{"id":4042,"date":"2023-06-23T07:09:23","date_gmt":"2023-06-23T07:09:23","guid":{"rendered":"https:\/\/elpatronvintage.com\/?page_id=4042"},"modified":"2025-06-04T19:49:24","modified_gmt":"2025-06-04T17:49:24","slug":"avis-juridique","status":"publish","type":"page","link":"https:\/\/elpatronvintage.com\/fr\/avis-juridique\/","title":{"rendered":"Avis juridique"},"content":{"rendered":"<div data-elementor-type=\"wp-page\" data-elementor-id=\"4042\" class=\"elementor elementor-4042\" data-elementor-post-type=\"page\">\n\t\t\t\t\t\t<section class=\"elementor-section elementor-top-section elementor-element elementor-element-108363fd elementor-section-boxed elementor-section-height-default elementor-section-height-default\" data-id=\"108363fd\" data-element_type=\"section\" data-e-type=\"section\">\n\t\t\t\t\t\t<div class=\"elementor-container elementor-column-gap-default\">\n\t\t\t\t\t<div class=\"elementor-column elementor-col-100 elementor-top-column elementor-element elementor-element-2ef85730\" data-id=\"2ef85730\" data-element_type=\"column\" data-e-type=\"column\">\n\t\t\t<div class=\"elementor-widget-wrap elementor-element-populated\">\n\t\t\t\t\t\t<div class=\"elementor-element elementor-element-1a2c7967 elementor-widget elementor-widget-text-editor\" data-id=\"1a2c7967\" data-element_type=\"widget\" data-e-type=\"widget\" data-widget_type=\"text-editor.default\">\n\t\t\t\t<div class=\"elementor-widget-container\">\n\t\t\t\t\t\t\t\t\t\n<p>AVIS JURIDIQUE<br \/><br \/>El Patr\u00f3n vintage a adapt\u00e9 ce site aux besoins des consommateurs :<\/p>\n<p>Le GDPR (R\u00e8glement (UE) 2016\/679 du Parlement europ\u00e9en et du Conseil du 27 mai 2016 relatif \u00e0 la protection des donn\u00e9es \u00e0 caract\u00e8re personnel des personnes physiques \u00e0 l'\u00e9gard du traitement des donn\u00e9es \u00e0 caract\u00e8re personnel).<br \/>d'avril 2016 sur la protection des personnes physiques), qui est la nouvelle loi sur la protection des personnes physiques.<br \/>l\u00e9gislation de l'union europ\u00e9enne unifiant la r\u00e9glementation du traitement des donn\u00e9es \u00e0 caract\u00e8re personnel<br \/>donn\u00e9es personnelles dans diff\u00e9rents pays de l'ue.<br \/>La LOPD (loi organique 15\/1999, du 13 d\u00e9cembre 1999, sur la protection des donn\u00e9es \u00e0 caract\u00e8re personnel) est une loi sur la protection des donn\u00e9es \u00e0 caract\u00e8re personnel.<br \/>caract\u00e8re personnel et le d\u00e9cret royal 1720\/2007, du 21 d\u00e9cembre, connu sous le nom de<br \/>r\u00e8glement pour le d\u00e9veloppement de la LOPD), qui r\u00e9git le traitement des donn\u00e9es \u00e0 caract\u00e8re personnel.<br \/>et les obligations qui doivent \u00eatre assum\u00e9es par les responsables d'un site web ou d'un site internet.<br \/>un blog lorsqu'il s'agit de g\u00e9rer ces informations.<br \/>La LSSI ou LSSICE (loi 34\/2002, du 11 juillet, sur les services de la soci\u00e9t\u00e9 de l'information) est l'organe de r\u00e9gulation de la soci\u00e9t\u00e9 de l'information.<br \/>l'information et le commerce \u00e9lectronique), la r\u00e9glementation des transactions \u00e9conomiques<br \/>par voie \u00e9lectronique, comme c'est le cas pour ce site web.<br \/>Conditions g\u00e9n\u00e9rales d'utilisation, ces conditions g\u00e9n\u00e9rales r\u00e9gissent l'utilisation<br \/>(y compris le simple acc\u00e8s au site web) des pages qui composent Le Patron<br \/>vintage, y compris le contenu et les services qui y sont propos\u00e9s.<br \/>En acc\u00e9dant au site web, vous acqu\u00e9rez le statut d'utilisateur et acceptez d'\u00eatre li\u00e9 par les termes et conditions du site web.<br \/>les conditions g\u00e9n\u00e9rales en vigueur de temps \u00e0 autre.<br \/>Donn\u00e9es personnelles que je recueille et comment je les recueille : vous pouvez lire les informations d\u00e9taill\u00e9es.<br \/>concernant cette section dans la politique de confidentialit\u00e9.<br \/>Engagements et obligations des utilisateurs : vous \u00eates inform\u00e9 et acceptez que les<br \/>l'acc\u00e8s \u00e0 ce site n'implique en aucun cas le d\u00e9but d'une relation commerciale.<br \/>avec El Patr\u00f3n Vintage et vous acceptez d'utiliser ce site web, ses services et son contenu.<br \/>sans enfreindre la l\u00e9gislation en vigueur, la bonne foi et l'ordre public.<br \/>Mesures de s\u00e9curit\u00e9 pour les donn\u00e9es personnelles que vous communiquez \u00e0 El Patr\u00f3n<br \/>vintage en tant que client de El Patr\u00f3n vintage peut \u00eatre stock\u00e9 dans une base de donn\u00e9es.<br \/>les donn\u00e9es, automatis\u00e9es ou non, dont la propri\u00e9t\u00e9 appartient exclusivement \u00e0 El Patr\u00f3n<br \/>vintage, en prenant toutes les mesures techniques, organisationnelles et de s\u00e9curit\u00e9.<br \/>garantissant la confidentialit\u00e9, l'int\u00e9grit\u00e9 et la qualit\u00e9 des informations qui y sont contenues.<br \/>conform\u00e9ment aux dispositions de la r\u00e9glementation en vigueur en mati\u00e8re de protection de l'environnement.<br \/>de donn\u00e9es.<br \/>La communication entre l'utilisateur et El Patr\u00f3n Vintage utilise un canal s\u00e9curis\u00e9 et les donn\u00e9es de l'utilisateur.<br \/>les donn\u00e9es transmises sont crypt\u00e9es \u00e0 l'aide du protocole https. Par cons\u00e9quent, je garantis<br \/>les meilleures conditions de s\u00e9curit\u00e9 pour la confidentialit\u00e9 des utilisateurs.<br \/>Chez El Patr\u00f3n vintage, tous les moyens n\u00e9cessaires sont mis en place et tous les moyens n\u00e9cessaires sont mis en place et tous les moyens n\u00e9cessaires sont mis en place et tous les moyens n\u00e9cessaires sont mis en place.<br \/>des mesures de s\u00e9curit\u00e9 appropri\u00e9es pour d\u00e9tecter et pr\u00e9venir l'existence de virus et d'infections.<br \/>tout autre type d'attaque. Cependant, vous devez savoir que le<br \/>les mesures de s\u00e9curit\u00e9 pour les syst\u00e8mes informatiques sur l'Internet ne sont pas enti\u00e8rement<br \/>fiable. Pour cette raison, le mill\u00e9sime d'El Patr\u00f3n ne peut pas non plus \u00eatre totalement garanti.<br \/>l'absence de virus ou d'autres \u00e9l\u00e9ments susceptibles de provoquer des alt\u00e9rations dans les<\/p>\n<p>les syst\u00e8mes informatiques (logiciels et mat\u00e9riel) des utilisateurs ou leurs documents<br \/>et dans les fichiers qu'ils contiennent.<br \/>Plate-forme de r\u00e9solution des litiges Je vous fournis, en tant qu'utilisateur, la<br \/>plateforme de r\u00e9solution des litiges fournie par la commission europ\u00e9enne, \u00e0 laquelle il<br \/>vous pouvez acc\u00e9der \u00e0 ce lien :<br \/>https:\/\/ec.europa.eu\/consumers\/odr\/main\/index.cfm?event=main.home2.show&amp;amp;lng<br \/>=fr<br \/>Exclusion des garanties et des responsabilit\u00e9s El Patr\u00f3n vintage n'accorde aucune garantie.<br \/>Il n'offre aucune garantie et n'est en aucun cas responsable des dommages de quelque nature que ce soit.<br \/>de quelque nature que ce soit qui pourrait r\u00e9sulter de :<br \/>Le manque de disponibilit\u00e9, de maintenance et de fonctionnement efficace du site web, ou de<br \/>ses services et son contenu.<br \/>l'existence de virus, de logiciels malveillants, de programmes malveillants ou nuisibles dans le site web<br \/>contenu.<br \/>Utilisation ill\u00e9gale, n\u00e9gligente, frauduleuse ou contraire au pr\u00e9sent avis juridique.<br \/>Le manque de l\u00e9galit\u00e9, de qualit\u00e9, de fiabilit\u00e9, d'utilit\u00e9 et de disponibilit\u00e9 des services.<br \/>fournies par des tiers et mises \u00e0 la disposition des utilisateurs sur le site web.<br \/>les dommages pouvant r\u00e9sulter de l'utilisation ill\u00e9gale ou inappropri\u00e9e de ce site web.<\/p>\n<p>Adresse : Violant d'hongria reina arag\u00f3 71 2o 08028, Barcelona<br \/>Courriel : elpatronvintage@gmail.com<\/p>\n<p>El Patr\u00f3n Vintage, avec CIF\/NIF : 47936812M, repr\u00e9sent\u00e9 par Julen Garc\u00eda Mart\u00ednez<\/p>\n\t\t\t\t\t\t\t\t<\/div>\n\t\t\t\t<\/div>\n\t\t\t\t\t<\/div>\n\t\t<\/div>\n\t\t\t\t\t<\/div>\n\t\t<\/section>\n\t\t\t\t<\/div>","protected":false},"excerpt":{"rendered":"<p>AVISO LEGAL El Patr\u00f3n vintage\u00a0ha adecuado esta web a las exigencias de: El RGPD (reglamento (UE) 2016\/679 del parlamento europeo y del consejo de 27de abril de 2016 relativo a la protecci\u00f3n de las personas f\u00edsicas), que es la nuevanormativa de la uni\u00f3n europea que unifica la regulaci\u00f3n del tratamiento de losdatos personales en los [&hellip;]<\/p>\n","protected":false},"author":1,"featured_media":0,"parent":0,"menu_order":0,"comment_status":"closed","ping_status":"open","template":"","meta":{"footnotes":""},"class_list":["post-4042","page","type-page","status-publish","hentry"],"yoast_head":"<!-- This site is optimized with the Yoast SEO plugin v26.8 - https:\/\/yoast.com\/product\/yoast-seo-wordpress\/ -->\n<title>Aviso Legal - elpatronvintage.com<\/title>\n<meta name=\"robots\" content=\"index, follow, max-snippet:-1, max-image-preview:large, max-video-preview:-1\" \/>\n<link rel=\"canonical\" href=\"https:\/\/elpatronvintage.com\/fr\/avis-juridique\/\" \/>\n<meta property=\"og:locale\" content=\"fr_FR\" \/>\n<meta property=\"og:type\" content=\"article\" \/>\n<meta property=\"og:title\" content=\"Aviso Legal - elpatronvintage.com\" \/>\n<meta property=\"og:description\" content=\"AVISO LEGAL El Patr\u00f3n vintage\u00a0ha adecuado esta web a las exigencias de: El RGPD (reglamento (UE) 2016\/679 del parlamento europeo y del consejo de 27de abril de 2016 relativo a la protecci\u00f3n de las personas f\u00edsicas), que es la nuevanormativa de la uni\u00f3n europea que unifica la regulaci\u00f3n del tratamiento de losdatos personales en los [&hellip;]\" \/>\n<meta property=\"og:url\" content=\"https:\/\/elpatronvintage.com\/fr\/avis-juridique\/\" \/>\n<meta property=\"og:site_name\" content=\"elpatronvintage.com\" \/>\n<meta property=\"article:modified_time\" content=\"2025-06-04T17:49:24+00:00\" \/>\n<meta name=\"twitter:card\" content=\"summary_large_image\" \/>\n<meta name=\"twitter:label1\" content=\"Dur\u00e9e de lecture estim\u00e9e\" \/>\n\t<meta name=\"twitter:data1\" content=\"4 minutes\" \/>\n<script type=\"application\/ld+json\" class=\"yoast-schema-graph\">{\"@context\":\"https:\/\/schema.org\",\"@graph\":[{\"@type\":\"WebPage\",\"@id\":\"https:\/\/elpatronvintage.com\/fr\/avis-juridique\/\",\"url\":\"https:\/\/elpatronvintage.com\/fr\/avis-juridique\/\",\"name\":\"Aviso Legal - elpatronvintage.com\",\"isPartOf\":{\"@id\":\"http:\/\/elpatronvintage.com\/#website\"},\"datePublished\":\"2023-06-23T07:09:23+00:00\",\"dateModified\":\"2025-06-04T17:49:24+00:00\",\"breadcrumb\":{\"@id\":\"https:\/\/elpatronvintage.com\/fr\/avis-juridique\/#breadcrumb\"},\"inLanguage\":\"fr-FR\",\"potentialAction\":[{\"@type\":\"ReadAction\",\"target\":[\"https:\/\/elpatronvintage.com\/fr\/avis-juridique\/\"]}]},{\"@type\":\"BreadcrumbList\",\"@id\":\"https:\/\/elpatronvintage.com\/fr\/avis-juridique\/#breadcrumb\",\"itemListElement\":[{\"@type\":\"ListItem\",\"position\":1,\"name\":\"Portada\",\"item\":\"http:\/\/elpatronvintage.com\/\"},{\"@type\":\"ListItem\",\"position\":2,\"name\":\"Aviso Legal\"}]},{\"@type\":\"WebSite\",\"@id\":\"http:\/\/elpatronvintage.com\/#website\",\"url\":\"http:\/\/elpatronvintage.com\/\",\"name\":\"EL PATR\u00d3N VINTAGE WHOLESALE | Proveedores de ropa vintage\",\"description\":\"El Patr\u00f3n Vintage CLOTHING WHOLESALE\",\"publisher\":{\"@id\":\"http:\/\/elpatronvintage.com\/#organization\"},\"alternateName\":\"Ropa Vintage al Por Mayor\",\"potentialAction\":[{\"@type\":\"SearchAction\",\"target\":{\"@type\":\"EntryPoint\",\"urlTemplate\":\"http:\/\/elpatronvintage.com\/?s={search_term_string}\"},\"query-input\":{\"@type\":\"PropertyValueSpecification\",\"valueRequired\":true,\"valueName\":\"search_term_string\"}}],\"inLanguage\":\"fr-FR\"},{\"@type\":\"Organization\",\"@id\":\"http:\/\/elpatronvintage.com\/#organization\",\"name\":\"EL PATR\u00d3N VINTAGE WHOLESALE | Proveedores de ropa vintage\",\"url\":\"http:\/\/elpatronvintage.com\/\",\"logo\":{\"@type\":\"ImageObject\",\"inLanguage\":\"fr-FR\",\"@id\":\"http:\/\/elpatronvintage.com\/#\/schema\/logo\/image\/\",\"url\":\"https:\/\/elpatronvintage.com\/wp-content\/uploads\/2023\/01\/logo-web.webp\",\"contentUrl\":\"https:\/\/elpatronvintage.com\/wp-content\/uploads\/2023\/01\/logo-web.webp\",\"width\":961,\"height\":598,\"caption\":\"EL PATR\u00d3N VINTAGE WHOLESALE | Proveedores de ropa vintage\"},\"image\":{\"@id\":\"http:\/\/elpatronvintage.com\/#\/schema\/logo\/image\/\"}}]}<\/script>\n<!-- \/ Yoast SEO plugin. -->","yoast_head_json":{"title":"Mentions l\u00e9gales - elpatronvintage.com","robots":{"index":"index","follow":"follow","max-snippet":"max-snippet:-1","max-image-preview":"max-image-preview:large","max-video-preview":"max-video-preview:-1"},"canonical":"https:\/\/elpatronvintage.com\/fr\/avis-juridique\/","og_locale":"fr_FR","og_type":"article","og_title":"Aviso Legal - elpatronvintage.com","og_description":"AVISO LEGAL El Patr\u00f3n vintage\u00a0ha adecuado esta web a las exigencias de: El RGPD (reglamento (UE) 2016\/679 del parlamento europeo y del consejo de 27de abril de 2016 relativo a la protecci\u00f3n de las personas f\u00edsicas), que es la nuevanormativa de la uni\u00f3n europea que unifica la regulaci\u00f3n del tratamiento de losdatos personales en los [&hellip;]","og_url":"https:\/\/elpatronvintage.com\/fr\/avis-juridique\/","og_site_name":"elpatronvintage.com","article_modified_time":"2025-06-04T17:49:24+00:00","twitter_card":"summary_large_image","twitter_misc":{"Dur\u00e9e de lecture estim\u00e9e":"4 minutes"},"schema":{"@context":"https:\/\/schema.org","@graph":[{"@type":"WebPage","@id":"https:\/\/elpatronvintage.com\/fr\/avis-juridique\/","url":"https:\/\/elpatronvintage.com\/fr\/avis-juridique\/","name":"Mentions l\u00e9gales - elpatronvintage.com","isPartOf":{"@id":"http:\/\/elpatronvintage.com\/#website"},"datePublished":"2023-06-23T07:09:23+00:00","dateModified":"2025-06-04T17:49:24+00:00","breadcrumb":{"@id":"https:\/\/elpatronvintage.com\/fr\/avis-juridique\/#breadcrumb"},"inLanguage":"fr-FR","potentialAction":[{"@type":"ReadAction","target":["https:\/\/elpatronvintage.com\/fr\/avis-juridique\/"]}]},{"@type":"BreadcrumbList","@id":"https:\/\/elpatronvintage.com\/fr\/avis-juridique\/#breadcrumb","itemListElement":[{"@type":"ListItem","position":1,"name":"Portada","item":"http:\/\/elpatronvintage.com\/"},{"@type":"ListItem","position":2,"name":"Aviso Legal"}]},{"@type":"WebSite","@id":"http:\/\/elpatronvintage.com\/#website","url":"http:\/\/elpatronvintage.com\/","name":"THE WHOLESALE VINTAGE PATTERN | Fournisseurs de v\u00eatements vintage","description":"Le patron vintage de CLOTHING WHOLESALE","publisher":{"@id":"http:\/\/elpatronvintage.com\/#organization"},"alternateName":"Ropa Vintage al Por Mayor","potentialAction":[{"@type":"SearchAction","target":{"@type":"EntryPoint","urlTemplate":"http:\/\/elpatronvintage.com\/?s={search_term_string}"},"query-input":{"@type":"PropertyValueSpecification","valueRequired":true,"valueName":"search_term_string"}}],"inLanguage":"fr-FR"},{"@type":"Organization","@id":"http:\/\/elpatronvintage.com\/#organization","name":"THE WHOLESALE VINTAGE PATTERN | Fournisseurs de v\u00eatements vintage","url":"http:\/\/elpatronvintage.com\/","logo":{"@type":"ImageObject","inLanguage":"fr-FR","@id":"http:\/\/elpatronvintage.com\/#\/schema\/logo\/image\/","url":"https:\/\/elpatronvintage.com\/wp-content\/uploads\/2023\/01\/logo-web.webp","contentUrl":"https:\/\/elpatronvintage.com\/wp-content\/uploads\/2023\/01\/logo-web.webp","width":961,"height":598,"caption":"EL PATR\u00d3N VINTAGE WHOLESALE | Proveedores de ropa vintage"},"image":{"@id":"http:\/\/elpatronvintage.com\/#\/schema\/logo\/image\/"}}]}},"_links":{"self":[{"href":"https:\/\/elpatronvintage.com\/fr\/wp-json\/wp\/v2\/pages\/4042","targetHints":{"allow":["GET"]}}],"collection":[{"href":"https:\/\/elpatronvintage.com\/fr\/wp-json\/wp\/v2\/pages"}],"about":[{"href":"https:\/\/elpatronvintage.com\/fr\/wp-json\/wp\/v2\/types\/page"}],"author":[{"embeddable":true,"href":"https:\/\/elpatronvintage.com\/fr\/wp-json\/wp\/v2\/users\/1"}],"replies":[{"embeddable":true,"href":"https:\/\/elpatronvintage.com\/fr\/wp-json\/wp\/v2\/comments?post=4042"}],"version-history":[{"count":7,"href":"https:\/\/elpatronvintage.com\/fr\/wp-json\/wp\/v2\/pages\/4042\/revisions"}],"predecessor-version":[{"id":13152,"href":"https:\/\/elpatronvintage.com\/fr\/wp-json\/wp\/v2\/pages\/4042\/revisions\/13152"}],"wp:attachment":[{"href":"https:\/\/elpatronvintage.com\/fr\/wp-json\/wp\/v2\/media?parent=4042"}],"curies":[{"name":"wp","href":"https:\/\/api.w.org\/{rel}","templated":true}]}}