{"id":4037,"date":"2023-06-23T07:07:32","date_gmt":"2023-06-23T07:07:32","guid":{"rendered":"https:\/\/elpatronvintage.com\/?page_id=4037"},"modified":"2023-06-23T07:08:51","modified_gmt":"2023-06-23T07:08:51","slug":"biscuits","status":"publish","type":"page","link":"https:\/\/elpatronvintage.com\/fr\/biscuits\/","title":{"rendered":"Cookies"},"content":{"rendered":"<div data-elementor-type=\"wp-page\" data-elementor-id=\"4037\" class=\"elementor elementor-4037\" data-elementor-post-type=\"page\">\n\t\t\t\t\t\t<section class=\"elementor-section elementor-top-section elementor-element elementor-element-108363fd elementor-section-boxed elementor-section-height-default elementor-section-height-default\" data-id=\"108363fd\" data-element_type=\"section\" data-e-type=\"section\">\n\t\t\t\t\t\t<div class=\"elementor-container elementor-column-gap-default\">\n\t\t\t\t\t<div class=\"elementor-column elementor-col-100 elementor-top-column elementor-element elementor-element-2ef85730\" data-id=\"2ef85730\" data-element_type=\"column\" data-e-type=\"column\">\n\t\t\t<div class=\"elementor-widget-wrap elementor-element-populated\">\n\t\t\t\t\t\t<div class=\"elementor-element elementor-element-1a2c7967 elementor-widget elementor-widget-text-editor\" data-id=\"1a2c7967\" data-element_type=\"widget\" data-e-type=\"widget\" data-widget_type=\"text-editor.default\">\n\t\t\t\t<div class=\"elementor-widget-container\">\n\t\t\t\t\t\t\t\t\t\n<p>POLITIQUE EN MATI\u00c8RE DE COOKIES<br \/>Je recueille et utilise les informations sur ce site web conform\u00e9ment \u00e0 ma politique de confidentialit\u00e9.<br \/>la vie priv\u00e9e. L'une des fa\u00e7ons dont je recueille des donn\u00e9es est l'utilisation de l'application<br \/>technologie appel\u00e9e \"cookies\".<br \/>Elpatr\u00f3nvintage.com utilise ses propres cookies et ceux de tiers pour atteindre les objectifs suivants<br \/>pour vous offrir une meilleure exp\u00e9rience utilisateur, obtenir des statistiques et des habitudes<br \/>navigation et pour permettre les fonctions de r\u00e9seaux sociaux (partage de contenu, etc.).<br \/>), entre autres.<br \/>En tant qu'utilisateur, vous pouvez vous opposer au traitement des donn\u00e9es ou des informations<br \/>en bloquant ces cookies \u00e0 l'aide des param\u00e8tres de votre navigateur. En proc\u00e9dant de la sorte<br \/>ne seront pas t\u00e9l\u00e9charg\u00e9es et stock\u00e9es sur votre disque dur. Vous devez savoir que si vous<br \/>ce site ne fonctionnera pas correctement.<br \/>Voici comment configurer les navigateurs les plus courants pour<br \/>de vous avertir de la r\u00e9ception de cookies sur votre disque dur ou de d\u00e9sactiver les cookies.<br \/>(lien vers la gestion et le stockage des cookies sur ce site).<br \/>d\u00e9sactiver ces cookies).<\/p>\n<p>Selon l'article 22.2 de la loi 34\/2002 sur les services de la soci\u00e9t\u00e9 de l'information<br \/>d'information et de commerce \u00e9lectronique, en continuant \u00e0 naviguer sur le site vous fournissez<br \/>votre consentement \u00e0 l'utilisation de ces cookies. Il est donc important que vous<br \/>que vous avez lu cette politique en mati\u00e8re de cookies et que vous comprenez que si vous continuez \u00e0 naviguer sur le site, vous ne pourrez pas utiliser de cookies.<br \/>Je consid\u00e9rerai que vous acceptez leur utilisation.<br \/>Qu'est-ce qu'un cookie ? Un cookie est un fichier texte qui est t\u00e9l\u00e9charg\u00e9 sur votre ordinateur.<br \/>l'ordinateur lors de l'acc\u00e8s \u00e0 certaines pages web.<br \/>Son utilit\u00e9 est que le navigateur pourra se souvenir de votre visite lorsque vous reviendrez sur le site<br \/>surfer sur ce site.<br \/>Les cookies permettent au site de stocker et de r\u00e9cup\u00e9rer, entre autres, les informations suivantes<br \/>des informations sur vos habitudes de navigation ou sur votre \u00e9quipement et, en fonction de l'utilisation de l'ordinateur, des informations sur votre consommation d'\u00e9nergie.<br \/>les informations qu'ils contiennent et la fa\u00e7on dont vous utilisez votre \u00e9quipement, ils peuvent<br \/>utilis\u00e9 pour vous reconna\u00eetre.<br \/>Le cookie a pour but d'adapter le contenu du site web \u00e0 votre profil et \u00e0 vos besoins.<br \/>pour vous offrir une meilleure exp\u00e9rience de navigation. Sans cookies, les services<br \/>offert par un site serait consid\u00e9rablement r\u00e9duit.<br \/>Un cookie n'est pas un virus, un cheval de Troie, un ver, un spam, un logiciel espion ou un spyware.<br \/>ouvre des fen\u00eatres contextuelles.<br \/>Informations stock\u00e9es par un cookie Les cookies stockent des donn\u00e9es \u00e0 caract\u00e8re personnel.<br \/>pr\u00e9f\u00e9rences personnelles, personnalisation du contenu, personnalisation du contenu, statistiques de<br \/>l'utilisation, les liens vers les r\u00e9seaux sociaux, l'acc\u00e8s aux comptes d'utilisateurs, etc.<br \/>Ils ne stockent g\u00e9n\u00e9ralement pas d'informations sensibles vous concernant, telles que des donn\u00e9es relatives \u00e0 votre carte de cr\u00e9dit ou \u00e0 d'autres donn\u00e9es.<br \/>coordonn\u00e9es bancaires, photographies ou informations personnelles, etc.<br \/>Le serveur web ne vous associe pas en tant que personne, mais votre navigateur. En fait, si vous<br \/>vous naviguez habituellement avec google chrome et essayez de naviguer sur le m\u00eame site web<br \/>avec mozilla firefox, internet explorer ou apple safari vous verrez que le web n'est pas donn\u00e9<br \/>vous \u00eates la m\u00eame personne parce que vous associez en fait les<br \/>au navigateur et non \u00e0 la personne.<br \/>\u25cf Cookies propres et cookies de tiers<br \/>\u25cf Cookies de premi\u00e8re partie : cookies g\u00e9n\u00e9r\u00e9s par le site web que vous visitez.<br \/>(dans ce cas, Elpatr\u00f3nvintage.com).<br \/>\u25cf Les cookies tiers : il s'agit de cookies g\u00e9n\u00e9r\u00e9s par des services ou des prestataires.<br \/>tels que mailerlite, google analytics, facebook, etc.<br \/>\u25cf Les biscuits en fonction de leur dur\u00e9e de conservation.<br \/>\u25cf Les cookies de session : ils stockent vos informations de navigation tant que vous \u00eates connect\u00e9.<br \/>vous restez sur la page et sont supprim\u00e9s lorsque vous fermez le navigateur.<br \/>Lorsque vous retournez sur le site web qui a cr\u00e9\u00e9 le cookie, le cookie ne vous reconna\u00eetra pas et<br \/>vous devrez vous connecter ou s\u00e9lectionner \u00e0 nouveau vos pr\u00e9f\u00e9rences.<\/p>\n<p>\u25cf Cookies persistants : ils sont stock\u00e9s dans un sous-dossier de votre<br \/>jusqu'\u00e0 ce que vous les supprimiez manuellement ou qu'il les supprime.<br \/>apr\u00e8s un certain temps dans le fichier cookie.<\/p>\n<p>Types de cookies en fonction de leur finalit\u00e9<br \/>\u25cf Les cookies techniques : ce sont les cookies les plus \u00e9l\u00e9mentaires, ceux qui permettent de .<br \/>la navigation sur le site web et l'utilisation de ses diff\u00e9rentes options ou services.<br \/>Ils permettent, entre autres, de savoir quand un \u00eatre humain navigue.<br \/>ou d'une application automatis\u00e9e, et lorsqu'un utilisateur anonyme navigue et<br \/>L'une des t\u00e2ches de base enregistr\u00e9es pour le fonctionnement de tout site web.<br \/>dynamique.<br \/>\u25cf Les cookies de personnalisation : ces cookies vous permettent d'acc\u00e9der \u00e0 un service avec .<br \/>certaines caract\u00e9ristiques d\u00e9j\u00e0 pr\u00e9configur\u00e9es en fonction d'une s\u00e9rie de<br \/>des crit\u00e8res tels que le type de navigateur que vous utilisez, la langue d\u00e9finie dans l<br \/>est, la zone d'acc\u00e8s, etc.<br \/>\u25cf Cookies analytiques : collectent des informations sur le type de navigation.<br \/>vous faites, les sections que vous utilisez le plus, les produits que vous utilisez le plus, les produits que vous utilisez le plus, les produits que vous utilisez le plus, les produits que vous utilisez le plus, les produits que vous utilisez le plus.<br \/>les requ\u00eates, le fuseau horaire d'utilisation, la langue, etc. Ils permettent de mesurer la<br \/>l'activit\u00e9 du site et d'y apporter des am\u00e9liorations conform\u00e9ment \u00e0 la politique de l'Union europ\u00e9enne.<br \/>le suivi et l'analyse de votre comportement.<br \/>\u25cf Les cookies publicitaires : ils permettent de g\u00e9rer le plus efficacement possible le site web de l'entreprise.<br \/>la publicit\u00e9 incluse dans un site web, en vous montrant des publicit\u00e9s avec le nom de l'entreprise.<br \/>un contenu et une fr\u00e9quence appropri\u00e9s. Ils affichent des publicit\u00e9s bas\u00e9es sur<br \/>de votre navigation, de votre pays d'origine, de votre langue, etc.<br \/>\u25cf Les cookies de publicit\u00e9 comportementale : ils stockent des informations sur votre...<br \/>en fonction de vos habitudes de navigation et de d\u00e9velopper une<br \/>profil sp\u00e9cifique pour vous montrer des publicit\u00e9s bas\u00e9es sur ce profil.<\/p>\n<p>Comment les cookies sont-ils utilis\u00e9s sur Elpatr\u00f3nvintage.com ?<br \/>Ce site web requiert toujours votre consentement pour l'utilisation de cookies.<br \/>Les cookies sur ce site web nous aident \u00e0 :<br \/>\u25cf Que le site web fonctionne correctement.<br \/>\u25cf Se souvenir de vos param\u00e8tres et pr\u00e9f\u00e9rences pendant et entre les visites.<br \/>\u25cf Am\u00e9liorer la vitesse et la s\u00e9curit\u00e9 du site web.<br \/>\u25cf Vous pouvez partager du contenu sur les r\u00e9seaux sociaux.<br \/>\u25cf Que vous puissiez laisser des commentaires.<br \/>\u25cf Que vous pouvez regarder des vid\u00e9os.<br \/>\u25cf Am\u00e9liorer le site web gr\u00e2ce aux analyses que je fais.<br \/>\u25cf Rendre les campagnes de marketing plus efficaces.<br \/>\u25cf Je n'utiliserai jamais de cookies pour :<br \/>\u25cf Collecter des informations personnellement identifiables (sans votre consentement).<br \/>express).<br \/>\u25cf La collecte d'informations sensibles telles que : adresse, mots de passe, informations personnelles.<br \/>cartes de cr\u00e9dit, etc.<br \/>\u25cf Partager ou transf\u00e9rer des donn\u00e9es personnelles identifiables \u00e0 des tiers (sans votre consentement) \u25cf Partager ou transf\u00e9rer des donn\u00e9es personnelles identifiables avec des tiers (sans votre consentement).<br \/>connaissance et autorisation expresse).<\/p>\n<p>Les propres cookies que nous utilisons sur Elpatr\u00f3nvintage.com<br \/>Ce site web utilise ses propres cookies aux fins suivantes :<br \/>\u25cf D\u00e9terminez si vous vous \u00eates connect\u00e9 au web.<br \/>M\u00e9moriser les param\u00e8tres de recherche.<br \/>\u25cf vous rappeler si vous avez accept\u00e9 les conditions l\u00e9gales (avertissement<br \/>juridique, politique de confidentialit\u00e9 et politique en mati\u00e8re de cookies).<br \/>\u25cf Vous montrer les pages que vous avez r\u00e9cemment visit\u00e9es.<br \/>\u25cf Ajouter des commentaires au site web.<br \/>\u25cf Lutter contre le spam, en s'assurant que l'utilisateur est bien un humain et non un...<br \/>application automatis\u00e9e.<br \/>\u25cf Pour \u00e9viter les risques de s\u00e9curit\u00e9, en particulier pour d\u00e9tecter quand<br \/>quelqu'un essaie de pirater Elpatr\u00f3nvintage.com<\/p>\n\t\t\t\t\t\t\t\t<\/div>\n\t\t\t\t<\/div>\n\t\t\t\t\t<\/div>\n\t\t<\/div>\n\t\t\t\t\t<\/div>\n\t\t<\/section>\n\t\t\t\t<\/div>","protected":false},"excerpt":{"rendered":"<p>POL\u00cdTICA DE COOKIESEn esta web recopilo y utilizo la informaci\u00f3n seg\u00fan indico en mi pol\u00edtica deprivacidad. Una de las formas en las que recojo datos es a trav\u00e9s del uso de latecnolog\u00eda llamada \u201ccookies\u201d.En&nbsp;Elpatr\u00f3nvintage.com&nbsp;utilizamos cookies propias y de terceros para conseguirque tengas una mejor experiencia de usuario, para obtener estad\u00edsticas y h\u00e1bitosde navegaci\u00f3n y para [&hellip;]<\/p>\n","protected":false},"author":1,"featured_media":0,"parent":0,"menu_order":0,"comment_status":"closed","ping_status":"open","template":"","meta":{"footnotes":""},"class_list":["post-4037","page","type-page","status-publish","hentry"],"yoast_head":"<!-- This site is optimized with the Yoast SEO plugin v26.8 - https:\/\/yoast.com\/product\/yoast-seo-wordpress\/ -->\n<title>Cookies - elpatronvintage.com<\/title>\n<meta name=\"robots\" content=\"index, follow, max-snippet:-1, max-image-preview:large, max-video-preview:-1\" \/>\n<link rel=\"canonical\" href=\"https:\/\/elpatronvintage.com\/fr\/biscuits\/\" \/>\n<meta property=\"og:locale\" content=\"fr_FR\" \/>\n<meta property=\"og:type\" content=\"article\" \/>\n<meta property=\"og:title\" content=\"Cookies - elpatronvintage.com\" \/>\n<meta property=\"og:description\" content=\"POL\u00cdTICA DE COOKIESEn esta web recopilo y utilizo la informaci\u00f3n seg\u00fan indico en mi pol\u00edtica deprivacidad. Una de las formas en las que recojo datos es a trav\u00e9s del uso de latecnolog\u00eda llamada \u201ccookies\u201d.En&nbsp;Elpatr\u00f3nvintage.com&nbsp;utilizamos cookies propias y de terceros para conseguirque tengas una mejor experiencia de usuario, para obtener estad\u00edsticas y h\u00e1bitosde navegaci\u00f3n y para [&hellip;]\" \/>\n<meta property=\"og:url\" content=\"https:\/\/elpatronvintage.com\/fr\/biscuits\/\" \/>\n<meta property=\"og:site_name\" content=\"elpatronvintage.com\" \/>\n<meta property=\"article:modified_time\" content=\"2023-06-23T07:08:51+00:00\" \/>\n<meta name=\"twitter:card\" content=\"summary_large_image\" \/>\n<meta name=\"twitter:label1\" content=\"Dur\u00e9e de lecture estim\u00e9e\" \/>\n\t<meta name=\"twitter:data1\" content=\"5 minutes\" \/>\n<script type=\"application\/ld+json\" class=\"yoast-schema-graph\">{\"@context\":\"https:\/\/schema.org\",\"@graph\":[{\"@type\":\"WebPage\",\"@id\":\"https:\/\/elpatronvintage.com\/en\/cookies\/\",\"url\":\"https:\/\/elpatronvintage.com\/en\/cookies\/\",\"name\":\"Cookies - elpatronvintage.com\",\"isPartOf\":{\"@id\":\"https:\/\/elpatronvintage.com\/#website\"},\"datePublished\":\"2023-06-23T07:07:32+00:00\",\"dateModified\":\"2023-06-23T07:08:51+00:00\",\"breadcrumb\":{\"@id\":\"https:\/\/elpatronvintage.com\/en\/cookies\/#breadcrumb\"},\"inLanguage\":\"fr-FR\",\"potentialAction\":[{\"@type\":\"ReadAction\",\"target\":[\"https:\/\/elpatronvintage.com\/en\/cookies\/\"]}]},{\"@type\":\"BreadcrumbList\",\"@id\":\"https:\/\/elpatronvintage.com\/en\/cookies\/#breadcrumb\",\"itemListElement\":[{\"@type\":\"ListItem\",\"position\":1,\"name\":\"Portada\",\"item\":\"https:\/\/elpatronvintage.com\/it\/\"},{\"@type\":\"ListItem\",\"position\":2,\"name\":\"Cookies\"}]},{\"@type\":\"WebSite\",\"@id\":\"https:\/\/elpatronvintage.com\/#website\",\"url\":\"https:\/\/elpatronvintage.com\/\",\"name\":\"EL PATR\u00d3N VINTAGE WHOLESALE | Proveedores de ropa vintage\",\"description\":\"El Patr\u00f3n Vintage CLOTHING WHOLESALE\",\"publisher\":{\"@id\":\"https:\/\/elpatronvintage.com\/#organization\"},\"alternateName\":\"Ropa Vintage al Por Mayor\",\"potentialAction\":[{\"@type\":\"SearchAction\",\"target\":{\"@type\":\"EntryPoint\",\"urlTemplate\":\"https:\/\/elpatronvintage.com\/?s={search_term_string}\"},\"query-input\":{\"@type\":\"PropertyValueSpecification\",\"valueRequired\":true,\"valueName\":\"search_term_string\"}}],\"inLanguage\":\"fr-FR\"},{\"@type\":\"Organization\",\"@id\":\"https:\/\/elpatronvintage.com\/#organization\",\"name\":\"EL PATR\u00d3N VINTAGE WHOLESALE | Proveedores de ropa vintage\",\"url\":\"https:\/\/elpatronvintage.com\/\",\"logo\":{\"@type\":\"ImageObject\",\"inLanguage\":\"fr-FR\",\"@id\":\"https:\/\/elpatronvintage.com\/#\/schema\/logo\/image\/\",\"url\":\"https:\/\/elpatronvintage.com\/wp-content\/uploads\/2023\/01\/logo-web.webp\",\"contentUrl\":\"https:\/\/elpatronvintage.com\/wp-content\/uploads\/2023\/01\/logo-web.webp\",\"width\":961,\"height\":598,\"caption\":\"EL PATR\u00d3N VINTAGE WHOLESALE | Proveedores de ropa vintage\"},\"image\":{\"@id\":\"https:\/\/elpatronvintage.com\/#\/schema\/logo\/image\/\"}}]}<\/script>\n<!-- \/ Yoast SEO plugin. -->","yoast_head_json":{"title":"Cookies - elpatronvintage.com","robots":{"index":"index","follow":"follow","max-snippet":"max-snippet:-1","max-image-preview":"max-image-preview:large","max-video-preview":"max-video-preview:-1"},"canonical":"https:\/\/elpatronvintage.com\/fr\/biscuits\/","og_locale":"fr_FR","og_type":"article","og_title":"Cookies - elpatronvintage.com","og_description":"POL\u00cdTICA DE COOKIESEn esta web recopilo y utilizo la informaci\u00f3n seg\u00fan indico en mi pol\u00edtica deprivacidad. Una de las formas en las que recojo datos es a trav\u00e9s del uso de latecnolog\u00eda llamada \u201ccookies\u201d.En&nbsp;Elpatr\u00f3nvintage.com&nbsp;utilizamos cookies propias y de terceros para conseguirque tengas una mejor experiencia de usuario, para obtener estad\u00edsticas y h\u00e1bitosde navegaci\u00f3n y para [&hellip;]","og_url":"https:\/\/elpatronvintage.com\/fr\/biscuits\/","og_site_name":"elpatronvintage.com","article_modified_time":"2023-06-23T07:08:51+00:00","twitter_card":"summary_large_image","twitter_misc":{"Dur\u00e9e de lecture estim\u00e9e":"5 minutes"},"schema":{"@context":"https:\/\/schema.org","@graph":[{"@type":"WebPage","@id":"https:\/\/elpatronvintage.com\/en\/cookies\/","url":"https:\/\/elpatronvintage.com\/en\/cookies\/","name":"Cookies - elpatronvintage.com","isPartOf":{"@id":"https:\/\/elpatronvintage.com\/#website"},"datePublished":"2023-06-23T07:07:32+00:00","dateModified":"2023-06-23T07:08:51+00:00","breadcrumb":{"@id":"https:\/\/elpatronvintage.com\/en\/cookies\/#breadcrumb"},"inLanguage":"fr-FR","potentialAction":[{"@type":"ReadAction","target":["https:\/\/elpatronvintage.com\/en\/cookies\/"]}]},{"@type":"BreadcrumbList","@id":"https:\/\/elpatronvintage.com\/en\/cookies\/#breadcrumb","itemListElement":[{"@type":"ListItem","position":1,"name":"Portada","item":"https:\/\/elpatronvintage.com\/it\/"},{"@type":"ListItem","position":2,"name":"Cookies"}]},{"@type":"WebSite","@id":"https:\/\/elpatronvintage.com\/#website","url":"https:\/\/elpatronvintage.com\/","name":"THE WHOLESALE VINTAGE PATTERN | Fournisseurs de v\u00eatements vintage","description":"Le patron vintage de CLOTHING WHOLESALE","publisher":{"@id":"https:\/\/elpatronvintage.com\/#organization"},"alternateName":"Ropa Vintage al Por Mayor","potentialAction":[{"@type":"SearchAction","target":{"@type":"EntryPoint","urlTemplate":"https:\/\/elpatronvintage.com\/?s={search_term_string}"},"query-input":{"@type":"PropertyValueSpecification","valueRequired":true,"valueName":"search_term_string"}}],"inLanguage":"fr-FR"},{"@type":"Organization","@id":"https:\/\/elpatronvintage.com\/#organization","name":"THE WHOLESALE VINTAGE PATTERN | Fournisseurs de v\u00eatements vintage","url":"https:\/\/elpatronvintage.com\/","logo":{"@type":"ImageObject","inLanguage":"fr-FR","@id":"https:\/\/elpatronvintage.com\/#\/schema\/logo\/image\/","url":"https:\/\/elpatronvintage.com\/wp-content\/uploads\/2023\/01\/logo-web.webp","contentUrl":"https:\/\/elpatronvintage.com\/wp-content\/uploads\/2023\/01\/logo-web.webp","width":961,"height":598,"caption":"EL PATR\u00d3N VINTAGE WHOLESALE | Proveedores de ropa vintage"},"image":{"@id":"https:\/\/elpatronvintage.com\/#\/schema\/logo\/image\/"}}]}},"_links":{"self":[{"href":"https:\/\/elpatronvintage.com\/fr\/wp-json\/wp\/v2\/pages\/4037","targetHints":{"allow":["GET"]}}],"collection":[{"href":"https:\/\/elpatronvintage.com\/fr\/wp-json\/wp\/v2\/pages"}],"about":[{"href":"https:\/\/elpatronvintage.com\/fr\/wp-json\/wp\/v2\/types\/page"}],"author":[{"embeddable":true,"href":"https:\/\/elpatronvintage.com\/fr\/wp-json\/wp\/v2\/users\/1"}],"replies":[{"embeddable":true,"href":"https:\/\/elpatronvintage.com\/fr\/wp-json\/wp\/v2\/comments?post=4037"}],"version-history":[{"count":4,"href":"https:\/\/elpatronvintage.com\/fr\/wp-json\/wp\/v2\/pages\/4037\/revisions"}],"predecessor-version":[{"id":4041,"href":"https:\/\/elpatronvintage.com\/fr\/wp-json\/wp\/v2\/pages\/4037\/revisions\/4041"}],"wp:attachment":[{"href":"https:\/\/elpatronvintage.com\/fr\/wp-json\/wp\/v2\/media?parent=4037"}],"curies":[{"name":"wp","href":"https:\/\/api.w.org\/{rel}","templated":true}]}}