{"id":3,"date":"2022-06-20T09:56:55","date_gmt":"2022-06-20T09:56:55","guid":{"rendered":"http:\/\/elpatronvintage.com\/?page_id=3"},"modified":"2023-06-23T07:05:17","modified_gmt":"2023-06-23T07:05:17","slug":"politique-de-confidentialite","status":"publish","type":"page","link":"https:\/\/elpatronvintage.com\/fr\/politique-de-confidentialite\/","title":{"rendered":"Politique de confidentialit\u00e9"},"content":{"rendered":"<div data-elementor-type=\"wp-page\" data-elementor-id=\"3\" class=\"elementor elementor-3\" data-elementor-post-type=\"page\">\n\t\t\t\t\t\t<section class=\"elementor-section elementor-top-section elementor-element elementor-element-108363fd elementor-section-boxed elementor-section-height-default elementor-section-height-default\" data-id=\"108363fd\" data-element_type=\"section\" data-e-type=\"section\">\n\t\t\t\t\t\t<div class=\"elementor-container elementor-column-gap-default\">\n\t\t\t\t\t<div class=\"elementor-column elementor-col-100 elementor-top-column elementor-element elementor-element-2ef85730\" data-id=\"2ef85730\" data-element_type=\"column\" data-e-type=\"column\">\n\t\t\t<div class=\"elementor-widget-wrap elementor-element-populated\">\n\t\t\t\t\t\t<div class=\"elementor-element elementor-element-1a2c7967 elementor-widget elementor-widget-text-editor\" data-id=\"1a2c7967\" data-element_type=\"widget\" data-e-type=\"widget\" data-widget_type=\"text-editor.default\">\n\t\t\t\t<div class=\"elementor-widget-container\">\n\t\t\t\t\t\t\t\t\t\n<p>POLITIQUE DE CONFIDENTIALIT\u00c9<\/p>\n\n\n\n<p>Si vous \u00eates ici, c'est parce que vous \u00eates pr\u00e9occup\u00e9 par notre respect de la politique de protection de la vie priv\u00e9e et de l'environnement.<br>la protection des donn\u00e9es sur notre site web et dans nos activit\u00e9s.<\/p>\n\n\n\n<p><br>R\u00e9glementations l\u00e9gales auxquelles la pr\u00e9sente politique de confidentialit\u00e9 est conforme<br>Le mod\u00e8le vintage a permis d'adapter ce site web aux besoins de la population :<\/p>\n\n\n\n<p><br>Le GDPR (R\u00e8glement (UE) 2016\/679 du Parlement europ\u00e9en et du Conseil du 27 mai 2016 relatif \u00e0 la protection des donn\u00e9es \u00e0 caract\u00e8re personnel des personnes physiques \u00e0 l'\u00e9gard du traitement des donn\u00e9es \u00e0 caract\u00e8re personnel).<br>d'avril 2016 sur la protection des personnes physiques), qui est la nouvelle loi sur la protection des personnes physiques.<br>l\u00e9gislation de l'union europ\u00e9enne unifiant la r\u00e9glementation du traitement des donn\u00e9es \u00e0 caract\u00e8re personnel<br>donn\u00e9es personnelles dans diff\u00e9rents pays de l'ue.<\/p>\n\n\n\n<p><br>La LOPD (loi organique 15\/1999, du 13 d\u00e9cembre 1999, sur la protection des donn\u00e9es \u00e0 caract\u00e8re personnel) est une loi sur la protection des donn\u00e9es \u00e0 caract\u00e8re personnel.<br>caract\u00e8re personnel et le d\u00e9cret royal 1720\/2007, du 21 d\u00e9cembre, connu sous le nom de<br>r\u00e8glement pour le d\u00e9veloppement de la LOPD), qui r\u00e9git le traitement des donn\u00e9es \u00e0 caract\u00e8re personnel.<br>et les obligations qui doivent \u00eatre assum\u00e9es par les responsables d'un site web ou d'un site internet.<br>un blog lorsqu'il s'agit de g\u00e9rer ces informations.<\/p>\n\n\n\n<p>La LSSI ou LSSICE (loi 34\/2002, du 11 juillet, sur les services de la soci\u00e9t\u00e9 de l'information) est l'organe de r\u00e9gulation de la soci\u00e9t\u00e9 de l'information.<br>l'information et le commerce \u00e9lectronique), la r\u00e9glementation des transactions \u00e9conomiques<br>par voie \u00e9lectronique, comme c'est le cas pour ce site web.<\/p>\n\n\n\n<p><br>Envoi et enregistrement de donn\u00e9es \u00e0 caract\u00e8re personnel aux fins de la loi<br>Loi organique 15\/1999, du 13 d\u00e9cembre 1999, sur la protection des donn\u00e9es \u00e0 caract\u00e8re personnel.<br>l'utilisateur est inform\u00e9 qu'il est le propri\u00e9taire d'un fichier de donn\u00e9es \u00e0 caract\u00e8re personnel.<br>inscrit au r.g.p.d. (registre g\u00e9n\u00e9ral de la protection des donn\u00e9es), dans les cas suivants<br>que vos donn\u00e9es sont stock\u00e9es et trait\u00e9es dans le but de vous fournir les services dont vous avez besoin.<br>services demand\u00e9s et de vous envoyer des informations sur les services et les produits que vous avez demand\u00e9s.<br>peut vous int\u00e9resser.<\/p>\n\n\n\n<p><br>De m\u00eame, le fait de ne pas fournir les donn\u00e9es \u00e0 caract\u00e8re personnel demand\u00e9es ou de ne pas accepter l'accord de l'Union europ\u00e9enne est consid\u00e9r\u00e9 comme une violation des droits de l'homme.<br>Cette politique de protection des donn\u00e9es implique l'impossibilit\u00e9 de traiter les donn\u00e9es figurant dans le pr\u00e9sent document.<br>les demandes faites sur ce site.<\/p>\n\n\n\n<p><br>Les donn\u00e9es \u00e0 caract\u00e8re personnel que ce site web recueille et stocke sont d\u00e9taill\u00e9es dans la rubrique<br>avis juridique.<\/p>\n\n\n\n<p><br>Informations personnelles collect\u00e9es par ce site web lorsqu'un utilisateur effectue un achat<br>sur ce site, vous fournissez des informations personnelles dont vous \u00eates le propri\u00e9taire.<br>responsable du mod\u00e8le vintage.<\/p>\n\n\n\n<p><br>Ces informations peuvent inclure votre nom, votre adresse physique, votre adresse postale, votre adresse \u00e9lectronique<br>l'adresse \u00e9lectronique, le num\u00e9ro de t\u00e9l\u00e9phone, les informations relatives au paiement et d'autres informations<br>les donn\u00e9es d\u00e9mographiques. <\/p>\n\n\n\n<p>En fournissant ces informations, l'utilisateur consent \u00e0 ce qui suit<br>vos informations sont collect\u00e9es, utilis\u00e9es, g\u00e9r\u00e9es et stock\u00e9es par l'Employeur<br>vintage, uniquement dans les conditions d\u00e9crites dans l'avis juridique et dans la pr\u00e9sente politique de confidentialit\u00e9.<br>la vie priv\u00e9e.<\/p>\n\n\n\n<p><br><strong>Services de tiers que j'utilise sur ce site web<\/strong><\/p>\n\n\n\n<p><br>Google Analytics.<\/p>\n\n\n\n<p><br>Conform\u00e9ment aux dispositions de la loi organique 15\/1999, du 13 d\u00e9cembre 1999, du<br>la protection des donn\u00e9es \u00e0 caract\u00e8re personnel, les donn\u00e9es \u00e0 caract\u00e8re personnel que l'utilisateur<br>envoy\u00e9es par l'interm\u00e9diaire de ce site web seront incluses dans un fichier d'utilisateurs du site web.<br>propri\u00e9t\u00e9 de la cuv\u00e9e El patr\u00f3n. <\/p>\n\n\n\n<p>Ces fichiers ont mis en \u0153uvre toutes les<br>les mesures de s\u00e9curit\u00e9 techniques et organisationnelles pr\u00e9vues par l'arr\u00eat\u00e9 royal<br>1720\/2007, sur le d\u00e9veloppement de la lopd.<\/p>\n\n\n\n<p><br>Le mod\u00e8le vintage ne vend pas, ne loue pas et ne donne pas en cr\u00e9dit-bail des donn\u00e9es personnelles qui pourraient \u00eatre utilis\u00e9es par l'association.<br>identifier l'utilisateur, ni ne le fera \u00e0 l'avenir, \u00e0 des tiers sans consentement pr\u00e9alable.<\/p>\n\n\n\n<p><br>Exactitude et v\u00e9racit\u00e9 des donn\u00e9es L'utilisateur est seul responsable de l'exactitude et de la v\u00e9racit\u00e9 des donn\u00e9es.<br>la v\u00e9racit\u00e9 et l'exactitude des donn\u00e9es que vous soumettez<br>\u00e0 elpatronvintagewholesale.com exon\u00e9rant le pr\u00eateur de toute responsabilit\u00e9 de<br>responsabilit\u00e9 \u00e0 cet \u00e9gard. <\/p>\n\n\n\n<p>L'utilisateur garantit et est responsable, en tout \u00e9tat de cause, de l'exactitude, de la validit\u00e9 et de l'authenticit\u00e9 des donn\u00e9es personnelles fournies, et s'engage \u00e0 les tenir d\u00fbment \u00e0 jour. L'utilisateur s'engage \u00e0 fournir des informations compl\u00e8tes et correctes dans le formulaire d'achat.<\/p>\n\n\n\n<p><br>Exercice des droits d'acc\u00e8s, de rectification, d'annulation ou d'opposition Les droits des utilisateurs sont les suivants :<\/p>\n\n\n\n<p><br>Le droit de demander quelles sont les donn\u00e9es personnelles que nous conservons au sujet de l'utilisateur \u00e0 l'adresse suivante<br>\u00e0 tout moment.<\/p>\n\n\n\n<p><br>Droit de nous demander de mettre \u00e0 jour ou de corriger les donn\u00e9es gratuitement<br>les informations incorrectes ou obsol\u00e8tes que nous stockons sur l'utilisateur.<\/p>\n\n\n\n<p><br>Le droit de se d\u00e9sinscrire de ces donn\u00e9es.<\/p>\n\n\n\n<p><br>Les utilisateurs peuvent adresser leurs communications et exercer leurs droits d'acc\u00e8s,<br>rectification, annulation et opposition par courrier \u00e9lectronique :<\/p>\n\n\n\n<p><br>elpatronvintage@gmail.com accompagn\u00e9 d'une preuve juridiquement valable, telle qu'une photocopie<br>de la carte d'identit\u00e9 ou \u00e9quivalent, en indiquant \"protection des donn\u00e9es\" dans l'objet du message.<\/p>\n\n\n\n<p><br>Acceptation et consentement l'utilisateur d\u00e9clare qu'il a \u00e9t\u00e9 inform\u00e9 de l'existence des<br>conditions relatives \u00e0 la protection des donn\u00e9es \u00e0 caract\u00e8re personnel, en acceptant les conditions suivantes<br>consentant \u00e0 ce qu'il soit trait\u00e9 par The vintage pattern dans le cadre de l'accord sur les droits d'auteur.<br>sous la forme et aux fins indiqu\u00e9es dans l'avis juridique.<\/p>\n\n\n\n<p><br>Modifications de cette politique de confidentialit\u00e9 : Vintage Pattern se r\u00e9serve le droit de modifier cette politique de confidentialit\u00e9 \u00e0 tout moment.<br>le droit de modifier la pr\u00e9sente politique pour l'adapter \u00e0 une nouvelle l\u00e9gislation ou \u00e0 des modifications de la loi.<br>et les pratiques de l'industrie. Dans ces cas, le<br>Le fournisseur annoncera sur cette page toute modification apport\u00e9e avec un pr\u00e9avis raisonnable.<br>avant sa mise en \u0153uvre.<\/p>\n\n\n\n<p><br>Les courriers commerciaux conform\u00e9ment \u00e0 la loi, elpatronvintagewholesale.com n'a pas le droit d'envoyer des courriers commerciaux.<br>ne se livre pas \u00e0 des pratiques de spamming et n'envoie donc pas de courriers \u00e9lectroniques commerciaux par l'interm\u00e9diaire de<br>les communications \u00e9lectroniques qui n'ont pas \u00e9t\u00e9 pr\u00e9alablement demand\u00e9es ou autoris\u00e9es par l'utilisateur.<br>Par cons\u00e9quent, dans chacun des formulaires disponibles sur le site web, les<br>l'utilisateur a la possibilit\u00e9 de donner son consentement expr\u00e8s \u00e0 la r\u00e9ception des<br>ind\u00e9pendamment des informations commerciales demand\u00e9es de temps \u00e0 autre.<\/p>\n\t\t\t\t\t\t\t\t<\/div>\n\t\t\t\t<\/div>\n\t\t\t\t\t<\/div>\n\t\t<\/div>\n\t\t\t\t\t<\/div>\n\t\t<\/section>\n\t\t\t\t<\/div>","protected":false},"excerpt":{"rendered":"<p>POL\u00cdTICA DE PRIVACIDAD Si est\u00e1s aqu\u00ed es porque te preocupa que cumplamos con la pol\u00edtica de privacidad yde protecci\u00f3n de datos en nuestra web y nuestro negocio. Regulaciones legales que cumple esta pol\u00edtica de privacidadEl patr\u00f3n vintage\u00a0ha adecuado esta web a las exigencias de: El RGPD (reglamento (UE) 2016\/679 del parlamento europeo y del consejo [&hellip;]<\/p>\n","protected":false},"author":1,"featured_media":0,"parent":0,"menu_order":0,"comment_status":"closed","ping_status":"open","template":"","meta":{"footnotes":""},"class_list":["post-3","page","type-page","status-publish","hentry"],"yoast_head":"<!-- This site is optimized with the Yoast SEO plugin v26.8 - https:\/\/yoast.com\/product\/yoast-seo-wordpress\/ -->\n<title>Privacy Policy - elpatronvintage.com<\/title>\n<meta name=\"robots\" content=\"index, follow, max-snippet:-1, max-image-preview:large, max-video-preview:-1\" \/>\n<link rel=\"canonical\" href=\"http:\/\/elpatronvintage.com\/fr\/politique-de-confidentialite\/\" \/>\n<meta property=\"og:locale\" content=\"fr_FR\" \/>\n<meta property=\"og:type\" content=\"article\" \/>\n<meta property=\"og:title\" content=\"Privacy Policy - elpatronvintage.com\" \/>\n<meta property=\"og:description\" content=\"POL\u00cdTICA DE PRIVACIDAD Si est\u00e1s aqu\u00ed es porque te preocupa que cumplamos con la pol\u00edtica de privacidad yde protecci\u00f3n de datos en nuestra web y nuestro negocio. Regulaciones legales que cumple esta pol\u00edtica de privacidadEl patr\u00f3n vintage\u00a0ha adecuado esta web a las exigencias de: El RGPD (reglamento (UE) 2016\/679 del parlamento europeo y del consejo [&hellip;]\" \/>\n<meta property=\"og:url\" content=\"http:\/\/elpatronvintage.com\/fr\/politique-de-confidentialite\/\" \/>\n<meta property=\"og:site_name\" content=\"elpatronvintage.com\" \/>\n<meta property=\"article:modified_time\" content=\"2023-06-23T07:05:17+00:00\" \/>\n<meta name=\"twitter:card\" content=\"summary_large_image\" \/>\n<meta name=\"twitter:label1\" content=\"Dur\u00e9e de lecture estim\u00e9e\" \/>\n\t<meta name=\"twitter:data1\" content=\"5 minutes\" \/>\n<script type=\"application\/ld+json\" class=\"yoast-schema-graph\">{\"@context\":\"https:\/\/schema.org\",\"@graph\":[{\"@type\":\"WebPage\",\"@id\":\"http:\/\/elpatronvintage.com\/it\/informativa-sulla-privacy\/\",\"url\":\"http:\/\/elpatronvintage.com\/it\/informativa-sulla-privacy\/\",\"name\":\"Privacy Policy - elpatronvintage.com\",\"isPartOf\":{\"@id\":\"https:\/\/elpatronvintage.com\/#website\"},\"datePublished\":\"2022-06-20T09:56:55+00:00\",\"dateModified\":\"2023-06-23T07:05:17+00:00\",\"breadcrumb\":{\"@id\":\"http:\/\/elpatronvintage.com\/it\/informativa-sulla-privacy\/#breadcrumb\"},\"inLanguage\":\"fr-FR\",\"potentialAction\":[{\"@type\":\"ReadAction\",\"target\":[\"http:\/\/elpatronvintage.com\/it\/informativa-sulla-privacy\/\"]}]},{\"@type\":\"BreadcrumbList\",\"@id\":\"http:\/\/elpatronvintage.com\/it\/informativa-sulla-privacy\/#breadcrumb\",\"itemListElement\":[{\"@type\":\"ListItem\",\"position\":1,\"name\":\"Portada\",\"item\":\"https:\/\/elpatronvintage.com\/it\/\"},{\"@type\":\"ListItem\",\"position\":2,\"name\":\"Privacy Policy\"}]},{\"@type\":\"WebSite\",\"@id\":\"https:\/\/elpatronvintage.com\/#website\",\"url\":\"https:\/\/elpatronvintage.com\/\",\"name\":\"EL PATR\u00d3N VINTAGE WHOLESALE | Proveedores de ropa vintage\",\"description\":\"El Patr\u00f3n Vintage CLOTHING WHOLESALE\",\"publisher\":{\"@id\":\"https:\/\/elpatronvintage.com\/#organization\"},\"alternateName\":\"Ropa Vintage al Por Mayor\",\"potentialAction\":[{\"@type\":\"SearchAction\",\"target\":{\"@type\":\"EntryPoint\",\"urlTemplate\":\"https:\/\/elpatronvintage.com\/?s={search_term_string}\"},\"query-input\":{\"@type\":\"PropertyValueSpecification\",\"valueRequired\":true,\"valueName\":\"search_term_string\"}}],\"inLanguage\":\"fr-FR\"},{\"@type\":\"Organization\",\"@id\":\"https:\/\/elpatronvintage.com\/#organization\",\"name\":\"EL PATR\u00d3N VINTAGE WHOLESALE | Proveedores de ropa vintage\",\"url\":\"https:\/\/elpatronvintage.com\/\",\"logo\":{\"@type\":\"ImageObject\",\"inLanguage\":\"fr-FR\",\"@id\":\"https:\/\/elpatronvintage.com\/#\/schema\/logo\/image\/\",\"url\":\"https:\/\/elpatronvintage.com\/wp-content\/uploads\/2023\/01\/logo-web.webp\",\"contentUrl\":\"https:\/\/elpatronvintage.com\/wp-content\/uploads\/2023\/01\/logo-web.webp\",\"width\":961,\"height\":598,\"caption\":\"EL PATR\u00d3N VINTAGE WHOLESALE | Proveedores de ropa vintage\"},\"image\":{\"@id\":\"https:\/\/elpatronvintage.com\/#\/schema\/logo\/image\/\"}}]}<\/script>\n<!-- \/ Yoast SEO plugin. -->","yoast_head_json":{"title":"Politique de confidentialit\u00e9 - elpatronvintage.com","robots":{"index":"index","follow":"follow","max-snippet":"max-snippet:-1","max-image-preview":"max-image-preview:large","max-video-preview":"max-video-preview:-1"},"canonical":"http:\/\/elpatronvintage.com\/fr\/politique-de-confidentialite\/","og_locale":"fr_FR","og_type":"article","og_title":"Privacy Policy - elpatronvintage.com","og_description":"POL\u00cdTICA DE PRIVACIDAD Si est\u00e1s aqu\u00ed es porque te preocupa que cumplamos con la pol\u00edtica de privacidad yde protecci\u00f3n de datos en nuestra web y nuestro negocio. Regulaciones legales que cumple esta pol\u00edtica de privacidadEl patr\u00f3n vintage\u00a0ha adecuado esta web a las exigencias de: El RGPD (reglamento (UE) 2016\/679 del parlamento europeo y del consejo [&hellip;]","og_url":"http:\/\/elpatronvintage.com\/fr\/politique-de-confidentialite\/","og_site_name":"elpatronvintage.com","article_modified_time":"2023-06-23T07:05:17+00:00","twitter_card":"summary_large_image","twitter_misc":{"Dur\u00e9e de lecture estim\u00e9e":"5 minutes"},"schema":{"@context":"https:\/\/schema.org","@graph":[{"@type":"WebPage","@id":"http:\/\/elpatronvintage.com\/it\/informativa-sulla-privacy\/","url":"http:\/\/elpatronvintage.com\/it\/informativa-sulla-privacy\/","name":"Politique de confidentialit\u00e9 - elpatronvintage.com","isPartOf":{"@id":"https:\/\/elpatronvintage.com\/#website"},"datePublished":"2022-06-20T09:56:55+00:00","dateModified":"2023-06-23T07:05:17+00:00","breadcrumb":{"@id":"http:\/\/elpatronvintage.com\/it\/informativa-sulla-privacy\/#breadcrumb"},"inLanguage":"fr-FR","potentialAction":[{"@type":"ReadAction","target":["http:\/\/elpatronvintage.com\/it\/informativa-sulla-privacy\/"]}]},{"@type":"BreadcrumbList","@id":"http:\/\/elpatronvintage.com\/it\/informativa-sulla-privacy\/#breadcrumb","itemListElement":[{"@type":"ListItem","position":1,"name":"Portada","item":"https:\/\/elpatronvintage.com\/it\/"},{"@type":"ListItem","position":2,"name":"Privacy Policy"}]},{"@type":"WebSite","@id":"https:\/\/elpatronvintage.com\/#website","url":"https:\/\/elpatronvintage.com\/","name":"THE WHOLESALE VINTAGE PATTERN | Fournisseurs de v\u00eatements vintage","description":"Le patron vintage de CLOTHING WHOLESALE","publisher":{"@id":"https:\/\/elpatronvintage.com\/#organization"},"alternateName":"Ropa Vintage al Por Mayor","potentialAction":[{"@type":"SearchAction","target":{"@type":"EntryPoint","urlTemplate":"https:\/\/elpatronvintage.com\/?s={search_term_string}"},"query-input":{"@type":"PropertyValueSpecification","valueRequired":true,"valueName":"search_term_string"}}],"inLanguage":"fr-FR"},{"@type":"Organization","@id":"https:\/\/elpatronvintage.com\/#organization","name":"THE WHOLESALE VINTAGE PATTERN | Fournisseurs de v\u00eatements vintage","url":"https:\/\/elpatronvintage.com\/","logo":{"@type":"ImageObject","inLanguage":"fr-FR","@id":"https:\/\/elpatronvintage.com\/#\/schema\/logo\/image\/","url":"https:\/\/elpatronvintage.com\/wp-content\/uploads\/2023\/01\/logo-web.webp","contentUrl":"https:\/\/elpatronvintage.com\/wp-content\/uploads\/2023\/01\/logo-web.webp","width":961,"height":598,"caption":"EL PATR\u00d3N VINTAGE WHOLESALE | Proveedores de ropa vintage"},"image":{"@id":"https:\/\/elpatronvintage.com\/#\/schema\/logo\/image\/"}}]}},"_links":{"self":[{"href":"https:\/\/elpatronvintage.com\/fr\/wp-json\/wp\/v2\/pages\/3","targetHints":{"allow":["GET"]}}],"collection":[{"href":"https:\/\/elpatronvintage.com\/fr\/wp-json\/wp\/v2\/pages"}],"about":[{"href":"https:\/\/elpatronvintage.com\/fr\/wp-json\/wp\/v2\/types\/page"}],"author":[{"embeddable":true,"href":"https:\/\/elpatronvintage.com\/fr\/wp-json\/wp\/v2\/users\/1"}],"replies":[{"embeddable":true,"href":"https:\/\/elpatronvintage.com\/fr\/wp-json\/wp\/v2\/comments?post=3"}],"version-history":[{"count":5,"href":"https:\/\/elpatronvintage.com\/fr\/wp-json\/wp\/v2\/pages\/3\/revisions"}],"predecessor-version":[{"id":4036,"href":"https:\/\/elpatronvintage.com\/fr\/wp-json\/wp\/v2\/pages\/3\/revisions\/4036"}],"wp:attachment":[{"href":"https:\/\/elpatronvintage.com\/fr\/wp-json\/wp\/v2\/media?parent=3"}],"curies":[{"name":"wp","href":"https:\/\/api.w.org\/{rel}","templated":true}]}}