{"id":8737,"date":"2024-04-28T23:35:04","date_gmt":"2024-04-28T21:35:04","guid":{"rendered":"https:\/\/elpatronvintage.com\/?post_type=product&#038;p=8737"},"modified":"2026-02-28T15:16:33","modified_gmt":"2026-02-28T13:16:33","slug":"sweatpants-brand-3","status":"publish","type":"product","link":"https:\/\/elpatronvintage.com\/en\/product\/sweatpants-brand-3\/","title":{"rendered":"Short Trackpants"},"content":{"rendered":"","protected":false},"excerpt":{"rendered":"<p>This category consists of a wide variety of <strong>branded sports shorts<\/strong> with a variety of fabrics, prints and designs. Styles such as \"trackpants\" are the most common within these lots, where you can find trousers in \"crazy\" modern colours up to the 80's.<\/p>\n<p><strong>Brands:<\/strong> Nike, Reebok, Adidas, Kappa, Champion, Puma, Ellesse, Fila...<\/p>\n<p><strong>Sizes:<\/strong>\u00a0XS to XL (Assorted)<\/p>\n<p><strong>Resale: 15\u20ac-40\u20ac per unit.<\/strong><\/p>\n<p><strong>QUALITY A<\/strong><\/p>\n<p><strong>MINIMUM ORDER - 10 PIECES<\/strong><\/p>\n<p><strong>FREE SHIPPING 24\/48H ALL OVER SPAIN<\/strong><\/p>\n<p><strong>48\/72H SHIPMENTS THROUGHOUT EUROPE<\/strong><\/p>","protected":false},"featured_media":8738,"comment_status":"open","ping_status":"closed","template":"","meta":[],"product_brand":[],"product_cat":[244,240,27,221,16],"product_tag":[],"class_list":{"0":"post-8737","1":"product","2":"type-product","3":"status-publish","4":"has-post-thumbnail","6":"product_cat-endofseason-sales","7":"product_cat-ofertas-verano","8":"product_cat-jeans","9":"product_cat-marcas","10":"product_cat-allproducts","12":"first","13":"instock","14":"sale","15":"taxable","16":"shipping-taxable","17":"purchasable","18":"product-type-simple"},"yoast_head":"<!-- This site is optimized with the Yoast SEO plugin v26.8 - https:\/\/yoast.com\/product\/yoast-seo-wordpress\/ -->\n<title>Trackpants Cortos - elpatronvintage.com<\/title>\n<meta name=\"robots\" content=\"index, follow, max-snippet:-1, max-image-preview:large, max-video-preview:-1\" \/>\n<link rel=\"canonical\" href=\"https:\/\/elpatronvintage.com\/en\/product\/sweatpants-brand-3\/\" \/>\n<meta property=\"og:locale\" content=\"en_GB\" \/>\n<meta property=\"og:type\" content=\"article\" \/>\n<meta property=\"og:title\" content=\"Trackpants Cortos - elpatronvintage.com\" \/>\n<meta property=\"og:description\" content=\"Esta categor\u00eda consiste en una gran variedad de pantalones deportivos de marca cortos con variedad de tejidos, estampados y dise\u00f1os. Estilos como &quot;trackpants&quot; son los m\u00e1s comunes dentro de estos lotes, donde podr\u00e1s encontrar pantalones de colores\u00a0 &quot;crazy&quot; modernos hasta los a\u00f1os 80.  Marcas: Nike, Reebok, Adidas, Kappa, Champion, Puma, Ellesse, Fila...  Tallas:\u00a0XS a XL (Variadas)  Reventa: 15\u20ac-40\u20ac por unidad.  CALIDAD A  PEDIDO MINIMO - 10 PIEZAS  ENV\u00cdOS GRATIS 24\/48H EN TODA ESPA\u00d1A  ENV\u00cdOS 48\/72H EN TODA EUROPA\" \/>\n<meta property=\"og:url\" content=\"https:\/\/elpatronvintage.com\/en\/product\/sweatpants-brand-3\/\" \/>\n<meta property=\"og:site_name\" content=\"elpatronvintage.com\" \/>\n<meta property=\"article:modified_time\" content=\"2026-02-28T13:16:33+00:00\" \/>\n<meta property=\"og:image\" content=\"https:\/\/elpatronvintage.com\/wp-content\/uploads\/2024\/05\/1.webp\" \/>\n\t<meta property=\"og:image:width\" content=\"977\" \/>\n\t<meta property=\"og:image:height\" content=\"1260\" \/>\n\t<meta property=\"og:image:type\" content=\"image\/webp\" \/>\n<meta name=\"twitter:card\" content=\"summary_large_image\" \/>\n<meta name=\"twitter:label1\" content=\"Estimated reading time\" \/>\n\t<meta name=\"twitter:data1\" content=\"1 minute\" \/>\n<script type=\"application\/ld+json\" class=\"yoast-schema-graph\">{\"@context\":\"https:\/\/schema.org\",\"@graph\":[{\"@type\":\"WebPage\",\"@id\":\"https:\/\/elpatronvintage.com\/product\/trackpants-cortos\/\",\"url\":\"https:\/\/elpatronvintage.com\/product\/trackpants-cortos\/\",\"name\":\"Trackpants Cortos - elpatronvintage.com\",\"isPartOf\":{\"@id\":\"http:\/\/elpatronvintage.com\/en\/#website\"},\"primaryImageOfPage\":{\"@id\":\"https:\/\/elpatronvintage.com\/product\/trackpants-cortos\/#primaryimage\"},\"image\":{\"@id\":\"https:\/\/elpatronvintage.com\/product\/trackpants-cortos\/#primaryimage\"},\"thumbnailUrl\":\"https:\/\/elpatronvintage.com\/wp-content\/uploads\/2024\/05\/1.webp\",\"datePublished\":\"2024-04-28T21:35:04+00:00\",\"dateModified\":\"2026-02-28T13:16:33+00:00\",\"breadcrumb\":{\"@id\":\"https:\/\/elpatronvintage.com\/product\/trackpants-cortos\/#breadcrumb\"},\"inLanguage\":\"en-GB\",\"potentialAction\":[{\"@type\":\"ReadAction\",\"target\":[\"https:\/\/elpatronvintage.com\/product\/trackpants-cortos\/\"]}]},{\"@type\":\"ImageObject\",\"inLanguage\":\"en-GB\",\"@id\":\"https:\/\/elpatronvintage.com\/product\/trackpants-cortos\/#primaryimage\",\"url\":\"https:\/\/elpatronvintage.com\/wp-content\/uploads\/2024\/05\/1.webp\",\"contentUrl\":\"https:\/\/elpatronvintage.com\/wp-content\/uploads\/2024\/05\/1.webp\",\"width\":977,\"height\":1260},{\"@type\":\"BreadcrumbList\",\"@id\":\"https:\/\/elpatronvintage.com\/product\/trackpants-cortos\/#breadcrumb\",\"itemListElement\":[{\"@type\":\"ListItem\",\"position\":1,\"name\":\"Portada\",\"item\":\"http:\/\/elpatronvintage.com\/en\/\"},{\"@type\":\"ListItem\",\"position\":2,\"name\":\"Lote de Ropa Vintage\",\"item\":\"http:\/\/elpatronvintage.com\/en\/shop\/\"},{\"@type\":\"ListItem\",\"position\":3,\"name\":\"Trackpants Cortos\"}]},{\"@type\":\"WebSite\",\"@id\":\"http:\/\/elpatronvintage.com\/en\/#website\",\"url\":\"http:\/\/elpatronvintage.com\/en\/\",\"name\":\"EL PATR\u00d3N VINTAGE WHOLESALE | Proveedores de ropa vintage\",\"description\":\"El Patr\u00f3n Vintage CLOTHING WHOLESALE\",\"publisher\":{\"@id\":\"http:\/\/elpatronvintage.com\/en\/#organization\"},\"alternateName\":\"Ropa Vintage al Por Mayor\",\"potentialAction\":[{\"@type\":\"SearchAction\",\"target\":{\"@type\":\"EntryPoint\",\"urlTemplate\":\"http:\/\/elpatronvintage.com\/en\/?s={search_term_string}\"},\"query-input\":{\"@type\":\"PropertyValueSpecification\",\"valueRequired\":true,\"valueName\":\"search_term_string\"}}],\"inLanguage\":\"en-GB\"},{\"@type\":\"Organization\",\"@id\":\"http:\/\/elpatronvintage.com\/en\/#organization\",\"name\":\"EL PATR\u00d3N VINTAGE WHOLESALE | Proveedores de ropa vintage\",\"url\":\"http:\/\/elpatronvintage.com\/en\/\",\"logo\":{\"@type\":\"ImageObject\",\"inLanguage\":\"en-GB\",\"@id\":\"http:\/\/elpatronvintage.com\/en\/#\/schema\/logo\/image\/\",\"url\":\"https:\/\/elpatronvintage.com\/wp-content\/uploads\/2023\/01\/logo-web.webp\",\"contentUrl\":\"https:\/\/elpatronvintage.com\/wp-content\/uploads\/2023\/01\/logo-web.webp\",\"width\":961,\"height\":598,\"caption\":\"EL PATR\u00d3N VINTAGE WHOLESALE | Proveedores de ropa vintage\"},\"image\":{\"@id\":\"http:\/\/elpatronvintage.com\/en\/#\/schema\/logo\/image\/\"}}]}<\/script>\n<!-- \/ Yoast SEO plugin. -->","yoast_head_json":{"title":"Trackpants Cortos - elpatronvintage.com","robots":{"index":"index","follow":"follow","max-snippet":"max-snippet:-1","max-image-preview":"max-image-preview:large","max-video-preview":"max-video-preview:-1"},"canonical":"https:\/\/elpatronvintage.com\/en\/product\/sweatpants-brand-3\/","og_locale":"en_GB","og_type":"article","og_title":"Trackpants Cortos - elpatronvintage.com","og_description":"Esta categor\u00eda consiste en una gran variedad de pantalones deportivos de marca cortos con variedad de tejidos, estampados y dise\u00f1os. Estilos como \"trackpants\" son los m\u00e1s comunes dentro de estos lotes, donde podr\u00e1s encontrar pantalones de colores\u00a0 \"crazy\" modernos hasta los a\u00f1os 80.  Marcas: Nike, Reebok, Adidas, Kappa, Champion, Puma, Ellesse, Fila...  Tallas:\u00a0XS a XL (Variadas)  Reventa: 15\u20ac-40\u20ac por unidad.  CALIDAD A  PEDIDO MINIMO - 10 PIEZAS  ENV\u00cdOS GRATIS 24\/48H EN TODA ESPA\u00d1A  ENV\u00cdOS 48\/72H EN TODA EUROPA","og_url":"https:\/\/elpatronvintage.com\/en\/product\/sweatpants-brand-3\/","og_site_name":"elpatronvintage.com","article_modified_time":"2026-02-28T13:16:33+00:00","og_image":[{"width":977,"height":1260,"url":"https:\/\/elpatronvintage.com\/wp-content\/uploads\/2024\/05\/1.webp","type":"image\/webp"}],"twitter_card":"summary_large_image","twitter_misc":{"Estimated reading time":"1 minute"},"schema":{"@context":"https:\/\/schema.org","@graph":[{"@type":"WebPage","@id":"https:\/\/elpatronvintage.com\/product\/trackpants-cortos\/","url":"https:\/\/elpatronvintage.com\/product\/trackpants-cortos\/","name":"Trackpants Cortos - elpatronvintage.com","isPartOf":{"@id":"http:\/\/elpatronvintage.com\/en\/#website"},"primaryImageOfPage":{"@id":"https:\/\/elpatronvintage.com\/product\/trackpants-cortos\/#primaryimage"},"image":{"@id":"https:\/\/elpatronvintage.com\/product\/trackpants-cortos\/#primaryimage"},"thumbnailUrl":"https:\/\/elpatronvintage.com\/wp-content\/uploads\/2024\/05\/1.webp","datePublished":"2024-04-28T21:35:04+00:00","dateModified":"2026-02-28T13:16:33+00:00","breadcrumb":{"@id":"https:\/\/elpatronvintage.com\/product\/trackpants-cortos\/#breadcrumb"},"inLanguage":"en-GB","potentialAction":[{"@type":"ReadAction","target":["https:\/\/elpatronvintage.com\/product\/trackpants-cortos\/"]}]},{"@type":"ImageObject","inLanguage":"en-GB","@id":"https:\/\/elpatronvintage.com\/product\/trackpants-cortos\/#primaryimage","url":"https:\/\/elpatronvintage.com\/wp-content\/uploads\/2024\/05\/1.webp","contentUrl":"https:\/\/elpatronvintage.com\/wp-content\/uploads\/2024\/05\/1.webp","width":977,"height":1260},{"@type":"BreadcrumbList","@id":"https:\/\/elpatronvintage.com\/product\/trackpants-cortos\/#breadcrumb","itemListElement":[{"@type":"ListItem","position":1,"name":"Portada","item":"http:\/\/elpatronvintage.com\/en\/"},{"@type":"ListItem","position":2,"name":"Lote de Ropa Vintage","item":"http:\/\/elpatronvintage.com\/en\/shop\/"},{"@type":"ListItem","position":3,"name":"Trackpants Cortos"}]},{"@type":"WebSite","@id":"http:\/\/elpatronvintage.com\/en\/#website","url":"http:\/\/elpatronvintage.com\/en\/","name":"THE WHOLESALE VINTAGE PATTERN | Vintage clothing suppliers","description":"The CLOTHING WHOLESALE Vintage Pattern","publisher":{"@id":"http:\/\/elpatronvintage.com\/en\/#organization"},"alternateName":"Ropa Vintage al Por Mayor","potentialAction":[{"@type":"SearchAction","target":{"@type":"EntryPoint","urlTemplate":"http:\/\/elpatronvintage.com\/en\/?s={search_term_string}"},"query-input":{"@type":"PropertyValueSpecification","valueRequired":true,"valueName":"search_term_string"}}],"inLanguage":"en-GB"},{"@type":"Organization","@id":"http:\/\/elpatronvintage.com\/en\/#organization","name":"THE WHOLESALE VINTAGE PATTERN | Vintage clothing suppliers","url":"http:\/\/elpatronvintage.com\/en\/","logo":{"@type":"ImageObject","inLanguage":"en-GB","@id":"http:\/\/elpatronvintage.com\/en\/#\/schema\/logo\/image\/","url":"https:\/\/elpatronvintage.com\/wp-content\/uploads\/2023\/01\/logo-web.webp","contentUrl":"https:\/\/elpatronvintage.com\/wp-content\/uploads\/2023\/01\/logo-web.webp","width":961,"height":598,"caption":"EL PATR\u00d3N VINTAGE WHOLESALE | Proveedores de ropa vintage"},"image":{"@id":"http:\/\/elpatronvintage.com\/en\/#\/schema\/logo\/image\/"}}]}},"_links":{"self":[{"href":"https:\/\/elpatronvintage.com\/en\/wp-json\/wp\/v2\/product\/8737","targetHints":{"allow":["GET"]}}],"collection":[{"href":"https:\/\/elpatronvintage.com\/en\/wp-json\/wp\/v2\/product"}],"about":[{"href":"https:\/\/elpatronvintage.com\/en\/wp-json\/wp\/v2\/types\/product"}],"replies":[{"embeddable":true,"href":"https:\/\/elpatronvintage.com\/en\/wp-json\/wp\/v2\/comments?post=8737"}],"version-history":[{"count":4,"href":"https:\/\/elpatronvintage.com\/en\/wp-json\/wp\/v2\/product\/8737\/revisions"}],"predecessor-version":[{"id":13531,"href":"https:\/\/elpatronvintage.com\/en\/wp-json\/wp\/v2\/product\/8737\/revisions\/13531"}],"wp:featuredmedia":[{"embeddable":true,"href":"https:\/\/elpatronvintage.com\/en\/wp-json\/wp\/v2\/media\/8738"}],"wp:attachment":[{"href":"https:\/\/elpatronvintage.com\/en\/wp-json\/wp\/v2\/media?parent=8737"}],"wp:term":[{"taxonomy":"product_brand","embeddable":true,"href":"https:\/\/elpatronvintage.com\/en\/wp-json\/wp\/v2\/product_brand?post=8737"},{"taxonomy":"product_cat","embeddable":true,"href":"https:\/\/elpatronvintage.com\/en\/wp-json\/wp\/v2\/product_cat?post=8737"},{"taxonomy":"product_tag","embeddable":true,"href":"https:\/\/elpatronvintage.com\/en\/wp-json\/wp\/v2\/product_tag?post=8737"}],"curies":[{"name":"wp","href":"https:\/\/api.w.org\/{rel}","templated":true}]}}