{"id":4535,"date":"2023-07-13T19:32:35","date_gmt":"2023-07-13T17:32:35","guid":{"rendered":"https:\/\/elpatronvintage.com\/?post_type=product&#038;p=4535"},"modified":"2025-10-21T19:19:34","modified_gmt":"2025-10-21T17:19:34","slug":"burberry-jackets","status":"publish","type":"product","link":"https:\/\/elpatronvintage.com\/en\/product\/burberry-jackets\/","title":{"rendered":"Burberry Jackets"},"content":{"rendered":"","protected":false},"excerpt":{"rendered":"<p>This is the most important category <strong>PREMIUM<\/strong> of all.<\/p>\n<p>Within these lots we can find the famous trench coats, with the classic Burberry print, harrington jackets, leather jackets, long jackets... perfect to give that luxurious touch to your vintage shop with these Burberry products.<\/p>\n<p><strong>Brands:<\/strong> Burberry, Thomas Burberry and London Burberry's<\/p>\n<p><strong>Sizes:<\/strong>\u00a0XS to XL (Assorted)<\/p>\n<p><strong>Resale: 80\u20ac-400\u20ac per unit.<\/strong><\/p>\n<p><strong>QUALITY A<\/strong><\/p>\n<p><strong>MINIMUM ORDER - 5 PIECES<\/strong><\/p>\n<p><strong>FREE SHIPPING 24\/48H ALL OVER SPAIN.\u00a0<\/strong><\/p>\n<p><strong>48\/72H SHIPMENTS THROUGHOUT EUROPE<\/strong><\/p>","protected":false},"featured_media":4537,"comment_status":"open","ping_status":"closed","template":"","meta":[],"product_brand":[],"product_cat":[223,214,221,16],"product_tag":[],"class_list":{"0":"post-4535","1":"product","2":"type-product","3":"status-publish","4":"has-post-thumbnail","6":"product_cat-burberry","7":"product_cat-jackets","8":"product_cat-marcas","9":"product_cat-allproducts","11":"first","12":"instock","13":"sale","14":"taxable","15":"shipping-taxable","16":"purchasable","17":"product-type-simple"},"yoast_head":"<!-- This site is optimized with the Yoast SEO plugin v26.8 - https:\/\/yoast.com\/product\/yoast-seo-wordpress\/ -->\n<title>Chaquetas Burberry - elpatronvintage.com<\/title>\n<meta name=\"robots\" content=\"index, follow, max-snippet:-1, max-image-preview:large, max-video-preview:-1\" \/>\n<link rel=\"canonical\" href=\"http:\/\/elpatronvintage.com\/en\/product\/burberry-jackets\/\" \/>\n<meta property=\"og:locale\" content=\"en_GB\" \/>\n<meta property=\"og:type\" content=\"article\" \/>\n<meta property=\"og:title\" content=\"Chaquetas Burberry - elpatronvintage.com\" \/>\n<meta property=\"og:description\" content=\"Nos encontramos con la categor\u00eda m\u00e1s PREMIUM de todas.  Dentro de estos lotes podremos encontrar las famosas gabardinas, con el estampado cl\u00e1sico de Burberry, chaquetas estilo harrington, chaquetas de piel, chaquetas largas... perfectas para darle ese toque lujoso a tu tienda vintage con estos productos Burberry.  Marcas: Burberry London, Burberry&#039;s, Thomas Burberry  Tallas:\u00a0XS a XL (Variadas)  Reventa: 80\u20ac-400\u20ac por unidad.  CALIDAD A  PEDIDO MINIMO - 5 PIEZAS  ENV\u00cdOS GRATIS 24\/48H EN TODA ESPA\u00d1A.\u00a0  ENV\u00cdOS 48\/72H EN TODA EUROPA\" \/>\n<meta property=\"og:url\" content=\"http:\/\/elpatronvintage.com\/en\/product\/burberry-jackets\/\" \/>\n<meta property=\"og:site_name\" content=\"elpatronvintage.com\" \/>\n<meta property=\"article:modified_time\" content=\"2025-10-21T17:19:34+00:00\" \/>\n<meta property=\"og:image\" content=\"http:\/\/elpatronvintage.com\/wp-content\/uploads\/2023\/07\/2-4.webp\" \/>\n\t<meta property=\"og:image:width\" content=\"977\" \/>\n\t<meta property=\"og:image:height\" content=\"1260\" \/>\n\t<meta property=\"og:image:type\" content=\"image\/webp\" \/>\n<meta name=\"twitter:card\" content=\"summary_large_image\" \/>\n<meta name=\"twitter:label1\" content=\"Estimated reading time\" \/>\n\t<meta name=\"twitter:data1\" content=\"1 minute\" \/>\n<script type=\"application\/ld+json\" class=\"yoast-schema-graph\">{\"@context\":\"https:\/\/schema.org\",\"@graph\":[{\"@type\":\"WebPage\",\"@id\":\"http:\/\/elpatronvintage.com\/product\/chaquetas-burberry\/\",\"url\":\"http:\/\/elpatronvintage.com\/product\/chaquetas-burberry\/\",\"name\":\"Chaquetas Burberry - elpatronvintage.com\",\"isPartOf\":{\"@id\":\"https:\/\/elpatronvintage.com\/#website\"},\"primaryImageOfPage\":{\"@id\":\"http:\/\/elpatronvintage.com\/product\/chaquetas-burberry\/#primaryimage\"},\"image\":{\"@id\":\"http:\/\/elpatronvintage.com\/product\/chaquetas-burberry\/#primaryimage\"},\"thumbnailUrl\":\"https:\/\/elpatronvintage.com\/wp-content\/uploads\/2023\/07\/2-4.webp\",\"datePublished\":\"2023-07-13T17:32:35+00:00\",\"dateModified\":\"2025-10-21T17:19:34+00:00\",\"breadcrumb\":{\"@id\":\"http:\/\/elpatronvintage.com\/product\/chaquetas-burberry\/#breadcrumb\"},\"inLanguage\":\"en-GB\",\"potentialAction\":[{\"@type\":\"ReadAction\",\"target\":[\"http:\/\/elpatronvintage.com\/product\/chaquetas-burberry\/\"]}]},{\"@type\":\"ImageObject\",\"inLanguage\":\"en-GB\",\"@id\":\"http:\/\/elpatronvintage.com\/product\/chaquetas-burberry\/#primaryimage\",\"url\":\"https:\/\/elpatronvintage.com\/wp-content\/uploads\/2023\/07\/2-4.webp\",\"contentUrl\":\"https:\/\/elpatronvintage.com\/wp-content\/uploads\/2023\/07\/2-4.webp\",\"width\":977,\"height\":1260},{\"@type\":\"BreadcrumbList\",\"@id\":\"http:\/\/elpatronvintage.com\/product\/chaquetas-burberry\/#breadcrumb\",\"itemListElement\":[{\"@type\":\"ListItem\",\"position\":1,\"name\":\"Portada\",\"item\":\"https:\/\/elpatronvintage.com\/it\/\"},{\"@type\":\"ListItem\",\"position\":2,\"name\":\"Lote de Ropa Vintage\",\"item\":\"http:\/\/elpatronvintage.com\/shop\/\"},{\"@type\":\"ListItem\",\"position\":3,\"name\":\"Chaquetas Burberry\"}]},{\"@type\":\"WebSite\",\"@id\":\"https:\/\/elpatronvintage.com\/#website\",\"url\":\"https:\/\/elpatronvintage.com\/\",\"name\":\"EL PATR\u00d3N VINTAGE WHOLESALE | Proveedores de ropa vintage\",\"description\":\"El Patr\u00f3n Vintage CLOTHING WHOLESALE\",\"publisher\":{\"@id\":\"https:\/\/elpatronvintage.com\/#organization\"},\"alternateName\":\"Ropa Vintage al Por Mayor\",\"potentialAction\":[{\"@type\":\"SearchAction\",\"target\":{\"@type\":\"EntryPoint\",\"urlTemplate\":\"https:\/\/elpatronvintage.com\/?s={search_term_string}\"},\"query-input\":{\"@type\":\"PropertyValueSpecification\",\"valueRequired\":true,\"valueName\":\"search_term_string\"}}],\"inLanguage\":\"en-GB\"},{\"@type\":\"Organization\",\"@id\":\"https:\/\/elpatronvintage.com\/#organization\",\"name\":\"EL PATR\u00d3N VINTAGE WHOLESALE | Proveedores de ropa vintage\",\"url\":\"https:\/\/elpatronvintage.com\/\",\"logo\":{\"@type\":\"ImageObject\",\"inLanguage\":\"en-GB\",\"@id\":\"https:\/\/elpatronvintage.com\/#\/schema\/logo\/image\/\",\"url\":\"https:\/\/elpatronvintage.com\/wp-content\/uploads\/2023\/01\/logo-web.webp\",\"contentUrl\":\"https:\/\/elpatronvintage.com\/wp-content\/uploads\/2023\/01\/logo-web.webp\",\"width\":961,\"height\":598,\"caption\":\"EL PATR\u00d3N VINTAGE WHOLESALE | Proveedores de ropa vintage\"},\"image\":{\"@id\":\"https:\/\/elpatronvintage.com\/#\/schema\/logo\/image\/\"}}]}<\/script>\n<!-- \/ Yoast SEO plugin. -->","yoast_head_json":{"title":"Burberry Jackets - elpatronvintage.com","robots":{"index":"index","follow":"follow","max-snippet":"max-snippet:-1","max-image-preview":"max-image-preview:large","max-video-preview":"max-video-preview:-1"},"canonical":"http:\/\/elpatronvintage.com\/en\/product\/burberry-jackets\/","og_locale":"en_GB","og_type":"article","og_title":"Chaquetas Burberry - elpatronvintage.com","og_description":"Nos encontramos con la categor\u00eda m\u00e1s PREMIUM de todas.  Dentro de estos lotes podremos encontrar las famosas gabardinas, con el estampado cl\u00e1sico de Burberry, chaquetas estilo harrington, chaquetas de piel, chaquetas largas... perfectas para darle ese toque lujoso a tu tienda vintage con estos productos Burberry.  Marcas: Burberry London, Burberry's, Thomas Burberry  Tallas:\u00a0XS a XL (Variadas)  Reventa: 80\u20ac-400\u20ac por unidad.  CALIDAD A  PEDIDO MINIMO - 5 PIEZAS  ENV\u00cdOS GRATIS 24\/48H EN TODA ESPA\u00d1A.\u00a0  ENV\u00cdOS 48\/72H EN TODA EUROPA","og_url":"http:\/\/elpatronvintage.com\/en\/product\/burberry-jackets\/","og_site_name":"elpatronvintage.com","article_modified_time":"2025-10-21T17:19:34+00:00","og_image":[{"width":977,"height":1260,"url":"http:\/\/elpatronvintage.com\/wp-content\/uploads\/2023\/07\/2-4.webp","type":"image\/webp"}],"twitter_card":"summary_large_image","twitter_misc":{"Estimated reading time":"1 minute"},"schema":{"@context":"https:\/\/schema.org","@graph":[{"@type":"WebPage","@id":"http:\/\/elpatronvintage.com\/product\/chaquetas-burberry\/","url":"http:\/\/elpatronvintage.com\/product\/chaquetas-burberry\/","name":"Burberry Jackets - elpatronvintage.com","isPartOf":{"@id":"https:\/\/elpatronvintage.com\/#website"},"primaryImageOfPage":{"@id":"http:\/\/elpatronvintage.com\/product\/chaquetas-burberry\/#primaryimage"},"image":{"@id":"http:\/\/elpatronvintage.com\/product\/chaquetas-burberry\/#primaryimage"},"thumbnailUrl":"https:\/\/elpatronvintage.com\/wp-content\/uploads\/2023\/07\/2-4.webp","datePublished":"2023-07-13T17:32:35+00:00","dateModified":"2025-10-21T17:19:34+00:00","breadcrumb":{"@id":"http:\/\/elpatronvintage.com\/product\/chaquetas-burberry\/#breadcrumb"},"inLanguage":"en-GB","potentialAction":[{"@type":"ReadAction","target":["http:\/\/elpatronvintage.com\/product\/chaquetas-burberry\/"]}]},{"@type":"ImageObject","inLanguage":"en-GB","@id":"http:\/\/elpatronvintage.com\/product\/chaquetas-burberry\/#primaryimage","url":"https:\/\/elpatronvintage.com\/wp-content\/uploads\/2023\/07\/2-4.webp","contentUrl":"https:\/\/elpatronvintage.com\/wp-content\/uploads\/2023\/07\/2-4.webp","width":977,"height":1260},{"@type":"BreadcrumbList","@id":"http:\/\/elpatronvintage.com\/product\/chaquetas-burberry\/#breadcrumb","itemListElement":[{"@type":"ListItem","position":1,"name":"Portada","item":"https:\/\/elpatronvintage.com\/it\/"},{"@type":"ListItem","position":2,"name":"Lote de Ropa Vintage","item":"http:\/\/elpatronvintage.com\/shop\/"},{"@type":"ListItem","position":3,"name":"Chaquetas Burberry"}]},{"@type":"WebSite","@id":"https:\/\/elpatronvintage.com\/#website","url":"https:\/\/elpatronvintage.com\/","name":"THE WHOLESALE VINTAGE PATTERN | Vintage clothing suppliers","description":"The CLOTHING WHOLESALE Vintage Pattern","publisher":{"@id":"https:\/\/elpatronvintage.com\/#organization"},"alternateName":"Ropa Vintage al Por Mayor","potentialAction":[{"@type":"SearchAction","target":{"@type":"EntryPoint","urlTemplate":"https:\/\/elpatronvintage.com\/?s={search_term_string}"},"query-input":{"@type":"PropertyValueSpecification","valueRequired":true,"valueName":"search_term_string"}}],"inLanguage":"en-GB"},{"@type":"Organization","@id":"https:\/\/elpatronvintage.com\/#organization","name":"THE WHOLESALE VINTAGE PATTERN | Vintage clothing suppliers","url":"https:\/\/elpatronvintage.com\/","logo":{"@type":"ImageObject","inLanguage":"en-GB","@id":"https:\/\/elpatronvintage.com\/#\/schema\/logo\/image\/","url":"https:\/\/elpatronvintage.com\/wp-content\/uploads\/2023\/01\/logo-web.webp","contentUrl":"https:\/\/elpatronvintage.com\/wp-content\/uploads\/2023\/01\/logo-web.webp","width":961,"height":598,"caption":"EL PATR\u00d3N VINTAGE WHOLESALE | Proveedores de ropa vintage"},"image":{"@id":"https:\/\/elpatronvintage.com\/#\/schema\/logo\/image\/"}}]}},"_links":{"self":[{"href":"https:\/\/elpatronvintage.com\/en\/wp-json\/wp\/v2\/product\/4535","targetHints":{"allow":["GET"]}}],"collection":[{"href":"https:\/\/elpatronvintage.com\/en\/wp-json\/wp\/v2\/product"}],"about":[{"href":"https:\/\/elpatronvintage.com\/en\/wp-json\/wp\/v2\/types\/product"}],"replies":[{"embeddable":true,"href":"https:\/\/elpatronvintage.com\/en\/wp-json\/wp\/v2\/comments?post=4535"}],"version-history":[{"count":4,"href":"https:\/\/elpatronvintage.com\/en\/wp-json\/wp\/v2\/product\/4535\/revisions"}],"predecessor-version":[{"id":13533,"href":"https:\/\/elpatronvintage.com\/en\/wp-json\/wp\/v2\/product\/4535\/revisions\/13533"}],"wp:featuredmedia":[{"embeddable":true,"href":"https:\/\/elpatronvintage.com\/en\/wp-json\/wp\/v2\/media\/4537"}],"wp:attachment":[{"href":"https:\/\/elpatronvintage.com\/en\/wp-json\/wp\/v2\/media?parent=4535"}],"wp:term":[{"taxonomy":"product_brand","embeddable":true,"href":"https:\/\/elpatronvintage.com\/en\/wp-json\/wp\/v2\/product_brand?post=4535"},{"taxonomy":"product_cat","embeddable":true,"href":"https:\/\/elpatronvintage.com\/en\/wp-json\/wp\/v2\/product_cat?post=4535"},{"taxonomy":"product_tag","embeddable":true,"href":"https:\/\/elpatronvintage.com\/en\/wp-json\/wp\/v2\/product_tag?post=4535"}],"curies":[{"name":"wp","href":"https:\/\/api.w.org\/{rel}","templated":true}]}}