{"id":14514,"date":"2026-02-24T12:45:54","date_gmt":"2026-02-24T10:45:54","guid":{"rendered":"https:\/\/elpatronvintage.com\/?post_type=product&#038;p=14514"},"modified":"2026-02-24T15:19:14","modified_gmt":"2026-02-24T13:19:14","slug":"motorbike-jackets","status":"publish","type":"product","link":"https:\/\/elpatronvintage.com\/en\/product\/motorbike-jackets\/","title":{"rendered":"Motorbike Jackets"},"content":{"rendered":"","protected":false},"excerpt":{"rendered":"<p><strong>Moto Racing Jackets<\/strong><\/p>\n<p data-start=\"77\" data-end=\"361\">Set of jackets from <strong>moto racing originals<\/strong> from the biker look of the 80's and 90's to modern day models. Designs with leather panels or technical materials, embroidered patches, racing details and robust structures characteristic of the world of motorsport.<\/p>\n<p data-start=\"455\" data-end=\"553\"><strong data-start=\"455\" data-end=\"466\">Brands:<\/strong> Vintage (Assorted)<br data-start=\"485\" data-end=\"488\" \/><strong data-start=\"488\" data-end=\"499\">Sizes:<\/strong> XS to XL (Assorted)<br data-start=\"516\" data-end=\"519\" \/><strong data-start=\"519\" data-end=\"531\">Resale:<\/strong> 40\u20ac-140\u20ac per unit<\/p>\n<p data-start=\"555\" data-end=\"570\"><strong data-start=\"555\" data-end=\"568\">QUALITY A<\/strong><\/p>\n<p data-start=\"572\" data-end=\"603\"><strong data-start=\"572\" data-end=\"601\">MINIMUM ORDER - 10 PIECES<\/strong><\/p>\n<p data-start=\"605\" data-end=\"646\"><strong data-start=\"605\" data-end=\"644\">FREE SHIPPING 24\/48H ALL OVER SPAIN<\/strong><\/p>\n<p data-start=\"648\" data-end=\"680\" data-is-last-node=\"\" data-is-only-node=\"\"><strong data-start=\"648\" data-end=\"680\" data-is-last-node=\"\">48\/72H SHIPMENTS THROUGHOUT EUROPE<\/strong><\/p>","protected":false},"featured_media":14515,"comment_status":"open","ping_status":"closed","template":"","meta":[],"product_brand":[],"product_cat":[214,219,221,16],"product_tag":[],"class_list":{"0":"post-14514","1":"product","2":"type-product","3":"status-publish","4":"has-post-thumbnail","6":"product_cat-jackets","7":"product_cat-offer","8":"product_cat-marcas","9":"product_cat-allproducts","11":"first","12":"instock","13":"sale","14":"taxable","15":"shipping-taxable","16":"purchasable","17":"product-type-simple"},"yoast_head":"<!-- This site is optimized with the Yoast SEO plugin v26.8 - https:\/\/yoast.com\/product\/yoast-seo-wordpress\/ -->\n<title>Chaquetas de Moto - elpatronvintage.com<\/title>\n<meta name=\"robots\" content=\"index, follow, max-snippet:-1, max-image-preview:large, max-video-preview:-1\" \/>\n<link rel=\"canonical\" href=\"https:\/\/elpatronvintage.com\/en\/product\/motorbike-jackets\/\" \/>\n<meta property=\"og:locale\" content=\"en_GB\" \/>\n<meta property=\"og:type\" content=\"article\" \/>\n<meta property=\"og:title\" content=\"Chaquetas de Moto - elpatronvintage.com\" \/>\n<meta property=\"og:description\" content=\"Chaquetas de Moto Racing Lote de chaquetas de moto racing originales desde est\u00e9tica biker de los a\u00f1os 80-90 hasta modelos de la actualidad. Dise\u00f1os con paneles de cuero o materiales t\u00e9cnicos, parches bordados, detalles racing y estructuras robustas caracter\u00edsticas del mundo del motor. Marcas: Vintage (Variadas)Tallas: XS a XL (Variadas)Reventa: 40\u20ac-140\u20ac por unidad CALIDAD A PEDIDO M\u00cdNIMO \u2013 10 PIEZAS ENV\u00cdOS GRATIS 24\/48H EN TODA ESPA\u00d1A ENV\u00cdOS 48\/72H EN TODA EUROPA\" \/>\n<meta property=\"og:url\" content=\"https:\/\/elpatronvintage.com\/en\/product\/motorbike-jackets\/\" \/>\n<meta property=\"og:site_name\" content=\"elpatronvintage.com\" \/>\n<meta property=\"article:modified_time\" content=\"2026-02-24T13:19:14+00:00\" \/>\n<meta property=\"og:image\" content=\"https:\/\/elpatronvintage.com\/wp-content\/uploads\/2026\/02\/1.webp\" \/>\n\t<meta property=\"og:image:width\" content=\"977\" \/>\n\t<meta property=\"og:image:height\" content=\"1260\" \/>\n\t<meta property=\"og:image:type\" content=\"image\/webp\" \/>\n<meta name=\"twitter:card\" content=\"summary_large_image\" \/>\n<meta name=\"twitter:label1\" content=\"Estimated reading time\" \/>\n\t<meta name=\"twitter:data1\" content=\"1 minute\" \/>\n<script type=\"application\/ld+json\" class=\"yoast-schema-graph\">{\"@context\":\"https:\/\/schema.org\",\"@graph\":[{\"@type\":\"WebPage\",\"@id\":\"https:\/\/elpatronvintage.com\/en\/product\/motorbike-jackets\/\",\"url\":\"https:\/\/elpatronvintage.com\/en\/product\/motorbike-jackets\/\",\"name\":\"Chaquetas de Moto - elpatronvintage.com\",\"isPartOf\":{\"@id\":\"http:\/\/elpatronvintage.com\/#website\"},\"primaryImageOfPage\":{\"@id\":\"https:\/\/elpatronvintage.com\/en\/product\/motorbike-jackets\/#primaryimage\"},\"image\":{\"@id\":\"https:\/\/elpatronvintage.com\/en\/product\/motorbike-jackets\/#primaryimage\"},\"thumbnailUrl\":\"https:\/\/elpatronvintage.com\/wp-content\/uploads\/2026\/02\/1.webp\",\"datePublished\":\"2026-02-24T10:45:54+00:00\",\"dateModified\":\"2026-02-24T13:19:14+00:00\",\"breadcrumb\":{\"@id\":\"https:\/\/elpatronvintage.com\/en\/product\/motorbike-jackets\/#breadcrumb\"},\"inLanguage\":\"en-GB\",\"potentialAction\":[{\"@type\":\"ReadAction\",\"target\":[\"https:\/\/elpatronvintage.com\/en\/product\/motorbike-jackets\/\"]}]},{\"@type\":\"ImageObject\",\"inLanguage\":\"en-GB\",\"@id\":\"https:\/\/elpatronvintage.com\/en\/product\/motorbike-jackets\/#primaryimage\",\"url\":\"https:\/\/elpatronvintage.com\/wp-content\/uploads\/2026\/02\/1.webp\",\"contentUrl\":\"https:\/\/elpatronvintage.com\/wp-content\/uploads\/2026\/02\/1.webp\",\"width\":977,\"height\":1260},{\"@type\":\"BreadcrumbList\",\"@id\":\"https:\/\/elpatronvintage.com\/en\/product\/motorbike-jackets\/#breadcrumb\",\"itemListElement\":[{\"@type\":\"ListItem\",\"position\":1,\"name\":\"Portada\",\"item\":\"https:\/\/elpatronvintage.com\/\"},{\"@type\":\"ListItem\",\"position\":2,\"name\":\"Lote de Ropa Vintage\",\"item\":\"https:\/\/elpatronvintage.com\/shop\/\"},{\"@type\":\"ListItem\",\"position\":3,\"name\":\"Chaquetas de Moto\"}]},{\"@type\":\"WebSite\",\"@id\":\"http:\/\/elpatronvintage.com\/#website\",\"url\":\"http:\/\/elpatronvintage.com\/\",\"name\":\"EL PATR\u00d3N VINTAGE WHOLESALE | Proveedores de ropa vintage\",\"description\":\"El Patr\u00f3n Vintage CLOTHING WHOLESALE\",\"publisher\":{\"@id\":\"http:\/\/elpatronvintage.com\/#organization\"},\"alternateName\":\"Ropa Vintage al Por Mayor\",\"potentialAction\":[{\"@type\":\"SearchAction\",\"target\":{\"@type\":\"EntryPoint\",\"urlTemplate\":\"http:\/\/elpatronvintage.com\/?s={search_term_string}\"},\"query-input\":{\"@type\":\"PropertyValueSpecification\",\"valueRequired\":true,\"valueName\":\"search_term_string\"}}],\"inLanguage\":\"en-GB\"},{\"@type\":\"Organization\",\"@id\":\"http:\/\/elpatronvintage.com\/#organization\",\"name\":\"EL PATR\u00d3N VINTAGE WHOLESALE | Proveedores de ropa vintage\",\"url\":\"http:\/\/elpatronvintage.com\/\",\"logo\":{\"@type\":\"ImageObject\",\"inLanguage\":\"en-GB\",\"@id\":\"http:\/\/elpatronvintage.com\/#\/schema\/logo\/image\/\",\"url\":\"https:\/\/elpatronvintage.com\/wp-content\/uploads\/2023\/01\/logo-web.webp\",\"contentUrl\":\"https:\/\/elpatronvintage.com\/wp-content\/uploads\/2023\/01\/logo-web.webp\",\"width\":961,\"height\":598,\"caption\":\"EL PATR\u00d3N VINTAGE WHOLESALE | Proveedores de ropa vintage\"},\"image\":{\"@id\":\"http:\/\/elpatronvintage.com\/#\/schema\/logo\/image\/\"}}]}<\/script>\n<!-- \/ Yoast SEO plugin. -->","yoast_head_json":{"title":"Motorbike Jackets - elpatronvintage.com","robots":{"index":"index","follow":"follow","max-snippet":"max-snippet:-1","max-image-preview":"max-image-preview:large","max-video-preview":"max-video-preview:-1"},"canonical":"https:\/\/elpatronvintage.com\/en\/product\/motorbike-jackets\/","og_locale":"en_GB","og_type":"article","og_title":"Chaquetas de Moto - elpatronvintage.com","og_description":"Chaquetas de Moto Racing Lote de chaquetas de moto racing originales desde est\u00e9tica biker de los a\u00f1os 80-90 hasta modelos de la actualidad. Dise\u00f1os con paneles de cuero o materiales t\u00e9cnicos, parches bordados, detalles racing y estructuras robustas caracter\u00edsticas del mundo del motor. Marcas: Vintage (Variadas)Tallas: XS a XL (Variadas)Reventa: 40\u20ac-140\u20ac por unidad CALIDAD A PEDIDO M\u00cdNIMO \u2013 10 PIEZAS ENV\u00cdOS GRATIS 24\/48H EN TODA ESPA\u00d1A ENV\u00cdOS 48\/72H EN TODA EUROPA","og_url":"https:\/\/elpatronvintage.com\/en\/product\/motorbike-jackets\/","og_site_name":"elpatronvintage.com","article_modified_time":"2026-02-24T13:19:14+00:00","og_image":[{"width":977,"height":1260,"url":"https:\/\/elpatronvintage.com\/wp-content\/uploads\/2026\/02\/1.webp","type":"image\/webp"}],"twitter_card":"summary_large_image","twitter_misc":{"Estimated reading time":"1 minute"},"schema":{"@context":"https:\/\/schema.org","@graph":[{"@type":"WebPage","@id":"https:\/\/elpatronvintage.com\/en\/product\/motorbike-jackets\/","url":"https:\/\/elpatronvintage.com\/en\/product\/motorbike-jackets\/","name":"Motorbike Jackets - elpatronvintage.com","isPartOf":{"@id":"http:\/\/elpatronvintage.com\/#website"},"primaryImageOfPage":{"@id":"https:\/\/elpatronvintage.com\/en\/product\/motorbike-jackets\/#primaryimage"},"image":{"@id":"https:\/\/elpatronvintage.com\/en\/product\/motorbike-jackets\/#primaryimage"},"thumbnailUrl":"https:\/\/elpatronvintage.com\/wp-content\/uploads\/2026\/02\/1.webp","datePublished":"2026-02-24T10:45:54+00:00","dateModified":"2026-02-24T13:19:14+00:00","breadcrumb":{"@id":"https:\/\/elpatronvintage.com\/en\/product\/motorbike-jackets\/#breadcrumb"},"inLanguage":"en-GB","potentialAction":[{"@type":"ReadAction","target":["https:\/\/elpatronvintage.com\/en\/product\/motorbike-jackets\/"]}]},{"@type":"ImageObject","inLanguage":"en-GB","@id":"https:\/\/elpatronvintage.com\/en\/product\/motorbike-jackets\/#primaryimage","url":"https:\/\/elpatronvintage.com\/wp-content\/uploads\/2026\/02\/1.webp","contentUrl":"https:\/\/elpatronvintage.com\/wp-content\/uploads\/2026\/02\/1.webp","width":977,"height":1260},{"@type":"BreadcrumbList","@id":"https:\/\/elpatronvintage.com\/en\/product\/motorbike-jackets\/#breadcrumb","itemListElement":[{"@type":"ListItem","position":1,"name":"Portada","item":"https:\/\/elpatronvintage.com\/"},{"@type":"ListItem","position":2,"name":"Lote de Ropa Vintage","item":"https:\/\/elpatronvintage.com\/shop\/"},{"@type":"ListItem","position":3,"name":"Chaquetas de Moto"}]},{"@type":"WebSite","@id":"http:\/\/elpatronvintage.com\/#website","url":"http:\/\/elpatronvintage.com\/","name":"THE WHOLESALE VINTAGE PATTERN | Vintage clothing suppliers","description":"The CLOTHING WHOLESALE Vintage Pattern","publisher":{"@id":"http:\/\/elpatronvintage.com\/#organization"},"alternateName":"Ropa Vintage al Por Mayor","potentialAction":[{"@type":"SearchAction","target":{"@type":"EntryPoint","urlTemplate":"http:\/\/elpatronvintage.com\/?s={search_term_string}"},"query-input":{"@type":"PropertyValueSpecification","valueRequired":true,"valueName":"search_term_string"}}],"inLanguage":"en-GB"},{"@type":"Organization","@id":"http:\/\/elpatronvintage.com\/#organization","name":"THE WHOLESALE VINTAGE PATTERN | Vintage clothing suppliers","url":"http:\/\/elpatronvintage.com\/","logo":{"@type":"ImageObject","inLanguage":"en-GB","@id":"http:\/\/elpatronvintage.com\/#\/schema\/logo\/image\/","url":"https:\/\/elpatronvintage.com\/wp-content\/uploads\/2023\/01\/logo-web.webp","contentUrl":"https:\/\/elpatronvintage.com\/wp-content\/uploads\/2023\/01\/logo-web.webp","width":961,"height":598,"caption":"EL PATR\u00d3N VINTAGE WHOLESALE | Proveedores de ropa vintage"},"image":{"@id":"http:\/\/elpatronvintage.com\/#\/schema\/logo\/image\/"}}]}},"_links":{"self":[{"href":"https:\/\/elpatronvintage.com\/en\/wp-json\/wp\/v2\/product\/14514","targetHints":{"allow":["GET"]}}],"collection":[{"href":"https:\/\/elpatronvintage.com\/en\/wp-json\/wp\/v2\/product"}],"about":[{"href":"https:\/\/elpatronvintage.com\/en\/wp-json\/wp\/v2\/types\/product"}],"replies":[{"embeddable":true,"href":"https:\/\/elpatronvintage.com\/en\/wp-json\/wp\/v2\/comments?post=14514"}],"version-history":[{"count":2,"href":"https:\/\/elpatronvintage.com\/en\/wp-json\/wp\/v2\/product\/14514\/revisions"}],"predecessor-version":[{"id":14524,"href":"https:\/\/elpatronvintage.com\/en\/wp-json\/wp\/v2\/product\/14514\/revisions\/14524"}],"wp:featuredmedia":[{"embeddable":true,"href":"https:\/\/elpatronvintage.com\/en\/wp-json\/wp\/v2\/media\/14515"}],"wp:attachment":[{"href":"https:\/\/elpatronvintage.com\/en\/wp-json\/wp\/v2\/media?parent=14514"}],"wp:term":[{"taxonomy":"product_brand","embeddable":true,"href":"https:\/\/elpatronvintage.com\/en\/wp-json\/wp\/v2\/product_brand?post=14514"},{"taxonomy":"product_cat","embeddable":true,"href":"https:\/\/elpatronvintage.com\/en\/wp-json\/wp\/v2\/product_cat?post=14514"},{"taxonomy":"product_tag","embeddable":true,"href":"https:\/\/elpatronvintage.com\/en\/wp-json\/wp\/v2\/product_tag?post=14514"}],"curies":[{"name":"wp","href":"https:\/\/api.w.org\/{rel}","templated":true}]}}