{"id":13460,"date":"2025-08-14T18:44:23","date_gmt":"2025-08-14T16:44:23","guid":{"rendered":"https:\/\/elpatronvintage.com\/?post_type=product&#038;p=13460"},"modified":"2025-09-09T23:14:26","modified_gmt":"2025-09-09T21:14:26","slug":"nascar-rework-jackets","status":"publish","type":"product","link":"https:\/\/elpatronvintage.com\/en\/product\/nascar-rework-jackets\/","title":{"rendered":"Racing Nascar Rework Jackets"},"content":{"rendered":"","protected":false},"excerpt":{"rendered":"<p><strong>Pre-Order Racing Nascar Rework Jackets<\/strong><\/p>\n<p>The<strong> Nascar Racing Jackets <\/strong>are garments of authentic and reinterpreted origin: they are original American garments from the 70's, 80's and 90's, handcrafted to recover their racing energy with a renewed air.<\/p>\n<p>A unique blend of nostalgia and contemporary relevance, crafted to stand out in shop windows, vintage shops or online platforms. Perfect for those looking for variety, authenticity and a strong visual charge in their products.<\/p>\n<p data-start=\"78\" data-end=\"120\"><strong data-start=\"78\" data-end=\"118\">Pre-Order Purchase: How does it work?<\/strong><\/p>\n<p data-start=\"122\" data-end=\"378\">This product is available in <strong data-start=\"155\" data-end=\"168\">pre-order<\/strong>are made to order.<\/p>\n<p data-start=\"122\" data-end=\"378\"><strong data-start=\"383\" data-end=\"404\">Delivery time:<\/strong> Due to this process, the shipping time will be longer than usual. The estimated delivery time is 14 to 28 days.<\/p>\n<p data-start=\"540\" data-end=\"581\"><strong data-start=\"542\" data-end=\"579\">Advantages of pre-ordering:<\/strong><\/p>\n<ul data-start=\"582\" data-end=\"762\">\n<li data-start=\"582\" data-end=\"626\">You secure your piece before it runs out.<\/li>\n<li data-start=\"627\" data-end=\"684\">You have access to exclusive or limited edition items.<\/li>\n<li data-start=\"685\" data-end=\"762\">You help us to reduce waste and encourage more sustainable consumption.<\/li>\n<\/ul>\n<p><strong>Brand:\u00a0<\/strong>Nascar<\/p>\n<p><strong>Sizes:<\/strong> S to L<\/p>\n<p><strong>Resale: 50\u20ac-110\u20ac per unit.<\/strong><\/p>\n<p><strong>QUALITY A<\/strong><\/p>\n<p><strong>MINIMUM ORDER - 10 PIECES<\/strong><\/p>\n<p><strong>FREE SHIPPING 14-28 DAYS THROUGHOUT SPAIN.\u00a0<\/strong><\/p>","protected":false},"featured_media":13461,"comment_status":"open","ping_status":"closed","template":"","meta":[],"product_brand":[],"product_cat":[214,219,243,221,16],"product_tag":[],"class_list":{"0":"post-13460","1":"product","2":"type-product","3":"status-publish","4":"has-post-thumbnail","6":"product_cat-jackets","7":"product_cat-offer","8":"product_cat-rework","9":"product_cat-marcas","10":"product_cat-allproducts","12":"first","13":"instock","14":"taxable","15":"shipping-taxable","16":"purchasable","17":"product-type-simple"},"yoast_head":"<!-- This site is optimized with the Yoast SEO plugin v26.8 - https:\/\/yoast.com\/product\/yoast-seo-wordpress\/ -->\n<title>Chaquetas Racing Nascar Rework - elpatronvintage.com<\/title>\n<meta name=\"robots\" content=\"index, follow, max-snippet:-1, max-image-preview:large, max-video-preview:-1\" \/>\n<link rel=\"canonical\" href=\"http:\/\/elpatronvintage.com\/en\/product\/nascar-rework-jackets\/\" \/>\n<meta property=\"og:locale\" content=\"en_GB\" \/>\n<meta property=\"og:type\" content=\"article\" \/>\n<meta property=\"og:title\" content=\"Chaquetas Racing Nascar Rework - elpatronvintage.com\" \/>\n<meta property=\"og:description\" content=\"Pre-Order Chaquetas Racing Nascar Rework  Las Chaquetas Racing Nascar son prendas de origen aut\u00e9ntico y reinterpretado: Se trata de prendas originales americanas de las d\u00e9cadas 70, 80, 90 transformadas artesanalmente para recuperar su energ\u00eda racing con un aire renovado.  Una mezcla \u00fanica de nostalgia y relevancia actual, elaboradas para destacar en escaparates, tiendas vintage o plataformas online. Perfectas para quienes buscan variedad, autenticidad y una fuerte carga visual en sus productos. Compra en Pre-Order: \u00bfC\u00f3mo Funciona? Este producto est\u00e1 disponible en pre-order, se fabrican bajo pedido. Plazo de entrega: Debido a este proceso, el tiempo de env\u00edo ser\u00e1 mayor al habitual. La estimaci\u00f3n de entrega es de 14 a 28 d\u00edas. Ventajas de comprar en pre-order:    Aseguras tu pieza antes de que se agote.  Accedes a art\u00edculos exclusivos o de edici\u00f3n limitada.  Nos ayudas a reducir el desperdicio y fomentar un consumo m\u00e1s sostenible.  Marca:\u00a0Nascar  Tallas: S a L  Reventa: 50\u20ac-110\u20ac por unidad.  CALIDAD A  PEDIDO MINIMO - 10 PIEZAS  ENV\u00cdOS GRATIS 14-28 D\u00cdAS EN TODA ESPA\u00d1A.\u00a0\" \/>\n<meta property=\"og:url\" content=\"http:\/\/elpatronvintage.com\/en\/product\/nascar-rework-jackets\/\" \/>\n<meta property=\"og:site_name\" content=\"elpatronvintage.com\" \/>\n<meta property=\"article:modified_time\" content=\"2025-09-09T21:14:26+00:00\" \/>\n<meta property=\"og:image\" content=\"http:\/\/elpatronvintage.com\/wp-content\/uploads\/2025\/08\/1-1.webp\" \/>\n\t<meta property=\"og:image:width\" content=\"977\" \/>\n\t<meta property=\"og:image:height\" content=\"1260\" \/>\n\t<meta property=\"og:image:type\" content=\"image\/webp\" \/>\n<meta name=\"twitter:card\" content=\"summary_large_image\" \/>\n<meta name=\"twitter:label1\" content=\"Estimated reading time\" \/>\n\t<meta name=\"twitter:data1\" content=\"1 minute\" \/>\n<script type=\"application\/ld+json\" class=\"yoast-schema-graph\">{\"@context\":\"https:\/\/schema.org\",\"@graph\":[{\"@type\":\"WebPage\",\"@id\":\"http:\/\/elpatronvintage.com\/en\/product\/nascar-rework-jackets\/\",\"url\":\"http:\/\/elpatronvintage.com\/en\/product\/nascar-rework-jackets\/\",\"name\":\"Chaquetas Racing Nascar Rework - elpatronvintage.com\",\"isPartOf\":{\"@id\":\"https:\/\/elpatronvintage.com\/#website\"},\"primaryImageOfPage\":{\"@id\":\"http:\/\/elpatronvintage.com\/en\/product\/nascar-rework-jackets\/#primaryimage\"},\"image\":{\"@id\":\"http:\/\/elpatronvintage.com\/en\/product\/nascar-rework-jackets\/#primaryimage\"},\"thumbnailUrl\":\"https:\/\/elpatronvintage.com\/wp-content\/uploads\/2025\/08\/1-1.webp\",\"datePublished\":\"2025-08-14T16:44:23+00:00\",\"dateModified\":\"2025-09-09T21:14:26+00:00\",\"breadcrumb\":{\"@id\":\"http:\/\/elpatronvintage.com\/en\/product\/nascar-rework-jackets\/#breadcrumb\"},\"inLanguage\":\"en-GB\",\"potentialAction\":[{\"@type\":\"ReadAction\",\"target\":[\"http:\/\/elpatronvintage.com\/en\/product\/nascar-rework-jackets\/\"]}]},{\"@type\":\"ImageObject\",\"inLanguage\":\"en-GB\",\"@id\":\"http:\/\/elpatronvintage.com\/en\/product\/nascar-rework-jackets\/#primaryimage\",\"url\":\"https:\/\/elpatronvintage.com\/wp-content\/uploads\/2025\/08\/1-1.webp\",\"contentUrl\":\"https:\/\/elpatronvintage.com\/wp-content\/uploads\/2025\/08\/1-1.webp\",\"width\":977,\"height\":1260},{\"@type\":\"BreadcrumbList\",\"@id\":\"http:\/\/elpatronvintage.com\/en\/product\/nascar-rework-jackets\/#breadcrumb\",\"itemListElement\":[{\"@type\":\"ListItem\",\"position\":1,\"name\":\"Portada\",\"item\":\"https:\/\/elpatronvintage.com\/it\/\"},{\"@type\":\"ListItem\",\"position\":2,\"name\":\"Lote de Ropa Vintage\",\"item\":\"http:\/\/elpatronvintage.com\/shop\/\"},{\"@type\":\"ListItem\",\"position\":3,\"name\":\"Chaquetas Racing Nascar Rework\"}]},{\"@type\":\"WebSite\",\"@id\":\"https:\/\/elpatronvintage.com\/#website\",\"url\":\"https:\/\/elpatronvintage.com\/\",\"name\":\"EL PATR\u00d3N VINTAGE WHOLESALE | Proveedores de ropa vintage\",\"description\":\"El Patr\u00f3n Vintage CLOTHING WHOLESALE\",\"publisher\":{\"@id\":\"https:\/\/elpatronvintage.com\/#organization\"},\"alternateName\":\"Ropa Vintage al Por Mayor\",\"potentialAction\":[{\"@type\":\"SearchAction\",\"target\":{\"@type\":\"EntryPoint\",\"urlTemplate\":\"https:\/\/elpatronvintage.com\/?s={search_term_string}\"},\"query-input\":{\"@type\":\"PropertyValueSpecification\",\"valueRequired\":true,\"valueName\":\"search_term_string\"}}],\"inLanguage\":\"en-GB\"},{\"@type\":\"Organization\",\"@id\":\"https:\/\/elpatronvintage.com\/#organization\",\"name\":\"EL PATR\u00d3N VINTAGE WHOLESALE | Proveedores de ropa vintage\",\"url\":\"https:\/\/elpatronvintage.com\/\",\"logo\":{\"@type\":\"ImageObject\",\"inLanguage\":\"en-GB\",\"@id\":\"https:\/\/elpatronvintage.com\/#\/schema\/logo\/image\/\",\"url\":\"https:\/\/elpatronvintage.com\/wp-content\/uploads\/2023\/01\/logo-web.webp\",\"contentUrl\":\"https:\/\/elpatronvintage.com\/wp-content\/uploads\/2023\/01\/logo-web.webp\",\"width\":961,\"height\":598,\"caption\":\"EL PATR\u00d3N VINTAGE WHOLESALE | Proveedores de ropa vintage\"},\"image\":{\"@id\":\"https:\/\/elpatronvintage.com\/#\/schema\/logo\/image\/\"}}]}<\/script>\n<!-- \/ Yoast SEO plugin. -->","yoast_head_json":{"title":"Racing Nascar Rework Jackets - elpatronvintage.com","robots":{"index":"index","follow":"follow","max-snippet":"max-snippet:-1","max-image-preview":"max-image-preview:large","max-video-preview":"max-video-preview:-1"},"canonical":"http:\/\/elpatronvintage.com\/en\/product\/nascar-rework-jackets\/","og_locale":"en_GB","og_type":"article","og_title":"Chaquetas Racing Nascar Rework - elpatronvintage.com","og_description":"Pre-Order Chaquetas Racing Nascar Rework  Las Chaquetas Racing Nascar son prendas de origen aut\u00e9ntico y reinterpretado: Se trata de prendas originales americanas de las d\u00e9cadas 70, 80, 90 transformadas artesanalmente para recuperar su energ\u00eda racing con un aire renovado.  Una mezcla \u00fanica de nostalgia y relevancia actual, elaboradas para destacar en escaparates, tiendas vintage o plataformas online. Perfectas para quienes buscan variedad, autenticidad y una fuerte carga visual en sus productos. Compra en Pre-Order: \u00bfC\u00f3mo Funciona? Este producto est\u00e1 disponible en pre-order, se fabrican bajo pedido. Plazo de entrega: Debido a este proceso, el tiempo de env\u00edo ser\u00e1 mayor al habitual. La estimaci\u00f3n de entrega es de 14 a 28 d\u00edas. Ventajas de comprar en pre-order:    Aseguras tu pieza antes de que se agote.  Accedes a art\u00edculos exclusivos o de edici\u00f3n limitada.  Nos ayudas a reducir el desperdicio y fomentar un consumo m\u00e1s sostenible.  Marca:\u00a0Nascar  Tallas: S a L  Reventa: 50\u20ac-110\u20ac por unidad.  CALIDAD A  PEDIDO MINIMO - 10 PIEZAS  ENV\u00cdOS GRATIS 14-28 D\u00cdAS EN TODA ESPA\u00d1A.\u00a0","og_url":"http:\/\/elpatronvintage.com\/en\/product\/nascar-rework-jackets\/","og_site_name":"elpatronvintage.com","article_modified_time":"2025-09-09T21:14:26+00:00","og_image":[{"width":977,"height":1260,"url":"http:\/\/elpatronvintage.com\/wp-content\/uploads\/2025\/08\/1-1.webp","type":"image\/webp"}],"twitter_card":"summary_large_image","twitter_misc":{"Estimated reading time":"1 minute"},"schema":{"@context":"https:\/\/schema.org","@graph":[{"@type":"WebPage","@id":"http:\/\/elpatronvintage.com\/en\/product\/nascar-rework-jackets\/","url":"http:\/\/elpatronvintage.com\/en\/product\/nascar-rework-jackets\/","name":"Racing Nascar Rework Jackets - elpatronvintage.com","isPartOf":{"@id":"https:\/\/elpatronvintage.com\/#website"},"primaryImageOfPage":{"@id":"http:\/\/elpatronvintage.com\/en\/product\/nascar-rework-jackets\/#primaryimage"},"image":{"@id":"http:\/\/elpatronvintage.com\/en\/product\/nascar-rework-jackets\/#primaryimage"},"thumbnailUrl":"https:\/\/elpatronvintage.com\/wp-content\/uploads\/2025\/08\/1-1.webp","datePublished":"2025-08-14T16:44:23+00:00","dateModified":"2025-09-09T21:14:26+00:00","breadcrumb":{"@id":"http:\/\/elpatronvintage.com\/en\/product\/nascar-rework-jackets\/#breadcrumb"},"inLanguage":"en-GB","potentialAction":[{"@type":"ReadAction","target":["http:\/\/elpatronvintage.com\/en\/product\/nascar-rework-jackets\/"]}]},{"@type":"ImageObject","inLanguage":"en-GB","@id":"http:\/\/elpatronvintage.com\/en\/product\/nascar-rework-jackets\/#primaryimage","url":"https:\/\/elpatronvintage.com\/wp-content\/uploads\/2025\/08\/1-1.webp","contentUrl":"https:\/\/elpatronvintage.com\/wp-content\/uploads\/2025\/08\/1-1.webp","width":977,"height":1260},{"@type":"BreadcrumbList","@id":"http:\/\/elpatronvintage.com\/en\/product\/nascar-rework-jackets\/#breadcrumb","itemListElement":[{"@type":"ListItem","position":1,"name":"Portada","item":"https:\/\/elpatronvintage.com\/it\/"},{"@type":"ListItem","position":2,"name":"Lote de Ropa Vintage","item":"http:\/\/elpatronvintage.com\/shop\/"},{"@type":"ListItem","position":3,"name":"Chaquetas Racing Nascar Rework"}]},{"@type":"WebSite","@id":"https:\/\/elpatronvintage.com\/#website","url":"https:\/\/elpatronvintage.com\/","name":"THE WHOLESALE VINTAGE PATTERN | Vintage clothing suppliers","description":"The CLOTHING WHOLESALE Vintage Pattern","publisher":{"@id":"https:\/\/elpatronvintage.com\/#organization"},"alternateName":"Ropa Vintage al Por Mayor","potentialAction":[{"@type":"SearchAction","target":{"@type":"EntryPoint","urlTemplate":"https:\/\/elpatronvintage.com\/?s={search_term_string}"},"query-input":{"@type":"PropertyValueSpecification","valueRequired":true,"valueName":"search_term_string"}}],"inLanguage":"en-GB"},{"@type":"Organization","@id":"https:\/\/elpatronvintage.com\/#organization","name":"THE WHOLESALE VINTAGE PATTERN | Vintage clothing suppliers","url":"https:\/\/elpatronvintage.com\/","logo":{"@type":"ImageObject","inLanguage":"en-GB","@id":"https:\/\/elpatronvintage.com\/#\/schema\/logo\/image\/","url":"https:\/\/elpatronvintage.com\/wp-content\/uploads\/2023\/01\/logo-web.webp","contentUrl":"https:\/\/elpatronvintage.com\/wp-content\/uploads\/2023\/01\/logo-web.webp","width":961,"height":598,"caption":"EL PATR\u00d3N VINTAGE WHOLESALE | Proveedores de ropa vintage"},"image":{"@id":"https:\/\/elpatronvintage.com\/#\/schema\/logo\/image\/"}}]}},"_links":{"self":[{"href":"https:\/\/elpatronvintage.com\/en\/wp-json\/wp\/v2\/product\/13460","targetHints":{"allow":["GET"]}}],"collection":[{"href":"https:\/\/elpatronvintage.com\/en\/wp-json\/wp\/v2\/product"}],"about":[{"href":"https:\/\/elpatronvintage.com\/en\/wp-json\/wp\/v2\/types\/product"}],"replies":[{"embeddable":true,"href":"https:\/\/elpatronvintage.com\/en\/wp-json\/wp\/v2\/comments?post=13460"}],"version-history":[{"count":2,"href":"https:\/\/elpatronvintage.com\/en\/wp-json\/wp\/v2\/product\/13460\/revisions"}],"predecessor-version":[{"id":13524,"href":"https:\/\/elpatronvintage.com\/en\/wp-json\/wp\/v2\/product\/13460\/revisions\/13524"}],"wp:featuredmedia":[{"embeddable":true,"href":"https:\/\/elpatronvintage.com\/en\/wp-json\/wp\/v2\/media\/13461"}],"wp:attachment":[{"href":"https:\/\/elpatronvintage.com\/en\/wp-json\/wp\/v2\/media?parent=13460"}],"wp:term":[{"taxonomy":"product_brand","embeddable":true,"href":"https:\/\/elpatronvintage.com\/en\/wp-json\/wp\/v2\/product_brand?post=13460"},{"taxonomy":"product_cat","embeddable":true,"href":"https:\/\/elpatronvintage.com\/en\/wp-json\/wp\/v2\/product_cat?post=13460"},{"taxonomy":"product_tag","embeddable":true,"href":"https:\/\/elpatronvintage.com\/en\/wp-json\/wp\/v2\/product_tag?post=13460"}],"curies":[{"name":"wp","href":"https:\/\/api.w.org\/{rel}","templated":true}]}}