{"id":4047,"date":"2023-06-23T07:12:36","date_gmt":"2023-06-23T07:12:36","guid":{"rendered":"https:\/\/elpatronvintage.com\/?page_id=4047"},"modified":"2025-05-08T21:55:38","modified_gmt":"2025-05-08T19:55:38","slug":"return-policies","status":"publish","type":"page","link":"https:\/\/elpatronvintage.com\/en\/return-policies\/","title":{"rendered":"Return"},"content":{"rendered":"<div data-elementor-type=\"wp-page\" data-elementor-id=\"4047\" class=\"elementor elementor-4047\" data-elementor-post-type=\"page\">\n\t\t\t\t\t\t<section class=\"elementor-section elementor-top-section elementor-element elementor-element-108363fd elementor-section-boxed elementor-section-height-default elementor-section-height-default\" data-id=\"108363fd\" data-element_type=\"section\" data-e-type=\"section\">\n\t\t\t\t\t\t<div class=\"elementor-container elementor-column-gap-default\">\n\t\t\t\t\t<div class=\"elementor-column elementor-col-100 elementor-top-column elementor-element elementor-element-2ef85730\" data-id=\"2ef85730\" data-element_type=\"column\" data-e-type=\"column\">\n\t\t\t<div class=\"elementor-widget-wrap elementor-element-populated\">\n\t\t\t\t\t\t<div class=\"elementor-element elementor-element-1a2c7967 elementor-widget elementor-widget-text-editor\" data-id=\"1a2c7967\" data-element_type=\"widget\" data-e-type=\"widget\" data-widget_type=\"text-editor.default\">\n\t\t\t\t<div class=\"elementor-widget-container\">\n\t\t\t\t\t\t\t\t\t<p>-RETURNS POLICY PAGE:<\/p>\n<h3 class=\"\" data-start=\"167\" data-end=\"215\">Return Policy\u00a0<\/h3>\n<p>\u00a0<\/p>\n<h4 class=\"\" data-start=\"402\" data-end=\"447\">1. General conditions of return<\/h4>\n<p class=\"\" data-start=\"448\" data-end=\"798\">As these are wholesale sales of lots of vintage and second-hand clothing, <strong data-start=\"527\" data-end=\"634\">refunds will only be accepted when an obvious error has been made by El Patr\u00f3n Vintage.<\/strong>.<br data-start=\"635\" data-end=\"638\" \/>No returns will be accepted for subjective or personal reasons, such as: \"I don't like a garment\" or \"it doesn't correspond to my expectations\".<\/p>\n<h4 class=\"\" data-start=\"800\" data-end=\"853\">2. Procedure for requesting a refund<\/h4>\n<p class=\"\" data-start=\"854\" data-end=\"1134\">If you think there has been an error in your order, you should:<br data-start=\"913\" data-end=\"916\" \/>- Contact us via WhatsApp <strong data-start=\"952\" data-end=\"973\">(+34 649 768 063)<\/strong> within a maximum period of <strong data-start=\"996\" data-end=\"1008\">48 hours<\/strong> from receipt of the order.<br data-start=\"1039\" data-end=\"1042\" \/>- Please indicate the order number.<br data-start=\"1072\" data-end=\"1075\" \/>- Attach clear photographs and evidence of the error made.<\/p>\n<h4 class=\"\" data-start=\"1136\" data-end=\"1193\">3. Conditions for the acceptance of the return<\/h4>\n<p class=\"\" data-start=\"1194\" data-end=\"1580\">- Return shipping costs <strong data-start=\"1233\" data-end=\"1276\">are to be borne entirely by the customer.<\/strong>.<br data-start=\"1277\" data-end=\"1280\" \/>- The return must be scheduled and dispatched within a maximum period of <strong data-start=\"1348\" data-end=\"1369\">14 calendar days<\/strong> from receipt of the order or acceptance of the return.<br data-start=\"1439\" data-end=\"1442\" \/>- Until the returned package is received and checked by our warehouse, the responsibility for the contents remains with the customer.<\/p>\n<h4 class=\"\" data-start=\"1582\" data-end=\"1632\">4. Package review and coupon issuance<\/h4>\n<p class=\"\" data-start=\"1633\" data-end=\"2330\">- Once we receive the return, we will carry out an accurate check to ensure that the contents correspond exactly to the original order.<br data-start=\"1785\" data-end=\"1788\" \/>- Any discrepancies (in weight, quantity, style or quality) shall be notified within a maximum of <strong data-start=\"1886\" data-end=\"1898\">24 hours<\/strong> after the initial receipt of the order in order to be considered.<br data-start=\"1963\" data-end=\"1966\" \/>- If the return is accepted, a <strong data-start=\"2012\" data-end=\"2031\">purchase coupon<\/strong> equivalent to the amount of the returned goods (excluding shipping costs).<br data-start=\"2115\" data-end=\"2118\" \/>- <strong data-start=\"2120\" data-end=\"2160\">No monetary refunds are made<\/strong> under any circumstances.<br data-start=\"2188\" data-end=\"2191\" \/>- The process of reviewing and issuing the coupon can take up to <strong data-start=\"2255\" data-end=\"2274\">14 working days<\/strong> from receipt of the returned goods in our warehouse.<\/p>\n<h4 class=\"\" data-start=\"2332\" data-end=\"2367\">5. Second-hand products<\/h4>\n<p class=\"\" data-start=\"2368\" data-end=\"2664\">As we sell vintage and second-hand clothing, we cannot certify whether the garments have been used or altered after purchase. For this reason, <strong data-start=\"2525\" data-end=\"2618\">returns will only be processed by means of coupons for future purchases on our website.<\/strong>and no cash refunds will be given.<\/p>\n<p data-start=\"2368\" data-end=\"2664\"><strong data-start=\"217\" data-end=\"238\">The Vintage Pattern<\/strong>with CIF\/NIF: 47936812M, represented by <strong data-start=\"281\" data-end=\"306\">Julen Garc\u00eda Mart\u00ednez<\/strong>is responsible for the management of returns.<\/p>\n<p><!-- \/wp:paragraph --><\/p>\t\t\t\t\t\t\t\t<\/div>\n\t\t\t\t<\/div>\n\t\t\t\t\t<\/div>\n\t\t<\/div>\n\t\t\t\t\t<\/div>\n\t\t<\/section>\n\t\t\t\t<\/div>","protected":false},"excerpt":{"rendered":"<p>-P\u00c1GINA DE POL\u00cdTICA DE DEVOLUCIONES: Pol\u00edtica de Devoluciones\u00a0 \u00a0 1. Condiciones generales de devoluci\u00f3n Al tratarse de ventas al por mayor de lotes de ropa vintage y de segunda mano, solo se aceptar\u00e1n devoluciones cuando se haya cometido un error evidente por parte de El Patr\u00f3n Vintage.No se aceptar\u00e1n devoluciones por motivos subjetivos o de [&hellip;]<\/p>\n","protected":false},"author":1,"featured_media":0,"parent":0,"menu_order":0,"comment_status":"closed","ping_status":"open","template":"","meta":{"footnotes":""},"class_list":["post-4047","page","type-page","status-publish","hentry"],"yoast_head":"<!-- This site is optimized with the Yoast SEO plugin v26.8 - https:\/\/yoast.com\/product\/yoast-seo-wordpress\/ -->\n<title>Devoluci\u00f3n - elpatronvintage.com<\/title>\n<meta name=\"robots\" content=\"index, follow, max-snippet:-1, max-image-preview:large, max-video-preview:-1\" \/>\n<link rel=\"canonical\" href=\"http:\/\/elpatronvintage.com\/en\/return-policies\/\" \/>\n<meta property=\"og:locale\" content=\"en_GB\" \/>\n<meta property=\"og:type\" content=\"article\" \/>\n<meta property=\"og:title\" content=\"Devoluci\u00f3n - elpatronvintage.com\" \/>\n<meta property=\"og:description\" content=\"-P\u00c1GINA DE POL\u00cdTICA DE DEVOLUCIONES: Pol\u00edtica de Devoluciones\u00a0 \u00a0 1. Condiciones generales de devoluci\u00f3n Al tratarse de ventas al por mayor de lotes de ropa vintage y de segunda mano, solo se aceptar\u00e1n devoluciones cuando se haya cometido un error evidente por parte de El Patr\u00f3n Vintage.No se aceptar\u00e1n devoluciones por motivos subjetivos o de [&hellip;]\" \/>\n<meta property=\"og:url\" content=\"http:\/\/elpatronvintage.com\/en\/return-policies\/\" \/>\n<meta property=\"og:site_name\" content=\"elpatronvintage.com\" \/>\n<meta property=\"article:modified_time\" content=\"2025-05-08T19:55:38+00:00\" \/>\n<meta name=\"twitter:card\" content=\"summary_large_image\" \/>\n<meta name=\"twitter:label1\" content=\"Estimated reading time\" \/>\n\t<meta name=\"twitter:data1\" content=\"2 minutes\" \/>\n<script type=\"application\/ld+json\" class=\"yoast-schema-graph\">{\"@context\":\"https:\/\/schema.org\",\"@graph\":[{\"@type\":\"WebPage\",\"@id\":\"http:\/\/elpatronvintage.com\/politicas-devolucion\/\",\"url\":\"http:\/\/elpatronvintage.com\/politicas-devolucion\/\",\"name\":\"Devoluci\u00f3n - elpatronvintage.com\",\"isPartOf\":{\"@id\":\"https:\/\/elpatronvintage.com\/#website\"},\"datePublished\":\"2023-06-23T07:12:36+00:00\",\"dateModified\":\"2025-05-08T19:55:38+00:00\",\"breadcrumb\":{\"@id\":\"http:\/\/elpatronvintage.com\/politicas-devolucion\/#breadcrumb\"},\"inLanguage\":\"en-GB\",\"potentialAction\":[{\"@type\":\"ReadAction\",\"target\":[\"http:\/\/elpatronvintage.com\/politicas-devolucion\/\"]}]},{\"@type\":\"BreadcrumbList\",\"@id\":\"http:\/\/elpatronvintage.com\/politicas-devolucion\/#breadcrumb\",\"itemListElement\":[{\"@type\":\"ListItem\",\"position\":1,\"name\":\"Portada\",\"item\":\"https:\/\/elpatronvintage.com\/\"},{\"@type\":\"ListItem\",\"position\":2,\"name\":\"Devoluci\u00f3n\"}]},{\"@type\":\"WebSite\",\"@id\":\"https:\/\/elpatronvintage.com\/#website\",\"url\":\"https:\/\/elpatronvintage.com\/\",\"name\":\"EL PATR\u00d3N VINTAGE WHOLESALE | Proveedores de ropa vintage\",\"description\":\"El Patr\u00f3n Vintage CLOTHING WHOLESALE\",\"publisher\":{\"@id\":\"https:\/\/elpatronvintage.com\/#organization\"},\"alternateName\":\"Ropa Vintage al Por Mayor\",\"potentialAction\":[{\"@type\":\"SearchAction\",\"target\":{\"@type\":\"EntryPoint\",\"urlTemplate\":\"https:\/\/elpatronvintage.com\/?s={search_term_string}\"},\"query-input\":{\"@type\":\"PropertyValueSpecification\",\"valueRequired\":true,\"valueName\":\"search_term_string\"}}],\"inLanguage\":\"en-GB\"},{\"@type\":\"Organization\",\"@id\":\"https:\/\/elpatronvintage.com\/#organization\",\"name\":\"EL PATR\u00d3N VINTAGE WHOLESALE | Proveedores de ropa vintage\",\"url\":\"https:\/\/elpatronvintage.com\/\",\"logo\":{\"@type\":\"ImageObject\",\"inLanguage\":\"en-GB\",\"@id\":\"https:\/\/elpatronvintage.com\/#\/schema\/logo\/image\/\",\"url\":\"https:\/\/elpatronvintage.com\/wp-content\/uploads\/2023\/01\/logo-web.webp\",\"contentUrl\":\"https:\/\/elpatronvintage.com\/wp-content\/uploads\/2023\/01\/logo-web.webp\",\"width\":961,\"height\":598,\"caption\":\"EL PATR\u00d3N VINTAGE WHOLESALE | Proveedores de ropa vintage\"},\"image\":{\"@id\":\"https:\/\/elpatronvintage.com\/#\/schema\/logo\/image\/\"}}]}<\/script>\n<!-- \/ Yoast SEO plugin. -->","yoast_head_json":{"title":"Returns - elpatronvintage.com","robots":{"index":"index","follow":"follow","max-snippet":"max-snippet:-1","max-image-preview":"max-image-preview:large","max-video-preview":"max-video-preview:-1"},"canonical":"http:\/\/elpatronvintage.com\/en\/return-policies\/","og_locale":"en_GB","og_type":"article","og_title":"Devoluci\u00f3n - elpatronvintage.com","og_description":"-P\u00c1GINA DE POL\u00cdTICA DE DEVOLUCIONES: Pol\u00edtica de Devoluciones\u00a0 \u00a0 1. Condiciones generales de devoluci\u00f3n Al tratarse de ventas al por mayor de lotes de ropa vintage y de segunda mano, solo se aceptar\u00e1n devoluciones cuando se haya cometido un error evidente por parte de El Patr\u00f3n Vintage.No se aceptar\u00e1n devoluciones por motivos subjetivos o de [&hellip;]","og_url":"http:\/\/elpatronvintage.com\/en\/return-policies\/","og_site_name":"elpatronvintage.com","article_modified_time":"2025-05-08T19:55:38+00:00","twitter_card":"summary_large_image","twitter_misc":{"Estimated reading time":"2 minutes"},"schema":{"@context":"https:\/\/schema.org","@graph":[{"@type":"WebPage","@id":"http:\/\/elpatronvintage.com\/politicas-devolucion\/","url":"http:\/\/elpatronvintage.com\/politicas-devolucion\/","name":"Returns - elpatronvintage.com","isPartOf":{"@id":"https:\/\/elpatronvintage.com\/#website"},"datePublished":"2023-06-23T07:12:36+00:00","dateModified":"2025-05-08T19:55:38+00:00","breadcrumb":{"@id":"http:\/\/elpatronvintage.com\/politicas-devolucion\/#breadcrumb"},"inLanguage":"en-GB","potentialAction":[{"@type":"ReadAction","target":["http:\/\/elpatronvintage.com\/politicas-devolucion\/"]}]},{"@type":"BreadcrumbList","@id":"http:\/\/elpatronvintage.com\/politicas-devolucion\/#breadcrumb","itemListElement":[{"@type":"ListItem","position":1,"name":"Portada","item":"https:\/\/elpatronvintage.com\/"},{"@type":"ListItem","position":2,"name":"Devoluci\u00f3n"}]},{"@type":"WebSite","@id":"https:\/\/elpatronvintage.com\/#website","url":"https:\/\/elpatronvintage.com\/","name":"THE WHOLESALE VINTAGE PATTERN | Vintage clothing suppliers","description":"The CLOTHING WHOLESALE Vintage Pattern","publisher":{"@id":"https:\/\/elpatronvintage.com\/#organization"},"alternateName":"Ropa Vintage al Por Mayor","potentialAction":[{"@type":"SearchAction","target":{"@type":"EntryPoint","urlTemplate":"https:\/\/elpatronvintage.com\/?s={search_term_string}"},"query-input":{"@type":"PropertyValueSpecification","valueRequired":true,"valueName":"search_term_string"}}],"inLanguage":"en-GB"},{"@type":"Organization","@id":"https:\/\/elpatronvintage.com\/#organization","name":"THE WHOLESALE VINTAGE PATTERN | Vintage clothing suppliers","url":"https:\/\/elpatronvintage.com\/","logo":{"@type":"ImageObject","inLanguage":"en-GB","@id":"https:\/\/elpatronvintage.com\/#\/schema\/logo\/image\/","url":"https:\/\/elpatronvintage.com\/wp-content\/uploads\/2023\/01\/logo-web.webp","contentUrl":"https:\/\/elpatronvintage.com\/wp-content\/uploads\/2023\/01\/logo-web.webp","width":961,"height":598,"caption":"EL PATR\u00d3N VINTAGE WHOLESALE | Proveedores de ropa vintage"},"image":{"@id":"https:\/\/elpatronvintage.com\/#\/schema\/logo\/image\/"}}]}},"_links":{"self":[{"href":"https:\/\/elpatronvintage.com\/en\/wp-json\/wp\/v2\/pages\/4047","targetHints":{"allow":["GET"]}}],"collection":[{"href":"https:\/\/elpatronvintage.com\/en\/wp-json\/wp\/v2\/pages"}],"about":[{"href":"https:\/\/elpatronvintage.com\/en\/wp-json\/wp\/v2\/types\/page"}],"author":[{"embeddable":true,"href":"https:\/\/elpatronvintage.com\/en\/wp-json\/wp\/v2\/users\/1"}],"replies":[{"embeddable":true,"href":"https:\/\/elpatronvintage.com\/en\/wp-json\/wp\/v2\/comments?post=4047"}],"version-history":[{"count":8,"href":"https:\/\/elpatronvintage.com\/en\/wp-json\/wp\/v2\/pages\/4047\/revisions"}],"predecessor-version":[{"id":12986,"href":"https:\/\/elpatronvintage.com\/en\/wp-json\/wp\/v2\/pages\/4047\/revisions\/12986"}],"wp:attachment":[{"href":"https:\/\/elpatronvintage.com\/en\/wp-json\/wp\/v2\/media?parent=4047"}],"curies":[{"name":"wp","href":"https:\/\/api.w.org\/{rel}","templated":true}]}}