{"id":4042,"date":"2023-06-23T07:09:23","date_gmt":"2023-06-23T07:09:23","guid":{"rendered":"https:\/\/elpatronvintage.com\/?page_id=4042"},"modified":"2025-06-04T19:49:24","modified_gmt":"2025-06-04T17:49:24","slug":"legal-notice","status":"publish","type":"page","link":"https:\/\/elpatronvintage.com\/en\/legal-notice\/","title":{"rendered":"Legal Notice"},"content":{"rendered":"<div data-elementor-type=\"wp-page\" data-elementor-id=\"4042\" class=\"elementor elementor-4042\" data-elementor-post-type=\"page\">\n\t\t\t\t\t\t<section class=\"elementor-section elementor-top-section elementor-element elementor-element-108363fd elementor-section-boxed elementor-section-height-default elementor-section-height-default\" data-id=\"108363fd\" data-element_type=\"section\" data-e-type=\"section\">\n\t\t\t\t\t\t<div class=\"elementor-container elementor-column-gap-default\">\n\t\t\t\t\t<div class=\"elementor-column elementor-col-100 elementor-top-column elementor-element elementor-element-2ef85730\" data-id=\"2ef85730\" data-element_type=\"column\" data-e-type=\"column\">\n\t\t\t<div class=\"elementor-widget-wrap elementor-element-populated\">\n\t\t\t\t\t\t<div class=\"elementor-element elementor-element-1a2c7967 elementor-widget elementor-widget-text-editor\" data-id=\"1a2c7967\" data-element_type=\"widget\" data-e-type=\"widget\" data-widget_type=\"text-editor.default\">\n\t\t\t\t<div class=\"elementor-widget-container\">\n\t\t\t\t\t\t\t\t\t\n<p>LEGAL NOTICE<br \/><br \/>El Patr\u00f3n vintage has adapted this website to the requirements of:<\/p>\n<p>The GDPR (Regulation (EU) 2016\/679 of the European Parliament and of the Council of 27 June 2016 on the protection of personal data of individuals with regard to the processing of personal data).<br \/>of April 2016 on the protection of natural persons), which is the new<br \/>european union legislation unifying the regulation of the processing of personal data<br \/>personal data in different eu countries.<br \/>The LOPD (Organic Law 15\/1999, of 13 December 1999, on the protection of personal data of individuals, companies and institutions)<br \/>personal character and royal decree 1720\/2007, of 21 December, known as the<br \/>regulation for the development of the LOPD), which regulates the processing of personal data.<br \/>and the obligations that must be assumed by those responsible for a web site or a<br \/>a blog when it comes to managing this information.<br \/>The LSSI or LSSICE (Law 34\/2002, of 11 July, on Information Society Services), which is<br \/>information and electronic commerce), which governs economic transactions<br \/>by electronic means, as is the case with this website.<br \/>General conditions of use, these general conditions regulate the use<br \/>(including simple access to the website) of the pages that make up The Patron<br \/>vintage, including the content and services offered therein.<br \/>By accessing the website you acquire the status of user and agree to be bound by the terms and conditions of the<br \/>general conditions in force from time to time.<br \/>Personal data that I collect and how I collect it: you can read the detailed information<br \/>concerning this section in the privacy policy.<br \/>Commitments and obligations of the users: you are informed and accept that the<br \/>access to this website does not imply, in any way, the beginning of a commercial relationship.<br \/>with The Vintage Pattern and you agree to use this website, its services and<br \/>content without breaching current legislation, good faith and public order.<br \/>Security measures for the personal data you communicate to El Patr\u00f3n<br \/>vintage as a customer of El Patr\u00f3n vintage can be stored in a database.<br \/>data, automated or not, the ownership of which corresponds exclusively to El Patr\u00f3n<br \/>vintage, assuming all technical, organisational and security measures.<br \/>guaranteeing the confidentiality, integrity and quality of the information contained therein.<br \/>in accordance with the provisions of the regulations in force on the protection of the environment.<br \/>of data.<br \/>The communication between the user and El Patr\u00f3n Vintage uses a secure channel and the<br \/>transmitted data is encrypted using the https protocol. Therefore, I guarantee<br \/>the best security conditions for the confidentiality of users.<br \/>At El Patr\u00f3n vintage all the necessary means are put in place and all the necessary<br \/>appropriate security measures to detect and prevent the existence of viruses and<br \/>any other type of attack. However, you should be aware that the<br \/>security measures for computer systems on the Internet are not entirely<br \/>reliable. For this reason, El Patr\u00f3n vintage also cannot be completely guaranteed.<br \/>the absence of viruses or other elements that may cause alterations in the<\/p>\n<p>computer systems (software and hardware) of the users or in their documents<br \/>and in the files they contain.<br \/>Dispute resolution platform I provide you, as a user, the<br \/>dispute resolution platform provided by the european commission, to which it<br \/>you can access this link:<br \/>https:\/\/ec.europa.eu\/consumers\/odr\/main\/index.cfm?event=main.home2.show&amp;amp;lng<br \/>=en<br \/>Exclusion of guarantees and responsibilities El Patr\u00f3n vintage, does not grant any guarantees<br \/>guarantee, nor shall it be liable, in any case, for damages of any nature whatsoever.<br \/>of any nature whatsoever which may arise from:<br \/>The lack of availability, maintenance and effective operation of the website, or of<br \/>its services and content.<br \/>The existence of viruses, malware, malicious or harmful programs on the<br \/>contents.<br \/>Illegal, negligent, fraudulent use or use contrary to this legal notice.<br \/>The lack of legality, quality, reliability, usefulness and availability of the services.<br \/>provided by third parties and made available to users on the website.<br \/>Damages that may arise from the illegal or improper use of this website.<\/p>\n<p>Address: Violant d'hongria reina arag\u00f3 71 2o 08028, Barcelona<br \/>Email: elpatronvintage@gmail.com<\/p>\n<p>El Patr\u00f3n Vintage, with CIF\/NIF: 47936812M, represented by Julen Garc\u00eda Mart\u00ednez<\/p>\n\t\t\t\t\t\t\t\t<\/div>\n\t\t\t\t<\/div>\n\t\t\t\t\t<\/div>\n\t\t<\/div>\n\t\t\t\t\t<\/div>\n\t\t<\/section>\n\t\t\t\t<\/div>","protected":false},"excerpt":{"rendered":"<p>AVISO LEGAL El Patr\u00f3n vintage\u00a0ha adecuado esta web a las exigencias de: El RGPD (reglamento (UE) 2016\/679 del parlamento europeo y del consejo de 27de abril de 2016 relativo a la protecci\u00f3n de las personas f\u00edsicas), que es la nuevanormativa de la uni\u00f3n europea que unifica la regulaci\u00f3n del tratamiento de losdatos personales en los [&hellip;]<\/p>\n","protected":false},"author":1,"featured_media":0,"parent":0,"menu_order":0,"comment_status":"closed","ping_status":"open","template":"","meta":{"footnotes":""},"class_list":["post-4042","page","type-page","status-publish","hentry"],"yoast_head":"<!-- This site is optimized with the Yoast SEO plugin v26.8 - https:\/\/yoast.com\/product\/yoast-seo-wordpress\/ -->\n<title>Aviso Legal - elpatronvintage.com<\/title>\n<meta name=\"robots\" content=\"index, follow, max-snippet:-1, max-image-preview:large, max-video-preview:-1\" \/>\n<link rel=\"canonical\" href=\"http:\/\/elpatronvintage.com\/en\/legal-notice\/\" \/>\n<meta property=\"og:locale\" content=\"en_GB\" \/>\n<meta property=\"og:type\" content=\"article\" \/>\n<meta property=\"og:title\" content=\"Aviso Legal - elpatronvintage.com\" \/>\n<meta property=\"og:description\" content=\"AVISO LEGAL El Patr\u00f3n vintage\u00a0ha adecuado esta web a las exigencias de: El RGPD (reglamento (UE) 2016\/679 del parlamento europeo y del consejo de 27de abril de 2016 relativo a la protecci\u00f3n de las personas f\u00edsicas), que es la nuevanormativa de la uni\u00f3n europea que unifica la regulaci\u00f3n del tratamiento de losdatos personales en los [&hellip;]\" \/>\n<meta property=\"og:url\" content=\"http:\/\/elpatronvintage.com\/en\/legal-notice\/\" \/>\n<meta property=\"og:site_name\" content=\"elpatronvintage.com\" \/>\n<meta property=\"article:modified_time\" content=\"2025-06-04T17:49:24+00:00\" \/>\n<meta name=\"twitter:card\" content=\"summary_large_image\" \/>\n<meta name=\"twitter:label1\" content=\"Estimated reading time\" \/>\n\t<meta name=\"twitter:data1\" content=\"4 minutes\" \/>\n<script type=\"application\/ld+json\" class=\"yoast-schema-graph\">{\"@context\":\"https:\/\/schema.org\",\"@graph\":[{\"@type\":\"WebPage\",\"@id\":\"http:\/\/elpatronvintage.com\/aviso-legal\/\",\"url\":\"http:\/\/elpatronvintage.com\/aviso-legal\/\",\"name\":\"Aviso Legal - elpatronvintage.com\",\"isPartOf\":{\"@id\":\"http:\/\/elpatronvintage.com\/en\/#website\"},\"datePublished\":\"2023-06-23T07:09:23+00:00\",\"dateModified\":\"2025-06-04T17:49:24+00:00\",\"breadcrumb\":{\"@id\":\"http:\/\/elpatronvintage.com\/aviso-legal\/#breadcrumb\"},\"inLanguage\":\"en-GB\",\"potentialAction\":[{\"@type\":\"ReadAction\",\"target\":[\"http:\/\/elpatronvintage.com\/aviso-legal\/\"]}]},{\"@type\":\"BreadcrumbList\",\"@id\":\"http:\/\/elpatronvintage.com\/aviso-legal\/#breadcrumb\",\"itemListElement\":[{\"@type\":\"ListItem\",\"position\":1,\"name\":\"Portada\",\"item\":\"http:\/\/elpatronvintage.com\/en\/\"},{\"@type\":\"ListItem\",\"position\":2,\"name\":\"Aviso Legal\"}]},{\"@type\":\"WebSite\",\"@id\":\"http:\/\/elpatronvintage.com\/en\/#website\",\"url\":\"http:\/\/elpatronvintage.com\/en\/\",\"name\":\"EL PATR\u00d3N VINTAGE WHOLESALE | Proveedores de ropa vintage\",\"description\":\"El Patr\u00f3n Vintage CLOTHING WHOLESALE\",\"publisher\":{\"@id\":\"http:\/\/elpatronvintage.com\/en\/#organization\"},\"alternateName\":\"Ropa Vintage al Por Mayor\",\"potentialAction\":[{\"@type\":\"SearchAction\",\"target\":{\"@type\":\"EntryPoint\",\"urlTemplate\":\"http:\/\/elpatronvintage.com\/en\/?s={search_term_string}\"},\"query-input\":{\"@type\":\"PropertyValueSpecification\",\"valueRequired\":true,\"valueName\":\"search_term_string\"}}],\"inLanguage\":\"en-GB\"},{\"@type\":\"Organization\",\"@id\":\"http:\/\/elpatronvintage.com\/en\/#organization\",\"name\":\"EL PATR\u00d3N VINTAGE WHOLESALE | Proveedores de ropa vintage\",\"url\":\"http:\/\/elpatronvintage.com\/en\/\",\"logo\":{\"@type\":\"ImageObject\",\"inLanguage\":\"en-GB\",\"@id\":\"http:\/\/elpatronvintage.com\/en\/#\/schema\/logo\/image\/\",\"url\":\"https:\/\/elpatronvintage.com\/wp-content\/uploads\/2023\/01\/logo-web.webp\",\"contentUrl\":\"https:\/\/elpatronvintage.com\/wp-content\/uploads\/2023\/01\/logo-web.webp\",\"width\":961,\"height\":598,\"caption\":\"EL PATR\u00d3N VINTAGE WHOLESALE | Proveedores de ropa vintage\"},\"image\":{\"@id\":\"http:\/\/elpatronvintage.com\/en\/#\/schema\/logo\/image\/\"}}]}<\/script>\n<!-- \/ Yoast SEO plugin. -->","yoast_head_json":{"title":"Legal Notice - elpatronvintage.com","robots":{"index":"index","follow":"follow","max-snippet":"max-snippet:-1","max-image-preview":"max-image-preview:large","max-video-preview":"max-video-preview:-1"},"canonical":"http:\/\/elpatronvintage.com\/en\/legal-notice\/","og_locale":"en_GB","og_type":"article","og_title":"Aviso Legal - elpatronvintage.com","og_description":"AVISO LEGAL El Patr\u00f3n vintage\u00a0ha adecuado esta web a las exigencias de: El RGPD (reglamento (UE) 2016\/679 del parlamento europeo y del consejo de 27de abril de 2016 relativo a la protecci\u00f3n de las personas f\u00edsicas), que es la nuevanormativa de la uni\u00f3n europea que unifica la regulaci\u00f3n del tratamiento de losdatos personales en los [&hellip;]","og_url":"http:\/\/elpatronvintage.com\/en\/legal-notice\/","og_site_name":"elpatronvintage.com","article_modified_time":"2025-06-04T17:49:24+00:00","twitter_card":"summary_large_image","twitter_misc":{"Estimated reading time":"4 minutes"},"schema":{"@context":"https:\/\/schema.org","@graph":[{"@type":"WebPage","@id":"http:\/\/elpatronvintage.com\/aviso-legal\/","url":"http:\/\/elpatronvintage.com\/aviso-legal\/","name":"Legal Notice - elpatronvintage.com","isPartOf":{"@id":"http:\/\/elpatronvintage.com\/en\/#website"},"datePublished":"2023-06-23T07:09:23+00:00","dateModified":"2025-06-04T17:49:24+00:00","breadcrumb":{"@id":"http:\/\/elpatronvintage.com\/aviso-legal\/#breadcrumb"},"inLanguage":"en-GB","potentialAction":[{"@type":"ReadAction","target":["http:\/\/elpatronvintage.com\/aviso-legal\/"]}]},{"@type":"BreadcrumbList","@id":"http:\/\/elpatronvintage.com\/aviso-legal\/#breadcrumb","itemListElement":[{"@type":"ListItem","position":1,"name":"Portada","item":"http:\/\/elpatronvintage.com\/en\/"},{"@type":"ListItem","position":2,"name":"Aviso Legal"}]},{"@type":"WebSite","@id":"http:\/\/elpatronvintage.com\/en\/#website","url":"http:\/\/elpatronvintage.com\/en\/","name":"THE WHOLESALE VINTAGE PATTERN | Vintage clothing suppliers","description":"The CLOTHING WHOLESALE Vintage Pattern","publisher":{"@id":"http:\/\/elpatronvintage.com\/en\/#organization"},"alternateName":"Ropa Vintage al Por Mayor","potentialAction":[{"@type":"SearchAction","target":{"@type":"EntryPoint","urlTemplate":"http:\/\/elpatronvintage.com\/en\/?s={search_term_string}"},"query-input":{"@type":"PropertyValueSpecification","valueRequired":true,"valueName":"search_term_string"}}],"inLanguage":"en-GB"},{"@type":"Organization","@id":"http:\/\/elpatronvintage.com\/en\/#organization","name":"THE WHOLESALE VINTAGE PATTERN | Vintage clothing suppliers","url":"http:\/\/elpatronvintage.com\/en\/","logo":{"@type":"ImageObject","inLanguage":"en-GB","@id":"http:\/\/elpatronvintage.com\/en\/#\/schema\/logo\/image\/","url":"https:\/\/elpatronvintage.com\/wp-content\/uploads\/2023\/01\/logo-web.webp","contentUrl":"https:\/\/elpatronvintage.com\/wp-content\/uploads\/2023\/01\/logo-web.webp","width":961,"height":598,"caption":"EL PATR\u00d3N VINTAGE WHOLESALE | Proveedores de ropa vintage"},"image":{"@id":"http:\/\/elpatronvintage.com\/en\/#\/schema\/logo\/image\/"}}]}},"_links":{"self":[{"href":"https:\/\/elpatronvintage.com\/en\/wp-json\/wp\/v2\/pages\/4042","targetHints":{"allow":["GET"]}}],"collection":[{"href":"https:\/\/elpatronvintage.com\/en\/wp-json\/wp\/v2\/pages"}],"about":[{"href":"https:\/\/elpatronvintage.com\/en\/wp-json\/wp\/v2\/types\/page"}],"author":[{"embeddable":true,"href":"https:\/\/elpatronvintage.com\/en\/wp-json\/wp\/v2\/users\/1"}],"replies":[{"embeddable":true,"href":"https:\/\/elpatronvintage.com\/en\/wp-json\/wp\/v2\/comments?post=4042"}],"version-history":[{"count":7,"href":"https:\/\/elpatronvintage.com\/en\/wp-json\/wp\/v2\/pages\/4042\/revisions"}],"predecessor-version":[{"id":13152,"href":"https:\/\/elpatronvintage.com\/en\/wp-json\/wp\/v2\/pages\/4042\/revisions\/13152"}],"wp:attachment":[{"href":"https:\/\/elpatronvintage.com\/en\/wp-json\/wp\/v2\/media?parent=4042"}],"curies":[{"name":"wp","href":"https:\/\/api.w.org\/{rel}","templated":true}]}}