{"id":4367,"date":"2023-06-30T13:11:13","date_gmt":"2023-06-30T11:11:13","guid":{"rendered":"https:\/\/elpatronvintage.com\/?post_type=product&#038;p=4367"},"modified":"2026-01-24T16:22:47","modified_gmt":"2026-01-24T14:22:47","slug":"vasi-e-sacchetti-vintage","status":"publish","type":"product","link":"http:\/\/elpatronvintage.com\/it\/prodotto\/vasi-e-sacchetti-vintage\/","title":{"rendered":"Pile vintage"},"content":{"rendered":"","protected":false},"excerpt":{"rendered":"<p><strong>Pile vintage pazzesche<\/strong><\/p>\n<p>Mix di colori vivaci, design retr\u00f2 con pannellature classiche, stampe geometriche e silhouette iconiche degli anni '80 e '90.<br data-start=\"269\" data-end=\"272\" \/>Una scelta perfetta per i negozi specializzati in moda vintage autentica e accattivante, con un elevato fatturato sia fisico che online.<\/p>\n<p><strong>Marche:<\/strong> Vestizione vintage.<\/p>\n<p><strong>Taglie:<\/strong>\u00a0Da XS a XL (assortiti)<\/p>\n<p><strong>Rivendita: 20-40\u20ac per unit\u00e0.<\/strong><\/p>\n<p><strong>QUALIT\u00c0 A.<\/strong><\/p>\n<p><strong>ORDINE MINIMO - 10 PEZZI<\/strong><\/p>\n<p><strong>SPEDIZIONE GRATUITA 24\/48H IN TUTTA LA SPAGNA.\u00a0<\/strong><\/p>\n<p><strong>SPEDIZIONI IN 48\/72 ORE IN TUTTA EUROPA<\/strong><\/p>","protected":false},"featured_media":5137,"comment_status":"open","ping_status":"closed","template":"","meta":[],"product_brand":[],"product_cat":[216,222,16],"product_tag":[],"class_list":{"0":"post-4367","1":"product","2":"type-product","3":"status-publish","4":"has-post-thumbnail","6":"product_cat-fleeces","7":"product_cat-retro","8":"product_cat-allproducts","10":"first","11":"instock","12":"taxable","13":"shipping-taxable","14":"purchasable","15":"product-type-simple"},"yoast_head":"<!-- This site is optimized with the Yoast SEO plugin v26.8 - https:\/\/yoast.com\/product\/yoast-seo-wordpress\/ -->\n<title>Polares Vintage - elpatronvintage.com<\/title>\n<meta name=\"robots\" content=\"index, follow, max-snippet:-1, max-image-preview:large, max-video-preview:-1\" \/>\n<link rel=\"canonical\" href=\"http:\/\/elpatronvintage.com\/it\/prodotto\/vasi-e-sacchetti-vintage\/\" \/>\n<meta property=\"og:locale\" content=\"it_IT\" \/>\n<meta property=\"og:type\" content=\"article\" \/>\n<meta property=\"og:title\" content=\"Polares Vintage - elpatronvintage.com\" \/>\n<meta property=\"og:description\" content=\"Polares Crazy Vintage  Prendas con mezclas de colores vibrantes, dise\u00f1os retro con panelados cl\u00e1sicos, estampados geom\u00e9tricos y siluetas ic\u00f3nicas de los 80s y 90s.Una opci\u00f3n perfecta para tiendas especializadas en moda vintage aut\u00e9ntica, llamativa y con gran rotaci\u00f3n tanto en f\u00edsico como en online.  Marcas: Vintage Dressing.  Tallas:\u00a0XS a XL (Variadas)  Reventa: 20-40\u20ac por unidad.  CALIDAD A.  PEDIDO MINIMO - 10 PIEZAS  ENV\u00cdOS GRATIS 24\/48H EN TODA ESPA\u00d1A.\u00a0  ENV\u00cdOS 48\/72H EN TODA EUROPA\" \/>\n<meta property=\"og:url\" content=\"http:\/\/elpatronvintage.com\/it\/prodotto\/vasi-e-sacchetti-vintage\/\" \/>\n<meta property=\"og:site_name\" content=\"elpatronvintage.com\" \/>\n<meta property=\"article:modified_time\" content=\"2026-01-24T14:22:47+00:00\" \/>\n<meta property=\"og:image\" content=\"http:\/\/elpatronvintage.com\/wp-content\/uploads\/2023\/06\/1-36.webp\" \/>\n\t<meta property=\"og:image:width\" content=\"977\" \/>\n\t<meta property=\"og:image:height\" content=\"1260\" \/>\n\t<meta property=\"og:image:type\" content=\"image\/webp\" \/>\n<meta name=\"twitter:card\" content=\"summary_large_image\" \/>\n<meta name=\"twitter:label1\" content=\"Tempo di lettura stimato\" \/>\n\t<meta name=\"twitter:data1\" content=\"1 minuto\" \/>\n<script type=\"application\/ld+json\" class=\"yoast-schema-graph\">{\"@context\":\"https:\/\/schema.org\",\"@graph\":[{\"@type\":\"WebPage\",\"@id\":\"http:\/\/elpatronvintage.com\/product\/poalres-vintage\/\",\"url\":\"http:\/\/elpatronvintage.com\/product\/poalres-vintage\/\",\"name\":\"Polares Vintage - elpatronvintage.com\",\"isPartOf\":{\"@id\":\"https:\/\/elpatronvintage.com\/#website\"},\"primaryImageOfPage\":{\"@id\":\"http:\/\/elpatronvintage.com\/product\/poalres-vintage\/#primaryimage\"},\"image\":{\"@id\":\"http:\/\/elpatronvintage.com\/product\/poalres-vintage\/#primaryimage\"},\"thumbnailUrl\":\"http:\/\/elpatronvintage.com\/wp-content\/uploads\/2023\/06\/1-36.webp\",\"datePublished\":\"2023-06-30T11:11:13+00:00\",\"dateModified\":\"2026-01-24T14:22:47+00:00\",\"breadcrumb\":{\"@id\":\"http:\/\/elpatronvintage.com\/product\/poalres-vintage\/#breadcrumb\"},\"inLanguage\":\"it-IT\",\"potentialAction\":[{\"@type\":\"ReadAction\",\"target\":[\"http:\/\/elpatronvintage.com\/product\/poalres-vintage\/\"]}]},{\"@type\":\"ImageObject\",\"inLanguage\":\"it-IT\",\"@id\":\"http:\/\/elpatronvintage.com\/product\/poalres-vintage\/#primaryimage\",\"url\":\"http:\/\/elpatronvintage.com\/wp-content\/uploads\/2023\/06\/1-36.webp\",\"contentUrl\":\"http:\/\/elpatronvintage.com\/wp-content\/uploads\/2023\/06\/1-36.webp\",\"width\":977,\"height\":1260},{\"@type\":\"BreadcrumbList\",\"@id\":\"http:\/\/elpatronvintage.com\/product\/poalres-vintage\/#breadcrumb\",\"itemListElement\":[{\"@type\":\"ListItem\",\"position\":1,\"name\":\"Portada\",\"item\":\"https:\/\/elpatronvintage.com\/it\/\"},{\"@type\":\"ListItem\",\"position\":2,\"name\":\"Lote de Ropa Vintage\",\"item\":\"http:\/\/elpatronvintage.com\/shop\/\"},{\"@type\":\"ListItem\",\"position\":3,\"name\":\"Polares Vintage\"}]},{\"@type\":\"WebSite\",\"@id\":\"https:\/\/elpatronvintage.com\/#website\",\"url\":\"https:\/\/elpatronvintage.com\/\",\"name\":\"EL PATR\u00d3N VINTAGE WHOLESALE | Proveedores de ropa vintage\",\"description\":\"El Patr\u00f3n Vintage CLOTHING WHOLESALE\",\"publisher\":{\"@id\":\"https:\/\/elpatronvintage.com\/#organization\"},\"alternateName\":\"Ropa Vintage al Por Mayor\",\"potentialAction\":[{\"@type\":\"SearchAction\",\"target\":{\"@type\":\"EntryPoint\",\"urlTemplate\":\"https:\/\/elpatronvintage.com\/?s={search_term_string}\"},\"query-input\":{\"@type\":\"PropertyValueSpecification\",\"valueRequired\":true,\"valueName\":\"search_term_string\"}}],\"inLanguage\":\"it-IT\"},{\"@type\":\"Organization\",\"@id\":\"https:\/\/elpatronvintage.com\/#organization\",\"name\":\"EL PATR\u00d3N VINTAGE WHOLESALE | Proveedores de ropa vintage\",\"url\":\"https:\/\/elpatronvintage.com\/\",\"logo\":{\"@type\":\"ImageObject\",\"inLanguage\":\"it-IT\",\"@id\":\"https:\/\/elpatronvintage.com\/#\/schema\/logo\/image\/\",\"url\":\"http:\/\/elpatronvintage.com\/wp-content\/uploads\/2023\/01\/logo-web.webp\",\"contentUrl\":\"http:\/\/elpatronvintage.com\/wp-content\/uploads\/2023\/01\/logo-web.webp\",\"width\":961,\"height\":598,\"caption\":\"EL PATR\u00d3N VINTAGE WHOLESALE | Proveedores de ropa vintage\"},\"image\":{\"@id\":\"https:\/\/elpatronvintage.com\/#\/schema\/logo\/image\/\"}}]}<\/script>\n<!-- \/ Yoast SEO plugin. -->","yoast_head_json":{"title":"Pile d'epoca - elpatronvintage.com","robots":{"index":"index","follow":"follow","max-snippet":"max-snippet:-1","max-image-preview":"max-image-preview:large","max-video-preview":"max-video-preview:-1"},"canonical":"http:\/\/elpatronvintage.com\/it\/prodotto\/vasi-e-sacchetti-vintage\/","og_locale":"it_IT","og_type":"article","og_title":"Polares Vintage - elpatronvintage.com","og_description":"Polares Crazy Vintage  Prendas con mezclas de colores vibrantes, dise\u00f1os retro con panelados cl\u00e1sicos, estampados geom\u00e9tricos y siluetas ic\u00f3nicas de los 80s y 90s.Una opci\u00f3n perfecta para tiendas especializadas en moda vintage aut\u00e9ntica, llamativa y con gran rotaci\u00f3n tanto en f\u00edsico como en online.  Marcas: Vintage Dressing.  Tallas:\u00a0XS a XL (Variadas)  Reventa: 20-40\u20ac por unidad.  CALIDAD A.  PEDIDO MINIMO - 10 PIEZAS  ENV\u00cdOS GRATIS 24\/48H EN TODA ESPA\u00d1A.\u00a0  ENV\u00cdOS 48\/72H EN TODA EUROPA","og_url":"http:\/\/elpatronvintage.com\/it\/prodotto\/vasi-e-sacchetti-vintage\/","og_site_name":"elpatronvintage.com","article_modified_time":"2026-01-24T14:22:47+00:00","og_image":[{"width":977,"height":1260,"url":"http:\/\/elpatronvintage.com\/wp-content\/uploads\/2023\/06\/1-36.webp","type":"image\/webp"}],"twitter_card":"summary_large_image","twitter_misc":{"Tempo di lettura stimato":"1 minuto"},"schema":{"@context":"https:\/\/schema.org","@graph":[{"@type":"WebPage","@id":"http:\/\/elpatronvintage.com\/product\/poalres-vintage\/","url":"http:\/\/elpatronvintage.com\/product\/poalres-vintage\/","name":"Pile d'epoca - elpatronvintage.com","isPartOf":{"@id":"https:\/\/elpatronvintage.com\/#website"},"primaryImageOfPage":{"@id":"http:\/\/elpatronvintage.com\/product\/poalres-vintage\/#primaryimage"},"image":{"@id":"http:\/\/elpatronvintage.com\/product\/poalres-vintage\/#primaryimage"},"thumbnailUrl":"http:\/\/elpatronvintage.com\/wp-content\/uploads\/2023\/06\/1-36.webp","datePublished":"2023-06-30T11:11:13+00:00","dateModified":"2026-01-24T14:22:47+00:00","breadcrumb":{"@id":"http:\/\/elpatronvintage.com\/product\/poalres-vintage\/#breadcrumb"},"inLanguage":"it-IT","potentialAction":[{"@type":"ReadAction","target":["http:\/\/elpatronvintage.com\/product\/poalres-vintage\/"]}]},{"@type":"ImageObject","inLanguage":"it-IT","@id":"http:\/\/elpatronvintage.com\/product\/poalres-vintage\/#primaryimage","url":"http:\/\/elpatronvintage.com\/wp-content\/uploads\/2023\/06\/1-36.webp","contentUrl":"http:\/\/elpatronvintage.com\/wp-content\/uploads\/2023\/06\/1-36.webp","width":977,"height":1260},{"@type":"BreadcrumbList","@id":"http:\/\/elpatronvintage.com\/product\/poalres-vintage\/#breadcrumb","itemListElement":[{"@type":"ListItem","position":1,"name":"Portada","item":"https:\/\/elpatronvintage.com\/it\/"},{"@type":"ListItem","position":2,"name":"Lote de Ropa Vintage","item":"http:\/\/elpatronvintage.com\/shop\/"},{"@type":"ListItem","position":3,"name":"Polares Vintage"}]},{"@type":"WebSite","@id":"https:\/\/elpatronvintage.com\/#website","url":"https:\/\/elpatronvintage.com\/","name":"IL PATTERN WHOLESALE VINTAGE | Fornitori di abbigliamento vintage","description":"Il modello vintage di CLOTHING WHOLESALE","publisher":{"@id":"https:\/\/elpatronvintage.com\/#organization"},"alternateName":"Ropa Vintage al Por Mayor","potentialAction":[{"@type":"SearchAction","target":{"@type":"EntryPoint","urlTemplate":"https:\/\/elpatronvintage.com\/?s={search_term_string}"},"query-input":{"@type":"PropertyValueSpecification","valueRequired":true,"valueName":"search_term_string"}}],"inLanguage":"it-IT"},{"@type":"Organization","@id":"https:\/\/elpatronvintage.com\/#organization","name":"IL PATTERN WHOLESALE VINTAGE | Fornitori di abbigliamento vintage","url":"https:\/\/elpatronvintage.com\/","logo":{"@type":"ImageObject","inLanguage":"it-IT","@id":"https:\/\/elpatronvintage.com\/#\/schema\/logo\/image\/","url":"http:\/\/elpatronvintage.com\/wp-content\/uploads\/2023\/01\/logo-web.webp","contentUrl":"http:\/\/elpatronvintage.com\/wp-content\/uploads\/2023\/01\/logo-web.webp","width":961,"height":598,"caption":"EL PATR\u00d3N VINTAGE WHOLESALE | Proveedores de ropa vintage"},"image":{"@id":"https:\/\/elpatronvintage.com\/#\/schema\/logo\/image\/"}}]}},"_links":{"self":[{"href":"http:\/\/elpatronvintage.com\/it\/wp-json\/wp\/v2\/product\/4367","targetHints":{"allow":["GET"]}}],"collection":[{"href":"http:\/\/elpatronvintage.com\/it\/wp-json\/wp\/v2\/product"}],"about":[{"href":"http:\/\/elpatronvintage.com\/it\/wp-json\/wp\/v2\/types\/product"}],"replies":[{"embeddable":true,"href":"http:\/\/elpatronvintage.com\/it\/wp-json\/wp\/v2\/comments?post=4367"}],"version-history":[{"count":5,"href":"http:\/\/elpatronvintage.com\/it\/wp-json\/wp\/v2\/product\/4367\/revisions"}],"predecessor-version":[{"id":13536,"href":"http:\/\/elpatronvintage.com\/it\/wp-json\/wp\/v2\/product\/4367\/revisions\/13536"}],"wp:featuredmedia":[{"embeddable":true,"href":"http:\/\/elpatronvintage.com\/it\/wp-json\/wp\/v2\/media\/5137"}],"wp:attachment":[{"href":"http:\/\/elpatronvintage.com\/it\/wp-json\/wp\/v2\/media?parent=4367"}],"wp:term":[{"taxonomy":"product_brand","embeddable":true,"href":"http:\/\/elpatronvintage.com\/it\/wp-json\/wp\/v2\/product_brand?post=4367"},{"taxonomy":"product_cat","embeddable":true,"href":"http:\/\/elpatronvintage.com\/it\/wp-json\/wp\/v2\/product_cat?post=4367"},{"taxonomy":"product_tag","embeddable":true,"href":"http:\/\/elpatronvintage.com\/it\/wp-json\/wp\/v2\/product_tag?post=4367"}],"curies":[{"name":"wp","href":"https:\/\/api.w.org\/{rel}","templated":true}]}}