{"id":4202,"date":"2023-06-28T13:01:25","date_gmt":"2023-06-28T11:01:25","guid":{"rendered":"https:\/\/elpatronvintage.com\/?post_type=product&#038;p=4202"},"modified":"2026-03-24T15:12:23","modified_gmt":"2026-03-24T13:12:23","slug":"polo-di-marca","status":"publish","type":"product","link":"http:\/\/elpatronvintage.com\/it\/prodotto\/polo-di-marca\/","title":{"rendered":"Polo con marchio"},"content":{"rendered":"","protected":false},"excerpt":{"rendered":"<p><strong>Polo con marchio premium<\/strong><\/p>\n<p>Scoprite la nostra selezione di <strong>polo vintage di marchi famosi<\/strong>Una scelta ideale per aggiungere un tocco di lusso al vostro negozio o per la rivendita. Offriamo una variet\u00e0 di design, tra cui <strong>grande logo<\/strong>,\u00a0<strong>stile rugby<\/strong>,\u00a0<strong>stampe<\/strong>\u00a0y\u00a0<strong>ricamo<\/strong>disponibili in una gamma di colori e stili per tutti i gusti. Abbigliamento di alta gamma, pronto per la vendita, perfetto per i negozi che vogliono distinguersi con prodotti di qualit\u00e0 e stile raffinato.<\/p>\n<p><strong>Marchi in evidenza<\/strong>Ralph Lauren, Tommy Hilfiger, Hugo Boss, Lacoste, Burberry, tra gli altri.<\/p>\n<p><strong>Taglie:<\/strong> Da XS a XXL (assortiti)<\/p>\n<p><strong>Rivendita: 15\u20ac-40\u20ac per unit\u00e0.<\/strong><\/p>\n<p><strong>QUALIT\u00c0 A.\u00a0<\/strong><\/p>\n<p><strong>ORDINE MINIMO - 10 PEZZI<\/strong><\/p>\n<p>*LE FOTO SONO UN ESEMPIO DEL PRODOTTO FINALE*.<\/p>\n<p><strong>SPEDIZIONE GRATUITA 24\/48H IN TUTTA LA SPAGNA.<\/strong><\/p>\n<p><strong>SPEDIZIONI IN 48\/72 ORE IN TUTTA EUROPA<\/strong><\/p>","protected":false},"featured_media":4305,"comment_status":"open","ping_status":"closed","template":"","meta":[],"product_brand":[],"product_cat":[244,219,240,29,221,16],"product_tag":[],"class_list":{"0":"post-4202","1":"product","2":"type-product","3":"status-publish","4":"has-post-thumbnail","6":"product_cat-endofseason-sales","7":"product_cat-offer","8":"product_cat-ofertas-verano","9":"product_cat-polo","10":"product_cat-marcas","11":"product_cat-allproducts","13":"first","14":"instock","15":"sale","16":"taxable","17":"shipping-taxable","18":"purchasable","19":"product-type-simple"},"yoast_head":"<!-- This site is optimized with the Yoast SEO plugin v26.8 - https:\/\/yoast.com\/product\/yoast-seo-wordpress\/ -->\n<title>Polos de Marca - elpatronvintage.com<\/title>\n<meta name=\"robots\" content=\"index, follow, max-snippet:-1, max-image-preview:large, max-video-preview:-1\" \/>\n<link rel=\"canonical\" href=\"http:\/\/elpatronvintage.com\/it\/prodotto\/polo-di-marca\/\" \/>\n<meta property=\"og:locale\" content=\"it_IT\" \/>\n<meta property=\"og:type\" content=\"article\" \/>\n<meta property=\"og:title\" content=\"Polos de Marca - elpatronvintage.com\" \/>\n<meta property=\"og:description\" content=\"Polos de Marcas Premium  Descubre nuestra selecci\u00f3n de polos vintage de marcas reconocidas, una opci\u00f3n ideal para a\u00f1adir un toque de lujo a tu tienda o para revender. Ofrecemos una variedad de dise\u00f1os que incluyen big logo,\u00a0estilo rugby,\u00a0estampados\u00a0y\u00a0bordados, disponibles en diferentes colores y estilos que se adaptan a todos los gustos. Ropa de categor\u00eda superior, lista para comercializar, perfecta para tiendas que buscan destacar con productos de calidad y estilo refinado.  Marcas destacadas: Ralph Lauren, Tommy Hilfiger, Hugo Boss, Lacoste, Burberry, entre otras.  Tallas: XS a XXL (Variadas)  Reventa: 15\u20ac-40\u20ac por unidad.  CALIDAD A.\u00a0  PEDIDO MINIMO - 10 PIEZAS  *LAS FOTOS SON UN EJEMPLO DEL PRODUCTO FINAL*  ENV\u00cdOS GRATIS 24\/48H EN TODA ESPA\u00d1A.  ENV\u00cdOS 48\/72H EN TODA EUROPA\" \/>\n<meta property=\"og:url\" content=\"http:\/\/elpatronvintage.com\/it\/prodotto\/polo-di-marca\/\" \/>\n<meta property=\"og:site_name\" content=\"elpatronvintage.com\" \/>\n<meta property=\"article:modified_time\" content=\"2026-03-24T13:12:23+00:00\" \/>\n<meta property=\"og:image\" content=\"http:\/\/elpatronvintage.com\/wp-content\/uploads\/2023\/06\/1-14.webp\" \/>\n\t<meta property=\"og:image:width\" content=\"977\" \/>\n\t<meta property=\"og:image:height\" content=\"1260\" \/>\n\t<meta property=\"og:image:type\" content=\"image\/webp\" \/>\n<meta name=\"twitter:card\" content=\"summary_large_image\" \/>\n<meta name=\"twitter:label1\" content=\"Tempo di lettura stimato\" \/>\n\t<meta name=\"twitter:data1\" content=\"1 minuto\" \/>\n<script type=\"application\/ld+json\" class=\"yoast-schema-graph\">{\"@context\":\"https:\/\/schema.org\",\"@graph\":[{\"@type\":\"WebPage\",\"@id\":\"http:\/\/elpatronvintage.com\/product\/polos-marca\/\",\"url\":\"http:\/\/elpatronvintage.com\/product\/polos-marca\/\",\"name\":\"Polos de Marca - elpatronvintage.com\",\"isPartOf\":{\"@id\":\"https:\/\/elpatronvintage.com\/#website\"},\"primaryImageOfPage\":{\"@id\":\"http:\/\/elpatronvintage.com\/product\/polos-marca\/#primaryimage\"},\"image\":{\"@id\":\"http:\/\/elpatronvintage.com\/product\/polos-marca\/#primaryimage\"},\"thumbnailUrl\":\"http:\/\/elpatronvintage.com\/wp-content\/uploads\/2023\/06\/1-14.webp\",\"datePublished\":\"2023-06-28T11:01:25+00:00\",\"dateModified\":\"2026-03-24T13:12:23+00:00\",\"breadcrumb\":{\"@id\":\"http:\/\/elpatronvintage.com\/product\/polos-marca\/#breadcrumb\"},\"inLanguage\":\"it-IT\",\"potentialAction\":[{\"@type\":\"ReadAction\",\"target\":[\"http:\/\/elpatronvintage.com\/product\/polos-marca\/\"]}]},{\"@type\":\"ImageObject\",\"inLanguage\":\"it-IT\",\"@id\":\"http:\/\/elpatronvintage.com\/product\/polos-marca\/#primaryimage\",\"url\":\"http:\/\/elpatronvintage.com\/wp-content\/uploads\/2023\/06\/1-14.webp\",\"contentUrl\":\"http:\/\/elpatronvintage.com\/wp-content\/uploads\/2023\/06\/1-14.webp\",\"width\":977,\"height\":1260},{\"@type\":\"BreadcrumbList\",\"@id\":\"http:\/\/elpatronvintage.com\/product\/polos-marca\/#breadcrumb\",\"itemListElement\":[{\"@type\":\"ListItem\",\"position\":1,\"name\":\"Portada\",\"item\":\"https:\/\/elpatronvintage.com\/it\/\"},{\"@type\":\"ListItem\",\"position\":2,\"name\":\"Lote de Ropa Vintage\",\"item\":\"http:\/\/elpatronvintage.com\/shop\/\"},{\"@type\":\"ListItem\",\"position\":3,\"name\":\"Polos de Marca\"}]},{\"@type\":\"WebSite\",\"@id\":\"https:\/\/elpatronvintage.com\/#website\",\"url\":\"https:\/\/elpatronvintage.com\/\",\"name\":\"EL PATR\u00d3N VINTAGE WHOLESALE | Proveedores de ropa vintage\",\"description\":\"El Patr\u00f3n Vintage CLOTHING WHOLESALE\",\"publisher\":{\"@id\":\"https:\/\/elpatronvintage.com\/#organization\"},\"alternateName\":\"Ropa Vintage al Por Mayor\",\"potentialAction\":[{\"@type\":\"SearchAction\",\"target\":{\"@type\":\"EntryPoint\",\"urlTemplate\":\"https:\/\/elpatronvintage.com\/?s={search_term_string}\"},\"query-input\":{\"@type\":\"PropertyValueSpecification\",\"valueRequired\":true,\"valueName\":\"search_term_string\"}}],\"inLanguage\":\"it-IT\"},{\"@type\":\"Organization\",\"@id\":\"https:\/\/elpatronvintage.com\/#organization\",\"name\":\"EL PATR\u00d3N VINTAGE WHOLESALE | Proveedores de ropa vintage\",\"url\":\"https:\/\/elpatronvintage.com\/\",\"logo\":{\"@type\":\"ImageObject\",\"inLanguage\":\"it-IT\",\"@id\":\"https:\/\/elpatronvintage.com\/#\/schema\/logo\/image\/\",\"url\":\"http:\/\/elpatronvintage.com\/wp-content\/uploads\/2023\/01\/logo-web.webp\",\"contentUrl\":\"http:\/\/elpatronvintage.com\/wp-content\/uploads\/2023\/01\/logo-web.webp\",\"width\":961,\"height\":598,\"caption\":\"EL PATR\u00d3N VINTAGE WHOLESALE | Proveedores de ropa vintage\"},\"image\":{\"@id\":\"https:\/\/elpatronvintage.com\/#\/schema\/logo\/image\/\"}}]}<\/script>\n<!-- \/ Yoast SEO plugin. -->","yoast_head_json":{"title":"Polo di marca - elpatronvintage.com","robots":{"index":"index","follow":"follow","max-snippet":"max-snippet:-1","max-image-preview":"max-image-preview:large","max-video-preview":"max-video-preview:-1"},"canonical":"http:\/\/elpatronvintage.com\/it\/prodotto\/polo-di-marca\/","og_locale":"it_IT","og_type":"article","og_title":"Polos de Marca - elpatronvintage.com","og_description":"Polos de Marcas Premium  Descubre nuestra selecci\u00f3n de polos vintage de marcas reconocidas, una opci\u00f3n ideal para a\u00f1adir un toque de lujo a tu tienda o para revender. Ofrecemos una variedad de dise\u00f1os que incluyen big logo,\u00a0estilo rugby,\u00a0estampados\u00a0y\u00a0bordados, disponibles en diferentes colores y estilos que se adaptan a todos los gustos. Ropa de categor\u00eda superior, lista para comercializar, perfecta para tiendas que buscan destacar con productos de calidad y estilo refinado.  Marcas destacadas: Ralph Lauren, Tommy Hilfiger, Hugo Boss, Lacoste, Burberry, entre otras.  Tallas: XS a XXL (Variadas)  Reventa: 15\u20ac-40\u20ac por unidad.  CALIDAD A.\u00a0  PEDIDO MINIMO - 10 PIEZAS  *LAS FOTOS SON UN EJEMPLO DEL PRODUCTO FINAL*  ENV\u00cdOS GRATIS 24\/48H EN TODA ESPA\u00d1A.  ENV\u00cdOS 48\/72H EN TODA EUROPA","og_url":"http:\/\/elpatronvintage.com\/it\/prodotto\/polo-di-marca\/","og_site_name":"elpatronvintage.com","article_modified_time":"2026-03-24T13:12:23+00:00","og_image":[{"width":977,"height":1260,"url":"http:\/\/elpatronvintage.com\/wp-content\/uploads\/2023\/06\/1-14.webp","type":"image\/webp"}],"twitter_card":"summary_large_image","twitter_misc":{"Tempo di lettura stimato":"1 minuto"},"schema":{"@context":"https:\/\/schema.org","@graph":[{"@type":"WebPage","@id":"http:\/\/elpatronvintage.com\/product\/polos-marca\/","url":"http:\/\/elpatronvintage.com\/product\/polos-marca\/","name":"Polo di marca - elpatronvintage.com","isPartOf":{"@id":"https:\/\/elpatronvintage.com\/#website"},"primaryImageOfPage":{"@id":"http:\/\/elpatronvintage.com\/product\/polos-marca\/#primaryimage"},"image":{"@id":"http:\/\/elpatronvintage.com\/product\/polos-marca\/#primaryimage"},"thumbnailUrl":"http:\/\/elpatronvintage.com\/wp-content\/uploads\/2023\/06\/1-14.webp","datePublished":"2023-06-28T11:01:25+00:00","dateModified":"2026-03-24T13:12:23+00:00","breadcrumb":{"@id":"http:\/\/elpatronvintage.com\/product\/polos-marca\/#breadcrumb"},"inLanguage":"it-IT","potentialAction":[{"@type":"ReadAction","target":["http:\/\/elpatronvintage.com\/product\/polos-marca\/"]}]},{"@type":"ImageObject","inLanguage":"it-IT","@id":"http:\/\/elpatronvintage.com\/product\/polos-marca\/#primaryimage","url":"http:\/\/elpatronvintage.com\/wp-content\/uploads\/2023\/06\/1-14.webp","contentUrl":"http:\/\/elpatronvintage.com\/wp-content\/uploads\/2023\/06\/1-14.webp","width":977,"height":1260},{"@type":"BreadcrumbList","@id":"http:\/\/elpatronvintage.com\/product\/polos-marca\/#breadcrumb","itemListElement":[{"@type":"ListItem","position":1,"name":"Portada","item":"https:\/\/elpatronvintage.com\/it\/"},{"@type":"ListItem","position":2,"name":"Lote de Ropa Vintage","item":"http:\/\/elpatronvintage.com\/shop\/"},{"@type":"ListItem","position":3,"name":"Polos de Marca"}]},{"@type":"WebSite","@id":"https:\/\/elpatronvintage.com\/#website","url":"https:\/\/elpatronvintage.com\/","name":"IL PATTERN WHOLESALE VINTAGE | Fornitori di abbigliamento vintage","description":"Il modello vintage di CLOTHING WHOLESALE","publisher":{"@id":"https:\/\/elpatronvintage.com\/#organization"},"alternateName":"Ropa Vintage al Por Mayor","potentialAction":[{"@type":"SearchAction","target":{"@type":"EntryPoint","urlTemplate":"https:\/\/elpatronvintage.com\/?s={search_term_string}"},"query-input":{"@type":"PropertyValueSpecification","valueRequired":true,"valueName":"search_term_string"}}],"inLanguage":"it-IT"},{"@type":"Organization","@id":"https:\/\/elpatronvintage.com\/#organization","name":"IL PATTERN WHOLESALE VINTAGE | Fornitori di abbigliamento vintage","url":"https:\/\/elpatronvintage.com\/","logo":{"@type":"ImageObject","inLanguage":"it-IT","@id":"https:\/\/elpatronvintage.com\/#\/schema\/logo\/image\/","url":"http:\/\/elpatronvintage.com\/wp-content\/uploads\/2023\/01\/logo-web.webp","contentUrl":"http:\/\/elpatronvintage.com\/wp-content\/uploads\/2023\/01\/logo-web.webp","width":961,"height":598,"caption":"EL PATR\u00d3N VINTAGE WHOLESALE | Proveedores de ropa vintage"},"image":{"@id":"https:\/\/elpatronvintage.com\/#\/schema\/logo\/image\/"}}]}},"_links":{"self":[{"href":"http:\/\/elpatronvintage.com\/it\/wp-json\/wp\/v2\/product\/4202","targetHints":{"allow":["GET"]}}],"collection":[{"href":"http:\/\/elpatronvintage.com\/it\/wp-json\/wp\/v2\/product"}],"about":[{"href":"http:\/\/elpatronvintage.com\/it\/wp-json\/wp\/v2\/types\/product"}],"replies":[{"embeddable":true,"href":"http:\/\/elpatronvintage.com\/it\/wp-json\/wp\/v2\/comments?post=4202"}],"version-history":[{"count":8,"href":"http:\/\/elpatronvintage.com\/it\/wp-json\/wp\/v2\/product\/4202\/revisions"}],"predecessor-version":[{"id":13530,"href":"http:\/\/elpatronvintage.com\/it\/wp-json\/wp\/v2\/product\/4202\/revisions\/13530"}],"wp:featuredmedia":[{"embeddable":true,"href":"http:\/\/elpatronvintage.com\/it\/wp-json\/wp\/v2\/media\/4305"}],"wp:attachment":[{"href":"http:\/\/elpatronvintage.com\/it\/wp-json\/wp\/v2\/media?parent=4202"}],"wp:term":[{"taxonomy":"product_brand","embeddable":true,"href":"http:\/\/elpatronvintage.com\/it\/wp-json\/wp\/v2\/product_brand?post=4202"},{"taxonomy":"product_cat","embeddable":true,"href":"http:\/\/elpatronvintage.com\/it\/wp-json\/wp\/v2\/product_cat?post=4202"},{"taxonomy":"product_tag","embeddable":true,"href":"http:\/\/elpatronvintage.com\/it\/wp-json\/wp\/v2\/product_tag?post=4202"}],"curies":[{"name":"wp","href":"https:\/\/api.w.org\/{rel}","templated":true}]}}