{"id":14514,"date":"2026-02-24T12:45:54","date_gmt":"2026-02-24T10:45:54","guid":{"rendered":"https:\/\/elpatronvintage.com\/?post_type=product&#038;p=14514"},"modified":"2026-02-24T15:19:14","modified_gmt":"2026-02-24T13:19:14","slug":"giacche-da-moto","status":"publish","type":"product","link":"http:\/\/elpatronvintage.com\/it\/prodotto\/giacche-da-moto\/","title":{"rendered":"Giacche da moto"},"content":{"rendered":"","protected":false},"excerpt":{"rendered":"<p><strong>Giacche da moto<\/strong><\/p>\n<p data-start=\"77\" data-end=\"361\">Set di giacche da <strong>moto racing originals<\/strong> dal look biker degli anni '80 e '90 ai modelli moderni. Design con pannelli in pelle o materiali tecnici, patch ricamati, dettagli racing e strutture robuste tipiche del mondo del motorsport.<\/p>\n<p data-start=\"455\" data-end=\"553\"><strong data-start=\"455\" data-end=\"466\">Marche:<\/strong> Vintage (assortito)<br data-start=\"485\" data-end=\"488\" \/><strong data-start=\"488\" data-end=\"499\">Taglie:<\/strong> Da XS a XL (assortiti)<br data-start=\"516\" data-end=\"519\" \/><strong data-start=\"519\" data-end=\"531\">Rivendita:<\/strong> 40\u20ac-140\u20ac per unit\u00e0<\/p>\n<p data-start=\"555\" data-end=\"570\"><strong data-start=\"555\" data-end=\"568\">QUALIT\u00c0 A<\/strong><\/p>\n<p data-start=\"572\" data-end=\"603\"><strong data-start=\"572\" data-end=\"601\">ORDINE MINIMO - 10 PEZZI<\/strong><\/p>\n<p data-start=\"605\" data-end=\"646\"><strong data-start=\"605\" data-end=\"644\">SPEDIZIONE GRATUITA 24\/48H IN TUTTA LA SPAGNA<\/strong><\/p>\n<p data-start=\"648\" data-end=\"680\" data-is-last-node=\"\" data-is-only-node=\"\"><strong data-start=\"648\" data-end=\"680\" data-is-last-node=\"\">SPEDIZIONI IN 48\/72 ORE IN TUTTA EUROPA<\/strong><\/p>","protected":false},"featured_media":14515,"comment_status":"open","ping_status":"closed","template":"","meta":[],"product_brand":[],"product_cat":[214,219,221,16],"product_tag":[],"class_list":{"0":"post-14514","1":"product","2":"type-product","3":"status-publish","4":"has-post-thumbnail","6":"product_cat-jackets","7":"product_cat-offer","8":"product_cat-marcas","9":"product_cat-allproducts","11":"first","12":"instock","13":"sale","14":"taxable","15":"shipping-taxable","16":"purchasable","17":"product-type-simple"},"yoast_head":"<!-- This site is optimized with the Yoast SEO plugin v26.8 - https:\/\/yoast.com\/product\/yoast-seo-wordpress\/ -->\n<title>Chaquetas de Moto - elpatronvintage.com<\/title>\n<meta name=\"robots\" content=\"index, follow, max-snippet:-1, max-image-preview:large, max-video-preview:-1\" \/>\n<link rel=\"canonical\" href=\"http:\/\/elpatronvintage.com\/it\/prodotto\/giacche-da-moto\/\" \/>\n<meta property=\"og:locale\" content=\"it_IT\" \/>\n<meta property=\"og:type\" content=\"article\" \/>\n<meta property=\"og:title\" content=\"Chaquetas de Moto - elpatronvintage.com\" \/>\n<meta property=\"og:description\" content=\"Chaquetas de Moto Racing Lote de chaquetas de moto racing originales desde est\u00e9tica biker de los a\u00f1os 80-90 hasta modelos de la actualidad. Dise\u00f1os con paneles de cuero o materiales t\u00e9cnicos, parches bordados, detalles racing y estructuras robustas caracter\u00edsticas del mundo del motor. Marcas: Vintage (Variadas)Tallas: XS a XL (Variadas)Reventa: 40\u20ac-140\u20ac por unidad CALIDAD A PEDIDO M\u00cdNIMO \u2013 10 PIEZAS ENV\u00cdOS GRATIS 24\/48H EN TODA ESPA\u00d1A ENV\u00cdOS 48\/72H EN TODA EUROPA\" \/>\n<meta property=\"og:url\" content=\"http:\/\/elpatronvintage.com\/it\/prodotto\/giacche-da-moto\/\" \/>\n<meta property=\"og:site_name\" content=\"elpatronvintage.com\" \/>\n<meta property=\"article:modified_time\" content=\"2026-02-24T13:19:14+00:00\" \/>\n<meta property=\"og:image\" content=\"http:\/\/elpatronvintage.com\/wp-content\/uploads\/2026\/02\/1.webp\" \/>\n\t<meta property=\"og:image:width\" content=\"977\" \/>\n\t<meta property=\"og:image:height\" content=\"1260\" \/>\n\t<meta property=\"og:image:type\" content=\"image\/webp\" \/>\n<meta name=\"twitter:card\" content=\"summary_large_image\" \/>\n<meta name=\"twitter:label1\" content=\"Tempo di lettura stimato\" \/>\n\t<meta name=\"twitter:data1\" content=\"1 minuto\" \/>\n<script type=\"application\/ld+json\" class=\"yoast-schema-graph\">{\"@context\":\"https:\/\/schema.org\",\"@graph\":[{\"@type\":\"WebPage\",\"@id\":\"http:\/\/elpatronvintage.com\/fr\/produit\/vestes-de-moto\/\",\"url\":\"http:\/\/elpatronvintage.com\/fr\/produit\/vestes-de-moto\/\",\"name\":\"Chaquetas de Moto - elpatronvintage.com\",\"isPartOf\":{\"@id\":\"https:\/\/elpatronvintage.com\/#website\"},\"primaryImageOfPage\":{\"@id\":\"http:\/\/elpatronvintage.com\/fr\/produit\/vestes-de-moto\/#primaryimage\"},\"image\":{\"@id\":\"http:\/\/elpatronvintage.com\/fr\/produit\/vestes-de-moto\/#primaryimage\"},\"thumbnailUrl\":\"http:\/\/elpatronvintage.com\/wp-content\/uploads\/2026\/02\/1.webp\",\"datePublished\":\"2026-02-24T10:45:54+00:00\",\"dateModified\":\"2026-02-24T13:19:14+00:00\",\"breadcrumb\":{\"@id\":\"http:\/\/elpatronvintage.com\/fr\/produit\/vestes-de-moto\/#breadcrumb\"},\"inLanguage\":\"it-IT\",\"potentialAction\":[{\"@type\":\"ReadAction\",\"target\":[\"http:\/\/elpatronvintage.com\/fr\/produit\/vestes-de-moto\/\"]}]},{\"@type\":\"ImageObject\",\"inLanguage\":\"it-IT\",\"@id\":\"http:\/\/elpatronvintage.com\/fr\/produit\/vestes-de-moto\/#primaryimage\",\"url\":\"http:\/\/elpatronvintage.com\/wp-content\/uploads\/2026\/02\/1.webp\",\"contentUrl\":\"http:\/\/elpatronvintage.com\/wp-content\/uploads\/2026\/02\/1.webp\",\"width\":977,\"height\":1260},{\"@type\":\"BreadcrumbList\",\"@id\":\"http:\/\/elpatronvintage.com\/fr\/produit\/vestes-de-moto\/#breadcrumb\",\"itemListElement\":[{\"@type\":\"ListItem\",\"position\":1,\"name\":\"Portada\",\"item\":\"https:\/\/elpatronvintage.com\/it\/\"},{\"@type\":\"ListItem\",\"position\":2,\"name\":\"Lote de Ropa Vintage\",\"item\":\"http:\/\/elpatronvintage.com\/shop\/\"},{\"@type\":\"ListItem\",\"position\":3,\"name\":\"Chaquetas de Moto\"}]},{\"@type\":\"WebSite\",\"@id\":\"https:\/\/elpatronvintage.com\/#website\",\"url\":\"https:\/\/elpatronvintage.com\/\",\"name\":\"EL PATR\u00d3N VINTAGE WHOLESALE | Proveedores de ropa vintage\",\"description\":\"El Patr\u00f3n Vintage CLOTHING WHOLESALE\",\"publisher\":{\"@id\":\"https:\/\/elpatronvintage.com\/#organization\"},\"alternateName\":\"Ropa Vintage al Por Mayor\",\"potentialAction\":[{\"@type\":\"SearchAction\",\"target\":{\"@type\":\"EntryPoint\",\"urlTemplate\":\"https:\/\/elpatronvintage.com\/?s={search_term_string}\"},\"query-input\":{\"@type\":\"PropertyValueSpecification\",\"valueRequired\":true,\"valueName\":\"search_term_string\"}}],\"inLanguage\":\"it-IT\"},{\"@type\":\"Organization\",\"@id\":\"https:\/\/elpatronvintage.com\/#organization\",\"name\":\"EL PATR\u00d3N VINTAGE WHOLESALE | Proveedores de ropa vintage\",\"url\":\"https:\/\/elpatronvintage.com\/\",\"logo\":{\"@type\":\"ImageObject\",\"inLanguage\":\"it-IT\",\"@id\":\"https:\/\/elpatronvintage.com\/#\/schema\/logo\/image\/\",\"url\":\"http:\/\/elpatronvintage.com\/wp-content\/uploads\/2023\/01\/logo-web.webp\",\"contentUrl\":\"http:\/\/elpatronvintage.com\/wp-content\/uploads\/2023\/01\/logo-web.webp\",\"width\":961,\"height\":598,\"caption\":\"EL PATR\u00d3N VINTAGE WHOLESALE | Proveedores de ropa vintage\"},\"image\":{\"@id\":\"https:\/\/elpatronvintage.com\/#\/schema\/logo\/image\/\"}}]}<\/script>\n<!-- \/ Yoast SEO plugin. -->","yoast_head_json":{"title":"Giacche da moto - elpatronvintage.com","robots":{"index":"index","follow":"follow","max-snippet":"max-snippet:-1","max-image-preview":"max-image-preview:large","max-video-preview":"max-video-preview:-1"},"canonical":"http:\/\/elpatronvintage.com\/it\/prodotto\/giacche-da-moto\/","og_locale":"it_IT","og_type":"article","og_title":"Chaquetas de Moto - elpatronvintage.com","og_description":"Chaquetas de Moto Racing Lote de chaquetas de moto racing originales desde est\u00e9tica biker de los a\u00f1os 80-90 hasta modelos de la actualidad. Dise\u00f1os con paneles de cuero o materiales t\u00e9cnicos, parches bordados, detalles racing y estructuras robustas caracter\u00edsticas del mundo del motor. Marcas: Vintage (Variadas)Tallas: XS a XL (Variadas)Reventa: 40\u20ac-140\u20ac por unidad CALIDAD A PEDIDO M\u00cdNIMO \u2013 10 PIEZAS ENV\u00cdOS GRATIS 24\/48H EN TODA ESPA\u00d1A ENV\u00cdOS 48\/72H EN TODA EUROPA","og_url":"http:\/\/elpatronvintage.com\/it\/prodotto\/giacche-da-moto\/","og_site_name":"elpatronvintage.com","article_modified_time":"2026-02-24T13:19:14+00:00","og_image":[{"width":977,"height":1260,"url":"http:\/\/elpatronvintage.com\/wp-content\/uploads\/2026\/02\/1.webp","type":"image\/webp"}],"twitter_card":"summary_large_image","twitter_misc":{"Tempo di lettura stimato":"1 minuto"},"schema":{"@context":"https:\/\/schema.org","@graph":[{"@type":"WebPage","@id":"http:\/\/elpatronvintage.com\/fr\/produit\/vestes-de-moto\/","url":"http:\/\/elpatronvintage.com\/fr\/produit\/vestes-de-moto\/","name":"Giacche da moto - elpatronvintage.com","isPartOf":{"@id":"https:\/\/elpatronvintage.com\/#website"},"primaryImageOfPage":{"@id":"http:\/\/elpatronvintage.com\/fr\/produit\/vestes-de-moto\/#primaryimage"},"image":{"@id":"http:\/\/elpatronvintage.com\/fr\/produit\/vestes-de-moto\/#primaryimage"},"thumbnailUrl":"http:\/\/elpatronvintage.com\/wp-content\/uploads\/2026\/02\/1.webp","datePublished":"2026-02-24T10:45:54+00:00","dateModified":"2026-02-24T13:19:14+00:00","breadcrumb":{"@id":"http:\/\/elpatronvintage.com\/fr\/produit\/vestes-de-moto\/#breadcrumb"},"inLanguage":"it-IT","potentialAction":[{"@type":"ReadAction","target":["http:\/\/elpatronvintage.com\/fr\/produit\/vestes-de-moto\/"]}]},{"@type":"ImageObject","inLanguage":"it-IT","@id":"http:\/\/elpatronvintage.com\/fr\/produit\/vestes-de-moto\/#primaryimage","url":"http:\/\/elpatronvintage.com\/wp-content\/uploads\/2026\/02\/1.webp","contentUrl":"http:\/\/elpatronvintage.com\/wp-content\/uploads\/2026\/02\/1.webp","width":977,"height":1260},{"@type":"BreadcrumbList","@id":"http:\/\/elpatronvintage.com\/fr\/produit\/vestes-de-moto\/#breadcrumb","itemListElement":[{"@type":"ListItem","position":1,"name":"Portada","item":"https:\/\/elpatronvintage.com\/it\/"},{"@type":"ListItem","position":2,"name":"Lote de Ropa Vintage","item":"http:\/\/elpatronvintage.com\/shop\/"},{"@type":"ListItem","position":3,"name":"Chaquetas de Moto"}]},{"@type":"WebSite","@id":"https:\/\/elpatronvintage.com\/#website","url":"https:\/\/elpatronvintage.com\/","name":"IL PATTERN WHOLESALE VINTAGE | Fornitori di abbigliamento vintage","description":"Il modello vintage di CLOTHING WHOLESALE","publisher":{"@id":"https:\/\/elpatronvintage.com\/#organization"},"alternateName":"Ropa Vintage al Por Mayor","potentialAction":[{"@type":"SearchAction","target":{"@type":"EntryPoint","urlTemplate":"https:\/\/elpatronvintage.com\/?s={search_term_string}"},"query-input":{"@type":"PropertyValueSpecification","valueRequired":true,"valueName":"search_term_string"}}],"inLanguage":"it-IT"},{"@type":"Organization","@id":"https:\/\/elpatronvintage.com\/#organization","name":"IL PATTERN WHOLESALE VINTAGE | Fornitori di abbigliamento vintage","url":"https:\/\/elpatronvintage.com\/","logo":{"@type":"ImageObject","inLanguage":"it-IT","@id":"https:\/\/elpatronvintage.com\/#\/schema\/logo\/image\/","url":"http:\/\/elpatronvintage.com\/wp-content\/uploads\/2023\/01\/logo-web.webp","contentUrl":"http:\/\/elpatronvintage.com\/wp-content\/uploads\/2023\/01\/logo-web.webp","width":961,"height":598,"caption":"EL PATR\u00d3N VINTAGE WHOLESALE | Proveedores de ropa vintage"},"image":{"@id":"https:\/\/elpatronvintage.com\/#\/schema\/logo\/image\/"}}]}},"_links":{"self":[{"href":"http:\/\/elpatronvintage.com\/it\/wp-json\/wp\/v2\/product\/14514","targetHints":{"allow":["GET"]}}],"collection":[{"href":"http:\/\/elpatronvintage.com\/it\/wp-json\/wp\/v2\/product"}],"about":[{"href":"http:\/\/elpatronvintage.com\/it\/wp-json\/wp\/v2\/types\/product"}],"replies":[{"embeddable":true,"href":"http:\/\/elpatronvintage.com\/it\/wp-json\/wp\/v2\/comments?post=14514"}],"version-history":[{"count":2,"href":"http:\/\/elpatronvintage.com\/it\/wp-json\/wp\/v2\/product\/14514\/revisions"}],"predecessor-version":[{"id":14524,"href":"http:\/\/elpatronvintage.com\/it\/wp-json\/wp\/v2\/product\/14514\/revisions\/14524"}],"wp:featuredmedia":[{"embeddable":true,"href":"http:\/\/elpatronvintage.com\/it\/wp-json\/wp\/v2\/media\/14515"}],"wp:attachment":[{"href":"http:\/\/elpatronvintage.com\/it\/wp-json\/wp\/v2\/media?parent=14514"}],"wp:term":[{"taxonomy":"product_brand","embeddable":true,"href":"http:\/\/elpatronvintage.com\/it\/wp-json\/wp\/v2\/product_brand?post=14514"},{"taxonomy":"product_cat","embeddable":true,"href":"http:\/\/elpatronvintage.com\/it\/wp-json\/wp\/v2\/product_cat?post=14514"},{"taxonomy":"product_tag","embeddable":true,"href":"http:\/\/elpatronvintage.com\/it\/wp-json\/wp\/v2\/product_tag?post=14514"}],"curies":[{"name":"wp","href":"https:\/\/api.w.org\/{rel}","templated":true}]}}