{"id":9,"date":"2022-06-30T01:02:10","date_gmt":"2022-06-30T01:02:10","guid":{"rendered":"http:\/\/elpatronvintage.com\/?page_id=9"},"modified":"2022-06-30T01:02:11","modified_gmt":"2022-06-30T01:02:11","slug":"rimborso_rimborsi","status":"publish","type":"page","link":"http:\/\/elpatronvintage.com\/it\/rimborso_rimborsi\/","title":{"rendered":"Politica di rimborso e restituzione"},"content":{"rendered":"<p><\/p>\n\n\n\n<p><h3>Panoramica<\/h3><\/p>\n\n\n\n<p>La nostra politica di rimborso e restituzione dura 15 giorni. Se sono trascorsi 15 giorni dall'acquisto, non possiamo offrire un rimborso completo o un cambio.<\/p>\n\n\n\n<p>Per poter effettuare un reso, l'articolo deve essere inutilizzato e nelle stesse condizioni in cui \u00e8 stato ricevuto. Deve inoltre essere nella confezione originale.<\/p>\n\n\n\n<p>Diversi tipi di merce non possono essere restituiti. I prodotti deperibili come alimenti, fiori, giornali o riviste non possono essere restituiti. Non accettiamo inoltre prodotti intimi o sanitari, materiali pericolosi, liquidi o gas infiammabili.<\/p>\n\n\n\n<p><\/p>\n\n\n\n<p><h2>Rimborsi<\/h2><\/p>\n\n\n\n<p>Una volta ricevuto e ispezionato il vostro reso, vi invieremo un'e-mail per notificarvi che abbiamo ricevuto l'articolo restituito. Vi comunicheremo inoltre l'approvazione o il rifiuto del rimborso.<\/p>\n\n\n\n<p>Se il rimborso viene approvato, verr\u00e0 elaborato e un credito verr\u00e0 automaticamente applicato alla carta di credito o al metodo di pagamento originale entro un certo numero di giorni.<\/p>\n\n\n\n<p><b>Rimborsi in ritardo o mancati<\/b><\/p>\n\n\n\n<p>Se non avete ancora ricevuto il rimborso, controllate di nuovo il vostro conto bancario.<\/p>\n\n\n\n<p>Contattate quindi la societ\u00e0 che gestisce la vostra carta di credito: potrebbe volerci un po' di tempo prima che il rimborso venga ufficialmente inviato.<\/p>\n\n\n\n<p>Contattare quindi la propria banca. Spesso ci sono dei tempi di elaborazione prima che il rimborso venga pubblicato.<\/p>\n\n\n\n<p>Se avete fatto tutto questo e non avete ancora ricevuto il rimborso, contattateci a {indirizzo e-mail}.<\/p>\n\n\n\n<p><b>Articoli in vendita<\/b><\/p>\n\n\n\n<p>Possono essere rimborsati solo gli articoli a prezzo normale. Gli articoli in saldo non possono essere rimborsati.<\/p>\n\n\n\n<p><h2>Scambi<\/h2><\/p>\n\n\n\n<p>Sostituiamo gli articoli solo se sono difettosi o danneggiati. Se si desidera sostituire l'articolo con un altro dello stesso tipo, inviare un'e-mail a {indirizzo e-mail} e spedire l'articolo a: {indirizzo fisico}.<\/p>\n\n\n\n<p><h2>Regali<\/h2><\/p>\n\n\n\n<p>Se l'articolo \u00e8 stato contrassegnato come regalo al momento dell'acquisto e spedito direttamente a voi, riceverete un credito per il valore del vostro reso. Una volta ricevuto l'articolo restituito, vi verr\u00e0 spedito un buono regalo.<\/p>\n\n\n\n<p>Se l'articolo non \u00e8 stato contrassegnato come regalo al momento dell'acquisto, o se chi ha fatto il regalo si \u00e8 fatto spedire l'ordine per consegnarlo in seguito, invieremo un rimborso a chi ha fatto il regalo e verr\u00e0 a conoscenza del vostro reso.<\/p>\n\n\n\n<p><h2>Resi di spedizione<\/h2><\/p>\n\n\n\n<p>Per restituire il prodotto, \u00e8 necessario spedirlo a: {indirizzo fisico}.<\/p>\n\n\n\n<p>Le spese di spedizione per la restituzione dell'articolo sono a carico del cliente. Le spese di spedizione non sono rimborsabili. Se si riceve un rimborso, le spese di spedizione per la restituzione saranno detratte dal rimborso.<\/p>\n\n\n\n<p>A seconda del luogo di residenza, i tempi di consegna del prodotto scambiato possono variare.<\/p>\n\n\n\n<p>Se si restituiscono articoli pi\u00f9 costosi, si consiglia di utilizzare un servizio di spedizione tracciabile o di acquistare un'assicurazione sulla spedizione. Non garantiamo di ricevere l'articolo restituito.<\/p>\n\n\n\n<p><h2>Avete bisogno di aiuto?<\/h2><\/p>\n\n\n\n<p>Contattateci all'indirizzo elpatronvintage@gmail.com per domande relative a rimborsi e restituzioni.<\/p>","protected":false},"excerpt":{"rendered":"<p>Overview Our refund and returns policy lasts 15 days. If 15 days have passed since your purchase, we can\u2019t offer you a full refund or exchange. To be eligible for a return, your item must be unused and in the same condition that you received it. It must also be in the original packaging. Several [&hellip;]<\/p>\n","protected":false},"author":1,"featured_media":0,"parent":0,"menu_order":0,"comment_status":"closed","ping_status":"closed","template":"","meta":{"footnotes":""},"class_list":["post-9","page","type-page","status-publish","hentry"],"yoast_head":"<!-- This site is optimized with the Yoast SEO plugin v26.8 - https:\/\/yoast.com\/product\/yoast-seo-wordpress\/ -->\n<title>Refund and Returns Policy - elpatronvintage.com<\/title>\n<meta name=\"robots\" content=\"index, follow, max-snippet:-1, max-image-preview:large, max-video-preview:-1\" \/>\n<link rel=\"canonical\" href=\"https:\/\/elpatronvintage.com\/it\/rimborso_rimborsi\/\" \/>\n<meta property=\"og:locale\" content=\"it_IT\" \/>\n<meta property=\"og:type\" content=\"article\" \/>\n<meta property=\"og:title\" content=\"Refund and Returns Policy - elpatronvintage.com\" \/>\n<meta property=\"og:description\" content=\"Overview Our refund and returns policy lasts 15 days. If 15 days have passed since your purchase, we can\u2019t offer you a full refund or exchange. To be eligible for a return, your item must be unused and in the same condition that you received it. It must also be in the original packaging. Several [&hellip;]\" \/>\n<meta property=\"og:url\" content=\"https:\/\/elpatronvintage.com\/it\/rimborso_rimborsi\/\" \/>\n<meta property=\"og:site_name\" content=\"elpatronvintage.com\" \/>\n<meta property=\"article:modified_time\" content=\"2022-06-30T01:02:11+00:00\" \/>\n<meta name=\"twitter:card\" content=\"summary_large_image\" \/>\n<meta name=\"twitter:label1\" content=\"Tempo di lettura stimato\" \/>\n\t<meta name=\"twitter:data1\" content=\"2 minuti\" \/>\n<script type=\"application\/ld+json\" class=\"yoast-schema-graph\">{\"@context\":\"https:\/\/schema.org\",\"@graph\":[{\"@type\":\"WebPage\",\"@id\":\"https:\/\/elpatronvintage.com\/fr\/remboursements\/\",\"url\":\"https:\/\/elpatronvintage.com\/fr\/remboursements\/\",\"name\":\"Refund and Returns Policy - elpatronvintage.com\",\"isPartOf\":{\"@id\":\"https:\/\/elpatronvintage.com\/#website\"},\"datePublished\":\"2022-06-30T01:02:10+00:00\",\"dateModified\":\"2022-06-30T01:02:11+00:00\",\"breadcrumb\":{\"@id\":\"https:\/\/elpatronvintage.com\/fr\/remboursements\/#breadcrumb\"},\"inLanguage\":\"it-IT\",\"potentialAction\":[{\"@type\":\"ReadAction\",\"target\":[\"https:\/\/elpatronvintage.com\/fr\/remboursements\/\"]}]},{\"@type\":\"BreadcrumbList\",\"@id\":\"https:\/\/elpatronvintage.com\/fr\/remboursements\/#breadcrumb\",\"itemListElement\":[{\"@type\":\"ListItem\",\"position\":1,\"name\":\"Portada\",\"item\":\"https:\/\/elpatronvintage.com\/it\/\"},{\"@type\":\"ListItem\",\"position\":2,\"name\":\"Refund and Returns Policy\"}]},{\"@type\":\"WebSite\",\"@id\":\"https:\/\/elpatronvintage.com\/#website\",\"url\":\"https:\/\/elpatronvintage.com\/\",\"name\":\"EL PATR\u00d3N VINTAGE WHOLESALE | Proveedores de ropa vintage\",\"description\":\"El Patr\u00f3n Vintage CLOTHING WHOLESALE\",\"publisher\":{\"@id\":\"https:\/\/elpatronvintage.com\/#organization\"},\"alternateName\":\"Ropa Vintage al Por Mayor\",\"potentialAction\":[{\"@type\":\"SearchAction\",\"target\":{\"@type\":\"EntryPoint\",\"urlTemplate\":\"https:\/\/elpatronvintage.com\/?s={search_term_string}\"},\"query-input\":{\"@type\":\"PropertyValueSpecification\",\"valueRequired\":true,\"valueName\":\"search_term_string\"}}],\"inLanguage\":\"it-IT\"},{\"@type\":\"Organization\",\"@id\":\"https:\/\/elpatronvintage.com\/#organization\",\"name\":\"EL PATR\u00d3N VINTAGE WHOLESALE | Proveedores de ropa vintage\",\"url\":\"https:\/\/elpatronvintage.com\/\",\"logo\":{\"@type\":\"ImageObject\",\"inLanguage\":\"it-IT\",\"@id\":\"https:\/\/elpatronvintage.com\/#\/schema\/logo\/image\/\",\"url\":\"http:\/\/elpatronvintage.com\/wp-content\/uploads\/2023\/01\/logo-web.webp\",\"contentUrl\":\"http:\/\/elpatronvintage.com\/wp-content\/uploads\/2023\/01\/logo-web.webp\",\"width\":961,\"height\":598,\"caption\":\"EL PATR\u00d3N VINTAGE WHOLESALE | Proveedores de ropa vintage\"},\"image\":{\"@id\":\"https:\/\/elpatronvintage.com\/#\/schema\/logo\/image\/\"}}]}<\/script>\n<!-- \/ Yoast SEO plugin. -->","yoast_head_json":{"title":"Politica di rimborso e restituzione - elpatronvintage.com","robots":{"index":"index","follow":"follow","max-snippet":"max-snippet:-1","max-image-preview":"max-image-preview:large","max-video-preview":"max-video-preview:-1"},"canonical":"https:\/\/elpatronvintage.com\/it\/rimborso_rimborsi\/","og_locale":"it_IT","og_type":"article","og_title":"Refund and Returns Policy - elpatronvintage.com","og_description":"Overview Our refund and returns policy lasts 15 days. If 15 days have passed since your purchase, we can\u2019t offer you a full refund or exchange. To be eligible for a return, your item must be unused and in the same condition that you received it. It must also be in the original packaging. Several [&hellip;]","og_url":"https:\/\/elpatronvintage.com\/it\/rimborso_rimborsi\/","og_site_name":"elpatronvintage.com","article_modified_time":"2022-06-30T01:02:11+00:00","twitter_card":"summary_large_image","twitter_misc":{"Tempo di lettura stimato":"2 minuti"},"schema":{"@context":"https:\/\/schema.org","@graph":[{"@type":"WebPage","@id":"https:\/\/elpatronvintage.com\/fr\/remboursements\/","url":"https:\/\/elpatronvintage.com\/fr\/remboursements\/","name":"Politica di rimborso e restituzione - elpatronvintage.com","isPartOf":{"@id":"https:\/\/elpatronvintage.com\/#website"},"datePublished":"2022-06-30T01:02:10+00:00","dateModified":"2022-06-30T01:02:11+00:00","breadcrumb":{"@id":"https:\/\/elpatronvintage.com\/fr\/remboursements\/#breadcrumb"},"inLanguage":"it-IT","potentialAction":[{"@type":"ReadAction","target":["https:\/\/elpatronvintage.com\/fr\/remboursements\/"]}]},{"@type":"BreadcrumbList","@id":"https:\/\/elpatronvintage.com\/fr\/remboursements\/#breadcrumb","itemListElement":[{"@type":"ListItem","position":1,"name":"Portada","item":"https:\/\/elpatronvintage.com\/it\/"},{"@type":"ListItem","position":2,"name":"Refund and Returns Policy"}]},{"@type":"WebSite","@id":"https:\/\/elpatronvintage.com\/#website","url":"https:\/\/elpatronvintage.com\/","name":"IL PATTERN WHOLESALE VINTAGE | Fornitori di abbigliamento vintage","description":"Il modello vintage di CLOTHING WHOLESALE","publisher":{"@id":"https:\/\/elpatronvintage.com\/#organization"},"alternateName":"Ropa Vintage al Por Mayor","potentialAction":[{"@type":"SearchAction","target":{"@type":"EntryPoint","urlTemplate":"https:\/\/elpatronvintage.com\/?s={search_term_string}"},"query-input":{"@type":"PropertyValueSpecification","valueRequired":true,"valueName":"search_term_string"}}],"inLanguage":"it-IT"},{"@type":"Organization","@id":"https:\/\/elpatronvintage.com\/#organization","name":"IL PATTERN WHOLESALE VINTAGE | Fornitori di abbigliamento vintage","url":"https:\/\/elpatronvintage.com\/","logo":{"@type":"ImageObject","inLanguage":"it-IT","@id":"https:\/\/elpatronvintage.com\/#\/schema\/logo\/image\/","url":"http:\/\/elpatronvintage.com\/wp-content\/uploads\/2023\/01\/logo-web.webp","contentUrl":"http:\/\/elpatronvintage.com\/wp-content\/uploads\/2023\/01\/logo-web.webp","width":961,"height":598,"caption":"EL PATR\u00d3N VINTAGE WHOLESALE | Proveedores de ropa vintage"},"image":{"@id":"https:\/\/elpatronvintage.com\/#\/schema\/logo\/image\/"}}]}},"_links":{"self":[{"href":"http:\/\/elpatronvintage.com\/it\/wp-json\/wp\/v2\/pages\/9","targetHints":{"allow":["GET"]}}],"collection":[{"href":"http:\/\/elpatronvintage.com\/it\/wp-json\/wp\/v2\/pages"}],"about":[{"href":"http:\/\/elpatronvintage.com\/it\/wp-json\/wp\/v2\/types\/page"}],"author":[{"embeddable":true,"href":"http:\/\/elpatronvintage.com\/it\/wp-json\/wp\/v2\/users\/1"}],"replies":[{"embeddable":true,"href":"http:\/\/elpatronvintage.com\/it\/wp-json\/wp\/v2\/comments?post=9"}],"version-history":[{"count":1,"href":"http:\/\/elpatronvintage.com\/it\/wp-json\/wp\/v2\/pages\/9\/revisions"}],"predecessor-version":[{"id":636,"href":"http:\/\/elpatronvintage.com\/it\/wp-json\/wp\/v2\/pages\/9\/revisions\/636"}],"wp:attachment":[{"href":"http:\/\/elpatronvintage.com\/it\/wp-json\/wp\/v2\/media?parent=9"}],"curies":[{"name":"wp","href":"https:\/\/api.w.org\/{rel}","templated":true}]}}