{"id":3711,"date":"2023-01-18T10:57:48","date_gmt":"2023-01-18T10:57:48","guid":{"rendered":""},"modified":"2024-06-28T15:15:20","modified_gmt":"2024-06-28T13:15:20","slug":"contatto","status":"publish","type":"page","link":"http:\/\/elpatronvintage.com\/it\/contatto\/","title":{"rendered":"Contatto"},"content":{"rendered":"<div data-elementor-type=\"wp-page\" data-elementor-id=\"3711\" class=\"elementor elementor-3711\" data-elementor-post-type=\"page\">\n\t\t\t\t\t\t<section class=\"elementor-section elementor-top-section elementor-element elementor-element-a98e485 elementor-section-boxed elementor-section-height-default elementor-section-height-default\" data-id=\"a98e485\" data-element_type=\"section\" data-e-type=\"section\">\n\t\t\t\t\t\t<div class=\"elementor-container elementor-column-gap-default\">\n\t\t\t\t\t<div class=\"elementor-column elementor-col-100 elementor-top-column elementor-element elementor-element-ad044bc\" data-id=\"ad044bc\" data-element_type=\"column\" data-e-type=\"column\">\n\t\t\t<div class=\"elementor-widget-wrap elementor-element-populated\">\n\t\t\t\t\t\t<div class=\"elementor-element elementor-element-df35a87 margin-bottom-10 elementor-widget elementor-widget-heading\" data-id=\"df35a87\" data-element_type=\"widget\" data-e-type=\"widget\" data-widget_type=\"heading.default\">\n\t\t\t\t<div class=\"elementor-widget-container\">\n\t\t\t\t\t<h1 class=\"elementor-heading-title elementor-size-large\">Contatto con noi<\/h1>\t\t\t\t<\/div>\n\t\t\t\t<\/div>\n\t\t\t\t<div class=\"elementor-element elementor-element-351f1cb elementor-widget elementor-widget-text-editor\" data-id=\"351f1cb\" data-element_type=\"widget\" data-e-type=\"widget\" data-widget_type=\"text-editor.default\">\n\t\t\t\t<div class=\"elementor-widget-container\">\n\t\t\t\t\t\t\t\t\t<p>Si prega di contattare il nostro servizio clienti.<\/p>\t\t\t\t\t\t\t\t<\/div>\n\t\t\t\t<\/div>\n\t\t\t\t\t<\/div>\n\t\t<\/div>\n\t\t\t\t\t<\/div>\n\t\t<\/section>\n\t\t\t\t<section class=\"elementor-section elementor-top-section elementor-element elementor-element-5ff5129 elementor-section-content-middle elementor-section-boxed elementor-section-height-default elementor-section-height-default\" data-id=\"5ff5129\" data-element_type=\"section\" data-e-type=\"section\">\n\t\t\t\t\t\t<div class=\"elementor-container elementor-column-gap-default\">\n\t\t\t\t\t<div class=\"elementor-column elementor-col-50 elementor-top-column elementor-element elementor-element-85e5b2b\" data-id=\"85e5b2b\" data-element_type=\"column\" data-e-type=\"column\">\n\t\t\t<div class=\"elementor-widget-wrap elementor-element-populated\">\n\t\t\t\t\t\t<div class=\"elementor-element elementor-element-5e54a12 elementor-widget elementor-widget-heading\" data-id=\"5e54a12\" data-element_type=\"widget\" data-e-type=\"widget\" data-widget_type=\"heading.default\">\n\t\t\t\t<div class=\"elementor-widget-container\">\n\t\t\t\t\t<h3 class=\"elementor-heading-title elementor-size-default\">Per qualsiasi dubbio e\/o domanda, contattateci su WhatsApp.<\/h3>\t\t\t\t<\/div>\n\t\t\t\t<\/div>\n\t\t\t\t<div class=\"elementor-element elementor-element-8f2f65b elementor-align-center elementor-widget elementor-widget-button\" data-id=\"8f2f65b\" data-element_type=\"widget\" data-e-type=\"widget\" data-widget_type=\"button.default\">\n\t\t\t\t<div class=\"elementor-widget-container\">\n\t\t\t\t\t\t\t\t\t<div class=\"elementor-button-wrapper\">\n\t\t\t\t\t<a class=\"elementor-button elementor-button-link elementor-size-xl\" href=\"https:\/\/wa.me\/message\/7HVXQUR6HGLYO1\" target=\"_blank\">\n\t\t\t\t\t\t<span class=\"elementor-button-content-wrapper\">\n\t\t\t\t\t\t<span class=\"elementor-button-icon\">\n\t\t\t\t<i aria-hidden=\"true\" class=\"fab fa-whatsapp\"><\/i>\t\t\t<\/span>\n\t\t\t\t\t\t\t\t\t<span class=\"elementor-button-text\">WhatsApp<\/span>\n\t\t\t\t\t<\/span>\n\t\t\t\t\t<\/a>\n\t\t\t\t<\/div>\n\t\t\t\t\t\t\t\t<\/div>\n\t\t\t\t<\/div>\n\t\t\t\t<section class=\"elementor-section elementor-inner-section elementor-element elementor-element-44ef4767 elementor-section-boxed elementor-section-height-default elementor-section-height-default\" data-id=\"44ef4767\" data-element_type=\"section\" data-e-type=\"section\">\n\t\t\t\t\t\t<div class=\"elementor-container elementor-column-gap-default\">\n\t\t\t\t\t<div class=\"elementor-column elementor-col-50 elementor-inner-column elementor-element elementor-element-182f25b0\" data-id=\"182f25b0\" data-element_type=\"column\" data-e-type=\"column\">\n\t\t\t<div class=\"elementor-widget-wrap elementor-element-populated\">\n\t\t\t\t\t\t<div class=\"elementor-element elementor-element-169f1741 elementor-widget elementor-widget-heading\" data-id=\"169f1741\" data-element_type=\"widget\" data-e-type=\"widget\" data-widget_type=\"heading.default\">\n\t\t\t\t<div class=\"elementor-widget-container\">\n\t\t\t\t\t<h3 class=\"elementor-heading-title elementor-size-default\">Indirizzo<\/h3>\t\t\t\t<\/div>\n\t\t\t\t<\/div>\n\t\t\t\t<div class=\"elementor-element elementor-element-587b5103 elementor-widget elementor-widget-text-editor\" data-id=\"587b5103\" data-element_type=\"widget\" data-e-type=\"widget\" data-widget_type=\"text-editor.default\">\n\t\t\t\t<div class=\"elementor-widget-container\">\n\t\t\t\t\t\t\t\t\t<p>Distretto di Sants-Montju\u00efc<\/p><p>08028 Barcellona<\/p>\t\t\t\t\t\t\t\t<\/div>\n\t\t\t\t<\/div>\n\t\t\t\t\t<\/div>\n\t\t<\/div>\n\t\t\t\t<div class=\"elementor-column elementor-col-50 elementor-inner-column elementor-element elementor-element-18e715d8\" data-id=\"18e715d8\" data-element_type=\"column\" data-e-type=\"column\">\n\t\t\t<div class=\"elementor-widget-wrap elementor-element-populated\">\n\t\t\t\t\t\t<div class=\"elementor-element elementor-element-40ff2cfa elementor-widget elementor-widget-heading\" data-id=\"40ff2cfa\" data-element_type=\"widget\" data-e-type=\"widget\" data-widget_type=\"heading.default\">\n\t\t\t\t<div class=\"elementor-widget-container\">\n\t\t\t\t\t<h3 class=\"elementor-heading-title elementor-size-default\">Numero del servizio clienti<\/h3>\t\t\t\t<\/div>\n\t\t\t\t<\/div>\n\t\t\t\t<div class=\"elementor-element elementor-element-325502ab elementor-widget elementor-widget-text-editor\" data-id=\"325502ab\" data-element_type=\"widget\" data-e-type=\"widget\" data-widget_type=\"text-editor.default\">\n\t\t\t\t<div class=\"elementor-widget-container\">\n\t\t\t\t\t\t\t\t\t<p><span style=\"vertical-align: inherit;\">+34 649 76 80 63 (solo WhatsApp)<\/span><\/p>\t\t\t\t\t\t\t\t<\/div>\n\t\t\t\t<\/div>\n\t\t\t\t\t<\/div>\n\t\t<\/div>\n\t\t\t\t\t<\/div>\n\t\t<\/section>\n\t\t\t\t\t<\/div>\n\t\t<\/div>\n\t\t\t\t<div class=\"elementor-column elementor-col-50 elementor-top-column elementor-element elementor-element-3f837ce\" data-id=\"3f837ce\" data-element_type=\"column\" data-e-type=\"column\">\n\t\t\t<div class=\"elementor-widget-wrap elementor-element-populated\">\n\t\t\t\t\t\t<div class=\"elementor-element elementor-element-2ef188a elementor-widget elementor-widget-text-editor\" data-id=\"2ef188a\" data-element_type=\"widget\" data-e-type=\"widget\" data-widget_type=\"text-editor.default\">\n\t\t\t\t<div class=\"elementor-widget-container\">\n\t\t\t\t\t\t\t\t\t<h3>Inviaci un messaggio<\/h3><p><div role=\"form\" class=\"wpcf7\" id=\"wpcf7-f5936-o1\" lang=\"es-ES\" dir=\"ltr\">\n<div class=\"screen-reader-response\"><p role=\"status\" aria-live=\"polite\" aria-atomic=\"true\"><\/p> <ul><\/ul><\/div>\n<form action=\"\/it\/wp-json\/wp\/v2\/pages\/3711#wpcf7-f5936-o1\" method=\"post\" class=\"wpcf7-form init\" novalidate=\"novalidate\" data-status=\"init\" data-trp-original-action=\"\/it\/wp-json\/wp\/v2\/pages\/3711#wpcf7-f5936-o1\">\n<div style=\"display: none;\">\n<input type=\"hidden\" name=\"_wpcf7\" value=\"5936\" \/>\n<input type=\"hidden\" name=\"_wpcf7_version\" value=\"5.6.4\" \/>\n<input type=\"hidden\" name=\"_wpcf7_locale\" value=\"es_ES\" \/>\n<input type=\"hidden\" name=\"_wpcf7_unit_tag\" value=\"wpcf7-f5936-o1\" \/>\n<input type=\"hidden\" name=\"_wpcf7_container_post\" value=\"0\" \/>\n<input type=\"hidden\" name=\"_wpcf7_posted_data_hash\" value=\"\" \/>\n<\/div>\n<p><label> Il tuo nome<br \/>\n    <span class=\"wpcf7-form-control-wrap\" data-name=\"your-name\"><input type=\"text\" name=\"your-name\" value=\"\" size=\"40\" class=\"wpcf7-form-control wpcf7-text wpcf7-validates-as-required\" aria-required=\"true\" aria-invalid=\"false\" \/><\/span> <\/label><\/p>\n<p><label> Il vostro indirizzo e-mail<br \/>\n    <span class=\"wpcf7-form-control-wrap\" data-name=\"your-email\"><input type=\"email\" name=\"your-email\" value=\"\" size=\"40\" class=\"wpcf7-form-control wpcf7-text wpcf7-email wpcf7-validates-as-required wpcf7-validates-as-email\" aria-required=\"true\" aria-invalid=\"false\" \/><\/span> <\/label><\/p>\n<p><label> Oggetto<br \/>\n    <span class=\"wpcf7-form-control-wrap\" data-name=\"your-subject\"><input type=\"text\" name=\"your-subject\" value=\"\" size=\"40\" class=\"wpcf7-form-control wpcf7-text wpcf7-validates-as-required\" aria-required=\"true\" aria-invalid=\"false\" \/><\/span> <\/label><\/p>\n<p><label> Messaggio (facoltativo)<br \/>\n    <span class=\"wpcf7-form-control-wrap\" data-name=\"your-message\"><textarea name=\"your-message\" cols=\"40\" rows=\"10\" class=\"wpcf7-form-control wpcf7-textarea\" aria-invalid=\"false\"><\/textarea><\/span> <\/label><\/p>\n<p><input type=\"submit\" value=\"Inviare\" class=\"wpcf7-form-control has-spinner wpcf7-submit\" \/><\/p>\n<div class=\"wpcf7-response-output\" aria-hidden=\"true\"><\/div><input type=\"hidden\" name=\"trp-form-language\" value=\"it\"\/><\/form><\/div><\/p>\t\t\t\t\t\t\t\t<\/div>\n\t\t\t\t<\/div>\n\t\t\t\t\t<\/div>\n\t\t<\/div>\n\t\t\t\t\t<\/div>\n\t\t<\/section>\n\t\t\t\t<section class=\"elementor-section elementor-top-section elementor-element elementor-element-fb5f55a elementor-section-boxed elementor-section-height-default elementor-section-height-default\" data-id=\"fb5f55a\" data-element_type=\"section\" data-e-type=\"section\">\n\t\t\t\t\t\t<div class=\"elementor-container elementor-column-gap-default\">\n\t\t\t\t\t<div class=\"elementor-column elementor-col-100 elementor-top-column elementor-element elementor-element-b9fbd38\" data-id=\"b9fbd38\" data-element_type=\"column\" data-e-type=\"column\">\n\t\t\t<div class=\"elementor-widget-wrap elementor-element-populated\">\n\t\t\t\t\t\t<div class=\"elementor-element elementor-element-66cf29dd elementor-widget elementor-widget-google_maps\" data-id=\"66cf29dd\" data-element_type=\"widget\" data-e-type=\"widget\" data-widget_type=\"google_maps.default\">\n\t\t\t\t<div class=\"elementor-widget-container\">\n\t\t\t\t\t\t\t<div class=\"elementor-custom-embed\">\n\t\t\t<iframe loading=\"lazy\"\n\t\t\t\t\tsrc=\"https:\/\/maps.google.com\/maps?q=C.%20de%20Violant%20d%27Hongria%20Reina%20d%27Arag%C3%B3%2C%2008028%20Barcelona&#038;t=m&#038;z=16&#038;output=embed&#038;iwloc=near\"\n\t\t\t\t\ttitle=\"C. de Violant d&#039;Hongria Reina d&#039;Arag\u00f3, 08028 Barcellona\"\n\t\t\t\t\taria-label=\"C. de Violant d&#039;Hongria Reina d&#039;Arag\u00f3, 08028 Barcellona\"\n\t\t\t><\/iframe>\n\t\t<\/div>\n\t\t\t\t\t\t<\/div>\n\t\t\t\t<\/div>\n\t\t\t\t<section class=\"elementor-section elementor-inner-section elementor-element elementor-element-1cf258c2 elementor-section-boxed elementor-section-height-default elementor-section-height-default\" data-id=\"1cf258c2\" data-element_type=\"section\" data-e-type=\"section\">\n\t\t\t\t\t\t<div class=\"elementor-container elementor-column-gap-default\">\n\t\t\t\t\t<div class=\"elementor-column elementor-col-50 elementor-inner-column elementor-element elementor-element-303f6f1e\" data-id=\"303f6f1e\" data-element_type=\"column\" data-e-type=\"column\">\n\t\t\t<div class=\"elementor-widget-wrap elementor-element-populated\">\n\t\t\t\t\t\t<div class=\"elementor-element elementor-element-641e159a elementor-widget elementor-widget-heading\" data-id=\"641e159a\" data-element_type=\"widget\" data-e-type=\"widget\" data-widget_type=\"heading.default\">\n\t\t\t\t<div class=\"elementor-widget-container\">\n\t\t\t\t\t<h3 class=\"elementor-heading-title elementor-size-default\">Email\n<\/h3>\t\t\t\t<\/div>\n\t\t\t\t<\/div>\n\t\t\t\t<div class=\"elementor-element elementor-element-7f26dce9 elementor-widget elementor-widget-text-editor\" data-id=\"7f26dce9\" data-element_type=\"widget\" data-e-type=\"widget\" data-widget_type=\"text-editor.default\">\n\t\t\t\t<div class=\"elementor-widget-container\">\n\t\t\t\t\t\t\t\t\t<p><span style=\"vertical-align: inherit;\"><span style=\"vertical-align: inherit;\">elpatronvintage@gmail.com<\/span><\/span><br \/><br \/><\/p>\t\t\t\t\t\t\t\t<\/div>\n\t\t\t\t<\/div>\n\t\t\t\t\t<\/div>\n\t\t<\/div>\n\t\t\t\t<div class=\"elementor-column elementor-col-50 elementor-inner-column elementor-element elementor-element-6f05ddab\" data-id=\"6f05ddab\" data-element_type=\"column\" data-e-type=\"column\">\n\t\t\t<div class=\"elementor-widget-wrap\">\n\t\t\t\t\t\t\t<\/div>\n\t\t<\/div>\n\t\t\t\t\t<\/div>\n\t\t<\/section>\n\t\t\t\t\t<\/div>\n\t\t<\/div>\n\t\t\t\t\t<\/div>\n\t\t<\/section>\n\t\t\t\t<section class=\"elementor-section elementor-top-section elementor-element elementor-element-8d8bcda elementor-section-boxed elementor-section-height-default elementor-section-height-default\" data-id=\"8d8bcda\" data-element_type=\"section\" data-e-type=\"section\">\n\t\t\t\t\t\t<div class=\"elementor-container elementor-column-gap-default\">\n\t\t\t\t\t<div class=\"elementor-column elementor-col-100 elementor-top-column elementor-element elementor-element-c0c6be2\" data-id=\"c0c6be2\" data-element_type=\"column\" data-e-type=\"column\">\n\t\t\t<div class=\"elementor-widget-wrap elementor-element-populated\">\n\t\t\t\t\t\t<div class=\"elementor-element elementor-element-255b5ac elementor-widget elementor-widget-spacer\" data-id=\"255b5ac\" data-element_type=\"widget\" data-e-type=\"widget\" data-widget_type=\"spacer.default\">\n\t\t\t\t<div class=\"elementor-widget-container\">\n\t\t\t\t\t\t\t<div class=\"elementor-spacer\">\n\t\t\t<div class=\"elementor-spacer-inner\"><\/div>\n\t\t<\/div>\n\t\t\t\t\t\t<\/div>\n\t\t\t\t<\/div>\n\t\t\t\t\t<\/div>\n\t\t<\/div>\n\t\t\t\t\t<\/div>\n\t\t<\/section>\n\t\t\t\t<\/div>","protected":false},"excerpt":{"rendered":"<p>Contatti Mettetevi in contatto con il nostro servizio clienti. Se hai dubbi e\/o domande, contattaci via WhatsApp. Indirizzo WhatsApp Distretto di Sants-Montju\u00efc 08028 Barcellona Numero del servizio clienti +34 649 76 80 63 (solo WhatsApp) Inviaci un messaggio Email elpatronvintage@gmail.com<\/p>","protected":false},"author":1,"featured_media":0,"parent":0,"menu_order":0,"comment_status":"closed","ping_status":"closed","template":"","meta":{"footnotes":""},"class_list":["post-3711","page","type-page","status-publish","hentry"],"yoast_head":"<!-- This site is optimized with the Yoast SEO plugin v26.8 - https:\/\/yoast.com\/product\/yoast-seo-wordpress\/ -->\n<title>Wholesale Espa\u00f1a | Contacto | El Patr\u00f3n Vintage<\/title>\n<meta name=\"description\" content=\"Si tienes alguna duda\/consulta cont\u00e1ctanos. En El Patr\u00f3n Vintage estamos listos para ayudarte. Compra lote de ropa vintage en Barcelona.\" \/>\n<meta name=\"robots\" content=\"index, follow, max-snippet:-1, max-image-preview:large, max-video-preview:-1\" \/>\n<link rel=\"canonical\" href=\"https:\/\/elpatronvintage.com\/it\/contatto\/\" \/>\n<meta property=\"og:locale\" content=\"it_IT\" \/>\n<meta property=\"og:type\" content=\"article\" \/>\n<meta property=\"og:title\" content=\"Wholesale Espa\u00f1a | Contacto | El Patr\u00f3n Vintage\" \/>\n<meta property=\"og:description\" content=\"Si tienes alguna duda\/consulta cont\u00e1ctanos. En El Patr\u00f3n Vintage estamos listos para ayudarte. Compra lote de ropa vintage en Barcelona.\" \/>\n<meta property=\"og:url\" content=\"https:\/\/elpatronvintage.com\/it\/contatto\/\" \/>\n<meta property=\"og:site_name\" content=\"elpatronvintage.com\" \/>\n<meta property=\"article:modified_time\" content=\"2024-06-28T13:15:20+00:00\" \/>\n<meta name=\"twitter:card\" content=\"summary_large_image\" \/>\n<meta name=\"twitter:label1\" content=\"Tempo di lettura stimato\" \/>\n\t<meta name=\"twitter:data1\" content=\"1 minuto\" \/>\n<script type=\"application\/ld+json\" class=\"yoast-schema-graph\">{\"@context\":\"https:\/\/schema.org\",\"@graph\":[{\"@type\":\"WebPage\",\"@id\":\"https:\/\/elpatronvintage.com\/contacto\/\",\"url\":\"https:\/\/elpatronvintage.com\/contacto\/\",\"name\":\"Wholesale Espa\u00f1a | Contacto | El Patr\u00f3n Vintage\",\"isPartOf\":{\"@id\":\"https:\/\/elpatronvintage.com\/#website\"},\"datePublished\":\"2023-01-18T10:57:48+00:00\",\"dateModified\":\"2024-06-28T13:15:20+00:00\",\"description\":\"Si tienes alguna duda\/consulta cont\u00e1ctanos. En El Patr\u00f3n Vintage estamos listos para ayudarte. Compra lote de ropa vintage en Barcelona.\",\"breadcrumb\":{\"@id\":\"https:\/\/elpatronvintage.com\/contacto\/#breadcrumb\"},\"inLanguage\":\"it-IT\",\"potentialAction\":[{\"@type\":\"ReadAction\",\"target\":[\"https:\/\/elpatronvintage.com\/contacto\/\"]}]},{\"@type\":\"BreadcrumbList\",\"@id\":\"https:\/\/elpatronvintage.com\/contacto\/#breadcrumb\",\"itemListElement\":[{\"@type\":\"ListItem\",\"position\":1,\"name\":\"Portada\",\"item\":\"https:\/\/elpatronvintage.com\/it\/\"},{\"@type\":\"ListItem\",\"position\":2,\"name\":\"Contacto\"}]},{\"@type\":\"WebSite\",\"@id\":\"https:\/\/elpatronvintage.com\/#website\",\"url\":\"https:\/\/elpatronvintage.com\/\",\"name\":\"EL PATR\u00d3N VINTAGE WHOLESALE | Proveedores de ropa vintage\",\"description\":\"El Patr\u00f3n Vintage CLOTHING WHOLESALE\",\"publisher\":{\"@id\":\"https:\/\/elpatronvintage.com\/#organization\"},\"alternateName\":\"Ropa Vintage al Por Mayor\",\"potentialAction\":[{\"@type\":\"SearchAction\",\"target\":{\"@type\":\"EntryPoint\",\"urlTemplate\":\"https:\/\/elpatronvintage.com\/?s={search_term_string}\"},\"query-input\":{\"@type\":\"PropertyValueSpecification\",\"valueRequired\":true,\"valueName\":\"search_term_string\"}}],\"inLanguage\":\"it-IT\"},{\"@type\":\"Organization\",\"@id\":\"https:\/\/elpatronvintage.com\/#organization\",\"name\":\"EL PATR\u00d3N VINTAGE WHOLESALE | Proveedores de ropa vintage\",\"url\":\"https:\/\/elpatronvintage.com\/\",\"logo\":{\"@type\":\"ImageObject\",\"inLanguage\":\"it-IT\",\"@id\":\"https:\/\/elpatronvintage.com\/#\/schema\/logo\/image\/\",\"url\":\"http:\/\/elpatronvintage.com\/wp-content\/uploads\/2023\/01\/logo-web.webp\",\"contentUrl\":\"http:\/\/elpatronvintage.com\/wp-content\/uploads\/2023\/01\/logo-web.webp\",\"width\":961,\"height\":598,\"caption\":\"EL PATR\u00d3N VINTAGE WHOLESALE | Proveedores de ropa vintage\"},\"image\":{\"@id\":\"https:\/\/elpatronvintage.com\/#\/schema\/logo\/image\/\"}}]}<\/script>\n<!-- \/ Yoast SEO plugin. -->","yoast_head_json":{"title":"Ingrosso Espa\u00f1a | Contatto | El Patr\u00f3n Vintage","description":"Se avete dubbi o domande, contattateci. A El Patr\u00f3n Vintage siamo pronti ad aiutarvi. Acquistate molti abiti vintage a Barcellona.","robots":{"index":"index","follow":"follow","max-snippet":"max-snippet:-1","max-image-preview":"max-image-preview:large","max-video-preview":"max-video-preview:-1"},"canonical":"https:\/\/elpatronvintage.com\/it\/contatto\/","og_locale":"it_IT","og_type":"article","og_title":"Wholesale Espa\u00f1a | Contacto | El Patr\u00f3n Vintage","og_description":"Si tienes alguna duda\/consulta cont\u00e1ctanos. En El Patr\u00f3n Vintage estamos listos para ayudarte. Compra lote de ropa vintage en Barcelona.","og_url":"https:\/\/elpatronvintage.com\/it\/contatto\/","og_site_name":"elpatronvintage.com","article_modified_time":"2024-06-28T13:15:20+00:00","twitter_card":"summary_large_image","twitter_misc":{"Tempo di lettura stimato":"1 minuto"},"schema":{"@context":"https:\/\/schema.org","@graph":[{"@type":"WebPage","@id":"https:\/\/elpatronvintage.com\/contacto\/","url":"https:\/\/elpatronvintage.com\/contacto\/","name":"Ingrosso Espa\u00f1a | Contatto | El Patr\u00f3n Vintage","isPartOf":{"@id":"https:\/\/elpatronvintage.com\/#website"},"datePublished":"2023-01-18T10:57:48+00:00","dateModified":"2024-06-28T13:15:20+00:00","description":"Se avete dubbi o domande, contattateci. A El Patr\u00f3n Vintage siamo pronti ad aiutarvi. Acquistate molti abiti vintage a Barcellona.","breadcrumb":{"@id":"https:\/\/elpatronvintage.com\/contacto\/#breadcrumb"},"inLanguage":"it-IT","potentialAction":[{"@type":"ReadAction","target":["https:\/\/elpatronvintage.com\/contacto\/"]}]},{"@type":"BreadcrumbList","@id":"https:\/\/elpatronvintage.com\/contacto\/#breadcrumb","itemListElement":[{"@type":"ListItem","position":1,"name":"Portada","item":"https:\/\/elpatronvintage.com\/it\/"},{"@type":"ListItem","position":2,"name":"Contacto"}]},{"@type":"WebSite","@id":"https:\/\/elpatronvintage.com\/#website","url":"https:\/\/elpatronvintage.com\/","name":"IL PATTERN WHOLESALE VINTAGE | Fornitori di abbigliamento vintage","description":"Il modello vintage di CLOTHING WHOLESALE","publisher":{"@id":"https:\/\/elpatronvintage.com\/#organization"},"alternateName":"Ropa Vintage al Por Mayor","potentialAction":[{"@type":"SearchAction","target":{"@type":"EntryPoint","urlTemplate":"https:\/\/elpatronvintage.com\/?s={search_term_string}"},"query-input":{"@type":"PropertyValueSpecification","valueRequired":true,"valueName":"search_term_string"}}],"inLanguage":"it-IT"},{"@type":"Organization","@id":"https:\/\/elpatronvintage.com\/#organization","name":"IL PATTERN WHOLESALE VINTAGE | Fornitori di abbigliamento vintage","url":"https:\/\/elpatronvintage.com\/","logo":{"@type":"ImageObject","inLanguage":"it-IT","@id":"https:\/\/elpatronvintage.com\/#\/schema\/logo\/image\/","url":"http:\/\/elpatronvintage.com\/wp-content\/uploads\/2023\/01\/logo-web.webp","contentUrl":"http:\/\/elpatronvintage.com\/wp-content\/uploads\/2023\/01\/logo-web.webp","width":961,"height":598,"caption":"EL PATR\u00d3N VINTAGE WHOLESALE | Proveedores de ropa vintage"},"image":{"@id":"https:\/\/elpatronvintage.com\/#\/schema\/logo\/image\/"}}]}},"_links":{"self":[{"href":"http:\/\/elpatronvintage.com\/it\/wp-json\/wp\/v2\/pages\/3711","targetHints":{"allow":["GET"]}}],"collection":[{"href":"http:\/\/elpatronvintage.com\/it\/wp-json\/wp\/v2\/pages"}],"about":[{"href":"http:\/\/elpatronvintage.com\/it\/wp-json\/wp\/v2\/types\/page"}],"author":[{"embeddable":true,"href":"http:\/\/elpatronvintage.com\/it\/wp-json\/wp\/v2\/users\/1"}],"replies":[{"embeddable":true,"href":"http:\/\/elpatronvintage.com\/it\/wp-json\/wp\/v2\/comments?post=3711"}],"version-history":[{"count":8,"href":"http:\/\/elpatronvintage.com\/it\/wp-json\/wp\/v2\/pages\/3711\/revisions"}],"predecessor-version":[{"id":9066,"href":"http:\/\/elpatronvintage.com\/it\/wp-json\/wp\/v2\/pages\/3711\/revisions\/9066"}],"wp:attachment":[{"href":"http:\/\/elpatronvintage.com\/it\/wp-json\/wp\/v2\/media?parent=3711"}],"curies":[{"name":"wp","href":"https:\/\/api.w.org\/{rel}","templated":true}]}}