{"id":5395,"date":"2024-01-18T16:46:30","date_gmt":"2024-01-18T14:46:30","guid":{"rendered":"https:\/\/elpatronvintage.com\/?post_type=product&#038;p=5395"},"modified":"2025-12-02T12:33:50","modified_gmt":"2025-12-02T10:33:50","slug":"paquet-dor","status":"publish","type":"product","link":"http:\/\/elpatronvintage.com\/fr\/produit\/paquet-dor\/","title":{"rendered":"Paquet d'or"},"content":{"rendered":"","protected":false},"excerpt":{"rendered":"<p><strong>Exclusive Gold Pack par unit\u00e9<\/strong><\/p>\n<p>Notre <strong>Pack d'or exclusif<\/strong> vous offre notre <strong>meilleure qualit\u00e9<\/strong> disponibles, des v\u00eatements soigneusement s\u00e9lectionn\u00e9s pour garantir un excellent rapport qualit\u00e9-prix. Ce lot comprend un <strong>vari\u00e9t\u00e9 de v\u00eatements<\/strong>\u00a0dans les cat\u00e9gories les plus recherch\u00e9es :\u00a0<strong>maillots<\/strong>,\u00a0<strong>vestes \u00e9paisses<\/strong>,\u00a0<strong>sweatshirts<\/strong>,\u00a0<strong>gilets de piste<\/strong>,\u00a0<strong>pantalon de surv\u00eatement<\/strong>,\u00a0<strong>Levi's<\/strong>,\u00a0<strong>T-shirts<\/strong>et bien plus encore !<\/p>\n<p><strong>Stock limit\u00e9<\/strong>Les lots disponibles seront tr\u00e8s peu nombreux ! Ne manquez pas l'occasion de mettre la main sur cette s\u00e9lection exclusive.<\/p>\n<p><strong>Marques en vedette<\/strong>Nike, Adidas, Ralph Lauren, Lacoste, North Face, Burberry, Dickies, Carhartt et bien d'autres.<\/p>\n<p><strong>Tailles<\/strong>: A partir de <strong>XS \u00e0 XXL<\/strong>(Vari\u00e9t\u00e9 incluse)<\/p>\n<p>(les vid\u00e9os ne sont que des exemples du type de v\u00eatements qui peuvent \u00eatre contenus dans le lot).<\/p>\n<p><strong>QUALIT\u00c9 A+<\/strong><\/p>\n<p><strong>LIVRAISON GRATUITE 24\/48H DANS TOUTE L'ESPAGNE.\u00a0<\/strong><\/p>\n<p><strong>EXP\u00c9DITION EN 48\/72H DANS TOUTE L'EUROPE<\/strong><\/p>","protected":false},"featured_media":13725,"comment_status":"open","ping_status":"closed","template":"","meta":[],"product_brand":[],"product_cat":[220,221,16],"product_tag":[],"class_list":{"0":"post-5395","1":"product","2":"type-product","3":"status-publish","4":"has-post-thumbnail","6":"product_cat-lote-mix","7":"product_cat-marcas","8":"product_cat-allproducts","10":"first","11":"instock","12":"taxable","13":"shipping-taxable","14":"purchasable","15":"product-type-simple"},"yoast_head":"<!-- This site is optimized with the Yoast SEO plugin v26.8 - https:\/\/yoast.com\/product\/yoast-seo-wordpress\/ -->\n<title>Gold Pack - elpatronvintage.com<\/title>\n<meta name=\"robots\" content=\"index, follow, max-snippet:-1, max-image-preview:large, max-video-preview:-1\" \/>\n<link rel=\"canonical\" href=\"http:\/\/elpatronvintage.com\/fr\/produit\/paquet-dor\/\" \/>\n<meta property=\"og:locale\" content=\"fr_FR\" \/>\n<meta property=\"og:type\" content=\"article\" \/>\n<meta property=\"og:title\" content=\"Gold Pack - elpatronvintage.com\" \/>\n<meta property=\"og:description\" content=\"Lote Exclusivo Gold Pack por unidades  Nuestro Lote Exclusivo Gold Pack te ofrece nuestra mejor calidad disponible, prendas cuidadosamente seleccionadas para garantizar una excelente rentabilidad. Este lote incluye una variedad de prendas\u00a0dentro de las categor\u00edas m\u00e1s demandadas:\u00a0jerseys,\u00a0chaquetas gruesas,\u00a0sudaderas,\u00a0trackjackets,\u00a0trackpants,\u00a0Levi&#039;s,\u00a0camisetas, \u00a1y mucho m\u00e1s!  Stock limitado: \u00a1Habr\u00e1n muy pocos lotes disponibles! No pierdas la oportunidad de hacerte con esta exclusiva selecci\u00f3n.  Marcas destacadas: Nike, Adidas, Ralph Lauren, Lacoste, North Face, Burberry, Dickies, Carhartt, y muchas otras.  Tallas: De XS a XXL. (Variedad incluida)  (los videos son solo ejemplos del tipo de ropa que puede contener el lote)  CALIDAD A+  ENV\u00cdOS GRATIS 24\/48H EN TODA ESPA\u00d1A.\u00a0  ENV\u00cdOS 48\/72H EN TODA EUROPA\" \/>\n<meta property=\"og:url\" content=\"http:\/\/elpatronvintage.com\/fr\/produit\/paquet-dor\/\" \/>\n<meta property=\"og:site_name\" content=\"elpatronvintage.com\" \/>\n<meta property=\"article:modified_time\" content=\"2025-12-02T10:33:50+00:00\" \/>\n<meta property=\"og:image\" content=\"http:\/\/elpatronvintage.com\/wp-content\/uploads\/2024\/01\/1-14.webp\" \/>\n\t<meta property=\"og:image:width\" content=\"977\" \/>\n\t<meta property=\"og:image:height\" content=\"1260\" \/>\n\t<meta property=\"og:image:type\" content=\"image\/webp\" \/>\n<meta name=\"twitter:card\" content=\"summary_large_image\" \/>\n<meta name=\"twitter:label1\" content=\"Dur\u00e9e de lecture estim\u00e9e\" \/>\n\t<meta name=\"twitter:data1\" content=\"1 minute\" \/>\n<script type=\"application\/ld+json\" class=\"yoast-schema-graph\">{\"@context\":\"https:\/\/schema.org\",\"@graph\":[{\"@type\":\"WebPage\",\"@id\":\"http:\/\/elpatronvintage.com\/it\/prodotto\/pacchetto-oro\/\",\"url\":\"http:\/\/elpatronvintage.com\/it\/prodotto\/pacchetto-oro\/\",\"name\":\"Gold Pack - elpatronvintage.com\",\"isPartOf\":{\"@id\":\"https:\/\/elpatronvintage.com\/#website\"},\"primaryImageOfPage\":{\"@id\":\"http:\/\/elpatronvintage.com\/it\/prodotto\/pacchetto-oro\/#primaryimage\"},\"image\":{\"@id\":\"http:\/\/elpatronvintage.com\/it\/prodotto\/pacchetto-oro\/#primaryimage\"},\"thumbnailUrl\":\"http:\/\/elpatronvintage.com\/wp-content\/uploads\/2024\/01\/1-14.webp\",\"datePublished\":\"2024-01-18T14:46:30+00:00\",\"dateModified\":\"2025-12-02T10:33:50+00:00\",\"breadcrumb\":{\"@id\":\"http:\/\/elpatronvintage.com\/it\/prodotto\/pacchetto-oro\/#breadcrumb\"},\"inLanguage\":\"fr-FR\",\"potentialAction\":[{\"@type\":\"ReadAction\",\"target\":[\"http:\/\/elpatronvintage.com\/it\/prodotto\/pacchetto-oro\/\"]}]},{\"@type\":\"ImageObject\",\"inLanguage\":\"fr-FR\",\"@id\":\"http:\/\/elpatronvintage.com\/it\/prodotto\/pacchetto-oro\/#primaryimage\",\"url\":\"http:\/\/elpatronvintage.com\/wp-content\/uploads\/2024\/01\/1-14.webp\",\"contentUrl\":\"http:\/\/elpatronvintage.com\/wp-content\/uploads\/2024\/01\/1-14.webp\",\"width\":977,\"height\":1260},{\"@type\":\"BreadcrumbList\",\"@id\":\"http:\/\/elpatronvintage.com\/it\/prodotto\/pacchetto-oro\/#breadcrumb\",\"itemListElement\":[{\"@type\":\"ListItem\",\"position\":1,\"name\":\"Portada\",\"item\":\"https:\/\/elpatronvintage.com\/it\/\"},{\"@type\":\"ListItem\",\"position\":2,\"name\":\"Lote de Ropa Vintage\",\"item\":\"http:\/\/elpatronvintage.com\/shop\/\"},{\"@type\":\"ListItem\",\"position\":3,\"name\":\"Gold Pack\"}]},{\"@type\":\"WebSite\",\"@id\":\"https:\/\/elpatronvintage.com\/#website\",\"url\":\"https:\/\/elpatronvintage.com\/\",\"name\":\"EL PATR\u00d3N VINTAGE WHOLESALE | Proveedores de ropa vintage\",\"description\":\"El Patr\u00f3n Vintage CLOTHING WHOLESALE\",\"publisher\":{\"@id\":\"https:\/\/elpatronvintage.com\/#organization\"},\"alternateName\":\"Ropa Vintage al Por Mayor\",\"potentialAction\":[{\"@type\":\"SearchAction\",\"target\":{\"@type\":\"EntryPoint\",\"urlTemplate\":\"https:\/\/elpatronvintage.com\/?s={search_term_string}\"},\"query-input\":{\"@type\":\"PropertyValueSpecification\",\"valueRequired\":true,\"valueName\":\"search_term_string\"}}],\"inLanguage\":\"fr-FR\"},{\"@type\":\"Organization\",\"@id\":\"https:\/\/elpatronvintage.com\/#organization\",\"name\":\"EL PATR\u00d3N VINTAGE WHOLESALE | Proveedores de ropa vintage\",\"url\":\"https:\/\/elpatronvintage.com\/\",\"logo\":{\"@type\":\"ImageObject\",\"inLanguage\":\"fr-FR\",\"@id\":\"https:\/\/elpatronvintage.com\/#\/schema\/logo\/image\/\",\"url\":\"http:\/\/elpatronvintage.com\/wp-content\/uploads\/2023\/01\/logo-web.webp\",\"contentUrl\":\"http:\/\/elpatronvintage.com\/wp-content\/uploads\/2023\/01\/logo-web.webp\",\"width\":961,\"height\":598,\"caption\":\"EL PATR\u00d3N VINTAGE WHOLESALE | Proveedores de ropa vintage\"},\"image\":{\"@id\":\"https:\/\/elpatronvintage.com\/#\/schema\/logo\/image\/\"}}]}<\/script>\n<!-- \/ Yoast SEO plugin. -->","yoast_head_json":{"title":"Paquet d'or - elpatronvintage.com","robots":{"index":"index","follow":"follow","max-snippet":"max-snippet:-1","max-image-preview":"max-image-preview:large","max-video-preview":"max-video-preview:-1"},"canonical":"http:\/\/elpatronvintage.com\/fr\/produit\/paquet-dor\/","og_locale":"fr_FR","og_type":"article","og_title":"Gold Pack - elpatronvintage.com","og_description":"Lote Exclusivo Gold Pack por unidades  Nuestro Lote Exclusivo Gold Pack te ofrece nuestra mejor calidad disponible, prendas cuidadosamente seleccionadas para garantizar una excelente rentabilidad. Este lote incluye una variedad de prendas\u00a0dentro de las categor\u00edas m\u00e1s demandadas:\u00a0jerseys,\u00a0chaquetas gruesas,\u00a0sudaderas,\u00a0trackjackets,\u00a0trackpants,\u00a0Levi's,\u00a0camisetas, \u00a1y mucho m\u00e1s!  Stock limitado: \u00a1Habr\u00e1n muy pocos lotes disponibles! No pierdas la oportunidad de hacerte con esta exclusiva selecci\u00f3n.  Marcas destacadas: Nike, Adidas, Ralph Lauren, Lacoste, North Face, Burberry, Dickies, Carhartt, y muchas otras.  Tallas: De XS a XXL. (Variedad incluida)  (los videos son solo ejemplos del tipo de ropa que puede contener el lote)  CALIDAD A+  ENV\u00cdOS GRATIS 24\/48H EN TODA ESPA\u00d1A.\u00a0  ENV\u00cdOS 48\/72H EN TODA EUROPA","og_url":"http:\/\/elpatronvintage.com\/fr\/produit\/paquet-dor\/","og_site_name":"elpatronvintage.com","article_modified_time":"2025-12-02T10:33:50+00:00","og_image":[{"width":977,"height":1260,"url":"http:\/\/elpatronvintage.com\/wp-content\/uploads\/2024\/01\/1-14.webp","type":"image\/webp"}],"twitter_card":"summary_large_image","twitter_misc":{"Dur\u00e9e de lecture estim\u00e9e":"1 minute"},"schema":{"@context":"https:\/\/schema.org","@graph":[{"@type":"WebPage","@id":"http:\/\/elpatronvintage.com\/it\/prodotto\/pacchetto-oro\/","url":"http:\/\/elpatronvintage.com\/it\/prodotto\/pacchetto-oro\/","name":"Paquet d'or - elpatronvintage.com","isPartOf":{"@id":"https:\/\/elpatronvintage.com\/#website"},"primaryImageOfPage":{"@id":"http:\/\/elpatronvintage.com\/it\/prodotto\/pacchetto-oro\/#primaryimage"},"image":{"@id":"http:\/\/elpatronvintage.com\/it\/prodotto\/pacchetto-oro\/#primaryimage"},"thumbnailUrl":"http:\/\/elpatronvintage.com\/wp-content\/uploads\/2024\/01\/1-14.webp","datePublished":"2024-01-18T14:46:30+00:00","dateModified":"2025-12-02T10:33:50+00:00","breadcrumb":{"@id":"http:\/\/elpatronvintage.com\/it\/prodotto\/pacchetto-oro\/#breadcrumb"},"inLanguage":"fr-FR","potentialAction":[{"@type":"ReadAction","target":["http:\/\/elpatronvintage.com\/it\/prodotto\/pacchetto-oro\/"]}]},{"@type":"ImageObject","inLanguage":"fr-FR","@id":"http:\/\/elpatronvintage.com\/it\/prodotto\/pacchetto-oro\/#primaryimage","url":"http:\/\/elpatronvintage.com\/wp-content\/uploads\/2024\/01\/1-14.webp","contentUrl":"http:\/\/elpatronvintage.com\/wp-content\/uploads\/2024\/01\/1-14.webp","width":977,"height":1260},{"@type":"BreadcrumbList","@id":"http:\/\/elpatronvintage.com\/it\/prodotto\/pacchetto-oro\/#breadcrumb","itemListElement":[{"@type":"ListItem","position":1,"name":"Portada","item":"https:\/\/elpatronvintage.com\/it\/"},{"@type":"ListItem","position":2,"name":"Lote de Ropa Vintage","item":"http:\/\/elpatronvintage.com\/shop\/"},{"@type":"ListItem","position":3,"name":"Gold Pack"}]},{"@type":"WebSite","@id":"https:\/\/elpatronvintage.com\/#website","url":"https:\/\/elpatronvintage.com\/","name":"THE WHOLESALE VINTAGE PATTERN | Fournisseurs de v\u00eatements vintage","description":"Le patron vintage de CLOTHING WHOLESALE","publisher":{"@id":"https:\/\/elpatronvintage.com\/#organization"},"alternateName":"Ropa Vintage al Por Mayor","potentialAction":[{"@type":"SearchAction","target":{"@type":"EntryPoint","urlTemplate":"https:\/\/elpatronvintage.com\/?s={search_term_string}"},"query-input":{"@type":"PropertyValueSpecification","valueRequired":true,"valueName":"search_term_string"}}],"inLanguage":"fr-FR"},{"@type":"Organization","@id":"https:\/\/elpatronvintage.com\/#organization","name":"THE WHOLESALE VINTAGE PATTERN | Fournisseurs de v\u00eatements vintage","url":"https:\/\/elpatronvintage.com\/","logo":{"@type":"ImageObject","inLanguage":"fr-FR","@id":"https:\/\/elpatronvintage.com\/#\/schema\/logo\/image\/","url":"http:\/\/elpatronvintage.com\/wp-content\/uploads\/2023\/01\/logo-web.webp","contentUrl":"http:\/\/elpatronvintage.com\/wp-content\/uploads\/2023\/01\/logo-web.webp","width":961,"height":598,"caption":"EL PATR\u00d3N VINTAGE WHOLESALE | Proveedores de ropa vintage"},"image":{"@id":"https:\/\/elpatronvintage.com\/#\/schema\/logo\/image\/"}}]}},"_links":{"self":[{"href":"http:\/\/elpatronvintage.com\/fr\/wp-json\/wp\/v2\/product\/5395","targetHints":{"allow":["GET"]}}],"collection":[{"href":"http:\/\/elpatronvintage.com\/fr\/wp-json\/wp\/v2\/product"}],"about":[{"href":"http:\/\/elpatronvintage.com\/fr\/wp-json\/wp\/v2\/types\/product"}],"replies":[{"embeddable":true,"href":"http:\/\/elpatronvintage.com\/fr\/wp-json\/wp\/v2\/comments?post=5395"}],"version-history":[{"count":11,"href":"http:\/\/elpatronvintage.com\/fr\/wp-json\/wp\/v2\/product\/5395\/revisions"}],"predecessor-version":[{"id":13728,"href":"http:\/\/elpatronvintage.com\/fr\/wp-json\/wp\/v2\/product\/5395\/revisions\/13728"}],"wp:featuredmedia":[{"embeddable":true,"href":"http:\/\/elpatronvintage.com\/fr\/wp-json\/wp\/v2\/media\/13725"}],"wp:attachment":[{"href":"http:\/\/elpatronvintage.com\/fr\/wp-json\/wp\/v2\/media?parent=5395"}],"wp:term":[{"taxonomy":"product_brand","embeddable":true,"href":"http:\/\/elpatronvintage.com\/fr\/wp-json\/wp\/v2\/product_brand?post=5395"},{"taxonomy":"product_cat","embeddable":true,"href":"http:\/\/elpatronvintage.com\/fr\/wp-json\/wp\/v2\/product_cat?post=5395"},{"taxonomy":"product_tag","embeddable":true,"href":"http:\/\/elpatronvintage.com\/fr\/wp-json\/wp\/v2\/product_tag?post=5395"}],"curies":[{"name":"wp","href":"https:\/\/api.w.org\/{rel}","templated":true}]}}