{"id":4348,"date":"2023-06-30T13:02:56","date_gmt":"2023-06-30T11:02:56","guid":{"rendered":"https:\/\/elpatronvintage.com\/?post_type=product&#038;p=4348"},"modified":"2025-11-20T16:05:47","modified_gmt":"2025-11-20T14:05:47","slug":"maillots-de-football","status":"publish","type":"product","link":"http:\/\/elpatronvintage.com\/fr\/produit\/maillots-de-football\/","title":{"rendered":"Maillots de football"},"content":{"rendered":"","protected":false},"excerpt":{"rendered":"<p><strong>Maillots de football vintage<\/strong><\/p>\n<p>Dans cette cat\u00e9gorie, vous trouverez un\u00a0<strong>large gamme de maillots de football<\/strong>qui couvrent la p\u00e9riode allant des ann\u00e9es\u00a0<strong>90<\/strong>\u00a0jusqu'\u00e0 aujourd'hui. Avec un\u00a0<strong>une s\u00e9lection unique<\/strong>\u00a0de T-shirts \u00e0 la fois\u00a0<strong>mill\u00e9sime<\/strong>\u00a0comme\u00a0<strong>moderne<\/strong>Chaque pi\u00e8ce capture l'esprit et l'histoire des \u00e9quipes les plus embl\u00e9matiques du football. Profitez-en\u00a0<strong>partenariats exclusifs<\/strong>\u00a0avec des marques de premier plan telles que\u00a0<strong>Nike<\/strong>,\u00a0<strong>Adidas<\/strong>,\u00a0<strong>Puma<\/strong>,\u00a0<strong>Kappa<\/strong> et toujours accompagn\u00e9s d'\u00e9quipes de football officielles.<\/p>\n<p>Ces T-shirts ne sont pas seulement parfaits pour les <strong>les amateurs de football<\/strong>mais aussi pour ceux qui recherchent une revente dans la cat\u00e9gorie sport.<\/p>\n<p><strong>Marques<\/strong>Nike, Adidas, Puma, Kappa, Asics, Umbro, Kelme, et bien d'autres encore.<\/p>\n<p><strong>Tailles :<\/strong> XS \u00e0 XXL (Assortis)<\/p>\n<p><strong>Revente : 20\u20ac-150\u20ac par unit\u00e9.<\/strong><\/p>\n<p><strong>QUALIT\u00c9 A. (cat\u00e9gorie sport)<\/strong><\/p>\n<p><strong>COMMANDE MINIMALE - 10 PI\u00c8CES<\/strong><\/p>\n<p><strong>LIVRAISON GRATUITE 24\/48h JOURS DANS TOUTE L'ESPAGNE<\/strong><\/p>\n<p><strong>EXP\u00c9DITION EN 48\/72H DANS TOUTE L'EUROPE<\/strong><\/p>","protected":false},"featured_media":4349,"comment_status":"open","ping_status":"closed","template":"","meta":[],"product_brand":[],"product_cat":[193,16],"product_tag":[],"class_list":{"0":"post-4348","1":"product","2":"type-product","3":"status-publish","4":"has-post-thumbnail","6":"product_cat-t-shirts","7":"product_cat-allproducts","9":"first","10":"instock","11":"taxable","12":"shipping-taxable","13":"purchasable","14":"product-type-simple"},"yoast_head":"<!-- This site is optimized with the Yoast SEO plugin v26.8 - https:\/\/yoast.com\/product\/yoast-seo-wordpress\/ -->\n<title>Camisetas de F\u00fatbol - elpatronvintage.com<\/title>\n<meta name=\"robots\" content=\"index, follow, max-snippet:-1, max-image-preview:large, max-video-preview:-1\" \/>\n<link rel=\"canonical\" href=\"http:\/\/elpatronvintage.com\/fr\/produit\/maillots-de-football\/\" \/>\n<meta property=\"og:locale\" content=\"fr_FR\" \/>\n<meta property=\"og:type\" content=\"article\" \/>\n<meta property=\"og:title\" content=\"Camisetas de F\u00fatbol - elpatronvintage.com\" \/>\n<meta property=\"og:description\" content=\"Camisetas de F\u00fatbol Vintage  En esta categor\u00eda encontrar\u00e1s una\u00a0gran variedad de camisetas de f\u00fatbol, que abarcan desde los a\u00f1os\u00a090\u00a0hasta la actualidad. Con una\u00a0selecci\u00f3n \u00fanica\u00a0de camisetas tanto\u00a0vintage\u00a0como\u00a0modernas, cada pieza captura el esp\u00edritu y la historia de los equipos m\u00e1s ic\u00f3nicos del f\u00fatbol. Disfruta de\u00a0colaboraciones exclusivas\u00a0con marcas l\u00edderes como\u00a0Nike,\u00a0Adidas,\u00a0Puma,\u00a0Kappa y siempre acompa\u00f1adas de equipos oficiales de f\u00fatbol.  Estas camisetas no solo son perfectas para los fan\u00e1ticos del f\u00fatbol, sino tambi\u00e9n para quienes buscan una reventa en categor\u00eda de deporte.  Marcas: Nike, Adidas, Puma, Kappa, Asics, Umbro, Kelme, y muchos m\u00e1s.  Tallas: XS a XXL (Variadas)  Reventa: 20\u20ac-150\u20ac por unidad.  CALIDAD A. (categor\u00eda deporte)  PEDIDO MINIMO - 10 PIEZAS  ENV\u00cdOS GRATIS DE 24\/48h D\u00cdAS EN TODA ESPA\u00d1A  ENV\u00cdOS 48\/72H EN TODA EUROPA\" \/>\n<meta property=\"og:url\" content=\"http:\/\/elpatronvintage.com\/fr\/produit\/maillots-de-football\/\" \/>\n<meta property=\"og:site_name\" content=\"elpatronvintage.com\" \/>\n<meta property=\"article:modified_time\" content=\"2025-11-20T14:05:47+00:00\" \/>\n<meta property=\"og:image\" content=\"http:\/\/elpatronvintage.com\/wp-content\/uploads\/2023\/06\/1-24.webp\" \/>\n\t<meta property=\"og:image:width\" content=\"977\" \/>\n\t<meta property=\"og:image:height\" content=\"1260\" \/>\n\t<meta property=\"og:image:type\" content=\"image\/webp\" \/>\n<meta name=\"twitter:card\" content=\"summary_large_image\" \/>\n<meta name=\"twitter:label1\" content=\"Dur\u00e9e de lecture estim\u00e9e\" \/>\n\t<meta name=\"twitter:data1\" content=\"1 minute\" \/>\n<script type=\"application\/ld+json\" class=\"yoast-schema-graph\">{\"@context\":\"https:\/\/schema.org\",\"@graph\":[{\"@type\":\"WebPage\",\"@id\":\"http:\/\/elpatronvintage.com\/product\/camisetas-futbol\/\",\"url\":\"http:\/\/elpatronvintage.com\/product\/camisetas-futbol\/\",\"name\":\"Camisetas de F\u00fatbol - elpatronvintage.com\",\"isPartOf\":{\"@id\":\"https:\/\/elpatronvintage.com\/#website\"},\"primaryImageOfPage\":{\"@id\":\"http:\/\/elpatronvintage.com\/product\/camisetas-futbol\/#primaryimage\"},\"image\":{\"@id\":\"http:\/\/elpatronvintage.com\/product\/camisetas-futbol\/#primaryimage\"},\"thumbnailUrl\":\"http:\/\/elpatronvintage.com\/wp-content\/uploads\/2023\/06\/1-24.webp\",\"datePublished\":\"2023-06-30T11:02:56+00:00\",\"dateModified\":\"2025-11-20T14:05:47+00:00\",\"breadcrumb\":{\"@id\":\"http:\/\/elpatronvintage.com\/product\/camisetas-futbol\/#breadcrumb\"},\"inLanguage\":\"fr-FR\",\"potentialAction\":[{\"@type\":\"ReadAction\",\"target\":[\"http:\/\/elpatronvintage.com\/product\/camisetas-futbol\/\"]}]},{\"@type\":\"ImageObject\",\"inLanguage\":\"fr-FR\",\"@id\":\"http:\/\/elpatronvintage.com\/product\/camisetas-futbol\/#primaryimage\",\"url\":\"http:\/\/elpatronvintage.com\/wp-content\/uploads\/2023\/06\/1-24.webp\",\"contentUrl\":\"http:\/\/elpatronvintage.com\/wp-content\/uploads\/2023\/06\/1-24.webp\",\"width\":977,\"height\":1260},{\"@type\":\"BreadcrumbList\",\"@id\":\"http:\/\/elpatronvintage.com\/product\/camisetas-futbol\/#breadcrumb\",\"itemListElement\":[{\"@type\":\"ListItem\",\"position\":1,\"name\":\"Portada\",\"item\":\"https:\/\/elpatronvintage.com\/it\/\"},{\"@type\":\"ListItem\",\"position\":2,\"name\":\"Lote de Ropa Vintage\",\"item\":\"http:\/\/elpatronvintage.com\/shop\/\"},{\"@type\":\"ListItem\",\"position\":3,\"name\":\"Camisetas de F\u00fatbol\"}]},{\"@type\":\"WebSite\",\"@id\":\"https:\/\/elpatronvintage.com\/#website\",\"url\":\"https:\/\/elpatronvintage.com\/\",\"name\":\"EL PATR\u00d3N VINTAGE WHOLESALE | Proveedores de ropa vintage\",\"description\":\"El Patr\u00f3n Vintage CLOTHING WHOLESALE\",\"publisher\":{\"@id\":\"https:\/\/elpatronvintage.com\/#organization\"},\"alternateName\":\"Ropa Vintage al Por Mayor\",\"potentialAction\":[{\"@type\":\"SearchAction\",\"target\":{\"@type\":\"EntryPoint\",\"urlTemplate\":\"https:\/\/elpatronvintage.com\/?s={search_term_string}\"},\"query-input\":{\"@type\":\"PropertyValueSpecification\",\"valueRequired\":true,\"valueName\":\"search_term_string\"}}],\"inLanguage\":\"fr-FR\"},{\"@type\":\"Organization\",\"@id\":\"https:\/\/elpatronvintage.com\/#organization\",\"name\":\"EL PATR\u00d3N VINTAGE WHOLESALE | Proveedores de ropa vintage\",\"url\":\"https:\/\/elpatronvintage.com\/\",\"logo\":{\"@type\":\"ImageObject\",\"inLanguage\":\"fr-FR\",\"@id\":\"https:\/\/elpatronvintage.com\/#\/schema\/logo\/image\/\",\"url\":\"http:\/\/elpatronvintage.com\/wp-content\/uploads\/2023\/01\/logo-web.webp\",\"contentUrl\":\"http:\/\/elpatronvintage.com\/wp-content\/uploads\/2023\/01\/logo-web.webp\",\"width\":961,\"height\":598,\"caption\":\"EL PATR\u00d3N VINTAGE WHOLESALE | Proveedores de ropa vintage\"},\"image\":{\"@id\":\"https:\/\/elpatronvintage.com\/#\/schema\/logo\/image\/\"}}]}<\/script>\n<!-- \/ Yoast SEO plugin. -->","yoast_head_json":{"title":"Maillots de football - elpatronvintage.com","robots":{"index":"index","follow":"follow","max-snippet":"max-snippet:-1","max-image-preview":"max-image-preview:large","max-video-preview":"max-video-preview:-1"},"canonical":"http:\/\/elpatronvintage.com\/fr\/produit\/maillots-de-football\/","og_locale":"fr_FR","og_type":"article","og_title":"Camisetas de F\u00fatbol - elpatronvintage.com","og_description":"Camisetas de F\u00fatbol Vintage  En esta categor\u00eda encontrar\u00e1s una\u00a0gran variedad de camisetas de f\u00fatbol, que abarcan desde los a\u00f1os\u00a090\u00a0hasta la actualidad. Con una\u00a0selecci\u00f3n \u00fanica\u00a0de camisetas tanto\u00a0vintage\u00a0como\u00a0modernas, cada pieza captura el esp\u00edritu y la historia de los equipos m\u00e1s ic\u00f3nicos del f\u00fatbol. Disfruta de\u00a0colaboraciones exclusivas\u00a0con marcas l\u00edderes como\u00a0Nike,\u00a0Adidas,\u00a0Puma,\u00a0Kappa y siempre acompa\u00f1adas de equipos oficiales de f\u00fatbol.  Estas camisetas no solo son perfectas para los fan\u00e1ticos del f\u00fatbol, sino tambi\u00e9n para quienes buscan una reventa en categor\u00eda de deporte.  Marcas: Nike, Adidas, Puma, Kappa, Asics, Umbro, Kelme, y muchos m\u00e1s.  Tallas: XS a XXL (Variadas)  Reventa: 20\u20ac-150\u20ac por unidad.  CALIDAD A. (categor\u00eda deporte)  PEDIDO MINIMO - 10 PIEZAS  ENV\u00cdOS GRATIS DE 24\/48h D\u00cdAS EN TODA ESPA\u00d1A  ENV\u00cdOS 48\/72H EN TODA EUROPA","og_url":"http:\/\/elpatronvintage.com\/fr\/produit\/maillots-de-football\/","og_site_name":"elpatronvintage.com","article_modified_time":"2025-11-20T14:05:47+00:00","og_image":[{"width":977,"height":1260,"url":"http:\/\/elpatronvintage.com\/wp-content\/uploads\/2023\/06\/1-24.webp","type":"image\/webp"}],"twitter_card":"summary_large_image","twitter_misc":{"Dur\u00e9e de lecture estim\u00e9e":"1 minute"},"schema":{"@context":"https:\/\/schema.org","@graph":[{"@type":"WebPage","@id":"http:\/\/elpatronvintage.com\/product\/camisetas-futbol\/","url":"http:\/\/elpatronvintage.com\/product\/camisetas-futbol\/","name":"Maillots de football - elpatronvintage.com","isPartOf":{"@id":"https:\/\/elpatronvintage.com\/#website"},"primaryImageOfPage":{"@id":"http:\/\/elpatronvintage.com\/product\/camisetas-futbol\/#primaryimage"},"image":{"@id":"http:\/\/elpatronvintage.com\/product\/camisetas-futbol\/#primaryimage"},"thumbnailUrl":"http:\/\/elpatronvintage.com\/wp-content\/uploads\/2023\/06\/1-24.webp","datePublished":"2023-06-30T11:02:56+00:00","dateModified":"2025-11-20T14:05:47+00:00","breadcrumb":{"@id":"http:\/\/elpatronvintage.com\/product\/camisetas-futbol\/#breadcrumb"},"inLanguage":"fr-FR","potentialAction":[{"@type":"ReadAction","target":["http:\/\/elpatronvintage.com\/product\/camisetas-futbol\/"]}]},{"@type":"ImageObject","inLanguage":"fr-FR","@id":"http:\/\/elpatronvintage.com\/product\/camisetas-futbol\/#primaryimage","url":"http:\/\/elpatronvintage.com\/wp-content\/uploads\/2023\/06\/1-24.webp","contentUrl":"http:\/\/elpatronvintage.com\/wp-content\/uploads\/2023\/06\/1-24.webp","width":977,"height":1260},{"@type":"BreadcrumbList","@id":"http:\/\/elpatronvintage.com\/product\/camisetas-futbol\/#breadcrumb","itemListElement":[{"@type":"ListItem","position":1,"name":"Portada","item":"https:\/\/elpatronvintage.com\/it\/"},{"@type":"ListItem","position":2,"name":"Lote de Ropa Vintage","item":"http:\/\/elpatronvintage.com\/shop\/"},{"@type":"ListItem","position":3,"name":"Camisetas de F\u00fatbol"}]},{"@type":"WebSite","@id":"https:\/\/elpatronvintage.com\/#website","url":"https:\/\/elpatronvintage.com\/","name":"THE WHOLESALE VINTAGE PATTERN | Fournisseurs de v\u00eatements vintage","description":"Le patron vintage de CLOTHING WHOLESALE","publisher":{"@id":"https:\/\/elpatronvintage.com\/#organization"},"alternateName":"Ropa Vintage al Por Mayor","potentialAction":[{"@type":"SearchAction","target":{"@type":"EntryPoint","urlTemplate":"https:\/\/elpatronvintage.com\/?s={search_term_string}"},"query-input":{"@type":"PropertyValueSpecification","valueRequired":true,"valueName":"search_term_string"}}],"inLanguage":"fr-FR"},{"@type":"Organization","@id":"https:\/\/elpatronvintage.com\/#organization","name":"THE WHOLESALE VINTAGE PATTERN | Fournisseurs de v\u00eatements vintage","url":"https:\/\/elpatronvintage.com\/","logo":{"@type":"ImageObject","inLanguage":"fr-FR","@id":"https:\/\/elpatronvintage.com\/#\/schema\/logo\/image\/","url":"http:\/\/elpatronvintage.com\/wp-content\/uploads\/2023\/01\/logo-web.webp","contentUrl":"http:\/\/elpatronvintage.com\/wp-content\/uploads\/2023\/01\/logo-web.webp","width":961,"height":598,"caption":"EL PATR\u00d3N VINTAGE WHOLESALE | Proveedores de ropa vintage"},"image":{"@id":"https:\/\/elpatronvintage.com\/#\/schema\/logo\/image\/"}}]}},"_links":{"self":[{"href":"http:\/\/elpatronvintage.com\/fr\/wp-json\/wp\/v2\/product\/4348","targetHints":{"allow":["GET"]}}],"collection":[{"href":"http:\/\/elpatronvintage.com\/fr\/wp-json\/wp\/v2\/product"}],"about":[{"href":"http:\/\/elpatronvintage.com\/fr\/wp-json\/wp\/v2\/types\/product"}],"replies":[{"embeddable":true,"href":"http:\/\/elpatronvintage.com\/fr\/wp-json\/wp\/v2\/comments?post=4348"}],"version-history":[{"count":8,"href":"http:\/\/elpatronvintage.com\/fr\/wp-json\/wp\/v2\/product\/4348\/revisions"}],"predecessor-version":[{"id":13539,"href":"http:\/\/elpatronvintage.com\/fr\/wp-json\/wp\/v2\/product\/4348\/revisions\/13539"}],"wp:featuredmedia":[{"embeddable":true,"href":"http:\/\/elpatronvintage.com\/fr\/wp-json\/wp\/v2\/media\/4349"}],"wp:attachment":[{"href":"http:\/\/elpatronvintage.com\/fr\/wp-json\/wp\/v2\/media?parent=4348"}],"wp:term":[{"taxonomy":"product_brand","embeddable":true,"href":"http:\/\/elpatronvintage.com\/fr\/wp-json\/wp\/v2\/product_brand?post=4348"},{"taxonomy":"product_cat","embeddable":true,"href":"http:\/\/elpatronvintage.com\/fr\/wp-json\/wp\/v2\/product_cat?post=4348"},{"taxonomy":"product_tag","embeddable":true,"href":"http:\/\/elpatronvintage.com\/fr\/wp-json\/wp\/v2\/product_tag?post=4348"}],"curies":[{"name":"wp","href":"https:\/\/api.w.org\/{rel}","templated":true}]}}