{"id":4132,"date":"2023-06-28T12:11:00","date_gmt":"2023-06-28T10:11:00","guid":{"rendered":"https:\/\/elpatronvintage.com\/?post_type=product&#038;p=4132"},"modified":"2026-02-01T21:27:06","modified_gmt":"2026-02-01T19:27:06","slug":"chemises-de-marque","status":"publish","type":"product","link":"http:\/\/elpatronvintage.com\/fr\/produit\/chemises-de-marque\/","title":{"rendered":"Chemises de marque"},"content":{"rendered":"","protected":false},"excerpt":{"rendered":"<p><strong>Chemises de marque de qualit\u00e9 sup\u00e9rieure<\/strong><\/p>\n<p>Chemises vintage de <strong>des marques reconnues<\/strong>Les pi\u00e8ces authentiques, tri\u00e9es sur le volet et soigneusement s\u00e9lectionn\u00e9es sont disponibles par lots de 10 pi\u00e8ces ou plus.<br data-start=\"174\" data-end=\"177\" \/>Des v\u00eatements exclusifs d'excellente qualit\u00e9 et en excellent \u00e9tat, parfaits pour les entreprises qui souhaitent proposer des articles rentables, attrayants et joliment pr\u00e9sent\u00e9s.<\/p>\n<p><strong>Marques :<\/strong> Marques : Lacoste, Ralph Lauren, Burberry, Tommy Hilfiger, Levi's, Hugo Boss...<\/p>\n<p><strong>Tailles :<\/strong>\u00a0XS \u00e0 XL (Assortis)<\/p>\n<p><strong>Revente : 20\u20ac-40\u20ac par unit\u00e9.<\/strong><\/p>\n<p><strong>QUALIT\u00c9 A<\/strong><\/p>\n<p><strong>COMMANDE MINIMALE - 10 PI\u00c8CES<\/strong><\/p>\n<p><strong>LIVRAISON GRATUITE 24\/48H DANS TOUTE L'ESPAGNE<\/strong><\/p>\n<p><strong>EXP\u00c9DITION EN 48\/72H DANS TOUTE L'EUROPE<\/strong><\/p>","protected":false},"featured_media":4255,"comment_status":"open","ping_status":"closed","template":"","meta":[],"product_brand":[],"product_cat":[184,244,219,240,221,16],"product_tag":[],"class_list":{"0":"post-4132","1":"product","2":"type-product","3":"status-publish","4":"has-post-thumbnail","6":"product_cat-shirts-men","7":"product_cat-endofseason-sales","8":"product_cat-offer","9":"product_cat-ofertas-verano","10":"product_cat-marcas","11":"product_cat-allproducts","13":"first","14":"instock","15":"sale","16":"taxable","17":"shipping-taxable","18":"purchasable","19":"product-type-simple"},"yoast_head":"<!-- This site is optimized with the Yoast SEO plugin v26.8 - https:\/\/yoast.com\/product\/yoast-seo-wordpress\/ -->\n<title>Camisas de Marca - elpatronvintage.com<\/title>\n<meta name=\"robots\" content=\"index, follow, max-snippet:-1, max-image-preview:large, max-video-preview:-1\" \/>\n<link rel=\"canonical\" href=\"http:\/\/elpatronvintage.com\/fr\/produit\/chemises-de-marque\/\" \/>\n<meta property=\"og:locale\" content=\"fr_FR\" \/>\n<meta property=\"og:type\" content=\"article\" \/>\n<meta property=\"og:title\" content=\"Camisas de Marca - elpatronvintage.com\" \/>\n<meta property=\"og:description\" content=\"Camisas de Marcas Premium  Camisas vintage de marcas reconocidas, aut\u00e9nticas y cuidadosamente elegidas una por una, disponibles en lotes a partir de 10 unidades.Ropa exclusiva de excelente calidad y en \u00f3ptimas condiciones, perfecta para negocios que desean ofrecer art\u00edculos rentables, atractivos y con una presentaci\u00f3n distinguida.  Marcas: Lacoste, Ralph Lauren, Burberry, Tommy Hilfiger, Levi&#039;s, Hugo Boss...  Tallas:\u00a0XS a XL (Variadas)  Reventa: 20\u20ac-40\u20ac por unidad.  CALIDAD A  PEDIDO MINIMO - 10 PIEZAS  ENV\u00cdOS GRATIS 24\/48H EN TODA ESPA\u00d1A  ENV\u00cdOS 48\/72H EN TODA EUROPA\" \/>\n<meta property=\"og:url\" content=\"http:\/\/elpatronvintage.com\/fr\/produit\/chemises-de-marque\/\" \/>\n<meta property=\"og:site_name\" content=\"elpatronvintage.com\" \/>\n<meta property=\"article:modified_time\" content=\"2026-02-01T19:27:06+00:00\" \/>\n<meta property=\"og:image\" content=\"http:\/\/elpatronvintage.com\/wp-content\/uploads\/2023\/06\/1-3.webp\" \/>\n\t<meta property=\"og:image:width\" content=\"977\" \/>\n\t<meta property=\"og:image:height\" content=\"1260\" \/>\n\t<meta property=\"og:image:type\" content=\"image\/webp\" \/>\n<meta name=\"twitter:card\" content=\"summary_large_image\" \/>\n<meta name=\"twitter:label1\" content=\"Dur\u00e9e de lecture estim\u00e9e\" \/>\n\t<meta name=\"twitter:data1\" content=\"1 minute\" \/>\n<script type=\"application\/ld+json\" class=\"yoast-schema-graph\">{\"@context\":\"https:\/\/schema.org\",\"@graph\":[{\"@type\":\"WebPage\",\"@id\":\"http:\/\/elpatronvintage.com\/en\/product\/brand-shirts\/\",\"url\":\"http:\/\/elpatronvintage.com\/en\/product\/brand-shirts\/\",\"name\":\"Camisas de Marca - elpatronvintage.com\",\"isPartOf\":{\"@id\":\"https:\/\/elpatronvintage.com\/#website\"},\"primaryImageOfPage\":{\"@id\":\"http:\/\/elpatronvintage.com\/en\/product\/brand-shirts\/#primaryimage\"},\"image\":{\"@id\":\"http:\/\/elpatronvintage.com\/en\/product\/brand-shirts\/#primaryimage\"},\"thumbnailUrl\":\"http:\/\/elpatronvintage.com\/wp-content\/uploads\/2023\/06\/1-3.webp\",\"datePublished\":\"2023-06-28T10:11:00+00:00\",\"dateModified\":\"2026-02-01T19:27:06+00:00\",\"breadcrumb\":{\"@id\":\"http:\/\/elpatronvintage.com\/en\/product\/brand-shirts\/#breadcrumb\"},\"inLanguage\":\"fr-FR\",\"potentialAction\":[{\"@type\":\"ReadAction\",\"target\":[\"http:\/\/elpatronvintage.com\/en\/product\/brand-shirts\/\"]}]},{\"@type\":\"ImageObject\",\"inLanguage\":\"fr-FR\",\"@id\":\"http:\/\/elpatronvintage.com\/en\/product\/brand-shirts\/#primaryimage\",\"url\":\"http:\/\/elpatronvintage.com\/wp-content\/uploads\/2023\/06\/1-3.webp\",\"contentUrl\":\"http:\/\/elpatronvintage.com\/wp-content\/uploads\/2023\/06\/1-3.webp\",\"width\":977,\"height\":1260},{\"@type\":\"BreadcrumbList\",\"@id\":\"http:\/\/elpatronvintage.com\/en\/product\/brand-shirts\/#breadcrumb\",\"itemListElement\":[{\"@type\":\"ListItem\",\"position\":1,\"name\":\"Portada\",\"item\":\"https:\/\/elpatronvintage.com\/it\/\"},{\"@type\":\"ListItem\",\"position\":2,\"name\":\"Lote de Ropa Vintage\",\"item\":\"http:\/\/elpatronvintage.com\/shop\/\"},{\"@type\":\"ListItem\",\"position\":3,\"name\":\"Camisas de Marca\"}]},{\"@type\":\"WebSite\",\"@id\":\"https:\/\/elpatronvintage.com\/#website\",\"url\":\"https:\/\/elpatronvintage.com\/\",\"name\":\"EL PATR\u00d3N VINTAGE WHOLESALE | Proveedores de ropa vintage\",\"description\":\"El Patr\u00f3n Vintage CLOTHING WHOLESALE\",\"publisher\":{\"@id\":\"https:\/\/elpatronvintage.com\/#organization\"},\"alternateName\":\"Ropa Vintage al Por Mayor\",\"potentialAction\":[{\"@type\":\"SearchAction\",\"target\":{\"@type\":\"EntryPoint\",\"urlTemplate\":\"https:\/\/elpatronvintage.com\/?s={search_term_string}\"},\"query-input\":{\"@type\":\"PropertyValueSpecification\",\"valueRequired\":true,\"valueName\":\"search_term_string\"}}],\"inLanguage\":\"fr-FR\"},{\"@type\":\"Organization\",\"@id\":\"https:\/\/elpatronvintage.com\/#organization\",\"name\":\"EL PATR\u00d3N VINTAGE WHOLESALE | Proveedores de ropa vintage\",\"url\":\"https:\/\/elpatronvintage.com\/\",\"logo\":{\"@type\":\"ImageObject\",\"inLanguage\":\"fr-FR\",\"@id\":\"https:\/\/elpatronvintage.com\/#\/schema\/logo\/image\/\",\"url\":\"http:\/\/elpatronvintage.com\/wp-content\/uploads\/2023\/01\/logo-web.webp\",\"contentUrl\":\"http:\/\/elpatronvintage.com\/wp-content\/uploads\/2023\/01\/logo-web.webp\",\"width\":961,\"height\":598,\"caption\":\"EL PATR\u00d3N VINTAGE WHOLESALE | Proveedores de ropa vintage\"},\"image\":{\"@id\":\"https:\/\/elpatronvintage.com\/#\/schema\/logo\/image\/\"}}]}<\/script>\n<!-- \/ Yoast SEO plugin. -->","yoast_head_json":{"title":"Chemises de marque - elpatronvintage.com","robots":{"index":"index","follow":"follow","max-snippet":"max-snippet:-1","max-image-preview":"max-image-preview:large","max-video-preview":"max-video-preview:-1"},"canonical":"http:\/\/elpatronvintage.com\/fr\/produit\/chemises-de-marque\/","og_locale":"fr_FR","og_type":"article","og_title":"Camisas de Marca - elpatronvintage.com","og_description":"Camisas de Marcas Premium  Camisas vintage de marcas reconocidas, aut\u00e9nticas y cuidadosamente elegidas una por una, disponibles en lotes a partir de 10 unidades.Ropa exclusiva de excelente calidad y en \u00f3ptimas condiciones, perfecta para negocios que desean ofrecer art\u00edculos rentables, atractivos y con una presentaci\u00f3n distinguida.  Marcas: Lacoste, Ralph Lauren, Burberry, Tommy Hilfiger, Levi's, Hugo Boss...  Tallas:\u00a0XS a XL (Variadas)  Reventa: 20\u20ac-40\u20ac por unidad.  CALIDAD A  PEDIDO MINIMO - 10 PIEZAS  ENV\u00cdOS GRATIS 24\/48H EN TODA ESPA\u00d1A  ENV\u00cdOS 48\/72H EN TODA EUROPA","og_url":"http:\/\/elpatronvintage.com\/fr\/produit\/chemises-de-marque\/","og_site_name":"elpatronvintage.com","article_modified_time":"2026-02-01T19:27:06+00:00","og_image":[{"width":977,"height":1260,"url":"http:\/\/elpatronvintage.com\/wp-content\/uploads\/2023\/06\/1-3.webp","type":"image\/webp"}],"twitter_card":"summary_large_image","twitter_misc":{"Dur\u00e9e de lecture estim\u00e9e":"1 minute"},"schema":{"@context":"https:\/\/schema.org","@graph":[{"@type":"WebPage","@id":"http:\/\/elpatronvintage.com\/en\/product\/brand-shirts\/","url":"http:\/\/elpatronvintage.com\/en\/product\/brand-shirts\/","name":"Chemises de marque - elpatronvintage.com","isPartOf":{"@id":"https:\/\/elpatronvintage.com\/#website"},"primaryImageOfPage":{"@id":"http:\/\/elpatronvintage.com\/en\/product\/brand-shirts\/#primaryimage"},"image":{"@id":"http:\/\/elpatronvintage.com\/en\/product\/brand-shirts\/#primaryimage"},"thumbnailUrl":"http:\/\/elpatronvintage.com\/wp-content\/uploads\/2023\/06\/1-3.webp","datePublished":"2023-06-28T10:11:00+00:00","dateModified":"2026-02-01T19:27:06+00:00","breadcrumb":{"@id":"http:\/\/elpatronvintage.com\/en\/product\/brand-shirts\/#breadcrumb"},"inLanguage":"fr-FR","potentialAction":[{"@type":"ReadAction","target":["http:\/\/elpatronvintage.com\/en\/product\/brand-shirts\/"]}]},{"@type":"ImageObject","inLanguage":"fr-FR","@id":"http:\/\/elpatronvintage.com\/en\/product\/brand-shirts\/#primaryimage","url":"http:\/\/elpatronvintage.com\/wp-content\/uploads\/2023\/06\/1-3.webp","contentUrl":"http:\/\/elpatronvintage.com\/wp-content\/uploads\/2023\/06\/1-3.webp","width":977,"height":1260},{"@type":"BreadcrumbList","@id":"http:\/\/elpatronvintage.com\/en\/product\/brand-shirts\/#breadcrumb","itemListElement":[{"@type":"ListItem","position":1,"name":"Portada","item":"https:\/\/elpatronvintage.com\/it\/"},{"@type":"ListItem","position":2,"name":"Lote de Ropa Vintage","item":"http:\/\/elpatronvintage.com\/shop\/"},{"@type":"ListItem","position":3,"name":"Camisas de Marca"}]},{"@type":"WebSite","@id":"https:\/\/elpatronvintage.com\/#website","url":"https:\/\/elpatronvintage.com\/","name":"THE WHOLESALE VINTAGE PATTERN | Fournisseurs de v\u00eatements vintage","description":"Le patron vintage de CLOTHING WHOLESALE","publisher":{"@id":"https:\/\/elpatronvintage.com\/#organization"},"alternateName":"Ropa Vintage al Por Mayor","potentialAction":[{"@type":"SearchAction","target":{"@type":"EntryPoint","urlTemplate":"https:\/\/elpatronvintage.com\/?s={search_term_string}"},"query-input":{"@type":"PropertyValueSpecification","valueRequired":true,"valueName":"search_term_string"}}],"inLanguage":"fr-FR"},{"@type":"Organization","@id":"https:\/\/elpatronvintage.com\/#organization","name":"THE WHOLESALE VINTAGE PATTERN | Fournisseurs de v\u00eatements vintage","url":"https:\/\/elpatronvintage.com\/","logo":{"@type":"ImageObject","inLanguage":"fr-FR","@id":"https:\/\/elpatronvintage.com\/#\/schema\/logo\/image\/","url":"http:\/\/elpatronvintage.com\/wp-content\/uploads\/2023\/01\/logo-web.webp","contentUrl":"http:\/\/elpatronvintage.com\/wp-content\/uploads\/2023\/01\/logo-web.webp","width":961,"height":598,"caption":"EL PATR\u00d3N VINTAGE WHOLESALE | Proveedores de ropa vintage"},"image":{"@id":"https:\/\/elpatronvintage.com\/#\/schema\/logo\/image\/"}}]}},"_links":{"self":[{"href":"http:\/\/elpatronvintage.com\/fr\/wp-json\/wp\/v2\/product\/4132","targetHints":{"allow":["GET"]}}],"collection":[{"href":"http:\/\/elpatronvintage.com\/fr\/wp-json\/wp\/v2\/product"}],"about":[{"href":"http:\/\/elpatronvintage.com\/fr\/wp-json\/wp\/v2\/types\/product"}],"replies":[{"embeddable":true,"href":"http:\/\/elpatronvintage.com\/fr\/wp-json\/wp\/v2\/comments?post=4132"}],"version-history":[{"count":5,"href":"http:\/\/elpatronvintage.com\/fr\/wp-json\/wp\/v2\/product\/4132\/revisions"}],"predecessor-version":[{"id":13559,"href":"http:\/\/elpatronvintage.com\/fr\/wp-json\/wp\/v2\/product\/4132\/revisions\/13559"}],"wp:featuredmedia":[{"embeddable":true,"href":"http:\/\/elpatronvintage.com\/fr\/wp-json\/wp\/v2\/media\/4255"}],"wp:attachment":[{"href":"http:\/\/elpatronvintage.com\/fr\/wp-json\/wp\/v2\/media?parent=4132"}],"wp:term":[{"taxonomy":"product_brand","embeddable":true,"href":"http:\/\/elpatronvintage.com\/fr\/wp-json\/wp\/v2\/product_brand?post=4132"},{"taxonomy":"product_cat","embeddable":true,"href":"http:\/\/elpatronvintage.com\/fr\/wp-json\/wp\/v2\/product_cat?post=4132"},{"taxonomy":"product_tag","embeddable":true,"href":"http:\/\/elpatronvintage.com\/fr\/wp-json\/wp\/v2\/product_tag?post=4132"}],"curies":[{"name":"wp","href":"https:\/\/api.w.org\/{rel}","templated":true}]}}