{"id":9,"date":"2022-06-30T01:02:10","date_gmt":"2022-06-30T01:02:10","guid":{"rendered":"http:\/\/elpatronvintage.com\/?page_id=9"},"modified":"2022-06-30T01:02:11","modified_gmt":"2022-06-30T01:02:11","slug":"remboursements","status":"publish","type":"page","link":"http:\/\/elpatronvintage.com\/fr\/remboursements\/","title":{"rendered":"Politique de remboursement et de retour"},"content":{"rendered":"<p><\/p>\n\n\n\n<p><h3>Vue d'ensemble<\/h3><\/p>\n\n\n\n<p>Notre politique de remboursement et de retour dure 15 jours. Si 15 jours se sont \u00e9coul\u00e9s depuis votre achat, nous ne pouvons pas vous offrir un remboursement complet ou un \u00e9change.<\/p>\n\n\n\n<p>Pour pouvoir \u00eatre retourn\u00e9, votre article doit \u00eatre inutilis\u00e9 et dans le m\u00eame \u00e9tat que celui dans lequel vous l'avez re\u00e7u. Il doit \u00e9galement \u00eatre dans son emballage d'origine.<\/p>\n\n\n\n<p>Plusieurs types de marchandises ne peuvent pas \u00eatre retourn\u00e9s. Les produits p\u00e9rissables tels que la nourriture, les fleurs, les journaux ou les magazines ne peuvent pas \u00eatre retourn\u00e9s. Nous n'acceptons pas non plus les produits intimes ou sanitaires, les mati\u00e8res dangereuses, les liquides ou les gaz inflammables.<\/p>\n\n\n\n<p><\/p>\n\n\n\n<p><h2>Remboursements<\/h2><\/p>\n\n\n\n<p>Une fois votre retour re\u00e7u et inspect\u00e9, nous vous enverrons un courrier \u00e9lectronique pour vous informer que nous avons re\u00e7u votre article retourn\u00e9. Nous vous informerons \u00e9galement de l'approbation ou du refus de votre remboursement.<\/p>\n\n\n\n<p>Si votre demande est accept\u00e9e, votre remboursement sera trait\u00e9 et un cr\u00e9dit sera automatiquement appliqu\u00e9 \u00e0 votre carte de cr\u00e9dit ou \u00e0 votre mode de paiement initial, dans un d\u00e9lai de quelques jours.<\/p>\n\n\n\n<p><b>Remboursements tardifs ou manquants<\/b><\/p>\n\n\n\n<p>Si vous n'avez pas encore re\u00e7u de remboursement, v\u00e9rifiez d'abord votre compte bancaire.<\/p>\n\n\n\n<p>Contactez ensuite la soci\u00e9t\u00e9 \u00e9mettrice de votre carte de cr\u00e9dit, car il peut s'\u00e9couler un certain temps avant que votre remboursement ne soit officiellement comptabilis\u00e9.<\/p>\n\n\n\n<p>Contactez ensuite votre banque. Il y a souvent un d\u00e9lai de traitement avant que le remboursement ne soit comptabilis\u00e9.<\/p>\n\n\n\n<p>Si vous avez fait tout cela et que vous n'avez toujours pas re\u00e7u votre remboursement, veuillez nous contacter \u00e0 {adresse \u00e9lectronique}.<\/p>\n\n\n\n<p><b>Articles en vente<\/b><\/p>\n\n\n\n<p>Seuls les articles \u00e0 prix normal peuvent \u00eatre rembours\u00e9s. Les articles sold\u00e9s ne peuvent pas \u00eatre rembours\u00e9s.<\/p>\n\n\n\n<p><h2>\u00c9changes<\/h2><\/p>\n\n\n\n<p>Nous ne rempla\u00e7ons les articles que s'ils sont d\u00e9fectueux ou endommag\u00e9s. Si vous souhaitez l'\u00e9changer contre le m\u00eame article, envoyez-nous un courriel \u00e0 {adresse \u00e9lectronique} et envoyez votre article \u00e0 {adresse physique} : {adresse physique}.<\/p>\n\n\n\n<p><h2>Cadeaux<\/h2><\/p>\n\n\n\n<p>Si l'article a \u00e9t\u00e9 marqu\u00e9 comme cadeau lors de l'achat et qu'il vous a \u00e9t\u00e9 exp\u00e9di\u00e9 directement, vous recevrez un cr\u00e9dit-cadeau correspondant \u00e0 la valeur de votre retour. D\u00e8s r\u00e9ception de l'article retourn\u00e9, un ch\u00e8que-cadeau vous sera envoy\u00e9 par courrier.<\/p>\n\n\n\n<p>Si l'article n'\u00e9tait pas indiqu\u00e9 comme cadeau au moment de l'achat, ou si le destinataire du cadeau s'est fait exp\u00e9dier la commande pour vous l'offrir plus tard, nous enverrons un remboursement au destinataire du cadeau, qui sera inform\u00e9 de votre retour.<\/p>\n\n\n\n<p><h2>Retours d'exp\u00e9dition<\/h2><\/p>\n\n\n\n<p>Pour retourner votre produit, vous devez l'envoyer par courrier \u00e0 l'adresse suivante : {adresse physique}.<\/p>\n\n\n\n<p>Il vous incombe de payer vos propres frais d'exp\u00e9dition pour le retour de votre article. Les frais d'exp\u00e9dition ne sont pas remboursables. Si vous recevez un remboursement, les frais de retour seront d\u00e9duits de votre remboursement.<\/p>\n\n\n\n<p>Le d\u00e9lai d'acheminement du produit \u00e9chang\u00e9 peut varier en fonction de votre lieu de r\u00e9sidence.<\/p>\n\n\n\n<p>Si vous retournez des articles plus co\u00fbteux, vous pouvez envisager d'utiliser un service d'exp\u00e9dition avec suivi ou de souscrire une assurance d'exp\u00e9dition. Nous ne garantissons pas que nous recevrons l'article retourn\u00e9.<\/p>\n\n\n\n<p><h2>Besoin d'aide ?<\/h2><\/p>\n\n\n\n<p>Contactez-nous \u00e0 l'adresse elpatronvintage@gmail.com pour toute question relative aux remboursements et aux retours.<\/p>","protected":false},"excerpt":{"rendered":"<p>Overview Our refund and returns policy lasts 15 days. If 15 days have passed since your purchase, we can\u2019t offer you a full refund or exchange. To be eligible for a return, your item must be unused and in the same condition that you received it. It must also be in the original packaging. Several [&hellip;]<\/p>\n","protected":false},"author":1,"featured_media":0,"parent":0,"menu_order":0,"comment_status":"closed","ping_status":"closed","template":"","meta":{"footnotes":""},"class_list":["post-9","page","type-page","status-publish","hentry"],"yoast_head":"<!-- This site is optimized with the Yoast SEO plugin v26.8 - https:\/\/yoast.com\/product\/yoast-seo-wordpress\/ -->\n<title>Refund and Returns Policy - elpatronvintage.com<\/title>\n<meta name=\"robots\" content=\"index, follow, max-snippet:-1, max-image-preview:large, max-video-preview:-1\" \/>\n<link rel=\"canonical\" href=\"https:\/\/elpatronvintage.com\/fr\/remboursements\/\" \/>\n<meta property=\"og:locale\" content=\"fr_FR\" \/>\n<meta property=\"og:type\" content=\"article\" \/>\n<meta property=\"og:title\" content=\"Refund and Returns Policy - elpatronvintage.com\" \/>\n<meta property=\"og:description\" content=\"Overview Our refund and returns policy lasts 15 days. If 15 days have passed since your purchase, we can\u2019t offer you a full refund or exchange. To be eligible for a return, your item must be unused and in the same condition that you received it. It must also be in the original packaging. Several [&hellip;]\" \/>\n<meta property=\"og:url\" content=\"https:\/\/elpatronvintage.com\/fr\/remboursements\/\" \/>\n<meta property=\"og:site_name\" content=\"elpatronvintage.com\" \/>\n<meta property=\"article:modified_time\" content=\"2022-06-30T01:02:11+00:00\" \/>\n<meta name=\"twitter:card\" content=\"summary_large_image\" \/>\n<meta name=\"twitter:label1\" content=\"Dur\u00e9e de lecture estim\u00e9e\" \/>\n\t<meta name=\"twitter:data1\" content=\"2 minutes\" \/>\n<script type=\"application\/ld+json\" class=\"yoast-schema-graph\">{\"@context\":\"https:\/\/schema.org\",\"@graph\":[{\"@type\":\"WebPage\",\"@id\":\"https:\/\/elpatronvintage.com\/fr\/remboursements\/\",\"url\":\"https:\/\/elpatronvintage.com\/fr\/remboursements\/\",\"name\":\"Refund and Returns Policy - elpatronvintage.com\",\"isPartOf\":{\"@id\":\"https:\/\/elpatronvintage.com\/#website\"},\"datePublished\":\"2022-06-30T01:02:10+00:00\",\"dateModified\":\"2022-06-30T01:02:11+00:00\",\"breadcrumb\":{\"@id\":\"https:\/\/elpatronvintage.com\/fr\/remboursements\/#breadcrumb\"},\"inLanguage\":\"fr-FR\",\"potentialAction\":[{\"@type\":\"ReadAction\",\"target\":[\"https:\/\/elpatronvintage.com\/fr\/remboursements\/\"]}]},{\"@type\":\"BreadcrumbList\",\"@id\":\"https:\/\/elpatronvintage.com\/fr\/remboursements\/#breadcrumb\",\"itemListElement\":[{\"@type\":\"ListItem\",\"position\":1,\"name\":\"Portada\",\"item\":\"https:\/\/elpatronvintage.com\/it\/\"},{\"@type\":\"ListItem\",\"position\":2,\"name\":\"Refund and Returns Policy\"}]},{\"@type\":\"WebSite\",\"@id\":\"https:\/\/elpatronvintage.com\/#website\",\"url\":\"https:\/\/elpatronvintage.com\/\",\"name\":\"EL PATR\u00d3N VINTAGE WHOLESALE | Proveedores de ropa vintage\",\"description\":\"El Patr\u00f3n Vintage CLOTHING WHOLESALE\",\"publisher\":{\"@id\":\"https:\/\/elpatronvintage.com\/#organization\"},\"alternateName\":\"Ropa Vintage al Por Mayor\",\"potentialAction\":[{\"@type\":\"SearchAction\",\"target\":{\"@type\":\"EntryPoint\",\"urlTemplate\":\"https:\/\/elpatronvintage.com\/?s={search_term_string}\"},\"query-input\":{\"@type\":\"PropertyValueSpecification\",\"valueRequired\":true,\"valueName\":\"search_term_string\"}}],\"inLanguage\":\"fr-FR\"},{\"@type\":\"Organization\",\"@id\":\"https:\/\/elpatronvintage.com\/#organization\",\"name\":\"EL PATR\u00d3N VINTAGE WHOLESALE | Proveedores de ropa vintage\",\"url\":\"https:\/\/elpatronvintage.com\/\",\"logo\":{\"@type\":\"ImageObject\",\"inLanguage\":\"fr-FR\",\"@id\":\"https:\/\/elpatronvintage.com\/#\/schema\/logo\/image\/\",\"url\":\"http:\/\/elpatronvintage.com\/wp-content\/uploads\/2023\/01\/logo-web.webp\",\"contentUrl\":\"http:\/\/elpatronvintage.com\/wp-content\/uploads\/2023\/01\/logo-web.webp\",\"width\":961,\"height\":598,\"caption\":\"EL PATR\u00d3N VINTAGE WHOLESALE | Proveedores de ropa vintage\"},\"image\":{\"@id\":\"https:\/\/elpatronvintage.com\/#\/schema\/logo\/image\/\"}}]}<\/script>\n<!-- \/ Yoast SEO plugin. -->","yoast_head_json":{"title":"Politique de remboursement et de retour - elpatronvintage.com","robots":{"index":"index","follow":"follow","max-snippet":"max-snippet:-1","max-image-preview":"max-image-preview:large","max-video-preview":"max-video-preview:-1"},"canonical":"https:\/\/elpatronvintage.com\/fr\/remboursements\/","og_locale":"fr_FR","og_type":"article","og_title":"Refund and Returns Policy - elpatronvintage.com","og_description":"Overview Our refund and returns policy lasts 15 days. If 15 days have passed since your purchase, we can\u2019t offer you a full refund or exchange. To be eligible for a return, your item must be unused and in the same condition that you received it. It must also be in the original packaging. Several [&hellip;]","og_url":"https:\/\/elpatronvintage.com\/fr\/remboursements\/","og_site_name":"elpatronvintage.com","article_modified_time":"2022-06-30T01:02:11+00:00","twitter_card":"summary_large_image","twitter_misc":{"Dur\u00e9e de lecture estim\u00e9e":"2 minutes"},"schema":{"@context":"https:\/\/schema.org","@graph":[{"@type":"WebPage","@id":"https:\/\/elpatronvintage.com\/fr\/remboursements\/","url":"https:\/\/elpatronvintage.com\/fr\/remboursements\/","name":"Politique de remboursement et de retour - elpatronvintage.com","isPartOf":{"@id":"https:\/\/elpatronvintage.com\/#website"},"datePublished":"2022-06-30T01:02:10+00:00","dateModified":"2022-06-30T01:02:11+00:00","breadcrumb":{"@id":"https:\/\/elpatronvintage.com\/fr\/remboursements\/#breadcrumb"},"inLanguage":"fr-FR","potentialAction":[{"@type":"ReadAction","target":["https:\/\/elpatronvintage.com\/fr\/remboursements\/"]}]},{"@type":"BreadcrumbList","@id":"https:\/\/elpatronvintage.com\/fr\/remboursements\/#breadcrumb","itemListElement":[{"@type":"ListItem","position":1,"name":"Portada","item":"https:\/\/elpatronvintage.com\/it\/"},{"@type":"ListItem","position":2,"name":"Refund and Returns Policy"}]},{"@type":"WebSite","@id":"https:\/\/elpatronvintage.com\/#website","url":"https:\/\/elpatronvintage.com\/","name":"THE WHOLESALE VINTAGE PATTERN | Fournisseurs de v\u00eatements vintage","description":"Le patron vintage de CLOTHING WHOLESALE","publisher":{"@id":"https:\/\/elpatronvintage.com\/#organization"},"alternateName":"Ropa Vintage al Por Mayor","potentialAction":[{"@type":"SearchAction","target":{"@type":"EntryPoint","urlTemplate":"https:\/\/elpatronvintage.com\/?s={search_term_string}"},"query-input":{"@type":"PropertyValueSpecification","valueRequired":true,"valueName":"search_term_string"}}],"inLanguage":"fr-FR"},{"@type":"Organization","@id":"https:\/\/elpatronvintage.com\/#organization","name":"THE WHOLESALE VINTAGE PATTERN | Fournisseurs de v\u00eatements vintage","url":"https:\/\/elpatronvintage.com\/","logo":{"@type":"ImageObject","inLanguage":"fr-FR","@id":"https:\/\/elpatronvintage.com\/#\/schema\/logo\/image\/","url":"http:\/\/elpatronvintage.com\/wp-content\/uploads\/2023\/01\/logo-web.webp","contentUrl":"http:\/\/elpatronvintage.com\/wp-content\/uploads\/2023\/01\/logo-web.webp","width":961,"height":598,"caption":"EL PATR\u00d3N VINTAGE WHOLESALE | Proveedores de ropa vintage"},"image":{"@id":"https:\/\/elpatronvintage.com\/#\/schema\/logo\/image\/"}}]}},"_links":{"self":[{"href":"http:\/\/elpatronvintage.com\/fr\/wp-json\/wp\/v2\/pages\/9","targetHints":{"allow":["GET"]}}],"collection":[{"href":"http:\/\/elpatronvintage.com\/fr\/wp-json\/wp\/v2\/pages"}],"about":[{"href":"http:\/\/elpatronvintage.com\/fr\/wp-json\/wp\/v2\/types\/page"}],"author":[{"embeddable":true,"href":"http:\/\/elpatronvintage.com\/fr\/wp-json\/wp\/v2\/users\/1"}],"replies":[{"embeddable":true,"href":"http:\/\/elpatronvintage.com\/fr\/wp-json\/wp\/v2\/comments?post=9"}],"version-history":[{"count":1,"href":"http:\/\/elpatronvintage.com\/fr\/wp-json\/wp\/v2\/pages\/9\/revisions"}],"predecessor-version":[{"id":636,"href":"http:\/\/elpatronvintage.com\/fr\/wp-json\/wp\/v2\/pages\/9\/revisions\/636"}],"wp:attachment":[{"href":"http:\/\/elpatronvintage.com\/fr\/wp-json\/wp\/v2\/media?parent=9"}],"curies":[{"name":"wp","href":"https:\/\/api.w.org\/{rel}","templated":true}]}}