{"id":4402,"date":"2023-06-30T13:57:29","date_gmt":"2023-06-30T11:57:29","guid":{"rendered":"https:\/\/elpatronvintage.com\/?post_type=product&#038;p=4402"},"modified":"2026-03-26T12:19:55","modified_gmt":"2026-03-26T10:19:55","slug":"lot-mix-resale","status":"publish","type":"product","link":"http:\/\/elpatronvintage.com\/en\/product\/lot-mix-resale\/","title":{"rendered":"Brand Mix Winter"},"content":{"rendered":"","protected":false},"excerpt":{"rendered":"<p><strong>How does it work?<\/strong><\/p>\n<p><strong>Batch of Fixed Units<\/strong><\/p>\n<p>As experts in vintage clothing and online resale with over 5 years experience, we guarantee that every lot we select is carefully curated to maximise your profitability. We ensure that, at the very least, you can generate at least a\u00a0<strong>X1.5 of resale income<\/strong>and even a\u00a0<strong>X4<\/strong>! This means that each garment in your batch can generate between\u00a0<strong>15\u20ac y 150\u20ac<\/strong>\u00a0resale price per unit, depending on its make and condition.<\/p>\n<p><strong>Within each lot<\/strong> you will find a variety of\u00a0<strong>premium branded garments<\/strong> winter as <strong>jackets<\/strong>,\u00a0<strong>sweatshirts<\/strong>,\u00a0<strong>jumpers<\/strong>\u00a0and more. We opted for a\u00a0<strong>category mix<\/strong>\u00a0that will allow you to test different styles and maximise your sales opportunities.<\/p>\n<p><strong>Example of brands<\/strong>Ralph Lauren, Lacoste, Burberry, North Face, Tommy Hilfiger, Nike, Adidas, Kappa, Reebok, Champion, YSL, Marlboro, Carhartt, NFL, Dickies, and many more.<\/p>\n<p><strong>Mix of sizes<\/strong>: From\u00a0<strong>S<\/strong>\u00a0a\u00a0<strong>XL<\/strong>(Variety included)<\/p>\n<p>With each lot, you get not only high quality vintage clothing, but also the <strong>income-generating opportunity<\/strong> Get your lot and start making the most of the potential of each piece!<\/p>\n<p><strong>QUALITY A<\/strong><\/p>\n<p><strong>MINIMUM ORDER - 10 PIECES<\/strong><\/p>\n<p><strong>FREE SHIPPING 24\/48H ALL OVER SPAIN.\u00a0<\/strong><\/p>\n<p><strong>48\/72H SHIPMENTS THROUGHOUT EUROPE<\/strong><\/p>","protected":false},"featured_media":13733,"comment_status":"open","ping_status":"closed","template":"","meta":[],"product_brand":[],"product_cat":[220,221,16],"product_tag":[],"class_list":{"0":"post-4402","1":"product","2":"type-product","3":"status-publish","4":"has-post-thumbnail","6":"product_cat-lote-mix","7":"product_cat-marcas","8":"product_cat-allproducts","10":"first","11":"instock","12":"sale","13":"taxable","14":"shipping-taxable","15":"purchasable","16":"product-type-simple"},"yoast_head":"<!-- This site is optimized with the Yoast SEO plugin v26.8 - https:\/\/yoast.com\/product\/yoast-seo-wordpress\/ -->\n<title>Marca Mix Invierno - elpatronvintage.com<\/title>\n<meta name=\"robots\" content=\"index, follow, max-snippet:-1, max-image-preview:large, max-video-preview:-1\" \/>\n<link rel=\"canonical\" href=\"http:\/\/elpatronvintage.com\/en\/product\/lot-mix-resale\/\" \/>\n<meta property=\"og:locale\" content=\"en_GB\" \/>\n<meta property=\"og:type\" content=\"article\" \/>\n<meta property=\"og:title\" content=\"Marca Mix Invierno - elpatronvintage.com\" \/>\n<meta property=\"og:description\" content=\"\u00bfC\u00f3mo Funciona?  Lote de Unidades Fijas  Como expertos en ropa vintage y reventa online con m\u00e1s de 5 a\u00f1os de experiencia, garantizamos que cada lote que seleccionemos est\u00e9 cuidadosamente curado para maximizar tu rentabilidad. Nos aseguramos de que, al menos, puedas generar un\u00a0X1.5 de ingresos de reventa, \u00a1y hasta un\u00a0X4! Esto significa que cada prenda de tu lote puede generar entre\u00a015\u20ac y 150\u20ac\u00a0de reventa por unidad, dependiendo de su marca y estado.  Dentro de cada lote encontrar\u00e1s una variedad de\u00a0prendas de marcas premium de invierno como chaquetas,\u00a0sudaderas,\u00a0jers\u00e9is\u00a0y m\u00e1s. Optamos por un\u00a0mix de categor\u00edas\u00a0que te permitir\u00e1 testear diferentes estilos y maximizar tus oportunidades de venta.  Ejemplo de marcas: Ralph Lauren, Lacoste, Burberry, North Face, Tommy Hilfiger, Nike, Adidas, Kappa, Reebok, Champion, YSL, Marlboro, Carhartt, NFL, Dickies, y muchas m\u00e1s.  Mix de tallas: De\u00a0S\u00a0a\u00a0XL. (Variedad incluida)  Con cada lote, no solo te llevas ropa vintage de alta calidad, sino tambi\u00e9n la oportunidad de generar ingresos significativos a trav\u00e9s de la reventa en plataformas web. \u00a1Hazte con tu lote y comienza a aprovechar el potencial de cada pieza!  CALIDAD A  PEDIDO MINIMO - 10 PIEZAS  ENV\u00cdOS GRATIS 24\/48H EN TODA ESPA\u00d1A.\u00a0  ENV\u00cdOS 48\/72H EN TODA EUROPA\" \/>\n<meta property=\"og:url\" content=\"http:\/\/elpatronvintage.com\/en\/product\/lot-mix-resale\/\" \/>\n<meta property=\"og:site_name\" content=\"elpatronvintage.com\" \/>\n<meta property=\"article:modified_time\" content=\"2026-03-26T10:19:55+00:00\" \/>\n<meta property=\"og:image\" content=\"http:\/\/elpatronvintage.com\/wp-content\/uploads\/2023\/06\/1-39.webp\" \/>\n\t<meta property=\"og:image:width\" content=\"977\" \/>\n\t<meta property=\"og:image:height\" content=\"1260\" \/>\n\t<meta property=\"og:image:type\" content=\"image\/webp\" \/>\n<meta name=\"twitter:card\" content=\"summary_large_image\" \/>\n<meta name=\"twitter:label1\" content=\"Estimated reading time\" \/>\n\t<meta name=\"twitter:data1\" content=\"1 minute\" \/>\n<script type=\"application\/ld+json\" class=\"yoast-schema-graph\">{\"@context\":\"https:\/\/schema.org\",\"@graph\":[{\"@type\":\"WebPage\",\"@id\":\"http:\/\/elpatronvintage.com\/product\/lote-mix-reventa\/\",\"url\":\"http:\/\/elpatronvintage.com\/product\/lote-mix-reventa\/\",\"name\":\"Marca Mix Invierno - elpatronvintage.com\",\"isPartOf\":{\"@id\":\"https:\/\/elpatronvintage.com\/#website\"},\"primaryImageOfPage\":{\"@id\":\"http:\/\/elpatronvintage.com\/product\/lote-mix-reventa\/#primaryimage\"},\"image\":{\"@id\":\"http:\/\/elpatronvintage.com\/product\/lote-mix-reventa\/#primaryimage\"},\"thumbnailUrl\":\"http:\/\/elpatronvintage.com\/wp-content\/uploads\/2023\/06\/1-39.webp\",\"datePublished\":\"2023-06-30T11:57:29+00:00\",\"dateModified\":\"2026-03-26T10:19:55+00:00\",\"breadcrumb\":{\"@id\":\"http:\/\/elpatronvintage.com\/product\/lote-mix-reventa\/#breadcrumb\"},\"inLanguage\":\"en-GB\",\"potentialAction\":[{\"@type\":\"ReadAction\",\"target\":[\"http:\/\/elpatronvintage.com\/product\/lote-mix-reventa\/\"]}]},{\"@type\":\"ImageObject\",\"inLanguage\":\"en-GB\",\"@id\":\"http:\/\/elpatronvintage.com\/product\/lote-mix-reventa\/#primaryimage\",\"url\":\"http:\/\/elpatronvintage.com\/wp-content\/uploads\/2023\/06\/1-39.webp\",\"contentUrl\":\"http:\/\/elpatronvintage.com\/wp-content\/uploads\/2023\/06\/1-39.webp\",\"width\":977,\"height\":1260},{\"@type\":\"BreadcrumbList\",\"@id\":\"http:\/\/elpatronvintage.com\/product\/lote-mix-reventa\/#breadcrumb\",\"itemListElement\":[{\"@type\":\"ListItem\",\"position\":1,\"name\":\"Portada\",\"item\":\"https:\/\/elpatronvintage.com\/\"},{\"@type\":\"ListItem\",\"position\":2,\"name\":\"Lote de Ropa Vintage\",\"item\":\"https:\/\/elpatronvintage.com\/en\/shop\/\"},{\"@type\":\"ListItem\",\"position\":3,\"name\":\"Marca Mix Invierno\"}]},{\"@type\":\"WebSite\",\"@id\":\"https:\/\/elpatronvintage.com\/#website\",\"url\":\"https:\/\/elpatronvintage.com\/\",\"name\":\"EL PATR\u00d3N VINTAGE WHOLESALE | Proveedores de ropa vintage\",\"description\":\"El Patr\u00f3n Vintage CLOTHING WHOLESALE\",\"publisher\":{\"@id\":\"https:\/\/elpatronvintage.com\/#organization\"},\"alternateName\":\"Ropa Vintage al Por Mayor\",\"potentialAction\":[{\"@type\":\"SearchAction\",\"target\":{\"@type\":\"EntryPoint\",\"urlTemplate\":\"https:\/\/elpatronvintage.com\/?s={search_term_string}\"},\"query-input\":{\"@type\":\"PropertyValueSpecification\",\"valueRequired\":true,\"valueName\":\"search_term_string\"}}],\"inLanguage\":\"en-GB\"},{\"@type\":\"Organization\",\"@id\":\"https:\/\/elpatronvintage.com\/#organization\",\"name\":\"EL PATR\u00d3N VINTAGE WHOLESALE | Proveedores de ropa vintage\",\"url\":\"https:\/\/elpatronvintage.com\/\",\"logo\":{\"@type\":\"ImageObject\",\"inLanguage\":\"en-GB\",\"@id\":\"https:\/\/elpatronvintage.com\/#\/schema\/logo\/image\/\",\"url\":\"http:\/\/elpatronvintage.com\/wp-content\/uploads\/2023\/01\/logo-web.webp\",\"contentUrl\":\"http:\/\/elpatronvintage.com\/wp-content\/uploads\/2023\/01\/logo-web.webp\",\"width\":961,\"height\":598,\"caption\":\"EL PATR\u00d3N VINTAGE WHOLESALE | Proveedores de ropa vintage\"},\"image\":{\"@id\":\"https:\/\/elpatronvintage.com\/#\/schema\/logo\/image\/\"}}]}<\/script>\n<!-- \/ Yoast SEO plugin. -->","yoast_head_json":{"title":"Brand Mix Winter - elpatronvintage.com","robots":{"index":"index","follow":"follow","max-snippet":"max-snippet:-1","max-image-preview":"max-image-preview:large","max-video-preview":"max-video-preview:-1"},"canonical":"http:\/\/elpatronvintage.com\/en\/product\/lot-mix-resale\/","og_locale":"en_GB","og_type":"article","og_title":"Marca Mix Invierno - elpatronvintage.com","og_description":"\u00bfC\u00f3mo Funciona?  Lote de Unidades Fijas  Como expertos en ropa vintage y reventa online con m\u00e1s de 5 a\u00f1os de experiencia, garantizamos que cada lote que seleccionemos est\u00e9 cuidadosamente curado para maximizar tu rentabilidad. Nos aseguramos de que, al menos, puedas generar un\u00a0X1.5 de ingresos de reventa, \u00a1y hasta un\u00a0X4! Esto significa que cada prenda de tu lote puede generar entre\u00a015\u20ac y 150\u20ac\u00a0de reventa por unidad, dependiendo de su marca y estado.  Dentro de cada lote encontrar\u00e1s una variedad de\u00a0prendas de marcas premium de invierno como chaquetas,\u00a0sudaderas,\u00a0jers\u00e9is\u00a0y m\u00e1s. Optamos por un\u00a0mix de categor\u00edas\u00a0que te permitir\u00e1 testear diferentes estilos y maximizar tus oportunidades de venta.  Ejemplo de marcas: Ralph Lauren, Lacoste, Burberry, North Face, Tommy Hilfiger, Nike, Adidas, Kappa, Reebok, Champion, YSL, Marlboro, Carhartt, NFL, Dickies, y muchas m\u00e1s.  Mix de tallas: De\u00a0S\u00a0a\u00a0XL. (Variedad incluida)  Con cada lote, no solo te llevas ropa vintage de alta calidad, sino tambi\u00e9n la oportunidad de generar ingresos significativos a trav\u00e9s de la reventa en plataformas web. \u00a1Hazte con tu lote y comienza a aprovechar el potencial de cada pieza!  CALIDAD A  PEDIDO MINIMO - 10 PIEZAS  ENV\u00cdOS GRATIS 24\/48H EN TODA ESPA\u00d1A.\u00a0  ENV\u00cdOS 48\/72H EN TODA EUROPA","og_url":"http:\/\/elpatronvintage.com\/en\/product\/lot-mix-resale\/","og_site_name":"elpatronvintage.com","article_modified_time":"2026-03-26T10:19:55+00:00","og_image":[{"width":977,"height":1260,"url":"http:\/\/elpatronvintage.com\/wp-content\/uploads\/2023\/06\/1-39.webp","type":"image\/webp"}],"twitter_card":"summary_large_image","twitter_misc":{"Estimated reading time":"1 minute"},"schema":{"@context":"https:\/\/schema.org","@graph":[{"@type":"WebPage","@id":"http:\/\/elpatronvintage.com\/product\/lote-mix-reventa\/","url":"http:\/\/elpatronvintage.com\/product\/lote-mix-reventa\/","name":"Brand Mix Winter - elpatronvintage.com","isPartOf":{"@id":"https:\/\/elpatronvintage.com\/#website"},"primaryImageOfPage":{"@id":"http:\/\/elpatronvintage.com\/product\/lote-mix-reventa\/#primaryimage"},"image":{"@id":"http:\/\/elpatronvintage.com\/product\/lote-mix-reventa\/#primaryimage"},"thumbnailUrl":"http:\/\/elpatronvintage.com\/wp-content\/uploads\/2023\/06\/1-39.webp","datePublished":"2023-06-30T11:57:29+00:00","dateModified":"2026-03-26T10:19:55+00:00","breadcrumb":{"@id":"http:\/\/elpatronvintage.com\/product\/lote-mix-reventa\/#breadcrumb"},"inLanguage":"en-GB","potentialAction":[{"@type":"ReadAction","target":["http:\/\/elpatronvintage.com\/product\/lote-mix-reventa\/"]}]},{"@type":"ImageObject","inLanguage":"en-GB","@id":"http:\/\/elpatronvintage.com\/product\/lote-mix-reventa\/#primaryimage","url":"http:\/\/elpatronvintage.com\/wp-content\/uploads\/2023\/06\/1-39.webp","contentUrl":"http:\/\/elpatronvintage.com\/wp-content\/uploads\/2023\/06\/1-39.webp","width":977,"height":1260},{"@type":"BreadcrumbList","@id":"http:\/\/elpatronvintage.com\/product\/lote-mix-reventa\/#breadcrumb","itemListElement":[{"@type":"ListItem","position":1,"name":"Portada","item":"https:\/\/elpatronvintage.com\/"},{"@type":"ListItem","position":2,"name":"Lote de Ropa Vintage","item":"https:\/\/elpatronvintage.com\/en\/shop\/"},{"@type":"ListItem","position":3,"name":"Marca Mix Invierno"}]},{"@type":"WebSite","@id":"https:\/\/elpatronvintage.com\/#website","url":"https:\/\/elpatronvintage.com\/","name":"THE WHOLESALE VINTAGE PATTERN | Vintage clothing suppliers","description":"The CLOTHING WHOLESALE Vintage Pattern","publisher":{"@id":"https:\/\/elpatronvintage.com\/#organization"},"alternateName":"Ropa Vintage al Por Mayor","potentialAction":[{"@type":"SearchAction","target":{"@type":"EntryPoint","urlTemplate":"https:\/\/elpatronvintage.com\/?s={search_term_string}"},"query-input":{"@type":"PropertyValueSpecification","valueRequired":true,"valueName":"search_term_string"}}],"inLanguage":"en-GB"},{"@type":"Organization","@id":"https:\/\/elpatronvintage.com\/#organization","name":"THE WHOLESALE VINTAGE PATTERN | Vintage clothing suppliers","url":"https:\/\/elpatronvintage.com\/","logo":{"@type":"ImageObject","inLanguage":"en-GB","@id":"https:\/\/elpatronvintage.com\/#\/schema\/logo\/image\/","url":"http:\/\/elpatronvintage.com\/wp-content\/uploads\/2023\/01\/logo-web.webp","contentUrl":"http:\/\/elpatronvintage.com\/wp-content\/uploads\/2023\/01\/logo-web.webp","width":961,"height":598,"caption":"EL PATR\u00d3N VINTAGE WHOLESALE | Proveedores de ropa vintage"},"image":{"@id":"https:\/\/elpatronvintage.com\/#\/schema\/logo\/image\/"}}]}},"_links":{"self":[{"href":"http:\/\/elpatronvintage.com\/en\/wp-json\/wp\/v2\/product\/4402","targetHints":{"allow":["GET"]}}],"collection":[{"href":"http:\/\/elpatronvintage.com\/en\/wp-json\/wp\/v2\/product"}],"about":[{"href":"http:\/\/elpatronvintage.com\/en\/wp-json\/wp\/v2\/types\/product"}],"replies":[{"embeddable":true,"href":"http:\/\/elpatronvintage.com\/en\/wp-json\/wp\/v2\/comments?post=4402"}],"version-history":[{"count":7,"href":"http:\/\/elpatronvintage.com\/en\/wp-json\/wp\/v2\/product\/4402\/revisions"}],"predecessor-version":[{"id":13674,"href":"http:\/\/elpatronvintage.com\/en\/wp-json\/wp\/v2\/product\/4402\/revisions\/13674"}],"wp:featuredmedia":[{"embeddable":true,"href":"http:\/\/elpatronvintage.com\/en\/wp-json\/wp\/v2\/media\/13733"}],"wp:attachment":[{"href":"http:\/\/elpatronvintage.com\/en\/wp-json\/wp\/v2\/media?parent=4402"}],"wp:term":[{"taxonomy":"product_brand","embeddable":true,"href":"http:\/\/elpatronvintage.com\/en\/wp-json\/wp\/v2\/product_brand?post=4402"},{"taxonomy":"product_cat","embeddable":true,"href":"http:\/\/elpatronvintage.com\/en\/wp-json\/wp\/v2\/product_cat?post=4402"},{"taxonomy":"product_tag","embeddable":true,"href":"http:\/\/elpatronvintage.com\/en\/wp-json\/wp\/v2\/product_tag?post=4402"}],"curies":[{"name":"wp","href":"https:\/\/api.w.org\/{rel}","templated":true}]}}