{"id":4348,"date":"2023-06-30T13:02:56","date_gmt":"2023-06-30T11:02:56","guid":{"rendered":"https:\/\/elpatronvintage.com\/?post_type=product&#038;p=4348"},"modified":"2025-11-20T16:05:47","modified_gmt":"2025-11-20T14:05:47","slug":"football-shirts","status":"publish","type":"product","link":"http:\/\/elpatronvintage.com\/en\/product\/football-shirts\/","title":{"rendered":"Football Shirts"},"content":{"rendered":"","protected":false},"excerpt":{"rendered":"<p><strong>Vintage Football Shirts<\/strong><\/p>\n<p>In this category you will find a\u00a0<strong>wide range of football shirts<\/strong>which cover the period from the years\u00a0<strong>90<\/strong>\u00a0to the present day. With a\u00a0<strong>unique selection<\/strong>\u00a0of T-shirts both\u00a0<strong>vintage<\/strong>\u00a0as\u00a0<strong>modern<\/strong>Each piece captures the spirit and history of football's most iconic teams. Enjoy\u00a0<strong>exclusive partnerships<\/strong>\u00a0with leading brands such as\u00a0<strong>Nike<\/strong>,\u00a0<strong>Adidas<\/strong>,\u00a0<strong>Puma<\/strong>,\u00a0<strong>Kappa<\/strong> and always accompanied by official football teams.<\/p>\n<p>These T-shirts are not only perfect for the <strong>football fans<\/strong>but also for those who are looking for a resale in the sports category.<\/p>\n<p><strong>Brands<\/strong>Nike, Adidas, Puma, Kappa, Asics, Umbro, Kelme, and many more.<\/p>\n<p><strong>Sizes:<\/strong> XS to XXL (Assorted)<\/p>\n<p><strong>Resale: 20\u20ac-150\u20ac per unit.<\/strong><\/p>\n<p><strong>QUALITY A. (sport category)<\/strong><\/p>\n<p><strong>MINIMUM ORDER - 10 PIECES<\/strong><\/p>\n<p><strong>FREE SHIPPING 24\/48h DAYS ALL OVER SPAIN<\/strong><\/p>\n<p><strong>48\/72H SHIPMENTS THROUGHOUT EUROPE<\/strong><\/p>","protected":false},"featured_media":4349,"comment_status":"open","ping_status":"closed","template":"","meta":[],"product_brand":[],"product_cat":[193,16],"product_tag":[],"class_list":{"0":"post-4348","1":"product","2":"type-product","3":"status-publish","4":"has-post-thumbnail","6":"product_cat-t-shirts","7":"product_cat-allproducts","9":"first","10":"instock","11":"taxable","12":"shipping-taxable","13":"purchasable","14":"product-type-simple"},"yoast_head":"<!-- This site is optimized with the Yoast SEO plugin v26.8 - https:\/\/yoast.com\/product\/yoast-seo-wordpress\/ -->\n<title>Camisetas de F\u00fatbol - elpatronvintage.com<\/title>\n<meta name=\"robots\" content=\"index, follow, max-snippet:-1, max-image-preview:large, max-video-preview:-1\" \/>\n<link rel=\"canonical\" href=\"https:\/\/elpatronvintage.com\/en\/product\/football-shirts\/\" \/>\n<meta property=\"og:locale\" content=\"en_GB\" \/>\n<meta property=\"og:type\" content=\"article\" \/>\n<meta property=\"og:title\" content=\"Camisetas de F\u00fatbol - elpatronvintage.com\" \/>\n<meta property=\"og:description\" content=\"Camisetas de F\u00fatbol Vintage  En esta categor\u00eda encontrar\u00e1s una\u00a0gran variedad de camisetas de f\u00fatbol, que abarcan desde los a\u00f1os\u00a090\u00a0hasta la actualidad. Con una\u00a0selecci\u00f3n \u00fanica\u00a0de camisetas tanto\u00a0vintage\u00a0como\u00a0modernas, cada pieza captura el esp\u00edritu y la historia de los equipos m\u00e1s ic\u00f3nicos del f\u00fatbol. Disfruta de\u00a0colaboraciones exclusivas\u00a0con marcas l\u00edderes como\u00a0Nike,\u00a0Adidas,\u00a0Puma,\u00a0Kappa y siempre acompa\u00f1adas de equipos oficiales de f\u00fatbol.  Estas camisetas no solo son perfectas para los fan\u00e1ticos del f\u00fatbol, sino tambi\u00e9n para quienes buscan una reventa en categor\u00eda de deporte.  Marcas: Nike, Adidas, Puma, Kappa, Asics, Umbro, Kelme, y muchos m\u00e1s.  Tallas: XS a XXL (Variadas)  Reventa: 20\u20ac-150\u20ac por unidad.  CALIDAD A. (categor\u00eda deporte)  PEDIDO MINIMO - 10 PIEZAS  ENV\u00cdOS GRATIS DE 24\/48h D\u00cdAS EN TODA ESPA\u00d1A  ENV\u00cdOS 48\/72H EN TODA EUROPA\" \/>\n<meta property=\"og:url\" content=\"https:\/\/elpatronvintage.com\/en\/product\/football-shirts\/\" \/>\n<meta property=\"og:site_name\" content=\"elpatronvintage.com\" \/>\n<meta property=\"article:modified_time\" content=\"2025-11-20T14:05:47+00:00\" \/>\n<meta property=\"og:image\" content=\"https:\/\/elpatronvintage.com\/wp-content\/uploads\/2023\/06\/1-24.webp\" \/>\n\t<meta property=\"og:image:width\" content=\"977\" \/>\n\t<meta property=\"og:image:height\" content=\"1260\" \/>\n\t<meta property=\"og:image:type\" content=\"image\/webp\" \/>\n<meta name=\"twitter:card\" content=\"summary_large_image\" \/>\n<meta name=\"twitter:label1\" content=\"Estimated reading time\" \/>\n\t<meta name=\"twitter:data1\" content=\"1 minute\" \/>\n<script type=\"application\/ld+json\" class=\"yoast-schema-graph\">{\"@context\":\"https:\/\/schema.org\",\"@graph\":[{\"@type\":\"WebPage\",\"@id\":\"https:\/\/elpatronvintage.com\/product\/camisetas-futbol\/\",\"url\":\"https:\/\/elpatronvintage.com\/product\/camisetas-futbol\/\",\"name\":\"Camisetas de F\u00fatbol - elpatronvintage.com\",\"isPartOf\":{\"@id\":\"http:\/\/elpatronvintage.com\/en\/#website\"},\"primaryImageOfPage\":{\"@id\":\"https:\/\/elpatronvintage.com\/product\/camisetas-futbol\/#primaryimage\"},\"image\":{\"@id\":\"https:\/\/elpatronvintage.com\/product\/camisetas-futbol\/#primaryimage\"},\"thumbnailUrl\":\"http:\/\/elpatronvintage.com\/wp-content\/uploads\/2023\/06\/1-24.webp\",\"datePublished\":\"2023-06-30T11:02:56+00:00\",\"dateModified\":\"2025-11-20T14:05:47+00:00\",\"breadcrumb\":{\"@id\":\"https:\/\/elpatronvintage.com\/product\/camisetas-futbol\/#breadcrumb\"},\"inLanguage\":\"en-GB\",\"potentialAction\":[{\"@type\":\"ReadAction\",\"target\":[\"https:\/\/elpatronvintage.com\/product\/camisetas-futbol\/\"]}]},{\"@type\":\"ImageObject\",\"inLanguage\":\"en-GB\",\"@id\":\"https:\/\/elpatronvintage.com\/product\/camisetas-futbol\/#primaryimage\",\"url\":\"http:\/\/elpatronvintage.com\/wp-content\/uploads\/2023\/06\/1-24.webp\",\"contentUrl\":\"http:\/\/elpatronvintage.com\/wp-content\/uploads\/2023\/06\/1-24.webp\",\"width\":977,\"height\":1260},{\"@type\":\"BreadcrumbList\",\"@id\":\"https:\/\/elpatronvintage.com\/product\/camisetas-futbol\/#breadcrumb\",\"itemListElement\":[{\"@type\":\"ListItem\",\"position\":1,\"name\":\"Portada\",\"item\":\"http:\/\/elpatronvintage.com\/en\/\"},{\"@type\":\"ListItem\",\"position\":2,\"name\":\"Lote de Ropa Vintage\",\"item\":\"http:\/\/elpatronvintage.com\/en\/shop\/\"},{\"@type\":\"ListItem\",\"position\":3,\"name\":\"Camisetas de F\u00fatbol\"}]},{\"@type\":\"WebSite\",\"@id\":\"http:\/\/elpatronvintage.com\/en\/#website\",\"url\":\"http:\/\/elpatronvintage.com\/en\/\",\"name\":\"EL PATR\u00d3N VINTAGE WHOLESALE | Proveedores de ropa vintage\",\"description\":\"El Patr\u00f3n Vintage CLOTHING WHOLESALE\",\"publisher\":{\"@id\":\"http:\/\/elpatronvintage.com\/en\/#organization\"},\"alternateName\":\"Ropa Vintage al Por Mayor\",\"potentialAction\":[{\"@type\":\"SearchAction\",\"target\":{\"@type\":\"EntryPoint\",\"urlTemplate\":\"http:\/\/elpatronvintage.com\/en\/?s={search_term_string}\"},\"query-input\":{\"@type\":\"PropertyValueSpecification\",\"valueRequired\":true,\"valueName\":\"search_term_string\"}}],\"inLanguage\":\"en-GB\"},{\"@type\":\"Organization\",\"@id\":\"http:\/\/elpatronvintage.com\/en\/#organization\",\"name\":\"EL PATR\u00d3N VINTAGE WHOLESALE | Proveedores de ropa vintage\",\"url\":\"http:\/\/elpatronvintage.com\/en\/\",\"logo\":{\"@type\":\"ImageObject\",\"inLanguage\":\"en-GB\",\"@id\":\"http:\/\/elpatronvintage.com\/en\/#\/schema\/logo\/image\/\",\"url\":\"http:\/\/elpatronvintage.com\/wp-content\/uploads\/2023\/01\/logo-web.webp\",\"contentUrl\":\"http:\/\/elpatronvintage.com\/wp-content\/uploads\/2023\/01\/logo-web.webp\",\"width\":961,\"height\":598,\"caption\":\"EL PATR\u00d3N VINTAGE WHOLESALE | Proveedores de ropa vintage\"},\"image\":{\"@id\":\"http:\/\/elpatronvintage.com\/en\/#\/schema\/logo\/image\/\"}}]}<\/script>\n<!-- \/ Yoast SEO plugin. -->","yoast_head_json":{"title":"Football Shirts - elpatronvintage.com","robots":{"index":"index","follow":"follow","max-snippet":"max-snippet:-1","max-image-preview":"max-image-preview:large","max-video-preview":"max-video-preview:-1"},"canonical":"https:\/\/elpatronvintage.com\/en\/product\/football-shirts\/","og_locale":"en_GB","og_type":"article","og_title":"Camisetas de F\u00fatbol - elpatronvintage.com","og_description":"Camisetas de F\u00fatbol Vintage  En esta categor\u00eda encontrar\u00e1s una\u00a0gran variedad de camisetas de f\u00fatbol, que abarcan desde los a\u00f1os\u00a090\u00a0hasta la actualidad. Con una\u00a0selecci\u00f3n \u00fanica\u00a0de camisetas tanto\u00a0vintage\u00a0como\u00a0modernas, cada pieza captura el esp\u00edritu y la historia de los equipos m\u00e1s ic\u00f3nicos del f\u00fatbol. Disfruta de\u00a0colaboraciones exclusivas\u00a0con marcas l\u00edderes como\u00a0Nike,\u00a0Adidas,\u00a0Puma,\u00a0Kappa y siempre acompa\u00f1adas de equipos oficiales de f\u00fatbol.  Estas camisetas no solo son perfectas para los fan\u00e1ticos del f\u00fatbol, sino tambi\u00e9n para quienes buscan una reventa en categor\u00eda de deporte.  Marcas: Nike, Adidas, Puma, Kappa, Asics, Umbro, Kelme, y muchos m\u00e1s.  Tallas: XS a XXL (Variadas)  Reventa: 20\u20ac-150\u20ac por unidad.  CALIDAD A. (categor\u00eda deporte)  PEDIDO MINIMO - 10 PIEZAS  ENV\u00cdOS GRATIS DE 24\/48h D\u00cdAS EN TODA ESPA\u00d1A  ENV\u00cdOS 48\/72H EN TODA EUROPA","og_url":"https:\/\/elpatronvintage.com\/en\/product\/football-shirts\/","og_site_name":"elpatronvintage.com","article_modified_time":"2025-11-20T14:05:47+00:00","og_image":[{"width":977,"height":1260,"url":"https:\/\/elpatronvintage.com\/wp-content\/uploads\/2023\/06\/1-24.webp","type":"image\/webp"}],"twitter_card":"summary_large_image","twitter_misc":{"Estimated reading time":"1 minute"},"schema":{"@context":"https:\/\/schema.org","@graph":[{"@type":"WebPage","@id":"https:\/\/elpatronvintage.com\/product\/camisetas-futbol\/","url":"https:\/\/elpatronvintage.com\/product\/camisetas-futbol\/","name":"Football Shirts - elpatronvintage.com","isPartOf":{"@id":"http:\/\/elpatronvintage.com\/en\/#website"},"primaryImageOfPage":{"@id":"https:\/\/elpatronvintage.com\/product\/camisetas-futbol\/#primaryimage"},"image":{"@id":"https:\/\/elpatronvintage.com\/product\/camisetas-futbol\/#primaryimage"},"thumbnailUrl":"http:\/\/elpatronvintage.com\/wp-content\/uploads\/2023\/06\/1-24.webp","datePublished":"2023-06-30T11:02:56+00:00","dateModified":"2025-11-20T14:05:47+00:00","breadcrumb":{"@id":"https:\/\/elpatronvintage.com\/product\/camisetas-futbol\/#breadcrumb"},"inLanguage":"en-GB","potentialAction":[{"@type":"ReadAction","target":["https:\/\/elpatronvintage.com\/product\/camisetas-futbol\/"]}]},{"@type":"ImageObject","inLanguage":"en-GB","@id":"https:\/\/elpatronvintage.com\/product\/camisetas-futbol\/#primaryimage","url":"http:\/\/elpatronvintage.com\/wp-content\/uploads\/2023\/06\/1-24.webp","contentUrl":"http:\/\/elpatronvintage.com\/wp-content\/uploads\/2023\/06\/1-24.webp","width":977,"height":1260},{"@type":"BreadcrumbList","@id":"https:\/\/elpatronvintage.com\/product\/camisetas-futbol\/#breadcrumb","itemListElement":[{"@type":"ListItem","position":1,"name":"Portada","item":"http:\/\/elpatronvintage.com\/en\/"},{"@type":"ListItem","position":2,"name":"Lote de Ropa Vintage","item":"http:\/\/elpatronvintage.com\/en\/shop\/"},{"@type":"ListItem","position":3,"name":"Camisetas de F\u00fatbol"}]},{"@type":"WebSite","@id":"http:\/\/elpatronvintage.com\/en\/#website","url":"http:\/\/elpatronvintage.com\/en\/","name":"THE WHOLESALE VINTAGE PATTERN | Vintage clothing suppliers","description":"The CLOTHING WHOLESALE Vintage Pattern","publisher":{"@id":"http:\/\/elpatronvintage.com\/en\/#organization"},"alternateName":"Ropa Vintage al Por Mayor","potentialAction":[{"@type":"SearchAction","target":{"@type":"EntryPoint","urlTemplate":"http:\/\/elpatronvintage.com\/en\/?s={search_term_string}"},"query-input":{"@type":"PropertyValueSpecification","valueRequired":true,"valueName":"search_term_string"}}],"inLanguage":"en-GB"},{"@type":"Organization","@id":"http:\/\/elpatronvintage.com\/en\/#organization","name":"THE WHOLESALE VINTAGE PATTERN | Vintage clothing suppliers","url":"http:\/\/elpatronvintage.com\/en\/","logo":{"@type":"ImageObject","inLanguage":"en-GB","@id":"http:\/\/elpatronvintage.com\/en\/#\/schema\/logo\/image\/","url":"http:\/\/elpatronvintage.com\/wp-content\/uploads\/2023\/01\/logo-web.webp","contentUrl":"http:\/\/elpatronvintage.com\/wp-content\/uploads\/2023\/01\/logo-web.webp","width":961,"height":598,"caption":"EL PATR\u00d3N VINTAGE WHOLESALE | Proveedores de ropa vintage"},"image":{"@id":"http:\/\/elpatronvintage.com\/en\/#\/schema\/logo\/image\/"}}]}},"_links":{"self":[{"href":"http:\/\/elpatronvintage.com\/en\/wp-json\/wp\/v2\/product\/4348","targetHints":{"allow":["GET"]}}],"collection":[{"href":"http:\/\/elpatronvintage.com\/en\/wp-json\/wp\/v2\/product"}],"about":[{"href":"http:\/\/elpatronvintage.com\/en\/wp-json\/wp\/v2\/types\/product"}],"replies":[{"embeddable":true,"href":"http:\/\/elpatronvintage.com\/en\/wp-json\/wp\/v2\/comments?post=4348"}],"version-history":[{"count":8,"href":"http:\/\/elpatronvintage.com\/en\/wp-json\/wp\/v2\/product\/4348\/revisions"}],"predecessor-version":[{"id":13539,"href":"http:\/\/elpatronvintage.com\/en\/wp-json\/wp\/v2\/product\/4348\/revisions\/13539"}],"wp:featuredmedia":[{"embeddable":true,"href":"http:\/\/elpatronvintage.com\/en\/wp-json\/wp\/v2\/media\/4349"}],"wp:attachment":[{"href":"http:\/\/elpatronvintage.com\/en\/wp-json\/wp\/v2\/media?parent=4348"}],"wp:term":[{"taxonomy":"product_brand","embeddable":true,"href":"http:\/\/elpatronvintage.com\/en\/wp-json\/wp\/v2\/product_brand?post=4348"},{"taxonomy":"product_cat","embeddable":true,"href":"http:\/\/elpatronvintage.com\/en\/wp-json\/wp\/v2\/product_cat?post=4348"},{"taxonomy":"product_tag","embeddable":true,"href":"http:\/\/elpatronvintage.com\/en\/wp-json\/wp\/v2\/product_tag?post=4348"}],"curies":[{"name":"wp","href":"https:\/\/api.w.org\/{rel}","templated":true}]}}