{"id":3,"date":"2022-06-20T09:56:55","date_gmt":"2022-06-20T09:56:55","guid":{"rendered":"http:\/\/elpatronvintage.com\/?page_id=3"},"modified":"2023-06-23T07:05:17","modified_gmt":"2023-06-23T07:05:17","slug":"privacy-policy","status":"publish","type":"page","link":"http:\/\/elpatronvintage.com\/en\/privacy-policy\/","title":{"rendered":"Privacy Policy"},"content":{"rendered":"<div data-elementor-type=\"wp-page\" data-elementor-id=\"3\" class=\"elementor elementor-3\" data-elementor-post-type=\"page\">\n\t\t\t\t\t\t<section class=\"elementor-section elementor-top-section elementor-element elementor-element-108363fd elementor-section-boxed elementor-section-height-default elementor-section-height-default\" data-id=\"108363fd\" data-element_type=\"section\" data-e-type=\"section\">\n\t\t\t\t\t\t<div class=\"elementor-container elementor-column-gap-default\">\n\t\t\t\t\t<div class=\"elementor-column elementor-col-100 elementor-top-column elementor-element elementor-element-2ef85730\" data-id=\"2ef85730\" data-element_type=\"column\" data-e-type=\"column\">\n\t\t\t<div class=\"elementor-widget-wrap elementor-element-populated\">\n\t\t\t\t\t\t<div class=\"elementor-element elementor-element-1a2c7967 elementor-widget elementor-widget-text-editor\" data-id=\"1a2c7967\" data-element_type=\"widget\" data-e-type=\"widget\" data-widget_type=\"text-editor.default\">\n\t\t\t\t<div class=\"elementor-widget-container\">\n\t\t\t\t\t\t\t\t\t\n<p>PRIVACY POLICY<\/p>\n\n\n\n<p>If you are here, it is because you are concerned about our compliance with the privacy policy and<br>data protection on our website and in our business.<\/p>\n\n\n\n<p><br>Legal regulations with which this privacy policy complies<br>The vintage pattern has adapted this website to the requirements of:<\/p>\n\n\n\n<p><br>The GDPR (Regulation (EU) 2016\/679 of the European Parliament and of the Council of 27 June 2016 on the protection of personal data of individuals with regard to the processing of personal data).<br>of April 2016 on the protection of natural persons), which is the new<br>european union legislation unifying the regulation of the processing of personal data<br>personal data in different eu countries.<\/p>\n\n\n\n<p><br>The LOPD (Organic Law 15\/1999, of 13 December 1999, on the protection of personal data of individuals, companies and institutions)<br>personal character and royal decree 1720\/2007, of 21 December, known as the<br>regulation for the development of the LOPD), which regulates the processing of personal data.<br>and the obligations that must be assumed by those responsible for a web site or a<br>a blog when it comes to managing this information.<\/p>\n\n\n\n<p>The LSSI or LSSICE (Law 34\/2002, of 11 July, on Information Society Services), which is<br>information and electronic commerce), which governs economic transactions<br>by electronic means, as is the case with this website.<\/p>\n\n\n\n<p><br>Sending and recording personal data for the purposes of the law<br>Organic Law 15\/1999, of 13 December 1999, on the protection of personal data.<br>user is informed that it is the owner of a personal data file.<br>registered with the r.g.p.d. (general register of data protection), in the following cases<br>that your data is stored and processed for the purpose of providing you with the services you require.<br>requested services and to send you information about services and products that we<br>may be of interest to you.<\/p>\n\n\n\n<p><br>Likewise, failure to provide the requested personal data or failure to accept the<br>This data protection policy implies the impossibility to process the data in this document.<br>requests made on this website.<\/p>\n\n\n\n<p><br>The personal data collected and stored by this website is detailed in the<br>legal notice.<\/p>\n\n\n\n<p><br>Personal information collected by this website when a user makes a purchase<br>on this website, you are providing personal information of which you are the owner.<br>responsible for The vintage pattern.<\/p>\n\n\n\n<p><br>Such information may include your name, physical address, mailing address, email address<br>e-mail address, telephone number, payment information and other information<br>demographics. <\/p>\n\n\n\n<p>By providing this information, the user consents to the following<br>your information is collected, used, managed, and stored by The Employer<br>vintage, only as described in the legal notice and this privacy policy.<br>privacy.<\/p>\n\n\n\n<p><br><strong>Third party services I use on this website<\/strong><\/p>\n\n\n\n<p><br>Google analytics.<\/p>\n\n\n\n<p><br>In accordance with the provisions of Organic Law 15\/1999, of 13 December 1999, of<br>protection of personal data, the personal data that the user<br>sent through this website will be included in a file of users of the website.<br>ownership of El patr\u00f3n vintage. <\/p>\n\n\n\n<p>These files have implemented all the<br>technical and organisational security measures established in royal decree<br>1720\/2007, on the development of the lopd.<\/p>\n\n\n\n<p><br>The vintage pattern does not sell, rent or lease any personal data that could be used by the<br>identify the user, nor will it do so in the future, to third parties without prior consent.<\/p>\n\n\n\n<p><br>Accuracy and veracity of the data the user is solely responsible for the accuracy and veracity of the data.<br>veracity and correctness of the data you submit<br>to elpatronvintagewholesale.com exonerating the lender from any liability of<br>responsibility in this respect. <\/p>\n\n\n\n<p>Users guarantee and are responsible, in any case, for the accuracy, validity and authenticity of the personal data provided, and undertake to keep them duly updated. The user agrees to provide complete and correct information on the purchase form.<\/p>\n\n\n\n<p><br>Exercise of the rights of access, rectification, cancellation or opposition the rights of users are as follows:<\/p>\n\n\n\n<p><br>The right to ask what personal data we store about the user at<br>at any time.<\/p>\n\n\n\n<p><br>Right to ask us to update or correct data free of charge<br>incorrect or outdated information we store about the user.<\/p>\n\n\n\n<p><br>The right to unsubscribe such data.<\/p>\n\n\n\n<p><br>Users may address their communications and exercise their rights of access,<br>rectification, cancellation and opposition by e-mail:<\/p>\n\n\n\n<p><br>elpatronvintage@gmail.com together with legally valid evidence, such as a photocopy<br>of identity card or equivalent, indicating \"data protection\" in the subject line.<\/p>\n\n\n\n<p><br>Acceptance and consent the user declares that he\/she has been informed about the<br>conditions on the protection of personal data, accepting and agreeing to the following conditions<br>consenting to the treatment of the same by The Vintage Pattern in the<br>form and for the purposes indicated in the legal notice.<\/p>\n\n\n\n<p><br>Changes to this privacy policy: Vintage Pattern reserves the right to change this privacy policy at any time.<br>right to amend this policy to adapt it to new legislation or changes in the law.<br>and industry practice. In such cases, the<br>provider will announce on this page any changes introduced with reasonable notice.<br>in advance of its implementation.<\/p>\n\n\n\n<p><br>Commercial mails in accordance with the lssice, thepatronvintagewholesale.com does not<br>does not engage in spamming practices, and therefore does not send commercial mailings via<br>electronic communications that have not been previously requested or authorised by the user.<br>Consequently, in each of the forms available on the website, the<br>user has the possibility to give his or her express consent to receive the<br>newsletter, irrespective of the commercial information requested from time to time.<\/p>\n\t\t\t\t\t\t\t\t<\/div>\n\t\t\t\t<\/div>\n\t\t\t\t\t<\/div>\n\t\t<\/div>\n\t\t\t\t\t<\/div>\n\t\t<\/section>\n\t\t\t\t<\/div>","protected":false},"excerpt":{"rendered":"<p>POL\u00cdTICA DE PRIVACIDAD Si est\u00e1s aqu\u00ed es porque te preocupa que cumplamos con la pol\u00edtica de privacidad yde protecci\u00f3n de datos en nuestra web y nuestro negocio. Regulaciones legales que cumple esta pol\u00edtica de privacidadEl patr\u00f3n vintage\u00a0ha adecuado esta web a las exigencias de: El RGPD (reglamento (UE) 2016\/679 del parlamento europeo y del consejo [&hellip;]<\/p>\n","protected":false},"author":1,"featured_media":0,"parent":0,"menu_order":0,"comment_status":"closed","ping_status":"open","template":"","meta":{"footnotes":""},"class_list":["post-3","page","type-page","status-publish","hentry"],"yoast_head":"<!-- This site is optimized with the Yoast SEO plugin v26.8 - https:\/\/yoast.com\/product\/yoast-seo-wordpress\/ -->\n<title>Privacy Policy - elpatronvintage.com<\/title>\n<meta name=\"robots\" content=\"index, follow, max-snippet:-1, max-image-preview:large, max-video-preview:-1\" \/>\n<link rel=\"canonical\" href=\"https:\/\/elpatronvintage.com\/en\/privacy-policy\/\" \/>\n<meta property=\"og:locale\" content=\"en_GB\" \/>\n<meta property=\"og:type\" content=\"article\" \/>\n<meta property=\"og:title\" content=\"Privacy Policy - elpatronvintage.com\" \/>\n<meta property=\"og:description\" content=\"POL\u00cdTICA DE PRIVACIDAD Si est\u00e1s aqu\u00ed es porque te preocupa que cumplamos con la pol\u00edtica de privacidad yde protecci\u00f3n de datos en nuestra web y nuestro negocio. Regulaciones legales que cumple esta pol\u00edtica de privacidadEl patr\u00f3n vintage\u00a0ha adecuado esta web a las exigencias de: El RGPD (reglamento (UE) 2016\/679 del parlamento europeo y del consejo [&hellip;]\" \/>\n<meta property=\"og:url\" content=\"https:\/\/elpatronvintage.com\/en\/privacy-policy\/\" \/>\n<meta property=\"og:site_name\" content=\"elpatronvintage.com\" \/>\n<meta property=\"article:modified_time\" content=\"2023-06-23T07:05:17+00:00\" \/>\n<meta name=\"twitter:card\" content=\"summary_large_image\" \/>\n<meta name=\"twitter:label1\" content=\"Estimated reading time\" \/>\n\t<meta name=\"twitter:data1\" content=\"5 minutes\" \/>\n<script type=\"application\/ld+json\" class=\"yoast-schema-graph\">{\"@context\":\"https:\/\/schema.org\",\"@graph\":[{\"@type\":\"WebPage\",\"@id\":\"https:\/\/elpatronvintage.com\/it\/informativa-sulla-privacy\/\",\"url\":\"https:\/\/elpatronvintage.com\/it\/informativa-sulla-privacy\/\",\"name\":\"Privacy Policy - elpatronvintage.com\",\"isPartOf\":{\"@id\":\"https:\/\/elpatronvintage.com\/#website\"},\"datePublished\":\"2022-06-20T09:56:55+00:00\",\"dateModified\":\"2023-06-23T07:05:17+00:00\",\"breadcrumb\":{\"@id\":\"https:\/\/elpatronvintage.com\/it\/informativa-sulla-privacy\/#breadcrumb\"},\"inLanguage\":\"en-GB\",\"potentialAction\":[{\"@type\":\"ReadAction\",\"target\":[\"https:\/\/elpatronvintage.com\/it\/informativa-sulla-privacy\/\"]}]},{\"@type\":\"BreadcrumbList\",\"@id\":\"https:\/\/elpatronvintage.com\/it\/informativa-sulla-privacy\/#breadcrumb\",\"itemListElement\":[{\"@type\":\"ListItem\",\"position\":1,\"name\":\"Portada\",\"item\":\"https:\/\/elpatronvintage.com\/\"},{\"@type\":\"ListItem\",\"position\":2,\"name\":\"Privacy Policy\"}]},{\"@type\":\"WebSite\",\"@id\":\"https:\/\/elpatronvintage.com\/#website\",\"url\":\"https:\/\/elpatronvintage.com\/\",\"name\":\"EL PATR\u00d3N VINTAGE WHOLESALE | Proveedores de ropa vintage\",\"description\":\"El Patr\u00f3n Vintage CLOTHING WHOLESALE\",\"publisher\":{\"@id\":\"https:\/\/elpatronvintage.com\/#organization\"},\"alternateName\":\"Ropa Vintage al Por Mayor\",\"potentialAction\":[{\"@type\":\"SearchAction\",\"target\":{\"@type\":\"EntryPoint\",\"urlTemplate\":\"https:\/\/elpatronvintage.com\/?s={search_term_string}\"},\"query-input\":{\"@type\":\"PropertyValueSpecification\",\"valueRequired\":true,\"valueName\":\"search_term_string\"}}],\"inLanguage\":\"en-GB\"},{\"@type\":\"Organization\",\"@id\":\"https:\/\/elpatronvintage.com\/#organization\",\"name\":\"EL PATR\u00d3N VINTAGE WHOLESALE | Proveedores de ropa vintage\",\"url\":\"https:\/\/elpatronvintage.com\/\",\"logo\":{\"@type\":\"ImageObject\",\"inLanguage\":\"en-GB\",\"@id\":\"https:\/\/elpatronvintage.com\/#\/schema\/logo\/image\/\",\"url\":\"http:\/\/elpatronvintage.com\/wp-content\/uploads\/2023\/01\/logo-web.webp\",\"contentUrl\":\"http:\/\/elpatronvintage.com\/wp-content\/uploads\/2023\/01\/logo-web.webp\",\"width\":961,\"height\":598,\"caption\":\"EL PATR\u00d3N VINTAGE WHOLESALE | Proveedores de ropa vintage\"},\"image\":{\"@id\":\"https:\/\/elpatronvintage.com\/#\/schema\/logo\/image\/\"}}]}<\/script>\n<!-- \/ Yoast SEO plugin. -->","yoast_head_json":{"title":"Privacy Policy - elpatronvintage.com","robots":{"index":"index","follow":"follow","max-snippet":"max-snippet:-1","max-image-preview":"max-image-preview:large","max-video-preview":"max-video-preview:-1"},"canonical":"https:\/\/elpatronvintage.com\/en\/privacy-policy\/","og_locale":"en_GB","og_type":"article","og_title":"Privacy Policy - elpatronvintage.com","og_description":"POL\u00cdTICA DE PRIVACIDAD Si est\u00e1s aqu\u00ed es porque te preocupa que cumplamos con la pol\u00edtica de privacidad yde protecci\u00f3n de datos en nuestra web y nuestro negocio. Regulaciones legales que cumple esta pol\u00edtica de privacidadEl patr\u00f3n vintage\u00a0ha adecuado esta web a las exigencias de: El RGPD (reglamento (UE) 2016\/679 del parlamento europeo y del consejo [&hellip;]","og_url":"https:\/\/elpatronvintage.com\/en\/privacy-policy\/","og_site_name":"elpatronvintage.com","article_modified_time":"2023-06-23T07:05:17+00:00","twitter_card":"summary_large_image","twitter_misc":{"Estimated reading time":"5 minutes"},"schema":{"@context":"https:\/\/schema.org","@graph":[{"@type":"WebPage","@id":"https:\/\/elpatronvintage.com\/it\/informativa-sulla-privacy\/","url":"https:\/\/elpatronvintage.com\/it\/informativa-sulla-privacy\/","name":"Privacy Policy - elpatronvintage.com","isPartOf":{"@id":"https:\/\/elpatronvintage.com\/#website"},"datePublished":"2022-06-20T09:56:55+00:00","dateModified":"2023-06-23T07:05:17+00:00","breadcrumb":{"@id":"https:\/\/elpatronvintage.com\/it\/informativa-sulla-privacy\/#breadcrumb"},"inLanguage":"en-GB","potentialAction":[{"@type":"ReadAction","target":["https:\/\/elpatronvintage.com\/it\/informativa-sulla-privacy\/"]}]},{"@type":"BreadcrumbList","@id":"https:\/\/elpatronvintage.com\/it\/informativa-sulla-privacy\/#breadcrumb","itemListElement":[{"@type":"ListItem","position":1,"name":"Portada","item":"https:\/\/elpatronvintage.com\/"},{"@type":"ListItem","position":2,"name":"Privacy Policy"}]},{"@type":"WebSite","@id":"https:\/\/elpatronvintage.com\/#website","url":"https:\/\/elpatronvintage.com\/","name":"THE WHOLESALE VINTAGE PATTERN | Vintage clothing suppliers","description":"The CLOTHING WHOLESALE Vintage Pattern","publisher":{"@id":"https:\/\/elpatronvintage.com\/#organization"},"alternateName":"Ropa Vintage al Por Mayor","potentialAction":[{"@type":"SearchAction","target":{"@type":"EntryPoint","urlTemplate":"https:\/\/elpatronvintage.com\/?s={search_term_string}"},"query-input":{"@type":"PropertyValueSpecification","valueRequired":true,"valueName":"search_term_string"}}],"inLanguage":"en-GB"},{"@type":"Organization","@id":"https:\/\/elpatronvintage.com\/#organization","name":"THE WHOLESALE VINTAGE PATTERN | Vintage clothing suppliers","url":"https:\/\/elpatronvintage.com\/","logo":{"@type":"ImageObject","inLanguage":"en-GB","@id":"https:\/\/elpatronvintage.com\/#\/schema\/logo\/image\/","url":"http:\/\/elpatronvintage.com\/wp-content\/uploads\/2023\/01\/logo-web.webp","contentUrl":"http:\/\/elpatronvintage.com\/wp-content\/uploads\/2023\/01\/logo-web.webp","width":961,"height":598,"caption":"EL PATR\u00d3N VINTAGE WHOLESALE | Proveedores de ropa vintage"},"image":{"@id":"https:\/\/elpatronvintage.com\/#\/schema\/logo\/image\/"}}]}},"_links":{"self":[{"href":"http:\/\/elpatronvintage.com\/en\/wp-json\/wp\/v2\/pages\/3","targetHints":{"allow":["GET"]}}],"collection":[{"href":"http:\/\/elpatronvintage.com\/en\/wp-json\/wp\/v2\/pages"}],"about":[{"href":"http:\/\/elpatronvintage.com\/en\/wp-json\/wp\/v2\/types\/page"}],"author":[{"embeddable":true,"href":"http:\/\/elpatronvintage.com\/en\/wp-json\/wp\/v2\/users\/1"}],"replies":[{"embeddable":true,"href":"http:\/\/elpatronvintage.com\/en\/wp-json\/wp\/v2\/comments?post=3"}],"version-history":[{"count":5,"href":"http:\/\/elpatronvintage.com\/en\/wp-json\/wp\/v2\/pages\/3\/revisions"}],"predecessor-version":[{"id":4036,"href":"http:\/\/elpatronvintage.com\/en\/wp-json\/wp\/v2\/pages\/3\/revisions\/4036"}],"wp:attachment":[{"href":"http:\/\/elpatronvintage.com\/en\/wp-json\/wp\/v2\/media?parent=3"}],"curies":[{"name":"wp","href":"https:\/\/api.w.org\/{rel}","templated":true}]}}